{"id":92808,"date":"2023-02-18T13:29:15","date_gmt":"2023-02-18T12:29:15","guid":{"rendered":"https:\/\/swissraft.xyanzkdne.eu\/product\/lancio-con-il-paracadute-a-granges-salto-tandem-da-un-aereo-a-partire-da-chf-36500\/"},"modified":"2026-04-03T23:46:03","modified_gmt":"2026-04-03T21:46:03","slug":"paracadutismo-granges-salto-tandem-aereo","status":"publish","type":"product","link":"https:\/\/www.swissraft.ch\/it\/prodotto\/paracadutismo-granges-salto-tandem-aereo\/","title":{"rendered":"Paracadutismo a Granges &#8211; Salto tandem da un aereo &#8211; Da CHF 365.00"},"content":{"rendered":"\t\t<div data-elementor-type=\"wp-post\" data-elementor-id=\"92808\" class=\"elementor elementor-92808 elementor-30910\">\n\t\t\t\t\t\t\t\t\t<section class=\"elementor-section elementor-top-section elementor-element elementor-element-3303a7e3 elementor-section-boxed elementor-section-height-default elementor-section-height-default\" data-id=\"3303a7e3\" data-element_type=\"section\">\n\t\t\t\t\t\t<div class=\"elementor-container elementor-column-gap-default\">\n\t\t\t\t\t<div class=\"elementor-column elementor-col-100 elementor-top-column elementor-element elementor-element-16d72dbf\" data-id=\"16d72dbf\" data-element_type=\"column\">\n\t\t\t<div class=\"elementor-widget-wrap elementor-element-populated\">\n\t\t\t\t\t\t\t\t<div class=\"elementor-element elementor-element-d743c03 elementor-widget elementor-widget-text-editor\" data-id=\"d743c03\" data-element_type=\"widget\" data-widget_type=\"text-editor.default\">\n\t\t\t\t<div class=\"elementor-widget-container\">\n\t\t\t\t\t\t\t<h2>SCEGLI LA TUA ATTIVIT\u00c0 QUI SOTTO PER OFFRIRE BUONI REGALO\/BIGLIETTI O EFFETTUARE UNA PRENOTAZIONE<\/h2><table border=\"0\" width=\"580\" cellspacing=\"10\" cellpadding=\"10\"><tbody><tr><td width=\"50%\"><strong>1) LANCIO IN TANDEM CON PARACADUTE &#8211; GRANGES &#8211; SETTIMANA<\/strong><\/td><td><strong>CHF 365.00 a persona<span class=\"productPrice\"><br \/><\/span><\/strong><\/td><\/tr><tr><td>Informazioni aggiuntive<\/td><td><span class=\"patt\">&#8211;<span class=\"plbl\"> Scarpe sportive senza ganci<br \/><\/span>&#8211;<span class=\"plbl\"> Non essere a digiuno<br \/><\/span>&#8211;<span class=\"plbl\"> Non essere sotto l&#8217;effetto di alcol o altre sostanze<br \/><\/span>&#8211;<span class=\"plbl\"> Autorizzazione dei genitori per i minori<br \/><\/span>&#8211; Un accompagnatore per volo possibile su richiesta : <strong>CHF 70.00<\/strong><\/span><\/td><\/tr><tr><td>Orari<\/td><td>Al momento della prenotazione, dovrai scegliere l&#8217;ora del giorno in cui effettuare la prenotazione<\/td><\/tr><tr><td>Durata della caduta libera<\/td><td>circa 45 secondi<\/td><\/tr><tr><td>Durata totale<\/td><td>circa 4 ore<\/td><\/tr><tr><td>Aerodromo<\/td><td><a href=\"https:\/\/www.google.com\/maps\/place\/47%C2%B010'58.4%22N+7%C2%B024'43.9%22E\/@47.1830642,7.4032848,1534m\/data=!3m1!1e3!4m4!3m3!8m2!3d47.1828889!4d7.4121944?entry=ttu\" target=\"_blank\" rel=\"noopener\">Granges<\/a><\/td><\/tr><tr><td><button class=\"elementor-button\" type=\"button\"><a href=\"https:\/\/swissraft.outdoorbooking.ch\/fo\/products\/149?base_id=40&amp;category_id=5&amp;order_type=gift_voucher&amp;lang=it\" target=\"_blank\" rel=\"noopener\">ACQUISTO BUONO REGALO \/ BIGLIETTO<\/a><\/button><\/td><td><a href=\"https:\/\/swissraft.outdoorbooking.ch\/fo\/products\/149?base_id=40&amp;category_id=5&amp;order_type=event&amp;lang=it\" target=\"_blank\" rel=\"noopener\">PRENOTA LA DATA DEL SALTO<\/a>\u00a0 <strong>CHF 365.00<\/strong>\/pers.<\/td><\/tr><tr><td><button class=\"elementor-button\" type=\"button\"><a href=\"https:\/\/swissraft.outdoorbooking.ch\/fo\/products\/261?base_id=40&amp;category_id=5&amp;order_type=gift_voucher&amp;lang=it\" target=\"_blank\" rel=\"noopener\">ACQUISTO BUONO REGALO \/ BIGLIETTO<\/a><\/button><\/td><td><a href=\"https:\/\/swissraft.outdoorbooking.ch\/fo\/products\/261?base_id=40&amp;category_id=5&amp;order_type=event&amp;lang=it\" target=\"_blank\" rel=\"noopener\">PRENOTA LA DATA DEL SALTO<\/a>\u00a0 <strong>CHF 515.00<\/strong>\/pers. con video<\/td><\/tr><\/tbody><\/table><table border=\"0\" width=\"580\" cellspacing=\"10\" cellpadding=\"10\"><tbody><tr><td width=\"50%\"><strong>2) LANCIO IN TANDEM CON PARACADUTE &#8211; GRANGES &#8211; WEEKEND E VACANZE<\/strong><\/td><td><strong>CHF 395.00 a persona<span class=\"productPrice\"><br \/><\/span><\/strong><\/td><\/tr><tr><td>Informazioni aggiuntive<\/td><td><span class=\"patt\"><span class=\"plbl\">&#8211; Scarpe sportive senza ganci<br \/>&#8211; Non digiunare<br \/>&#8211; Non essere sotto l&#8217;effetto di alcol o altre sostanze<br \/>&#8211; Autorizzazione dei genitori per i minori<br \/>&#8211; Prezzo giovani <strong>CHF 365.00<\/strong>\/pers. fino a 20 anni<br \/><\/span>&#8211; Un accompagnatore per volo disponibile su richiesta: <strong>CHF 70.00<\/strong><\/span><\/td><\/tr><tr><td>Orari<\/td><td>Al momento della prenotazione, dovrai scegliere l&#8217;ora del giorno in cui effettuare la prenotazione<\/td><\/tr><tr><td>Durata della caduta libera<\/td><td>circa 45 secondi<\/td><\/tr><tr><td>Durata totale<\/td><td>circa 4 ore<\/td><\/tr><tr><td>Aerodromo<\/td><td><a href=\"https:\/\/www.google.com\/maps\/place\/47%C2%B010'58.4%22N+7%C2%B024'43.9%22E\/@47.1830642,7.4032848,1534m\/data=!3m1!1e3!4m4!3m3!8m2!3d47.1828889!4d7.4121944?entry=ttu\" target=\"_blank\" rel=\"noopener\">Granges<\/a><\/td><\/tr><tr><td><button class=\"elementor-button\" type=\"button\"><a href=\"https:\/\/swissraft.outdoorbooking.ch\/fo\/products\/262?base_id=40&amp;category_id=5&amp;order_type=gift_voucher&amp;lang=it\" target=\"_blank\" rel=\"noopener\">ACQUISTO BUONO REGALO \/ BIGLIETTO<\/a><\/button><\/td><td><a href=\"https:\/\/swissraft.outdoorbooking.ch\/fo\/products\/262?base_id=40&amp;category_id=5&amp;order_type=event&amp;lang=it\" target=\"_blank\" rel=\"noopener\">PRENOTA WEEK-END E GIORNI FESTIVI<\/a>\u00a0 <strong>CHF 395.00<\/strong>\/pers.<\/td><\/tr><tr><td><button class=\"elementor-button\" type=\"button\"><a href=\"https:\/\/swissraft.outdoorbooking.ch\/fo\/products\/263?base_id=40&amp;category_id=5&amp;order_type=gift_voucher&amp;lang=it\" target=\"_blank\" rel=\"noopener\">ACQUISTO BUONO REGALO \/ BIGLIETTO<\/a><\/button><\/td><td><a href=\"https:\/\/swissraft.outdoorbooking.ch\/fo\/products\/263?base_id=40&amp;category_id=5&amp;order_type=event&amp;lang=it\" target=\"_blank\" rel=\"noopener\">PRENOTA WEEK-END E GIORNI FESTIVI<\/a>\u00a0 <strong>CHF 545.00<\/strong>\/pers. con video<\/td><\/tr><\/tbody><\/table><table border=\"0\" width=\"580\" cellspacing=\"10\" cellpadding=\"10\"><tbody><tr><td width=\"50%\"><strong>3) SALTO IN SOLITARIA CON CADUTA LIBERA AFF &#8211; GRANGES<\/strong><\/td><td><strong>CHF 495.00 a persona<span class=\"productPrice\"><br \/><\/span><\/strong><\/td><\/tr><tr><td>Informazioni aggiuntive<\/td><td><span class=\"patt\">&#8211;<span class=\"plbl\"> Scarpe sportive senza ganci<br \/><\/span>&#8211;<span class=\"plbl\"> Non essere a digiuno<br \/><\/span>&#8211;<span class=\"plbl\"> Non essere sotto l&#8217;effetto di alcol o altre sostanze<br \/><\/span>&#8211;<span class=\"plbl\"> Autorizzazione dei genitori per i minori<br \/><\/span>&#8211;<span class=\"plbl\"> Altezza minima : 1m50<br \/><\/span>&#8211; Un accompagnatore per volo possibile su richiesta : CHF <strong>70.00<\/strong><\/span><\/td><\/tr><tr><td>Orari<\/td><td>Al momento della prenotazione, dovrai scegliere l&#8217;ora del giorno in cui effettuare la prenotazione<\/td><\/tr><tr><td>Durata della caduta libera<\/td><td>circa 45 secondi<\/td><\/tr><tr><td>Durata totale<\/td><td>1 giorno<\/td><\/tr><tr><td>Aerodromo<\/td><td><a href=\"https:\/\/www.google.com\/maps\/place\/47%C2%B010'58.4%22N+7%C2%B024'43.9%22E\/@47.1830642,7.4032848,1534m\/data=!3m1!1e3!4m4!3m3!8m2!3d47.1828889!4d7.4121944?entry=ttu\" target=\"_blank\" rel=\"noopener\">Granges<\/a><\/td><\/tr><tr><td><button class=\"elementor-button\" type=\"button\"><a href=\"https:\/\/swissraft.outdoorbooking.ch\/fo\/products\/1322?base_id=40&amp;category_id=5&amp;order_type=gift_voucher&amp;lang=it\" target=\"_blank\" rel=\"noopener\">ACQUISTO BUONO REGALO \/ BIGLIETTO<\/a><\/button><\/td><td><a href=\"https:\/\/swissraft.outdoorbooking.ch\/fo\/products\/1322?base_id=40&amp;category_id=5&amp;order_type=event&amp;lang=it\" target=\"_blank\" rel=\"noopener\">PRENOTA LA DATA DEL SALTO<\/a>\u00a0 <strong>CHF 495.00<\/strong>\/pers. Caduta libera AFF<\/td><\/tr><tr><td><button class=\"elementor-button\" type=\"button\"><a href=\"https:\/\/swissraft.outdoorbooking.ch\/fo\/products\/1321?base_id=40&amp;category_id=5&amp;order_type=gift_voucher&amp;lang=it\" target=\"_blank\" rel=\"noopener\">ACQUISTO BUONO REGALO \/ BIGLIETTO<\/a><\/button><\/td><td><a href=\"https:\/\/swissraft.outdoorbooking.ch\/fo\/products\/1321?base_id=40&amp;category_id=5&amp;order_type=event&amp;lang=it\" target=\"_blank\" rel=\"noopener\">PRENOTA LA DATA DEL SALTO<\/a>\u00a0 <strong>CHF 645.00<\/strong>\/pers. Caduta libera AFF con video<\/td><\/tr><\/tbody><\/table>\t\t\t\t\t\t<\/div>\n\t\t\t\t<\/div>\n\t\t\t\t\t<\/div>\n\t\t<\/div>\n\t\t\t\t\t\t\t<\/div>\n\t\t<\/section>\n\t\t\t\t\t\t\t<\/div>\n\t\t","protected":false},"excerpt":{"rendered":"<div align=\"justify\">\n<h2 align=\"justify\">Fai un lancio con il paracadute in tandem all&#8217;aeroporto di Grenchen, nel Canton Soletta<\/h2>\n<h3>\u00c8 un&#8217;esperienza che vorrai assolutamente provare. \u00c8 un&#8217;occasione per superare i tuoi limiti e le tue paure.<\/h3>\n<\/div>\n<div align=\"justify\">\n<p>Per prima cosa sarai accolto da un istruttore-pilota nella nostra dropzone all&#8217;aeroporto di Granges. Poi ti prepari sotto l&#8217;occhio vigile del tuo istruttore. Fai alcuni esercizi per il corpo; posiziona la testa e le braccia durante la caduta libera. In secondo luogo, devi avere degli occhiali protettivi, un casco e possibilmente una tuta. Poi arriva il momento in cui ti imbarchi sull&#8217;aereo con un po&#8217; di apprensione. Non preoccuparti, il tuo istruttore-pilota ha migliaia di salti all&#8217;attivo.<br \/>\nInoltre, durante l&#8217;ascesa, che dura circa 20 minuti, puoi goderti la splendida vista dall&#8217;aereo. La pressione cala e ti rilassi un po&#8217;. Il pilota dell&#8217;aereo ad un&#8217;altitudine di 4000 m d\u00e0 il GO! Sei davanti al tuo pilota e ti stai avvicinando alla porta di uscita. Un ultimo controllo e partiamo a quasi 200 km\/h in caduta libera. Dopo circa 45 secondi, il tuo pilota apre il paracadute e all&#8217;improvviso c&#8217;\u00e8 il silenzio, il rumore del vento che svanisce. Scendi senza problemi e atterri dolcemente dopo pochi minuti. Ricordati di immortalare il tuo paracadutismo in tandem ordinando un video quando prenoti online sul nostro sito. Inoltre, se vuoi fare skydiving da solo, puoi farlo con noi. Questo si chiama salto AFF e richiede un giorno di preparazione. Salti accompagnato da 2 istruttori che ti seguiranno per tutta la durata della caduta libera. Non appena il paracadute si apre dopo circa 45 secondi, continui la discesa da solo. Sei in contatto radio con un istruttore a terra che ti guider\u00e0 fino all&#8217;atterraggio. Per i meno avventurosi, abbiamo simulatori di caduta libera a Sion e Winterthur. Le sensazioni che si provano sono esattamente le stesse di una vera caduta libera.<\/p>\n<h3>Offriamo una serie di dropzone in Svizzera da diversi campi di volo, oltre che in Germania vicino a Basilea.<\/h3>\n<p id=\"textarea\" style=\"display: none;\">\nEffettuiamo lanci in tandem dagli aeroporti di Interlaken e Reichenbach nell&#8217;Oberland Bernese. Facciamo paracadutismo anche dagli aeroporti di Berom\u00fcnster e Triengen, nel cantone di Lucerna. Effettuiamo anche lanci in tandem con il paracadute presso gli aeroporti di \u00c9cuvillens e \u00c9pagny, nel cantone di Friburgo. Abbiamo anche una dropzone all&#8217;aeroporto di Colombier, nel cantone di Neuch\u00e2tel. Lo stesso vale per l&#8217;aerodromo di Bex, nel cantone di Vaud. Effettuiamo anche lanci in tandem in Vallese presso l&#8217;aeroporto di Sion e l&#8217;aeroporto di Rarogne. Abbiamo anche una dropzone in Turgovia, presso l&#8217;aeroporto di Sitterdorf. Ma facciamo anche lanci in tandem dall&#8217;aerodromo di Locarno. Infine, in Germania, vicino a Basilea, ci siamo paracadutati dall&#8217;aerodromo di Rottweil, dove avevamo una dropzone.\n<\/p>\n<p><a id=\"seeMore\" onclick=\"toggleSeeMore()\" href=\"javascript:void(0);\">Leggi tutto<\/a><\/p>\n","protected":false},"featured_media":87812,"comment_status":"open","ping_status":"closed","template":"","meta":{"inline_featured_image":false,"_mi_skip_tracking":false},"product_cat":[432],"product_tag":[],"class_list":["post-92808","product","type-product","status-publish","has-post-thumbnail","hentry","product_cat-lancio-con-paracadute-in-tandem"],"yoast_head":"<!-- This site is optimized with the Yoast SEO plugin v23.6 - https:\/\/yoast.com\/wordpress\/plugins\/seo\/ -->\n<title>Paracadutismo a Granges. Caduta libera di 45 secondi.<\/title>\n<meta name=\"description\" content=\"Paracadutismo a Granges. Insieme al tuo pilota, salti a 4000 m di altezza e ti lanci in caduta libera per 45 secondi a quasi 200 km\/h.\" \/>\n<meta name=\"robots\" content=\"index, follow, max-snippet:-1, max-image-preview:large, max-video-preview:-1\" \/>\n<link rel=\"canonical\" href=\"https:\/\/www.swissraft.ch\/it\/prodotto\/paracadutismo-granges-salto-tandem-aereo\/\" \/>\n<meta property=\"og:locale\" content=\"it_IT\" \/>\n<meta property=\"og:type\" content=\"article\" \/>\n<meta property=\"og:title\" content=\"Paracadutismo a Granges. Caduta libera di 45 secondi.\" \/>\n<meta property=\"og:description\" content=\"Paracadutismo a Granges. Insieme al tuo pilota, salti a 4000 m di altezza e ti lanci in caduta libera per 45 secondi a quasi 200 km\/h.\" \/>\n<meta property=\"og:url\" content=\"https:\/\/www.swissraft.ch\/it\/prodotto\/paracadutismo-granges-salto-tandem-aereo\/\" \/>\n<meta property=\"og:site_name\" content=\"Swissraft\" \/>\n<meta property=\"article:modified_time\" content=\"2026-04-03T21:46:03+00:00\" \/>\n<meta property=\"og:image\" content=\"https:\/\/www.swissraft.ch\/wp-content\/uploads\/2023\/02\/1-GRENCHEN-776x776-1.jpg\" \/>\n\t<meta property=\"og:image:width\" content=\"776\" \/>\n\t<meta property=\"og:image:height\" content=\"776\" \/>\n\t<meta property=\"og:image:type\" content=\"image\/jpeg\" \/>\n<meta name=\"twitter:card\" content=\"summary_large_image\" \/>\n<meta name=\"twitter:label1\" content=\"Tempo di lettura stimato\" \/>\n\t<meta name=\"twitter:data1\" content=\"2 minuti\" \/>\n<script type=\"application\/ld+json\" class=\"yoast-schema-graph\">{\"@context\":\"https:\/\/schema.org\",\"@graph\":[{\"@type\":\"WebPage\",\"@id\":\"https:\/\/www.swissraft.ch\/it\/prodotto\/paracadutismo-granges-salto-tandem-aereo\/\",\"url\":\"https:\/\/www.swissraft.ch\/it\/prodotto\/paracadutismo-granges-salto-tandem-aereo\/\",\"name\":\"Paracadutismo a Granges. Caduta libera di 45 secondi.\",\"isPartOf\":{\"@id\":\"https:\/\/www.swissraft.ch\/it\/#website\"},\"primaryImageOfPage\":{\"@id\":\"https:\/\/www.swissraft.ch\/it\/prodotto\/paracadutismo-granges-salto-tandem-aereo\/#primaryimage\"},\"image\":{\"@id\":\"https:\/\/www.swissraft.ch\/it\/prodotto\/paracadutismo-granges-salto-tandem-aereo\/#primaryimage\"},\"thumbnailUrl\":\"https:\/\/www.swissraft.ch\/wp-content\/uploads\/2023\/02\/1-GRENCHEN-776x776-1.jpg\",\"datePublished\":\"2023-02-18T12:29:15+00:00\",\"dateModified\":\"2026-04-03T21:46:03+00:00\",\"description\":\"Paracadutismo a Granges. Insieme al tuo pilota, salti a 4000 m di altezza e ti lanci in caduta libera per 45 secondi a quasi 200 km\/h.\",\"breadcrumb\":{\"@id\":\"https:\/\/www.swissraft.ch\/it\/prodotto\/paracadutismo-granges-salto-tandem-aereo\/#breadcrumb\"},\"inLanguage\":\"it-IT\",\"potentialAction\":[{\"@type\":\"ReadAction\",\"target\":[\"https:\/\/www.swissraft.ch\/it\/prodotto\/paracadutismo-granges-salto-tandem-aereo\/\"]}]},{\"@type\":\"ImageObject\",\"inLanguage\":\"it-IT\",\"@id\":\"https:\/\/www.swissraft.ch\/it\/prodotto\/paracadutismo-granges-salto-tandem-aereo\/#primaryimage\",\"url\":\"https:\/\/www.swissraft.ch\/wp-content\/uploads\/2023\/02\/1-GRENCHEN-776x776-1.jpg\",\"contentUrl\":\"https:\/\/www.swissraft.ch\/wp-content\/uploads\/2023\/02\/1-GRENCHEN-776x776-1.jpg\",\"width\":776,\"height\":776,\"caption\":\"Paracadutismo a Granges\"},{\"@type\":\"BreadcrumbList\",\"@id\":\"https:\/\/www.swissraft.ch\/it\/prodotto\/paracadutismo-granges-salto-tandem-aereo\/#breadcrumb\",\"itemListElement\":[{\"@type\":\"ListItem\",\"position\":1,\"name\":\"Accueil\",\"item\":\"https:\/\/www.swissraft.ch\/it\/\"},{\"@type\":\"ListItem\",\"position\":2,\"name\":\"Negozio\",\"item\":\"https:\/\/www.swissraft.ch\/it\/negozio\/\"},{\"@type\":\"ListItem\",\"position\":3,\"name\":\"Paracadutismo a Granges &#8211; Salto tandem da un aereo &#8211; Da CHF 365.00\"}]},{\"@type\":\"WebSite\",\"@id\":\"https:\/\/www.swissraft.ch\/it\/#website\",\"url\":\"https:\/\/www.swissraft.ch\/it\/\",\"name\":\"Swissraft\",\"description\":\"To enjoy nature as it is\",\"publisher\":{\"@id\":\"https:\/\/www.swissraft.ch\/it\/#organization\"},\"potentialAction\":[{\"@type\":\"SearchAction\",\"target\":{\"@type\":\"EntryPoint\",\"urlTemplate\":\"https:\/\/www.swissraft.ch\/it\/?s={search_term_string}\"},\"query-input\":{\"@type\":\"PropertyValueSpecification\",\"valueRequired\":true,\"valueName\":\"search_term_string\"}}],\"inLanguage\":\"it-IT\"},{\"@type\":\"Organization\",\"@id\":\"https:\/\/www.swissraft.ch\/it\/#organization\",\"name\":\"Swissraft\",\"url\":\"https:\/\/www.swissraft.ch\/it\/\",\"logo\":{\"@type\":\"ImageObject\",\"inLanguage\":\"it-IT\",\"@id\":\"https:\/\/www.swissraft.ch\/it\/#\/schema\/logo\/image\/\",\"url\":\"https:\/\/www.swissraft.ch\/wp-content\/uploads\/2025\/09\/Capture.jpg\",\"contentUrl\":\"https:\/\/www.swissraft.ch\/wp-content\/uploads\/2025\/09\/Capture.jpg\",\"width\":293,\"height\":108,\"caption\":\"Swissraft\"},\"image\":{\"@id\":\"https:\/\/www.swissraft.ch\/it\/#\/schema\/logo\/image\/\"}}]}<\/script>\n<!-- \/ Yoast SEO plugin. -->","yoast_head_json":{"title":"Paracadutismo a Granges. Caduta libera di 45 secondi.","description":"Paracadutismo a Granges. Insieme al tuo pilota, salti a 4000 m di altezza e ti lanci in caduta libera per 45 secondi a quasi 200 km\/h.","robots":{"index":"index","follow":"follow","max-snippet":"max-snippet:-1","max-image-preview":"max-image-preview:large","max-video-preview":"max-video-preview:-1"},"canonical":"https:\/\/www.swissraft.ch\/it\/prodotto\/paracadutismo-granges-salto-tandem-aereo\/","og_locale":"it_IT","og_type":"article","og_title":"Paracadutismo a Granges. Caduta libera di 45 secondi.","og_description":"Paracadutismo a Granges. Insieme al tuo pilota, salti a 4000 m di altezza e ti lanci in caduta libera per 45 secondi a quasi 200 km\/h.","og_url":"https:\/\/www.swissraft.ch\/it\/prodotto\/paracadutismo-granges-salto-tandem-aereo\/","og_site_name":"Swissraft","article_modified_time":"2026-04-03T21:46:03+00:00","og_image":[{"width":776,"height":776,"url":"https:\/\/www.swissraft.ch\/wp-content\/uploads\/2023\/02\/1-GRENCHEN-776x776-1.jpg","type":"image\/jpeg"}],"twitter_card":"summary_large_image","twitter_misc":{"Tempo di lettura stimato":"2 minuti"},"schema":{"@context":"https:\/\/schema.org","@graph":[{"@type":"WebPage","@id":"https:\/\/www.swissraft.ch\/it\/prodotto\/paracadutismo-granges-salto-tandem-aereo\/","url":"https:\/\/www.swissraft.ch\/it\/prodotto\/paracadutismo-granges-salto-tandem-aereo\/","name":"Paracadutismo a Granges. Caduta libera di 45 secondi.","isPartOf":{"@id":"https:\/\/www.swissraft.ch\/it\/#website"},"primaryImageOfPage":{"@id":"https:\/\/www.swissraft.ch\/it\/prodotto\/paracadutismo-granges-salto-tandem-aereo\/#primaryimage"},"image":{"@id":"https:\/\/www.swissraft.ch\/it\/prodotto\/paracadutismo-granges-salto-tandem-aereo\/#primaryimage"},"thumbnailUrl":"https:\/\/www.swissraft.ch\/wp-content\/uploads\/2023\/02\/1-GRENCHEN-776x776-1.jpg","datePublished":"2023-02-18T12:29:15+00:00","dateModified":"2026-04-03T21:46:03+00:00","description":"Paracadutismo a Granges. Insieme al tuo pilota, salti a 4000 m di altezza e ti lanci in caduta libera per 45 secondi a quasi 200 km\/h.","breadcrumb":{"@id":"https:\/\/www.swissraft.ch\/it\/prodotto\/paracadutismo-granges-salto-tandem-aereo\/#breadcrumb"},"inLanguage":"it-IT","potentialAction":[{"@type":"ReadAction","target":["https:\/\/www.swissraft.ch\/it\/prodotto\/paracadutismo-granges-salto-tandem-aereo\/"]}]},{"@type":"ImageObject","inLanguage":"it-IT","@id":"https:\/\/www.swissraft.ch\/it\/prodotto\/paracadutismo-granges-salto-tandem-aereo\/#primaryimage","url":"https:\/\/www.swissraft.ch\/wp-content\/uploads\/2023\/02\/1-GRENCHEN-776x776-1.jpg","contentUrl":"https:\/\/www.swissraft.ch\/wp-content\/uploads\/2023\/02\/1-GRENCHEN-776x776-1.jpg","width":776,"height":776,"caption":"Paracadutismo a Granges"},{"@type":"BreadcrumbList","@id":"https:\/\/www.swissraft.ch\/it\/prodotto\/paracadutismo-granges-salto-tandem-aereo\/#breadcrumb","itemListElement":[{"@type":"ListItem","position":1,"name":"Accueil","item":"https:\/\/www.swissraft.ch\/it\/"},{"@type":"ListItem","position":2,"name":"Negozio","item":"https:\/\/www.swissraft.ch\/it\/negozio\/"},{"@type":"ListItem","position":3,"name":"Paracadutismo a Granges &#8211; Salto tandem da un aereo &#8211; Da CHF 365.00"}]},{"@type":"WebSite","@id":"https:\/\/www.swissraft.ch\/it\/#website","url":"https:\/\/www.swissraft.ch\/it\/","name":"Swissraft","description":"To enjoy nature as it is","publisher":{"@id":"https:\/\/www.swissraft.ch\/it\/#organization"},"potentialAction":[{"@type":"SearchAction","target":{"@type":"EntryPoint","urlTemplate":"https:\/\/www.swissraft.ch\/it\/?s={search_term_string}"},"query-input":{"@type":"PropertyValueSpecification","valueRequired":true,"valueName":"search_term_string"}}],"inLanguage":"it-IT"},{"@type":"Organization","@id":"https:\/\/www.swissraft.ch\/it\/#organization","name":"Swissraft","url":"https:\/\/www.swissraft.ch\/it\/","logo":{"@type":"ImageObject","inLanguage":"it-IT","@id":"https:\/\/www.swissraft.ch\/it\/#\/schema\/logo\/image\/","url":"https:\/\/www.swissraft.ch\/wp-content\/uploads\/2025\/09\/Capture.jpg","contentUrl":"https:\/\/www.swissraft.ch\/wp-content\/uploads\/2025\/09\/Capture.jpg","width":293,"height":108,"caption":"Swissraft"},"image":{"@id":"https:\/\/www.swissraft.ch\/it\/#\/schema\/logo\/image\/"}}]}},"_links":{"self":[{"href":"https:\/\/www.swissraft.ch\/it\/wp-json\/wp\/v2\/product\/92808","targetHints":{"allow":["GET"]}}],"collection":[{"href":"https:\/\/www.swissraft.ch\/it\/wp-json\/wp\/v2\/product"}],"about":[{"href":"https:\/\/www.swissraft.ch\/it\/wp-json\/wp\/v2\/types\/product"}],"replies":[{"embeddable":true,"href":"https:\/\/www.swissraft.ch\/it\/wp-json\/wp\/v2\/comments?post=92808"}],"version-history":[{"count":46,"href":"https:\/\/www.swissraft.ch\/it\/wp-json\/wp\/v2\/product\/92808\/revisions"}],"predecessor-version":[{"id":136375,"href":"https:\/\/www.swissraft.ch\/it\/wp-json\/wp\/v2\/product\/92808\/revisions\/136375"}],"wp:featuredmedia":[{"embeddable":true,"href":"https:\/\/www.swissraft.ch\/it\/wp-json\/wp\/v2\/media\/87812"}],"wp:attachment":[{"href":"https:\/\/www.swissraft.ch\/it\/wp-json\/wp\/v2\/media?parent=92808"}],"wp:term":[{"taxonomy":"product_cat","embeddable":true,"href":"https:\/\/www.swissraft.ch\/it\/wp-json\/wp\/v2\/product_cat?post=92808"},{"taxonomy":"product_tag","embeddable":true,"href":"https:\/\/www.swissraft.ch\/it\/wp-json\/wp\/v2\/product_tag?post=92808"}],"curies":[{"name":"wp","href":"https:\/\/api.w.org\/{rel}","templated":true}]}}