{"id":92804,"date":"2023-02-18T22:27:56","date_gmt":"2023-02-18T21:27:56","guid":{"rendered":"https:\/\/swissraft.xyanzkdne.eu\/product\/rafting-in-valais-la-viege-e-le-rhone-stalden-viege-souste-sierre-da-chf-168-00\/"},"modified":"2026-04-09T22:49:28","modified_gmt":"2026-04-09T20:49:28","slug":"rafting-vispa-rodano-vallese-stalden-viege-souste-sierre","status":"publish","type":"product","link":"https:\/\/www.swissraft.ch\/it\/prodotto\/rafting-vispa-rodano-vallese-stalden-viege-souste-sierre\/","title":{"rendered":"Rafting in Vallese &#8211; La Vispa e il Rodano &#8211; Stalden-Vi\u00e8ge &#8211; Susten-Sierre &#8211; Da CHF 168.00"},"content":{"rendered":"\t\t<div data-elementor-type=\"wp-post\" data-elementor-id=\"92804\" class=\"elementor elementor-92804 elementor-31027\">\n\t\t\t\t\t\t\t\t\t<section class=\"elementor-section elementor-top-section elementor-element elementor-element-3303a7e3 elementor-section-boxed elementor-section-height-default elementor-section-height-default\" data-id=\"3303a7e3\" data-element_type=\"section\">\n\t\t\t\t\t\t<div class=\"elementor-container elementor-column-gap-default\">\n\t\t\t\t\t<div class=\"elementor-column elementor-col-100 elementor-top-column elementor-element elementor-element-16d72dbf\" data-id=\"16d72dbf\" data-element_type=\"column\">\n\t\t\t<div class=\"elementor-widget-wrap elementor-element-populated\">\n\t\t\t\t\t\t\t\t<div class=\"elementor-element elementor-element-d743c03 elementor-widget elementor-widget-text-editor\" data-id=\"d743c03\" data-element_type=\"widget\" data-widget_type=\"text-editor.default\">\n\t\t\t\t<div class=\"elementor-widget-container\">\n\t\t\t\t\t\t\t<h2>SCEGLI LA TUA ATTIVIT\u00c0 QUI SOTTO PER OFFRIRE BUONI REGALO\/BIGLIETTI O EFFETTUARE UNA PRENOTAZIONE<\/h2><table border=\"0\" width=\"580\" cellspacing=\"10\" cellpadding=\"10\"><tbody><tr><td width=\"50%\"><strong>RAFTING &#8211; VISPA + RODANO &#8211; Giornata + BBQ<\/strong><\/td><td><strong>CHF 210.00 a persona<span class=\"productPrice\"><br \/><\/span><\/strong><\/td><\/tr><tr><td>Informazioni aggiuntive<\/td><td><span class=\"plbl\">&#8211; <\/span><span class=\"patt\">A partire da 10 pers. 10% :<strong> CHF 189.00<\/strong>\/pers.<br \/>&#8211; A partire da 21 pers. 20% : <strong>CHF 168.00<\/strong>\/pers.<br \/><\/span><span class=\"patt\">&#8211; Et\u00e0 minima : 12 anni<\/span><\/td><\/tr><tr><td>Percorso<\/td><td><strong>Stalden-Viege<\/strong><br \/><strong>Susten-Sierre<\/strong><\/td><\/tr><tr><td>Orari<\/td><td>10h00<\/td><\/tr><tr><td>Rafting<\/td><td>circa 3 ore<\/td><\/tr><tr><td>Durata totale<\/td><td>circa 7 ore<\/td><\/tr><tr><td>Rendez-vous<\/td><td><a href=\"https:\/\/www.google.com\/maps\/place\/46%C2%B017'36.8%22N+7%C2%B033'29.6%22E\/@46.2936185,7.5540487,780m\/data=!3m1!1e3!4m4!3m3!8m2!3d46.2935556!4d7.5582222?entry=ttu\" target=\"_blank\" rel=\"noopener\">Sierre<\/a><\/td><\/tr><tr><td>Difficolt\u00e0<\/td><td>2-3+<\/td><\/tr><tr><td><button class=\"elementor-button\" type=\"button\"><a href=\"https:\/\/swissraft.outdoorbooking.ch\/fo\/products\/1243?base_id=82&amp;category_id=1&amp;order_type=gift_voucher&amp;lang=it\" target=\"_blank\" rel=\"noopener\">ACQUISTO BUONO REGALO<\/a><\/button><\/td><td style=\"text-align: left;\"><span style=\"color: #ff6600;\"><a style=\"color: #ff6600;\" href=\"https:\/\/swissraft.outdoorbooking.ch\/fo\/products\/1243?base_id=82&amp;category_id=1&amp;order_type=event&amp;lang=it\" target=\"_blank\" rel=\"noopener\">PRENOTA UNA DATA<\/a><\/span><\/td><\/tr><\/tbody><\/table>\t\t\t\t\t\t<\/div>\n\t\t\t\t<\/div>\n\t\t\t\t\t<\/div>\n\t\t<\/div>\n\t\t\t\t\t\t\t<\/div>\n\t\t<\/section>\n\t\t\t\t\t\t\t<\/div>\n\t\t","protected":false},"excerpt":{"rendered":"<div align=\"justify\">\n<h2 align=\"justify\">Rafting sui fiumi Vispa e Rodano in Vallese<\/h2>\n<h3>Questi due percorsi sono pieni di sorprese, con rapide e onde enormi sul Rodano.<\/h3>\n<\/div>\n<div align=\"justify\">\n<p><strong>Rafting<\/strong> sul Vispa e sul Rodano in Vallese. La mattina inizieremo con una corsa di 8 km sul fiume Vispa, che ti metter\u00e0 in forma. D&#8217;altra parte, il Visp \u00e8 un fiume bellissimo e tumultuoso che offre una discesa movimentata. Inoltre, ci fermeremo per un barbecue in riva al fiume. Poi, nel pomeriggio, affronteremo il <strong>percorso<\/strong> del fiume Rodano tra La Souste e Sierre, con alcune grandi onde in programma.<\/p>\n<h3>Ci sono molte alternative a questi due fiumi in Svizzera e nella vicina Francia.<\/h3>\n<p id=\"textarea\" style=\"display: none;\">Sempre nel Vallese, Swissraft offre la possibilit\u00e0 di <strong>fare riverrafting<\/strong> sulla Dranse de Bagnes tra Voll\u00e8ges e Sembrancher. Facciamo anche <strong>rafting<\/strong> sulla Sarine da Saanen a Ch\u00e2teau d&#8217;Oex nel cantone di Vaud. Sempre nell&#8217;Oberland Bernese, navigheremo sui fiumi L\u00fctschine e Simme tra Boltigen e D\u00e4rstetten. Offriamo anche il riverrafting nei dintorni di Ginevra sulla Dranse in Alta Savoia a Thonon-les-Bains. Il <strong>riverrafting<\/strong> \u00e8 disponibile anche nelle Alpi francesi sull&#8217;Is\u00e8re e sul Doron de Bozel. Nei Grigioni, tra Ilanz e Reichenau, con il famoso Grand Canyon svizzero. E non dimenticare il <strong>rafting<\/strong> sulla &#8220;Regina dei fiumi&#8221; l&#8217;inn da Scuol a Pradella.<\/p>\n<p><a id=\"seeMore\"><\/a>Leggi tutto<\/p>\n<\/div>\n","protected":false},"featured_media":84767,"comment_status":"open","ping_status":"closed","template":"","meta":{"inline_featured_image":false,"_mi_skip_tracking":false},"product_cat":[255,534],"product_tag":[],"class_list":["post-92804","product","type-product","status-publish","has-post-thumbnail","hentry","product_cat-rafting-in-svizzera-e-dintorni","product_cat-rafting-in-vallese"],"yoast_head":"<!-- This site is optimized with the Yoast SEO plugin v23.6 - https:\/\/yoast.com\/wordpress\/plugins\/seo\/ -->\n<title>Rafting Vispa + Rodano in Vallese. Corsi eccezionali<\/title>\n<meta name=\"description\" content=\"Rafting Vispa + Rodano in Vallese. Gita mattutina sul Vispa. Pausa pranzo con barbecue in riva al fiume, seguita da un&#039;escursione pomeridiana sul Rodano.\" \/>\n<meta name=\"robots\" content=\"index, follow, max-snippet:-1, max-image-preview:large, max-video-preview:-1\" \/>\n<link rel=\"canonical\" href=\"https:\/\/www.swissraft.ch\/it\/prodotto\/rafting-vispa-rodano-vallese-stalden-viege-souste-sierre\/\" \/>\n<meta property=\"og:locale\" content=\"it_IT\" \/>\n<meta property=\"og:type\" content=\"article\" \/>\n<meta property=\"og:title\" content=\"Rafting Vispa + Rodano in Vallese. Corsi eccezionali\" \/>\n<meta property=\"og:description\" content=\"Rafting Vispa + Rodano in Vallese. Gita mattutina sul Vispa. Pausa pranzo con barbecue in riva al fiume, seguita da un&#039;escursione pomeridiana sul Rodano.\" \/>\n<meta property=\"og:url\" content=\"https:\/\/www.swissraft.ch\/it\/prodotto\/rafting-vispa-rodano-vallese-stalden-viege-souste-sierre\/\" \/>\n<meta property=\"og:site_name\" content=\"Swissraft\" \/>\n<meta property=\"article:modified_time\" content=\"2026-04-09T20:49:28+00:00\" \/>\n<meta property=\"og:image\" content=\"https:\/\/www.swissraft.ch\/wp-content\/uploads\/2023\/02\/1-1-Vispa-776x776-2.jpg\" \/>\n\t<meta property=\"og:image:width\" content=\"776\" \/>\n\t<meta property=\"og:image:height\" content=\"776\" \/>\n\t<meta property=\"og:image:type\" content=\"image\/jpeg\" \/>\n<meta name=\"twitter:card\" content=\"summary_large_image\" \/>\n<meta name=\"twitter:label1\" content=\"Tempo di lettura stimato\" \/>\n\t<meta name=\"twitter:data1\" content=\"1 minuto\" \/>\n<script type=\"application\/ld+json\" class=\"yoast-schema-graph\">{\"@context\":\"https:\/\/schema.org\",\"@graph\":[{\"@type\":\"WebPage\",\"@id\":\"https:\/\/www.swissraft.ch\/it\/prodotto\/rafting-vispa-rodano-vallese-stalden-viege-souste-sierre\/\",\"url\":\"https:\/\/www.swissraft.ch\/it\/prodotto\/rafting-vispa-rodano-vallese-stalden-viege-souste-sierre\/\",\"name\":\"Rafting Vispa + Rodano in Vallese. Corsi eccezionali\",\"isPartOf\":{\"@id\":\"https:\/\/www.swissraft.ch\/it\/#website\"},\"primaryImageOfPage\":{\"@id\":\"https:\/\/www.swissraft.ch\/it\/prodotto\/rafting-vispa-rodano-vallese-stalden-viege-souste-sierre\/#primaryimage\"},\"image\":{\"@id\":\"https:\/\/www.swissraft.ch\/it\/prodotto\/rafting-vispa-rodano-vallese-stalden-viege-souste-sierre\/#primaryimage\"},\"thumbnailUrl\":\"https:\/\/www.swissraft.ch\/wp-content\/uploads\/2023\/02\/1-1-Vispa-776x776-2.jpg\",\"datePublished\":\"2023-02-18T21:27:56+00:00\",\"dateModified\":\"2026-04-09T20:49:28+00:00\",\"description\":\"Rafting Vispa + Rodano in Vallese. Gita mattutina sul Vispa. Pausa pranzo con barbecue in riva al fiume, seguita da un'escursione pomeridiana sul Rodano.\",\"breadcrumb\":{\"@id\":\"https:\/\/www.swissraft.ch\/it\/prodotto\/rafting-vispa-rodano-vallese-stalden-viege-souste-sierre\/#breadcrumb\"},\"inLanguage\":\"it-IT\",\"potentialAction\":[{\"@type\":\"ReadAction\",\"target\":[\"https:\/\/www.swissraft.ch\/it\/prodotto\/rafting-vispa-rodano-vallese-stalden-viege-souste-sierre\/\"]}]},{\"@type\":\"ImageObject\",\"inLanguage\":\"it-IT\",\"@id\":\"https:\/\/www.swissraft.ch\/it\/prodotto\/rafting-vispa-rodano-vallese-stalden-viege-souste-sierre\/#primaryimage\",\"url\":\"https:\/\/www.swissraft.ch\/wp-content\/uploads\/2023\/02\/1-1-Vispa-776x776-2.jpg\",\"contentUrl\":\"https:\/\/www.swissraft.ch\/wp-content\/uploads\/2023\/02\/1-1-Vispa-776x776-2.jpg\",\"width\":776,\"height\":776,\"caption\":\"Rafting sui fiumi Visp e Rodano\"},{\"@type\":\"BreadcrumbList\",\"@id\":\"https:\/\/www.swissraft.ch\/it\/prodotto\/rafting-vispa-rodano-vallese-stalden-viege-souste-sierre\/#breadcrumb\",\"itemListElement\":[{\"@type\":\"ListItem\",\"position\":1,\"name\":\"Accueil\",\"item\":\"https:\/\/www.swissraft.ch\/it\/\"},{\"@type\":\"ListItem\",\"position\":2,\"name\":\"Negozio\",\"item\":\"https:\/\/www.swissraft.ch\/it\/negozio\/\"},{\"@type\":\"ListItem\",\"position\":3,\"name\":\"Rafting in Vallese &#8211; La Vispa e il Rodano &#8211; Stalden-Vi\u00e8ge &#8211; Susten-Sierre &#8211; Da CHF 168.00\"}]},{\"@type\":\"WebSite\",\"@id\":\"https:\/\/www.swissraft.ch\/it\/#website\",\"url\":\"https:\/\/www.swissraft.ch\/it\/\",\"name\":\"Swissraft\",\"description\":\"To enjoy nature as it is\",\"publisher\":{\"@id\":\"https:\/\/www.swissraft.ch\/it\/#organization\"},\"potentialAction\":[{\"@type\":\"SearchAction\",\"target\":{\"@type\":\"EntryPoint\",\"urlTemplate\":\"https:\/\/www.swissraft.ch\/it\/?s={search_term_string}\"},\"query-input\":{\"@type\":\"PropertyValueSpecification\",\"valueRequired\":true,\"valueName\":\"search_term_string\"}}],\"inLanguage\":\"it-IT\"},{\"@type\":\"Organization\",\"@id\":\"https:\/\/www.swissraft.ch\/it\/#organization\",\"name\":\"Swissraft\",\"url\":\"https:\/\/www.swissraft.ch\/it\/\",\"logo\":{\"@type\":\"ImageObject\",\"inLanguage\":\"it-IT\",\"@id\":\"https:\/\/www.swissraft.ch\/it\/#\/schema\/logo\/image\/\",\"url\":\"https:\/\/www.swissraft.ch\/wp-content\/uploads\/2025\/09\/Capture.jpg\",\"contentUrl\":\"https:\/\/www.swissraft.ch\/wp-content\/uploads\/2025\/09\/Capture.jpg\",\"width\":293,\"height\":108,\"caption\":\"Swissraft\"},\"image\":{\"@id\":\"https:\/\/www.swissraft.ch\/it\/#\/schema\/logo\/image\/\"}}]}<\/script>\n<!-- \/ Yoast SEO plugin. -->","yoast_head_json":{"title":"Rafting Vispa + Rodano in Vallese. Corsi eccezionali","description":"Rafting Vispa + Rodano in Vallese. Gita mattutina sul Vispa. Pausa pranzo con barbecue in riva al fiume, seguita da un'escursione pomeridiana sul Rodano.","robots":{"index":"index","follow":"follow","max-snippet":"max-snippet:-1","max-image-preview":"max-image-preview:large","max-video-preview":"max-video-preview:-1"},"canonical":"https:\/\/www.swissraft.ch\/it\/prodotto\/rafting-vispa-rodano-vallese-stalden-viege-souste-sierre\/","og_locale":"it_IT","og_type":"article","og_title":"Rafting Vispa + Rodano in Vallese. Corsi eccezionali","og_description":"Rafting Vispa + Rodano in Vallese. Gita mattutina sul Vispa. Pausa pranzo con barbecue in riva al fiume, seguita da un'escursione pomeridiana sul Rodano.","og_url":"https:\/\/www.swissraft.ch\/it\/prodotto\/rafting-vispa-rodano-vallese-stalden-viege-souste-sierre\/","og_site_name":"Swissraft","article_modified_time":"2026-04-09T20:49:28+00:00","og_image":[{"width":776,"height":776,"url":"https:\/\/www.swissraft.ch\/wp-content\/uploads\/2023\/02\/1-1-Vispa-776x776-2.jpg","type":"image\/jpeg"}],"twitter_card":"summary_large_image","twitter_misc":{"Tempo di lettura stimato":"1 minuto"},"schema":{"@context":"https:\/\/schema.org","@graph":[{"@type":"WebPage","@id":"https:\/\/www.swissraft.ch\/it\/prodotto\/rafting-vispa-rodano-vallese-stalden-viege-souste-sierre\/","url":"https:\/\/www.swissraft.ch\/it\/prodotto\/rafting-vispa-rodano-vallese-stalden-viege-souste-sierre\/","name":"Rafting Vispa + Rodano in Vallese. Corsi eccezionali","isPartOf":{"@id":"https:\/\/www.swissraft.ch\/it\/#website"},"primaryImageOfPage":{"@id":"https:\/\/www.swissraft.ch\/it\/prodotto\/rafting-vispa-rodano-vallese-stalden-viege-souste-sierre\/#primaryimage"},"image":{"@id":"https:\/\/www.swissraft.ch\/it\/prodotto\/rafting-vispa-rodano-vallese-stalden-viege-souste-sierre\/#primaryimage"},"thumbnailUrl":"https:\/\/www.swissraft.ch\/wp-content\/uploads\/2023\/02\/1-1-Vispa-776x776-2.jpg","datePublished":"2023-02-18T21:27:56+00:00","dateModified":"2026-04-09T20:49:28+00:00","description":"Rafting Vispa + Rodano in Vallese. Gita mattutina sul Vispa. Pausa pranzo con barbecue in riva al fiume, seguita da un'escursione pomeridiana sul Rodano.","breadcrumb":{"@id":"https:\/\/www.swissraft.ch\/it\/prodotto\/rafting-vispa-rodano-vallese-stalden-viege-souste-sierre\/#breadcrumb"},"inLanguage":"it-IT","potentialAction":[{"@type":"ReadAction","target":["https:\/\/www.swissraft.ch\/it\/prodotto\/rafting-vispa-rodano-vallese-stalden-viege-souste-sierre\/"]}]},{"@type":"ImageObject","inLanguage":"it-IT","@id":"https:\/\/www.swissraft.ch\/it\/prodotto\/rafting-vispa-rodano-vallese-stalden-viege-souste-sierre\/#primaryimage","url":"https:\/\/www.swissraft.ch\/wp-content\/uploads\/2023\/02\/1-1-Vispa-776x776-2.jpg","contentUrl":"https:\/\/www.swissraft.ch\/wp-content\/uploads\/2023\/02\/1-1-Vispa-776x776-2.jpg","width":776,"height":776,"caption":"Rafting sui fiumi Visp e Rodano"},{"@type":"BreadcrumbList","@id":"https:\/\/www.swissraft.ch\/it\/prodotto\/rafting-vispa-rodano-vallese-stalden-viege-souste-sierre\/#breadcrumb","itemListElement":[{"@type":"ListItem","position":1,"name":"Accueil","item":"https:\/\/www.swissraft.ch\/it\/"},{"@type":"ListItem","position":2,"name":"Negozio","item":"https:\/\/www.swissraft.ch\/it\/negozio\/"},{"@type":"ListItem","position":3,"name":"Rafting in Vallese &#8211; La Vispa e il Rodano &#8211; Stalden-Vi\u00e8ge &#8211; Susten-Sierre &#8211; Da CHF 168.00"}]},{"@type":"WebSite","@id":"https:\/\/www.swissraft.ch\/it\/#website","url":"https:\/\/www.swissraft.ch\/it\/","name":"Swissraft","description":"To enjoy nature as it is","publisher":{"@id":"https:\/\/www.swissraft.ch\/it\/#organization"},"potentialAction":[{"@type":"SearchAction","target":{"@type":"EntryPoint","urlTemplate":"https:\/\/www.swissraft.ch\/it\/?s={search_term_string}"},"query-input":{"@type":"PropertyValueSpecification","valueRequired":true,"valueName":"search_term_string"}}],"inLanguage":"it-IT"},{"@type":"Organization","@id":"https:\/\/www.swissraft.ch\/it\/#organization","name":"Swissraft","url":"https:\/\/www.swissraft.ch\/it\/","logo":{"@type":"ImageObject","inLanguage":"it-IT","@id":"https:\/\/www.swissraft.ch\/it\/#\/schema\/logo\/image\/","url":"https:\/\/www.swissraft.ch\/wp-content\/uploads\/2025\/09\/Capture.jpg","contentUrl":"https:\/\/www.swissraft.ch\/wp-content\/uploads\/2025\/09\/Capture.jpg","width":293,"height":108,"caption":"Swissraft"},"image":{"@id":"https:\/\/www.swissraft.ch\/it\/#\/schema\/logo\/image\/"}}]}},"_links":{"self":[{"href":"https:\/\/www.swissraft.ch\/it\/wp-json\/wp\/v2\/product\/92804","targetHints":{"allow":["GET"]}}],"collection":[{"href":"https:\/\/www.swissraft.ch\/it\/wp-json\/wp\/v2\/product"}],"about":[{"href":"https:\/\/www.swissraft.ch\/it\/wp-json\/wp\/v2\/types\/product"}],"replies":[{"embeddable":true,"href":"https:\/\/www.swissraft.ch\/it\/wp-json\/wp\/v2\/comments?post=92804"}],"version-history":[{"count":46,"href":"https:\/\/www.swissraft.ch\/it\/wp-json\/wp\/v2\/product\/92804\/revisions"}],"predecessor-version":[{"id":138577,"href":"https:\/\/www.swissraft.ch\/it\/wp-json\/wp\/v2\/product\/92804\/revisions\/138577"}],"wp:featuredmedia":[{"embeddable":true,"href":"https:\/\/www.swissraft.ch\/it\/wp-json\/wp\/v2\/media\/84767"}],"wp:attachment":[{"href":"https:\/\/www.swissraft.ch\/it\/wp-json\/wp\/v2\/media?parent=92804"}],"wp:term":[{"taxonomy":"product_cat","embeddable":true,"href":"https:\/\/www.swissraft.ch\/it\/wp-json\/wp\/v2\/product_cat?post=92804"},{"taxonomy":"product_tag","embeddable":true,"href":"https:\/\/www.swissraft.ch\/it\/wp-json\/wp\/v2\/product_tag?post=92804"}],"curies":[{"name":"wp","href":"https:\/\/api.w.org\/{rel}","templated":true}]}}