{"id":92794,"date":"2023-02-18T22:33:18","date_gmt":"2023-02-18T21:33:18","guid":{"rendered":"https:\/\/swissraft.xyanzkdne.eu\/product\/rafting-in-valais-la-viege-stalden-viege-da-chf-92-00\/"},"modified":"2026-04-09T22:29:08","modified_gmt":"2026-04-09T20:29:08","slug":"rafting-vallese-viege-stalden-viege","status":"publish","type":"product","link":"https:\/\/www.swissraft.ch\/it\/prodotto\/rafting-vallese-viege-stalden-viege\/","title":{"rendered":"Rafting o River rafting in Vallese &#8211; La Vi\u00e8ge &#8211; Stalden-Visp &#8211; Da CHF 92.00"},"content":{"rendered":"\t\t<div data-elementor-type=\"wp-post\" data-elementor-id=\"92794\" class=\"elementor elementor-92794 elementor-31032\">\n\t\t\t\t\t\t\t\t\t<section class=\"elementor-section elementor-top-section elementor-element elementor-element-3303a7e3 elementor-section-boxed elementor-section-height-default elementor-section-height-default\" data-id=\"3303a7e3\" data-element_type=\"section\">\n\t\t\t\t\t\t<div class=\"elementor-container elementor-column-gap-default\">\n\t\t\t\t\t<div class=\"elementor-column elementor-col-100 elementor-top-column elementor-element elementor-element-16d72dbf\" data-id=\"16d72dbf\" data-element_type=\"column\">\n\t\t\t<div class=\"elementor-widget-wrap elementor-element-populated\">\n\t\t\t\t\t\t\t\t<div class=\"elementor-element elementor-element-d743c03 elementor-widget elementor-widget-text-editor\" data-id=\"d743c03\" data-element_type=\"widget\" data-widget_type=\"text-editor.default\">\n\t\t\t\t<div class=\"elementor-widget-container\">\n\t\t\t\t\t\t\t<h2>SCEGLI LA TUA ATTIVIT\u00c0 QUI SOTTO PER OFFRIRE BUONI REGALO\/BIGLIETTI O EFFETTUARE UNA PRENOTAZIONE<\/h2><table border=\"0\" width=\"580\" cellspacing=\"10\" cellpadding=\"10\"><tbody><tr><td width=\"50%\"><strong>RAFTING &#8211; RIVER RAFTING &#8211; VI\u00c8GE + spuntino<\/strong><\/td><td><strong>CHF 120.00 a persona<span class=\"productPrice\"><br \/><\/span><\/strong><\/td><\/tr><tr><td>Informazioni aggiuntive<\/td><td><p><span class=\"plbl\">&#8211; Prezzo giovani<\/span> : <span class=\"patt\"><strong>CHF 92.00<\/strong> fino a 18 anni<br \/><\/span><span class=\"plbl\">&#8211; <\/span><span class=\"patt\">A partire da 10 pers. 10% : <strong>CHF 108.00<\/strong>\/pers.<br \/>&#8211; A partire da 21 pers. 20% :<strong> CHF 96.00<\/strong>\/pers.<br \/>&#8211; Et\u00e0 minima : 10 anni<br \/>&#8211; Nessuno sconto aggiuntivo sulle tariffe giovani e scolastiche<br \/><\/span><span class=\"patt\"><span class=\"plbl\">&#8211; Prezzo scuola : <span class=\"patt\" style=\"font-family: inherit; font-size: inherit;\">Clicca qui<\/span><\/span><\/span><\/p><\/td><\/tr><tr><td>Percorso<\/td><td><strong>Stalden-Visp<\/strong><\/td><\/tr><tr><td>Orari<\/td><td>10h00 \/ 14h00<\/td><\/tr><tr><td>Rafting<\/td><td>circa 1 ora<\/td><\/tr><tr><td>Durata totale<\/td><td>circa 2,5 ore<\/td><\/tr><tr><td>Appuntamento<\/td><td><a href=\"https:\/\/www.google.com\/maps\/place\/Camping+M%C3%BChleye,+3930+Vi%C3%A8ge\/@46.2977102,7.8681638,780m\/data=!3m1!1e3!4m6!3m5!1s0x478f6b3dc520eeb7:0x792310840d66bd66!8m2!3d46.2976361!4d7.8727879!16s%2Fg%2F1tqt8l6r?entry=ttu\" target=\"_blank\" rel=\"noopener\">Campeggio M\u00fchleye a Visp<\/a><\/td><\/tr><tr><td>Difficolt\u00e0<\/td><td>Livello 2-3+<\/td><\/tr><tr><td><button class=\"elementor-button\" type=\"button\"><a href=\"https:\/\/swissraft.outdoorbooking.ch\/fo\/products\/1242?base_id=82&amp;category_id=1&amp;order_type=gift_voucher&amp;lang=it\" target=\"_blank\" rel=\"noopener\">ACQUISTO BUONO REGALO \/ BIGLIETTO<\/a><\/button><\/td><td style=\"text-align: left;\"><span style=\"color: #ff6600;\"><a href=\"https:\/\/swissraft.outdoorbooking.ch\/fo\/products\/1242?base_id=82&amp;category_id=1&amp;order_type=event&amp;lang=it\" target=\"_blank\" rel=\"noopener\">PRENOTA UNA DATA<\/a><\/span><\/td><\/tr><\/tbody><\/table>\t\t\t\t\t\t<\/div>\n\t\t\t\t<\/div>\n\t\t\t\t\t<\/div>\n\t\t<\/div>\n\t\t\t\t\t\t\t<\/div>\n\t\t<\/section>\n\t\t\t\t\t\t\t<\/div>\n\t\t","protected":false},"excerpt":{"rendered":"<div align=\"justify\">\n<h2 align=\"justify\">River rafting sulla Vi\u00e8ge, un fiume ricco di eventi che mantiene le sue promesse<\/h2>\n<h3>Il fiume Vi\u00e9ge, nell&#8217;Alto Vallese, tra Stalden e Vi\u00e8ge, \u00e8 il parco giochi ideale per gli amanti del rafting.<\/h3>\n<\/div>\n<div align=\"justify\">\n<p><strong>Rafting<\/strong> sulla Vi\u00e8ge in Vallese. Da Stalden a Vi\u00e8ge, immergiti nell&#8217;avventura. Questo <strong>rafting<\/strong> di 8 km sulla Vi\u00e8ge, un fiume tumultuoso, ti offre una discesa emozionante e ricca di azione.<\/p>\n<h3>Puoi scegliere tra altri fiumi oltre alla Vi\u00e8ge in Vallese<\/h3>\n<p id=\"textarea\" style=\"display: none;\">Nel Vallese, ad esempio, puoi fare rafting sul Rodano con il suo famoso corso selvaggio. Ma anche La Dranse de Bagnes di Sembrancher. E il <strong>rafting<\/strong> sulla Sarine nel Pays d&#8217;Enhaut, nel cantone di Vaud. Swissraft offre anche il <strong>rafting<\/strong> sul Doron de Bozel in Savoia. E il riverrafting sulla Dranse in Alta Savoia a Thonon les Bains, vicino a Ginevra. E il <strong>riverrafting<\/strong> sulla L\u00fctschine a Interlaken nell&#8217;Oberland Bernese e sulla Simme nella Simmental. Allo stesso tempo, fai <strong>rafting<\/strong> sul Reno nel <strong>Grand Canyon svizzero<\/strong> dei Grigioni. E sull&#8217;Inn nella Bassa Engadina da Scuol, con il famoso percorso Giarsunschlucht.\n<\/p>\n<p><a id=\"seeMore\" onclick=\"toggleSeeMore()\" href=\"javascript:void(0);\">Leggi tutto<\/a><\/p>\n","protected":false},"featured_media":84704,"comment_status":"open","ping_status":"closed","template":"","meta":{"inline_featured_image":false,"_mi_skip_tracking":false},"product_cat":[255,534],"product_tag":[],"class_list":["post-92794","product","type-product","status-publish","has-post-thumbnail","hentry","product_cat-rafting-in-svizzera-e-dintorni","product_cat-rafting-in-vallese"],"yoast_head":"<!-- This site is optimized with the Yoast SEO plugin v23.6 - https:\/\/yoast.com\/wordpress\/plugins\/seo\/ -->\n<title>Rafting sulla Vi\u00e8ge in Vallese. Vivi l&#039;azione tra Stalden e Vi\u00e8ge<\/title>\n<meta name=\"description\" content=\"Rafting sulla Vi\u00e8ge in Vallese. Questo percorso di 8 km sulla Vi\u00e8ge \u00e8 un fiume veloce e tumultuoso che ti offre un rafting ricco di sensazioni ed emozioni.\" \/>\n<meta name=\"robots\" content=\"index, follow, max-snippet:-1, max-image-preview:large, max-video-preview:-1\" \/>\n<link rel=\"canonical\" href=\"https:\/\/www.swissraft.ch\/it\/prodotto\/rafting-vallese-viege-stalden-viege\/\" \/>\n<meta property=\"og:locale\" content=\"it_IT\" \/>\n<meta property=\"og:type\" content=\"article\" \/>\n<meta property=\"og:title\" content=\"Rafting sulla Vi\u00e8ge in Vallese. Vivi l&#039;azione tra Stalden e Vi\u00e8ge\" \/>\n<meta property=\"og:description\" content=\"Rafting sulla Vi\u00e8ge in Vallese. Questo percorso di 8 km sulla Vi\u00e8ge \u00e8 un fiume veloce e tumultuoso che ti offre un rafting ricco di sensazioni ed emozioni.\" \/>\n<meta property=\"og:url\" content=\"https:\/\/www.swissraft.ch\/it\/prodotto\/rafting-vallese-viege-stalden-viege\/\" \/>\n<meta property=\"og:site_name\" content=\"Swissraft\" \/>\n<meta property=\"article:modified_time\" content=\"2026-04-09T20:29:08+00:00\" \/>\n<meta property=\"og:image\" content=\"https:\/\/www.swissraft.ch\/wp-content\/uploads\/2023\/02\/1-Vispa-776x776-1.jpg\" \/>\n\t<meta property=\"og:image:width\" content=\"776\" \/>\n\t<meta property=\"og:image:height\" content=\"776\" \/>\n\t<meta property=\"og:image:type\" content=\"image\/jpeg\" \/>\n<meta name=\"twitter:card\" content=\"summary_large_image\" \/>\n<meta name=\"twitter:label1\" content=\"Tempo di lettura stimato\" \/>\n\t<meta name=\"twitter:data1\" content=\"1 minuto\" \/>\n<script type=\"application\/ld+json\" class=\"yoast-schema-graph\">{\"@context\":\"https:\/\/schema.org\",\"@graph\":[{\"@type\":\"WebPage\",\"@id\":\"https:\/\/www.swissraft.ch\/it\/prodotto\/rafting-vallese-viege-stalden-viege\/\",\"url\":\"https:\/\/www.swissraft.ch\/it\/prodotto\/rafting-vallese-viege-stalden-viege\/\",\"name\":\"Rafting sulla Vi\u00e8ge in Vallese. Vivi l'azione tra Stalden e Vi\u00e8ge\",\"isPartOf\":{\"@id\":\"https:\/\/www.swissraft.ch\/it\/#website\"},\"primaryImageOfPage\":{\"@id\":\"https:\/\/www.swissraft.ch\/it\/prodotto\/rafting-vallese-viege-stalden-viege\/#primaryimage\"},\"image\":{\"@id\":\"https:\/\/www.swissraft.ch\/it\/prodotto\/rafting-vallese-viege-stalden-viege\/#primaryimage\"},\"thumbnailUrl\":\"https:\/\/www.swissraft.ch\/wp-content\/uploads\/2023\/02\/1-Vispa-776x776-1.jpg\",\"datePublished\":\"2023-02-18T21:33:18+00:00\",\"dateModified\":\"2026-04-09T20:29:08+00:00\",\"description\":\"Rafting sulla Vi\u00e8ge in Vallese. Questo percorso di 8 km sulla Vi\u00e8ge \u00e8 un fiume veloce e tumultuoso che ti offre un rafting ricco di sensazioni ed emozioni.\",\"breadcrumb\":{\"@id\":\"https:\/\/www.swissraft.ch\/it\/prodotto\/rafting-vallese-viege-stalden-viege\/#breadcrumb\"},\"inLanguage\":\"it-IT\",\"potentialAction\":[{\"@type\":\"ReadAction\",\"target\":[\"https:\/\/www.swissraft.ch\/it\/prodotto\/rafting-vallese-viege-stalden-viege\/\"]}]},{\"@type\":\"ImageObject\",\"inLanguage\":\"it-IT\",\"@id\":\"https:\/\/www.swissraft.ch\/it\/prodotto\/rafting-vallese-viege-stalden-viege\/#primaryimage\",\"url\":\"https:\/\/www.swissraft.ch\/wp-content\/uploads\/2023\/02\/1-Vispa-776x776-1.jpg\",\"contentUrl\":\"https:\/\/www.swissraft.ch\/wp-content\/uploads\/2023\/02\/1-Vispa-776x776-1.jpg\",\"width\":776,\"height\":776,\"caption\":\"Rafting sulla Vi\u00e8ge\"},{\"@type\":\"BreadcrumbList\",\"@id\":\"https:\/\/www.swissraft.ch\/it\/prodotto\/rafting-vallese-viege-stalden-viege\/#breadcrumb\",\"itemListElement\":[{\"@type\":\"ListItem\",\"position\":1,\"name\":\"Accueil\",\"item\":\"https:\/\/www.swissraft.ch\/it\/\"},{\"@type\":\"ListItem\",\"position\":2,\"name\":\"Negozio\",\"item\":\"https:\/\/www.swissraft.ch\/it\/negozio\/\"},{\"@type\":\"ListItem\",\"position\":3,\"name\":\"Rafting o River rafting in Vallese &#8211; La Vi\u00e8ge &#8211; Stalden-Visp &#8211; Da CHF 92.00\"}]},{\"@type\":\"WebSite\",\"@id\":\"https:\/\/www.swissraft.ch\/it\/#website\",\"url\":\"https:\/\/www.swissraft.ch\/it\/\",\"name\":\"Swissraft\",\"description\":\"To enjoy nature as it is\",\"publisher\":{\"@id\":\"https:\/\/www.swissraft.ch\/it\/#organization\"},\"potentialAction\":[{\"@type\":\"SearchAction\",\"target\":{\"@type\":\"EntryPoint\",\"urlTemplate\":\"https:\/\/www.swissraft.ch\/it\/?s={search_term_string}\"},\"query-input\":{\"@type\":\"PropertyValueSpecification\",\"valueRequired\":true,\"valueName\":\"search_term_string\"}}],\"inLanguage\":\"it-IT\"},{\"@type\":\"Organization\",\"@id\":\"https:\/\/www.swissraft.ch\/it\/#organization\",\"name\":\"Swissraft\",\"url\":\"https:\/\/www.swissraft.ch\/it\/\",\"logo\":{\"@type\":\"ImageObject\",\"inLanguage\":\"it-IT\",\"@id\":\"https:\/\/www.swissraft.ch\/it\/#\/schema\/logo\/image\/\",\"url\":\"https:\/\/www.swissraft.ch\/wp-content\/uploads\/2025\/09\/Capture.jpg\",\"contentUrl\":\"https:\/\/www.swissraft.ch\/wp-content\/uploads\/2025\/09\/Capture.jpg\",\"width\":293,\"height\":108,\"caption\":\"Swissraft\"},\"image\":{\"@id\":\"https:\/\/www.swissraft.ch\/it\/#\/schema\/logo\/image\/\"}}]}<\/script>\n<!-- \/ Yoast SEO plugin. -->","yoast_head_json":{"title":"Rafting sulla Vi\u00e8ge in Vallese. Vivi l'azione tra Stalden e Vi\u00e8ge","description":"Rafting sulla Vi\u00e8ge in Vallese. Questo percorso di 8 km sulla Vi\u00e8ge \u00e8 un fiume veloce e tumultuoso che ti offre un rafting ricco di sensazioni ed emozioni.","robots":{"index":"index","follow":"follow","max-snippet":"max-snippet:-1","max-image-preview":"max-image-preview:large","max-video-preview":"max-video-preview:-1"},"canonical":"https:\/\/www.swissraft.ch\/it\/prodotto\/rafting-vallese-viege-stalden-viege\/","og_locale":"it_IT","og_type":"article","og_title":"Rafting sulla Vi\u00e8ge in Vallese. Vivi l'azione tra Stalden e Vi\u00e8ge","og_description":"Rafting sulla Vi\u00e8ge in Vallese. Questo percorso di 8 km sulla Vi\u00e8ge \u00e8 un fiume veloce e tumultuoso che ti offre un rafting ricco di sensazioni ed emozioni.","og_url":"https:\/\/www.swissraft.ch\/it\/prodotto\/rafting-vallese-viege-stalden-viege\/","og_site_name":"Swissraft","article_modified_time":"2026-04-09T20:29:08+00:00","og_image":[{"width":776,"height":776,"url":"https:\/\/www.swissraft.ch\/wp-content\/uploads\/2023\/02\/1-Vispa-776x776-1.jpg","type":"image\/jpeg"}],"twitter_card":"summary_large_image","twitter_misc":{"Tempo di lettura stimato":"1 minuto"},"schema":{"@context":"https:\/\/schema.org","@graph":[{"@type":"WebPage","@id":"https:\/\/www.swissraft.ch\/it\/prodotto\/rafting-vallese-viege-stalden-viege\/","url":"https:\/\/www.swissraft.ch\/it\/prodotto\/rafting-vallese-viege-stalden-viege\/","name":"Rafting sulla Vi\u00e8ge in Vallese. Vivi l'azione tra Stalden e Vi\u00e8ge","isPartOf":{"@id":"https:\/\/www.swissraft.ch\/it\/#website"},"primaryImageOfPage":{"@id":"https:\/\/www.swissraft.ch\/it\/prodotto\/rafting-vallese-viege-stalden-viege\/#primaryimage"},"image":{"@id":"https:\/\/www.swissraft.ch\/it\/prodotto\/rafting-vallese-viege-stalden-viege\/#primaryimage"},"thumbnailUrl":"https:\/\/www.swissraft.ch\/wp-content\/uploads\/2023\/02\/1-Vispa-776x776-1.jpg","datePublished":"2023-02-18T21:33:18+00:00","dateModified":"2026-04-09T20:29:08+00:00","description":"Rafting sulla Vi\u00e8ge in Vallese. Questo percorso di 8 km sulla Vi\u00e8ge \u00e8 un fiume veloce e tumultuoso che ti offre un rafting ricco di sensazioni ed emozioni.","breadcrumb":{"@id":"https:\/\/www.swissraft.ch\/it\/prodotto\/rafting-vallese-viege-stalden-viege\/#breadcrumb"},"inLanguage":"it-IT","potentialAction":[{"@type":"ReadAction","target":["https:\/\/www.swissraft.ch\/it\/prodotto\/rafting-vallese-viege-stalden-viege\/"]}]},{"@type":"ImageObject","inLanguage":"it-IT","@id":"https:\/\/www.swissraft.ch\/it\/prodotto\/rafting-vallese-viege-stalden-viege\/#primaryimage","url":"https:\/\/www.swissraft.ch\/wp-content\/uploads\/2023\/02\/1-Vispa-776x776-1.jpg","contentUrl":"https:\/\/www.swissraft.ch\/wp-content\/uploads\/2023\/02\/1-Vispa-776x776-1.jpg","width":776,"height":776,"caption":"Rafting sulla Vi\u00e8ge"},{"@type":"BreadcrumbList","@id":"https:\/\/www.swissraft.ch\/it\/prodotto\/rafting-vallese-viege-stalden-viege\/#breadcrumb","itemListElement":[{"@type":"ListItem","position":1,"name":"Accueil","item":"https:\/\/www.swissraft.ch\/it\/"},{"@type":"ListItem","position":2,"name":"Negozio","item":"https:\/\/www.swissraft.ch\/it\/negozio\/"},{"@type":"ListItem","position":3,"name":"Rafting o River rafting in Vallese &#8211; La Vi\u00e8ge &#8211; Stalden-Visp &#8211; Da CHF 92.00"}]},{"@type":"WebSite","@id":"https:\/\/www.swissraft.ch\/it\/#website","url":"https:\/\/www.swissraft.ch\/it\/","name":"Swissraft","description":"To enjoy nature as it is","publisher":{"@id":"https:\/\/www.swissraft.ch\/it\/#organization"},"potentialAction":[{"@type":"SearchAction","target":{"@type":"EntryPoint","urlTemplate":"https:\/\/www.swissraft.ch\/it\/?s={search_term_string}"},"query-input":{"@type":"PropertyValueSpecification","valueRequired":true,"valueName":"search_term_string"}}],"inLanguage":"it-IT"},{"@type":"Organization","@id":"https:\/\/www.swissraft.ch\/it\/#organization","name":"Swissraft","url":"https:\/\/www.swissraft.ch\/it\/","logo":{"@type":"ImageObject","inLanguage":"it-IT","@id":"https:\/\/www.swissraft.ch\/it\/#\/schema\/logo\/image\/","url":"https:\/\/www.swissraft.ch\/wp-content\/uploads\/2025\/09\/Capture.jpg","contentUrl":"https:\/\/www.swissraft.ch\/wp-content\/uploads\/2025\/09\/Capture.jpg","width":293,"height":108,"caption":"Swissraft"},"image":{"@id":"https:\/\/www.swissraft.ch\/it\/#\/schema\/logo\/image\/"}}]}},"_links":{"self":[{"href":"https:\/\/www.swissraft.ch\/it\/wp-json\/wp\/v2\/product\/92794","targetHints":{"allow":["GET"]}}],"collection":[{"href":"https:\/\/www.swissraft.ch\/it\/wp-json\/wp\/v2\/product"}],"about":[{"href":"https:\/\/www.swissraft.ch\/it\/wp-json\/wp\/v2\/types\/product"}],"replies":[{"embeddable":true,"href":"https:\/\/www.swissraft.ch\/it\/wp-json\/wp\/v2\/comments?post=92794"}],"version-history":[{"count":39,"href":"https:\/\/www.swissraft.ch\/it\/wp-json\/wp\/v2\/product\/92794\/revisions"}],"predecessor-version":[{"id":138517,"href":"https:\/\/www.swissraft.ch\/it\/wp-json\/wp\/v2\/product\/92794\/revisions\/138517"}],"wp:featuredmedia":[{"embeddable":true,"href":"https:\/\/www.swissraft.ch\/it\/wp-json\/wp\/v2\/media\/84704"}],"wp:attachment":[{"href":"https:\/\/www.swissraft.ch\/it\/wp-json\/wp\/v2\/media?parent=92794"}],"wp:term":[{"taxonomy":"product_cat","embeddable":true,"href":"https:\/\/www.swissraft.ch\/it\/wp-json\/wp\/v2\/product_cat?post=92794"},{"taxonomy":"product_tag","embeddable":true,"href":"https:\/\/www.swissraft.ch\/it\/wp-json\/wp\/v2\/product_tag?post=92794"}],"curies":[{"name":"wp","href":"https:\/\/api.w.org\/{rel}","templated":true}]}}