{"id":92792,"date":"2023-02-18T22:05:56","date_gmt":"2023-02-18T21:05:56","guid":{"rendered":"https:\/\/swissraft.xyanzkdne.eu\/product\/rafting-in-valais-la-dranse-de-bagnes-volleges-sembrancher-da-chf-92-00\/"},"modified":"2026-04-09T22:20:51","modified_gmt":"2026-04-09T20:20:51","slug":"rafting-vallese-dranse-de-bagnes-volleges-sembrancher","status":"publish","type":"product","link":"https:\/\/www.swissraft.ch\/it\/prodotto\/rafting-vallese-dranse-de-bagnes-volleges-sembrancher\/","title":{"rendered":"Rafting o River rafting in Vallese &#8211; La Dranse de Bagnes &#8211; Voll\u00e8ges-Sembrancher &#8211; Da CHF 92.00"},"content":{"rendered":"\t\t<div data-elementor-type=\"wp-post\" data-elementor-id=\"92792\" class=\"elementor elementor-92792 elementor-31017\">\n\t\t\t\t\t\t\t\t\t<section class=\"elementor-section elementor-top-section elementor-element elementor-element-3303a7e3 elementor-section-boxed elementor-section-height-default elementor-section-height-default\" data-id=\"3303a7e3\" data-element_type=\"section\">\n\t\t\t\t\t\t<div class=\"elementor-container elementor-column-gap-default\">\n\t\t\t\t\t<div class=\"elementor-column elementor-col-100 elementor-top-column elementor-element elementor-element-16d72dbf\" data-id=\"16d72dbf\" data-element_type=\"column\">\n\t\t\t<div class=\"elementor-widget-wrap elementor-element-populated\">\n\t\t\t\t\t\t\t\t<div class=\"elementor-element elementor-element-d743c03 elementor-widget elementor-widget-text-editor\" data-id=\"d743c03\" data-element_type=\"widget\" data-widget_type=\"text-editor.default\">\n\t\t\t\t<div class=\"elementor-widget-container\">\n\t\t\t\t\t\t\t<h2>SCEGLI LA TUA ATTIVIT\u00c0 QUI SOTTO PER OFFRIRE BUONI REGALO\/BIGLIETTI O EFFETTUARE UNA PRENOTAZIONE<\/h2><table border=\"0\" width=\"580\" cellspacing=\"10\" cellpadding=\"10\"><tbody><tr><td width=\"50%\"><strong>RAFTING &#8211; RIVER RAFTING &#8211; DRANSE DE BAGNES &#8211; VALLESE + spuntino<\/strong><\/td><td><strong>CHF 120.00 a persona<span class=\"productPrice\"><br \/><\/span><\/strong><\/td><\/tr><tr><td>Informazioni aggiuntive<\/td><td><span class=\"plbl\">&#8211; Prezzo giovani<\/span> : <span class=\"patt\"><strong>CHF 92.00<\/strong> fino a 18 anni<br \/><\/span><span class=\"plbl\">&#8211; <\/span><span class=\"patt\">A partire da 10 pers. 10% : <strong>CHF 108.00<\/strong>\/pers.<br \/>&#8211; A partire da 21 pers. 20% : <strong>CHF 96.00<\/strong>\/pers.<br \/>&#8211; Et\u00e0 minima : 8 anni<br \/>&#8211; Nessuno sconto aggiuntivo sulle tariffe per giovani e scuole<br \/><span class=\"plbl\">&#8211; Prezzo scuola : <span class=\"patt\" style=\"font-family: inherit; font-size: inherit;\"><a href=\"https:\/\/www.swissraft.ch\/it\/prodotto\/gita-scolastica-in-vallese-rafting-dranse-de-bagnes-volleges-sembrancher\" target=\"_blank\" rel=\"noopener\">Clicca qui<\/a><\/span><\/span><\/span><\/td><\/tr><tr><td>Percorso<\/td><td><strong>Voll\u00e8ges-Sembrancher<\/strong><\/td><\/tr><tr><td>Orari<\/td><td>10h00 \/ 14h00<\/td><\/tr><tr><td>Rafting<\/td><td>circa 1 ora<\/td><\/tr><tr><td>Durata totale<\/td><td>circa 2 ore 15\u00a0<\/td><\/tr><tr><td>Appuntamento<\/td><td><span style=\"color: #ff6600;\"><a href=\"https:\/\/www.google.com\/maps\/place\/46%C2%B004'41.7%22N+7%C2%B008'38.0%22E\/@46.0783691,7.1393828,783m\/data=!3m1!1e3!4m4!3m3!8m2!3d46.07825!4d7.1438889?entry=ttu\" target=\"_blank\" rel=\"noopener\">Ristorante &#8220;Le Cellier Valaisan<\/a><\/span><\/td><\/tr><tr><td>Difficolt\u00e0<\/td><td>Livello 2-3<\/td><\/tr><tr><td><button class=\"elementor-button\" type=\"button\"><a href=\"https:\/\/swissraft.outdoorbooking.ch\/fo\/products\/1316?base_id=82&amp;category_id=1&amp;order_type=gift_voucher&amp;lang=it\" target=\"_blank\" rel=\"noopener\">ACQUISTO BUONO REGALO \/ BIGLIETTO<\/a><\/button><\/td><td style=\"text-align: left;\"><span style=\"color: #ff6600;\"><a href=\"https:\/\/swissraft.outdoorbooking.ch\/fo\/products\/1316?base_id=82&amp;category_id=1&amp;order_type=event&amp;lang=it\" target=\"_blank\" rel=\"noopener\">PRENOTA UNA DATA<\/a><\/span><\/td><\/tr><\/tbody><\/table>\t\t\t\t\t\t<\/div>\n\t\t\t\t<\/div>\n\t\t\t\t\t<\/div>\n\t\t<\/div>\n\t\t\t\t\t\t\t<\/div>\n\t\t<\/section>\n\t\t\t\t\t\t\t<\/div>\n\t\t","protected":false},"excerpt":{"rendered":"<div align=\"justify\">\n<h2 align=\"justify\">River rafting sulla Dranse de Bagnes, una gita di rafting relativamente breve ma intensa<\/h2>\n<h3>Avventura ed emozione sono gli ingredienti di questa discesa in gommone tra Voll\u00e8ges e Sembrancher, nel Vallese.<\/h3>\n<\/div>\n<div align=\"justify\">\n<p>Rafting sulla Dranse de Bagnes in Vallese. Da Voll\u00e8ges a Sembrancher, immergiti nell&#8217;avventura. Sulla Dranse de Bagnes, questo fiume tumultuoso offre un <strong>rafting<\/strong> sportivo per principianti ed esperti.<\/p>\n<h3>\u00c8 disponibile un&#8217;ampia gamma di gite <strong>di rafting<\/strong><\/h3>\n<p id=\"textarea\" style=\"display: none;\">Lo stesso vale per i fiumi Vi\u00e8ge e Dranse da Bagnes a Sembrancher nel Vallese. Ma anche il <strong>rafting<\/strong> sulla Sarine nel Pays d&#8217;Enhaut tra Saanen e Les Moulins a Ch\u00e2teau d&#8217;oex. Swissraft offre anche la possibilit\u00e0 di praticare <strong>il riverrafting<\/strong> sull&#8217;Is\u00e8re e sul Doron de Bozel. Rafting sul fiume Dranse in Alta Savoia a Thonon les Bains, vicino a Ginevra. Swissraft offre anche la possibilit\u00e0 di praticare <strong>il riverrafting<\/strong> sulla L\u00fctschine nell&#8217;Oberland Bernese e sulla Simme nella Simmental. C&#8217;\u00e8 anche la possibilit\u00e0 di fare <strong>rafting<\/strong> sul Reno nei Grigioni e sull&#8217;Inn in Engadina da Scuol.\n<\/p>\n<p><a id=\"seeMore\" onclick=\"toggleSeeMore()\" href=\"javascript:void(0);\">Leggi tutto<\/a><\/p>\n","protected":false},"featured_media":84674,"comment_status":"open","ping_status":"closed","template":"","meta":{"inline_featured_image":false,"_mi_skip_tracking":false},"product_cat":[255,534],"product_tag":[],"class_list":["post-92792","product","type-product","status-publish","has-post-thumbnail","hentry","product_cat-rafting-in-svizzera-e-dintorni","product_cat-rafting-in-vallese"],"yoast_head":"<!-- This site is optimized with the Yoast SEO plugin v23.6 - https:\/\/yoast.com\/wordpress\/plugins\/seo\/ -->\n<title>Rafting Dranse de Bagnes Vallese - da Voll\u00e8ges a Sembrancher<\/title>\n<meta name=\"description\" content=\"Rafting Dranse de Bagnes Vallese. Questo corso sulla Dranse offre una discesa sportiva adatta sia ai principianti che ai rafter esperti.\" \/>\n<meta name=\"robots\" content=\"index, follow, max-snippet:-1, max-image-preview:large, max-video-preview:-1\" \/>\n<link rel=\"canonical\" href=\"https:\/\/www.swissraft.ch\/it\/prodotto\/rafting-vallese-dranse-de-bagnes-volleges-sembrancher\/\" \/>\n<meta property=\"og:locale\" content=\"it_IT\" \/>\n<meta property=\"og:type\" content=\"article\" \/>\n<meta property=\"og:title\" content=\"Rafting Dranse de Bagnes Vallese - da Voll\u00e8ges a Sembrancher\" \/>\n<meta property=\"og:description\" content=\"Rafting Dranse de Bagnes Vallese. Questo corso sulla Dranse offre una discesa sportiva adatta sia ai principianti che ai rafter esperti.\" \/>\n<meta property=\"og:url\" content=\"https:\/\/www.swissraft.ch\/it\/prodotto\/rafting-vallese-dranse-de-bagnes-volleges-sembrancher\/\" \/>\n<meta property=\"og:site_name\" content=\"Swissraft\" \/>\n<meta property=\"article:modified_time\" content=\"2026-04-09T20:20:51+00:00\" \/>\n<meta property=\"og:image\" content=\"https:\/\/www.swissraft.ch\/wp-content\/uploads\/2023\/02\/1-Dranse-de-Bagnes-776x776-1.png\" \/>\n\t<meta property=\"og:image:width\" content=\"776\" \/>\n\t<meta property=\"og:image:height\" content=\"776\" \/>\n\t<meta property=\"og:image:type\" content=\"image\/png\" \/>\n<meta name=\"twitter:card\" content=\"summary_large_image\" \/>\n<meta name=\"twitter:label1\" content=\"Tempo di lettura stimato\" \/>\n\t<meta name=\"twitter:data1\" content=\"1 minuto\" \/>\n<script type=\"application\/ld+json\" class=\"yoast-schema-graph\">{\"@context\":\"https:\/\/schema.org\",\"@graph\":[{\"@type\":\"WebPage\",\"@id\":\"https:\/\/www.swissraft.ch\/it\/prodotto\/rafting-vallese-dranse-de-bagnes-volleges-sembrancher\/\",\"url\":\"https:\/\/www.swissraft.ch\/it\/prodotto\/rafting-vallese-dranse-de-bagnes-volleges-sembrancher\/\",\"name\":\"Rafting Dranse de Bagnes Vallese - da Voll\u00e8ges a Sembrancher\",\"isPartOf\":{\"@id\":\"https:\/\/www.swissraft.ch\/it\/#website\"},\"primaryImageOfPage\":{\"@id\":\"https:\/\/www.swissraft.ch\/it\/prodotto\/rafting-vallese-dranse-de-bagnes-volleges-sembrancher\/#primaryimage\"},\"image\":{\"@id\":\"https:\/\/www.swissraft.ch\/it\/prodotto\/rafting-vallese-dranse-de-bagnes-volleges-sembrancher\/#primaryimage\"},\"thumbnailUrl\":\"https:\/\/www.swissraft.ch\/wp-content\/uploads\/2023\/02\/1-Dranse-de-Bagnes-776x776-1.png\",\"datePublished\":\"2023-02-18T21:05:56+00:00\",\"dateModified\":\"2026-04-09T20:20:51+00:00\",\"description\":\"Rafting Dranse de Bagnes Vallese. Questo corso sulla Dranse offre una discesa sportiva adatta sia ai principianti che ai rafter esperti.\",\"breadcrumb\":{\"@id\":\"https:\/\/www.swissraft.ch\/it\/prodotto\/rafting-vallese-dranse-de-bagnes-volleges-sembrancher\/#breadcrumb\"},\"inLanguage\":\"it-IT\",\"potentialAction\":[{\"@type\":\"ReadAction\",\"target\":[\"https:\/\/www.swissraft.ch\/it\/prodotto\/rafting-vallese-dranse-de-bagnes-volleges-sembrancher\/\"]}]},{\"@type\":\"ImageObject\",\"inLanguage\":\"it-IT\",\"@id\":\"https:\/\/www.swissraft.ch\/it\/prodotto\/rafting-vallese-dranse-de-bagnes-volleges-sembrancher\/#primaryimage\",\"url\":\"https:\/\/www.swissraft.ch\/wp-content\/uploads\/2023\/02\/1-Dranse-de-Bagnes-776x776-1.png\",\"contentUrl\":\"https:\/\/www.swissraft.ch\/wp-content\/uploads\/2023\/02\/1-Dranse-de-Bagnes-776x776-1.png\",\"width\":776,\"height\":776,\"caption\":\"Rafting sulla Dranse de Bagnes\"},{\"@type\":\"BreadcrumbList\",\"@id\":\"https:\/\/www.swissraft.ch\/it\/prodotto\/rafting-vallese-dranse-de-bagnes-volleges-sembrancher\/#breadcrumb\",\"itemListElement\":[{\"@type\":\"ListItem\",\"position\":1,\"name\":\"Accueil\",\"item\":\"https:\/\/www.swissraft.ch\/it\/\"},{\"@type\":\"ListItem\",\"position\":2,\"name\":\"Negozio\",\"item\":\"https:\/\/www.swissraft.ch\/it\/negozio\/\"},{\"@type\":\"ListItem\",\"position\":3,\"name\":\"Rafting o River rafting in Vallese &#8211; La Dranse de Bagnes &#8211; Voll\u00e8ges-Sembrancher &#8211; Da CHF 92.00\"}]},{\"@type\":\"WebSite\",\"@id\":\"https:\/\/www.swissraft.ch\/it\/#website\",\"url\":\"https:\/\/www.swissraft.ch\/it\/\",\"name\":\"Swissraft\",\"description\":\"To enjoy nature as it is\",\"publisher\":{\"@id\":\"https:\/\/www.swissraft.ch\/it\/#organization\"},\"potentialAction\":[{\"@type\":\"SearchAction\",\"target\":{\"@type\":\"EntryPoint\",\"urlTemplate\":\"https:\/\/www.swissraft.ch\/it\/?s={search_term_string}\"},\"query-input\":{\"@type\":\"PropertyValueSpecification\",\"valueRequired\":true,\"valueName\":\"search_term_string\"}}],\"inLanguage\":\"it-IT\"},{\"@type\":\"Organization\",\"@id\":\"https:\/\/www.swissraft.ch\/it\/#organization\",\"name\":\"Swissraft\",\"url\":\"https:\/\/www.swissraft.ch\/it\/\",\"logo\":{\"@type\":\"ImageObject\",\"inLanguage\":\"it-IT\",\"@id\":\"https:\/\/www.swissraft.ch\/it\/#\/schema\/logo\/image\/\",\"url\":\"https:\/\/www.swissraft.ch\/wp-content\/uploads\/2025\/09\/Capture.jpg\",\"contentUrl\":\"https:\/\/www.swissraft.ch\/wp-content\/uploads\/2025\/09\/Capture.jpg\",\"width\":293,\"height\":108,\"caption\":\"Swissraft\"},\"image\":{\"@id\":\"https:\/\/www.swissraft.ch\/it\/#\/schema\/logo\/image\/\"}}]}<\/script>\n<!-- \/ Yoast SEO plugin. -->","yoast_head_json":{"title":"Rafting Dranse de Bagnes Vallese - da Voll\u00e8ges a Sembrancher","description":"Rafting Dranse de Bagnes Vallese. Questo corso sulla Dranse offre una discesa sportiva adatta sia ai principianti che ai rafter esperti.","robots":{"index":"index","follow":"follow","max-snippet":"max-snippet:-1","max-image-preview":"max-image-preview:large","max-video-preview":"max-video-preview:-1"},"canonical":"https:\/\/www.swissraft.ch\/it\/prodotto\/rafting-vallese-dranse-de-bagnes-volleges-sembrancher\/","og_locale":"it_IT","og_type":"article","og_title":"Rafting Dranse de Bagnes Vallese - da Voll\u00e8ges a Sembrancher","og_description":"Rafting Dranse de Bagnes Vallese. Questo corso sulla Dranse offre una discesa sportiva adatta sia ai principianti che ai rafter esperti.","og_url":"https:\/\/www.swissraft.ch\/it\/prodotto\/rafting-vallese-dranse-de-bagnes-volleges-sembrancher\/","og_site_name":"Swissraft","article_modified_time":"2026-04-09T20:20:51+00:00","og_image":[{"width":776,"height":776,"url":"https:\/\/www.swissraft.ch\/wp-content\/uploads\/2023\/02\/1-Dranse-de-Bagnes-776x776-1.png","type":"image\/png"}],"twitter_card":"summary_large_image","twitter_misc":{"Tempo di lettura stimato":"1 minuto"},"schema":{"@context":"https:\/\/schema.org","@graph":[{"@type":"WebPage","@id":"https:\/\/www.swissraft.ch\/it\/prodotto\/rafting-vallese-dranse-de-bagnes-volleges-sembrancher\/","url":"https:\/\/www.swissraft.ch\/it\/prodotto\/rafting-vallese-dranse-de-bagnes-volleges-sembrancher\/","name":"Rafting Dranse de Bagnes Vallese - da Voll\u00e8ges a Sembrancher","isPartOf":{"@id":"https:\/\/www.swissraft.ch\/it\/#website"},"primaryImageOfPage":{"@id":"https:\/\/www.swissraft.ch\/it\/prodotto\/rafting-vallese-dranse-de-bagnes-volleges-sembrancher\/#primaryimage"},"image":{"@id":"https:\/\/www.swissraft.ch\/it\/prodotto\/rafting-vallese-dranse-de-bagnes-volleges-sembrancher\/#primaryimage"},"thumbnailUrl":"https:\/\/www.swissraft.ch\/wp-content\/uploads\/2023\/02\/1-Dranse-de-Bagnes-776x776-1.png","datePublished":"2023-02-18T21:05:56+00:00","dateModified":"2026-04-09T20:20:51+00:00","description":"Rafting Dranse de Bagnes Vallese. Questo corso sulla Dranse offre una discesa sportiva adatta sia ai principianti che ai rafter esperti.","breadcrumb":{"@id":"https:\/\/www.swissraft.ch\/it\/prodotto\/rafting-vallese-dranse-de-bagnes-volleges-sembrancher\/#breadcrumb"},"inLanguage":"it-IT","potentialAction":[{"@type":"ReadAction","target":["https:\/\/www.swissraft.ch\/it\/prodotto\/rafting-vallese-dranse-de-bagnes-volleges-sembrancher\/"]}]},{"@type":"ImageObject","inLanguage":"it-IT","@id":"https:\/\/www.swissraft.ch\/it\/prodotto\/rafting-vallese-dranse-de-bagnes-volleges-sembrancher\/#primaryimage","url":"https:\/\/www.swissraft.ch\/wp-content\/uploads\/2023\/02\/1-Dranse-de-Bagnes-776x776-1.png","contentUrl":"https:\/\/www.swissraft.ch\/wp-content\/uploads\/2023\/02\/1-Dranse-de-Bagnes-776x776-1.png","width":776,"height":776,"caption":"Rafting sulla Dranse de Bagnes"},{"@type":"BreadcrumbList","@id":"https:\/\/www.swissraft.ch\/it\/prodotto\/rafting-vallese-dranse-de-bagnes-volleges-sembrancher\/#breadcrumb","itemListElement":[{"@type":"ListItem","position":1,"name":"Accueil","item":"https:\/\/www.swissraft.ch\/it\/"},{"@type":"ListItem","position":2,"name":"Negozio","item":"https:\/\/www.swissraft.ch\/it\/negozio\/"},{"@type":"ListItem","position":3,"name":"Rafting o River rafting in Vallese &#8211; La Dranse de Bagnes &#8211; Voll\u00e8ges-Sembrancher &#8211; Da CHF 92.00"}]},{"@type":"WebSite","@id":"https:\/\/www.swissraft.ch\/it\/#website","url":"https:\/\/www.swissraft.ch\/it\/","name":"Swissraft","description":"To enjoy nature as it is","publisher":{"@id":"https:\/\/www.swissraft.ch\/it\/#organization"},"potentialAction":[{"@type":"SearchAction","target":{"@type":"EntryPoint","urlTemplate":"https:\/\/www.swissraft.ch\/it\/?s={search_term_string}"},"query-input":{"@type":"PropertyValueSpecification","valueRequired":true,"valueName":"search_term_string"}}],"inLanguage":"it-IT"},{"@type":"Organization","@id":"https:\/\/www.swissraft.ch\/it\/#organization","name":"Swissraft","url":"https:\/\/www.swissraft.ch\/it\/","logo":{"@type":"ImageObject","inLanguage":"it-IT","@id":"https:\/\/www.swissraft.ch\/it\/#\/schema\/logo\/image\/","url":"https:\/\/www.swissraft.ch\/wp-content\/uploads\/2025\/09\/Capture.jpg","contentUrl":"https:\/\/www.swissraft.ch\/wp-content\/uploads\/2025\/09\/Capture.jpg","width":293,"height":108,"caption":"Swissraft"},"image":{"@id":"https:\/\/www.swissraft.ch\/it\/#\/schema\/logo\/image\/"}}]}},"_links":{"self":[{"href":"https:\/\/www.swissraft.ch\/it\/wp-json\/wp\/v2\/product\/92792","targetHints":{"allow":["GET"]}}],"collection":[{"href":"https:\/\/www.swissraft.ch\/it\/wp-json\/wp\/v2\/product"}],"about":[{"href":"https:\/\/www.swissraft.ch\/it\/wp-json\/wp\/v2\/types\/product"}],"replies":[{"embeddable":true,"href":"https:\/\/www.swissraft.ch\/it\/wp-json\/wp\/v2\/comments?post=92792"}],"version-history":[{"count":43,"href":"https:\/\/www.swissraft.ch\/it\/wp-json\/wp\/v2\/product\/92792\/revisions"}],"predecessor-version":[{"id":138493,"href":"https:\/\/www.swissraft.ch\/it\/wp-json\/wp\/v2\/product\/92792\/revisions\/138493"}],"wp:featuredmedia":[{"embeddable":true,"href":"https:\/\/www.swissraft.ch\/it\/wp-json\/wp\/v2\/media\/84674"}],"wp:attachment":[{"href":"https:\/\/www.swissraft.ch\/it\/wp-json\/wp\/v2\/media?parent=92792"}],"wp:term":[{"taxonomy":"product_cat","embeddable":true,"href":"https:\/\/www.swissraft.ch\/it\/wp-json\/wp\/v2\/product_cat?post=92792"},{"taxonomy":"product_tag","embeddable":true,"href":"https:\/\/www.swissraft.ch\/it\/wp-json\/wp\/v2\/product_tag?post=92792"}],"curies":[{"name":"wp","href":"https:\/\/api.w.org\/{rel}","templated":true}]}}