{"id":92785,"date":"2023-02-18T16:46:39","date_gmt":"2023-02-18T15:46:39","guid":{"rendered":"https:\/\/swissraft.xyanzkdne.eu\/product\/rafting-a-savoie-lisere-bourg-st-maurice-centron-da-chf-72-00\/"},"modified":"2024-11-15T19:17:03","modified_gmt":"2024-11-15T18:17:03","slug":"rafting-a-savoie-lisere-bourg-st-maurice-centron-da-chf-72-00","status":"publish","type":"product","link":"https:\/\/www.swissraft.ch\/it\/prodotto\/rafting-a-savoie-lisere-bourg-st-maurice-centron-da-chf-72-00\/","title":{"rendered":"Rafting a SAVOIE &#8211; L&#8217;IS\u00c8RE &#8211; Bourg St. Maurice-Centron &#8211; Da CHF 72.00"},"content":{"rendered":"\t\t<div data-elementor-type=\"wp-post\" data-elementor-id=\"92785\" class=\"elementor elementor-92785 elementor-30981\">\n\t\t\t\t\t\t\t\t\t<section class=\"elementor-section elementor-top-section elementor-element elementor-element-3303a7e3 elementor-section-boxed elementor-section-height-default elementor-section-height-default\" data-id=\"3303a7e3\" data-element_type=\"section\">\n\t\t\t\t\t\t<div class=\"elementor-container elementor-column-gap-default\">\n\t\t\t\t\t<div class=\"elementor-column elementor-col-100 elementor-top-column elementor-element elementor-element-16d72dbf\" data-id=\"16d72dbf\" data-element_type=\"column\">\n\t\t\t<div class=\"elementor-widget-wrap elementor-element-populated\">\n\t\t\t\t\t\t\t\t<div class=\"elementor-element elementor-element-d743c03 elementor-widget elementor-widget-text-editor\" data-id=\"d743c03\" data-element_type=\"widget\" data-widget_type=\"text-editor.default\">\n\t\t\t\t<div class=\"elementor-widget-container\">\n\t\t\t\t\t\t\t<h2>SCEGLI LA TUA ATTIVIT\u00c0 QUI SOTTO PER OFFRIRE BUONI REGALO\/BIGLIETTI O EFFETTUARE UNA PRENOTAZIONE<\/h2>\n<table border=\"0\" width=\"580\" cellspacing=\"10\" cellpadding=\"10\">\n<tbody>\n<tr>\n<td width=\"50%\"><strong>1) L&#8217; IS\u00c8RE &#8211; Rafting + Drink<\/strong><\/td>\n<td><strong>CHF 90,00 a persona <span class=\"productPrice\"><br \/><\/span><\/strong><\/td>\n<\/tr>\n<tr>\n<td>Ulteriori informazioni<\/td>\n<td><span class=\"plbl\">&#8211; \u00c0<\/span><span class=\"patt\">  A partire da 10 persone. 10% :<strong> CHF 81.00 \/ pers.<\/strong><br \/>&#8211; A partire da 21 persone.  <strong><br \/>20%:<\/strong> <strong>CHF 72.00 \/ persona<\/strong>&#8211; Et\u00e0 minima: 13 anni <strong><\/strong><strong><br \/><\/strong><\/span><\/td>\n<\/tr>\n<tr>\n<td>Orari di apertura<\/td>\n<td>09:00 \/ 14:00<\/td>\n<\/tr>\n<tr>\n<td>Rafting<\/td>\n<td>circa 2h30<\/td>\n<\/tr>\n<tr>\n<td>Durata totale<\/td>\n<td>circa 3h30<\/td>\n<\/tr>\n<tr>\n<td>Appuntamenti<\/td>\n<td><span style=\"color: #ff6600;\"><a style=\"color: #ff6600;\" href=\"https:\/\/www.google.com\/maps\/place\/45%C2%B031'56.1%22N+6%C2%B035'53.8%22E\/@45.5323402,6.5955741,502m\/data=!3m1!1e3!4m4!3m3!8m2!3d45.53225!4d6.5982778?entry=ttu\" target=\"_blank\" rel=\"noopener\">Centron<\/a><\/span><\/td>\n<\/tr>\n<tr>\n<td>Difficolt\u00e0<\/td>\n<td>Livello 2-4+<\/td>\n<\/tr>\n<tr>\n<td><button class=\"elementor-button\" type=\"button\"><a href=\"https:\/\/swissraft.outdoorbooking.ch\/fo\/products\/1138?base_id=1&amp;category_id=1&amp;order_type=gift_voucher&amp;lang=it\" target=\"_blank\" rel=\"noopener\">BUONO REGALO<\/a><\/button><\/td>\n<td style=\"text-align: left;\"><span style=\"color: #ff6600;\"><a style=\"color: #ff6600;\" href=\"https:\/\/swissraft.outdoorbooking.ch\/fo\/products\/1138?base_id=1&amp;category_id=1&amp;order_type=event&amp;lang=it\" target=\"_blank\" rel=\"noopener\">RISERVA<\/a><\/span><\/td>\n<\/tr>\n<\/tbody>\n<\/table>\n<table border=\"0\" width=\"580\" cellspacing=\"10\" cellpadding=\"10\">\n<tbody>\n<tr>\n<td width=\"50%\"><strong>2) Pacchetto L&#8217; IS\u00c8RE RAFT PRIV\u00c9 + Drink (3-8 pers.)<\/strong><\/td>\n<td><strong>CHF 650,00 pacchetto<span class=\"productPrice\"><br \/><\/span><\/strong><\/td>\n<\/tr>\n<tr>\n<td>Ulteriori informazioni<\/td>\n<td>&#8211; Massimo 8 persone per zattera <br \/><span class=\"patt\">&#8211; Et\u00e0 minima: 13 anni<\/span><\/td>\n<\/tr>\n<tr>\n<td>Orari di apertura<\/td>\n<td>09:00 \/ 14:00<\/td>\n<\/tr>\n<tr>\n<td>Rafting<\/td>\n<td>circa 2h30<\/td>\n<\/tr>\n<tr>\n<td>Durata totale<\/td>\n<td>circa 3h30<\/td>\n<\/tr>\n<tr>\n<td>Appuntamenti<\/td>\n<td><span style=\"color: #ff6600;\"><a style=\"color: #ff6600;\" href=\"https:\/\/www.google.com\/maps\/place\/45%C2%B031'56.1%22N+6%C2%B035'53.8%22E\/@45.5323402,6.5955741,502m\/data=!3m1!1e3!4m4!3m3!8m2!3d45.53225!4d6.5982778?entry=ttu\" target=\"_blank\" rel=\"noopener\">Centron<\/a><\/span><\/td>\n<\/tr>\n<tr>\n<td>Difficolt\u00e0<\/td>\n<td>Livello 2-4+<\/td>\n<\/tr>\n<tr>\n<td><button class=\"elementor-button\" type=\"button\"><a href=\"https:\/\/swissraft.outdoorbooking.ch\/fo\/products\/1141?base_id=1&amp;category_id=1&amp;order_type=gift_voucher&amp;lang=it\" target=\"_blank\" rel=\"noopener\">BUONO REGALO<\/a><\/button><\/td>\n<td><span style=\"color: #ff6600;\"><a style=\"color: #ff6600;\" href=\"https:\/\/swissraft.outdoorbooking.ch\/fo\/products\/1141?base_id=1&amp;category_id=1&amp;order_type=event&amp;lang=it\" target=\"_blank\" rel=\"noopener\">RISERVA<\/a><\/span><\/td>\n<\/tr>\n<\/tbody>\n<\/table>\n\t\t\t\t\t\t<\/div>\n\t\t\t\t<\/div>\n\t\t\t\t\t<\/div>\n\t\t<\/div>\n\t\t\t\t\t\t\t<\/div>\n\t\t<\/section>\n\t\t\t\t\t\t\t<\/div>\n\t\t","protected":false},"excerpt":{"rendered":"<div align=\"justify\">\n<h2 align=\"justify\">Fai rafting sull&#8217;Is\u00e8re nella vicina Francia, il fiume dei superlativi<\/h2>\n<h3>Riverrafting e avventura garantiti in questo percorso tra Bourg St.Maurice e Centron in Savoia.<\/h3>\n<\/div>\n<div align=\"justify\">\n<p>Rafting sull&#8217;Is\u00e8re in Savoia. Da Bourg St Maurice a Centron, l&#8217;Is\u00e8re nel Parco Nazionale della Vanoise \u00e8 un ottimo percorso <strong>di rafting<\/strong>. Regolato da una diga, puoi essere certo di un buon flusso e di una discesa varia.<\/p>\n<h3>Ci sono molte alternative al <strong>rafting<\/strong> sull&#8217;Is\u00e8re in Savoia<\/h3>\n<p id=\"textarea\" style=\"display: none\">\nSwissraft offre anche la possibilit\u00e0 di <strong>fare riverrafting<\/strong> sul Doron de Bozel. Rafting sul fiume Dranse in Alta Savoia a Thonon les Bains, vicino a Ginevra. C&#8217;\u00e8 anche il <strong>rafting<\/strong> sulla Sarine nel Pays d&#8217;Enhaut e il <strong>riverrafting<\/strong> sul Rodano nel Vallese. Lo stesso vale per i fiumi Vi\u00e8ge e Dranse da Bagnes a Sembrancher nel Vallese. Offriamo anche il <strong>riverrafting<\/strong> sulla L\u00fctschine nell&#8217;Oberland Bernese e sulla Simme nella Simmental. E il rafting sul Reno nel Grand Canyon svizzero nei Grigioni tra Ilanz e Reichenau. Ma c&#8217;\u00e8 anche il riverrafting sulla &#8220;regina dei fiumi&#8221;, l&#8217;Inn in Engadina, con partenza da Scuol.\n<\/p>\n<p><a id=\"seeMore\" onclick=\"toggleSeeMore()\" href=\"javascript:void(0);\">Leggi tutto<\/a><\/p>\n","protected":false},"featured_media":84644,"comment_status":"open","ping_status":"closed","template":"","meta":{"inline_featured_image":false,"_mi_skip_tracking":false},"product_cat":[255],"product_tag":[],"class_list":["post-92785","product","type-product","status-publish","has-post-thumbnail","hentry","product_cat-rafting-in-svizzera-e-dintorni"],"yoast_head":"<!-- This site is optimized with the Yoast SEO plugin v23.6 - https:\/\/yoast.com\/wordpress\/plugins\/seo\/ -->\n<title>Rafting sull&#039;Is\u00e8re in Savoia. Riverrafting sull&#039;Is\u00e8re nelle Alpi<\/title>\n<meta name=\"description\" content=\"Rafting sull&#039;Is\u00e8re in Savoia. Da Bourg St Maurice a Centron, l&#039;Is\u00e8re, che scorre attraverso il Parco Nazionale della Vanoise, ti offre uno dei percorsi di rafting pi\u00f9 lunghi d&#039;Europa.\" \/>\n<meta name=\"robots\" content=\"index, follow, max-snippet:-1, max-image-preview:large, max-video-preview:-1\" \/>\n<link rel=\"canonical\" href=\"https:\/\/www.swissraft.ch\/it\/prodotto\/rafting-a-savoie-lisere-bourg-st-maurice-centron-da-chf-72-00\/\" \/>\n<meta property=\"og:locale\" content=\"it_IT\" \/>\n<meta property=\"og:type\" content=\"article\" \/>\n<meta property=\"og:title\" content=\"Rafting sull&#039;Is\u00e8re in Savoia. Riverrafting sull&#039;Is\u00e8re nelle Alpi\" \/>\n<meta property=\"og:description\" content=\"Rafting sull&#039;Is\u00e8re in Savoia. Da Bourg St Maurice a Centron, l&#039;Is\u00e8re, che scorre attraverso il Parco Nazionale della Vanoise, ti offre uno dei percorsi di rafting pi\u00f9 lunghi d&#039;Europa.\" \/>\n<meta property=\"og:url\" content=\"https:\/\/www.swissraft.ch\/it\/prodotto\/rafting-a-savoie-lisere-bourg-st-maurice-centron-da-chf-72-00\/\" \/>\n<meta property=\"og:site_name\" content=\"Swissraft\" \/>\n<meta property=\"article:modified_time\" content=\"2024-11-15T18:17:03+00:00\" \/>\n<meta property=\"og:image\" content=\"https:\/\/www.swissraft.ch\/wp-content\/uploads\/2023\/02\/1-Isere-776x776-1.png\" \/>\n\t<meta property=\"og:image:width\" content=\"776\" \/>\n\t<meta property=\"og:image:height\" content=\"776\" \/>\n\t<meta property=\"og:image:type\" content=\"image\/png\" \/>\n<meta name=\"twitter:card\" content=\"summary_large_image\" \/>\n<meta name=\"twitter:label1\" content=\"Tempo di lettura stimato\" \/>\n\t<meta name=\"twitter:data1\" content=\"1 minuto\" \/>\n<script type=\"application\/ld+json\" class=\"yoast-schema-graph\">{\"@context\":\"https:\/\/schema.org\",\"@graph\":[{\"@type\":\"WebPage\",\"@id\":\"https:\/\/www.swissraft.ch\/it\/prodotto\/rafting-a-savoie-lisere-bourg-st-maurice-centron-da-chf-72-00\/\",\"url\":\"https:\/\/www.swissraft.ch\/it\/prodotto\/rafting-a-savoie-lisere-bourg-st-maurice-centron-da-chf-72-00\/\",\"name\":\"Rafting sull'Is\u00e8re in Savoia. Riverrafting sull'Is\u00e8re nelle Alpi\",\"isPartOf\":{\"@id\":\"https:\/\/www.swissraft.ch\/it\/#website\"},\"primaryImageOfPage\":{\"@id\":\"https:\/\/www.swissraft.ch\/it\/prodotto\/rafting-a-savoie-lisere-bourg-st-maurice-centron-da-chf-72-00\/#primaryimage\"},\"image\":{\"@id\":\"https:\/\/www.swissraft.ch\/it\/prodotto\/rafting-a-savoie-lisere-bourg-st-maurice-centron-da-chf-72-00\/#primaryimage\"},\"thumbnailUrl\":\"https:\/\/www.swissraft.ch\/wp-content\/uploads\/2023\/02\/1-Isere-776x776-1.png\",\"datePublished\":\"2023-02-18T15:46:39+00:00\",\"dateModified\":\"2024-11-15T18:17:03+00:00\",\"description\":\"Rafting sull'Is\u00e8re in Savoia. Da Bourg St Maurice a Centron, l'Is\u00e8re, che scorre attraverso il Parco Nazionale della Vanoise, ti offre uno dei percorsi di rafting pi\u00f9 lunghi d'Europa.\",\"breadcrumb\":{\"@id\":\"https:\/\/www.swissraft.ch\/it\/prodotto\/rafting-a-savoie-lisere-bourg-st-maurice-centron-da-chf-72-00\/#breadcrumb\"},\"inLanguage\":\"it-IT\",\"potentialAction\":[{\"@type\":\"ReadAction\",\"target\":[\"https:\/\/www.swissraft.ch\/it\/prodotto\/rafting-a-savoie-lisere-bourg-st-maurice-centron-da-chf-72-00\/\"]}]},{\"@type\":\"ImageObject\",\"inLanguage\":\"it-IT\",\"@id\":\"https:\/\/www.swissraft.ch\/it\/prodotto\/rafting-a-savoie-lisere-bourg-st-maurice-centron-da-chf-72-00\/#primaryimage\",\"url\":\"https:\/\/www.swissraft.ch\/wp-content\/uploads\/2023\/02\/1-Isere-776x776-1.png\",\"contentUrl\":\"https:\/\/www.swissraft.ch\/wp-content\/uploads\/2023\/02\/1-Isere-776x776-1.png\",\"width\":776,\"height\":776,\"caption\":\"Rafting sull'Is\u00e8re tra Bourg-St-Maurice e Centron\"},{\"@type\":\"BreadcrumbList\",\"@id\":\"https:\/\/www.swissraft.ch\/it\/prodotto\/rafting-a-savoie-lisere-bourg-st-maurice-centron-da-chf-72-00\/#breadcrumb\",\"itemListElement\":[{\"@type\":\"ListItem\",\"position\":1,\"name\":\"Accueil\",\"item\":\"https:\/\/www.swissraft.ch\/it\/\"},{\"@type\":\"ListItem\",\"position\":2,\"name\":\"Negozio\",\"item\":\"https:\/\/www.swissraft.ch\/it\/negozio\/\"},{\"@type\":\"ListItem\",\"position\":3,\"name\":\"Rafting a SAVOIE &#8211; L&#8217;IS\u00c8RE &#8211; Bourg St. Maurice-Centron &#8211; Da CHF 72.00\"}]},{\"@type\":\"WebSite\",\"@id\":\"https:\/\/www.swissraft.ch\/it\/#website\",\"url\":\"https:\/\/www.swissraft.ch\/it\/\",\"name\":\"Swissraft\",\"description\":\"To enjoy nature as it is\",\"publisher\":{\"@id\":\"https:\/\/www.swissraft.ch\/it\/#organization\"},\"potentialAction\":[{\"@type\":\"SearchAction\",\"target\":{\"@type\":\"EntryPoint\",\"urlTemplate\":\"https:\/\/www.swissraft.ch\/it\/?s={search_term_string}\"},\"query-input\":{\"@type\":\"PropertyValueSpecification\",\"valueRequired\":true,\"valueName\":\"search_term_string\"}}],\"inLanguage\":\"it-IT\"},{\"@type\":\"Organization\",\"@id\":\"https:\/\/www.swissraft.ch\/it\/#organization\",\"name\":\"Swissraft\",\"url\":\"https:\/\/www.swissraft.ch\/it\/\",\"logo\":{\"@type\":\"ImageObject\",\"inLanguage\":\"it-IT\",\"@id\":\"https:\/\/www.swissraft.ch\/it\/#\/schema\/logo\/image\/\",\"url\":\"https:\/\/www.swissraft.ch\/wp-content\/uploads\/2025\/09\/Capture.jpg\",\"contentUrl\":\"https:\/\/www.swissraft.ch\/wp-content\/uploads\/2025\/09\/Capture.jpg\",\"width\":293,\"height\":108,\"caption\":\"Swissraft\"},\"image\":{\"@id\":\"https:\/\/www.swissraft.ch\/it\/#\/schema\/logo\/image\/\"}}]}<\/script>\n<!-- \/ Yoast SEO plugin. -->","yoast_head_json":{"title":"Rafting sull'Is\u00e8re in Savoia. Riverrafting sull'Is\u00e8re nelle Alpi","description":"Rafting sull'Is\u00e8re in Savoia. Da Bourg St Maurice a Centron, l'Is\u00e8re, che scorre attraverso il Parco Nazionale della Vanoise, ti offre uno dei percorsi di rafting pi\u00f9 lunghi d'Europa.","robots":{"index":"index","follow":"follow","max-snippet":"max-snippet:-1","max-image-preview":"max-image-preview:large","max-video-preview":"max-video-preview:-1"},"canonical":"https:\/\/www.swissraft.ch\/it\/prodotto\/rafting-a-savoie-lisere-bourg-st-maurice-centron-da-chf-72-00\/","og_locale":"it_IT","og_type":"article","og_title":"Rafting sull'Is\u00e8re in Savoia. Riverrafting sull'Is\u00e8re nelle Alpi","og_description":"Rafting sull'Is\u00e8re in Savoia. Da Bourg St Maurice a Centron, l'Is\u00e8re, che scorre attraverso il Parco Nazionale della Vanoise, ti offre uno dei percorsi di rafting pi\u00f9 lunghi d'Europa.","og_url":"https:\/\/www.swissraft.ch\/it\/prodotto\/rafting-a-savoie-lisere-bourg-st-maurice-centron-da-chf-72-00\/","og_site_name":"Swissraft","article_modified_time":"2024-11-15T18:17:03+00:00","og_image":[{"width":776,"height":776,"url":"https:\/\/www.swissraft.ch\/wp-content\/uploads\/2023\/02\/1-Isere-776x776-1.png","type":"image\/png"}],"twitter_card":"summary_large_image","twitter_misc":{"Tempo di lettura stimato":"1 minuto"},"schema":{"@context":"https:\/\/schema.org","@graph":[{"@type":"WebPage","@id":"https:\/\/www.swissraft.ch\/it\/prodotto\/rafting-a-savoie-lisere-bourg-st-maurice-centron-da-chf-72-00\/","url":"https:\/\/www.swissraft.ch\/it\/prodotto\/rafting-a-savoie-lisere-bourg-st-maurice-centron-da-chf-72-00\/","name":"Rafting sull'Is\u00e8re in Savoia. Riverrafting sull'Is\u00e8re nelle Alpi","isPartOf":{"@id":"https:\/\/www.swissraft.ch\/it\/#website"},"primaryImageOfPage":{"@id":"https:\/\/www.swissraft.ch\/it\/prodotto\/rafting-a-savoie-lisere-bourg-st-maurice-centron-da-chf-72-00\/#primaryimage"},"image":{"@id":"https:\/\/www.swissraft.ch\/it\/prodotto\/rafting-a-savoie-lisere-bourg-st-maurice-centron-da-chf-72-00\/#primaryimage"},"thumbnailUrl":"https:\/\/www.swissraft.ch\/wp-content\/uploads\/2023\/02\/1-Isere-776x776-1.png","datePublished":"2023-02-18T15:46:39+00:00","dateModified":"2024-11-15T18:17:03+00:00","description":"Rafting sull'Is\u00e8re in Savoia. Da Bourg St Maurice a Centron, l'Is\u00e8re, che scorre attraverso il Parco Nazionale della Vanoise, ti offre uno dei percorsi di rafting pi\u00f9 lunghi d'Europa.","breadcrumb":{"@id":"https:\/\/www.swissraft.ch\/it\/prodotto\/rafting-a-savoie-lisere-bourg-st-maurice-centron-da-chf-72-00\/#breadcrumb"},"inLanguage":"it-IT","potentialAction":[{"@type":"ReadAction","target":["https:\/\/www.swissraft.ch\/it\/prodotto\/rafting-a-savoie-lisere-bourg-st-maurice-centron-da-chf-72-00\/"]}]},{"@type":"ImageObject","inLanguage":"it-IT","@id":"https:\/\/www.swissraft.ch\/it\/prodotto\/rafting-a-savoie-lisere-bourg-st-maurice-centron-da-chf-72-00\/#primaryimage","url":"https:\/\/www.swissraft.ch\/wp-content\/uploads\/2023\/02\/1-Isere-776x776-1.png","contentUrl":"https:\/\/www.swissraft.ch\/wp-content\/uploads\/2023\/02\/1-Isere-776x776-1.png","width":776,"height":776,"caption":"Rafting sull'Is\u00e8re tra Bourg-St-Maurice e Centron"},{"@type":"BreadcrumbList","@id":"https:\/\/www.swissraft.ch\/it\/prodotto\/rafting-a-savoie-lisere-bourg-st-maurice-centron-da-chf-72-00\/#breadcrumb","itemListElement":[{"@type":"ListItem","position":1,"name":"Accueil","item":"https:\/\/www.swissraft.ch\/it\/"},{"@type":"ListItem","position":2,"name":"Negozio","item":"https:\/\/www.swissraft.ch\/it\/negozio\/"},{"@type":"ListItem","position":3,"name":"Rafting a SAVOIE &#8211; L&#8217;IS\u00c8RE &#8211; Bourg St. Maurice-Centron &#8211; Da CHF 72.00"}]},{"@type":"WebSite","@id":"https:\/\/www.swissraft.ch\/it\/#website","url":"https:\/\/www.swissraft.ch\/it\/","name":"Swissraft","description":"To enjoy nature as it is","publisher":{"@id":"https:\/\/www.swissraft.ch\/it\/#organization"},"potentialAction":[{"@type":"SearchAction","target":{"@type":"EntryPoint","urlTemplate":"https:\/\/www.swissraft.ch\/it\/?s={search_term_string}"},"query-input":{"@type":"PropertyValueSpecification","valueRequired":true,"valueName":"search_term_string"}}],"inLanguage":"it-IT"},{"@type":"Organization","@id":"https:\/\/www.swissraft.ch\/it\/#organization","name":"Swissraft","url":"https:\/\/www.swissraft.ch\/it\/","logo":{"@type":"ImageObject","inLanguage":"it-IT","@id":"https:\/\/www.swissraft.ch\/it\/#\/schema\/logo\/image\/","url":"https:\/\/www.swissraft.ch\/wp-content\/uploads\/2025\/09\/Capture.jpg","contentUrl":"https:\/\/www.swissraft.ch\/wp-content\/uploads\/2025\/09\/Capture.jpg","width":293,"height":108,"caption":"Swissraft"},"image":{"@id":"https:\/\/www.swissraft.ch\/it\/#\/schema\/logo\/image\/"}}]}},"_links":{"self":[{"href":"https:\/\/www.swissraft.ch\/it\/wp-json\/wp\/v2\/product\/92785","targetHints":{"allow":["GET"]}}],"collection":[{"href":"https:\/\/www.swissraft.ch\/it\/wp-json\/wp\/v2\/product"}],"about":[{"href":"https:\/\/www.swissraft.ch\/it\/wp-json\/wp\/v2\/types\/product"}],"replies":[{"embeddable":true,"href":"https:\/\/www.swissraft.ch\/it\/wp-json\/wp\/v2\/comments?post=92785"}],"version-history":[{"count":0,"href":"https:\/\/www.swissraft.ch\/it\/wp-json\/wp\/v2\/product\/92785\/revisions"}],"wp:featuredmedia":[{"embeddable":true,"href":"https:\/\/www.swissraft.ch\/it\/wp-json\/wp\/v2\/media\/84644"}],"wp:attachment":[{"href":"https:\/\/www.swissraft.ch\/it\/wp-json\/wp\/v2\/media?parent=92785"}],"wp:term":[{"taxonomy":"product_cat","embeddable":true,"href":"https:\/\/www.swissraft.ch\/it\/wp-json\/wp\/v2\/product_cat?post=92785"},{"taxonomy":"product_tag","embeddable":true,"href":"https:\/\/www.swissraft.ch\/it\/wp-json\/wp\/v2\/product_tag?post=92785"}],"curies":[{"name":"wp","href":"https:\/\/api.w.org\/{rel}","templated":true}]}}