{"id":92766,"date":"2023-02-18T15:24:07","date_gmt":"2023-02-18T14:24:07","guid":{"rendered":"https:\/\/swissraft.xyanzkdne.eu\/product\/rafting-interlaken-la-lutschine-lutschental-bonigen-da-chf-134-10\/"},"modified":"2026-04-09T22:03:25","modified_gmt":"2026-04-09T20:03:25","slug":"rafting-interlaken-lutschine-lutschental-bonigen","status":"publish","type":"product","link":"https:\/\/www.swissraft.ch\/it\/prodotto\/rafting-interlaken-lutschine-lutschental-bonigen\/","title":{"rendered":"Rafting o River rafting a Interlaken &#8211; La L\u00fctschine &#8211; L\u00fctschental-B\u00f6nigen &#8211; Da CHF 120.00"},"content":{"rendered":"\t\t<div data-elementor-type=\"wp-post\" data-elementor-id=\"92766\" class=\"elementor elementor-92766 elementor-30950\">\n\t\t\t\t\t\t\t\t\t<section class=\"elementor-section elementor-top-section elementor-element elementor-element-3303a7e3 elementor-section-boxed elementor-section-height-default elementor-section-height-default\" data-id=\"3303a7e3\" data-element_type=\"section\">\n\t\t\t\t\t\t<div class=\"elementor-container elementor-column-gap-default\">\n\t\t\t\t\t<div class=\"elementor-column elementor-col-100 elementor-top-column elementor-element elementor-element-16d72dbf\" data-id=\"16d72dbf\" data-element_type=\"column\">\n\t\t\t<div class=\"elementor-widget-wrap elementor-element-populated\">\n\t\t\t\t\t\t\t\t<div class=\"elementor-element elementor-element-d743c03 elementor-widget elementor-widget-text-editor\" data-id=\"d743c03\" data-element_type=\"widget\" data-widget_type=\"text-editor.default\">\n\t\t\t\t<div class=\"elementor-widget-container\">\n\t\t\t\t\t\t\t<h2>SCEGLI LA TUA ATTIVIT\u00c0 QUI SOTTO PER OFFRIRE BUONI REGALO\/BIGLIETTI O EFFETTUARE UNA PRENOTAZIONE<\/h2><table border=\"0\" width=\"580\" cellspacing=\"10\" cellpadding=\"10\"><tbody><tr><td width=\"50%\"><strong>RAFTING &#8211; RIVER RAFTING &#8211; L\u00dcTSCHINE + bevanda<\/strong><\/td><td><strong>CHF 150.00 a persona<span class=\"productPrice\"><br \/><\/span><\/strong><\/td><\/tr><tr><td>Informazioni aggiuntive<\/td><td><span class=\"patt\">&#8211; Prezzo giovani : <strong>CHF 130.00<\/strong>\/Pers. fino a 16 anni<br \/>&#8211; A partire da 10 pers. 10% : <strong>CHF 135.00<\/strong>\/Pers.<br \/>&#8211; A partire da 21 pers. 20% : <strong>CHF 120.00<\/strong>\/Pers.<br \/>&#8211; Nessuno sconto aggiuntivo sulle tariffe giovani e scolastiche<br \/><\/span><span class=\"patt\">&#8211; Et\u00e0 minima : 14 anni<br \/><span class=\"plbl\">&#8211; Prezzo scuola : <a href=\"\/it\/prodotto\/gita-scolastica-rafting-interlaken-lutschine-lutschental-bonigen\/\" target=\"_blank\" rel=\"noopener\"><span class=\"patt\" style=\"font-family: inherit; font-size: inherit;\">Clicca qui<\/span><\/a><br \/><\/span><\/span><\/td><\/tr><tr><td>Percorso<\/td><td><strong>L\u00fctschental-B\u00f6nigen<\/strong><\/td><\/tr><tr><td>Orari<\/td><td>10h00 \/ 14h00<\/td><\/tr><tr><td>Rafting<\/td><td>circa 1h30<\/td><\/tr><tr><td>Durata totale<\/td><td>circa 3 ore<\/td><\/tr><tr><td>Appuntamento<\/td><td><a href=\"https:\/\/www.google.com\/maps\/place\/46%C2%B041'19.3%22N+7%C2%B053'48.0%22E\/@46.6887175,7.8958869,137m\/data=!3m1!1e3!4m4!3m3!8m2!3d46.6886944!4d7.8966667?entry=ttu&amp;g_ep=EgoyMDI1MDExNS4wIKXMDSoASAFQAw%3D%3D\" target=\"_blank\" rel=\"noopener\">Parcheggio dietro l&#8217;h\u00f4tel du Lac<\/a><\/td><\/tr><tr><td>Difficolt\u00e0<\/td><td>3-4+<\/td><\/tr><tr><td><button class=\"elementor-button\" type=\"button\"><a href=\"https:\/\/swissraft.outdoorbooking.ch\/fo\/products\/2093?base_id=89&amp;category_id=1&amp;order_type=gift_voucher&amp;lang=it\" target=\"_blank\" rel=\"noopener\">ACQUISTO BUONO REGALO \/ BIGLIETTO<\/a><\/button><\/td><td style=\"text-align: left;\"><strong><span style=\"color: #ff6600;\"><a href=\"https:\/\/swissraft.outdoorbooking.ch\/fo\/products\/2093?base_id=89&amp;category_id=1&amp;order_type=event&amp;lang=it\" target=\"_blank\" rel=\"noopener\">PRENOTA UNA DATA<\/a> <\/span><\/strong><strong>\u00a0CHF 135.00<\/strong>\/Pers.<\/td><\/tr><tr><td><button class=\"elementor-button\" type=\"button\"><a href=\"https:\/\/swissraft.outdoorbooking.ch\/fo\/products\/2137?base_id=89&amp;category_id=1&amp;order_type=gift_voucher&amp;lang=it\" target=\"_blank\" rel=\"noopener\">ACQUISTO BUONO REGALO \/ BIGLIETTO<\/a><\/button><\/td><td style=\"text-align: left;\"><strong><span style=\"color: #ff6600;\"><a href=\"https:\/\/swissraft.outdoorbooking.ch\/fo\/products\/2137?base_id=89&amp;category_id=1&amp;order_type=event&amp;lang=it\" target=\"_blank\" rel=\"noopener\">PRENOTA UNA DATA<\/a> <\/span>\u00a0CHF 1&#8217;090.00 &#8211; <\/strong>RAFT PRIVATA (3-8 pers.)<\/td><\/tr><\/tbody><\/table>\t\t\t\t\t\t<\/div>\n\t\t\t\t<\/div>\n\t\t\t\t<div class=\"elementor-element elementor-element-b04b120 elementor-widget elementor-widget-text-editor\" data-id=\"b04b120\" data-element_type=\"widget\" data-widget_type=\"text-editor.default\">\n\t\t\t\t<div class=\"elementor-widget-container\">\n\t\t\t\t\t\t\t\t\t\t\t\t\t<\/div>\n\t\t\t\t<\/div>\n\t\t\t\t\t<\/div>\n\t\t<\/div>\n\t\t\t\t\t\t\t<\/div>\n\t\t<\/section>\n\t\t\t\t\t\t\t<\/div>\n\t\t","protected":false},"excerpt":{"rendered":"<div align=\"justify\">\n<h2 align=\"justify\">River rafting sulla Lutschine vicino a Interlaken nell&#8217;Oberland Bernese<\/h2>\n<h3>Azione e adrenalina pura garantite. Il rafting sulla Lutschine \u00e8 relativamente breve ma intenso.<\/h3>\n<\/div>\n<div align=\"justify\">\n<p>Rafting sulla L\u00fctschine da L\u00fctschental a B\u00f6nigen. La L\u00fctschine, ai piedi dell&#8217;Eiger, \u00e8 un percorso ideale per il rafting. E chi ama l&#8217;azione avr\u00e0 di che divertirsi.<\/p>\n<h3>Oltre a La Lutschine, offriamo molte altre opzioni di riverrafting in Svizzera e nella vicina Francia.<\/h3>\n<p id=\"textarea\" style=\"display: none;\">Sempre nell&#8217;Oberland Bernese, navighiamo sulla Simme nella Simmental tra Boltigen e D\u00e4rstetten. Inoltre, <strong>fai rafting<\/strong> sul selvaggio Rodano tra Souste e Sierre. Lo stesso vale per il <strong>riverrafting<\/strong> sulla Dranse de Bagnes tra Voll\u00e8ges e Sembrancher. Puoi anche fare rafting sul Vi\u00e8ge da Stalden a Vi\u00e8ge, un fiume dell&#8217;Alto Vallese. Facciamo anche <strong>rafting<\/strong> sulla Sarine tra Saanen e Ch\u00e2teau d&#8217;Oex, nel cantone di Vaud. Offriamo anche il <strong>riverrafting<\/strong> vicino a Ginevra sulla Dranse in Alta Savoia a Thonon-les-Bains. Ma anche in Savoia sui due fiumi pi\u00f9 famosi: l&#8217;Is\u00e8re e il Doron de Bozel. E il rafting nei Grigioni con il famoso <a href=\"\/product\/rafting-sur-le-rhin-grisons-ilanz-reichenau\/\" target=\"_blank\" rel=\"noopener\"><strong>Grand Canyon svizzero<\/strong><\/a> tra Ilanz e Reichenau.\n<\/p>\n<p><a id=\"seeMore\" onclick=\"toggleSeeMore()\" href=\"javascript:void(0);\">Leggi tutto<\/a><\/p>\n","protected":false},"featured_media":84752,"comment_status":"open","ping_status":"closed","template":"","meta":{"inline_featured_image":false,"_mi_skip_tracking":false},"product_cat":[255,435],"product_tag":[],"class_list":["post-92766","product","type-product","status-publish","has-post-thumbnail","hentry","product_cat-rafting-in-svizzera-e-dintorni","product_cat-rafting-nelloberland-bernese"],"yoast_head":"<!-- This site is optimized with the Yoast SEO plugin v23.6 - https:\/\/yoast.com\/wordpress\/plugins\/seo\/ -->\n<title>Rafting Lutschine + bevanda da L\u00fctschental a B\u00f6nigen<\/title>\n<meta name=\"description\" content=\"Rafting Lutschine river + bevanda dalla L\u00fctschental a B\u00f6nigen. Ai piedi dell&#039;Eiger, la L\u00fctschine \u00e8 un fiume ricco di azione per partecipanti motivati.\" \/>\n<meta name=\"robots\" content=\"index, follow, max-snippet:-1, max-image-preview:large, max-video-preview:-1\" \/>\n<link rel=\"canonical\" href=\"https:\/\/www.swissraft.ch\/it\/prodotto\/rafting-interlaken-lutschine-lutschental-bonigen\/\" \/>\n<meta property=\"og:locale\" content=\"it_IT\" \/>\n<meta property=\"og:type\" content=\"article\" \/>\n<meta property=\"og:title\" content=\"Rafting Lutschine + bevanda da L\u00fctschental a B\u00f6nigen\" \/>\n<meta property=\"og:description\" content=\"Rafting Lutschine river + bevanda dalla L\u00fctschental a B\u00f6nigen. Ai piedi dell&#039;Eiger, la L\u00fctschine \u00e8 un fiume ricco di azione per partecipanti motivati.\" \/>\n<meta property=\"og:url\" content=\"https:\/\/www.swissraft.ch\/it\/prodotto\/rafting-interlaken-lutschine-lutschental-bonigen\/\" \/>\n<meta property=\"og:site_name\" content=\"Swissraft\" \/>\n<meta property=\"article:modified_time\" content=\"2026-04-09T20:03:25+00:00\" \/>\n<meta property=\"og:image\" content=\"https:\/\/www.swissraft.ch\/wp-content\/uploads\/2023\/02\/1-Lutschine-776x776-1.png\" \/>\n\t<meta property=\"og:image:width\" content=\"776\" \/>\n\t<meta property=\"og:image:height\" content=\"776\" \/>\n\t<meta property=\"og:image:type\" content=\"image\/png\" \/>\n<meta name=\"twitter:card\" content=\"summary_large_image\" \/>\n<meta name=\"twitter:label1\" content=\"Tempo di lettura stimato\" \/>\n\t<meta name=\"twitter:data1\" content=\"1 minuto\" \/>\n<script type=\"application\/ld+json\" class=\"yoast-schema-graph\">{\"@context\":\"https:\/\/schema.org\",\"@graph\":[{\"@type\":\"WebPage\",\"@id\":\"https:\/\/www.swissraft.ch\/it\/prodotto\/rafting-interlaken-lutschine-lutschental-bonigen\/\",\"url\":\"https:\/\/www.swissraft.ch\/it\/prodotto\/rafting-interlaken-lutschine-lutschental-bonigen\/\",\"name\":\"Rafting Lutschine + bevanda da L\u00fctschental a B\u00f6nigen\",\"isPartOf\":{\"@id\":\"https:\/\/www.swissraft.ch\/it\/#website\"},\"primaryImageOfPage\":{\"@id\":\"https:\/\/www.swissraft.ch\/it\/prodotto\/rafting-interlaken-lutschine-lutschental-bonigen\/#primaryimage\"},\"image\":{\"@id\":\"https:\/\/www.swissraft.ch\/it\/prodotto\/rafting-interlaken-lutschine-lutschental-bonigen\/#primaryimage\"},\"thumbnailUrl\":\"https:\/\/www.swissraft.ch\/wp-content\/uploads\/2023\/02\/1-Lutschine-776x776-1.png\",\"datePublished\":\"2023-02-18T14:24:07+00:00\",\"dateModified\":\"2026-04-09T20:03:25+00:00\",\"description\":\"Rafting Lutschine river + bevanda dalla L\u00fctschental a B\u00f6nigen. Ai piedi dell'Eiger, la L\u00fctschine \u00e8 un fiume ricco di azione per partecipanti motivati.\",\"breadcrumb\":{\"@id\":\"https:\/\/www.swissraft.ch\/it\/prodotto\/rafting-interlaken-lutschine-lutschental-bonigen\/#breadcrumb\"},\"inLanguage\":\"it-IT\",\"potentialAction\":[{\"@type\":\"ReadAction\",\"target\":[\"https:\/\/www.swissraft.ch\/it\/prodotto\/rafting-interlaken-lutschine-lutschental-bonigen\/\"]}]},{\"@type\":\"ImageObject\",\"inLanguage\":\"it-IT\",\"@id\":\"https:\/\/www.swissraft.ch\/it\/prodotto\/rafting-interlaken-lutschine-lutschental-bonigen\/#primaryimage\",\"url\":\"https:\/\/www.swissraft.ch\/wp-content\/uploads\/2023\/02\/1-Lutschine-776x776-1.png\",\"contentUrl\":\"https:\/\/www.swissraft.ch\/wp-content\/uploads\/2023\/02\/1-Lutschine-776x776-1.png\",\"width\":776,\"height\":776,\"caption\":\"Gara scolastica di rafting sulla L\u00fctschine\"},{\"@type\":\"BreadcrumbList\",\"@id\":\"https:\/\/www.swissraft.ch\/it\/prodotto\/rafting-interlaken-lutschine-lutschental-bonigen\/#breadcrumb\",\"itemListElement\":[{\"@type\":\"ListItem\",\"position\":1,\"name\":\"Accueil\",\"item\":\"https:\/\/www.swissraft.ch\/it\/\"},{\"@type\":\"ListItem\",\"position\":2,\"name\":\"Negozio\",\"item\":\"https:\/\/www.swissraft.ch\/it\/negozio\/\"},{\"@type\":\"ListItem\",\"position\":3,\"name\":\"Rafting o River rafting a Interlaken &#8211; La L\u00fctschine &#8211; L\u00fctschental-B\u00f6nigen &#8211; Da CHF 120.00\"}]},{\"@type\":\"WebSite\",\"@id\":\"https:\/\/www.swissraft.ch\/it\/#website\",\"url\":\"https:\/\/www.swissraft.ch\/it\/\",\"name\":\"Swissraft\",\"description\":\"To enjoy nature as it is\",\"publisher\":{\"@id\":\"https:\/\/www.swissraft.ch\/it\/#organization\"},\"potentialAction\":[{\"@type\":\"SearchAction\",\"target\":{\"@type\":\"EntryPoint\",\"urlTemplate\":\"https:\/\/www.swissraft.ch\/it\/?s={search_term_string}\"},\"query-input\":{\"@type\":\"PropertyValueSpecification\",\"valueRequired\":true,\"valueName\":\"search_term_string\"}}],\"inLanguage\":\"it-IT\"},{\"@type\":\"Organization\",\"@id\":\"https:\/\/www.swissraft.ch\/it\/#organization\",\"name\":\"Swissraft\",\"url\":\"https:\/\/www.swissraft.ch\/it\/\",\"logo\":{\"@type\":\"ImageObject\",\"inLanguage\":\"it-IT\",\"@id\":\"https:\/\/www.swissraft.ch\/it\/#\/schema\/logo\/image\/\",\"url\":\"https:\/\/www.swissraft.ch\/wp-content\/uploads\/2025\/09\/Capture.jpg\",\"contentUrl\":\"https:\/\/www.swissraft.ch\/wp-content\/uploads\/2025\/09\/Capture.jpg\",\"width\":293,\"height\":108,\"caption\":\"Swissraft\"},\"image\":{\"@id\":\"https:\/\/www.swissraft.ch\/it\/#\/schema\/logo\/image\/\"}}]}<\/script>\n<!-- \/ Yoast SEO plugin. -->","yoast_head_json":{"title":"Rafting Lutschine + bevanda da L\u00fctschental a B\u00f6nigen","description":"Rafting Lutschine river + bevanda dalla L\u00fctschental a B\u00f6nigen. Ai piedi dell'Eiger, la L\u00fctschine \u00e8 un fiume ricco di azione per partecipanti motivati.","robots":{"index":"index","follow":"follow","max-snippet":"max-snippet:-1","max-image-preview":"max-image-preview:large","max-video-preview":"max-video-preview:-1"},"canonical":"https:\/\/www.swissraft.ch\/it\/prodotto\/rafting-interlaken-lutschine-lutschental-bonigen\/","og_locale":"it_IT","og_type":"article","og_title":"Rafting Lutschine + bevanda da L\u00fctschental a B\u00f6nigen","og_description":"Rafting Lutschine river + bevanda dalla L\u00fctschental a B\u00f6nigen. Ai piedi dell'Eiger, la L\u00fctschine \u00e8 un fiume ricco di azione per partecipanti motivati.","og_url":"https:\/\/www.swissraft.ch\/it\/prodotto\/rafting-interlaken-lutschine-lutschental-bonigen\/","og_site_name":"Swissraft","article_modified_time":"2026-04-09T20:03:25+00:00","og_image":[{"width":776,"height":776,"url":"https:\/\/www.swissraft.ch\/wp-content\/uploads\/2023\/02\/1-Lutschine-776x776-1.png","type":"image\/png"}],"twitter_card":"summary_large_image","twitter_misc":{"Tempo di lettura stimato":"1 minuto"},"schema":{"@context":"https:\/\/schema.org","@graph":[{"@type":"WebPage","@id":"https:\/\/www.swissraft.ch\/it\/prodotto\/rafting-interlaken-lutschine-lutschental-bonigen\/","url":"https:\/\/www.swissraft.ch\/it\/prodotto\/rafting-interlaken-lutschine-lutschental-bonigen\/","name":"Rafting Lutschine + bevanda da L\u00fctschental a B\u00f6nigen","isPartOf":{"@id":"https:\/\/www.swissraft.ch\/it\/#website"},"primaryImageOfPage":{"@id":"https:\/\/www.swissraft.ch\/it\/prodotto\/rafting-interlaken-lutschine-lutschental-bonigen\/#primaryimage"},"image":{"@id":"https:\/\/www.swissraft.ch\/it\/prodotto\/rafting-interlaken-lutschine-lutschental-bonigen\/#primaryimage"},"thumbnailUrl":"https:\/\/www.swissraft.ch\/wp-content\/uploads\/2023\/02\/1-Lutschine-776x776-1.png","datePublished":"2023-02-18T14:24:07+00:00","dateModified":"2026-04-09T20:03:25+00:00","description":"Rafting Lutschine river + bevanda dalla L\u00fctschental a B\u00f6nigen. Ai piedi dell'Eiger, la L\u00fctschine \u00e8 un fiume ricco di azione per partecipanti motivati.","breadcrumb":{"@id":"https:\/\/www.swissraft.ch\/it\/prodotto\/rafting-interlaken-lutschine-lutschental-bonigen\/#breadcrumb"},"inLanguage":"it-IT","potentialAction":[{"@type":"ReadAction","target":["https:\/\/www.swissraft.ch\/it\/prodotto\/rafting-interlaken-lutschine-lutschental-bonigen\/"]}]},{"@type":"ImageObject","inLanguage":"it-IT","@id":"https:\/\/www.swissraft.ch\/it\/prodotto\/rafting-interlaken-lutschine-lutschental-bonigen\/#primaryimage","url":"https:\/\/www.swissraft.ch\/wp-content\/uploads\/2023\/02\/1-Lutschine-776x776-1.png","contentUrl":"https:\/\/www.swissraft.ch\/wp-content\/uploads\/2023\/02\/1-Lutschine-776x776-1.png","width":776,"height":776,"caption":"Gara scolastica di rafting sulla L\u00fctschine"},{"@type":"BreadcrumbList","@id":"https:\/\/www.swissraft.ch\/it\/prodotto\/rafting-interlaken-lutschine-lutschental-bonigen\/#breadcrumb","itemListElement":[{"@type":"ListItem","position":1,"name":"Accueil","item":"https:\/\/www.swissraft.ch\/it\/"},{"@type":"ListItem","position":2,"name":"Negozio","item":"https:\/\/www.swissraft.ch\/it\/negozio\/"},{"@type":"ListItem","position":3,"name":"Rafting o River rafting a Interlaken &#8211; La L\u00fctschine &#8211; L\u00fctschental-B\u00f6nigen &#8211; Da CHF 120.00"}]},{"@type":"WebSite","@id":"https:\/\/www.swissraft.ch\/it\/#website","url":"https:\/\/www.swissraft.ch\/it\/","name":"Swissraft","description":"To enjoy nature as it is","publisher":{"@id":"https:\/\/www.swissraft.ch\/it\/#organization"},"potentialAction":[{"@type":"SearchAction","target":{"@type":"EntryPoint","urlTemplate":"https:\/\/www.swissraft.ch\/it\/?s={search_term_string}"},"query-input":{"@type":"PropertyValueSpecification","valueRequired":true,"valueName":"search_term_string"}}],"inLanguage":"it-IT"},{"@type":"Organization","@id":"https:\/\/www.swissraft.ch\/it\/#organization","name":"Swissraft","url":"https:\/\/www.swissraft.ch\/it\/","logo":{"@type":"ImageObject","inLanguage":"it-IT","@id":"https:\/\/www.swissraft.ch\/it\/#\/schema\/logo\/image\/","url":"https:\/\/www.swissraft.ch\/wp-content\/uploads\/2025\/09\/Capture.jpg","contentUrl":"https:\/\/www.swissraft.ch\/wp-content\/uploads\/2025\/09\/Capture.jpg","width":293,"height":108,"caption":"Swissraft"},"image":{"@id":"https:\/\/www.swissraft.ch\/it\/#\/schema\/logo\/image\/"}}]}},"_links":{"self":[{"href":"https:\/\/www.swissraft.ch\/it\/wp-json\/wp\/v2\/product\/92766","targetHints":{"allow":["GET"]}}],"collection":[{"href":"https:\/\/www.swissraft.ch\/it\/wp-json\/wp\/v2\/product"}],"about":[{"href":"https:\/\/www.swissraft.ch\/it\/wp-json\/wp\/v2\/types\/product"}],"replies":[{"embeddable":true,"href":"https:\/\/www.swissraft.ch\/it\/wp-json\/wp\/v2\/comments?post=92766"}],"version-history":[{"count":57,"href":"https:\/\/www.swissraft.ch\/it\/wp-json\/wp\/v2\/product\/92766\/revisions"}],"predecessor-version":[{"id":138445,"href":"https:\/\/www.swissraft.ch\/it\/wp-json\/wp\/v2\/product\/92766\/revisions\/138445"}],"wp:featuredmedia":[{"embeddable":true,"href":"https:\/\/www.swissraft.ch\/it\/wp-json\/wp\/v2\/media\/84752"}],"wp:attachment":[{"href":"https:\/\/www.swissraft.ch\/it\/wp-json\/wp\/v2\/media?parent=92766"}],"wp:term":[{"taxonomy":"product_cat","embeddable":true,"href":"https:\/\/www.swissraft.ch\/it\/wp-json\/wp\/v2\/product_cat?post=92766"},{"taxonomy":"product_tag","embeddable":true,"href":"https:\/\/www.swissraft.ch\/it\/wp-json\/wp\/v2\/product_tag?post=92766"}],"curies":[{"name":"wp","href":"https:\/\/api.w.org\/{rel}","templated":true}]}}