{"id":92751,"date":"2023-02-18T14:41:06","date_gmt":"2023-02-18T13:41:06","guid":{"rendered":"https:\/\/swissraft.xyanzkdne.eu\/product\/lancio-con-il-paracadute-a-sion-tandem-jump-from-a-plane-no-deadline-per-il-momento\/"},"modified":"2026-04-04T06:09:53","modified_gmt":"2026-04-04T04:09:53","slug":"paracadutismo-sion-salto-tandem-aereo","status":"publish","type":"product","link":"https:\/\/www.swissraft.ch\/it\/prodotto\/paracadutismo-sion-salto-tandem-aereo\/","title":{"rendered":"Paracadutismo a Sion &#8211; Salto tandem da un aereo &#8211; Da CHF 430.00"},"content":{"rendered":"\t\t<div data-elementor-type=\"wp-post\" data-elementor-id=\"92751\" class=\"elementor elementor-92751 elementor-30934\">\n\t\t\t\t\t\t\t\t\t<section class=\"elementor-section elementor-top-section elementor-element elementor-element-3303a7e3 elementor-section-boxed elementor-section-height-default elementor-section-height-default\" data-id=\"3303a7e3\" data-element_type=\"section\">\n\t\t\t\t\t\t<div class=\"elementor-container elementor-column-gap-default\">\n\t\t\t\t\t<div class=\"elementor-column elementor-col-100 elementor-top-column elementor-element elementor-element-16d72dbf\" data-id=\"16d72dbf\" data-element_type=\"column\">\n\t\t\t<div class=\"elementor-widget-wrap elementor-element-populated\">\n\t\t\t\t\t\t\t\t<div class=\"elementor-element elementor-element-d743c03 elementor-widget elementor-widget-text-editor\" data-id=\"d743c03\" data-element_type=\"widget\" data-widget_type=\"text-editor.default\">\n\t\t\t\t<div class=\"elementor-widget-container\">\n\t\t\t\t\t\t\t<h2>SCEGLI LA TUA ATTIVIT\u00c0 QUI SOTTO PER OFFRIRE BUONI REGALO\/BIGLIETTI O EFFETTUARE UNA PRENOTAZIONE<\/h2><table border=\"0\" width=\"580\" cellspacing=\"10\" cellpadding=\"10\"><tbody><tr><td width=\"50%\"><strong>1) LANCIO IN TANDEM CON PARACADUTE &#8211; SION<\/strong><\/td><td><strong>CHF 430.00 a persona<span class=\"productPrice\"><br \/><\/span><\/strong><\/td><\/tr><tr><td>Informazioni aggiuntive<\/td><td>&#8211;<span class=\"plbl\"><span class=\"patt\"> Scarpe sportive senza ganci<br \/>&#8211; Non essere a digiuno<br \/>&#8211; Non essere sotto l&#8217;effetto di alcol o altre sostanze<br \/>&#8211; Autorizzazione dei genitori per i minori<br \/><\/span>&#8211; Sconto <\/span>: <span class=\"patt\">11 salti in tandem (11\u00b0 gratis)<\/span><\/td><\/tr><tr><td>Orari<\/td><td>Al momento della prenotazione, dovrai scegliere l&#8217;ora del giorno in cui effettuare la prenotazione<\/td><\/tr><tr><td>Durata della caduta libera<\/td><td>circa 50 secondi<\/td><\/tr><tr><td>Durata totale<\/td><td>circa 4 ore<\/td><\/tr><tr><td>Aerodromo<\/td><td><a href=\"https:\/\/www.google.com\/maps\/place\/46%C2%B013'08.5%22N+7%C2%B019'10.7%22E\/@46.2191034,7.3149977,781m\/data=!3m1!1e3!4m4!3m3!8m2!3d46.2190278!4d7.3196389?entry=ttu\" target=\"_blank\" rel=\"noopener\">Sion<\/a><\/td><\/tr><tr><td><button class=\"elementor-button\" type=\"button\"><a href=\"https:\/\/swissraft.outdoorbooking.ch\/fo\/products\/1669?base_id=250&amp;category_id=5&amp;order_type=gift_voucher&amp;lang=it\" target=\"_blank\" rel=\"noopener\">ACQUISTO BUONO REGALO \/ BIGLIETTO<\/a><\/button><\/td><td><a href=\"https:\/\/swissraft.outdoorbooking.ch\/fo\/products\/1669?base_id=250&amp;category_id=5&amp;order_type=event&amp;lang=it\" target=\"_blank\" rel=\"noopener\">PRENOTA LA DATA DEL SALTO<\/a>\u00a0\u00a0<strong>CHF 430.00<\/strong>\/pers.<\/td><\/tr><\/tbody><\/table><table border=\"0\" width=\"580\" cellspacing=\"10\" cellpadding=\"10\"><tbody><tr><td width=\"50%\"><strong>2) LANCIO IN TANDEM CON PARACADUTE + VIDEO &#8211; SION<\/strong><\/td><td><strong>CHF 550.00 a persona<span class=\"productPrice\"><br \/><\/span><\/strong><\/td><\/tr><tr><td>Informazioni aggiuntive<\/td><td>&#8211;<span class=\"plbl\"><span class=\"patt\"> Scarpe sportive senza ganci<br \/><\/span><\/span><span class=\"plbl\"><span class=\"patt\">&#8211; Non essere a digiuno<br \/>&#8211; Non essere sotto l&#8217;effetto di alcol o altre sostanze<br \/>&#8211; Autorizzazione dei genitori per i minori<br \/><\/span>&#8211; Sconto <\/span>: <span class=\"patt\">11 salti in tandem (11\u00b0 gratuito)<\/span><\/td><\/tr><tr><td>Orari<\/td><td>Al momento della prenotazione, dovrai scegliere l&#8217;ora del giorno in cui effettuare la prenotazione<\/td><\/tr><tr><td>Durata della caduta libera<\/td><td>circa 50 secondi<\/td><\/tr><tr><td>Durata totale<\/td><td>circa 4 ore<\/td><\/tr><tr><td>Aerodromo<\/td><td><a href=\"https:\/\/www.google.com\/maps\/place\/46%C2%B013'08.5%22N+7%C2%B019'10.7%22E\/@46.2191034,7.3149977,781m\/data=!3m1!1e3!4m4!3m3!8m2!3d46.2190278!4d7.3196389?entry=ttu\" target=\"_blank\" rel=\"noopener\">Sion<\/a><\/td><\/tr><tr><td><button class=\"elementor-button\" type=\"button\"><a href=\"https:\/\/swissraft.outdoorbooking.ch\/fo\/products\/1670?base_id=250&amp;category_id=5&amp;order_type=gift_voucher&amp;lang=it\" target=\"_blank\" rel=\"noopener\">ACQUISTO BUONO REGALO \/ BIGLIETTO<\/a><\/button><\/td><td><a href=\"https:\/\/swissraft.outdoorbooking.ch\/fo\/products\/1670?base_id=250&amp;category_id=5&amp;order_type=event&amp;lang=it\" target=\"_blank\" rel=\"noopener\">PRENOTA LA DATA DEL SALTO<\/a>\u00a0\u00a0<strong>CHF 550.00<\/strong>\/pers.<\/td><\/tr><\/tbody><\/table><table border=\"0\" width=\"580\" cellspacing=\"10\" cellpadding=\"10\"><tbody><tr><td width=\"50%\"><strong>3) LANCIO IN TANDEM CON PARACADUTE + VIDEO &amp; FOTO &#8211; SION<\/strong><\/td><td><strong>CHF 580.00 a persona<span class=\"productPrice\"><br \/><\/span><\/strong><\/td><\/tr><tr><td>Informazioni aggiuntive<\/td><td>&#8211;<span class=\"plbl\"><span class=\"patt\"> Scarpe sportive senza ganci<br \/><\/span><\/span><span class=\"plbl\"><span class=\"patt\">&#8211; Non essere a digiuno<br \/>&#8211; Non essere sotto l&#8217;effetto di alcol o altre sostanze<br \/>&#8211; Autorizzazione dei genitori per i minori<br \/><\/span>&#8211; Sconto <\/span>: <span class=\"patt\">11 salti in tandem (11\u00b0 gratuito)<\/span><\/td><\/tr><tr><td>Orari<\/td><td>Al momento della prenotazione, dovrai scegliere l&#8217;ora del giorno in cui effettuare la prenotazione<\/td><\/tr><tr><td>Durata della caduta libera<\/td><td>circa 50 secondi<\/td><\/tr><tr><td>Durata totale<\/td><td>circa 4 ore<\/td><\/tr><tr><td>Aerodromo<\/td><td><a href=\"https:\/\/www.google.com\/maps\/place\/46%C2%B013'08.5%22N+7%C2%B019'10.7%22E\/@46.2191034,7.3149977,781m\/data=!3m1!1e3!4m4!3m3!8m2!3d46.2190278!4d7.3196389?entry=ttu\" target=\"_blank\" rel=\"noopener\">Sion<\/a><\/td><\/tr><tr><td><button class=\"elementor-button\" type=\"button\"><a href=\"https:\/\/swissraft.outdoorbooking.ch\/fo\/products\/1671?base_id=250&amp;category_id=5&amp;order_type=gift_voucher&amp;lang=it\" target=\"_blank\" rel=\"noopener\">ACQUISTO BUONO REGALO \/ BIGLIETTO<\/a><\/button><\/td><td><a href=\"https:\/\/swissraft.outdoorbooking.ch\/fo\/products\/1671?base_id=250&amp;category_id=5&amp;order_type=event&amp;lang=it\" target=\"_blank\" rel=\"noopener\">PRENOTA LA DATA DEL SALTO<\/a>\u00a0\u00a0<strong>CHF 580.00<\/strong>\/pers.<\/td><\/tr><\/tbody><\/table>\t\t\t\t\t\t<\/div>\n\t\t\t\t<\/div>\n\t\t\t\t\t<\/div>\n\t\t<\/div>\n\t\t\t\t\t\t\t<\/div>\n\t\t<\/section>\n\t\t\t\t\t\t\t<\/div>\n\t\t","protected":false},"excerpt":{"rendered":"<div align=\"justify\">\n<h2 align=\"justify\">Fai un lancio con il paracadute in tandem sulla pianura del Rodano nel Vallese, a Sion<\/h2>\n<h3>Il paracadutismo \u00e8 una celebrazione della vita e di tutte le incredibili esperienze che pu\u00f2 offrire.<\/h3>\n<\/div>\n<div align=\"justify\">\n<p>Sarai seguito da un istruttore-pilota non appena arriverai all&#8217;aeroporto di Sion. Una volta fatte le presentazioni, ti verr\u00e0 data un&#8217;imbracatura adatta a te e l&#8217;attrezzatura necessaria. Poi prova con lui alcuni movimenti e posizioni del corpo, in particolare la posizione della testa per la caduta libera. Tutto \u00e8 pronto e ti stai dirigendo verso l&#8217;aereo. Prendi posto a bordo con il tuo pilota-istruttore e altri tandem che sono ansiosi come te di vivere la grande avventura. A bordo dell&#8217;aereo si respira un&#8217;atmosfera gioiosa, un modo per rilassarsi ed evitare di essere sopraffatti da un po&#8217; di ansia. Il tuo istruttore esperto sapr\u00e0 come calmarti se vede il minimo segno di preoccupazione. Fa parte del suo addestramento infondere fiducia nel passeggero. Mentre sali sopra la valle del Rodano, potrai ammirare il paesaggio. L&#8217;aereo raggiunge l&#8217;altitudine necessaria per un salto sicuro. Il pilota dell&#8217;aereo a fusoliera larga d\u00e0 il via libera al salto. Con il tuo istruttore, ti avvicini al cancello di rilascio. Esegue un controllo finale e insieme vi spingete fuori dall&#8217;aereo. Poi, molto rapidamente, tutto accelera: la velocit\u00e0 della caduta libera raggiunge i 200 km\/h, il suono del vento si amplifica e fischia nelle orecchie. Non preoccuparti, il tuo pilota gestir\u00e0 e stabilizzer\u00e0 questa caduta libera in modo magistrale. Per te \u00e8 un minuto esaltante che ti riempie di gioia. Ogni legittima apprensione si \u00e8 dissolta. Raggiungi un&#8217;altitudine di 1500 m, a quel punto il tuo pilota apre il paracadute. Grazie al suo estrattore, la porta pu\u00f2 essere aperta senza urti improvvisi. Il tuo cameraman, se glielo hai ordinato, si allontaner\u00e0 da te a 200 km\/h prima di aprire a sua volta il paracadute. Poi la discesa prosegue tranquillamente fino a un morbido atterraggio nella nostra dropzone di Sion.<br \/>\nVuoi lanciarti in questa avventura ma sei ancora perplesso. Nessun problema! Puoi fare un simulatore di caduta libera a Sion o a Winterthur, vicino a Zurigo. Le sensazioni sono molto simili alla vera caduta libera.<\/p>\n<h3>Dai un&#8217;occhiata al nostro sito web, abbiamo diversi campi di volo dove offriamo il paracadutismo in tandem.<\/h3>\n<p id=\"textarea\" style=\"display: none;\">\nSempre in Vallese, abbiamo fatto un salto in tandem a Rarogne. E dall&#8217;aerodromo di Bex, nel cantone di Vaud, facciamo un lancio in tandem con il paracadute. Da un lato, facciamo lanci con il paracadute a \u00c9cuvillens e \u00c9pagny, nel cantone di Friburgo. Da Interlaken in elicottero e dall&#8217;aeroporto di Reichenbach in aereo. Effettuiamo anche lanci in tandem dagli aeroporti di Triengen e Berom\u00fcnster, nel cantone di Lucerna. Facciamo anche pratica di paracadutismo al campo di volo di Colombier, sulle rive del lago di Neuch\u00e2tel. Facciamo anche paracadutismo tandem a Grenchen, nel cantone di Soletta. Abbiamo anche una dropzone all&#8217;aeroporto di Sitterdorf, nella Svizzera orientale. Inoltre, ci lanciamo con il paracadute in Ticino dall&#8217;aerodromo di Locarno-Magadino. Lo stesso vale per la Germania, dove abbiamo una dropzone a Rottweil, vicino a Basilea.\n<\/p>\n<p><a id=\"seeMore\" onclick=\"toggleSeeMore()\" href=\"javascript:void(0);\">Leggi tutto<\/a><\/p>\n","protected":false},"featured_media":87914,"comment_status":"open","ping_status":"closed","template":"","meta":{"inline_featured_image":false,"_mi_skip_tracking":false},"product_cat":[432],"product_tag":[],"class_list":["post-92751","product","type-product","status-publish","has-post-thumbnail","hentry","product_cat-lancio-con-paracadute-in-tandem"],"yoast_head":"<!-- This site is optimized with the Yoast SEO plugin v23.6 - https:\/\/yoast.com\/wordpress\/plugins\/seo\/ -->\n<title>Paracadutismo a Sion con una caduta libera di 50 secondi<\/title>\n<meta name=\"description\" content=\"Paracadutismo a Sion con una caduta libera di circa 50 sec. Se ti piacciono il brivido e l&#039;avventura, il lancio con il paracadute \u00e8 quello che fa per te\" \/>\n<meta name=\"robots\" content=\"index, follow, max-snippet:-1, max-image-preview:large, max-video-preview:-1\" \/>\n<link rel=\"canonical\" href=\"https:\/\/www.swissraft.ch\/it\/prodotto\/paracadutismo-sion-salto-tandem-aereo\/\" \/>\n<meta property=\"og:locale\" content=\"it_IT\" \/>\n<meta property=\"og:type\" content=\"article\" \/>\n<meta property=\"og:title\" content=\"Paracadutismo a Sion con una caduta libera di 50 secondi\" \/>\n<meta property=\"og:description\" content=\"Paracadutismo a Sion con una caduta libera di circa 50 sec. Se ti piacciono il brivido e l&#039;avventura, il lancio con il paracadute \u00e8 quello che fa per te\" \/>\n<meta property=\"og:url\" content=\"https:\/\/www.swissraft.ch\/it\/prodotto\/paracadutismo-sion-salto-tandem-aereo\/\" \/>\n<meta property=\"og:site_name\" content=\"Swissraft\" \/>\n<meta property=\"article:modified_time\" content=\"2026-04-04T04:09:53+00:00\" \/>\n<meta property=\"og:image\" content=\"https:\/\/www.swissraft.ch\/wp-content\/uploads\/2023\/02\/1-SITEN-776x776-1.jpg\" \/>\n\t<meta property=\"og:image:width\" content=\"776\" \/>\n\t<meta property=\"og:image:height\" content=\"776\" \/>\n\t<meta property=\"og:image:type\" content=\"image\/jpeg\" \/>\n<meta name=\"twitter:card\" content=\"summary_large_image\" \/>\n<meta name=\"twitter:label1\" content=\"Tempo di lettura stimato\" \/>\n\t<meta name=\"twitter:data1\" content=\"2 minuti\" \/>\n<script type=\"application\/ld+json\" class=\"yoast-schema-graph\">{\"@context\":\"https:\/\/schema.org\",\"@graph\":[{\"@type\":\"WebPage\",\"@id\":\"https:\/\/www.swissraft.ch\/it\/prodotto\/paracadutismo-sion-salto-tandem-aereo\/\",\"url\":\"https:\/\/www.swissraft.ch\/it\/prodotto\/paracadutismo-sion-salto-tandem-aereo\/\",\"name\":\"Paracadutismo a Sion con una caduta libera di 50 secondi\",\"isPartOf\":{\"@id\":\"https:\/\/www.swissraft.ch\/it\/#website\"},\"primaryImageOfPage\":{\"@id\":\"https:\/\/www.swissraft.ch\/it\/prodotto\/paracadutismo-sion-salto-tandem-aereo\/#primaryimage\"},\"image\":{\"@id\":\"https:\/\/www.swissraft.ch\/it\/prodotto\/paracadutismo-sion-salto-tandem-aereo\/#primaryimage\"},\"thumbnailUrl\":\"https:\/\/www.swissraft.ch\/wp-content\/uploads\/2023\/02\/1-SITEN-776x776-1.jpg\",\"datePublished\":\"2023-02-18T13:41:06+00:00\",\"dateModified\":\"2026-04-04T04:09:53+00:00\",\"description\":\"Paracadutismo a Sion con una caduta libera di circa 50 sec. Se ti piacciono il brivido e l'avventura, il lancio con il paracadute \u00e8 quello che fa per te\",\"breadcrumb\":{\"@id\":\"https:\/\/www.swissraft.ch\/it\/prodotto\/paracadutismo-sion-salto-tandem-aereo\/#breadcrumb\"},\"inLanguage\":\"it-IT\",\"potentialAction\":[{\"@type\":\"ReadAction\",\"target\":[\"https:\/\/www.swissraft.ch\/it\/prodotto\/paracadutismo-sion-salto-tandem-aereo\/\"]}]},{\"@type\":\"ImageObject\",\"inLanguage\":\"it-IT\",\"@id\":\"https:\/\/www.swissraft.ch\/it\/prodotto\/paracadutismo-sion-salto-tandem-aereo\/#primaryimage\",\"url\":\"https:\/\/www.swissraft.ch\/wp-content\/uploads\/2023\/02\/1-SITEN-776x776-1.jpg\",\"contentUrl\":\"https:\/\/www.swissraft.ch\/wp-content\/uploads\/2023\/02\/1-SITEN-776x776-1.jpg\",\"width\":776,\"height\":776,\"caption\":\"Salto in tandem da Sion\"},{\"@type\":\"BreadcrumbList\",\"@id\":\"https:\/\/www.swissraft.ch\/it\/prodotto\/paracadutismo-sion-salto-tandem-aereo\/#breadcrumb\",\"itemListElement\":[{\"@type\":\"ListItem\",\"position\":1,\"name\":\"Accueil\",\"item\":\"https:\/\/www.swissraft.ch\/it\/\"},{\"@type\":\"ListItem\",\"position\":2,\"name\":\"Negozio\",\"item\":\"https:\/\/www.swissraft.ch\/it\/negozio\/\"},{\"@type\":\"ListItem\",\"position\":3,\"name\":\"Paracadutismo a Sion &#8211; Salto tandem da un aereo &#8211; Da CHF 430.00\"}]},{\"@type\":\"WebSite\",\"@id\":\"https:\/\/www.swissraft.ch\/it\/#website\",\"url\":\"https:\/\/www.swissraft.ch\/it\/\",\"name\":\"Swissraft\",\"description\":\"To enjoy nature as it is\",\"publisher\":{\"@id\":\"https:\/\/www.swissraft.ch\/it\/#organization\"},\"potentialAction\":[{\"@type\":\"SearchAction\",\"target\":{\"@type\":\"EntryPoint\",\"urlTemplate\":\"https:\/\/www.swissraft.ch\/it\/?s={search_term_string}\"},\"query-input\":{\"@type\":\"PropertyValueSpecification\",\"valueRequired\":true,\"valueName\":\"search_term_string\"}}],\"inLanguage\":\"it-IT\"},{\"@type\":\"Organization\",\"@id\":\"https:\/\/www.swissraft.ch\/it\/#organization\",\"name\":\"Swissraft\",\"url\":\"https:\/\/www.swissraft.ch\/it\/\",\"logo\":{\"@type\":\"ImageObject\",\"inLanguage\":\"it-IT\",\"@id\":\"https:\/\/www.swissraft.ch\/it\/#\/schema\/logo\/image\/\",\"url\":\"https:\/\/www.swissraft.ch\/wp-content\/uploads\/2025\/09\/Capture.jpg\",\"contentUrl\":\"https:\/\/www.swissraft.ch\/wp-content\/uploads\/2025\/09\/Capture.jpg\",\"width\":293,\"height\":108,\"caption\":\"Swissraft\"},\"image\":{\"@id\":\"https:\/\/www.swissraft.ch\/it\/#\/schema\/logo\/image\/\"}}]}<\/script>\n<!-- \/ Yoast SEO plugin. -->","yoast_head_json":{"title":"Paracadutismo a Sion con una caduta libera di 50 secondi","description":"Paracadutismo a Sion con una caduta libera di circa 50 sec. Se ti piacciono il brivido e l'avventura, il lancio con il paracadute \u00e8 quello che fa per te","robots":{"index":"index","follow":"follow","max-snippet":"max-snippet:-1","max-image-preview":"max-image-preview:large","max-video-preview":"max-video-preview:-1"},"canonical":"https:\/\/www.swissraft.ch\/it\/prodotto\/paracadutismo-sion-salto-tandem-aereo\/","og_locale":"it_IT","og_type":"article","og_title":"Paracadutismo a Sion con una caduta libera di 50 secondi","og_description":"Paracadutismo a Sion con una caduta libera di circa 50 sec. Se ti piacciono il brivido e l'avventura, il lancio con il paracadute \u00e8 quello che fa per te","og_url":"https:\/\/www.swissraft.ch\/it\/prodotto\/paracadutismo-sion-salto-tandem-aereo\/","og_site_name":"Swissraft","article_modified_time":"2026-04-04T04:09:53+00:00","og_image":[{"width":776,"height":776,"url":"https:\/\/www.swissraft.ch\/wp-content\/uploads\/2023\/02\/1-SITEN-776x776-1.jpg","type":"image\/jpeg"}],"twitter_card":"summary_large_image","twitter_misc":{"Tempo di lettura stimato":"2 minuti"},"schema":{"@context":"https:\/\/schema.org","@graph":[{"@type":"WebPage","@id":"https:\/\/www.swissraft.ch\/it\/prodotto\/paracadutismo-sion-salto-tandem-aereo\/","url":"https:\/\/www.swissraft.ch\/it\/prodotto\/paracadutismo-sion-salto-tandem-aereo\/","name":"Paracadutismo a Sion con una caduta libera di 50 secondi","isPartOf":{"@id":"https:\/\/www.swissraft.ch\/it\/#website"},"primaryImageOfPage":{"@id":"https:\/\/www.swissraft.ch\/it\/prodotto\/paracadutismo-sion-salto-tandem-aereo\/#primaryimage"},"image":{"@id":"https:\/\/www.swissraft.ch\/it\/prodotto\/paracadutismo-sion-salto-tandem-aereo\/#primaryimage"},"thumbnailUrl":"https:\/\/www.swissraft.ch\/wp-content\/uploads\/2023\/02\/1-SITEN-776x776-1.jpg","datePublished":"2023-02-18T13:41:06+00:00","dateModified":"2026-04-04T04:09:53+00:00","description":"Paracadutismo a Sion con una caduta libera di circa 50 sec. Se ti piacciono il brivido e l'avventura, il lancio con il paracadute \u00e8 quello che fa per te","breadcrumb":{"@id":"https:\/\/www.swissraft.ch\/it\/prodotto\/paracadutismo-sion-salto-tandem-aereo\/#breadcrumb"},"inLanguage":"it-IT","potentialAction":[{"@type":"ReadAction","target":["https:\/\/www.swissraft.ch\/it\/prodotto\/paracadutismo-sion-salto-tandem-aereo\/"]}]},{"@type":"ImageObject","inLanguage":"it-IT","@id":"https:\/\/www.swissraft.ch\/it\/prodotto\/paracadutismo-sion-salto-tandem-aereo\/#primaryimage","url":"https:\/\/www.swissraft.ch\/wp-content\/uploads\/2023\/02\/1-SITEN-776x776-1.jpg","contentUrl":"https:\/\/www.swissraft.ch\/wp-content\/uploads\/2023\/02\/1-SITEN-776x776-1.jpg","width":776,"height":776,"caption":"Salto in tandem da Sion"},{"@type":"BreadcrumbList","@id":"https:\/\/www.swissraft.ch\/it\/prodotto\/paracadutismo-sion-salto-tandem-aereo\/#breadcrumb","itemListElement":[{"@type":"ListItem","position":1,"name":"Accueil","item":"https:\/\/www.swissraft.ch\/it\/"},{"@type":"ListItem","position":2,"name":"Negozio","item":"https:\/\/www.swissraft.ch\/it\/negozio\/"},{"@type":"ListItem","position":3,"name":"Paracadutismo a Sion &#8211; Salto tandem da un aereo &#8211; Da CHF 430.00"}]},{"@type":"WebSite","@id":"https:\/\/www.swissraft.ch\/it\/#website","url":"https:\/\/www.swissraft.ch\/it\/","name":"Swissraft","description":"To enjoy nature as it is","publisher":{"@id":"https:\/\/www.swissraft.ch\/it\/#organization"},"potentialAction":[{"@type":"SearchAction","target":{"@type":"EntryPoint","urlTemplate":"https:\/\/www.swissraft.ch\/it\/?s={search_term_string}"},"query-input":{"@type":"PropertyValueSpecification","valueRequired":true,"valueName":"search_term_string"}}],"inLanguage":"it-IT"},{"@type":"Organization","@id":"https:\/\/www.swissraft.ch\/it\/#organization","name":"Swissraft","url":"https:\/\/www.swissraft.ch\/it\/","logo":{"@type":"ImageObject","inLanguage":"it-IT","@id":"https:\/\/www.swissraft.ch\/it\/#\/schema\/logo\/image\/","url":"https:\/\/www.swissraft.ch\/wp-content\/uploads\/2025\/09\/Capture.jpg","contentUrl":"https:\/\/www.swissraft.ch\/wp-content\/uploads\/2025\/09\/Capture.jpg","width":293,"height":108,"caption":"Swissraft"},"image":{"@id":"https:\/\/www.swissraft.ch\/it\/#\/schema\/logo\/image\/"}}]}},"_links":{"self":[{"href":"https:\/\/www.swissraft.ch\/it\/wp-json\/wp\/v2\/product\/92751","targetHints":{"allow":["GET"]}}],"collection":[{"href":"https:\/\/www.swissraft.ch\/it\/wp-json\/wp\/v2\/product"}],"about":[{"href":"https:\/\/www.swissraft.ch\/it\/wp-json\/wp\/v2\/types\/product"}],"replies":[{"embeddable":true,"href":"https:\/\/www.swissraft.ch\/it\/wp-json\/wp\/v2\/comments?post=92751"}],"version-history":[{"count":49,"href":"https:\/\/www.swissraft.ch\/it\/wp-json\/wp\/v2\/product\/92751\/revisions"}],"predecessor-version":[{"id":136960,"href":"https:\/\/www.swissraft.ch\/it\/wp-json\/wp\/v2\/product\/92751\/revisions\/136960"}],"wp:featuredmedia":[{"embeddable":true,"href":"https:\/\/www.swissraft.ch\/it\/wp-json\/wp\/v2\/media\/87914"}],"wp:attachment":[{"href":"https:\/\/www.swissraft.ch\/it\/wp-json\/wp\/v2\/media?parent=92751"}],"wp:term":[{"taxonomy":"product_cat","embeddable":true,"href":"https:\/\/www.swissraft.ch\/it\/wp-json\/wp\/v2\/product_cat?post=92751"},{"taxonomy":"product_tag","embeddable":true,"href":"https:\/\/www.swissraft.ch\/it\/wp-json\/wp\/v2\/product_tag?post=92751"}],"curies":[{"name":"wp","href":"https:\/\/api.w.org\/{rel}","templated":true}]}}