{"id":92746,"date":"2023-02-18T13:51:06","date_gmt":"2023-02-18T12:51:06","guid":{"rendered":"https:\/\/swissraft.xyanzkdne.eu\/product\/lancio-con-il-paracadute-a-sitterdorf-salto-tandem-da-un-aereo-non-ce-scadenza-per-ora\/"},"modified":"2026-04-04T04:15:36","modified_gmt":"2026-04-04T02:15:36","slug":"paracadutismo-sitterdorf-salto-tandem-aereo","status":"publish","type":"product","link":"https:\/\/www.swissraft.ch\/it\/prodotto\/paracadutismo-sitterdorf-salto-tandem-aereo\/","title":{"rendered":"Paracadutismo a Sitterdorf &#8211; Salto tandem da un aereo &#8211; Da CHF 405.00"},"content":{"rendered":"\t\t<div data-elementor-type=\"wp-post\" data-elementor-id=\"92746\" class=\"elementor elementor-92746 elementor-30916\">\n\t\t\t\t\t\t\t\t\t<section class=\"elementor-section elementor-top-section elementor-element elementor-element-3303a7e3 elementor-section-boxed elementor-section-height-default elementor-section-height-default\" data-id=\"3303a7e3\" data-element_type=\"section\">\n\t\t\t\t\t\t<div class=\"elementor-container elementor-column-gap-default\">\n\t\t\t\t\t<div class=\"elementor-column elementor-col-100 elementor-top-column elementor-element elementor-element-16d72dbf\" data-id=\"16d72dbf\" data-element_type=\"column\">\n\t\t\t<div class=\"elementor-widget-wrap elementor-element-populated\">\n\t\t\t\t\t\t\t\t<div class=\"elementor-element elementor-element-d743c03 elementor-widget elementor-widget-text-editor\" data-id=\"d743c03\" data-element_type=\"widget\" data-widget_type=\"text-editor.default\">\n\t\t\t\t<div class=\"elementor-widget-container\">\n\t\t\t\t\t\t\t<h2>SCEGLI LA TUA ATTIVIT\u00c0 QUI SOTTO PER OFFRIRE BUONI REGALO\/BIGLIETTI O EFFETTUARE UNA PRENOTAZIONE<\/h2><table border=\"0\" width=\"580\" cellspacing=\"10\" cellpadding=\"10\"><tbody><tr><td width=\"50%\"><strong>LANCIO IN TANDEM CON PARACADUTE &#8211; SITTERDORF<\/strong><\/td><td><strong>CHF 405.00 a persona<span class=\"productPrice\"><br \/><\/span><\/strong><\/td><\/tr><tr><td>Informazioni aggiuntive<\/td><td>&#8211; Scarpe sportive senza ganci<br \/>&#8211; Non andare a digiuno<br \/>&#8211; Non essere sotto l&#8217;effetto di alcol o altre sostanze<br \/>&#8211; Autorizzazione dei genitori per i minori<\/td><\/tr><tr><td>Orari<\/td><td>09h00 \/ 13h15 \/ 16h00<\/td><\/tr><tr><td>Durata della caduta libera<\/td><td>circa 45 secondi<\/td><\/tr><tr><td>Durata totale<\/td><td>circa 4 ore<\/td><\/tr><tr><td>Campo d&#8217;aviazione<\/td><td><a href=\"https:\/\/www.google.com\/maps\/place\/Sitterdorf+Airport\/@47.5100845,9.2437685,3049m\/data=!3m1!1e3!4m6!3m5!1s0x479ae487b817cbd5:0xbe33a8c53b7365c6!8m2!3d47.5097648!4d9.2628495!16s%2Fg%2F122mf8n4?entry=ttu\" target=\"_blank\" rel=\"noopener\">Sitterdorf<\/a><\/td><\/tr><tr><td><a href=\"https:\/\/swissraft.outdoorbooking.ch\/fo\/products\/891?base_id=41&amp;category_id=5&amp;order_type=gift_voucher&amp;lang=it\" target=\"_blank\" rel=\"noopener\"><button class=\"elementor-button\" type=\"button\">ACQUISTO BUONO REGALO \/ BIGLIETTO<\/button><\/a><\/td><td><strong>CHF 405.00<\/strong>\/pers.<\/td><\/tr><tr><td><a href=\"https:\/\/swissraft.outdoorbooking.ch\/fo\/products\/892?base_id=41&amp;category_id=5&amp;order_type=gift_voucher&amp;lang=it\" target=\"_blank\" rel=\"noopener\"><button class=\"elementor-button\" type=\"button\">ACQUISTO BUONO REGALO \/ BIGLIETTO<\/button><\/a><\/td><td><strong>CHF 555.00<\/strong>\/pers. con video<\/td><\/tr><tr><td>\u00a0<\/td><td><strong><em>IMPORTANTE !<\/em><\/strong><br \/><em>Per prenotare, chiamate il numero che si trova in alto a sinistra sul buono regalo \/ biglietto.<\/em><\/td><\/tr><\/tbody><\/table>\t\t\t\t\t\t<\/div>\n\t\t\t\t<\/div>\n\t\t\t\t\t<\/div>\n\t\t<\/div>\n\t\t\t\t\t\t\t<\/div>\n\t\t<\/section>\n\t\t\t\t\t\t\t<\/div>\n\t\t","protected":false},"excerpt":{"rendered":"<div align=\"justify\">\n<h2 align=\"justify\">Lancio con paracadute in tandem a Sitterdorf, nel cantone di Thurgau, nella Svizzera orientale<\/h2>\n<h3>un salto in tandem da un aereo a un&#8217;altitudine di 4.000 metri dal suolo; una scarica di adrenalina garantita<\/h3>\n<\/div>\n<div align=\"justify\">\n<p>L&#8217;aeroporto di Sitterdorf ti offre un caloroso benvenuto. Ricevi le istruzioni per la caduta libera e l&#8217;atterraggio. Poi ti dotiamo di occhiali protettivi. Dopo aver indossato l&#8217;attrezzatura e la muta, sali a bordo dell&#8217;aereo. Goditi il magnifico panorama mentre sali. Ora sei pronto per il grande salto. Quando scendi dall&#8217;aereo, senti l&#8217;adrenalina. Il tuo sogno si \u00e8 finalmente avverato. A oltre 200 km\/h, senti il vento che ti scompiglia i capelli. Puoi anche fare un salto in solitaria con noi. Un salto AFF richiede una giornata di preparazione. Salta con due istruttori che ti stabilizzano in aria. Dopo aver aperto il paracadute, scendi da solo sotto la tua calotta. A terra, un istruttore ti guida via radio durante l&#8217;atterraggio. Ti aspetta un&#8217;esperienza esaltante!<\/p>\n<h3>Non dimenticare che Swissraft ha pubblicato sul suo sito web una serie di dropzone in tutta la Svizzera e la Germania.<\/h3>\n<p id=\"textarea\" style=\"display: none;\">\nFacciamo paracadutismo da diversi campi di volo in Svizzera: Berom\u00fcnster, Interlaken e Reichenbach nell&#8217;Oberland Bernese. Da Granges, \u00c9cuvillens, \u00c9pagny e Colombier. Nel cantone di Vaud, saltiamo da Bex. In Vallese, facciamo salti in tandem da Sion e Rarogne. Inoltre, saltiamo nel cantone di Obvaldo dall&#8217;aerodromo di K\u00e4giswil. Stiamo anche saltando in Ticino da Locarno. E vicino a Basilea, nell&#8217;aeroporto di Rottweil in Germania.\n<\/p>\n<p><a id=\"seeMore\" onclick=\"toggleSeeMore()\" href=\"javascript:void(0);\">Leggi tutto<\/a><\/p>\n","protected":false},"featured_media":89858,"comment_status":"open","ping_status":"closed","template":"","meta":{"inline_featured_image":false,"_mi_skip_tracking":false},"product_cat":[432],"product_tag":[],"class_list":["post-92746","product","type-product","status-publish","has-post-thumbnail","hentry","product_cat-lancio-con-paracadute-in-tandem"],"yoast_head":"<!-- This site is optimized with the Yoast SEO plugin v23.6 - https:\/\/yoast.com\/wordpress\/plugins\/seo\/ -->\n<title>Paracadutismo a Sitterdorf. Caduta libera di 45 secondi<\/title>\n<meta name=\"description\" content=\"Paracadutismo a Sitterdorf in tandem con una caduta libera di circa 45 secondi. Se sei alla ricerca di un&#039;esperienza straordinaria, fai il salto!\" \/>\n<meta name=\"robots\" content=\"index, follow, max-snippet:-1, max-image-preview:large, max-video-preview:-1\" \/>\n<link rel=\"canonical\" href=\"https:\/\/www.swissraft.ch\/it\/prodotto\/paracadutismo-sitterdorf-salto-tandem-aereo\/\" \/>\n<meta property=\"og:locale\" content=\"it_IT\" \/>\n<meta property=\"og:type\" content=\"article\" \/>\n<meta property=\"og:title\" content=\"Paracadutismo a Sitterdorf. Caduta libera di 45 secondi\" \/>\n<meta property=\"og:description\" content=\"Paracadutismo a Sitterdorf in tandem con una caduta libera di circa 45 secondi. Se sei alla ricerca di un&#039;esperienza straordinaria, fai il salto!\" \/>\n<meta property=\"og:url\" content=\"https:\/\/www.swissraft.ch\/it\/prodotto\/paracadutismo-sitterdorf-salto-tandem-aereo\/\" \/>\n<meta property=\"og:site_name\" content=\"Swissraft\" \/>\n<meta property=\"article:modified_time\" content=\"2026-04-04T02:15:36+00:00\" \/>\n<meta property=\"og:image\" content=\"https:\/\/www.swissraft.ch\/wp-content\/uploads\/2023\/02\/1-Sitterdorf-saut-en-tandem-776x776-1.jpg\" \/>\n\t<meta property=\"og:image:width\" content=\"776\" \/>\n\t<meta property=\"og:image:height\" content=\"776\" \/>\n\t<meta property=\"og:image:type\" content=\"image\/jpeg\" \/>\n<meta name=\"twitter:card\" content=\"summary_large_image\" \/>\n<meta name=\"twitter:label1\" content=\"Tempo di lettura stimato\" \/>\n\t<meta name=\"twitter:data1\" content=\"1 minuto\" \/>\n<script type=\"application\/ld+json\" class=\"yoast-schema-graph\">{\"@context\":\"https:\/\/schema.org\",\"@graph\":[{\"@type\":\"WebPage\",\"@id\":\"https:\/\/www.swissraft.ch\/it\/prodotto\/paracadutismo-sitterdorf-salto-tandem-aereo\/\",\"url\":\"https:\/\/www.swissraft.ch\/it\/prodotto\/paracadutismo-sitterdorf-salto-tandem-aereo\/\",\"name\":\"Paracadutismo a Sitterdorf. Caduta libera di 45 secondi\",\"isPartOf\":{\"@id\":\"https:\/\/www.swissraft.ch\/it\/#website\"},\"primaryImageOfPage\":{\"@id\":\"https:\/\/www.swissraft.ch\/it\/prodotto\/paracadutismo-sitterdorf-salto-tandem-aereo\/#primaryimage\"},\"image\":{\"@id\":\"https:\/\/www.swissraft.ch\/it\/prodotto\/paracadutismo-sitterdorf-salto-tandem-aereo\/#primaryimage\"},\"thumbnailUrl\":\"https:\/\/www.swissraft.ch\/wp-content\/uploads\/2023\/02\/1-Sitterdorf-saut-en-tandem-776x776-1.jpg\",\"datePublished\":\"2023-02-18T12:51:06+00:00\",\"dateModified\":\"2026-04-04T02:15:36+00:00\",\"description\":\"Paracadutismo a Sitterdorf in tandem con una caduta libera di circa 45 secondi. Se sei alla ricerca di un'esperienza straordinaria, fai il salto!\",\"breadcrumb\":{\"@id\":\"https:\/\/www.swissraft.ch\/it\/prodotto\/paracadutismo-sitterdorf-salto-tandem-aereo\/#breadcrumb\"},\"inLanguage\":\"it-IT\",\"potentialAction\":[{\"@type\":\"ReadAction\",\"target\":[\"https:\/\/www.swissraft.ch\/it\/prodotto\/paracadutismo-sitterdorf-salto-tandem-aereo\/\"]}]},{\"@type\":\"ImageObject\",\"inLanguage\":\"it-IT\",\"@id\":\"https:\/\/www.swissraft.ch\/it\/prodotto\/paracadutismo-sitterdorf-salto-tandem-aereo\/#primaryimage\",\"url\":\"https:\/\/www.swissraft.ch\/wp-content\/uploads\/2023\/02\/1-Sitterdorf-saut-en-tandem-776x776-1.jpg\",\"contentUrl\":\"https:\/\/www.swissraft.ch\/wp-content\/uploads\/2023\/02\/1-Sitterdorf-saut-en-tandem-776x776-1.jpg\",\"width\":776,\"height\":776,\"caption\":\"Sitterdorf lancio in tandem con il paracadute\"},{\"@type\":\"BreadcrumbList\",\"@id\":\"https:\/\/www.swissraft.ch\/it\/prodotto\/paracadutismo-sitterdorf-salto-tandem-aereo\/#breadcrumb\",\"itemListElement\":[{\"@type\":\"ListItem\",\"position\":1,\"name\":\"Accueil\",\"item\":\"https:\/\/www.swissraft.ch\/it\/\"},{\"@type\":\"ListItem\",\"position\":2,\"name\":\"Negozio\",\"item\":\"https:\/\/www.swissraft.ch\/it\/negozio\/\"},{\"@type\":\"ListItem\",\"position\":3,\"name\":\"Paracadutismo a Sitterdorf &#8211; Salto tandem da un aereo &#8211; Da CHF 405.00\"}]},{\"@type\":\"WebSite\",\"@id\":\"https:\/\/www.swissraft.ch\/it\/#website\",\"url\":\"https:\/\/www.swissraft.ch\/it\/\",\"name\":\"Swissraft\",\"description\":\"To enjoy nature as it is\",\"publisher\":{\"@id\":\"https:\/\/www.swissraft.ch\/it\/#organization\"},\"potentialAction\":[{\"@type\":\"SearchAction\",\"target\":{\"@type\":\"EntryPoint\",\"urlTemplate\":\"https:\/\/www.swissraft.ch\/it\/?s={search_term_string}\"},\"query-input\":{\"@type\":\"PropertyValueSpecification\",\"valueRequired\":true,\"valueName\":\"search_term_string\"}}],\"inLanguage\":\"it-IT\"},{\"@type\":\"Organization\",\"@id\":\"https:\/\/www.swissraft.ch\/it\/#organization\",\"name\":\"Swissraft\",\"url\":\"https:\/\/www.swissraft.ch\/it\/\",\"logo\":{\"@type\":\"ImageObject\",\"inLanguage\":\"it-IT\",\"@id\":\"https:\/\/www.swissraft.ch\/it\/#\/schema\/logo\/image\/\",\"url\":\"https:\/\/www.swissraft.ch\/wp-content\/uploads\/2025\/09\/Capture.jpg\",\"contentUrl\":\"https:\/\/www.swissraft.ch\/wp-content\/uploads\/2025\/09\/Capture.jpg\",\"width\":293,\"height\":108,\"caption\":\"Swissraft\"},\"image\":{\"@id\":\"https:\/\/www.swissraft.ch\/it\/#\/schema\/logo\/image\/\"}}]}<\/script>\n<!-- \/ Yoast SEO plugin. -->","yoast_head_json":{"title":"Paracadutismo a Sitterdorf. Caduta libera di 45 secondi","description":"Paracadutismo a Sitterdorf in tandem con una caduta libera di circa 45 secondi. Se sei alla ricerca di un'esperienza straordinaria, fai il salto!","robots":{"index":"index","follow":"follow","max-snippet":"max-snippet:-1","max-image-preview":"max-image-preview:large","max-video-preview":"max-video-preview:-1"},"canonical":"https:\/\/www.swissraft.ch\/it\/prodotto\/paracadutismo-sitterdorf-salto-tandem-aereo\/","og_locale":"it_IT","og_type":"article","og_title":"Paracadutismo a Sitterdorf. Caduta libera di 45 secondi","og_description":"Paracadutismo a Sitterdorf in tandem con una caduta libera di circa 45 secondi. Se sei alla ricerca di un'esperienza straordinaria, fai il salto!","og_url":"https:\/\/www.swissraft.ch\/it\/prodotto\/paracadutismo-sitterdorf-salto-tandem-aereo\/","og_site_name":"Swissraft","article_modified_time":"2026-04-04T02:15:36+00:00","og_image":[{"width":776,"height":776,"url":"https:\/\/www.swissraft.ch\/wp-content\/uploads\/2023\/02\/1-Sitterdorf-saut-en-tandem-776x776-1.jpg","type":"image\/jpeg"}],"twitter_card":"summary_large_image","twitter_misc":{"Tempo di lettura stimato":"1 minuto"},"schema":{"@context":"https:\/\/schema.org","@graph":[{"@type":"WebPage","@id":"https:\/\/www.swissraft.ch\/it\/prodotto\/paracadutismo-sitterdorf-salto-tandem-aereo\/","url":"https:\/\/www.swissraft.ch\/it\/prodotto\/paracadutismo-sitterdorf-salto-tandem-aereo\/","name":"Paracadutismo a Sitterdorf. Caduta libera di 45 secondi","isPartOf":{"@id":"https:\/\/www.swissraft.ch\/it\/#website"},"primaryImageOfPage":{"@id":"https:\/\/www.swissraft.ch\/it\/prodotto\/paracadutismo-sitterdorf-salto-tandem-aereo\/#primaryimage"},"image":{"@id":"https:\/\/www.swissraft.ch\/it\/prodotto\/paracadutismo-sitterdorf-salto-tandem-aereo\/#primaryimage"},"thumbnailUrl":"https:\/\/www.swissraft.ch\/wp-content\/uploads\/2023\/02\/1-Sitterdorf-saut-en-tandem-776x776-1.jpg","datePublished":"2023-02-18T12:51:06+00:00","dateModified":"2026-04-04T02:15:36+00:00","description":"Paracadutismo a Sitterdorf in tandem con una caduta libera di circa 45 secondi. Se sei alla ricerca di un'esperienza straordinaria, fai il salto!","breadcrumb":{"@id":"https:\/\/www.swissraft.ch\/it\/prodotto\/paracadutismo-sitterdorf-salto-tandem-aereo\/#breadcrumb"},"inLanguage":"it-IT","potentialAction":[{"@type":"ReadAction","target":["https:\/\/www.swissraft.ch\/it\/prodotto\/paracadutismo-sitterdorf-salto-tandem-aereo\/"]}]},{"@type":"ImageObject","inLanguage":"it-IT","@id":"https:\/\/www.swissraft.ch\/it\/prodotto\/paracadutismo-sitterdorf-salto-tandem-aereo\/#primaryimage","url":"https:\/\/www.swissraft.ch\/wp-content\/uploads\/2023\/02\/1-Sitterdorf-saut-en-tandem-776x776-1.jpg","contentUrl":"https:\/\/www.swissraft.ch\/wp-content\/uploads\/2023\/02\/1-Sitterdorf-saut-en-tandem-776x776-1.jpg","width":776,"height":776,"caption":"Sitterdorf lancio in tandem con il paracadute"},{"@type":"BreadcrumbList","@id":"https:\/\/www.swissraft.ch\/it\/prodotto\/paracadutismo-sitterdorf-salto-tandem-aereo\/#breadcrumb","itemListElement":[{"@type":"ListItem","position":1,"name":"Accueil","item":"https:\/\/www.swissraft.ch\/it\/"},{"@type":"ListItem","position":2,"name":"Negozio","item":"https:\/\/www.swissraft.ch\/it\/negozio\/"},{"@type":"ListItem","position":3,"name":"Paracadutismo a Sitterdorf &#8211; Salto tandem da un aereo &#8211; Da CHF 405.00"}]},{"@type":"WebSite","@id":"https:\/\/www.swissraft.ch\/it\/#website","url":"https:\/\/www.swissraft.ch\/it\/","name":"Swissraft","description":"To enjoy nature as it is","publisher":{"@id":"https:\/\/www.swissraft.ch\/it\/#organization"},"potentialAction":[{"@type":"SearchAction","target":{"@type":"EntryPoint","urlTemplate":"https:\/\/www.swissraft.ch\/it\/?s={search_term_string}"},"query-input":{"@type":"PropertyValueSpecification","valueRequired":true,"valueName":"search_term_string"}}],"inLanguage":"it-IT"},{"@type":"Organization","@id":"https:\/\/www.swissraft.ch\/it\/#organization","name":"Swissraft","url":"https:\/\/www.swissraft.ch\/it\/","logo":{"@type":"ImageObject","inLanguage":"it-IT","@id":"https:\/\/www.swissraft.ch\/it\/#\/schema\/logo\/image\/","url":"https:\/\/www.swissraft.ch\/wp-content\/uploads\/2025\/09\/Capture.jpg","contentUrl":"https:\/\/www.swissraft.ch\/wp-content\/uploads\/2025\/09\/Capture.jpg","width":293,"height":108,"caption":"Swissraft"},"image":{"@id":"https:\/\/www.swissraft.ch\/it\/#\/schema\/logo\/image\/"}}]}},"_links":{"self":[{"href":"https:\/\/www.swissraft.ch\/it\/wp-json\/wp\/v2\/product\/92746","targetHints":{"allow":["GET"]}}],"collection":[{"href":"https:\/\/www.swissraft.ch\/it\/wp-json\/wp\/v2\/product"}],"about":[{"href":"https:\/\/www.swissraft.ch\/it\/wp-json\/wp\/v2\/types\/product"}],"replies":[{"embeddable":true,"href":"https:\/\/www.swissraft.ch\/it\/wp-json\/wp\/v2\/comments?post=92746"}],"version-history":[{"count":28,"href":"https:\/\/www.swissraft.ch\/it\/wp-json\/wp\/v2\/product\/92746\/revisions"}],"predecessor-version":[{"id":136692,"href":"https:\/\/www.swissraft.ch\/it\/wp-json\/wp\/v2\/product\/92746\/revisions\/136692"}],"wp:featuredmedia":[{"embeddable":true,"href":"https:\/\/www.swissraft.ch\/it\/wp-json\/wp\/v2\/media\/89858"}],"wp:attachment":[{"href":"https:\/\/www.swissraft.ch\/it\/wp-json\/wp\/v2\/media?parent=92746"}],"wp:term":[{"taxonomy":"product_cat","embeddable":true,"href":"https:\/\/www.swissraft.ch\/it\/wp-json\/wp\/v2\/product_cat?post=92746"},{"taxonomy":"product_tag","embeddable":true,"href":"https:\/\/www.swissraft.ch\/it\/wp-json\/wp\/v2\/product_tag?post=92746"}],"curies":[{"name":"wp","href":"https:\/\/api.w.org\/{rel}","templated":true}]}}