{"id":92742,"date":"2023-02-18T14:27:52","date_gmt":"2023-02-18T13:27:52","guid":{"rendered":"https:\/\/swissraft.xyanzkdne.eu\/product\/paracadutismo-a-rarogne-salto-tandem-da-un-aereo-da-chf-430-00\/"},"modified":"2026-04-04T05:12:11","modified_gmt":"2026-04-04T03:12:11","slug":"paracadutismo-rarogne-salto-tandem-aereo","status":"publish","type":"product","link":"https:\/\/www.swissraft.ch\/it\/prodotto\/paracadutismo-rarogne-salto-tandem-aereo\/","title":{"rendered":"Paracadutismo a Rarogne &#8211; Salto tandem da un aereo &#8211; Da CHF 430.00"},"content":{"rendered":"\t\t<div data-elementor-type=\"wp-post\" data-elementor-id=\"92742\" class=\"elementor elementor-92742 elementor-30928\">\n\t\t\t\t\t\t\t\t\t<section class=\"elementor-section elementor-top-section elementor-element elementor-element-3303a7e3 elementor-section-boxed elementor-section-height-default elementor-section-height-default\" data-id=\"3303a7e3\" data-element_type=\"section\">\n\t\t\t\t\t\t<div class=\"elementor-container elementor-column-gap-default\">\n\t\t\t\t\t<div class=\"elementor-column elementor-col-100 elementor-top-column elementor-element elementor-element-16d72dbf\" data-id=\"16d72dbf\" data-element_type=\"column\">\n\t\t\t<div class=\"elementor-widget-wrap elementor-element-populated\">\n\t\t\t\t\t\t\t\t<div class=\"elementor-element elementor-element-d743c03 elementor-widget elementor-widget-text-editor\" data-id=\"d743c03\" data-element_type=\"widget\" data-widget_type=\"text-editor.default\">\n\t\t\t\t<div class=\"elementor-widget-container\">\n\t\t\t\t\t\t\t<h2>SCEGLI LA TUA ATTIVIT\u00c0 QUI SOTTO PER OFFRIRE BUONI REGALO\/BIGLIETTI O EFFETTUARE UNA PRENOTAZIONE<\/h2><table border=\"0\" width=\"580\" cellspacing=\"10\" cellpadding=\"10\"><tbody><tr><td width=\"50%\"><strong>LANCIO IN TANDEM CON PARACADUTE &#8211; RAROGNE<\/strong><\/td><td><strong>CHF 430.00 a persona<span class=\"productPrice\"><br \/><\/span><\/strong><\/td><\/tr><tr><td>Informazioni aggiuntive<\/td><td><span class=\"plbl\"><span class=\"patt\">&#8211; Scarpe sportive senza ganci<br \/>&#8211; Non essere a digiuno<br \/>&#8211; Non essere sotto l&#8217;effetto di alcol o altre sostanze<br \/>&#8211; Autorizzazione dei genitori per i minori<br \/><\/span>&#8211; Sconto <\/span>: <span class=\"patt\">11 salti in tandem (11\u00b0 gratis)<\/span><\/td><\/tr><tr><td>Orari<\/td><td>Al momento della prenotazione, dovrai scegliere l&#8217;ora del giorno in cui effettuare la prenotazione.<\/td><\/tr><tr><td>Durata della caduta libera<\/td><td>circa 50 secondi<\/td><\/tr><tr><td>Durata totale<\/td><td>circa 4 ore<\/td><\/tr><tr><td>Aerodromo<\/td><td><a href=\"https:\/\/www.google.com\/maps\/place\/46%C2%B018'13.6%22N+7%C2%B049'18.7%22E\/@46.3040916,7.8029056,3119m\/data=!3m1!1e3!4m4!3m3!8m2!3d46.3037778!4d7.8218611?entry=ttu\" target=\"_blank\" rel=\"noopener\">Rarogne<\/a><\/td><\/tr><tr><td><button class=\"elementor-button\" type=\"button\"><a href=\"https:\/\/swissraft.outdoorbooking.ch\/fo\/products\/1672?base_id=249&amp;category_id=5&amp;order_type=gift_voucher&amp;lang=it\" target=\"_blank\" rel=\"noopener\">ACQUISTO BUONO REGALO \/ BIGLIETTO<\/a><\/button><\/td><td><a href=\"https:\/\/swissraft.outdoorbooking.ch\/fo\/products\/1672?base_id=249&amp;category_id=5&amp;order_type=event&amp;lang=it\" target=\"_blank\" rel=\"noopener\">PRENOTA LA DATA DEL SALTO<\/a>\u00a0 <strong>CHF 430.00<\/strong>\/pers.<\/td><\/tr><tr><td><button class=\"elementor-button\" type=\"button\"><a href=\"https:\/\/swissraft.outdoorbooking.ch\/fo\/products\/1673?base_id=249&amp;category_id=5&amp;order_type=gift_voucher&amp;lang=it\" target=\"_blank\" rel=\"noopener\">ACQUISTO BUONO REGALO \/ BIGLIETTO<\/a><\/button><\/td><td><a href=\"https:\/\/swissraft.outdoorbooking.ch\/fo\/products\/1673?base_id=249&amp;category_id=5&amp;order_type=event&amp;lang=it\" target=\"_blank\" rel=\"noopener\">PRENOTA LA DATA DEL SALTO<\/a>\u00a0 <strong>CHF 550.00<\/strong>\/pers. con video<\/td><\/tr><tr><td><button class=\"elementor-button\" type=\"button\"><a href=\"https:\/\/swissraft.outdoorbooking.ch\/fo\/products\/1674?base_id=249&amp;category_id=5&amp;order_type=gift_voucher&amp;lang=it\" target=\"_blank\" rel=\"noopener\">ACQUISTO BUONO REGALO \/ BIGLIETTO<\/a><\/button><\/td><td><a href=\"https:\/\/swissraft.outdoorbooking.ch\/fo\/products\/1674?base_id=249&amp;category_id=5&amp;order_type=event&amp;lang=it\" target=\"_blank\" rel=\"noopener\">PRENOTA LA DATA DEL SALTO<\/a>\u00a0 <strong>CHF 580.00<\/strong>\/pers. con video e foto<\/td><\/tr><\/tbody><\/table>\t\t\t\t\t\t<\/div>\n\t\t\t\t<\/div>\n\t\t\t\t\t<\/div>\n\t\t<\/div>\n\t\t\t\t\t\t\t<\/div>\n\t\t<\/section>\n\t\t\t\t\t\t\t<\/div>\n\t\t","protected":false},"excerpt":{"rendered":"<div align=\"justify\">\n<h2 align=\"justify\">Fai un lancio con il paracadute in tandem a Rarogne, nel Vallese, sopra la Valle del Rodano<\/h2>\n<h3>\u00c8 un&#8217;occasione per superare le tue paure uscendo dalla tua zona di comfort. Osa fare ci\u00f2 che pensavi fosse impossibile. Il paracadutismo pu\u00f2 cambiare la tua vita<\/h3>\n<\/div>\n<div align=\"justify\">\n<p>Innanzitutto, quando arriverai all&#8217;aeroporto di Raron, ti verr\u00e0 assegnato un istruttore-pilota dall&#8217;inizio alla fine della tua avventura. \u00c8 lui che ti fornisce tutta l&#8217;attrezzatura necessaria per la sicurezza, con un&#8217;imbracatura adatta alla tua taglia. In secondo luogo, il tuo istruttore ti insegner\u00e0 come posizionare le braccia e la testa durante la caduta libera. Poi prendi posto nell&#8217;aereo con il tuo istruttore-pilota. L&#8217;aereo alla fine della pista inizia a rollare, prende velocit\u00e0 e decolla rapidamente con diversi tandem a bordo. L&#8217;atmosfera \u00e8 gioviale mentre aspettiamo di raggiungere i 4.000 metri di altitudine del salto. Mentre sali, puoi vedere la pianura del Rodano sotto di te. A quel punto il pilota dell&#8217;aereo chiama il segnale di GO, che significa che puoi saltare. Il tuo istruttore-pilota esegue un controllo finale prima di dirigersi verso il portellone dell&#8217;aereo. Poi vi spingete entrambi fuori dalla cabina. La velocit\u00e0 accelera rapidamente fino a quasi 200 km\/h. Una scarica di adrenalina ti riempie per un attimo e trattieni il respiro per un momento. Sta andando tutto bene! La caduta libera dura circa 50 secondi e il cameraman che ti segue filma l&#8217;intera caduta libera. Raggiungi un&#8217;altitudine di 1500 m e per il pilota \u00e8 il momento di aprire il paracadute.<br \/>\nPoi c&#8217;\u00e8 un silenzio quasi totale e ti rendi conto di aver fatto questo salto e di aver superato la tua paura. Il tuo pilota effettua un atterraggio molto morbido sulla dropzone di Rarogne. Per conservare questo ricordo, non dimenticare di ordinare un video o delle foto quando prenoti sul nostro sito. Se vuoi fare il grande passo ma sei ancora indeciso, allora un simulatore di volo fa al caso tuo. La tecnologia odierna permette di simulare la caduta libera in una galleria del vento con sensazioni praticamente identiche. Abbiamo due simulatori di caduta libera, uno a Sion e l&#8217;altro a Winterthur.<\/p>\n<h3>Il sito web di Swissraft offre una dozzina di dropzone in Svizzera presso vari campi di volo.<\/h3>\n<p id=\"textarea\" style=\"display: none;\">\nInoltre, abbiamo anche una dropzone all&#8217;aeroporto di Sion. Ma anche all&#8217;aeroporto di Bex, nel cantone di Vaud. Effettuiamo lanci con il paracadute a \u00c9cuvillens e \u00c9pagny, nel cantone di Friburgo. Ma anche a Interlaken da un elicottero e all&#8217;aerodromo di Reichenbach da un aereo. Saltiamo anche dagli aeroporti di Berom\u00fcnster e Triengen, nel cantone di Lucerna. Allo stesso tempo, faremo un salto in tandem a Colombier, sulle rive del lago di Neuch\u00e2tel. Facciamo anche paracadutismo tandem nel cantone di Soletta dall&#8217;aeroporto di Grenchen.<br \/>\nAbbiamo anche una dropzone presso l&#8217;aeroporto di Sitterdorf in Turgovia. Ma anche all&#8217;aerodromo di Locarno-Magadino in Ticino. E in Germania da Rottweil, vicino a Basilea.\n<\/p>\n<p><a id=\"seeMore\" onclick=\"toggleSeeMore()\" href=\"javascript:void(0);\">Leggi tutto<\/a><\/p>\n","protected":false},"featured_media":87896,"comment_status":"open","ping_status":"closed","template":"","meta":{"inline_featured_image":false,"_mi_skip_tracking":false},"product_cat":[432],"product_tag":[],"class_list":["post-92742","product","type-product","status-publish","has-post-thumbnail","hentry","product_cat-lancio-con-paracadute-in-tandem"],"yoast_head":"<!-- This site is optimized with the Yoast SEO plugin v23.6 - https:\/\/yoast.com\/wordpress\/plugins\/seo\/ -->\n<title>Paracadutismo a Rarogne con una caduta libera di 50 secondi<\/title>\n<meta name=\"description\" content=\"Paracadutismo a Rarogne con una caduta libera di 50 secondi. \u00c8 un&#039;esperienza che non lascia indifferenti. Adrenalina garantita\" \/>\n<meta name=\"robots\" content=\"index, follow, max-snippet:-1, max-image-preview:large, max-video-preview:-1\" \/>\n<link rel=\"canonical\" href=\"https:\/\/www.swissraft.ch\/it\/prodotto\/paracadutismo-rarogne-salto-tandem-aereo\/\" \/>\n<meta property=\"og:locale\" content=\"it_IT\" \/>\n<meta property=\"og:type\" content=\"article\" \/>\n<meta property=\"og:title\" content=\"Paracadutismo a Rarogne con una caduta libera di 50 secondi\" \/>\n<meta property=\"og:description\" content=\"Paracadutismo a Rarogne con una caduta libera di 50 secondi. \u00c8 un&#039;esperienza che non lascia indifferenti. Adrenalina garantita\" \/>\n<meta property=\"og:url\" content=\"https:\/\/www.swissraft.ch\/it\/prodotto\/paracadutismo-rarogne-salto-tandem-aereo\/\" \/>\n<meta property=\"og:site_name\" content=\"Swissraft\" \/>\n<meta property=\"article:modified_time\" content=\"2026-04-04T03:12:11+00:00\" \/>\n<meta property=\"og:image\" content=\"https:\/\/www.swissraft.ch\/wp-content\/uploads\/2023\/02\/1-RARON-776x776-1.jpg\" \/>\n\t<meta property=\"og:image:width\" content=\"776\" \/>\n\t<meta property=\"og:image:height\" content=\"776\" \/>\n\t<meta property=\"og:image:type\" content=\"image\/jpeg\" \/>\n<meta name=\"twitter:card\" content=\"summary_large_image\" \/>\n<meta name=\"twitter:label1\" content=\"Tempo di lettura stimato\" \/>\n\t<meta name=\"twitter:data1\" content=\"1 minuto\" \/>\n<script type=\"application\/ld+json\" class=\"yoast-schema-graph\">{\"@context\":\"https:\/\/schema.org\",\"@graph\":[{\"@type\":\"WebPage\",\"@id\":\"https:\/\/www.swissraft.ch\/it\/prodotto\/paracadutismo-rarogne-salto-tandem-aereo\/\",\"url\":\"https:\/\/www.swissraft.ch\/it\/prodotto\/paracadutismo-rarogne-salto-tandem-aereo\/\",\"name\":\"Paracadutismo a Rarogne con una caduta libera di 50 secondi\",\"isPartOf\":{\"@id\":\"https:\/\/www.swissraft.ch\/it\/#website\"},\"primaryImageOfPage\":{\"@id\":\"https:\/\/www.swissraft.ch\/it\/prodotto\/paracadutismo-rarogne-salto-tandem-aereo\/#primaryimage\"},\"image\":{\"@id\":\"https:\/\/www.swissraft.ch\/it\/prodotto\/paracadutismo-rarogne-salto-tandem-aereo\/#primaryimage\"},\"thumbnailUrl\":\"https:\/\/www.swissraft.ch\/wp-content\/uploads\/2023\/02\/1-RARON-776x776-1.jpg\",\"datePublished\":\"2023-02-18T13:27:52+00:00\",\"dateModified\":\"2026-04-04T03:12:11+00:00\",\"description\":\"Paracadutismo a Rarogne con una caduta libera di 50 secondi. \u00c8 un'esperienza che non lascia indifferenti. Adrenalina garantita\",\"breadcrumb\":{\"@id\":\"https:\/\/www.swissraft.ch\/it\/prodotto\/paracadutismo-rarogne-salto-tandem-aereo\/#breadcrumb\"},\"inLanguage\":\"it-IT\",\"potentialAction\":[{\"@type\":\"ReadAction\",\"target\":[\"https:\/\/www.swissraft.ch\/it\/prodotto\/paracadutismo-rarogne-salto-tandem-aereo\/\"]}]},{\"@type\":\"ImageObject\",\"inLanguage\":\"it-IT\",\"@id\":\"https:\/\/www.swissraft.ch\/it\/prodotto\/paracadutismo-rarogne-salto-tandem-aereo\/#primaryimage\",\"url\":\"https:\/\/www.swissraft.ch\/wp-content\/uploads\/2023\/02\/1-RARON-776x776-1.jpg\",\"contentUrl\":\"https:\/\/www.swissraft.ch\/wp-content\/uploads\/2023\/02\/1-RARON-776x776-1.jpg\",\"width\":776,\"height\":776,\"caption\":\"Salto in tandem da Rarogne\"},{\"@type\":\"BreadcrumbList\",\"@id\":\"https:\/\/www.swissraft.ch\/it\/prodotto\/paracadutismo-rarogne-salto-tandem-aereo\/#breadcrumb\",\"itemListElement\":[{\"@type\":\"ListItem\",\"position\":1,\"name\":\"Accueil\",\"item\":\"https:\/\/www.swissraft.ch\/it\/\"},{\"@type\":\"ListItem\",\"position\":2,\"name\":\"Negozio\",\"item\":\"https:\/\/www.swissraft.ch\/it\/negozio\/\"},{\"@type\":\"ListItem\",\"position\":3,\"name\":\"Paracadutismo a Rarogne &#8211; Salto tandem da un aereo &#8211; Da CHF 430.00\"}]},{\"@type\":\"WebSite\",\"@id\":\"https:\/\/www.swissraft.ch\/it\/#website\",\"url\":\"https:\/\/www.swissraft.ch\/it\/\",\"name\":\"Swissraft\",\"description\":\"To enjoy nature as it is\",\"publisher\":{\"@id\":\"https:\/\/www.swissraft.ch\/it\/#organization\"},\"potentialAction\":[{\"@type\":\"SearchAction\",\"target\":{\"@type\":\"EntryPoint\",\"urlTemplate\":\"https:\/\/www.swissraft.ch\/it\/?s={search_term_string}\"},\"query-input\":{\"@type\":\"PropertyValueSpecification\",\"valueRequired\":true,\"valueName\":\"search_term_string\"}}],\"inLanguage\":\"it-IT\"},{\"@type\":\"Organization\",\"@id\":\"https:\/\/www.swissraft.ch\/it\/#organization\",\"name\":\"Swissraft\",\"url\":\"https:\/\/www.swissraft.ch\/it\/\",\"logo\":{\"@type\":\"ImageObject\",\"inLanguage\":\"it-IT\",\"@id\":\"https:\/\/www.swissraft.ch\/it\/#\/schema\/logo\/image\/\",\"url\":\"https:\/\/www.swissraft.ch\/wp-content\/uploads\/2025\/09\/Capture.jpg\",\"contentUrl\":\"https:\/\/www.swissraft.ch\/wp-content\/uploads\/2025\/09\/Capture.jpg\",\"width\":293,\"height\":108,\"caption\":\"Swissraft\"},\"image\":{\"@id\":\"https:\/\/www.swissraft.ch\/it\/#\/schema\/logo\/image\/\"}}]}<\/script>\n<!-- \/ Yoast SEO plugin. -->","yoast_head_json":{"title":"Paracadutismo a Rarogne con una caduta libera di 50 secondi","description":"Paracadutismo a Rarogne con una caduta libera di 50 secondi. \u00c8 un'esperienza che non lascia indifferenti. Adrenalina garantita","robots":{"index":"index","follow":"follow","max-snippet":"max-snippet:-1","max-image-preview":"max-image-preview:large","max-video-preview":"max-video-preview:-1"},"canonical":"https:\/\/www.swissraft.ch\/it\/prodotto\/paracadutismo-rarogne-salto-tandem-aereo\/","og_locale":"it_IT","og_type":"article","og_title":"Paracadutismo a Rarogne con una caduta libera di 50 secondi","og_description":"Paracadutismo a Rarogne con una caduta libera di 50 secondi. \u00c8 un'esperienza che non lascia indifferenti. Adrenalina garantita","og_url":"https:\/\/www.swissraft.ch\/it\/prodotto\/paracadutismo-rarogne-salto-tandem-aereo\/","og_site_name":"Swissraft","article_modified_time":"2026-04-04T03:12:11+00:00","og_image":[{"width":776,"height":776,"url":"https:\/\/www.swissraft.ch\/wp-content\/uploads\/2023\/02\/1-RARON-776x776-1.jpg","type":"image\/jpeg"}],"twitter_card":"summary_large_image","twitter_misc":{"Tempo di lettura stimato":"1 minuto"},"schema":{"@context":"https:\/\/schema.org","@graph":[{"@type":"WebPage","@id":"https:\/\/www.swissraft.ch\/it\/prodotto\/paracadutismo-rarogne-salto-tandem-aereo\/","url":"https:\/\/www.swissraft.ch\/it\/prodotto\/paracadutismo-rarogne-salto-tandem-aereo\/","name":"Paracadutismo a Rarogne con una caduta libera di 50 secondi","isPartOf":{"@id":"https:\/\/www.swissraft.ch\/it\/#website"},"primaryImageOfPage":{"@id":"https:\/\/www.swissraft.ch\/it\/prodotto\/paracadutismo-rarogne-salto-tandem-aereo\/#primaryimage"},"image":{"@id":"https:\/\/www.swissraft.ch\/it\/prodotto\/paracadutismo-rarogne-salto-tandem-aereo\/#primaryimage"},"thumbnailUrl":"https:\/\/www.swissraft.ch\/wp-content\/uploads\/2023\/02\/1-RARON-776x776-1.jpg","datePublished":"2023-02-18T13:27:52+00:00","dateModified":"2026-04-04T03:12:11+00:00","description":"Paracadutismo a Rarogne con una caduta libera di 50 secondi. \u00c8 un'esperienza che non lascia indifferenti. Adrenalina garantita","breadcrumb":{"@id":"https:\/\/www.swissraft.ch\/it\/prodotto\/paracadutismo-rarogne-salto-tandem-aereo\/#breadcrumb"},"inLanguage":"it-IT","potentialAction":[{"@type":"ReadAction","target":["https:\/\/www.swissraft.ch\/it\/prodotto\/paracadutismo-rarogne-salto-tandem-aereo\/"]}]},{"@type":"ImageObject","inLanguage":"it-IT","@id":"https:\/\/www.swissraft.ch\/it\/prodotto\/paracadutismo-rarogne-salto-tandem-aereo\/#primaryimage","url":"https:\/\/www.swissraft.ch\/wp-content\/uploads\/2023\/02\/1-RARON-776x776-1.jpg","contentUrl":"https:\/\/www.swissraft.ch\/wp-content\/uploads\/2023\/02\/1-RARON-776x776-1.jpg","width":776,"height":776,"caption":"Salto in tandem da Rarogne"},{"@type":"BreadcrumbList","@id":"https:\/\/www.swissraft.ch\/it\/prodotto\/paracadutismo-rarogne-salto-tandem-aereo\/#breadcrumb","itemListElement":[{"@type":"ListItem","position":1,"name":"Accueil","item":"https:\/\/www.swissraft.ch\/it\/"},{"@type":"ListItem","position":2,"name":"Negozio","item":"https:\/\/www.swissraft.ch\/it\/negozio\/"},{"@type":"ListItem","position":3,"name":"Paracadutismo a Rarogne &#8211; Salto tandem da un aereo &#8211; Da CHF 430.00"}]},{"@type":"WebSite","@id":"https:\/\/www.swissraft.ch\/it\/#website","url":"https:\/\/www.swissraft.ch\/it\/","name":"Swissraft","description":"To enjoy nature as it is","publisher":{"@id":"https:\/\/www.swissraft.ch\/it\/#organization"},"potentialAction":[{"@type":"SearchAction","target":{"@type":"EntryPoint","urlTemplate":"https:\/\/www.swissraft.ch\/it\/?s={search_term_string}"},"query-input":{"@type":"PropertyValueSpecification","valueRequired":true,"valueName":"search_term_string"}}],"inLanguage":"it-IT"},{"@type":"Organization","@id":"https:\/\/www.swissraft.ch\/it\/#organization","name":"Swissraft","url":"https:\/\/www.swissraft.ch\/it\/","logo":{"@type":"ImageObject","inLanguage":"it-IT","@id":"https:\/\/www.swissraft.ch\/it\/#\/schema\/logo\/image\/","url":"https:\/\/www.swissraft.ch\/wp-content\/uploads\/2025\/09\/Capture.jpg","contentUrl":"https:\/\/www.swissraft.ch\/wp-content\/uploads\/2025\/09\/Capture.jpg","width":293,"height":108,"caption":"Swissraft"},"image":{"@id":"https:\/\/www.swissraft.ch\/it\/#\/schema\/logo\/image\/"}}]}},"_links":{"self":[{"href":"https:\/\/www.swissraft.ch\/it\/wp-json\/wp\/v2\/product\/92742","targetHints":{"allow":["GET"]}}],"collection":[{"href":"https:\/\/www.swissraft.ch\/it\/wp-json\/wp\/v2\/product"}],"about":[{"href":"https:\/\/www.swissraft.ch\/it\/wp-json\/wp\/v2\/types\/product"}],"replies":[{"embeddable":true,"href":"https:\/\/www.swissraft.ch\/it\/wp-json\/wp\/v2\/comments?post=92742"}],"version-history":[{"count":37,"href":"https:\/\/www.swissraft.ch\/it\/wp-json\/wp\/v2\/product\/92742\/revisions"}],"predecessor-version":[{"id":136830,"href":"https:\/\/www.swissraft.ch\/it\/wp-json\/wp\/v2\/product\/92742\/revisions\/136830"}],"wp:featuredmedia":[{"embeddable":true,"href":"https:\/\/www.swissraft.ch\/it\/wp-json\/wp\/v2\/media\/87896"}],"wp:attachment":[{"href":"https:\/\/www.swissraft.ch\/it\/wp-json\/wp\/v2\/media?parent=92742"}],"wp:term":[{"taxonomy":"product_cat","embeddable":true,"href":"https:\/\/www.swissraft.ch\/it\/wp-json\/wp\/v2\/product_cat?post=92742"},{"taxonomy":"product_tag","embeddable":true,"href":"https:\/\/www.swissraft.ch\/it\/wp-json\/wp\/v2\/product_tag?post=92742"}],"curies":[{"name":"wp","href":"https:\/\/api.w.org\/{rel}","templated":true}]}}