{"id":92734,"date":"2023-02-18T12:28:37","date_gmt":"2023-02-18T11:28:37","guid":{"rendered":"https:\/\/swissraft.xyanzkdne.eu\/product\/paracadutismo-a-colombier-salto-tandem-da-un-aereo-da-chf-430-00\/"},"modified":"2026-04-04T04:18:12","modified_gmt":"2026-04-04T02:18:12","slug":"paracadutismo-colombier-salto-tandem-aereo","status":"publish","type":"product","link":"https:\/\/www.swissraft.ch\/it\/prodotto\/paracadutismo-colombier-salto-tandem-aereo\/","title":{"rendered":"Paracadutismo a Colombier &#8211; Salto tandem da un aereo &#8211; Da CHF 430.00"},"content":{"rendered":"\t\t<div data-elementor-type=\"wp-post\" data-elementor-id=\"92734\" class=\"elementor elementor-92734 elementor-30904\">\n\t\t\t\t\t\t\t\t\t<section class=\"elementor-section elementor-top-section elementor-element elementor-element-3303a7e3 elementor-section-boxed elementor-section-height-default elementor-section-height-default\" data-id=\"3303a7e3\" data-element_type=\"section\">\n\t\t\t\t\t\t<div class=\"elementor-container elementor-column-gap-default\">\n\t\t\t\t\t<div class=\"elementor-column elementor-col-100 elementor-top-column elementor-element elementor-element-16d72dbf\" data-id=\"16d72dbf\" data-element_type=\"column\">\n\t\t\t<div class=\"elementor-widget-wrap elementor-element-populated\">\n\t\t\t\t\t\t\t\t<div class=\"elementor-element elementor-element-d743c03 elementor-widget elementor-widget-text-editor\" data-id=\"d743c03\" data-element_type=\"widget\" data-widget_type=\"text-editor.default\">\n\t\t\t\t<div class=\"elementor-widget-container\">\n\t\t\t\t\t\t\t<h2>SCEGLI LA TUA ATTIVIT\u00c0 QUI SOTTO PER OFFRIRE BUONI REGALO\/BIGLIETTI O EFFETTUARE UNA PRENOTAZIONE<\/h2><table border=\"0\" width=\"580\" cellspacing=\"10\" cellpadding=\"10\"><tbody><tr><td width=\"50%\"><strong>1) LANCIO IN TANDEM CON PARACADUTE &#8211; COLOMBIER<\/strong><\/td><td><strong>Da CHF 430.00 a persona<span class=\"productPrice\"><br \/><\/span><\/strong><\/td><\/tr><tr><td>Informazioni aggiuntive<\/td><td>&#8211;<span class=\"plbl\"><span class=\"patt\"> Scarpe sportive senza ganci<br \/>&#8211; Non essere a digiuno<br \/><\/span><\/span><span class=\"plbl\"><span class=\"patt\">&#8211; Non essere sotto l&#8217;effetto di alcol o altre sostanze<br \/>&#8211; Autorizzazione dei genitori per i minori<br \/><\/span>&#8211; Sconto<\/span>: <span class=\"patt\">11 salti in tandem (11\u00b0 gratuito)<\/span><\/td><\/tr><tr><td>Orari<\/td><td>Al momento della prenotazione potrete scegliere l&#8217;orario.<\/td><\/tr><tr><td>Durata della caduta libera<\/td><td>circa 50 secondi<\/td><\/tr><tr><td>Durata totale<\/td><td>circa 4 ore<\/td><\/tr><tr><td>Aerodromo<\/td><td><a href=\"https:\/\/www.google.com\/maps\/place\/46%C2%B057'34.5%22N+6%C2%B052'00.1%22E\/@46.959673,6.8621592,770m\/data=!3m1!1e3!4m4!3m3!8m2!3d46.9595833!4d6.8666944?entry=ttu\" target=\"_blank\" rel=\"noopener\">Colombier<\/a><\/td><\/tr><tr><td><button class=\"elementor-button\" type=\"button\"><a href=\"https:\/\/swissraft.outdoorbooking.ch\/fo\/products\/952?base_id=42&amp;category_id=5&amp;order_type=gift_voucher&amp;lang=it\" target=\"_blank\" rel=\"noopener\">ACQUISTO BUONO REGALO \/ BIGLIETTO<\/a><\/button><\/td><td><a href=\"https:\/\/swissraft.outdoorbooking.ch\/fo\/products\/952?base_id=42&amp;category_id=5&amp;order_type=event&amp;lang=itr\" target=\"_blank\" rel=\"noopener\">PRENOTA LA DATA DEL SALTO<\/a>\u00a0 <strong>CHF 430.00<\/strong>\/pers<\/td><\/tr><\/tbody><\/table><table border=\"0\" width=\"580\" cellspacing=\"10\" cellpadding=\"10\"><tbody><tr><td width=\"50%\"><strong>2) LANCIO IN TANDEM CON PARACADUTE + VIDEO o FOTO &#8211; COLOMBIER<\/strong><\/td><td><strong>CHF 550.00 a persona<span class=\"productPrice\"><br \/><\/span><\/strong><\/td><\/tr><tr><td>Informazioni aggiuntive<\/td><td>&#8211;<span class=\"plbl\"><span class=\"patt\"> Scarpe sportive senza ganci<br \/>&#8211; Non essere a digiuno<br \/>&#8211; Non essere sotto l&#8217;effetto di alcol o altre sostanze<br \/>&#8211; Autorizzazione dei genitori per i minori<br \/><\/span>&#8211; Sconto <\/span>: <span class=\"patt\">11 salti in tandem (11\u00b0 gratuito)<\/span><\/td><\/tr><tr><td>Orari<\/td><td>Al momento della prenotazione potrete scegliere l&#8217;orario<\/td><\/tr><tr><td>Durata della caduta libera<\/td><td>circa 50 secondi<\/td><\/tr><tr><td>Durata totale<\/td><td>circa 4 ore<\/td><\/tr><tr><td>Aerodromo<\/td><td><a href=\"https:\/\/www.google.com\/maps\/place\/46%C2%B057'34.5%22N+6%C2%B052'00.1%22E\/@46.959673,6.8621592,770m\/data=!3m1!1e3!4m4!3m3!8m2!3d46.9595833!4d6.8666944?entry=ttu\" target=\"_blank\" rel=\"noopener\">Colombier<\/a><\/td><\/tr><tr><td><button class=\"elementor-button\" type=\"button\"><a href=\"https:\/\/swissraft.outdoorbooking.ch\/fo\/products\/953?base_id=42&amp;category_id=5&amp;order_type=gift_voucher&amp;lang=it\" target=\"_blank\" rel=\"noopener\">ACQUISTO BUONO REGALO \/ BIGLIETTO<\/a><\/button><\/td><td><a href=\"https:\/\/swissraft.outdoorbooking.ch\/fo\/products\/953?base_id=42&amp;category_id=5&amp;order_type=event&amp;lang=it\" target=\"_blank\" rel=\"noopener\">PRENOTA LA DATA DEL SALTO<\/a>\u00a0 <strong>CHF 550.00<\/strong>\/pers. con video o foto<\/td><\/tr><\/tbody><\/table><table border=\"0\" width=\"580\" cellspacing=\"10\" cellpadding=\"10\"><tbody><tr><td width=\"50%\"><strong>3) LANCIO IN TANDEM CON PARACADUTE + VIDEO &amp; FOTO &#8211; COLOMBIER<\/strong><\/td><td><strong>CHF 580.00 a persona<span class=\"productPrice\"><br \/><\/span><\/strong><\/td><\/tr><tr><td>Informazioni aggiuntive<\/td><td>&#8211;<span class=\"plbl\"><span class=\"patt\"> Scarpe sportive senza ganci<br \/>&#8211; Non essere a digiuno<br \/>&#8211; Non essere sotto l&#8217;effetto di alcol o altre sostanze<br \/>&#8211; Autorizzazione dei genitori per i minori<br \/><\/span>&#8211; Sconto <\/span>: <span class=\"patt\">11 salti in tandem (11\u00b0 gratuito)<\/span><\/td><\/tr><tr><td>Orari<\/td><td>Al momento della prenotazione potrete scegliere l&#8217;orario<\/td><\/tr><tr><td>Durata della caduta libera<\/td><td>circa 50 secondi<\/td><\/tr><tr><td>Durata totale<\/td><td>circa 4 ore<\/td><\/tr><tr><td>Aerodromo<\/td><td>Colombier<\/td><\/tr><tr><td><button class=\"elementor-button\" type=\"button\"><a href=\"https:\/\/swissraft.outdoorbooking.ch\/fo\/products\/954?base_id=42&amp;category_id=5&amp;order_type=gift_voucher&amp;lang=it\" target=\"_blank\" rel=\"noopener\">ACQUISTO BUONO REGALO \/ BIGLIETTO<\/a><\/button><\/td><td><a href=\"https:\/\/swissraft.outdoorbooking.ch\/fo\/products\/954?base_id=42&amp;category_id=5&amp;order_type=event&amp;lang=it\" target=\"_blank\" rel=\"noopener\">PRENOTA LA DATA DEL SALTO<\/a>\u00a0 <strong>CHF 580.00<\/strong>\/pers. con video e foto<\/td><\/tr><\/tbody><\/table>\t\t\t\t\t\t<\/div>\n\t\t\t\t<\/div>\n\t\t\t\t\t<\/div>\n\t\t<\/div>\n\t\t\t\t\t\t\t<\/div>\n\t\t<\/section>\n\t\t\t\t\t\t\t<\/div>\n\t\t","protected":false},"excerpt":{"rendered":"<div align=\"justify\">\n<h2 align=\"justify\">Salto in tandem da Colombier sulle rive del lago di Neuch\u00e2tel<\/h2>\n<h3>Fai il salto e prova l&#8217;emozione di una vita con il paracadutismo in tandem<\/h3>\n<\/div>\n<div align=\"justify\">\n<p>Il nostro istruttore e pilota ti d\u00e0 il benvenuto nella nostra dropzone a Colombier. Sei in sua compagnia per tutta la durata della tua avventura. Prima di tutto, ripeti alcuni movimenti e posizioni con le braccia e la testa. Poi ti dar\u00e0 un&#8217;imbracatura adatta alla tua taglia, un casco e degli occhiali. Poi, sempre accompagnato dal tuo pilota, salirai a bordo dell&#8217;aereo con altri tandem. Ci guardiamo, scherziamo e lo stress scompare gradualmente. Potrai sentirti completamente a tuo agio con il tuo autista esperto. Il pilota preme l&#8217;acceleratore e si parte per l&#8217;avventura. Durante il volo avrai tutto il tempo per goderti il panorama. Sotto di te si trova il lago di Neuch\u00e2tel e la citt\u00e0 stessa. L&#8217;aereo ha raggiunto la quota di salto di 4000 m dopo circa 20 minuti. Il grande momento si avvicina e il tuo pilota effettua il controllo finale. Entrambi vi spingete fuori dall&#8217;aereo e la velocit\u00e0 di caduta libera inizia ad accelerare. Stiamo andando bene! Stai cadendo a quasi 200 km\/h e sei sopraffatto da un senso di euforia. A 1.500 metri di altezza, il pilota apre il paracadute senza scatti. La velocit\u00e0 si riduce a meno di 15 km\/h e continui la discesa con il paracadute aperto. Il tuo pilota ti indirizzer\u00e0 verso la zona di lancio di Colombier per un atterraggio delicato in posizione seduta. Ricorda di conservare un ricordo della tua esperienza ordinando il video quando prenoti sul nostro sito. Per coloro che possono essere comprensibilmente apprensivi, il simulatore di caduta libera offre sensazioni simili. Abbiamo un simulatore di caduta libera a Sion, nel Vallese, e un altro vicino a Zurigo, a Winterthur.<\/p>\n<h3>Sul nostro sito Swissraft, scegli la location per questa fantastica esperienza che non lascer\u00e0 nessuno indifferente.<\/h3>\n<p id=\"textarea\" style=\"display: none;\">Facciamo anche un salto nel cantone di Friburgo a \u00c9cuvillens e \u00c9pagny en Gruy\u00e8re. Nell&#8217;Oberland Bernese, facciamo lanci in tandem con il paracadute da un elicottero a Interlaken e da un aereo a Reichenbach. Ma anche dagli aeroporti di Berom\u00fcnster e Triengen, nel cantone di Lucerna. Inoltre, facciamo anche paracadutismo da Bex, nel cantone di Vaud. Abbiamo anche lanci in tandem presso l&#8217;aerodromo di Granges nel Canton Soletta. Facciamo anche salti in tandem nel Vallese a Rarogne e Sion. Abbiamo anche una dropzone all&#8217;aeroporto di Sitterdorf, nella Svizzera orientale. Ma c&#8217;\u00e8 anche una dropzone dall&#8217;aerodromo di Locarno-Magadino in Ticino. Inoltre, in Germania, appena fuori Basilea, offriamo lanci in tandem con il paracadute da Rottweil.\n<\/p>\n<p><a id=\"seeMore\" onclick=\"toggleSeeMore()\" href=\"javascript:void(0);\">Leggi tutto<\/a><\/p>\n","protected":false},"featured_media":87866,"comment_status":"open","ping_status":"closed","template":"","meta":{"inline_featured_image":false,"_mi_skip_tracking":false},"product_cat":[432],"product_tag":[],"class_list":["post-92734","product","type-product","status-publish","has-post-thumbnail","hentry","product_cat-lancio-con-paracadute-in-tandem"],"yoast_head":"<!-- This site is optimized with the Yoast SEO plugin v23.6 - https:\/\/yoast.com\/wordpress\/plugins\/seo\/ -->\n<title>Paracadutismo da Colombier con caduta libera<\/title>\n<meta name=\"description\" content=\"Paracadutismo da Colombier con una caduta libera di circa 50 secondi. Se sei alla ricerca di un&#039;avventura straordinaria, sei nel posto giusto!\" \/>\n<meta name=\"robots\" content=\"index, follow, max-snippet:-1, max-image-preview:large, max-video-preview:-1\" \/>\n<link rel=\"canonical\" href=\"https:\/\/www.swissraft.ch\/it\/prodotto\/paracadutismo-colombier-salto-tandem-aereo\/\" \/>\n<meta property=\"og:locale\" content=\"it_IT\" \/>\n<meta property=\"og:type\" content=\"article\" \/>\n<meta property=\"og:title\" content=\"Paracadutismo da Colombier con caduta libera\" \/>\n<meta property=\"og:description\" content=\"Paracadutismo da Colombier con una caduta libera di circa 50 secondi. Se sei alla ricerca di un&#039;avventura straordinaria, sei nel posto giusto!\" \/>\n<meta property=\"og:url\" content=\"https:\/\/www.swissraft.ch\/it\/prodotto\/paracadutismo-colombier-salto-tandem-aereo\/\" \/>\n<meta property=\"og:site_name\" content=\"Swissraft\" \/>\n<meta property=\"article:modified_time\" content=\"2026-04-04T02:18:12+00:00\" \/>\n<meta property=\"og:image\" content=\"https:\/\/www.swissraft.ch\/wp-content\/uploads\/2023\/02\/1-COLOMBIER-776x776-1.jpg\" \/>\n\t<meta property=\"og:image:width\" content=\"776\" \/>\n\t<meta property=\"og:image:height\" content=\"776\" \/>\n\t<meta property=\"og:image:type\" content=\"image\/jpeg\" \/>\n<meta name=\"twitter:card\" content=\"summary_large_image\" \/>\n<meta name=\"twitter:label1\" content=\"Tempo di lettura stimato\" \/>\n\t<meta name=\"twitter:data1\" content=\"2 minuti\" \/>\n<script type=\"application\/ld+json\" class=\"yoast-schema-graph\">{\"@context\":\"https:\/\/schema.org\",\"@graph\":[{\"@type\":\"WebPage\",\"@id\":\"https:\/\/www.swissraft.ch\/it\/prodotto\/paracadutismo-colombier-salto-tandem-aereo\/\",\"url\":\"https:\/\/www.swissraft.ch\/it\/prodotto\/paracadutismo-colombier-salto-tandem-aereo\/\",\"name\":\"Paracadutismo da Colombier con caduta libera\",\"isPartOf\":{\"@id\":\"https:\/\/www.swissraft.ch\/it\/#website\"},\"primaryImageOfPage\":{\"@id\":\"https:\/\/www.swissraft.ch\/it\/prodotto\/paracadutismo-colombier-salto-tandem-aereo\/#primaryimage\"},\"image\":{\"@id\":\"https:\/\/www.swissraft.ch\/it\/prodotto\/paracadutismo-colombier-salto-tandem-aereo\/#primaryimage\"},\"thumbnailUrl\":\"https:\/\/www.swissraft.ch\/wp-content\/uploads\/2023\/02\/1-COLOMBIER-776x776-1.jpg\",\"datePublished\":\"2023-02-18T11:28:37+00:00\",\"dateModified\":\"2026-04-04T02:18:12+00:00\",\"description\":\"Paracadutismo da Colombier con una caduta libera di circa 50 secondi. Se sei alla ricerca di un'avventura straordinaria, sei nel posto giusto!\",\"breadcrumb\":{\"@id\":\"https:\/\/www.swissraft.ch\/it\/prodotto\/paracadutismo-colombier-salto-tandem-aereo\/#breadcrumb\"},\"inLanguage\":\"it-IT\",\"potentialAction\":[{\"@type\":\"ReadAction\",\"target\":[\"https:\/\/www.swissraft.ch\/it\/prodotto\/paracadutismo-colombier-salto-tandem-aereo\/\"]}]},{\"@type\":\"ImageObject\",\"inLanguage\":\"it-IT\",\"@id\":\"https:\/\/www.swissraft.ch\/it\/prodotto\/paracadutismo-colombier-salto-tandem-aereo\/#primaryimage\",\"url\":\"https:\/\/www.swissraft.ch\/wp-content\/uploads\/2023\/02\/1-COLOMBIER-776x776-1.jpg\",\"contentUrl\":\"https:\/\/www.swissraft.ch\/wp-content\/uploads\/2023\/02\/1-COLOMBIER-776x776-1.jpg\",\"width\":776,\"height\":776,\"caption\":\"Lancio con paracadute in tandem da Colombier\"},{\"@type\":\"BreadcrumbList\",\"@id\":\"https:\/\/www.swissraft.ch\/it\/prodotto\/paracadutismo-colombier-salto-tandem-aereo\/#breadcrumb\",\"itemListElement\":[{\"@type\":\"ListItem\",\"position\":1,\"name\":\"Accueil\",\"item\":\"https:\/\/www.swissraft.ch\/it\/\"},{\"@type\":\"ListItem\",\"position\":2,\"name\":\"Negozio\",\"item\":\"https:\/\/www.swissraft.ch\/it\/negozio\/\"},{\"@type\":\"ListItem\",\"position\":3,\"name\":\"Paracadutismo a Colombier &#8211; Salto tandem da un aereo &#8211; Da CHF 430.00\"}]},{\"@type\":\"WebSite\",\"@id\":\"https:\/\/www.swissraft.ch\/it\/#website\",\"url\":\"https:\/\/www.swissraft.ch\/it\/\",\"name\":\"Swissraft\",\"description\":\"To enjoy nature as it is\",\"publisher\":{\"@id\":\"https:\/\/www.swissraft.ch\/it\/#organization\"},\"potentialAction\":[{\"@type\":\"SearchAction\",\"target\":{\"@type\":\"EntryPoint\",\"urlTemplate\":\"https:\/\/www.swissraft.ch\/it\/?s={search_term_string}\"},\"query-input\":{\"@type\":\"PropertyValueSpecification\",\"valueRequired\":true,\"valueName\":\"search_term_string\"}}],\"inLanguage\":\"it-IT\"},{\"@type\":\"Organization\",\"@id\":\"https:\/\/www.swissraft.ch\/it\/#organization\",\"name\":\"Swissraft\",\"url\":\"https:\/\/www.swissraft.ch\/it\/\",\"logo\":{\"@type\":\"ImageObject\",\"inLanguage\":\"it-IT\",\"@id\":\"https:\/\/www.swissraft.ch\/it\/#\/schema\/logo\/image\/\",\"url\":\"https:\/\/www.swissraft.ch\/wp-content\/uploads\/2025\/09\/Capture.jpg\",\"contentUrl\":\"https:\/\/www.swissraft.ch\/wp-content\/uploads\/2025\/09\/Capture.jpg\",\"width\":293,\"height\":108,\"caption\":\"Swissraft\"},\"image\":{\"@id\":\"https:\/\/www.swissraft.ch\/it\/#\/schema\/logo\/image\/\"}}]}<\/script>\n<!-- \/ Yoast SEO plugin. -->","yoast_head_json":{"title":"Paracadutismo da Colombier con caduta libera","description":"Paracadutismo da Colombier con una caduta libera di circa 50 secondi. Se sei alla ricerca di un'avventura straordinaria, sei nel posto giusto!","robots":{"index":"index","follow":"follow","max-snippet":"max-snippet:-1","max-image-preview":"max-image-preview:large","max-video-preview":"max-video-preview:-1"},"canonical":"https:\/\/www.swissraft.ch\/it\/prodotto\/paracadutismo-colombier-salto-tandem-aereo\/","og_locale":"it_IT","og_type":"article","og_title":"Paracadutismo da Colombier con caduta libera","og_description":"Paracadutismo da Colombier con una caduta libera di circa 50 secondi. Se sei alla ricerca di un'avventura straordinaria, sei nel posto giusto!","og_url":"https:\/\/www.swissraft.ch\/it\/prodotto\/paracadutismo-colombier-salto-tandem-aereo\/","og_site_name":"Swissraft","article_modified_time":"2026-04-04T02:18:12+00:00","og_image":[{"width":776,"height":776,"url":"https:\/\/www.swissraft.ch\/wp-content\/uploads\/2023\/02\/1-COLOMBIER-776x776-1.jpg","type":"image\/jpeg"}],"twitter_card":"summary_large_image","twitter_misc":{"Tempo di lettura stimato":"2 minuti"},"schema":{"@context":"https:\/\/schema.org","@graph":[{"@type":"WebPage","@id":"https:\/\/www.swissraft.ch\/it\/prodotto\/paracadutismo-colombier-salto-tandem-aereo\/","url":"https:\/\/www.swissraft.ch\/it\/prodotto\/paracadutismo-colombier-salto-tandem-aereo\/","name":"Paracadutismo da Colombier con caduta libera","isPartOf":{"@id":"https:\/\/www.swissraft.ch\/it\/#website"},"primaryImageOfPage":{"@id":"https:\/\/www.swissraft.ch\/it\/prodotto\/paracadutismo-colombier-salto-tandem-aereo\/#primaryimage"},"image":{"@id":"https:\/\/www.swissraft.ch\/it\/prodotto\/paracadutismo-colombier-salto-tandem-aereo\/#primaryimage"},"thumbnailUrl":"https:\/\/www.swissraft.ch\/wp-content\/uploads\/2023\/02\/1-COLOMBIER-776x776-1.jpg","datePublished":"2023-02-18T11:28:37+00:00","dateModified":"2026-04-04T02:18:12+00:00","description":"Paracadutismo da Colombier con una caduta libera di circa 50 secondi. Se sei alla ricerca di un'avventura straordinaria, sei nel posto giusto!","breadcrumb":{"@id":"https:\/\/www.swissraft.ch\/it\/prodotto\/paracadutismo-colombier-salto-tandem-aereo\/#breadcrumb"},"inLanguage":"it-IT","potentialAction":[{"@type":"ReadAction","target":["https:\/\/www.swissraft.ch\/it\/prodotto\/paracadutismo-colombier-salto-tandem-aereo\/"]}]},{"@type":"ImageObject","inLanguage":"it-IT","@id":"https:\/\/www.swissraft.ch\/it\/prodotto\/paracadutismo-colombier-salto-tandem-aereo\/#primaryimage","url":"https:\/\/www.swissraft.ch\/wp-content\/uploads\/2023\/02\/1-COLOMBIER-776x776-1.jpg","contentUrl":"https:\/\/www.swissraft.ch\/wp-content\/uploads\/2023\/02\/1-COLOMBIER-776x776-1.jpg","width":776,"height":776,"caption":"Lancio con paracadute in tandem da Colombier"},{"@type":"BreadcrumbList","@id":"https:\/\/www.swissraft.ch\/it\/prodotto\/paracadutismo-colombier-salto-tandem-aereo\/#breadcrumb","itemListElement":[{"@type":"ListItem","position":1,"name":"Accueil","item":"https:\/\/www.swissraft.ch\/it\/"},{"@type":"ListItem","position":2,"name":"Negozio","item":"https:\/\/www.swissraft.ch\/it\/negozio\/"},{"@type":"ListItem","position":3,"name":"Paracadutismo a Colombier &#8211; Salto tandem da un aereo &#8211; Da CHF 430.00"}]},{"@type":"WebSite","@id":"https:\/\/www.swissraft.ch\/it\/#website","url":"https:\/\/www.swissraft.ch\/it\/","name":"Swissraft","description":"To enjoy nature as it is","publisher":{"@id":"https:\/\/www.swissraft.ch\/it\/#organization"},"potentialAction":[{"@type":"SearchAction","target":{"@type":"EntryPoint","urlTemplate":"https:\/\/www.swissraft.ch\/it\/?s={search_term_string}"},"query-input":{"@type":"PropertyValueSpecification","valueRequired":true,"valueName":"search_term_string"}}],"inLanguage":"it-IT"},{"@type":"Organization","@id":"https:\/\/www.swissraft.ch\/it\/#organization","name":"Swissraft","url":"https:\/\/www.swissraft.ch\/it\/","logo":{"@type":"ImageObject","inLanguage":"it-IT","@id":"https:\/\/www.swissraft.ch\/it\/#\/schema\/logo\/image\/","url":"https:\/\/www.swissraft.ch\/wp-content\/uploads\/2025\/09\/Capture.jpg","contentUrl":"https:\/\/www.swissraft.ch\/wp-content\/uploads\/2025\/09\/Capture.jpg","width":293,"height":108,"caption":"Swissraft"},"image":{"@id":"https:\/\/www.swissraft.ch\/it\/#\/schema\/logo\/image\/"}}]}},"_links":{"self":[{"href":"https:\/\/www.swissraft.ch\/it\/wp-json\/wp\/v2\/product\/92734","targetHints":{"allow":["GET"]}}],"collection":[{"href":"https:\/\/www.swissraft.ch\/it\/wp-json\/wp\/v2\/product"}],"about":[{"href":"https:\/\/www.swissraft.ch\/it\/wp-json\/wp\/v2\/types\/product"}],"replies":[{"embeddable":true,"href":"https:\/\/www.swissraft.ch\/it\/wp-json\/wp\/v2\/comments?post=92734"}],"version-history":[{"count":52,"href":"https:\/\/www.swissraft.ch\/it\/wp-json\/wp\/v2\/product\/92734\/revisions"}],"predecessor-version":[{"id":136695,"href":"https:\/\/www.swissraft.ch\/it\/wp-json\/wp\/v2\/product\/92734\/revisions\/136695"}],"wp:featuredmedia":[{"embeddable":true,"href":"https:\/\/www.swissraft.ch\/it\/wp-json\/wp\/v2\/media\/87866"}],"wp:attachment":[{"href":"https:\/\/www.swissraft.ch\/it\/wp-json\/wp\/v2\/media?parent=92734"}],"wp:term":[{"taxonomy":"product_cat","embeddable":true,"href":"https:\/\/www.swissraft.ch\/it\/wp-json\/wp\/v2\/product_cat?post=92734"},{"taxonomy":"product_tag","embeddable":true,"href":"https:\/\/www.swissraft.ch\/it\/wp-json\/wp\/v2\/product_tag?post=92734"}],"curies":[{"name":"wp","href":"https:\/\/api.w.org\/{rel}","templated":true}]}}