{"id":92718,"date":"2023-02-19T17:54:08","date_gmt":"2023-02-19T16:54:08","guid":{"rendered":"https:\/\/swissraft.xyanzkdne.eu\/product\/canyoning-a-tessin-val-lodrino-a-partire-da-chf-195-50\/"},"modified":"2026-04-09T23:34:48","modified_gmt":"2026-04-09T21:34:48","slug":"canyoning-ticino-val-lodrino","status":"publish","type":"product","link":"https:\/\/www.swissraft.ch\/it\/prodotto\/canyoning-ticino-val-lodrino\/","title":{"rendered":"Canyoning in Ticino &#8211; Il Val Lodrino &#8211; Da CHF 195.50"},"content":{"rendered":"\t\t<div data-elementor-type=\"wp-post\" data-elementor-id=\"92718\" class=\"elementor elementor-92718 elementor-31151\">\n\t\t\t\t\t\t\t\t\t<section class=\"elementor-section elementor-top-section elementor-element elementor-element-3303a7e3 elementor-section-boxed elementor-section-height-default elementor-section-height-default\" data-id=\"3303a7e3\" data-element_type=\"section\">\n\t\t\t\t\t\t<div class=\"elementor-container elementor-column-gap-default\">\n\t\t\t\t\t<div class=\"elementor-column elementor-col-100 elementor-top-column elementor-element elementor-element-16d72dbf\" data-id=\"16d72dbf\" data-element_type=\"column\">\n\t\t\t<div class=\"elementor-widget-wrap elementor-element-populated\">\n\t\t\t\t\t\t\t\t<div class=\"elementor-element elementor-element-d743c03 elementor-widget elementor-widget-text-editor\" data-id=\"d743c03\" data-element_type=\"widget\" data-widget_type=\"text-editor.default\">\n\t\t\t\t<div class=\"elementor-widget-container\">\n\t\t\t\t\t\t\t<h2>SCEGLI LA TUA ATTIVIT\u00c0 QUI SOTTO PER OFFRIRE BUONI REGALO\/BIGLIETTI O EFFETTUARE UNA PRENOTAZIONE<\/h2><table border=\"0\" width=\"580\" cellspacing=\"10\" cellpadding=\"10\"><tbody><tr><td width=\"50%\"><strong>1) CANYONING &#8211; LODRINO + aperitivo<\/strong><\/td><td><strong>CHF 230.00 a persona<span class=\"productPrice\"><br \/><\/span><\/strong><\/td><\/tr><tr><td>Informazioni aggiuntive<\/td><td><span class=\"plbl\">&#8211; A partire da 11 pers. 10% : <strong>CHF 207.00<\/strong>\/pers.<br \/>&#8211; A partire da 21 pers. 15% : <strong>CHF 195.50<\/strong>\/pers.<br \/>&#8211; Et\u00e0 minima : 18 anni<br \/>&#8211; <\/span><span class=\"patt\">Canyon soleggiato<\/span><\/td><\/tr><tr><td>Orario<\/td><td>09h00<\/td><\/tr><tr><td>Canyoning<\/td><td>circa 3 ore<\/td><\/tr><tr><td>Durata totale<\/td><td>circa 5 ore<\/td><\/tr><tr><td>Appuntamento<\/td><td><a href=\"https:\/\/www.google.com\/maps\/place\/46%C2%B017'57.9%22N+8%C2%B059'38.9%22E\/@46.2996539,8.9896757,780m\/data=!3m1!1e3!4m4!3m3!8m2!3d46.2994167!4d8.9941389?entry=ttu\" target=\"_blank\" rel=\"noopener\">Cresciano Stazione<\/a><\/td><\/tr><tr><td>Difficolt\u00e0<\/td><td>Livello 3-4<\/td><\/tr><tr><td><button class=\"elementor-button\" type=\"button\"><a href=\"https:\/\/swissraft.outdoorbooking.ch\/fo\/products\/13?base_id=80&amp;category_id=2&amp;order_type=gift_voucher&amp;lang=it\" target=\"_blank\" rel=\"noopener\">ACQUISTO BUONO REGALO \/ BIGLIETTO<\/a><\/button><\/td><td><span style=\"color: #ff6600;\"><a href=\"https:\/\/swissraft.outdoorbooking.ch\/fo\/products\/13?base_id=80&amp;category_id=2&amp;order_type=event&amp;lang=it\" target=\"_blank\" rel=\"noopener\">PRENOTA UNA DATA<\/a><\/span><\/td><\/tr><\/tbody><\/table><table border=\"0\" width=\"580\" cellspacing=\"10\" cellpadding=\"10\"><tbody><tr><td width=\"50%\"><strong>2) CANYONING &#8211; LODRINO PLUS &#8211; Giornata + spuntino<\/strong><\/td><td><strong>CHF 299.00 a persona<span class=\"productPrice\"><br \/><\/span><\/strong><\/td><\/tr><tr><td>Informazioni aggiuntive<\/td><td><span class=\"plbl\">&#8211; A partire da 11 pers. 10% : <strong>CHF 269.10<\/strong>\/pers.<br \/>&#8211; A partire da 21 pers. 15% : <strong>CHF 254.15<\/strong>\/pers.<br \/>&#8211; Et\u00e0 minima : 18 anni<br \/>&#8211; <\/span><span class=\"patt\">Canyon soleggiato<\/span><\/td><\/tr><tr><td>Orario<\/td><td>09h00<\/td><\/tr><tr><td>Canyoning<\/td><td>circa 5 ore<\/td><\/tr><tr><td>Durata totale<\/td><td>circa 7 ore<\/td><\/tr><tr><td>Appuntamento<\/td><td><a href=\"https:\/\/www.google.com\/maps\/place\/46%C2%B017'57.9%22N+8%C2%B059'38.9%22E\/@46.2996539,8.9896757,780m\/data=!3m1!1e3!4m4!3m3!8m2!3d46.2994167!4d8.9941389?entry=ttu\" target=\"_blank\" rel=\"noopener\">Cresciano Stazione<\/a><\/td><\/tr><tr><td>Difficolt\u00e0<\/td><td>Livello 3-4<\/td><\/tr><tr><td><button class=\"elementor-button\" type=\"button\"><a href=\"https:\/\/swissraft.outdoorbooking.ch\/fo\/products\/14?base_id=71&amp;category_id=2&amp;order_type=gift_voucher&amp;lang=it\" target=\"_blank\" rel=\"noopener\">ACQUISTO BUONO REGALO \/ BIGLIETTO<\/a><\/button><\/td><td><span style=\"color: #ff6600;\"><a href=\"https:\/\/swissraft.outdoorbooking.ch\/fo\/products\/14?base_id=71&amp;category_id=2&amp;order_type=event&amp;lang=it\" target=\"_blank\" rel=\"noopener\">PRENOTA UNA DATA<\/a><\/span><\/td><\/tr><\/tbody><\/table>\t\t\t\t\t\t<\/div>\n\t\t\t\t<\/div>\n\t\t\t\t\t<\/div>\n\t\t<\/div>\n\t\t\t\t\t\t\t<\/div>\n\t\t<\/section>\n\t\t\t\t\t\t\t<\/div>\n\t\t","protected":false},"excerpt":{"rendered":"<div align=\"justify\">\n<h2 align=\"justify\">Canyoning a Le Lodrino, uno dei canyon pi\u00f9 belli d&#8217;Europa<\/h2>\n<h3>Il canyon della Val Lodrino in Ticino per i pi\u00f9 esperti<\/h3>\n<\/div>\n<div align=\"justify\">\n<p><strong>Canyon<\/strong> Lodrino in Val Lodrino, Ticino. Impressionanti pareti rocciose, piscine profonde e passaggi molto stretti. Il canyon della Val Lodrino ci porta in un mondo di colori scintillanti e variegati. Questo percorso \u00e8 riservato agli appassionati di <strong>canyoning<\/strong> che sono in ottime condizioni fisiche e hanno una buona conoscenza di questo sport. Il Lodrino \u00e8 impegnativo, con discese in corda doppia fino a 50 metri, scivoli lunghi e veloci e salti molto alti. Di tanto in tanto, puoi fare una pausa nuotando nelle piscine glaciali. Da un lato, il gioco di luci contrastanti \u00e8 un ricordo indimenticabile. Rimarrai colpito anche dalle faglie e dalle caverne estremamente buie. Le piscine e le <strong>cascate<\/strong> all&#8217;aperto con le loro acque cristalline ti lasceranno a bocca aperta per la loro bellezza.<\/p>\n<h3>11 corsi di canyoning ti aspettano in Ticino<\/h3>\n<p id=\"textarea\" style=\"display: none;\">\nIn Ticino, Swissraft ti offre i <strong>canyon<\/strong> pi\u00f9 belli della Svizzera. Ad esempio, il canyon della Val Grande o Le Malvaglia nella regione del Bl\u00e9nio. Cos\u00ec come Le Boggera. Sempre nel Pays d&#8217;Enhaut si trova il <strong>canyon di<\/strong> La Torneresse. E nel cantone di Friburgo, il canyon di La Tine de Montbovon. Anche nel Vallese abbiamo un&#8217;ampia offerta di <strong>canyon<\/strong>, tra cui il Feschelbach e il Gondo. Offriamo anche la possibilit\u00e0 di fare canyoning nell&#8217;Oberland Bernese, tra cui il Saxetenbach vicino a Interlaken, il Grimsel e il Chli Schiere. Anche nel cantone di San Gallo Gall, il <strong>canyon di<\/strong> Amden e la sua discesa in corda doppia alta 40 metri. Infine, vicino a Thusis, nei Grigioni, la Gola di Viamala e le sue imponenti pareti impressionano i visitatori.\n<\/p>\n<p><a id=\"seeMore\" onclick=\"toggleSeeMore()\" href=\"javascript:void(0);\">Leggi tutto<\/a><\/p>\n","protected":false},"featured_media":85226,"comment_status":"open","ping_status":"closed","template":"","meta":{"inline_featured_image":false,"_mi_skip_tracking":false},"product_cat":[477,478],"product_tag":[],"class_list":["post-92718","product","type-product","status-publish","has-post-thumbnail","hentry","product_cat-canyoning-in-svizzera-e-dintorni","product_cat-canyoning-in-ticino"],"yoast_head":"<!-- This site is optimized with the Yoast SEO plugin v23.6 - https:\/\/yoast.com\/wordpress\/plugins\/seo\/ -->\n<title>Canyoning a Lodrino. Salti, discese in corda doppia<\/title>\n<meta name=\"description\" content=\"Canyoning in Val Lodrino. Salti, calate e scivoli sono tutti in programma. Un canyon pieno di emozioni e avventura. Per i tipi sportivi\" \/>\n<meta name=\"robots\" content=\"index, follow, max-snippet:-1, max-image-preview:large, max-video-preview:-1\" \/>\n<link rel=\"canonical\" href=\"https:\/\/www.swissraft.ch\/it\/prodotto\/canyoning-ticino-val-lodrino\/\" \/>\n<meta property=\"og:locale\" content=\"it_IT\" \/>\n<meta property=\"og:type\" content=\"article\" \/>\n<meta property=\"og:title\" content=\"Canyoning a Lodrino. Salti, discese in corda doppia\" \/>\n<meta property=\"og:description\" content=\"Canyoning in Val Lodrino. Salti, calate e scivoli sono tutti in programma. Un canyon pieno di emozioni e avventura. Per i tipi sportivi\" \/>\n<meta property=\"og:url\" content=\"https:\/\/www.swissraft.ch\/it\/prodotto\/canyoning-ticino-val-lodrino\/\" \/>\n<meta property=\"og:site_name\" content=\"Swissraft\" \/>\n<meta property=\"article:modified_time\" content=\"2026-04-09T21:34:48+00:00\" \/>\n<meta property=\"og:image\" content=\"https:\/\/www.swissraft.ch\/wp-content\/uploads\/2023\/02\/1-Val-Lodrino-776x776-1.jpg\" \/>\n\t<meta property=\"og:image:width\" content=\"776\" \/>\n\t<meta property=\"og:image:height\" content=\"776\" \/>\n\t<meta property=\"og:image:type\" content=\"image\/jpeg\" \/>\n<meta name=\"twitter:card\" content=\"summary_large_image\" \/>\n<meta name=\"twitter:label1\" content=\"Tempo di lettura stimato\" \/>\n\t<meta name=\"twitter:data1\" content=\"1 minuto\" \/>\n<script type=\"application\/ld+json\" class=\"yoast-schema-graph\">{\"@context\":\"https:\/\/schema.org\",\"@graph\":[{\"@type\":\"WebPage\",\"@id\":\"https:\/\/www.swissraft.ch\/it\/prodotto\/canyoning-ticino-val-lodrino\/\",\"url\":\"https:\/\/www.swissraft.ch\/it\/prodotto\/canyoning-ticino-val-lodrino\/\",\"name\":\"Canyoning a Lodrino. Salti, discese in corda doppia\",\"isPartOf\":{\"@id\":\"https:\/\/www.swissraft.ch\/it\/#website\"},\"primaryImageOfPage\":{\"@id\":\"https:\/\/www.swissraft.ch\/it\/prodotto\/canyoning-ticino-val-lodrino\/#primaryimage\"},\"image\":{\"@id\":\"https:\/\/www.swissraft.ch\/it\/prodotto\/canyoning-ticino-val-lodrino\/#primaryimage\"},\"thumbnailUrl\":\"https:\/\/www.swissraft.ch\/wp-content\/uploads\/2023\/02\/1-Val-Lodrino-776x776-1.jpg\",\"datePublished\":\"2023-02-19T16:54:08+00:00\",\"dateModified\":\"2026-04-09T21:34:48+00:00\",\"description\":\"Canyoning in Val Lodrino. Salti, calate e scivoli sono tutti in programma. Un canyon pieno di emozioni e avventura. Per i tipi sportivi\",\"breadcrumb\":{\"@id\":\"https:\/\/www.swissraft.ch\/it\/prodotto\/canyoning-ticino-val-lodrino\/#breadcrumb\"},\"inLanguage\":\"it-IT\",\"potentialAction\":[{\"@type\":\"ReadAction\",\"target\":[\"https:\/\/www.swissraft.ch\/it\/prodotto\/canyoning-ticino-val-lodrino\/\"]}]},{\"@type\":\"ImageObject\",\"inLanguage\":\"it-IT\",\"@id\":\"https:\/\/www.swissraft.ch\/it\/prodotto\/canyoning-ticino-val-lodrino\/#primaryimage\",\"url\":\"https:\/\/www.swissraft.ch\/wp-content\/uploads\/2023\/02\/1-Val-Lodrino-776x776-1.jpg\",\"contentUrl\":\"https:\/\/www.swissraft.ch\/wp-content\/uploads\/2023\/02\/1-Val-Lodrino-776x776-1.jpg\",\"width\":776,\"height\":776,\"caption\":\"Il canyon della Val Lodrino in Ticino\"},{\"@type\":\"BreadcrumbList\",\"@id\":\"https:\/\/www.swissraft.ch\/it\/prodotto\/canyoning-ticino-val-lodrino\/#breadcrumb\",\"itemListElement\":[{\"@type\":\"ListItem\",\"position\":1,\"name\":\"Accueil\",\"item\":\"https:\/\/www.swissraft.ch\/it\/\"},{\"@type\":\"ListItem\",\"position\":2,\"name\":\"Negozio\",\"item\":\"https:\/\/www.swissraft.ch\/it\/negozio\/\"},{\"@type\":\"ListItem\",\"position\":3,\"name\":\"Canyoning in Ticino &#8211; Il Val Lodrino &#8211; Da CHF 195.50\"}]},{\"@type\":\"WebSite\",\"@id\":\"https:\/\/www.swissraft.ch\/it\/#website\",\"url\":\"https:\/\/www.swissraft.ch\/it\/\",\"name\":\"Swissraft\",\"description\":\"To enjoy nature as it is\",\"publisher\":{\"@id\":\"https:\/\/www.swissraft.ch\/it\/#organization\"},\"potentialAction\":[{\"@type\":\"SearchAction\",\"target\":{\"@type\":\"EntryPoint\",\"urlTemplate\":\"https:\/\/www.swissraft.ch\/it\/?s={search_term_string}\"},\"query-input\":{\"@type\":\"PropertyValueSpecification\",\"valueRequired\":true,\"valueName\":\"search_term_string\"}}],\"inLanguage\":\"it-IT\"},{\"@type\":\"Organization\",\"@id\":\"https:\/\/www.swissraft.ch\/it\/#organization\",\"name\":\"Swissraft\",\"url\":\"https:\/\/www.swissraft.ch\/it\/\",\"logo\":{\"@type\":\"ImageObject\",\"inLanguage\":\"it-IT\",\"@id\":\"https:\/\/www.swissraft.ch\/it\/#\/schema\/logo\/image\/\",\"url\":\"https:\/\/www.swissraft.ch\/wp-content\/uploads\/2025\/09\/Capture.jpg\",\"contentUrl\":\"https:\/\/www.swissraft.ch\/wp-content\/uploads\/2025\/09\/Capture.jpg\",\"width\":293,\"height\":108,\"caption\":\"Swissraft\"},\"image\":{\"@id\":\"https:\/\/www.swissraft.ch\/it\/#\/schema\/logo\/image\/\"}}]}<\/script>\n<!-- \/ Yoast SEO plugin. -->","yoast_head_json":{"title":"Canyoning a Lodrino. Salti, discese in corda doppia","description":"Canyoning in Val Lodrino. Salti, calate e scivoli sono tutti in programma. Un canyon pieno di emozioni e avventura. Per i tipi sportivi","robots":{"index":"index","follow":"follow","max-snippet":"max-snippet:-1","max-image-preview":"max-image-preview:large","max-video-preview":"max-video-preview:-1"},"canonical":"https:\/\/www.swissraft.ch\/it\/prodotto\/canyoning-ticino-val-lodrino\/","og_locale":"it_IT","og_type":"article","og_title":"Canyoning a Lodrino. Salti, discese in corda doppia","og_description":"Canyoning in Val Lodrino. Salti, calate e scivoli sono tutti in programma. Un canyon pieno di emozioni e avventura. Per i tipi sportivi","og_url":"https:\/\/www.swissraft.ch\/it\/prodotto\/canyoning-ticino-val-lodrino\/","og_site_name":"Swissraft","article_modified_time":"2026-04-09T21:34:48+00:00","og_image":[{"width":776,"height":776,"url":"https:\/\/www.swissraft.ch\/wp-content\/uploads\/2023\/02\/1-Val-Lodrino-776x776-1.jpg","type":"image\/jpeg"}],"twitter_card":"summary_large_image","twitter_misc":{"Tempo di lettura stimato":"1 minuto"},"schema":{"@context":"https:\/\/schema.org","@graph":[{"@type":"WebPage","@id":"https:\/\/www.swissraft.ch\/it\/prodotto\/canyoning-ticino-val-lodrino\/","url":"https:\/\/www.swissraft.ch\/it\/prodotto\/canyoning-ticino-val-lodrino\/","name":"Canyoning a Lodrino. Salti, discese in corda doppia","isPartOf":{"@id":"https:\/\/www.swissraft.ch\/it\/#website"},"primaryImageOfPage":{"@id":"https:\/\/www.swissraft.ch\/it\/prodotto\/canyoning-ticino-val-lodrino\/#primaryimage"},"image":{"@id":"https:\/\/www.swissraft.ch\/it\/prodotto\/canyoning-ticino-val-lodrino\/#primaryimage"},"thumbnailUrl":"https:\/\/www.swissraft.ch\/wp-content\/uploads\/2023\/02\/1-Val-Lodrino-776x776-1.jpg","datePublished":"2023-02-19T16:54:08+00:00","dateModified":"2026-04-09T21:34:48+00:00","description":"Canyoning in Val Lodrino. Salti, calate e scivoli sono tutti in programma. Un canyon pieno di emozioni e avventura. Per i tipi sportivi","breadcrumb":{"@id":"https:\/\/www.swissraft.ch\/it\/prodotto\/canyoning-ticino-val-lodrino\/#breadcrumb"},"inLanguage":"it-IT","potentialAction":[{"@type":"ReadAction","target":["https:\/\/www.swissraft.ch\/it\/prodotto\/canyoning-ticino-val-lodrino\/"]}]},{"@type":"ImageObject","inLanguage":"it-IT","@id":"https:\/\/www.swissraft.ch\/it\/prodotto\/canyoning-ticino-val-lodrino\/#primaryimage","url":"https:\/\/www.swissraft.ch\/wp-content\/uploads\/2023\/02\/1-Val-Lodrino-776x776-1.jpg","contentUrl":"https:\/\/www.swissraft.ch\/wp-content\/uploads\/2023\/02\/1-Val-Lodrino-776x776-1.jpg","width":776,"height":776,"caption":"Il canyon della Val Lodrino in Ticino"},{"@type":"BreadcrumbList","@id":"https:\/\/www.swissraft.ch\/it\/prodotto\/canyoning-ticino-val-lodrino\/#breadcrumb","itemListElement":[{"@type":"ListItem","position":1,"name":"Accueil","item":"https:\/\/www.swissraft.ch\/it\/"},{"@type":"ListItem","position":2,"name":"Negozio","item":"https:\/\/www.swissraft.ch\/it\/negozio\/"},{"@type":"ListItem","position":3,"name":"Canyoning in Ticino &#8211; Il Val Lodrino &#8211; Da CHF 195.50"}]},{"@type":"WebSite","@id":"https:\/\/www.swissraft.ch\/it\/#website","url":"https:\/\/www.swissraft.ch\/it\/","name":"Swissraft","description":"To enjoy nature as it is","publisher":{"@id":"https:\/\/www.swissraft.ch\/it\/#organization"},"potentialAction":[{"@type":"SearchAction","target":{"@type":"EntryPoint","urlTemplate":"https:\/\/www.swissraft.ch\/it\/?s={search_term_string}"},"query-input":{"@type":"PropertyValueSpecification","valueRequired":true,"valueName":"search_term_string"}}],"inLanguage":"it-IT"},{"@type":"Organization","@id":"https:\/\/www.swissraft.ch\/it\/#organization","name":"Swissraft","url":"https:\/\/www.swissraft.ch\/it\/","logo":{"@type":"ImageObject","inLanguage":"it-IT","@id":"https:\/\/www.swissraft.ch\/it\/#\/schema\/logo\/image\/","url":"https:\/\/www.swissraft.ch\/wp-content\/uploads\/2025\/09\/Capture.jpg","contentUrl":"https:\/\/www.swissraft.ch\/wp-content\/uploads\/2025\/09\/Capture.jpg","width":293,"height":108,"caption":"Swissraft"},"image":{"@id":"https:\/\/www.swissraft.ch\/it\/#\/schema\/logo\/image\/"}}]}},"_links":{"self":[{"href":"https:\/\/www.swissraft.ch\/it\/wp-json\/wp\/v2\/product\/92718","targetHints":{"allow":["GET"]}}],"collection":[{"href":"https:\/\/www.swissraft.ch\/it\/wp-json\/wp\/v2\/product"}],"about":[{"href":"https:\/\/www.swissraft.ch\/it\/wp-json\/wp\/v2\/types\/product"}],"replies":[{"embeddable":true,"href":"https:\/\/www.swissraft.ch\/it\/wp-json\/wp\/v2\/comments?post=92718"}],"version-history":[{"count":22,"href":"https:\/\/www.swissraft.ch\/it\/wp-json\/wp\/v2\/product\/92718\/revisions"}],"predecessor-version":[{"id":138697,"href":"https:\/\/www.swissraft.ch\/it\/wp-json\/wp\/v2\/product\/92718\/revisions\/138697"}],"wp:featuredmedia":[{"embeddable":true,"href":"https:\/\/www.swissraft.ch\/it\/wp-json\/wp\/v2\/media\/85226"}],"wp:attachment":[{"href":"https:\/\/www.swissraft.ch\/it\/wp-json\/wp\/v2\/media?parent=92718"}],"wp:term":[{"taxonomy":"product_cat","embeddable":true,"href":"https:\/\/www.swissraft.ch\/it\/wp-json\/wp\/v2\/product_cat?post=92718"},{"taxonomy":"product_tag","embeddable":true,"href":"https:\/\/www.swissraft.ch\/it\/wp-json\/wp\/v2\/product_tag?post=92718"}],"curies":[{"name":"wp","href":"https:\/\/api.w.org\/{rel}","templated":true}]}}