{"id":92702,"date":"2023-02-19T17:32:54","date_gmt":"2023-02-19T16:32:54","guid":{"rendered":"https:\/\/swissraft.xyanzkdne.eu\/product\/canyoning-nel-canton-de-vaud-la-torneresse-da-chf-80-00\/"},"modified":"2026-04-10T06:38:53","modified_gmt":"2026-04-10T04:38:53","slug":"canyoning-vaud-torneresse-it","status":"publish","type":"product","link":"https:\/\/www.swissraft.ch\/it\/prodotto\/canyoning-vaud-torneresse-it\/","title":{"rendered":"Canyoning nel cantone di Vaud &#8211; La Torneresse &#8211; Da CHF 103.20"},"content":{"rendered":"\t\t<div data-elementor-type=\"wp-post\" data-elementor-id=\"92702\" class=\"elementor elementor-92702 elementor-31140\">\n\t\t\t\t\t\t\t\t\t<section class=\"elementor-section elementor-top-section elementor-element elementor-element-3303a7e3 elementor-section-boxed elementor-section-height-default elementor-section-height-default\" data-id=\"3303a7e3\" data-element_type=\"section\">\n\t\t\t\t\t\t<div class=\"elementor-container elementor-column-gap-default\">\n\t\t\t\t\t<div class=\"elementor-column elementor-col-100 elementor-top-column elementor-element elementor-element-16d72dbf\" data-id=\"16d72dbf\" data-element_type=\"column\">\n\t\t\t<div class=\"elementor-widget-wrap elementor-element-populated\">\n\t\t\t\t\t\t\t\t<div class=\"elementor-element elementor-element-d743c03 elementor-widget elementor-widget-text-editor\" data-id=\"d743c03\" data-element_type=\"widget\" data-widget_type=\"text-editor.default\">\n\t\t\t\t<div class=\"elementor-widget-container\">\n\t\t\t\t\t\t\t<h2>SCEGLI LA TUA ATTIVIT\u00c0 QUI SOTTO PER OFFRIRE BUONI REGALO\/BIGLIETTI O EFFETTUARE UNA PRENOTAZIONE<\/h2><table border=\"0\" width=\"580\" cellspacing=\"10\" cellpadding=\"10\"><tbody><tr><td width=\"50%\"><strong>CANYONING &#8211; TORNERESSE + spuntino<\/strong><\/td><td><strong>CHF 129.00 a persona<span class=\"productPrice\"><br \/><\/span><\/strong><\/td><\/tr><tr><td>Informazioni aggiuntive<\/td><td><p>&#8211;<span class=\"plbl\"> Prezzo scuola <\/span>: <span class=\"patt\"><strong>CHF 109.00<\/strong>\/pers.<strong><br \/><\/strong>&#8211; Prezzo giovani : <strong>CHF 109.00<\/strong>\/pers. fino a 18 anni<br \/><\/span>&#8211; <span class=\"patt\">A partire da 11 pers. 10% : <strong>CHF 116.10<\/strong>\/pers.<br \/>&#8211; A partire da 21 pers. 20% : <strong>CHF 103.20<\/strong>\/pers.<strong><br \/><\/strong>&#8211; Nessuno sconto aggiuntivo sulle tariffe per le scuole e i giovani<br \/>&#8211; Et\u00e0 minima : 10 anni<strong><br \/><\/strong><\/span><span class=\"plbl\">&#8211; Canyon soleggiato<\/span><\/p><\/td><\/tr><tr><td>Orari<\/td><td>10h00 \/ 14h00<\/td><\/tr><tr><td>Canyoning<\/td><td>circa 1,5 ora<\/td><\/tr><tr><td>Durata totale<\/td><td>circa 3 ore<\/td><\/tr><tr><td>Appuntamento<\/td><td><span style=\"color: #ff6600;\"><a href=\"https:\/\/www.google.com\/maps\/place\/46%C2%B028'03.8%22N+7%C2%B007'32.8%22E\/@46.4677815,7.1211928,864m\/data=!3m1!1e3!4m4!3m3!8m2!3d46.4677222!4d7.1257778?entry=ttu&amp;g_ep=EgoyMDI2MDEyNy4wIKXMDSoKLDEwMDc5MjA2OUgBUAM%3D\" target=\"_blank\" rel=\"noopener\">Camping du berceau<\/a><\/span><\/td><\/tr><tr><td>Difficolt\u00e0<\/td><td>Livello 1<\/td><\/tr><tr><td><button class=\"elementor-button\" type=\"button\"><a href=\"https:\/\/swissraft.outdoorbooking.ch\/fo\/products\/2161?base_id=82&amp;category_id=2&amp;order_type=gift_voucher&amp;lang=it\" target=\"_blank\" rel=\"noopener\">ACQUISTO BUONO REGALO \/ BIGLIETTO<\/a><\/button><\/td><td style=\"text-align: left;\"><a href=\"https:\/\/swissraft.outdoorbooking.ch\/fo\/products\/2161?base_id=82&amp;category_id=2&amp;order_type=event&amp;lang=it\" target=\"_blank\" rel=\"noopener\">PRENOTA UNA DATA<\/a><\/td><\/tr><\/tbody><\/table>\t\t\t\t\t\t<\/div>\n\t\t\t\t<\/div>\n\t\t\t\t\t<\/div>\n\t\t<\/div>\n\t\t\t\t\t\t\t<\/div>\n\t\t<\/section>\n\t\t\t\t\t\t\t<\/div>\n\t\t","protected":false},"excerpt":{"rendered":"<div align=\"justify\">\n<h2 align=\"justify\">Il canyoning a La Torneresse sotto l&#8217;\u00c9tivaz \u00e8 adatto a tutti. Un canyon ideale per i principianti<\/h2>\n<h3>Il canyon di La Torneresse e un canyon per chi vuole scoprire questo discepolo<\/h3>\n<\/div>\n<div align=\"justify\">\n<p>Questo canyon \u00e8 accessibile a chiunque voglia scoprire il canyoning. Nella discesa de La Torneresse, puoi saltare e scivolare su scivoli levigati dall&#8217;acqua nel corso dei millenni. Il canyoning nella Torneresse \u00e8 perfetto per una gita scolastica.<\/p>\n<h3>Hai delle alternative al canyon di La Torneresse<\/h3>\n<p id=\"textarea\" style=\"display: none;\">\nSwissraft offre anche la possibilit\u00e0 di fare <strong>canyoning<\/strong> a Gruy\u00e8re nella Tine de Montbovon. Ma anche in Ticino, con un gran numero di canyon, uno pi\u00f9 bello dell&#8217;altro. Il Vallese ha anche molti canyon che aspettano di essere esplorati. Offriamo anche il <strong>canyoning<\/strong> nell&#8217;Oberland Bernese intorno a Interlaken. Inoltre, il cantone di San Gallo \u00e8 membro dell&#8217;associazione Ti piacer\u00e0 il <strong>Canyon<\/strong> di Amden di San Gallo. Infine, le Gole di Viamala, con le loro pareti alte 150 metri vicino a Thusis, ti incanteranno sicuramente.\n<\/p>\n<p><a id=\"seeMore\" onclick=\"toggleSeeMore()\" href=\"javascript:void(0);\">Leggi tutto<\/a><\/p>\n","protected":false},"featured_media":84968,"comment_status":"open","ping_status":"closed","template":"","meta":{"inline_featured_image":false,"_mi_skip_tracking":false},"product_cat":[477,526],"product_tag":[],"class_list":["post-92702","product","type-product","status-publish","has-post-thumbnail","hentry","product_cat-canyoning-in-svizzera-e-dintorni","product_cat-canyoning-in-svizzera"],"yoast_head":"<!-- This site is optimized with the Yoast SEO plugin v23.6 - https:\/\/yoast.com\/wordpress\/plugins\/seo\/ -->\n<title>Canyoning Torneresse sotto l&#039;\u00c9tivaz. Per tutti i livelli<\/title>\n<meta name=\"description\" content=\"Canyoning Torneresse sotto l&#039;\u00c9tivaz in Gruy\u00e8re. Aperto a tutti coloro che vogliono scoprire il canyoning. Slittino, discesa in corda doppia\" \/>\n<meta name=\"robots\" content=\"index, follow, max-snippet:-1, max-image-preview:large, max-video-preview:-1\" \/>\n<link rel=\"canonical\" href=\"https:\/\/www.swissraft.ch\/it\/prodotto\/canyoning-vaud-torneresse-it\/\" \/>\n<meta property=\"og:locale\" content=\"it_IT\" \/>\n<meta property=\"og:type\" content=\"article\" \/>\n<meta property=\"og:title\" content=\"Canyoning Torneresse sotto l&#039;\u00c9tivaz. Per tutti i livelli\" \/>\n<meta property=\"og:description\" content=\"Canyoning Torneresse sotto l&#039;\u00c9tivaz in Gruy\u00e8re. Aperto a tutti coloro che vogliono scoprire il canyoning. Slittino, discesa in corda doppia\" \/>\n<meta property=\"og:url\" content=\"https:\/\/www.swissraft.ch\/it\/prodotto\/canyoning-vaud-torneresse-it\/\" \/>\n<meta property=\"og:site_name\" content=\"Swissraft\" \/>\n<meta property=\"article:modified_time\" content=\"2026-04-10T04:38:53+00:00\" \/>\n<meta property=\"og:image\" content=\"https:\/\/www.swissraft.ch\/wp-content\/uploads\/2023\/02\/1-La-Torneresse-776x776-1.jpg\" \/>\n\t<meta property=\"og:image:width\" content=\"776\" \/>\n\t<meta property=\"og:image:height\" content=\"776\" \/>\n\t<meta property=\"og:image:type\" content=\"image\/jpeg\" \/>\n<meta name=\"twitter:card\" content=\"summary_large_image\" \/>\n<meta name=\"twitter:label1\" content=\"Tempo di lettura stimato\" \/>\n\t<meta name=\"twitter:data1\" content=\"1 minuto\" \/>\n<script type=\"application\/ld+json\" class=\"yoast-schema-graph\">{\"@context\":\"https:\/\/schema.org\",\"@graph\":[{\"@type\":\"WebPage\",\"@id\":\"https:\/\/www.swissraft.ch\/it\/prodotto\/canyoning-vaud-torneresse-it\/\",\"url\":\"https:\/\/www.swissraft.ch\/it\/prodotto\/canyoning-vaud-torneresse-it\/\",\"name\":\"Canyoning Torneresse sotto l'\u00c9tivaz. Per tutti i livelli\",\"isPartOf\":{\"@id\":\"https:\/\/www.swissraft.ch\/it\/#website\"},\"primaryImageOfPage\":{\"@id\":\"https:\/\/www.swissraft.ch\/it\/prodotto\/canyoning-vaud-torneresse-it\/#primaryimage\"},\"image\":{\"@id\":\"https:\/\/www.swissraft.ch\/it\/prodotto\/canyoning-vaud-torneresse-it\/#primaryimage\"},\"thumbnailUrl\":\"https:\/\/www.swissraft.ch\/wp-content\/uploads\/2023\/02\/1-La-Torneresse-776x776-1.jpg\",\"datePublished\":\"2023-02-19T16:32:54+00:00\",\"dateModified\":\"2026-04-10T04:38:53+00:00\",\"description\":\"Canyoning Torneresse sotto l'\u00c9tivaz in Gruy\u00e8re. Aperto a tutti coloro che vogliono scoprire il canyoning. Slittino, discesa in corda doppia\",\"breadcrumb\":{\"@id\":\"https:\/\/www.swissraft.ch\/it\/prodotto\/canyoning-vaud-torneresse-it\/#breadcrumb\"},\"inLanguage\":\"it-IT\",\"potentialAction\":[{\"@type\":\"ReadAction\",\"target\":[\"https:\/\/www.swissraft.ch\/it\/prodotto\/canyoning-vaud-torneresse-it\/\"]}]},{\"@type\":\"ImageObject\",\"inLanguage\":\"it-IT\",\"@id\":\"https:\/\/www.swissraft.ch\/it\/prodotto\/canyoning-vaud-torneresse-it\/#primaryimage\",\"url\":\"https:\/\/www.swissraft.ch\/wp-content\/uploads\/2023\/02\/1-La-Torneresse-776x776-1.jpg\",\"contentUrl\":\"https:\/\/www.swissraft.ch\/wp-content\/uploads\/2023\/02\/1-La-Torneresse-776x776-1.jpg\",\"width\":776,\"height\":776,\"caption\":\"Canyon di La Torneresse sotto l'\u00c9tivaz\"},{\"@type\":\"BreadcrumbList\",\"@id\":\"https:\/\/www.swissraft.ch\/it\/prodotto\/canyoning-vaud-torneresse-it\/#breadcrumb\",\"itemListElement\":[{\"@type\":\"ListItem\",\"position\":1,\"name\":\"Accueil\",\"item\":\"https:\/\/www.swissraft.ch\/it\/\"},{\"@type\":\"ListItem\",\"position\":2,\"name\":\"Negozio\",\"item\":\"https:\/\/www.swissraft.ch\/it\/negozio\/\"},{\"@type\":\"ListItem\",\"position\":3,\"name\":\"Canyoning nel cantone di Vaud &#8211; La Torneresse &#8211; Da CHF 103.20\"}]},{\"@type\":\"WebSite\",\"@id\":\"https:\/\/www.swissraft.ch\/it\/#website\",\"url\":\"https:\/\/www.swissraft.ch\/it\/\",\"name\":\"Swissraft\",\"description\":\"To enjoy nature as it is\",\"publisher\":{\"@id\":\"https:\/\/www.swissraft.ch\/it\/#organization\"},\"potentialAction\":[{\"@type\":\"SearchAction\",\"target\":{\"@type\":\"EntryPoint\",\"urlTemplate\":\"https:\/\/www.swissraft.ch\/it\/?s={search_term_string}\"},\"query-input\":{\"@type\":\"PropertyValueSpecification\",\"valueRequired\":true,\"valueName\":\"search_term_string\"}}],\"inLanguage\":\"it-IT\"},{\"@type\":\"Organization\",\"@id\":\"https:\/\/www.swissraft.ch\/it\/#organization\",\"name\":\"Swissraft\",\"url\":\"https:\/\/www.swissraft.ch\/it\/\",\"logo\":{\"@type\":\"ImageObject\",\"inLanguage\":\"it-IT\",\"@id\":\"https:\/\/www.swissraft.ch\/it\/#\/schema\/logo\/image\/\",\"url\":\"https:\/\/www.swissraft.ch\/wp-content\/uploads\/2025\/09\/Capture.jpg\",\"contentUrl\":\"https:\/\/www.swissraft.ch\/wp-content\/uploads\/2025\/09\/Capture.jpg\",\"width\":293,\"height\":108,\"caption\":\"Swissraft\"},\"image\":{\"@id\":\"https:\/\/www.swissraft.ch\/it\/#\/schema\/logo\/image\/\"}}]}<\/script>\n<!-- \/ Yoast SEO plugin. -->","yoast_head_json":{"title":"Canyoning Torneresse sotto l'\u00c9tivaz. Per tutti i livelli","description":"Canyoning Torneresse sotto l'\u00c9tivaz in Gruy\u00e8re. Aperto a tutti coloro che vogliono scoprire il canyoning. Slittino, discesa in corda doppia","robots":{"index":"index","follow":"follow","max-snippet":"max-snippet:-1","max-image-preview":"max-image-preview:large","max-video-preview":"max-video-preview:-1"},"canonical":"https:\/\/www.swissraft.ch\/it\/prodotto\/canyoning-vaud-torneresse-it\/","og_locale":"it_IT","og_type":"article","og_title":"Canyoning Torneresse sotto l'\u00c9tivaz. Per tutti i livelli","og_description":"Canyoning Torneresse sotto l'\u00c9tivaz in Gruy\u00e8re. Aperto a tutti coloro che vogliono scoprire il canyoning. Slittino, discesa in corda doppia","og_url":"https:\/\/www.swissraft.ch\/it\/prodotto\/canyoning-vaud-torneresse-it\/","og_site_name":"Swissraft","article_modified_time":"2026-04-10T04:38:53+00:00","og_image":[{"width":776,"height":776,"url":"https:\/\/www.swissraft.ch\/wp-content\/uploads\/2023\/02\/1-La-Torneresse-776x776-1.jpg","type":"image\/jpeg"}],"twitter_card":"summary_large_image","twitter_misc":{"Tempo di lettura stimato":"1 minuto"},"schema":{"@context":"https:\/\/schema.org","@graph":[{"@type":"WebPage","@id":"https:\/\/www.swissraft.ch\/it\/prodotto\/canyoning-vaud-torneresse-it\/","url":"https:\/\/www.swissraft.ch\/it\/prodotto\/canyoning-vaud-torneresse-it\/","name":"Canyoning Torneresse sotto l'\u00c9tivaz. Per tutti i livelli","isPartOf":{"@id":"https:\/\/www.swissraft.ch\/it\/#website"},"primaryImageOfPage":{"@id":"https:\/\/www.swissraft.ch\/it\/prodotto\/canyoning-vaud-torneresse-it\/#primaryimage"},"image":{"@id":"https:\/\/www.swissraft.ch\/it\/prodotto\/canyoning-vaud-torneresse-it\/#primaryimage"},"thumbnailUrl":"https:\/\/www.swissraft.ch\/wp-content\/uploads\/2023\/02\/1-La-Torneresse-776x776-1.jpg","datePublished":"2023-02-19T16:32:54+00:00","dateModified":"2026-04-10T04:38:53+00:00","description":"Canyoning Torneresse sotto l'\u00c9tivaz in Gruy\u00e8re. Aperto a tutti coloro che vogliono scoprire il canyoning. Slittino, discesa in corda doppia","breadcrumb":{"@id":"https:\/\/www.swissraft.ch\/it\/prodotto\/canyoning-vaud-torneresse-it\/#breadcrumb"},"inLanguage":"it-IT","potentialAction":[{"@type":"ReadAction","target":["https:\/\/www.swissraft.ch\/it\/prodotto\/canyoning-vaud-torneresse-it\/"]}]},{"@type":"ImageObject","inLanguage":"it-IT","@id":"https:\/\/www.swissraft.ch\/it\/prodotto\/canyoning-vaud-torneresse-it\/#primaryimage","url":"https:\/\/www.swissraft.ch\/wp-content\/uploads\/2023\/02\/1-La-Torneresse-776x776-1.jpg","contentUrl":"https:\/\/www.swissraft.ch\/wp-content\/uploads\/2023\/02\/1-La-Torneresse-776x776-1.jpg","width":776,"height":776,"caption":"Canyon di La Torneresse sotto l'\u00c9tivaz"},{"@type":"BreadcrumbList","@id":"https:\/\/www.swissraft.ch\/it\/prodotto\/canyoning-vaud-torneresse-it\/#breadcrumb","itemListElement":[{"@type":"ListItem","position":1,"name":"Accueil","item":"https:\/\/www.swissraft.ch\/it\/"},{"@type":"ListItem","position":2,"name":"Negozio","item":"https:\/\/www.swissraft.ch\/it\/negozio\/"},{"@type":"ListItem","position":3,"name":"Canyoning nel cantone di Vaud &#8211; La Torneresse &#8211; Da CHF 103.20"}]},{"@type":"WebSite","@id":"https:\/\/www.swissraft.ch\/it\/#website","url":"https:\/\/www.swissraft.ch\/it\/","name":"Swissraft","description":"To enjoy nature as it is","publisher":{"@id":"https:\/\/www.swissraft.ch\/it\/#organization"},"potentialAction":[{"@type":"SearchAction","target":{"@type":"EntryPoint","urlTemplate":"https:\/\/www.swissraft.ch\/it\/?s={search_term_string}"},"query-input":{"@type":"PropertyValueSpecification","valueRequired":true,"valueName":"search_term_string"}}],"inLanguage":"it-IT"},{"@type":"Organization","@id":"https:\/\/www.swissraft.ch\/it\/#organization","name":"Swissraft","url":"https:\/\/www.swissraft.ch\/it\/","logo":{"@type":"ImageObject","inLanguage":"it-IT","@id":"https:\/\/www.swissraft.ch\/it\/#\/schema\/logo\/image\/","url":"https:\/\/www.swissraft.ch\/wp-content\/uploads\/2025\/09\/Capture.jpg","contentUrl":"https:\/\/www.swissraft.ch\/wp-content\/uploads\/2025\/09\/Capture.jpg","width":293,"height":108,"caption":"Swissraft"},"image":{"@id":"https:\/\/www.swissraft.ch\/it\/#\/schema\/logo\/image\/"}}]}},"_links":{"self":[{"href":"https:\/\/www.swissraft.ch\/it\/wp-json\/wp\/v2\/product\/92702","targetHints":{"allow":["GET"]}}],"collection":[{"href":"https:\/\/www.swissraft.ch\/it\/wp-json\/wp\/v2\/product"}],"about":[{"href":"https:\/\/www.swissraft.ch\/it\/wp-json\/wp\/v2\/types\/product"}],"replies":[{"embeddable":true,"href":"https:\/\/www.swissraft.ch\/it\/wp-json\/wp\/v2\/comments?post=92702"}],"version-history":[{"count":37,"href":"https:\/\/www.swissraft.ch\/it\/wp-json\/wp\/v2\/product\/92702\/revisions"}],"predecessor-version":[{"id":138982,"href":"https:\/\/www.swissraft.ch\/it\/wp-json\/wp\/v2\/product\/92702\/revisions\/138982"}],"wp:featuredmedia":[{"embeddable":true,"href":"https:\/\/www.swissraft.ch\/it\/wp-json\/wp\/v2\/media\/84968"}],"wp:attachment":[{"href":"https:\/\/www.swissraft.ch\/it\/wp-json\/wp\/v2\/media?parent=92702"}],"wp:term":[{"taxonomy":"product_cat","embeddable":true,"href":"https:\/\/www.swissraft.ch\/it\/wp-json\/wp\/v2\/product_cat?post=92702"},{"taxonomy":"product_tag","embeddable":true,"href":"https:\/\/www.swissraft.ch\/it\/wp-json\/wp\/v2\/product_tag?post=92702"}],"curies":[{"name":"wp","href":"https:\/\/api.w.org\/{rel}","templated":true}]}}