{"id":92670,"date":"2023-02-19T13:49:40","date_gmt":"2023-02-19T12:49:40","guid":{"rendered":"https:\/\/swissraft.xyanzkdne.eu\/product\/canyoning-nel-cantone-di-st-gall-lamden-a-partire-da-chf-169-00\/"},"modified":"2026-04-10T00:14:47","modified_gmt":"2026-04-09T22:14:47","slug":"canyoning-san-gallo-amden","status":"publish","type":"product","link":"https:\/\/www.swissraft.ch\/it\/prodotto\/canyoning-san-gallo-amden\/","title":{"rendered":"Canyoning nel cantone di San Gallo &#8211; Amden &#8211; Da CHF 169.00"},"content":{"rendered":"\t\t<div data-elementor-type=\"wp-post\" data-elementor-id=\"92670\" class=\"elementor elementor-92670 elementor-31067\">\n\t\t\t\t\t\t\t\t\t<section class=\"elementor-section elementor-top-section elementor-element elementor-element-3303a7e3 elementor-section-boxed elementor-section-height-default elementor-section-height-default\" data-id=\"3303a7e3\" data-element_type=\"section\">\n\t\t\t\t\t\t<div class=\"elementor-container elementor-column-gap-default\">\n\t\t\t\t\t<div class=\"elementor-column elementor-col-100 elementor-top-column elementor-element elementor-element-16d72dbf\" data-id=\"16d72dbf\" data-element_type=\"column\">\n\t\t\t<div class=\"elementor-widget-wrap elementor-element-populated\">\n\t\t\t\t\t\t\t\t<div class=\"elementor-element elementor-element-d743c03 elementor-widget elementor-widget-text-editor\" data-id=\"d743c03\" data-element_type=\"widget\" data-widget_type=\"text-editor.default\">\n\t\t\t\t<div class=\"elementor-widget-container\">\n\t\t\t\t\t\t\t<h2>SCEGLI LA TUA ATTIVIT\u00c0 QUI SOTTO PER OFFRIRE BUONI REGALO\/BIGLIETTI O EFFETTUARE UNA PRENOTAZIONE<\/h2><table border=\"0\" width=\"580\" cellspacing=\"10\" cellpadding=\"10\"><tbody><tr><td width=\"50%\"><strong>1) CANYONING &#8211; AMDEN + aperitivo<\/strong><\/td><td><strong>CHF 169.00 a persona<span class=\"productPrice\"><br \/><\/span><\/strong><\/td><\/tr><tr><td>Informazioni aggiuntive<\/td><td>&#8211; A partire da 4 partecipanti<br \/>&#8211; Et\u00e0 minima: 12 anni<br \/>&#8211; Sunny canyon<br \/><strong>Include<\/strong><br \/>&#8211; Foto digitali<br \/><strong>Porta con te (effetti personali)<\/strong><br \/>&#8211; Costumi da bagno<br \/>&#8211; Asciugamano da bagno<br \/>&#8211; Maglietta sintetica<br \/>&#8211; Snack e bevande durante l&#8217;attivit\u00e0<br \/>&#8211; Pu\u00f2 essere fornito uno zaino<br \/>&#8211; Buone scarpe da passeggio<br \/>&#8211; Sistema correttamente i tuoi occhiali se li porti<\/td><\/tr><tr><td>Orario<\/td><td>08h00<\/td><\/tr><tr><td>Canyoning<\/td><td>circa 2 ore<\/td><\/tr><tr><td>Durata totale<\/td><td>circa 3 ore<\/td><\/tr><tr><td>Appuntamento<\/td><td><span style=\"color: #ff6600;\"><a href=\"https:\/\/www.google.ch\/maps\/place\/Amden,+Lehni\/@47.141218,9.1270571,768m\/data=!3m1!1e3!4m6!3m5!1s0x479ad394578d519d:0x7dc48720e231ed01!8m2!3d47.141094!4d9.132282!16s%2Fg%2F11b62x3s2w!5m1!1e1?hl=fr&amp;entry=ttu\" target=\"_blank\" rel=\"noopener\">Fermata dell&#8217;autobus di Lehni<\/a><\/span><\/td><\/tr><tr><td>Difficolt\u00e0<\/td><td>Livello 1<\/td><\/tr><tr><td><button class=\"elementor-button\" type=\"button\"><a href=\"https:\/\/swissraft.outdoorbooking.ch\/fo\/products\/340?base_id=4&amp;category_id=2&amp;order_type=gift_voucher&amp;lang=it\" target=\"_blank\" rel=\"noopener\">ACQUISTO BUONO REGALO \/ BIGLIETTO<\/a><\/button><\/td><td><span style=\"color: #ff6600;\"><a href=\"https:\/\/swissraft.outdoorbooking.ch\/fo\/products\/340?base_id=4&amp;category_id=2&amp;order_type=event&amp;lang=it\" target=\"_blank\" rel=\"noopener\">PRENOTA UNA DATA<\/a><\/span><\/td><\/tr><\/tbody><\/table><table border=\"0\" width=\"580\" cellspacing=\"10\" cellpadding=\"10\"><tbody><tr><td width=\"50%\"><strong>2) CANYONING &#8211; AMDEN &#8211; Giornata + discesa in corda doppia sulla diga + aperitivo<\/strong><\/td><td><strong>CHF 189.00 a persona<\/strong><span class=\"productPrice\"><br \/><\/span><\/td><\/tr><tr><td>Informazioni aggiuntive<\/td><td>&#8211; A partire da 4 partecipanti<br \/>&#8211; Et\u00e0 minima : 12 anni<br \/>&#8211; Sunny canyon<br \/><strong>Include<\/strong><br \/>&#8211; Foto digitali<br \/><strong>Porta con te (effetti personali)<\/strong><br \/>&#8211; Costumi da bagno<br \/>&#8211; Asciugamano da bagno<br \/>&#8211; Maglietta sintetica<br \/>&#8211; Snack e bevande durante l&#8217;attivit\u00e0<br \/>&#8211; Pu\u00f2 essere fornito uno zaino<br \/>&#8211; Buone scarpe da passeggio<br \/>&#8211; Sistema correttamente i tuoi occhiali se li porti<\/td><\/tr><tr><td>Orario<\/td><td>08h00<\/td><\/tr><tr><td>Canyoning<\/td><td>circa 4 ore<\/td><\/tr><tr><td>Durata totale<\/td><td>circa 6 ore<\/td><\/tr><tr><td>Appuntamento<\/td><td><span style=\"color: #ff6600;\"><a href=\"https:\/\/www.google.ch\/maps\/place\/Amden,+Lehni\/@47.1413202,9.1294174,488m\/data=!3m1!1e3!4m6!3m5!1s0x479ad394578d519d:0x7dc48720e231ed01!8m2!3d47.141094!4d9.132282!16s%2Fg%2F11b62x3s2w?hl=fr&amp;entry=ttu\" target=\"_blank\" rel=\"noopener\">Fermata dell&#8217;autobus di Lehni<\/a><\/span><\/td><\/tr><tr><td>Difficolt\u00e0<\/td><td>Livello 1<\/td><\/tr><tr><td><a href=\"https:\/\/swissraft.outdoorbooking.ch:443\/fo\/products\/341?base_id=4&amp;category_id=2&amp;order_type=gift_voucher&amp;lang=it\" target=\"_blank\" rel=\"noopener\"><button class=\"elementor-button\" type=\"button\">ACQUISTO BUONO REGALO \/ BIGLIETTO<\/button><\/a><\/td><td><span style=\"color: #ff6600;\"><a href=\"https:\/\/swissraft.outdoorbooking.ch\/fo\/products\/341?base_id=4&amp;category_id=2&amp;order_type=event&amp;lang=it\" target=\"_blank\" rel=\"noopener\">PRENOTA UNA DATA<\/a><\/span><\/td><\/tr><\/tbody><\/table>\t\t\t\t\t\t<\/div>\n\t\t\t\t<\/div>\n\t\t\t\t\t<\/div>\n\t\t<\/div>\n\t\t\t\t\t\t\t<\/div>\n\t\t<\/section>\n\t\t\t\t\t\t\t<\/div>\n\t\t","protected":false},"excerpt":{"rendered":"<div align=\"justify\">\n<h2 align=\"justify\">Il canyon di Amden con vista sul Walensee; un canyon per tutti<\/h2>\n<h3>Il canyon di Amden con una discesa in corda doppia di 40 metri sulla diga<\/h3>\n<\/div>\n<div align=\"justify\">\n<p><strong>Canyoning<\/strong> nel canyon di Amden nel cantone di San Gallo San Gallo \u00e8 a meno di un&#8217;ora di macchina da Zurigo. Si inizia con un&#8217;impressionante discesa in corda doppia lungo la diga a oltre 40 metri di altezza. Poi farai la parte superiore del canyon di Amden. Rimarrai incantato dall&#8217;ambiente naturale e dai giochi di luce del sito. Naturalmente, questo <strong>canyon<\/strong> \u00e8 adatto sia ai principianti che agli appassionati di canyoning pi\u00f9 esperti. Il canyon di Amden offre una grande variet\u00e0 di passaggi per tutti.<\/p>\n<h3>Altre alternative a Amden Canyon<\/h3>\n<p id=\"textarea\" style=\"display: none;\">Nei Grigioni offriamo il famoso <strong><a href=\"\/product\/canyoning-dans-les-gorges-du-viamala\/\">Gole del Viamala<\/a><\/strong> sul percorso del San Bernardino. Ma anche in Ticino, il Vira, l&#8217;Iragna, la Val Cugnasco e la Malvaglia; tutti canyon diversi e di varia difficolt\u00e0. Nel Vallese, offriamo anche una serie di canyon, come ad esempio <strong><a href=\"\/product\/canyoning-de-la-raspille-en-valais-un-must-pour-les-sportifs\/\">La Raspille<\/a><\/strong> La Morge e Le Gondo. Swissraft offre anche il canyoning sul Col des Mosses, vicino a Ch\u00e2teau d&#8217;Oex: il canyon La Torneresse. Anche il <strong>canyoning<\/strong> nel cantone di Friburgo en Gruy\u00e8re: il canyon La Tine de Montbovon. Swissraft offre anche la possibilit\u00e0 di praticare il canyoning nell&#8217;Oberland Bernese, tra cui il <strong>canyon di<\/strong> Saxeten vicino a Interlaken, nonch\u00e9 il Grimsel e il Chli Schliere nell&#8217;Oberland Bernese. Anche il <strong>canyon di<\/strong> Amden con la sua calata di 40 metri sulla diga, che puoi fare pi\u00f9 volte.<\/p>\n<p><a id=\"seeMore\"><\/a>Read more<\/p>\n<\/div>\n","protected":false},"featured_media":85130,"comment_status":"open","ping_status":"closed","template":"","meta":{"inline_featured_image":false,"_mi_skip_tracking":false},"product_cat":[477,530],"product_tag":[],"class_list":["post-92670","product","type-product","status-publish","has-post-thumbnail","hentry","product_cat-canyoning-in-svizzera-e-dintorni","product_cat-canyoning-in-svizzera-orientale"],"yoast_head":"<!-- This site is optimized with the Yoast SEO plugin v23.6 - https:\/\/yoast.com\/wordpress\/plugins\/seo\/ -->\n<title>Canyoning Amden con discesa in corda doppia su una diga<\/title>\n<meta name=\"description\" content=\"Canyoning Amden con discesa in corda doppia su una diga. Si inizia con un&#039;impressionante discesa in corda doppia di 40 metri sulla diga\" \/>\n<meta name=\"robots\" content=\"index, follow, max-snippet:-1, max-image-preview:large, max-video-preview:-1\" \/>\n<link rel=\"canonical\" href=\"https:\/\/www.swissraft.ch\/it\/prodotto\/canyoning-san-gallo-amden\/\" \/>\n<meta property=\"og:locale\" content=\"it_IT\" \/>\n<meta property=\"og:type\" content=\"article\" \/>\n<meta property=\"og:title\" content=\"Canyoning Amden con discesa in corda doppia su una diga\" \/>\n<meta property=\"og:description\" content=\"Canyoning Amden con discesa in corda doppia su una diga. Si inizia con un&#039;impressionante discesa in corda doppia di 40 metri sulla diga\" \/>\n<meta property=\"og:url\" content=\"https:\/\/www.swissraft.ch\/it\/prodotto\/canyoning-san-gallo-amden\/\" \/>\n<meta property=\"og:site_name\" content=\"Swissraft\" \/>\n<meta property=\"article:modified_time\" content=\"2026-04-09T22:14:47+00:00\" \/>\n<meta property=\"og:image\" content=\"https:\/\/www.swissraft.ch\/wp-content\/uploads\/2023\/02\/1-Amden-776x776-1.png\" \/>\n\t<meta property=\"og:image:width\" content=\"776\" \/>\n\t<meta property=\"og:image:height\" content=\"776\" \/>\n\t<meta property=\"og:image:type\" content=\"image\/png\" \/>\n<meta name=\"twitter:card\" content=\"summary_large_image\" \/>\n<meta name=\"twitter:label1\" content=\"Tempo di lettura stimato\" \/>\n\t<meta name=\"twitter:data1\" content=\"2 minuti\" \/>\n<script type=\"application\/ld+json\" class=\"yoast-schema-graph\">{\"@context\":\"https:\/\/schema.org\",\"@graph\":[{\"@type\":\"WebPage\",\"@id\":\"https:\/\/www.swissraft.ch\/it\/prodotto\/canyoning-san-gallo-amden\/\",\"url\":\"https:\/\/www.swissraft.ch\/it\/prodotto\/canyoning-san-gallo-amden\/\",\"name\":\"Canyoning Amden con discesa in corda doppia su una diga\",\"isPartOf\":{\"@id\":\"https:\/\/www.swissraft.ch\/it\/#website\"},\"primaryImageOfPage\":{\"@id\":\"https:\/\/www.swissraft.ch\/it\/prodotto\/canyoning-san-gallo-amden\/#primaryimage\"},\"image\":{\"@id\":\"https:\/\/www.swissraft.ch\/it\/prodotto\/canyoning-san-gallo-amden\/#primaryimage\"},\"thumbnailUrl\":\"https:\/\/www.swissraft.ch\/wp-content\/uploads\/2023\/02\/1-Amden-776x776-1.png\",\"datePublished\":\"2023-02-19T12:49:40+00:00\",\"dateModified\":\"2026-04-09T22:14:47+00:00\",\"description\":\"Canyoning Amden con discesa in corda doppia su una diga. Si inizia con un'impressionante discesa in corda doppia di 40 metri sulla diga\",\"breadcrumb\":{\"@id\":\"https:\/\/www.swissraft.ch\/it\/prodotto\/canyoning-san-gallo-amden\/#breadcrumb\"},\"inLanguage\":\"it-IT\",\"potentialAction\":[{\"@type\":\"ReadAction\",\"target\":[\"https:\/\/www.swissraft.ch\/it\/prodotto\/canyoning-san-gallo-amden\/\"]}]},{\"@type\":\"ImageObject\",\"inLanguage\":\"it-IT\",\"@id\":\"https:\/\/www.swissraft.ch\/it\/prodotto\/canyoning-san-gallo-amden\/#primaryimage\",\"url\":\"https:\/\/www.swissraft.ch\/wp-content\/uploads\/2023\/02\/1-Amden-776x776-1.png\",\"contentUrl\":\"https:\/\/www.swissraft.ch\/wp-content\/uploads\/2023\/02\/1-Amden-776x776-1.png\",\"width\":776,\"height\":776,\"caption\":\"Discesa in corda doppia nel canyon di Amden\"},{\"@type\":\"BreadcrumbList\",\"@id\":\"https:\/\/www.swissraft.ch\/it\/prodotto\/canyoning-san-gallo-amden\/#breadcrumb\",\"itemListElement\":[{\"@type\":\"ListItem\",\"position\":1,\"name\":\"Accueil\",\"item\":\"https:\/\/www.swissraft.ch\/it\/\"},{\"@type\":\"ListItem\",\"position\":2,\"name\":\"Negozio\",\"item\":\"https:\/\/www.swissraft.ch\/it\/negozio\/\"},{\"@type\":\"ListItem\",\"position\":3,\"name\":\"Canyoning nel cantone di San Gallo &#8211; Amden &#8211; Da CHF 169.00\"}]},{\"@type\":\"WebSite\",\"@id\":\"https:\/\/www.swissraft.ch\/it\/#website\",\"url\":\"https:\/\/www.swissraft.ch\/it\/\",\"name\":\"Swissraft\",\"description\":\"To enjoy nature as it is\",\"publisher\":{\"@id\":\"https:\/\/www.swissraft.ch\/it\/#organization\"},\"potentialAction\":[{\"@type\":\"SearchAction\",\"target\":{\"@type\":\"EntryPoint\",\"urlTemplate\":\"https:\/\/www.swissraft.ch\/it\/?s={search_term_string}\"},\"query-input\":{\"@type\":\"PropertyValueSpecification\",\"valueRequired\":true,\"valueName\":\"search_term_string\"}}],\"inLanguage\":\"it-IT\"},{\"@type\":\"Organization\",\"@id\":\"https:\/\/www.swissraft.ch\/it\/#organization\",\"name\":\"Swissraft\",\"url\":\"https:\/\/www.swissraft.ch\/it\/\",\"logo\":{\"@type\":\"ImageObject\",\"inLanguage\":\"it-IT\",\"@id\":\"https:\/\/www.swissraft.ch\/it\/#\/schema\/logo\/image\/\",\"url\":\"https:\/\/www.swissraft.ch\/wp-content\/uploads\/2025\/09\/Capture.jpg\",\"contentUrl\":\"https:\/\/www.swissraft.ch\/wp-content\/uploads\/2025\/09\/Capture.jpg\",\"width\":293,\"height\":108,\"caption\":\"Swissraft\"},\"image\":{\"@id\":\"https:\/\/www.swissraft.ch\/it\/#\/schema\/logo\/image\/\"}}]}<\/script>\n<!-- \/ Yoast SEO plugin. -->","yoast_head_json":{"title":"Canyoning Amden con discesa in corda doppia su una diga","description":"Canyoning Amden con discesa in corda doppia su una diga. Si inizia con un'impressionante discesa in corda doppia di 40 metri sulla diga","robots":{"index":"index","follow":"follow","max-snippet":"max-snippet:-1","max-image-preview":"max-image-preview:large","max-video-preview":"max-video-preview:-1"},"canonical":"https:\/\/www.swissraft.ch\/it\/prodotto\/canyoning-san-gallo-amden\/","og_locale":"it_IT","og_type":"article","og_title":"Canyoning Amden con discesa in corda doppia su una diga","og_description":"Canyoning Amden con discesa in corda doppia su una diga. Si inizia con un'impressionante discesa in corda doppia di 40 metri sulla diga","og_url":"https:\/\/www.swissraft.ch\/it\/prodotto\/canyoning-san-gallo-amden\/","og_site_name":"Swissraft","article_modified_time":"2026-04-09T22:14:47+00:00","og_image":[{"width":776,"height":776,"url":"https:\/\/www.swissraft.ch\/wp-content\/uploads\/2023\/02\/1-Amden-776x776-1.png","type":"image\/png"}],"twitter_card":"summary_large_image","twitter_misc":{"Tempo di lettura stimato":"2 minuti"},"schema":{"@context":"https:\/\/schema.org","@graph":[{"@type":"WebPage","@id":"https:\/\/www.swissraft.ch\/it\/prodotto\/canyoning-san-gallo-amden\/","url":"https:\/\/www.swissraft.ch\/it\/prodotto\/canyoning-san-gallo-amden\/","name":"Canyoning Amden con discesa in corda doppia su una diga","isPartOf":{"@id":"https:\/\/www.swissraft.ch\/it\/#website"},"primaryImageOfPage":{"@id":"https:\/\/www.swissraft.ch\/it\/prodotto\/canyoning-san-gallo-amden\/#primaryimage"},"image":{"@id":"https:\/\/www.swissraft.ch\/it\/prodotto\/canyoning-san-gallo-amden\/#primaryimage"},"thumbnailUrl":"https:\/\/www.swissraft.ch\/wp-content\/uploads\/2023\/02\/1-Amden-776x776-1.png","datePublished":"2023-02-19T12:49:40+00:00","dateModified":"2026-04-09T22:14:47+00:00","description":"Canyoning Amden con discesa in corda doppia su una diga. Si inizia con un'impressionante discesa in corda doppia di 40 metri sulla diga","breadcrumb":{"@id":"https:\/\/www.swissraft.ch\/it\/prodotto\/canyoning-san-gallo-amden\/#breadcrumb"},"inLanguage":"it-IT","potentialAction":[{"@type":"ReadAction","target":["https:\/\/www.swissraft.ch\/it\/prodotto\/canyoning-san-gallo-amden\/"]}]},{"@type":"ImageObject","inLanguage":"it-IT","@id":"https:\/\/www.swissraft.ch\/it\/prodotto\/canyoning-san-gallo-amden\/#primaryimage","url":"https:\/\/www.swissraft.ch\/wp-content\/uploads\/2023\/02\/1-Amden-776x776-1.png","contentUrl":"https:\/\/www.swissraft.ch\/wp-content\/uploads\/2023\/02\/1-Amden-776x776-1.png","width":776,"height":776,"caption":"Discesa in corda doppia nel canyon di Amden"},{"@type":"BreadcrumbList","@id":"https:\/\/www.swissraft.ch\/it\/prodotto\/canyoning-san-gallo-amden\/#breadcrumb","itemListElement":[{"@type":"ListItem","position":1,"name":"Accueil","item":"https:\/\/www.swissraft.ch\/it\/"},{"@type":"ListItem","position":2,"name":"Negozio","item":"https:\/\/www.swissraft.ch\/it\/negozio\/"},{"@type":"ListItem","position":3,"name":"Canyoning nel cantone di San Gallo &#8211; Amden &#8211; Da CHF 169.00"}]},{"@type":"WebSite","@id":"https:\/\/www.swissraft.ch\/it\/#website","url":"https:\/\/www.swissraft.ch\/it\/","name":"Swissraft","description":"To enjoy nature as it is","publisher":{"@id":"https:\/\/www.swissraft.ch\/it\/#organization"},"potentialAction":[{"@type":"SearchAction","target":{"@type":"EntryPoint","urlTemplate":"https:\/\/www.swissraft.ch\/it\/?s={search_term_string}"},"query-input":{"@type":"PropertyValueSpecification","valueRequired":true,"valueName":"search_term_string"}}],"inLanguage":"it-IT"},{"@type":"Organization","@id":"https:\/\/www.swissraft.ch\/it\/#organization","name":"Swissraft","url":"https:\/\/www.swissraft.ch\/it\/","logo":{"@type":"ImageObject","inLanguage":"it-IT","@id":"https:\/\/www.swissraft.ch\/it\/#\/schema\/logo\/image\/","url":"https:\/\/www.swissraft.ch\/wp-content\/uploads\/2025\/09\/Capture.jpg","contentUrl":"https:\/\/www.swissraft.ch\/wp-content\/uploads\/2025\/09\/Capture.jpg","width":293,"height":108,"caption":"Swissraft"},"image":{"@id":"https:\/\/www.swissraft.ch\/it\/#\/schema\/logo\/image\/"}}]}},"_links":{"self":[{"href":"https:\/\/www.swissraft.ch\/it\/wp-json\/wp\/v2\/product\/92670","targetHints":{"allow":["GET"]}}],"collection":[{"href":"https:\/\/www.swissraft.ch\/it\/wp-json\/wp\/v2\/product"}],"about":[{"href":"https:\/\/www.swissraft.ch\/it\/wp-json\/wp\/v2\/types\/product"}],"replies":[{"embeddable":true,"href":"https:\/\/www.swissraft.ch\/it\/wp-json\/wp\/v2\/comments?post=92670"}],"version-history":[{"count":42,"href":"https:\/\/www.swissraft.ch\/it\/wp-json\/wp\/v2\/product\/92670\/revisions"}],"predecessor-version":[{"id":138808,"href":"https:\/\/www.swissraft.ch\/it\/wp-json\/wp\/v2\/product\/92670\/revisions\/138808"}],"wp:featuredmedia":[{"embeddable":true,"href":"https:\/\/www.swissraft.ch\/it\/wp-json\/wp\/v2\/media\/85130"}],"wp:attachment":[{"href":"https:\/\/www.swissraft.ch\/it\/wp-json\/wp\/v2\/media?parent=92670"}],"wp:term":[{"taxonomy":"product_cat","embeddable":true,"href":"https:\/\/www.swissraft.ch\/it\/wp-json\/wp\/v2\/product_cat?post=92670"},{"taxonomy":"product_tag","embeddable":true,"href":"https:\/\/www.swissraft.ch\/it\/wp-json\/wp\/v2\/product_tag?post=92670"}],"curies":[{"name":"wp","href":"https:\/\/api.w.org\/{rel}","templated":true}]}}