{"id":92662,"date":"2023-02-19T13:40:40","date_gmt":"2023-02-19T12:40:40","guid":{"rendered":"https:\/\/swissraft.xyanzkdne.eu\/product\/canyoning-nei-grisons-les-gorges-du-viamala-da-chf-140-25\/"},"modified":"2026-04-10T00:06:47","modified_gmt":"2026-04-09T22:06:47","slug":"canyoning-viamala-grigioni","status":"publish","type":"product","link":"https:\/\/www.swissraft.ch\/it\/prodotto\/canyoning-viamala-grigioni\/","title":{"rendered":"Canyoning nei Grigioni &#8211; Il gole del Viamala &#8211; Da CHF 140.25"},"content":{"rendered":"\t\t<div data-elementor-type=\"wp-post\" data-elementor-id=\"92662\" class=\"elementor elementor-92662 elementor-31062\">\n\t\t\t\t\t\t\t\t\t<section class=\"elementor-section elementor-top-section elementor-element elementor-element-3303a7e3 elementor-section-boxed elementor-section-height-default elementor-section-height-default\" data-id=\"3303a7e3\" data-element_type=\"section\">\n\t\t\t\t\t\t<div class=\"elementor-container elementor-column-gap-default\">\n\t\t\t\t\t<div class=\"elementor-column elementor-col-100 elementor-top-column elementor-element elementor-element-16d72dbf\" data-id=\"16d72dbf\" data-element_type=\"column\">\n\t\t\t<div class=\"elementor-widget-wrap elementor-element-populated\">\n\t\t\t\t\t\t\t\t<div class=\"elementor-element elementor-element-d743c03 elementor-widget elementor-widget-text-editor\" data-id=\"d743c03\" data-element_type=\"widget\" data-widget_type=\"text-editor.default\">\n\t\t\t\t<div class=\"elementor-widget-container\">\n\t\t\t\t\t\t\t<h2>SCEGLI LA TUA ATTIVIT\u00c0 QUI SOTTO PER OFFRIRE BUONI REGALO\/BIGLIETTI O EFFETTUARE UNA PRENOTAZIONE<\/h2><table border=\"0\" width=\"580\" cellspacing=\"10\" cellpadding=\"10\"><tbody><tr><td width=\"50%\"><strong>CANYONING &#8211; VIAMALA + aperitivo<\/strong><\/td><td><strong>CHF 165.00 a persona<span class=\"productPrice\"><br \/><\/span><\/strong><\/td><\/tr><tr><td>Informazioni aggiuntive<\/td><td><span class=\"plbl\">&#8211; Prezzo scuola<\/span> : <span class=\"patt\"><strong>CHF 155.00<\/strong>\/pers. dai 16 anni<br \/><\/span><span class=\"plbl\">&#8211; <\/span><span class=\"plbl\">Prezzo giovani<\/span> : <span class=\"patt\"><strong>CHF 155.00<\/strong>\/pers.<\/span><span class=\"patt\">\u00a0fino da 17 anni<br \/><\/span><span class=\"patt\">&#8211; A partire da 11 pers. 10% : <strong>CHF 148.50<\/strong>\/pers.<br \/>&#8211; A partire da 21 pers. 15% : <strong>CHF 140.25<\/strong>\/pers.<strong><br \/><\/strong>&#8211; Et\u00e0 minima : 14 anni<br \/><\/span><span class=\"patt\">&#8211; Canyon con poco sole<br \/>&#8211; \u00c8 possibile prenotare tutti i giorni per gruppi di 4 o pi\u00f9 persone.<\/span><\/td><\/tr><tr><td>Orari<\/td><td>9h45 \/ 13h45<\/td><\/tr><tr><td>Canyoning<\/td><td>circa 2 ore<\/td><\/tr><tr><td>Durata totale<\/td><td>circa 3 ore<\/td><\/tr><tr><td>Appuntamento<\/td><td><span style=\"color: #ff6600;\"><a href=\"https:\/\/www.google.com\/maps\/place\/46%C2%B040'24.8%22N+9%C2%B026'55.7%22E\/@46.6738591,9.4395465,1549m\/data=!3m1!1e3!4m4!3m3!8m2!3d46.6735556!4d9.4488056!5m1!1e4?entry=ttu\" target=\"_blank\" rel=\"noopener\">Bistro &#8220;Alte Post<\/a><\/span><\/td><\/tr><tr><td>Difficolt\u00e0<\/td><td>1<\/td><\/tr><tr><td><button class=\"elementor-button\" type=\"button\"><a href=\"https:\/\/swissraft.outdoorbooking.ch\/fo\/products\/21?base_id=2&amp;category_id=2&amp;order_type=gift_voucher&amp;lang=it\" target=\"_blank\" rel=\"noopener\">ACQUISTO BUONO REGALO \/ BIGLIETTO<\/a><\/button><\/td><td><a href=\"https:\/\/swissraft.outdoorbooking.ch\/fo\/products\/21?base_id=2&amp;category_id=2&amp;order_type=event&amp;lang=it\" target=\"_blank\" rel=\"noopener\">PRENOTA UNA DATA<\/a><\/td><\/tr><\/tbody><\/table>\t\t\t\t\t\t<\/div>\n\t\t\t\t<\/div>\n\t\t\t\t\t<\/div>\n\t\t<\/div>\n\t\t\t\t\t\t\t<\/div>\n\t\t<\/section>\n\t\t\t\t\t\t\t<\/div>\n\t\t","protected":false},"excerpt":{"rendered":"<div align=\"justify\">\n<h2 align=\"justify\">Canyoning nelle Gole del Viamala, una passeggiata acquatica<\/h2>\n<h3>Il canyon della Viamala \u00e8 stato il primo canyon disceso in Svizzera nel 1982 da Daniel Ch\u00e9zi\u00e8re.<\/h3>\n<\/div>\n<div align=\"justify\">\n<p>Con questa introduzione al <strong>canyoning<\/strong>, scoprirai un sito naturale di rara bellezza. Inoltre, sarai ben equipaggiato e accompagnato dalla tua guida, che ti spiegher\u00e0 come affrontare i salti e gli scivoli. Da un lato, nel Viamala non c&#8217;\u00e8 una discesa in corda doppia, per questo la chiamiamo passeggiata sull&#8217;acqua. Questo strettissimo canyon \u00e8 circondato da imponenti pareti alte oltre 150 metri. Non servono corde o tecniche di arrampicata. Il <strong>canyon<\/strong> delle Gole del Viamala \u00e8 come una dea. Inoltre, vivrai una mezza giornata indimenticabile, ricca di emozioni e di emozioni. Inoltre, imparerai a domarlo mentre scivoli lungo i suoi scivoli e ti tuffi nell&#8217;acqua cristallina color smeraldo. Il <strong>canyon di<\/strong> Viamala \u00e8 davvero un gioiello della natura.<\/p>\n<h3>Ci sono molte alternative al canyon delle Gole del Viamala in Svizzera<\/h3>\n<p id=\"textarea\" style=\"display: none;\">\nIn Ticino, la Val Grande, o in Riviera a Cresciano, il canyon del Boggera. Nel Vallese ti aspettano i canyon di La Raspille, La Morge e La Rogne. Swissraft offre anche la possibilit\u00e0 di fare <strong>canyoning<\/strong> nel cantone di Vaud con la Torneresse verso il Col des Mosses. Ma anche a Gruy\u00e8re, il canyon della Tine de Montbovon. Offriamo anche la possibilit\u00e0 di <strong>fare canyoning<\/strong> nell&#8217;Oberland bernese intorno a Interlaken, compreso il Saxetenbach. Inoltre, il cantone di San Gallo \u00e8 membro dell&#8217;associazione Gall con il canyon di Amden e la sua discesa in corda doppia di 40 metri \u00e8 di sicuro interesse.\n<\/p>\n<p><a id=\"seeMore\" onclick=\"toggleSeeMore()\" href=\"javascript:void(0);\">Leggi tutto<\/a><\/p>\n","protected":false},"featured_media":85085,"comment_status":"open","ping_status":"closed","template":"","meta":{"inline_featured_image":false,"_mi_skip_tracking":false},"product_cat":[477,530],"product_tag":[],"class_list":["post-92662","product","type-product","status-publish","has-post-thumbnail","hentry","product_cat-canyoning-in-svizzera-e-dintorni","product_cat-canyoning-in-svizzera-orientale"],"yoast_head":"<!-- This site is optimized with the Yoast SEO plugin v23.6 - https:\/\/yoast.com\/wordpress\/plugins\/seo\/ -->\n<title>Canyoning nel Viamala nei Grigioni a Thusis<\/title>\n<meta name=\"description\" content=\"Canyoning nel Viamala nei Grigioni. Scopri tutte le meraviglie di questo sito durante questa passeggiata acquatica. Introduzione al canyoning\" \/>\n<meta name=\"robots\" content=\"index, follow, max-snippet:-1, max-image-preview:large, max-video-preview:-1\" \/>\n<link rel=\"canonical\" href=\"https:\/\/www.swissraft.ch\/it\/prodotto\/canyoning-viamala-grigioni\/\" \/>\n<meta property=\"og:locale\" content=\"it_IT\" \/>\n<meta property=\"og:type\" content=\"article\" \/>\n<meta property=\"og:title\" content=\"Canyoning nel Viamala nei Grigioni a Thusis\" \/>\n<meta property=\"og:description\" content=\"Canyoning nel Viamala nei Grigioni. Scopri tutte le meraviglie di questo sito durante questa passeggiata acquatica. Introduzione al canyoning\" \/>\n<meta property=\"og:url\" content=\"https:\/\/www.swissraft.ch\/it\/prodotto\/canyoning-viamala-grigioni\/\" \/>\n<meta property=\"og:site_name\" content=\"Swissraft\" \/>\n<meta property=\"article:modified_time\" content=\"2026-04-09T22:06:47+00:00\" \/>\n<meta property=\"og:image\" content=\"https:\/\/www.swissraft.ch\/wp-content\/uploads\/2023\/02\/1-Viamala-776x776-1.jpg\" \/>\n\t<meta property=\"og:image:width\" content=\"776\" \/>\n\t<meta property=\"og:image:height\" content=\"776\" \/>\n\t<meta property=\"og:image:type\" content=\"image\/jpeg\" \/>\n<meta name=\"twitter:card\" content=\"summary_large_image\" \/>\n<meta name=\"twitter:label1\" content=\"Tempo di lettura stimato\" \/>\n\t<meta name=\"twitter:data1\" content=\"1 minuto\" \/>\n<script type=\"application\/ld+json\" class=\"yoast-schema-graph\">{\"@context\":\"https:\/\/schema.org\",\"@graph\":[{\"@type\":\"WebPage\",\"@id\":\"https:\/\/www.swissraft.ch\/it\/prodotto\/canyoning-viamala-grigioni\/\",\"url\":\"https:\/\/www.swissraft.ch\/it\/prodotto\/canyoning-viamala-grigioni\/\",\"name\":\"Canyoning nel Viamala nei Grigioni a Thusis\",\"isPartOf\":{\"@id\":\"https:\/\/www.swissraft.ch\/it\/#website\"},\"primaryImageOfPage\":{\"@id\":\"https:\/\/www.swissraft.ch\/it\/prodotto\/canyoning-viamala-grigioni\/#primaryimage\"},\"image\":{\"@id\":\"https:\/\/www.swissraft.ch\/it\/prodotto\/canyoning-viamala-grigioni\/#primaryimage\"},\"thumbnailUrl\":\"https:\/\/www.swissraft.ch\/wp-content\/uploads\/2023\/02\/1-Viamala-776x776-1.jpg\",\"datePublished\":\"2023-02-19T12:40:40+00:00\",\"dateModified\":\"2026-04-09T22:06:47+00:00\",\"description\":\"Canyoning nel Viamala nei Grigioni. Scopri tutte le meraviglie di questo sito durante questa passeggiata acquatica. Introduzione al canyoning\",\"breadcrumb\":{\"@id\":\"https:\/\/www.swissraft.ch\/it\/prodotto\/canyoning-viamala-grigioni\/#breadcrumb\"},\"inLanguage\":\"it-IT\",\"potentialAction\":[{\"@type\":\"ReadAction\",\"target\":[\"https:\/\/www.swissraft.ch\/it\/prodotto\/canyoning-viamala-grigioni\/\"]}]},{\"@type\":\"ImageObject\",\"inLanguage\":\"it-IT\",\"@id\":\"https:\/\/www.swissraft.ch\/it\/prodotto\/canyoning-viamala-grigioni\/#primaryimage\",\"url\":\"https:\/\/www.swissraft.ch\/wp-content\/uploads\/2023\/02\/1-Viamala-776x776-1.jpg\",\"contentUrl\":\"https:\/\/www.swissraft.ch\/wp-content\/uploads\/2023\/02\/1-Viamala-776x776-1.jpg\",\"width\":776,\"height\":776,\"caption\":\"Canyoning in Viamala\"},{\"@type\":\"BreadcrumbList\",\"@id\":\"https:\/\/www.swissraft.ch\/it\/prodotto\/canyoning-viamala-grigioni\/#breadcrumb\",\"itemListElement\":[{\"@type\":\"ListItem\",\"position\":1,\"name\":\"Accueil\",\"item\":\"https:\/\/www.swissraft.ch\/it\/\"},{\"@type\":\"ListItem\",\"position\":2,\"name\":\"Negozio\",\"item\":\"https:\/\/www.swissraft.ch\/it\/negozio\/\"},{\"@type\":\"ListItem\",\"position\":3,\"name\":\"Canyoning nei Grigioni &#8211; Il gole del Viamala &#8211; Da CHF 140.25\"}]},{\"@type\":\"WebSite\",\"@id\":\"https:\/\/www.swissraft.ch\/it\/#website\",\"url\":\"https:\/\/www.swissraft.ch\/it\/\",\"name\":\"Swissraft\",\"description\":\"To enjoy nature as it is\",\"publisher\":{\"@id\":\"https:\/\/www.swissraft.ch\/it\/#organization\"},\"potentialAction\":[{\"@type\":\"SearchAction\",\"target\":{\"@type\":\"EntryPoint\",\"urlTemplate\":\"https:\/\/www.swissraft.ch\/it\/?s={search_term_string}\"},\"query-input\":{\"@type\":\"PropertyValueSpecification\",\"valueRequired\":true,\"valueName\":\"search_term_string\"}}],\"inLanguage\":\"it-IT\"},{\"@type\":\"Organization\",\"@id\":\"https:\/\/www.swissraft.ch\/it\/#organization\",\"name\":\"Swissraft\",\"url\":\"https:\/\/www.swissraft.ch\/it\/\",\"logo\":{\"@type\":\"ImageObject\",\"inLanguage\":\"it-IT\",\"@id\":\"https:\/\/www.swissraft.ch\/it\/#\/schema\/logo\/image\/\",\"url\":\"https:\/\/www.swissraft.ch\/wp-content\/uploads\/2025\/09\/Capture.jpg\",\"contentUrl\":\"https:\/\/www.swissraft.ch\/wp-content\/uploads\/2025\/09\/Capture.jpg\",\"width\":293,\"height\":108,\"caption\":\"Swissraft\"},\"image\":{\"@id\":\"https:\/\/www.swissraft.ch\/it\/#\/schema\/logo\/image\/\"}}]}<\/script>\n<!-- \/ Yoast SEO plugin. -->","yoast_head_json":{"title":"Canyoning nel Viamala nei Grigioni a Thusis","description":"Canyoning nel Viamala nei Grigioni. Scopri tutte le meraviglie di questo sito durante questa passeggiata acquatica. Introduzione al canyoning","robots":{"index":"index","follow":"follow","max-snippet":"max-snippet:-1","max-image-preview":"max-image-preview:large","max-video-preview":"max-video-preview:-1"},"canonical":"https:\/\/www.swissraft.ch\/it\/prodotto\/canyoning-viamala-grigioni\/","og_locale":"it_IT","og_type":"article","og_title":"Canyoning nel Viamala nei Grigioni a Thusis","og_description":"Canyoning nel Viamala nei Grigioni. Scopri tutte le meraviglie di questo sito durante questa passeggiata acquatica. Introduzione al canyoning","og_url":"https:\/\/www.swissraft.ch\/it\/prodotto\/canyoning-viamala-grigioni\/","og_site_name":"Swissraft","article_modified_time":"2026-04-09T22:06:47+00:00","og_image":[{"width":776,"height":776,"url":"https:\/\/www.swissraft.ch\/wp-content\/uploads\/2023\/02\/1-Viamala-776x776-1.jpg","type":"image\/jpeg"}],"twitter_card":"summary_large_image","twitter_misc":{"Tempo di lettura stimato":"1 minuto"},"schema":{"@context":"https:\/\/schema.org","@graph":[{"@type":"WebPage","@id":"https:\/\/www.swissraft.ch\/it\/prodotto\/canyoning-viamala-grigioni\/","url":"https:\/\/www.swissraft.ch\/it\/prodotto\/canyoning-viamala-grigioni\/","name":"Canyoning nel Viamala nei Grigioni a Thusis","isPartOf":{"@id":"https:\/\/www.swissraft.ch\/it\/#website"},"primaryImageOfPage":{"@id":"https:\/\/www.swissraft.ch\/it\/prodotto\/canyoning-viamala-grigioni\/#primaryimage"},"image":{"@id":"https:\/\/www.swissraft.ch\/it\/prodotto\/canyoning-viamala-grigioni\/#primaryimage"},"thumbnailUrl":"https:\/\/www.swissraft.ch\/wp-content\/uploads\/2023\/02\/1-Viamala-776x776-1.jpg","datePublished":"2023-02-19T12:40:40+00:00","dateModified":"2026-04-09T22:06:47+00:00","description":"Canyoning nel Viamala nei Grigioni. Scopri tutte le meraviglie di questo sito durante questa passeggiata acquatica. Introduzione al canyoning","breadcrumb":{"@id":"https:\/\/www.swissraft.ch\/it\/prodotto\/canyoning-viamala-grigioni\/#breadcrumb"},"inLanguage":"it-IT","potentialAction":[{"@type":"ReadAction","target":["https:\/\/www.swissraft.ch\/it\/prodotto\/canyoning-viamala-grigioni\/"]}]},{"@type":"ImageObject","inLanguage":"it-IT","@id":"https:\/\/www.swissraft.ch\/it\/prodotto\/canyoning-viamala-grigioni\/#primaryimage","url":"https:\/\/www.swissraft.ch\/wp-content\/uploads\/2023\/02\/1-Viamala-776x776-1.jpg","contentUrl":"https:\/\/www.swissraft.ch\/wp-content\/uploads\/2023\/02\/1-Viamala-776x776-1.jpg","width":776,"height":776,"caption":"Canyoning in Viamala"},{"@type":"BreadcrumbList","@id":"https:\/\/www.swissraft.ch\/it\/prodotto\/canyoning-viamala-grigioni\/#breadcrumb","itemListElement":[{"@type":"ListItem","position":1,"name":"Accueil","item":"https:\/\/www.swissraft.ch\/it\/"},{"@type":"ListItem","position":2,"name":"Negozio","item":"https:\/\/www.swissraft.ch\/it\/negozio\/"},{"@type":"ListItem","position":3,"name":"Canyoning nei Grigioni &#8211; Il gole del Viamala &#8211; Da CHF 140.25"}]},{"@type":"WebSite","@id":"https:\/\/www.swissraft.ch\/it\/#website","url":"https:\/\/www.swissraft.ch\/it\/","name":"Swissraft","description":"To enjoy nature as it is","publisher":{"@id":"https:\/\/www.swissraft.ch\/it\/#organization"},"potentialAction":[{"@type":"SearchAction","target":{"@type":"EntryPoint","urlTemplate":"https:\/\/www.swissraft.ch\/it\/?s={search_term_string}"},"query-input":{"@type":"PropertyValueSpecification","valueRequired":true,"valueName":"search_term_string"}}],"inLanguage":"it-IT"},{"@type":"Organization","@id":"https:\/\/www.swissraft.ch\/it\/#organization","name":"Swissraft","url":"https:\/\/www.swissraft.ch\/it\/","logo":{"@type":"ImageObject","inLanguage":"it-IT","@id":"https:\/\/www.swissraft.ch\/it\/#\/schema\/logo\/image\/","url":"https:\/\/www.swissraft.ch\/wp-content\/uploads\/2025\/09\/Capture.jpg","contentUrl":"https:\/\/www.swissraft.ch\/wp-content\/uploads\/2025\/09\/Capture.jpg","width":293,"height":108,"caption":"Swissraft"},"image":{"@id":"https:\/\/www.swissraft.ch\/it\/#\/schema\/logo\/image\/"}}]}},"_links":{"self":[{"href":"https:\/\/www.swissraft.ch\/it\/wp-json\/wp\/v2\/product\/92662","targetHints":{"allow":["GET"]}}],"collection":[{"href":"https:\/\/www.swissraft.ch\/it\/wp-json\/wp\/v2\/product"}],"about":[{"href":"https:\/\/www.swissraft.ch\/it\/wp-json\/wp\/v2\/types\/product"}],"replies":[{"embeddable":true,"href":"https:\/\/www.swissraft.ch\/it\/wp-json\/wp\/v2\/comments?post=92662"}],"version-history":[{"count":27,"href":"https:\/\/www.swissraft.ch\/it\/wp-json\/wp\/v2\/product\/92662\/revisions"}],"predecessor-version":[{"id":138784,"href":"https:\/\/www.swissraft.ch\/it\/wp-json\/wp\/v2\/product\/92662\/revisions\/138784"}],"wp:featuredmedia":[{"embeddable":true,"href":"https:\/\/www.swissraft.ch\/it\/wp-json\/wp\/v2\/media\/85085"}],"wp:attachment":[{"href":"https:\/\/www.swissraft.ch\/it\/wp-json\/wp\/v2\/media?parent=92662"}],"wp:term":[{"taxonomy":"product_cat","embeddable":true,"href":"https:\/\/www.swissraft.ch\/it\/wp-json\/wp\/v2\/product_cat?post=92662"},{"taxonomy":"product_tag","embeddable":true,"href":"https:\/\/www.swissraft.ch\/it\/wp-json\/wp\/v2\/product_tag?post=92662"}],"curies":[{"name":"wp","href":"https:\/\/api.w.org\/{rel}","templated":true}]}}