{"id":92646,"date":"2023-02-22T23:03:11","date_gmt":"2023-02-22T22:03:11","guid":{"rendered":"https:\/\/swissraft.xyanzkdne.eu\/product\/canyoning-a-tessin-le-vira-a-partire-da-chf-75-00\/"},"modified":"2026-04-09T22:58:40","modified_gmt":"2026-04-09T20:58:40","slug":"canyoning-ticino-vira","status":"publish","type":"product","link":"https:\/\/www.swissraft.ch\/it\/prodotto\/canyoning-ticino-vira\/","title":{"rendered":"Canyoning in Ticino &#8211; Il Vira &#8211; Da CHF 75.00"},"content":{"rendered":"\t\t<div data-elementor-type=\"wp-post\" data-elementor-id=\"92646\" class=\"elementor elementor-92646 elementor-31180\">\n\t\t\t\t\t\t\t\t\t<section class=\"elementor-section elementor-top-section elementor-element elementor-element-3303a7e3 elementor-section-boxed elementor-section-height-default elementor-section-height-default\" data-id=\"3303a7e3\" data-element_type=\"section\">\n\t\t\t\t\t\t<div class=\"elementor-container elementor-column-gap-default\">\n\t\t\t\t\t<div class=\"elementor-column elementor-col-100 elementor-top-column elementor-element elementor-element-16d72dbf\" data-id=\"16d72dbf\" data-element_type=\"column\">\n\t\t\t<div class=\"elementor-widget-wrap elementor-element-populated\">\n\t\t\t\t\t\t\t\t<div class=\"elementor-element elementor-element-d743c03 elementor-widget elementor-widget-text-editor\" data-id=\"d743c03\" data-element_type=\"widget\" data-widget_type=\"text-editor.default\">\n\t\t\t\t<div class=\"elementor-widget-container\">\n\t\t\t\t\t\t\t<h2>SCEGLI LA TUA ATTIVIT\u00c0 QUI SOTTO PER OFFRIRE BUONI REGALO \/ BIGLIETTI O EFFETTUARE UNA PRENOTAZIONE<\/h2><table border=\"0\" width=\"580\" cellspacing=\"10\" cellpadding=\"10\"><tbody><tr><td width=\"50%\"><strong>1) CANYONING &#8211; VIRA &#8211; FAMIGLIE FUN + aperitivo<\/strong><\/td><td><strong>CHF 110.00 a persona<span class=\"productPrice\"><br \/><\/span><\/strong><\/td><\/tr><tr><td>Informazioni aggiuntive<\/td><td><span class=\"plbl\">&#8211; Prezzo scuola<\/span>\u00a0: <span class=\"patt\"><strong>CHF 70.00<\/strong>\/pers. a partire dai 10 anni<br \/>&#8211; Prezzo giovani<\/span> : <span class=\"patt\"><strong>CHF 75.00<\/strong>\/pers. fino a 17 anni<br \/>&#8211; <span class=\"plbl\"> A partire da<\/span> 11 pers. 10% : <strong>CHF 99.00<\/strong>\/pers.<br \/>&#8211; A partire da 21 pers. 15%: <strong>CHF 93.50<\/strong>\/pers.<strong><br \/><\/strong>&#8211; Nessuno sconto aggiuntivo sulle tariffe per le scuole e i giovani<br \/>&#8211; Et\u00e0 minima : 8 anni<strong><br \/><\/strong><\/span><span class=\"plbl\">&#8211; <\/span><span class=\"patt\">Un canyon molto soleggiato<\/span><\/td><\/tr><tr><td>Orari<\/td><td>09h00 \/ 14h00<\/td><\/tr><tr><td>Canyoning<\/td><td>circa 2 ore<\/td><\/tr><tr><td>Durata totale<\/td><td>circa 3 ore<\/td><\/tr><tr><td>Appuntamento<\/td><td><span style=\"color: #ff6600;\"><a href=\"https:\/\/www.google.com\/maps\/place\/46%C2%B008'33.9%22N+8%C2%B050'23.0%22E\/@46.1429895,8.835155,782m\/data=!3m1!1e3!4m4!3m3!8m2!3d46.14275!4d8.8397222?entry=ttu\" target=\"_blank\" rel=\"noopener\">Parcheggio Al Sent\u00e9e Dal Ragn<\/a><\/span><\/td><\/tr><tr><td>Difficolt\u00e0<\/td><td>Livello 1<\/td><\/tr><tr><td><button class=\"elementor-button\" type=\"button\"> <a href=\"https:\/\/swissraft.outdoorbooking.ch\/fo\/products\/1928?base_id=71&amp;category_id=2&amp;order_type=gift_voucher&amp;lang=it\" target=\"_blank\" rel=\"noopener\">ACQUISTO BUONO REGALO \/ BIGLIETTO<\/a><\/button><\/td><td><a href=\"https:\/\/swissraft.outdoorbooking.ch\/fo\/products\/1928?base_id=71&amp;category_id=2&amp;order_type=event&amp;lang=it\" target=\"_blank\" rel=\"noopener\">PRENOTA UNA DATA<\/a><\/td><\/tr><\/tbody><\/table><table border=\"0\" width=\"580\" cellspacing=\"10\" cellpadding=\"10\"><tbody><tr><td width=\"50%\"><strong>2) CANYONING &#8211; VIRA + aperitivo<\/strong><\/td><td><strong>CHF 140.00 a persona<span class=\"productPrice\"><br \/><\/span><\/strong><\/td><\/tr><tr><td>Informazioni aggiuntive<\/td><td><span class=\"plbl\">&#8211; Prezzo scuola<\/span> : <span class=\"patt\"><strong>CHF 110.00<\/strong>\/pers. \u00e0 partire dai 10 anni<br \/>&#8211; Prezzo giovani<\/span> : <span class=\"patt\"><strong>CHF 120.00<\/strong>\/pers. fino a 17 anni<br \/>&#8211; <span class=\"plbl\"> A partire da<\/span>\u00a011 pers. 10% : <strong>CHF 126.00<\/strong>\/pers.<br \/>&#8211; A partire da 21 pers. 15% : <strong>CHF 119.00<\/strong>\/pers.<strong><br \/><\/strong>&#8211; Nessuno sconto aggiuntivo sulle tariffe per le scuole e i giovani<br \/>&#8211; Et\u00e0 minima : 8 anni<strong><br \/><\/strong><\/span><span class=\"plbl\">&#8211; <\/span><span class=\"patt\">Un canyon molto soleggiato<\/span><\/td><\/tr><tr><td>Orari<\/td><td>09h00 \/ 14h00<\/td><\/tr><tr><td>Canyoning<\/td><td>circa 2 ore<\/td><\/tr><tr><td>Durata totale<\/td><td>circa 3 ore<\/td><\/tr><tr><td>Appuntamento<\/td><td><span style=\"color: #ff6600;\"><a href=\"https:\/\/www.google.com\/maps\/place\/46%C2%B008'33.9%22N+8%C2%B050'23.0%22E\/@46.1429895,8.835155,782m\/data=!3m1!1e3!4m4!3m3!8m2!3d46.14275!4d8.8397222?entry=ttu\" target=\"_blank\" rel=\"noopener\">Parcheggio Al Sent\u00e9e Dal Ragn<\/a><\/span><\/td><\/tr><tr><td>Difficolt\u00e0<\/td><td>Livello 1<\/td><\/tr><tr><td><button class=\"elementor-button\" type=\"button\"> <a href=\"https:\/\/swissraft.outdoorbooking.ch\/fo\/products\/1927?base_id=71&amp;category_id=2&amp;order_type=gift_voucher&amp;lang=it\" target=\"_blank\" rel=\"noopener\">ACQUISTO BUONO REGALO \/ BIGLIETTO<\/a><\/button><\/td><td><a href=\"https:\/\/swissraft.outdoorbooking.ch\/fo\/products\/1927?base_id=71&amp;category_id=2&amp;order_type=event&amp;lang=it\" target=\"_blank\" rel=\"noopener\">PRENOTA UNA DATA<\/a><\/td><\/tr><\/tbody><\/table>\t\t\t\t\t\t<\/div>\n\t\t\t\t<\/div>\n\t\t\t\t\t<\/div>\n\t\t<\/div>\n\t\t\t\t\t\t\t<\/div>\n\t\t<\/section>\n\t\t\t\t\t\t\t<\/div>\n\t\t","protected":false},"excerpt":{"rendered":"<div align=\"justify\">\n<h2 align=\"justify\">Canyoning in Val di Vira sul Lago Maggiore<\/h2>\n<h3>Il canyon di Vira per una gita con la famiglia o con gli amici<\/h3>\n<\/div>\n<div align=\"justify\">\n<p>Canyon Vira vicino al Lago Maggiore in Ticino. A Vira c&#8217;\u00e8 un ruscello che costituisce un&#8217;area di gioco ideale per i bambini pi\u00f9 piccoli. Meno ripida, offre comunque la possibilit\u00e0 di fare salti (facoltativi) fino a 8 metri, scivolare, scendere in corda doppia e nuotare.<\/p>\n<h3>In Ticino, paradiso del canyoning, troverai qualcosa per tutti i gusti.<\/h3>\n<p id=\"textarea\" style=\"display: none;\">\nAccanto al canyon del Vira si trova la Famiglia Boggera, sulla Riviera vicino a Cresciano. Cos\u00ec come la Val Lodrino, la Val Grande e il Corippo in Val Verzasca. Dall&#8217;altra parte, nel canyon del Col des Mosses a La Torneresse. E nel cantone di Friburgo en Gruy\u00e8re, il canyon di La Tine de Montbovon. Nel Vallese, Swissraft offre una vasta gamma di canyon, ognuno diverso dall&#8217;altro. Offriamo anche la possibilit\u00e0 di <strong>fare canyoning<\/strong> nell&#8217;Oberland Bernese, tra cui il Grimsel e il Chli Schlieren. Ma anche nel cantone di San Gallo. San Gallo, il <strong>canyon di<\/strong> Amden e la discesa in corda doppia di 40 metri lungo la diga. Non dimenticare la Gola di Viamala, vicino a Thusis, con le sue pareti alte oltre 150 metri.\n<\/p>\n<p><a id=\"seeMore\" onclick=\"toggleSeeMore()\" href=\"javascript:void(0);\">Leggi tutto<\/a><\/p>\n","protected":false},"featured_media":85214,"comment_status":"open","ping_status":"closed","template":"","meta":{"inline_featured_image":false,"_mi_skip_tracking":false},"product_cat":[477,478],"product_tag":[],"class_list":["post-92646","product","type-product","status-publish","has-post-thumbnail","hentry","product_cat-canyoning-in-svizzera-e-dintorni","product_cat-canyoning-in-ticino"],"yoast_head":"<!-- This site is optimized with the Yoast SEO plugin v23.6 - https:\/\/yoast.com\/wordpress\/plugins\/seo\/ -->\n<title>Canyoning nel Vira, vicino al Lac Majeure. Ideale per i giovani<\/title>\n<meta name=\"description\" content=\"Canyoning nel Vira, vicino al Lago Maggiore. Nella Val de Vira c&#039;\u00e8 un ruscello che rappresenta un parco giochi ideale per i bambini pi\u00f9 piccoli.\" \/>\n<meta name=\"robots\" content=\"index, follow, max-snippet:-1, max-image-preview:large, max-video-preview:-1\" \/>\n<link rel=\"canonical\" href=\"https:\/\/www.swissraft.ch\/it\/prodotto\/canyoning-ticino-vira\/\" \/>\n<meta property=\"og:locale\" content=\"it_IT\" \/>\n<meta property=\"og:type\" content=\"article\" \/>\n<meta property=\"og:title\" content=\"Canyoning nel Vira, vicino al Lac Majeure. Ideale per i giovani\" \/>\n<meta property=\"og:description\" content=\"Canyoning nel Vira, vicino al Lago Maggiore. Nella Val de Vira c&#039;\u00e8 un ruscello che rappresenta un parco giochi ideale per i bambini pi\u00f9 piccoli.\" \/>\n<meta property=\"og:url\" content=\"https:\/\/www.swissraft.ch\/it\/prodotto\/canyoning-ticino-vira\/\" \/>\n<meta property=\"og:site_name\" content=\"Swissraft\" \/>\n<meta property=\"article:modified_time\" content=\"2026-04-09T20:58:40+00:00\" \/>\n<meta property=\"og:image\" content=\"https:\/\/www.swissraft.ch\/wp-content\/uploads\/2023\/02\/1-1-Val-di-Vira-776x776-1.jpg\" \/>\n\t<meta property=\"og:image:width\" content=\"776\" \/>\n\t<meta property=\"og:image:height\" content=\"776\" \/>\n\t<meta property=\"og:image:type\" content=\"image\/jpeg\" \/>\n<meta name=\"twitter:card\" content=\"summary_large_image\" \/>\n<meta name=\"twitter:label1\" content=\"Tempo di lettura stimato\" \/>\n\t<meta name=\"twitter:data1\" content=\"2 minuti\" \/>\n<script type=\"application\/ld+json\" class=\"yoast-schema-graph\">{\"@context\":\"https:\/\/schema.org\",\"@graph\":[{\"@type\":\"WebPage\",\"@id\":\"https:\/\/www.swissraft.ch\/it\/prodotto\/canyoning-ticino-vira\/\",\"url\":\"https:\/\/www.swissraft.ch\/it\/prodotto\/canyoning-ticino-vira\/\",\"name\":\"Canyoning nel Vira, vicino al Lac Majeure. Ideale per i giovani\",\"isPartOf\":{\"@id\":\"https:\/\/www.swissraft.ch\/it\/#website\"},\"primaryImageOfPage\":{\"@id\":\"https:\/\/www.swissraft.ch\/it\/prodotto\/canyoning-ticino-vira\/#primaryimage\"},\"image\":{\"@id\":\"https:\/\/www.swissraft.ch\/it\/prodotto\/canyoning-ticino-vira\/#primaryimage\"},\"thumbnailUrl\":\"https:\/\/www.swissraft.ch\/wp-content\/uploads\/2023\/02\/1-1-Val-di-Vira-776x776-1.jpg\",\"datePublished\":\"2023-02-22T22:03:11+00:00\",\"dateModified\":\"2026-04-09T20:58:40+00:00\",\"description\":\"Canyoning nel Vira, vicino al Lago Maggiore. Nella Val de Vira c'\u00e8 un ruscello che rappresenta un parco giochi ideale per i bambini pi\u00f9 piccoli.\",\"breadcrumb\":{\"@id\":\"https:\/\/www.swissraft.ch\/it\/prodotto\/canyoning-ticino-vira\/#breadcrumb\"},\"inLanguage\":\"it-IT\",\"potentialAction\":[{\"@type\":\"ReadAction\",\"target\":[\"https:\/\/www.swissraft.ch\/it\/prodotto\/canyoning-ticino-vira\/\"]}]},{\"@type\":\"ImageObject\",\"inLanguage\":\"it-IT\",\"@id\":\"https:\/\/www.swissraft.ch\/it\/prodotto\/canyoning-ticino-vira\/#primaryimage\",\"url\":\"https:\/\/www.swissraft.ch\/wp-content\/uploads\/2023\/02\/1-1-Val-di-Vira-776x776-1.jpg\",\"contentUrl\":\"https:\/\/www.swissraft.ch\/wp-content\/uploads\/2023\/02\/1-1-Val-di-Vira-776x776-1.jpg\",\"width\":776,\"height\":776,\"caption\":\"FOTOCAMERA DIGITALE OLYMPUS\"},{\"@type\":\"BreadcrumbList\",\"@id\":\"https:\/\/www.swissraft.ch\/it\/prodotto\/canyoning-ticino-vira\/#breadcrumb\",\"itemListElement\":[{\"@type\":\"ListItem\",\"position\":1,\"name\":\"Accueil\",\"item\":\"https:\/\/www.swissraft.ch\/it\/\"},{\"@type\":\"ListItem\",\"position\":2,\"name\":\"Negozio\",\"item\":\"https:\/\/www.swissraft.ch\/it\/negozio\/\"},{\"@type\":\"ListItem\",\"position\":3,\"name\":\"Canyoning in Ticino &#8211; Il Vira &#8211; Da CHF 75.00\"}]},{\"@type\":\"WebSite\",\"@id\":\"https:\/\/www.swissraft.ch\/it\/#website\",\"url\":\"https:\/\/www.swissraft.ch\/it\/\",\"name\":\"Swissraft\",\"description\":\"To enjoy nature as it is\",\"publisher\":{\"@id\":\"https:\/\/www.swissraft.ch\/it\/#organization\"},\"potentialAction\":[{\"@type\":\"SearchAction\",\"target\":{\"@type\":\"EntryPoint\",\"urlTemplate\":\"https:\/\/www.swissraft.ch\/it\/?s={search_term_string}\"},\"query-input\":{\"@type\":\"PropertyValueSpecification\",\"valueRequired\":true,\"valueName\":\"search_term_string\"}}],\"inLanguage\":\"it-IT\"},{\"@type\":\"Organization\",\"@id\":\"https:\/\/www.swissraft.ch\/it\/#organization\",\"name\":\"Swissraft\",\"url\":\"https:\/\/www.swissraft.ch\/it\/\",\"logo\":{\"@type\":\"ImageObject\",\"inLanguage\":\"it-IT\",\"@id\":\"https:\/\/www.swissraft.ch\/it\/#\/schema\/logo\/image\/\",\"url\":\"https:\/\/www.swissraft.ch\/wp-content\/uploads\/2025\/09\/Capture.jpg\",\"contentUrl\":\"https:\/\/www.swissraft.ch\/wp-content\/uploads\/2025\/09\/Capture.jpg\",\"width\":293,\"height\":108,\"caption\":\"Swissraft\"},\"image\":{\"@id\":\"https:\/\/www.swissraft.ch\/it\/#\/schema\/logo\/image\/\"}}]}<\/script>\n<!-- \/ Yoast SEO plugin. -->","yoast_head_json":{"title":"Canyoning nel Vira, vicino al Lac Majeure. Ideale per i giovani","description":"Canyoning nel Vira, vicino al Lago Maggiore. Nella Val de Vira c'\u00e8 un ruscello che rappresenta un parco giochi ideale per i bambini pi\u00f9 piccoli.","robots":{"index":"index","follow":"follow","max-snippet":"max-snippet:-1","max-image-preview":"max-image-preview:large","max-video-preview":"max-video-preview:-1"},"canonical":"https:\/\/www.swissraft.ch\/it\/prodotto\/canyoning-ticino-vira\/","og_locale":"it_IT","og_type":"article","og_title":"Canyoning nel Vira, vicino al Lac Majeure. Ideale per i giovani","og_description":"Canyoning nel Vira, vicino al Lago Maggiore. Nella Val de Vira c'\u00e8 un ruscello che rappresenta un parco giochi ideale per i bambini pi\u00f9 piccoli.","og_url":"https:\/\/www.swissraft.ch\/it\/prodotto\/canyoning-ticino-vira\/","og_site_name":"Swissraft","article_modified_time":"2026-04-09T20:58:40+00:00","og_image":[{"width":776,"height":776,"url":"https:\/\/www.swissraft.ch\/wp-content\/uploads\/2023\/02\/1-1-Val-di-Vira-776x776-1.jpg","type":"image\/jpeg"}],"twitter_card":"summary_large_image","twitter_misc":{"Tempo di lettura stimato":"2 minuti"},"schema":{"@context":"https:\/\/schema.org","@graph":[{"@type":"WebPage","@id":"https:\/\/www.swissraft.ch\/it\/prodotto\/canyoning-ticino-vira\/","url":"https:\/\/www.swissraft.ch\/it\/prodotto\/canyoning-ticino-vira\/","name":"Canyoning nel Vira, vicino al Lac Majeure. Ideale per i giovani","isPartOf":{"@id":"https:\/\/www.swissraft.ch\/it\/#website"},"primaryImageOfPage":{"@id":"https:\/\/www.swissraft.ch\/it\/prodotto\/canyoning-ticino-vira\/#primaryimage"},"image":{"@id":"https:\/\/www.swissraft.ch\/it\/prodotto\/canyoning-ticino-vira\/#primaryimage"},"thumbnailUrl":"https:\/\/www.swissraft.ch\/wp-content\/uploads\/2023\/02\/1-1-Val-di-Vira-776x776-1.jpg","datePublished":"2023-02-22T22:03:11+00:00","dateModified":"2026-04-09T20:58:40+00:00","description":"Canyoning nel Vira, vicino al Lago Maggiore. Nella Val de Vira c'\u00e8 un ruscello che rappresenta un parco giochi ideale per i bambini pi\u00f9 piccoli.","breadcrumb":{"@id":"https:\/\/www.swissraft.ch\/it\/prodotto\/canyoning-ticino-vira\/#breadcrumb"},"inLanguage":"it-IT","potentialAction":[{"@type":"ReadAction","target":["https:\/\/www.swissraft.ch\/it\/prodotto\/canyoning-ticino-vira\/"]}]},{"@type":"ImageObject","inLanguage":"it-IT","@id":"https:\/\/www.swissraft.ch\/it\/prodotto\/canyoning-ticino-vira\/#primaryimage","url":"https:\/\/www.swissraft.ch\/wp-content\/uploads\/2023\/02\/1-1-Val-di-Vira-776x776-1.jpg","contentUrl":"https:\/\/www.swissraft.ch\/wp-content\/uploads\/2023\/02\/1-1-Val-di-Vira-776x776-1.jpg","width":776,"height":776,"caption":"FOTOCAMERA DIGITALE OLYMPUS"},{"@type":"BreadcrumbList","@id":"https:\/\/www.swissraft.ch\/it\/prodotto\/canyoning-ticino-vira\/#breadcrumb","itemListElement":[{"@type":"ListItem","position":1,"name":"Accueil","item":"https:\/\/www.swissraft.ch\/it\/"},{"@type":"ListItem","position":2,"name":"Negozio","item":"https:\/\/www.swissraft.ch\/it\/negozio\/"},{"@type":"ListItem","position":3,"name":"Canyoning in Ticino &#8211; Il Vira &#8211; Da CHF 75.00"}]},{"@type":"WebSite","@id":"https:\/\/www.swissraft.ch\/it\/#website","url":"https:\/\/www.swissraft.ch\/it\/","name":"Swissraft","description":"To enjoy nature as it is","publisher":{"@id":"https:\/\/www.swissraft.ch\/it\/#organization"},"potentialAction":[{"@type":"SearchAction","target":{"@type":"EntryPoint","urlTemplate":"https:\/\/www.swissraft.ch\/it\/?s={search_term_string}"},"query-input":{"@type":"PropertyValueSpecification","valueRequired":true,"valueName":"search_term_string"}}],"inLanguage":"it-IT"},{"@type":"Organization","@id":"https:\/\/www.swissraft.ch\/it\/#organization","name":"Swissraft","url":"https:\/\/www.swissraft.ch\/it\/","logo":{"@type":"ImageObject","inLanguage":"it-IT","@id":"https:\/\/www.swissraft.ch\/it\/#\/schema\/logo\/image\/","url":"https:\/\/www.swissraft.ch\/wp-content\/uploads\/2025\/09\/Capture.jpg","contentUrl":"https:\/\/www.swissraft.ch\/wp-content\/uploads\/2025\/09\/Capture.jpg","width":293,"height":108,"caption":"Swissraft"},"image":{"@id":"https:\/\/www.swissraft.ch\/it\/#\/schema\/logo\/image\/"}}]}},"_links":{"self":[{"href":"https:\/\/www.swissraft.ch\/it\/wp-json\/wp\/v2\/product\/92646","targetHints":{"allow":["GET"]}}],"collection":[{"href":"https:\/\/www.swissraft.ch\/it\/wp-json\/wp\/v2\/product"}],"about":[{"href":"https:\/\/www.swissraft.ch\/it\/wp-json\/wp\/v2\/types\/product"}],"replies":[{"embeddable":true,"href":"https:\/\/www.swissraft.ch\/it\/wp-json\/wp\/v2\/comments?post=92646"}],"version-history":[{"count":58,"href":"https:\/\/www.swissraft.ch\/it\/wp-json\/wp\/v2\/product\/92646\/revisions"}],"predecessor-version":[{"id":138598,"href":"https:\/\/www.swissraft.ch\/it\/wp-json\/wp\/v2\/product\/92646\/revisions\/138598"}],"wp:featuredmedia":[{"embeddable":true,"href":"https:\/\/www.swissraft.ch\/it\/wp-json\/wp\/v2\/media\/85214"}],"wp:attachment":[{"href":"https:\/\/www.swissraft.ch\/it\/wp-json\/wp\/v2\/media?parent=92646"}],"wp:term":[{"taxonomy":"product_cat","embeddable":true,"href":"https:\/\/www.swissraft.ch\/it\/wp-json\/wp\/v2\/product_cat?post=92646"},{"taxonomy":"product_tag","embeddable":true,"href":"https:\/\/www.swissraft.ch\/it\/wp-json\/wp\/v2\/product_tag?post=92646"}],"curies":[{"name":"wp","href":"https:\/\/api.w.org\/{rel}","templated":true}]}}