{"id":92644,"date":"2023-02-26T15:26:31","date_gmt":"2023-02-26T14:26:31","guid":{"rendered":"https:\/\/swissraft.xyanzkdne.eu\/product\/canoa-funyak-sul-ticino-cresciano-gorduno-a-partire-da-chf-79-00\/"},"modified":"2026-04-12T23:43:40","modified_gmt":"2026-04-12T21:43:40","slug":"canoa-funyak-ticino-cresciano-gorduno","status":"publish","type":"product","link":"https:\/\/www.swissraft.ch\/it\/prodotto\/canoa-funyak-ticino-cresciano-gorduno\/","title":{"rendered":"Canoa o Funyak &#8211; Ticino &#8211; Cresciano-Gorduno &#8211; Da CHF 79.00"},"content":{"rendered":"\t\t<div data-elementor-type=\"wp-post\" data-elementor-id=\"92644\" class=\"elementor elementor-92644 elementor-31297\">\n\t\t\t\t\t\t\t\t\t<section class=\"elementor-section elementor-top-section elementor-element elementor-element-3303a7e3 elementor-section-boxed elementor-section-height-default elementor-section-height-default\" data-id=\"3303a7e3\" data-element_type=\"section\">\n\t\t\t\t\t\t<div class=\"elementor-container elementor-column-gap-default\">\n\t\t\t\t\t<div class=\"elementor-column elementor-col-100 elementor-top-column elementor-element elementor-element-16d72dbf\" data-id=\"16d72dbf\" data-element_type=\"column\">\n\t\t\t<div class=\"elementor-widget-wrap elementor-element-populated\">\n\t\t\t\t\t\t\t\t<div class=\"elementor-element elementor-element-d743c03 elementor-widget elementor-widget-text-editor\" data-id=\"d743c03\" data-element_type=\"widget\" data-widget_type=\"text-editor.default\">\n\t\t\t\t<div class=\"elementor-widget-container\">\n\t\t\t\t\t\t\t<h2>SCEGLI LA TUA ATTIVIT\u00c0 QUI SOTTO PER OFFRIRE BUONI REGALO\/BIGLIETTI O EFFETTUARE UNA PRENOTAZIONE<\/h2><table border=\"0\" width=\"580\" cellspacing=\"10\" cellpadding=\"10\"><tbody><tr><td width=\"50%\"><strong>CANOA O FUNYAK &#8211; TICINO + aperitivo<\/strong><\/td><td><strong><span class=\"productPrice\">CHF 99.00 a persona<\/span><\/strong><\/td><\/tr><tr><td>Informazioni aggiuntive<\/td><td><span class=\"plbl\">&#8211; Prezzo giovani : <span class=\"patt\"><strong>CHF 79.00<\/strong>\/pers. da 7 a 17 anni <\/span><br \/><\/span><span class=\"patt\">&#8211; Et\u00e0 minima : 7 anni accompagnati da un adulto<br \/>&#8211; Prenotazione provvisoria per un massimo di 5 pers.<br \/>&#8211; Prezzo scuola : <span class=\"patt\" style=\"font-family: inherit; font-size: inherit;\"><span class=\"plbl\"><a href=\"https:\/\/www.swissraft.ch\/it\/contattaci\/\">Contattaci<\/a><\/span><\/span><\/span><\/td><\/tr><tr><td>Orari<\/td><td>9h45 \/ 14h15<\/td><\/tr><tr><td>Canoa o Funyak<\/td><td>circa 1,5 ora<\/td><\/tr><tr><td>Durata totale<\/td><td>circa 3,5 ore<\/td><\/tr><tr><td>Appuntamento<\/td><td><a href=\"https:\/\/www.google.com\/maps\/place\/46%C2%B017'57.9%22N+8%C2%B059'38.9%22E\/@46.2996094,8.9894719,780m\/data=!3m1!1e3!4m4!3m3!8m2!3d46.2994167!4d8.9941389?entry=ttu\" target=\"_blank\" rel=\"noopener\">Cresciano Stazione<\/a><\/td><\/tr><tr><td>Difficolt\u00e0<\/td><td>1 \u00e0 1+<\/td><\/tr><tr><td><button class=\"elementor-button\" type=\"button\"><a href=\"https:\/\/swissraft.outdoorbooking.ch\/fo\/products\/734?base_id=71&amp;category_id=9&amp;order_type=gift_voucher&amp;lang=it\" target=\"_blank\" rel=\"noopener\">ACQUISTO BUONO REGALO \/ TICKET<\/a><\/button><\/td><td><span style=\"color: #ff6600;\"><a href=\"https:\/\/swissraft.outdoorbooking.ch\/fo\/products\/734?base_id=71&amp;category_id=9&amp;order_type=event&amp;lang=it\" target=\"_blank\" rel=\"noopener\">PRENOTA UNA DATA<\/a><\/span><\/td><\/tr><\/tbody><\/table>\t\t\t\t\t\t<\/div>\n\t\t\t\t<\/div>\n\t\t\t\t\t<\/div>\n\t\t<\/div>\n\t\t\t\t\t\t\t<\/div>\n\t\t<\/section>\n\t\t\t\t\t\t\t<\/div>\n\t\t","protected":false},"excerpt":{"rendered":"<div align=\"justify\">\n<h2 align=\"justify\">La canoa o il Funyak in Ticino tra Cresciano e Arbedo\/Gorduno sul fiume Ticino \u00e8 una passeggiata lungo l&#8217;acqua<\/h2>\n<h3>Durante questo viaggio potrai nuotare senza paura e goderti la mitezza del Ticino<\/h3>\n<\/div>\n<div align=\"justify\">\n<p>Iniziamo la discesa del Funyak da Cresciano sul Ticino. Pagaieremo attraverso una bellissima campagna. Le acque limpide brillano alla luce del sole. Di tanto in tanto, ci imbattiamo in piccole rapide. Il brivido \u00e8 l\u00ec per essere colto.<br \/>\nLungo il percorso, ammiriamo le bellezze naturali del Ticino. Le montagne verdi si ergono maestose intorno a noi. Poi decidiamo di fare una pausa in un luogo pittoresco. Sbarchiamo su una piccola spiaggia di ciottoli e sabbia: alcuni fanno il bagno, altri si rilassano semplicemente in riva al mare. Dopo la pausa, riprendiamo la discesa da Funyak. Le correnti ci portano dolcemente verso Arbedo\/Gorduno. La soddisfazione di aver completato questa discesa ci riempie. Condividiamo le nostre impressioni, entusiasti di questa avventura. I ricordi di quel giorno rimarranno con noi per sempre. Questa esperienza sul Ticino \u00e8 imperdibile.<\/p>\n<h3>Swissraft offre pi\u00f9 di una dozzina di percorsi in canoa e funyak su diversi fiumi della Svizzera.<\/h3>\n<p id=\"textarea\" style=\"display: none;\">\nPuoi anche scendere con il Funyak da Ilanz a Valendas sul Reno Anteriore per un&#8217;avventura di mezza giornata. Tra Ilanz e Reichenau puoi anche goderti una giornata di funyak in canoa sull&#8217;Alto Reno. Poi c&#8217;\u00e8 il classico funyak da Versam a Reichenau sull&#8217;Alto Reno. Pi\u00f9 a valle delle cascate del Reno, offriamo due itinerari: Sciaffusa &#8211; Rheinau di mezza giornata in canoa o Sciaffusa &#8211; R\u00fcdlingen di una giornata in canoa. Sulla Reuss, ci sono escursioni di mezza giornata da Bremgarten a Mellingen e da Mellingen a Gebenstorf. Il tratto Bremgarten &#8211; Gebenstorf \u00e8 una scelta popolare per una gita di un giorno. Per le famiglie e i loro bambini, la sezione di Chippis to St. L\u00e9onard sul Rodano, nel Vallese, ti incanter\u00e0. Per i pi\u00f9 sportivi, la sezione di Souste-Sierre dovrebbe fare al caso tuo.\n<\/p>\n<p><a id=\"seeMore\" onclick=\"toggleSeeMore()\" href=\"javascript:void(0);\">Leggi tutto<\/a><\/p>\n","protected":false},"featured_media":90446,"comment_status":"open","ping_status":"closed","template":"","meta":{"inline_featured_image":false,"_mi_skip_tracking":false},"product_cat":[525,377],"product_tag":[],"class_list":["post-92644","product","type-product","status-publish","has-post-thumbnail","hentry","product_cat-pratica-canoa-funyak-ticino","product_cat-canoa-funyak-o-ducky"],"yoast_head":"<!-- This site is optimized with the Yoast SEO plugin v23.6 - https:\/\/yoast.com\/wordpress\/plugins\/seo\/ -->\n<title>Canoa Cresciano-Gorduno sul Ticino in Ticino<\/title>\n<meta name=\"description\" content=\"Cresciano-Gorduno in canoa sul Ticino in Ticino. L&#039;atmosfera mediterranea, il sole, il calore e l&#039;ozio sono all&#039;ordine del giorno in questo itinerario\" \/>\n<meta name=\"robots\" content=\"index, follow, max-snippet:-1, max-image-preview:large, max-video-preview:-1\" \/>\n<link rel=\"canonical\" href=\"https:\/\/www.swissraft.ch\/it\/prodotto\/canoa-funyak-ticino-cresciano-gorduno\/\" \/>\n<meta property=\"og:locale\" content=\"it_IT\" \/>\n<meta property=\"og:type\" content=\"article\" \/>\n<meta property=\"og:title\" content=\"Canoa Cresciano-Gorduno sul Ticino in Ticino\" \/>\n<meta property=\"og:description\" content=\"Cresciano-Gorduno in canoa sul Ticino in Ticino. L&#039;atmosfera mediterranea, il sole, il calore e l&#039;ozio sono all&#039;ordine del giorno in questo itinerario\" \/>\n<meta property=\"og:url\" content=\"https:\/\/www.swissraft.ch\/it\/prodotto\/canoa-funyak-ticino-cresciano-gorduno\/\" \/>\n<meta property=\"og:site_name\" content=\"Swissraft\" \/>\n<meta property=\"article:modified_time\" content=\"2026-04-12T21:43:40+00:00\" \/>\n<meta property=\"og:image\" content=\"https:\/\/www.swissraft.ch\/wp-content\/uploads\/2023\/02\/1-1-Kanufahrt-Ticino-776x776-1.jpg\" \/>\n\t<meta property=\"og:image:width\" content=\"776\" \/>\n\t<meta property=\"og:image:height\" content=\"776\" \/>\n\t<meta property=\"og:image:type\" content=\"image\/jpeg\" \/>\n<meta name=\"twitter:card\" content=\"summary_large_image\" \/>\n<meta name=\"twitter:label1\" content=\"Tempo di lettura stimato\" \/>\n\t<meta name=\"twitter:data1\" content=\"1 minuto\" \/>\n<script type=\"application\/ld+json\" class=\"yoast-schema-graph\">{\"@context\":\"https:\/\/schema.org\",\"@graph\":[{\"@type\":\"WebPage\",\"@id\":\"https:\/\/www.swissraft.ch\/it\/prodotto\/canoa-funyak-ticino-cresciano-gorduno\/\",\"url\":\"https:\/\/www.swissraft.ch\/it\/prodotto\/canoa-funyak-ticino-cresciano-gorduno\/\",\"name\":\"Canoa Cresciano-Gorduno sul Ticino in Ticino\",\"isPartOf\":{\"@id\":\"https:\/\/www.swissraft.ch\/it\/#website\"},\"primaryImageOfPage\":{\"@id\":\"https:\/\/www.swissraft.ch\/it\/prodotto\/canoa-funyak-ticino-cresciano-gorduno\/#primaryimage\"},\"image\":{\"@id\":\"https:\/\/www.swissraft.ch\/it\/prodotto\/canoa-funyak-ticino-cresciano-gorduno\/#primaryimage\"},\"thumbnailUrl\":\"https:\/\/www.swissraft.ch\/wp-content\/uploads\/2023\/02\/1-1-Kanufahrt-Ticino-776x776-1.jpg\",\"datePublished\":\"2023-02-26T14:26:31+00:00\",\"dateModified\":\"2026-04-12T21:43:40+00:00\",\"description\":\"Cresciano-Gorduno in canoa sul Ticino in Ticino. L'atmosfera mediterranea, il sole, il calore e l'ozio sono all'ordine del giorno in questo itinerario\",\"breadcrumb\":{\"@id\":\"https:\/\/www.swissraft.ch\/it\/prodotto\/canoa-funyak-ticino-cresciano-gorduno\/#breadcrumb\"},\"inLanguage\":\"it-IT\",\"potentialAction\":[{\"@type\":\"ReadAction\",\"target\":[\"https:\/\/www.swissraft.ch\/it\/prodotto\/canoa-funyak-ticino-cresciano-gorduno\/\"]}]},{\"@type\":\"ImageObject\",\"inLanguage\":\"it-IT\",\"@id\":\"https:\/\/www.swissraft.ch\/it\/prodotto\/canoa-funyak-ticino-cresciano-gorduno\/#primaryimage\",\"url\":\"https:\/\/www.swissraft.ch\/wp-content\/uploads\/2023\/02\/1-1-Kanufahrt-Ticino-776x776-1.jpg\",\"contentUrl\":\"https:\/\/www.swissraft.ch\/wp-content\/uploads\/2023\/02\/1-1-Kanufahrt-Ticino-776x776-1.jpg\",\"width\":776,\"height\":776,\"caption\":\"Canoa Funyak sul Ticino tra Cresciano e Gorduno\"},{\"@type\":\"BreadcrumbList\",\"@id\":\"https:\/\/www.swissraft.ch\/it\/prodotto\/canoa-funyak-ticino-cresciano-gorduno\/#breadcrumb\",\"itemListElement\":[{\"@type\":\"ListItem\",\"position\":1,\"name\":\"Accueil\",\"item\":\"https:\/\/www.swissraft.ch\/it\/\"},{\"@type\":\"ListItem\",\"position\":2,\"name\":\"Negozio\",\"item\":\"https:\/\/www.swissraft.ch\/it\/negozio\/\"},{\"@type\":\"ListItem\",\"position\":3,\"name\":\"Canoa o Funyak &#8211; Ticino &#8211; Cresciano-Gorduno &#8211; Da CHF 79.00\"}]},{\"@type\":\"WebSite\",\"@id\":\"https:\/\/www.swissraft.ch\/it\/#website\",\"url\":\"https:\/\/www.swissraft.ch\/it\/\",\"name\":\"Swissraft\",\"description\":\"To enjoy nature as it is\",\"publisher\":{\"@id\":\"https:\/\/www.swissraft.ch\/it\/#organization\"},\"potentialAction\":[{\"@type\":\"SearchAction\",\"target\":{\"@type\":\"EntryPoint\",\"urlTemplate\":\"https:\/\/www.swissraft.ch\/it\/?s={search_term_string}\"},\"query-input\":{\"@type\":\"PropertyValueSpecification\",\"valueRequired\":true,\"valueName\":\"search_term_string\"}}],\"inLanguage\":\"it-IT\"},{\"@type\":\"Organization\",\"@id\":\"https:\/\/www.swissraft.ch\/it\/#organization\",\"name\":\"Swissraft\",\"url\":\"https:\/\/www.swissraft.ch\/it\/\",\"logo\":{\"@type\":\"ImageObject\",\"inLanguage\":\"it-IT\",\"@id\":\"https:\/\/www.swissraft.ch\/it\/#\/schema\/logo\/image\/\",\"url\":\"https:\/\/www.swissraft.ch\/wp-content\/uploads\/2025\/09\/Capture.jpg\",\"contentUrl\":\"https:\/\/www.swissraft.ch\/wp-content\/uploads\/2025\/09\/Capture.jpg\",\"width\":293,\"height\":108,\"caption\":\"Swissraft\"},\"image\":{\"@id\":\"https:\/\/www.swissraft.ch\/it\/#\/schema\/logo\/image\/\"}}]}<\/script>\n<!-- \/ Yoast SEO plugin. -->","yoast_head_json":{"title":"Canoa Cresciano-Gorduno sul Ticino in Ticino","description":"Cresciano-Gorduno in canoa sul Ticino in Ticino. L'atmosfera mediterranea, il sole, il calore e l'ozio sono all'ordine del giorno in questo itinerario","robots":{"index":"index","follow":"follow","max-snippet":"max-snippet:-1","max-image-preview":"max-image-preview:large","max-video-preview":"max-video-preview:-1"},"canonical":"https:\/\/www.swissraft.ch\/it\/prodotto\/canoa-funyak-ticino-cresciano-gorduno\/","og_locale":"it_IT","og_type":"article","og_title":"Canoa Cresciano-Gorduno sul Ticino in Ticino","og_description":"Cresciano-Gorduno in canoa sul Ticino in Ticino. L'atmosfera mediterranea, il sole, il calore e l'ozio sono all'ordine del giorno in questo itinerario","og_url":"https:\/\/www.swissraft.ch\/it\/prodotto\/canoa-funyak-ticino-cresciano-gorduno\/","og_site_name":"Swissraft","article_modified_time":"2026-04-12T21:43:40+00:00","og_image":[{"width":776,"height":776,"url":"https:\/\/www.swissraft.ch\/wp-content\/uploads\/2023\/02\/1-1-Kanufahrt-Ticino-776x776-1.jpg","type":"image\/jpeg"}],"twitter_card":"summary_large_image","twitter_misc":{"Tempo di lettura stimato":"1 minuto"},"schema":{"@context":"https:\/\/schema.org","@graph":[{"@type":"WebPage","@id":"https:\/\/www.swissraft.ch\/it\/prodotto\/canoa-funyak-ticino-cresciano-gorduno\/","url":"https:\/\/www.swissraft.ch\/it\/prodotto\/canoa-funyak-ticino-cresciano-gorduno\/","name":"Canoa Cresciano-Gorduno sul Ticino in Ticino","isPartOf":{"@id":"https:\/\/www.swissraft.ch\/it\/#website"},"primaryImageOfPage":{"@id":"https:\/\/www.swissraft.ch\/it\/prodotto\/canoa-funyak-ticino-cresciano-gorduno\/#primaryimage"},"image":{"@id":"https:\/\/www.swissraft.ch\/it\/prodotto\/canoa-funyak-ticino-cresciano-gorduno\/#primaryimage"},"thumbnailUrl":"https:\/\/www.swissraft.ch\/wp-content\/uploads\/2023\/02\/1-1-Kanufahrt-Ticino-776x776-1.jpg","datePublished":"2023-02-26T14:26:31+00:00","dateModified":"2026-04-12T21:43:40+00:00","description":"Cresciano-Gorduno in canoa sul Ticino in Ticino. L'atmosfera mediterranea, il sole, il calore e l'ozio sono all'ordine del giorno in questo itinerario","breadcrumb":{"@id":"https:\/\/www.swissraft.ch\/it\/prodotto\/canoa-funyak-ticino-cresciano-gorduno\/#breadcrumb"},"inLanguage":"it-IT","potentialAction":[{"@type":"ReadAction","target":["https:\/\/www.swissraft.ch\/it\/prodotto\/canoa-funyak-ticino-cresciano-gorduno\/"]}]},{"@type":"ImageObject","inLanguage":"it-IT","@id":"https:\/\/www.swissraft.ch\/it\/prodotto\/canoa-funyak-ticino-cresciano-gorduno\/#primaryimage","url":"https:\/\/www.swissraft.ch\/wp-content\/uploads\/2023\/02\/1-1-Kanufahrt-Ticino-776x776-1.jpg","contentUrl":"https:\/\/www.swissraft.ch\/wp-content\/uploads\/2023\/02\/1-1-Kanufahrt-Ticino-776x776-1.jpg","width":776,"height":776,"caption":"Canoa Funyak sul Ticino tra Cresciano e Gorduno"},{"@type":"BreadcrumbList","@id":"https:\/\/www.swissraft.ch\/it\/prodotto\/canoa-funyak-ticino-cresciano-gorduno\/#breadcrumb","itemListElement":[{"@type":"ListItem","position":1,"name":"Accueil","item":"https:\/\/www.swissraft.ch\/it\/"},{"@type":"ListItem","position":2,"name":"Negozio","item":"https:\/\/www.swissraft.ch\/it\/negozio\/"},{"@type":"ListItem","position":3,"name":"Canoa o Funyak &#8211; Ticino &#8211; Cresciano-Gorduno &#8211; Da CHF 79.00"}]},{"@type":"WebSite","@id":"https:\/\/www.swissraft.ch\/it\/#website","url":"https:\/\/www.swissraft.ch\/it\/","name":"Swissraft","description":"To enjoy nature as it is","publisher":{"@id":"https:\/\/www.swissraft.ch\/it\/#organization"},"potentialAction":[{"@type":"SearchAction","target":{"@type":"EntryPoint","urlTemplate":"https:\/\/www.swissraft.ch\/it\/?s={search_term_string}"},"query-input":{"@type":"PropertyValueSpecification","valueRequired":true,"valueName":"search_term_string"}}],"inLanguage":"it-IT"},{"@type":"Organization","@id":"https:\/\/www.swissraft.ch\/it\/#organization","name":"Swissraft","url":"https:\/\/www.swissraft.ch\/it\/","logo":{"@type":"ImageObject","inLanguage":"it-IT","@id":"https:\/\/www.swissraft.ch\/it\/#\/schema\/logo\/image\/","url":"https:\/\/www.swissraft.ch\/wp-content\/uploads\/2025\/09\/Capture.jpg","contentUrl":"https:\/\/www.swissraft.ch\/wp-content\/uploads\/2025\/09\/Capture.jpg","width":293,"height":108,"caption":"Swissraft"},"image":{"@id":"https:\/\/www.swissraft.ch\/it\/#\/schema\/logo\/image\/"}}]}},"_links":{"self":[{"href":"https:\/\/www.swissraft.ch\/it\/wp-json\/wp\/v2\/product\/92644","targetHints":{"allow":["GET"]}}],"collection":[{"href":"https:\/\/www.swissraft.ch\/it\/wp-json\/wp\/v2\/product"}],"about":[{"href":"https:\/\/www.swissraft.ch\/it\/wp-json\/wp\/v2\/types\/product"}],"replies":[{"embeddable":true,"href":"https:\/\/www.swissraft.ch\/it\/wp-json\/wp\/v2\/comments?post=92644"}],"version-history":[{"count":59,"href":"https:\/\/www.swissraft.ch\/it\/wp-json\/wp\/v2\/product\/92644\/revisions"}],"predecessor-version":[{"id":139917,"href":"https:\/\/www.swissraft.ch\/it\/wp-json\/wp\/v2\/product\/92644\/revisions\/139917"}],"wp:featuredmedia":[{"embeddable":true,"href":"https:\/\/www.swissraft.ch\/it\/wp-json\/wp\/v2\/media\/90446"}],"wp:attachment":[{"href":"https:\/\/www.swissraft.ch\/it\/wp-json\/wp\/v2\/media?parent=92644"}],"wp:term":[{"taxonomy":"product_cat","embeddable":true,"href":"https:\/\/www.swissraft.ch\/it\/wp-json\/wp\/v2\/product_cat?post=92644"},{"taxonomy":"product_tag","embeddable":true,"href":"https:\/\/www.swissraft.ch\/it\/wp-json\/wp\/v2\/product_tag?post=92644"}],"curies":[{"name":"wp","href":"https:\/\/api.w.org\/{rel}","templated":true}]}}