{"id":92634,"date":"2023-02-25T16:20:31","date_gmt":"2023-02-25T15:20:31","guid":{"rendered":"https:\/\/swissraft.xyanzkdne.eu\/product\/canoa-funyak-sulla-reuss-bremgarten-mellingen-a-partire-da-chf-79-00\/"},"modified":"2026-04-12T05:14:46","modified_gmt":"2026-04-12T03:14:46","slug":"canoa-funyak-sulla-reuss-bremgarten-mellingen-a-partire-da-chf-79-00","status":"publish","type":"product","link":"https:\/\/www.swissraft.ch\/it\/prodotto\/canoa-funyak-sulla-reuss-bremgarten-mellingen-a-partire-da-chf-79-00\/","title":{"rendered":"Canoa o Funyak &#8211; Reuss &#8211; Bremgarten-Mellingen &#8211; Da CHF 79.00"},"content":{"rendered":"\t\t<div data-elementor-type=\"wp-post\" data-elementor-id=\"92634\" class=\"elementor elementor-92634 elementor-31277\">\n\t\t\t\t\t\t\t\t\t<section class=\"elementor-section elementor-top-section elementor-element elementor-element-3303a7e3 elementor-section-boxed elementor-section-height-default elementor-section-height-default\" data-id=\"3303a7e3\" data-element_type=\"section\">\n\t\t\t\t\t\t<div class=\"elementor-container elementor-column-gap-default\">\n\t\t\t\t\t<div class=\"elementor-column elementor-col-100 elementor-top-column elementor-element elementor-element-16d72dbf\" data-id=\"16d72dbf\" data-element_type=\"column\">\n\t\t\t<div class=\"elementor-widget-wrap elementor-element-populated\">\n\t\t\t\t\t\t\t\t<div class=\"elementor-element elementor-element-d743c03 elementor-widget elementor-widget-text-editor\" data-id=\"d743c03\" data-element_type=\"widget\" data-widget_type=\"text-editor.default\">\n\t\t\t\t<div class=\"elementor-widget-container\">\n\t\t\t\t\t\t\t<h2>SCEGLI LA TUA ATTIVIT\u00c0 QUI SOTTO PER OFFRIRE BUONI REGALO\/BIGLIETTI O EFFETTUARE UNA PRENOTAZIONE<\/h2><table border=\"0\" width=\"580\" cellspacing=\"10\" cellpadding=\"10\"><tbody><tr><td width=\"50%\"><strong>CANOA O FUNYAK &#8211; REUSS + aperitivo (1-12 pers.)<\/strong><\/td><td><strong><span class=\"productPrice\">CHF 1&#8217;360.00 pacchetto<\/span><\/strong><\/td><\/tr><tr><td>Informazioni aggiuntive<\/td><td><span class=\"patt\">&#8211; <span class=\"plbl\"> Prezzo giovani <\/span>: <strong>CHF 79.00<\/strong>\/pers. fino a 17 anni<br \/>&#8211; Et\u00e0 minima : 7 anni<br \/>&#8211; Prezzo scuola : <span class=\"patt\" style=\"font-family: inherit; font-size: inherit;\"><span class=\"plbl\"><a href=\"https:\/\/www.swissraft.ch\/it\/contattaci\/\">contattaci<\/a><\/span><\/span><\/span><\/td><\/tr><tr><td>Percorso<\/td><td><strong>Bremgarten-Mellingen<\/strong><\/td><\/tr><tr><td>Orari<\/td><td>10h00<\/td><\/tr><tr><td>Canoa o Funyak<\/td><td>circa 2 ore<\/td><\/tr><tr><td>Durata totale<\/td><td>circa 3,5 ore<\/td><\/tr><tr><td>Appuntamento<\/td><td><span style=\"color: #ff6600;\"><a href=\"https:\/\/www.google.com\/maps\/place\/47%C2%B020'58.8%22N+8%C2%B020'24.2%22E\/@47.3499284,8.3355817,765m\/data=!3m1!1e3!4m4!3m3!8m2!3d47.3496667!4d8.3400556?entry=ttu\" target=\"_blank\" rel=\"noopener\">Bremgarten<\/a><\/span><\/td><\/tr><tr><td>Difficolt\u00e0<\/td><td>1<\/td><\/tr><tr><td><a href=\"https:\/\/swissraft.outdoorbooking.ch\/fo\/products\/1969?base_id=91&amp;category_id=9&amp;order_type=gift_voucher&amp;lang=it\" target=\"_blank\" rel=\"noopener\"><button class=\"elementor-button\" type=\"button\">ACQUISTO BUONO REGALO \/ BIGLIETTO<\/button><\/a><\/td><td><a href=\"https:\/\/swissraft.outdoorbooking.ch\/fo\/products\/1969?base_id=91&amp;category_id=9&amp;order_type=event&amp;lang=it\" target=\"_blank\" rel=\"noopener\">PRENOTA UNA DATA<\/a> \u00a0<strong>CHF 1&#8217;360.00 (1-12 pers.)<\/strong><\/td><\/tr><tr><td><a href=\"https:\/\/swissraft.outdoorbooking.ch\/fo\/products\/1970?base_id=91&amp;category_id=9&amp;order_type=gift_voucher&amp;lang=it\" target=\"_blank\" rel=\"noopener\"><button class=\"elementor-button\" type=\"button\">ACQUISTO BUONO REGALO \/ BIGLIETTO<\/button><\/a><\/td><td><a href=\"https:\/\/swissraft.outdoorbooking.ch\/fo\/products\/1970?base_id=91&amp;category_id=9&amp;order_type=event&amp;lang=it\" target=\"_blank\" rel=\"noopener\">PRENOTA UNA DATA<\/a> \u00a0<strong>CHF 114.00<\/strong>\/pers.\u00a0<strong>(13-20 pers.)<\/strong><\/td><\/tr><tr><td><a href=\"https:\/\/swissraft.outdoorbooking.ch\/fo\/products\/1971?base_id=91&amp;category_id=9&amp;order_type=gift_voucher&amp;lang=it\" target=\"_blank\" rel=\"noopener\"><button class=\"elementor-button\" type=\"button\">ACQUISTO BUONO REGALO \/ BIGLIETTO<\/button><\/a><\/td><td><a href=\"https:\/\/swissraft.outdoorbooking.ch\/fo\/products\/1971?base_id=91&amp;category_id=9&amp;order_type=event&amp;lang=it\" target=\"_blank\" rel=\"noopener\">PRENOTA UNA DATA<\/a> \u00a0<strong>CHF 104.00<\/strong>\/pers.<strong> (21-30 pers.)<\/strong><\/td><\/tr><tr><td><a href=\"https:\/\/swissraft.outdoorbooking.ch\/fo\/products\/1115?base_id=91&amp;category_id=9&amp;order_type=gift_voucher&amp;lang=it\" target=\"_blank\" rel=\"noopener\"><button class=\"elementor-button\" type=\"button\">ACQUISTO BUONO REGALO \/ BIGLIETTO<\/button><\/a><\/td><td><a href=\"https:\/\/swissraft.outdoorbooking.ch\/fo\/products\/1115?base_id=91&amp;category_id=9&amp;order_type=event&amp;lang=it\" target=\"_blank\" rel=\"noopener\">PRENOTA UNA DATA<\/a>\u00a0 <strong>CHF 94.00<\/strong>\/pers.<strong> (31 pers. e pi\u00f9<\/strong><strong>)<\/strong><\/td><\/tr><\/tbody><\/table>\t\t\t\t\t\t<\/div>\n\t\t\t\t<\/div>\n\t\t\t\t\t<\/div>\n\t\t<\/div>\n\t\t\t\t\t\t\t<\/div>\n\t\t<\/section>\n\t\t\t\t\t\t\t<\/div>\n\t\t","protected":false},"excerpt":{"rendered":"<div align=\"justify\">\n<h2 align=\"justify\">Andare in canoa sulla Reuss tra Bremgarten e Mellingen \u00e8 un&#8217;esperienza divertente.<\/h2>\n<h3>Funyak, noto anche come Ducky sulla Reuss, un bel percorso lungo il fiume<\/h3>\n<\/div>\n<div align=\"justify\">\n<p>La canoa, conosciuta anche come Funyak o Ducky, \u00e8 un&#8217;attivit\u00e0 emozionante e accessibile a tutti. Inoltre, \u00e8 un modo divertente e sicuro per scoprire i fiumi. Questa disciplina offre un&#8217;ampia variet\u00e0 di corsi, adatti a tutti i livelli e a tutte le et\u00e0. Quindi, che tu sia un principiante o un ciclista esperto, troverai sempre un percorso all&#8217;altezza delle tue aspettative. Praticare il Funyak in gruppo significa rafforzare i legami tra i partecipanti e godersi una giornata all&#8217;aria aperta. Inoltre, \u00e8 un&#8217;attivit\u00e0 ideale per famiglie, amici o colleghi di lavoro.<\/p>\n<h3>Offriamo diversi corsi di canoa, funyak e ducky in Svizzera.<\/h3>\n<p id=\"textarea\" style=\"display: none;\">\nSempre sulla Reuss, offriamo i seguenti itinerari: Mellingen &#8211; Gebenstorf per una mezza giornata e Bremgarten &#8211; Gebenstorf per una giornata intera. Per chi desidera esplorare il Rodano, il tratto tra Chippis e St. L\u00e9onard \u00e8 particolarmente consigliato. Questa parte del fiume \u00e8 calma e sicura, adatta ai bambini e a chi preferisce una discesa tranquilla. Ma anche un tratto pi\u00f9 movimentato tra Souste e Sierre, di classe 2-3+. Swissraft offre anche 3 percorsi di canoa funyak nei Grigioni, sul Reno Anteriore da Ilanz nella Surselva. Con gli amici, la famiglia o i colleghi, questi corsi offrono un&#8217;esperienza indimenticabile in un contesto naturale eccezionale. Inoltre, sul basso Reno, dopo le cascate del Reno, partendo da Neuhausen, troverai 2 itinerari di mezza giornata Sciaffusa-Rheinau o di una giornata Sciaffusa-R\u00fcdlingen adatti a tutti. Swissraft offre anche una discesa in funyak tra Cresciano e Gorduno sul Ticino. Che tu stia cercando un&#8217;avventura in famiglia, un&#8217;uscita con gli amici o un&#8217;attivit\u00e0 di team building, Canoa, Funyak o Ducky offrono esperienze varie e accessibili a tutti. Goditi la bellezza dei fiumi svizzeri e vivi momenti memorabili sull&#8217;acqua.\n<\/p>\n<p><a id=\"seeMore\" onclick=\"toggleSeeMore()\" href=\"javascript:void(0);\">Leggi tutto<\/a><\/p>\n","protected":false},"featured_media":90422,"comment_status":"open","ping_status":"closed","template":"","meta":{"inline_featured_image":false,"_mi_skip_tracking":false},"product_cat":[522,377],"product_tag":[],"class_list":["post-92634","product","type-product","status-publish","has-post-thumbnail","hentry","product_cat-canoa-funyak-su-la-reuss","product_cat-canoa-funyak-o-ducky"],"yoast_head":"<!-- This site is optimized with the Yoast SEO plugin v23.6 - https:\/\/yoast.com\/wordpress\/plugins\/seo\/ -->\n<title>Canoa Funyak Bremgarten-Mellingen, un percorso per gruppi<\/title>\n<meta name=\"description\" content=\"Canoa Funyak Bremgarten-Mellingen, un percorso per gruppi. La Reuss scorre verso nord attraverso il cantone di Argovia e sfocia nell&#039;Aare.\" \/>\n<meta name=\"robots\" content=\"index, follow, max-snippet:-1, max-image-preview:large, max-video-preview:-1\" \/>\n<link rel=\"canonical\" href=\"https:\/\/www.swissraft.ch\/it\/prodotto\/canoa-funyak-sulla-reuss-bremgarten-mellingen-a-partire-da-chf-79-00\/\" \/>\n<meta property=\"og:locale\" content=\"it_IT\" \/>\n<meta property=\"og:type\" content=\"article\" \/>\n<meta property=\"og:title\" content=\"Canoa Funyak Bremgarten-Mellingen, un percorso per gruppi\" \/>\n<meta property=\"og:description\" content=\"Canoa Funyak Bremgarten-Mellingen, un percorso per gruppi. La Reuss scorre verso nord attraverso il cantone di Argovia e sfocia nell&#039;Aare.\" \/>\n<meta property=\"og:url\" content=\"https:\/\/www.swissraft.ch\/it\/prodotto\/canoa-funyak-sulla-reuss-bremgarten-mellingen-a-partire-da-chf-79-00\/\" \/>\n<meta property=\"og:site_name\" content=\"Swissraft\" \/>\n<meta property=\"article:modified_time\" content=\"2026-04-12T03:14:46+00:00\" \/>\n<meta property=\"og:image\" content=\"https:\/\/www.swissraft.ch\/wp-content\/uploads\/2023\/02\/1-1-Easy-Rafting-Bremgarten-Mellingen-776x776-1.png\" \/>\n\t<meta property=\"og:image:width\" content=\"776\" \/>\n\t<meta property=\"og:image:height\" content=\"776\" \/>\n\t<meta property=\"og:image:type\" content=\"image\/png\" \/>\n<meta name=\"twitter:card\" content=\"summary_large_image\" \/>\n<meta name=\"twitter:label1\" content=\"Tempo di lettura stimato\" \/>\n\t<meta name=\"twitter:data1\" content=\"1 minuto\" \/>\n<script type=\"application\/ld+json\" class=\"yoast-schema-graph\">{\"@context\":\"https:\/\/schema.org\",\"@graph\":[{\"@type\":\"WebPage\",\"@id\":\"https:\/\/www.swissraft.ch\/it\/prodotto\/canoa-funyak-sulla-reuss-bremgarten-mellingen-a-partire-da-chf-79-00\/\",\"url\":\"https:\/\/www.swissraft.ch\/it\/prodotto\/canoa-funyak-sulla-reuss-bremgarten-mellingen-a-partire-da-chf-79-00\/\",\"name\":\"Canoa Funyak Bremgarten-Mellingen, un percorso per gruppi\",\"isPartOf\":{\"@id\":\"https:\/\/www.swissraft.ch\/it\/#website\"},\"primaryImageOfPage\":{\"@id\":\"https:\/\/www.swissraft.ch\/it\/prodotto\/canoa-funyak-sulla-reuss-bremgarten-mellingen-a-partire-da-chf-79-00\/#primaryimage\"},\"image\":{\"@id\":\"https:\/\/www.swissraft.ch\/it\/prodotto\/canoa-funyak-sulla-reuss-bremgarten-mellingen-a-partire-da-chf-79-00\/#primaryimage\"},\"thumbnailUrl\":\"https:\/\/www.swissraft.ch\/wp-content\/uploads\/2023\/02\/1-1-Easy-Rafting-Bremgarten-Mellingen-776x776-1.png\",\"datePublished\":\"2023-02-25T15:20:31+00:00\",\"dateModified\":\"2026-04-12T03:14:46+00:00\",\"description\":\"Canoa Funyak Bremgarten-Mellingen, un percorso per gruppi. La Reuss scorre verso nord attraverso il cantone di Argovia e sfocia nell'Aare.\",\"breadcrumb\":{\"@id\":\"https:\/\/www.swissraft.ch\/it\/prodotto\/canoa-funyak-sulla-reuss-bremgarten-mellingen-a-partire-da-chf-79-00\/#breadcrumb\"},\"inLanguage\":\"it-IT\",\"potentialAction\":[{\"@type\":\"ReadAction\",\"target\":[\"https:\/\/www.swissraft.ch\/it\/prodotto\/canoa-funyak-sulla-reuss-bremgarten-mellingen-a-partire-da-chf-79-00\/\"]}]},{\"@type\":\"ImageObject\",\"inLanguage\":\"it-IT\",\"@id\":\"https:\/\/www.swissraft.ch\/it\/prodotto\/canoa-funyak-sulla-reuss-bremgarten-mellingen-a-partire-da-chf-79-00\/#primaryimage\",\"url\":\"https:\/\/www.swissraft.ch\/wp-content\/uploads\/2023\/02\/1-1-Easy-Rafting-Bremgarten-Mellingen-776x776-1.png\",\"contentUrl\":\"https:\/\/www.swissraft.ch\/wp-content\/uploads\/2023\/02\/1-1-Easy-Rafting-Bremgarten-Mellingen-776x776-1.png\",\"width\":776,\"height\":776,\"caption\":\"Canoa funyak sulla Reuss tra Bremgarten e Mellingen\"},{\"@type\":\"BreadcrumbList\",\"@id\":\"https:\/\/www.swissraft.ch\/it\/prodotto\/canoa-funyak-sulla-reuss-bremgarten-mellingen-a-partire-da-chf-79-00\/#breadcrumb\",\"itemListElement\":[{\"@type\":\"ListItem\",\"position\":1,\"name\":\"Accueil\",\"item\":\"https:\/\/www.swissraft.ch\/it\/\"},{\"@type\":\"ListItem\",\"position\":2,\"name\":\"Negozio\",\"item\":\"https:\/\/www.swissraft.ch\/it\/negozio\/\"},{\"@type\":\"ListItem\",\"position\":3,\"name\":\"Canoa o Funyak &#8211; Reuss &#8211; Bremgarten-Mellingen &#8211; Da CHF 79.00\"}]},{\"@type\":\"WebSite\",\"@id\":\"https:\/\/www.swissraft.ch\/it\/#website\",\"url\":\"https:\/\/www.swissraft.ch\/it\/\",\"name\":\"Swissraft\",\"description\":\"To enjoy nature as it is\",\"publisher\":{\"@id\":\"https:\/\/www.swissraft.ch\/it\/#organization\"},\"potentialAction\":[{\"@type\":\"SearchAction\",\"target\":{\"@type\":\"EntryPoint\",\"urlTemplate\":\"https:\/\/www.swissraft.ch\/it\/?s={search_term_string}\"},\"query-input\":{\"@type\":\"PropertyValueSpecification\",\"valueRequired\":true,\"valueName\":\"search_term_string\"}}],\"inLanguage\":\"it-IT\"},{\"@type\":\"Organization\",\"@id\":\"https:\/\/www.swissraft.ch\/it\/#organization\",\"name\":\"Swissraft\",\"url\":\"https:\/\/www.swissraft.ch\/it\/\",\"logo\":{\"@type\":\"ImageObject\",\"inLanguage\":\"it-IT\",\"@id\":\"https:\/\/www.swissraft.ch\/it\/#\/schema\/logo\/image\/\",\"url\":\"https:\/\/www.swissraft.ch\/wp-content\/uploads\/2025\/09\/Capture.jpg\",\"contentUrl\":\"https:\/\/www.swissraft.ch\/wp-content\/uploads\/2025\/09\/Capture.jpg\",\"width\":293,\"height\":108,\"caption\":\"Swissraft\"},\"image\":{\"@id\":\"https:\/\/www.swissraft.ch\/it\/#\/schema\/logo\/image\/\"}}]}<\/script>\n<!-- \/ Yoast SEO plugin. -->","yoast_head_json":{"title":"Canoa Funyak Bremgarten-Mellingen, un percorso per gruppi","description":"Canoa Funyak Bremgarten-Mellingen, un percorso per gruppi. La Reuss scorre verso nord attraverso il cantone di Argovia e sfocia nell'Aare.","robots":{"index":"index","follow":"follow","max-snippet":"max-snippet:-1","max-image-preview":"max-image-preview:large","max-video-preview":"max-video-preview:-1"},"canonical":"https:\/\/www.swissraft.ch\/it\/prodotto\/canoa-funyak-sulla-reuss-bremgarten-mellingen-a-partire-da-chf-79-00\/","og_locale":"it_IT","og_type":"article","og_title":"Canoa Funyak Bremgarten-Mellingen, un percorso per gruppi","og_description":"Canoa Funyak Bremgarten-Mellingen, un percorso per gruppi. La Reuss scorre verso nord attraverso il cantone di Argovia e sfocia nell'Aare.","og_url":"https:\/\/www.swissraft.ch\/it\/prodotto\/canoa-funyak-sulla-reuss-bremgarten-mellingen-a-partire-da-chf-79-00\/","og_site_name":"Swissraft","article_modified_time":"2026-04-12T03:14:46+00:00","og_image":[{"width":776,"height":776,"url":"https:\/\/www.swissraft.ch\/wp-content\/uploads\/2023\/02\/1-1-Easy-Rafting-Bremgarten-Mellingen-776x776-1.png","type":"image\/png"}],"twitter_card":"summary_large_image","twitter_misc":{"Tempo di lettura stimato":"1 minuto"},"schema":{"@context":"https:\/\/schema.org","@graph":[{"@type":"WebPage","@id":"https:\/\/www.swissraft.ch\/it\/prodotto\/canoa-funyak-sulla-reuss-bremgarten-mellingen-a-partire-da-chf-79-00\/","url":"https:\/\/www.swissraft.ch\/it\/prodotto\/canoa-funyak-sulla-reuss-bremgarten-mellingen-a-partire-da-chf-79-00\/","name":"Canoa Funyak Bremgarten-Mellingen, un percorso per gruppi","isPartOf":{"@id":"https:\/\/www.swissraft.ch\/it\/#website"},"primaryImageOfPage":{"@id":"https:\/\/www.swissraft.ch\/it\/prodotto\/canoa-funyak-sulla-reuss-bremgarten-mellingen-a-partire-da-chf-79-00\/#primaryimage"},"image":{"@id":"https:\/\/www.swissraft.ch\/it\/prodotto\/canoa-funyak-sulla-reuss-bremgarten-mellingen-a-partire-da-chf-79-00\/#primaryimage"},"thumbnailUrl":"https:\/\/www.swissraft.ch\/wp-content\/uploads\/2023\/02\/1-1-Easy-Rafting-Bremgarten-Mellingen-776x776-1.png","datePublished":"2023-02-25T15:20:31+00:00","dateModified":"2026-04-12T03:14:46+00:00","description":"Canoa Funyak Bremgarten-Mellingen, un percorso per gruppi. La Reuss scorre verso nord attraverso il cantone di Argovia e sfocia nell'Aare.","breadcrumb":{"@id":"https:\/\/www.swissraft.ch\/it\/prodotto\/canoa-funyak-sulla-reuss-bremgarten-mellingen-a-partire-da-chf-79-00\/#breadcrumb"},"inLanguage":"it-IT","potentialAction":[{"@type":"ReadAction","target":["https:\/\/www.swissraft.ch\/it\/prodotto\/canoa-funyak-sulla-reuss-bremgarten-mellingen-a-partire-da-chf-79-00\/"]}]},{"@type":"ImageObject","inLanguage":"it-IT","@id":"https:\/\/www.swissraft.ch\/it\/prodotto\/canoa-funyak-sulla-reuss-bremgarten-mellingen-a-partire-da-chf-79-00\/#primaryimage","url":"https:\/\/www.swissraft.ch\/wp-content\/uploads\/2023\/02\/1-1-Easy-Rafting-Bremgarten-Mellingen-776x776-1.png","contentUrl":"https:\/\/www.swissraft.ch\/wp-content\/uploads\/2023\/02\/1-1-Easy-Rafting-Bremgarten-Mellingen-776x776-1.png","width":776,"height":776,"caption":"Canoa funyak sulla Reuss tra Bremgarten e Mellingen"},{"@type":"BreadcrumbList","@id":"https:\/\/www.swissraft.ch\/it\/prodotto\/canoa-funyak-sulla-reuss-bremgarten-mellingen-a-partire-da-chf-79-00\/#breadcrumb","itemListElement":[{"@type":"ListItem","position":1,"name":"Accueil","item":"https:\/\/www.swissraft.ch\/it\/"},{"@type":"ListItem","position":2,"name":"Negozio","item":"https:\/\/www.swissraft.ch\/it\/negozio\/"},{"@type":"ListItem","position":3,"name":"Canoa o Funyak &#8211; Reuss &#8211; Bremgarten-Mellingen &#8211; Da CHF 79.00"}]},{"@type":"WebSite","@id":"https:\/\/www.swissraft.ch\/it\/#website","url":"https:\/\/www.swissraft.ch\/it\/","name":"Swissraft","description":"To enjoy nature as it is","publisher":{"@id":"https:\/\/www.swissraft.ch\/it\/#organization"},"potentialAction":[{"@type":"SearchAction","target":{"@type":"EntryPoint","urlTemplate":"https:\/\/www.swissraft.ch\/it\/?s={search_term_string}"},"query-input":{"@type":"PropertyValueSpecification","valueRequired":true,"valueName":"search_term_string"}}],"inLanguage":"it-IT"},{"@type":"Organization","@id":"https:\/\/www.swissraft.ch\/it\/#organization","name":"Swissraft","url":"https:\/\/www.swissraft.ch\/it\/","logo":{"@type":"ImageObject","inLanguage":"it-IT","@id":"https:\/\/www.swissraft.ch\/it\/#\/schema\/logo\/image\/","url":"https:\/\/www.swissraft.ch\/wp-content\/uploads\/2025\/09\/Capture.jpg","contentUrl":"https:\/\/www.swissraft.ch\/wp-content\/uploads\/2025\/09\/Capture.jpg","width":293,"height":108,"caption":"Swissraft"},"image":{"@id":"https:\/\/www.swissraft.ch\/it\/#\/schema\/logo\/image\/"}}]}},"_links":{"self":[{"href":"https:\/\/www.swissraft.ch\/it\/wp-json\/wp\/v2\/product\/92634","targetHints":{"allow":["GET"]}}],"collection":[{"href":"https:\/\/www.swissraft.ch\/it\/wp-json\/wp\/v2\/product"}],"about":[{"href":"https:\/\/www.swissraft.ch\/it\/wp-json\/wp\/v2\/types\/product"}],"replies":[{"embeddable":true,"href":"https:\/\/www.swissraft.ch\/it\/wp-json\/wp\/v2\/comments?post=92634"}],"version-history":[{"count":52,"href":"https:\/\/www.swissraft.ch\/it\/wp-json\/wp\/v2\/product\/92634\/revisions"}],"predecessor-version":[{"id":139629,"href":"https:\/\/www.swissraft.ch\/it\/wp-json\/wp\/v2\/product\/92634\/revisions\/139629"}],"wp:featuredmedia":[{"embeddable":true,"href":"https:\/\/www.swissraft.ch\/it\/wp-json\/wp\/v2\/media\/90422"}],"wp:attachment":[{"href":"https:\/\/www.swissraft.ch\/it\/wp-json\/wp\/v2\/media?parent=92634"}],"wp:term":[{"taxonomy":"product_cat","embeddable":true,"href":"https:\/\/www.swissraft.ch\/it\/wp-json\/wp\/v2\/product_cat?post=92634"},{"taxonomy":"product_tag","embeddable":true,"href":"https:\/\/www.swissraft.ch\/it\/wp-json\/wp\/v2\/product_tag?post=92634"}],"curies":[{"name":"wp","href":"https:\/\/api.w.org\/{rel}","templated":true}]}}