{"id":92626,"date":"2023-02-25T16:10:57","date_gmt":"2023-02-25T15:10:57","guid":{"rendered":"https:\/\/swissraft.xyanzkdne.eu\/product\/canoa-funyak-sulla-reuss-bremgarten-gebenstorf-a-partire-da-chf-109-00\/"},"modified":"2026-04-12T17:40:03","modified_gmt":"2026-04-12T15:40:03","slug":"canoa-funyak-sulla-reuss-bremgarten-gebenstorf-a-partire-da-chf-109-00","status":"publish","type":"product","link":"https:\/\/www.swissraft.ch\/it\/prodotto\/canoa-funyak-sulla-reuss-bremgarten-gebenstorf-a-partire-da-chf-109-00\/","title":{"rendered":"Canoa o Funyak &#8211; Reuss &#8211; Bremgarten-Gebenstorf &#8211; Da CHF 119.00"},"content":{"rendered":"\t\t<div data-elementor-type=\"wp-post\" data-elementor-id=\"92626\" class=\"elementor elementor-92626 elementor-31272\">\n\t\t\t\t\t\t\t\t\t<section class=\"elementor-section elementor-top-section elementor-element elementor-element-3303a7e3 elementor-section-boxed elementor-section-height-default elementor-section-height-default\" data-id=\"3303a7e3\" data-element_type=\"section\">\n\t\t\t\t\t\t<div class=\"elementor-container elementor-column-gap-default\">\n\t\t\t\t\t<div class=\"elementor-column elementor-col-100 elementor-top-column elementor-element elementor-element-16d72dbf\" data-id=\"16d72dbf\" data-element_type=\"column\">\n\t\t\t<div class=\"elementor-widget-wrap elementor-element-populated\">\n\t\t\t\t\t\t\t\t<div class=\"elementor-element elementor-element-d743c03 elementor-widget elementor-widget-text-editor\" data-id=\"d743c03\" data-element_type=\"widget\" data-widget_type=\"text-editor.default\">\n\t\t\t\t<div class=\"elementor-widget-container\">\n\t\t\t\t\t\t\t<h2>SCEGLI LA TUA ATTIVIT\u00c0 QUI SOTTO PER OFFRIRE BUONI REGALO\/BIGLIETTI O EFFETTUARE UNA PRENOTAZIONE<\/h2><table border=\"0\" width=\"580\" cellspacing=\"10\" cellpadding=\"10\"><tbody><tr><td width=\"50%\"><strong>CANOA O FUNYAK &#8211; REUSS + Giornata + aperitivo<\/strong><\/td><td><strong>CHF 149.00 a persona<span class=\"productPrice\"><br \/><\/span><\/strong><\/td><\/tr><tr><td>Informazioni aggiuntive<\/td><td>&#8211; <span class=\"plbl\"> Prezzo giovani <\/span>: <span class=\"patt\"><strong>CHF 119.00<\/strong>\/pers.\u00a0fino a 17 anni<br \/><\/span><span class=\"plbl\">&#8211; Et\u00e0 minima : 7 anni<\/span><span class=\"patt\"><br \/>&#8211; Pranzo su richiesta : <strong>CHF 40.00<\/strong>\/pers.<br \/>&#8211; Prezzo scuola :<span class=\"patt\" style=\"font-family: inherit; font-size: inherit;\"><span class=\"plbl\">\u00a0<a href=\"https:\/\/www.swissraft.ch\/it\/contattaci\/\">contattaci<\/a><\/span><\/span><\/span><\/td><\/tr><tr><td>Percorso<\/td><td><strong>Bremgarten-Gebenstorf<\/strong><\/td><\/tr><tr><td>Orario<\/td><td>10h00<\/td><\/tr><tr><td>Canoa o Funyak<\/td><td>circa 4,5 ore<\/td><\/tr><tr><td>Tempo totale<\/td><td>circa 6,5 ore<\/td><\/tr><tr><td>Appuntamento<\/td><td><span style=\"color: #ff6600;\"><a href=\"https:\/\/www.google.com\/maps\/place\/47%C2%B020'58.8%22N+8%C2%B020'24.2%22E\/@47.3499284,8.3355817,765m\/data=!3m1!1e3!4m4!3m3!8m2!3d47.3496667!4d8.3400556?entry=ttu\" target=\"_blank\" rel=\"noopener\">Bremgarten<\/a><\/span><\/td><\/tr><tr><td>Difficolt\u00e0<\/td><td>1<\/td><\/tr><tr><td><a href=\"https:\/\/swissraft.outdoorbooking.ch\/fo\/products\/387?base_id=91&amp;category_id=9&amp;order_type=gift_voucher&amp;lang=it\" target=\"_blank\" rel=\"noopener\"><button class=\"elementor-button\" type=\"button\">ACQUISTO BUONO REGALO \/ BIGLIETTO<\/button><\/a><\/td><td><span style=\"color: #ff6600;\"><a href=\"https:\/\/swissraft.outdoorbooking.ch\/fo\/products\/387?base_id=91&amp;category_id=9&amp;order_type=event&amp;lang=it\" target=\"_blank\" rel=\"noopener\">PRENOTA UNA DATA<\/a><\/span>\u00a0\u00a0<strong>CHF 1&#8217;849.00 (1-12 pers.)<\/strong><\/td><\/tr><tr><td><a href=\"https:\/\/swissraft.outdoorbooking.ch\/fo\/products\/1278?base_id=91&amp;category_id=9&amp;order_type=gift_voucher&amp;lang=it\" target=\"_blank\" rel=\"noopener\"><button class=\"elementor-button\" type=\"button\">ACQUISTO BUONO REGALO \/ BIGLIETTO<\/button><\/a><\/td><td><span style=\"color: #ff6600;\"><a href=\"https:\/\/swissraft.outdoorbooking.ch\/fo\/products\/1278?base_id=91&amp;category_id=9&amp;order_type=event&amp;lang=it\" target=\"_blank\" rel=\"noopener\">PRENOTA UNA DATA<\/a>\u00a0\u00a0<\/span><strong>CHF 154.00<\/strong>\/pers. <strong>(13-20 pers.)<\/strong><\/td><\/tr><tr><td><a href=\"https:\/\/swissraft.outdoorbooking.ch\/fo\/products\/1975?base_id=91&amp;category_id=9&amp;order_type=gift_voucher&amp;lang=IT\" target=\"_blank\" rel=\"noopener\"><button class=\"elementor-button\" type=\"button\">ACQUISTO BUONO REGALO \/ BIGLIETTO<\/button><\/a><\/td><td><span style=\"color: #ff6600;\"><a href=\"https:\/\/swissraft.outdoorbooking.ch\/fo\/products\/1975?base_id=91&amp;category_id=9&amp;order_type=event&amp;lang=it\" target=\"_blank\" rel=\"noopener\">PRENOTA UNA DATA<\/a><\/span>\u00a0\u00a0<strong>CHF 144.00<\/strong>\/pers.<strong> (21-30 pers.)<\/strong><\/td><\/tr><tr><td><a href=\"https:\/\/swissraft.outdoorbooking.ch\/fo\/products\/2192?base_id=91&amp;category_id=9&amp;order_type=gift_voucher&amp;lang=it\" target=\"_blank\" rel=\"noopener\"><button class=\"elementor-button\" type=\"button\">ACQUISTO BUONO REGALO \/ BIGLIETTO<\/button><\/a><\/td><td><span style=\"color: #ff6600;\"><a href=\"https:\/\/swissraft.outdoorbooking.ch\/fo\/products\/2192?base_id=91&amp;category_id=9&amp;order_type=event&amp;lang=it\" target=\"_blank\" rel=\"noopener\">PRENOTA UNA DATA<\/a><\/span>\u00a0\u00a0<strong>CHF 134.00<\/strong>\/pers.<strong> (31 pers. <strong class=\"Yjhzub\" data-sfc-cb=\"\">e pi\u00f9<\/strong>)<\/strong><\/td><\/tr><\/tbody><\/table>\t\t\t\t\t\t<\/div>\n\t\t\t\t<\/div>\n\t\t\t\t\t<\/div>\n\t\t<\/div>\n\t\t\t\t\t\t\t<\/div>\n\t\t<\/section>\n\t\t\t\t\t\t\t<\/div>\n\t\t","protected":false},"excerpt":{"rendered":"<div align=\"justify\">\n<h2 align=\"justify\">Una gita in canoa da Bremgarten a Gebenstorf, conosciuta anche come funyak o ducky, ti lascer\u00e0 degli ottimi ricordi.<\/h2>\n<h3>Porta il tuo funyak lungo la Reuss e manovralo da solo<\/h3>\n<\/div>\n<div align=\"justify\">\n<p>La canoa, conosciuta anche come Funyak o Ducky, \u00e8 una passione accessibile a tutti. \u00c8 un modo divertente e sicuro per scoprire i fiumi. Questa attivit\u00e0 offre una variet\u00e0 di percorsi adatti a tutti i livelli e a tutte le et\u00e0. Che tu sia un principiante o un esperto, c&#8217;\u00e8 sempre un percorso adatto a te.<br \/>\nIn gruppo, la canoa o il ducky rafforzano i legami tra i partecipanti e offrono una giornata all&#8217;aria aperta. Ideale per famiglie, amici o colleghi, promette di essere un luogo ideale per trascorrere del tempo.<\/p>\n<h3>Swissraft offre numerosi corsi di canoa, Funyak e Ducky in Svizzera.<\/h3>\n<p id=\"textarea\" style=\"display: none;\">\nSulla Reuss, scegli tra due tour di mezza giornata: Bremgarten &#8211; Mellingen e Mellingen &#8211; Gebenstorf. Nel Vallese, naviga sul Rodano tra Chippis e St. L\u00e9onard, un tratto di strada tranquillo, ideale per le famiglie e i loro bambini. Ma anche il percorso Souste &#8211; Sierre, che \u00e8 molto pi\u00f9 sportivo. Swissraft offre anche 3 gite in canoa gonfiabile nei Grigioni, tra cui quella sul Reno da Ilanz nella Surselva. Il classico Versam-Reichenau e due percorsi pi\u00f9 impegnativi: Ilanz-Valendas, una mezza giornata e Ilanz-Reichenau, un&#8217;intera giornata con picnic. Con gli amici, la famiglia o i colleghi, questi corsi offrono una grande avventura nella magnifica cornice del famoso Grand Canyon svizzero. Puoi anche scoprire il basso Reno sotto le cascate del Reno da Sciaffusa vicino a Neuhausen. Mezza giornata tra Sciaffusa e Rheinau o una giornata tra Sciaffusa e R\u00fcdlingen. Anche la gita scolastica in Ticino sar\u00e0 un successo, con la canoa funyak sul Ticino tra Cresciano e Gorduno. Andare in canoa, Funyak o Ducky non \u00e8 solo divertente, ma \u00e8 anche un ottimo modo per godersi il bellissimo paesaggio lungo i fiumi. Ma anche il Ticino a Cresciano e Gorduno.\n<\/p>\n<p><a id=\"seeMore\" onclick=\"toggleSeeMore()\" href=\"javascript:void(0);\">Leggi tutto<\/a><\/p>\n","protected":false},"featured_media":90431,"comment_status":"open","ping_status":"closed","template":"","meta":{"inline_featured_image":false,"_mi_skip_tracking":false},"product_cat":[522,377],"product_tag":[],"class_list":["post-92626","product","type-product","status-publish","has-post-thumbnail","hentry","product_cat-canoa-funyak-su-la-reuss","product_cat-canoa-funyak-o-ducky"],"yoast_head":"<!-- This site is optimized with the Yoast SEO plugin v23.6 - https:\/\/yoast.com\/wordpress\/plugins\/seo\/ -->\n<title>Canoa Funyak Bremgarten-Gebenstorf sulla Reuss; percorso morbido<\/title>\n<meta name=\"description\" content=\"Cano\u00eb Funyak Bremgarten-Gebenstorf sulla Reuss, una discesa in canoa, funyak o paperino consigliata per le uscite di gruppo per un&#039;avventura soft.\" \/>\n<meta name=\"robots\" content=\"index, follow, max-snippet:-1, max-image-preview:large, max-video-preview:-1\" \/>\n<link rel=\"canonical\" href=\"https:\/\/www.swissraft.ch\/it\/prodotto\/canoa-funyak-sulla-reuss-bremgarten-gebenstorf-a-partire-da-chf-109-00\/\" \/>\n<meta property=\"og:locale\" content=\"it_IT\" \/>\n<meta property=\"og:type\" content=\"article\" \/>\n<meta property=\"og:title\" content=\"Canoa Funyak Bremgarten-Gebenstorf sulla Reuss; percorso morbido\" \/>\n<meta property=\"og:description\" content=\"Cano\u00eb Funyak Bremgarten-Gebenstorf sulla Reuss, una discesa in canoa, funyak o paperino consigliata per le uscite di gruppo per un&#039;avventura soft.\" \/>\n<meta property=\"og:url\" content=\"https:\/\/www.swissraft.ch\/it\/prodotto\/canoa-funyak-sulla-reuss-bremgarten-gebenstorf-a-partire-da-chf-109-00\/\" \/>\n<meta property=\"og:site_name\" content=\"Swissraft\" \/>\n<meta property=\"article:modified_time\" content=\"2026-04-12T15:40:03+00:00\" \/>\n<meta property=\"og:image\" content=\"https:\/\/www.swissraft.ch\/wp-content\/uploads\/2023\/02\/1-2-Kanufahrt-Bermgarten.Gebenstorf-776x776-1.jpg\" \/>\n\t<meta property=\"og:image:width\" content=\"776\" \/>\n\t<meta property=\"og:image:height\" content=\"776\" \/>\n\t<meta property=\"og:image:type\" content=\"image\/jpeg\" \/>\n<meta name=\"twitter:card\" content=\"summary_large_image\" \/>\n<meta name=\"twitter:label1\" content=\"Tempo di lettura stimato\" \/>\n\t<meta name=\"twitter:data1\" content=\"1 minuto\" \/>\n<script type=\"application\/ld+json\" class=\"yoast-schema-graph\">{\"@context\":\"https:\/\/schema.org\",\"@graph\":[{\"@type\":\"WebPage\",\"@id\":\"https:\/\/www.swissraft.ch\/it\/prodotto\/canoa-funyak-sulla-reuss-bremgarten-gebenstorf-a-partire-da-chf-109-00\/\",\"url\":\"https:\/\/www.swissraft.ch\/it\/prodotto\/canoa-funyak-sulla-reuss-bremgarten-gebenstorf-a-partire-da-chf-109-00\/\",\"name\":\"Canoa Funyak Bremgarten-Gebenstorf sulla Reuss; percorso morbido\",\"isPartOf\":{\"@id\":\"https:\/\/www.swissraft.ch\/it\/#website\"},\"primaryImageOfPage\":{\"@id\":\"https:\/\/www.swissraft.ch\/it\/prodotto\/canoa-funyak-sulla-reuss-bremgarten-gebenstorf-a-partire-da-chf-109-00\/#primaryimage\"},\"image\":{\"@id\":\"https:\/\/www.swissraft.ch\/it\/prodotto\/canoa-funyak-sulla-reuss-bremgarten-gebenstorf-a-partire-da-chf-109-00\/#primaryimage\"},\"thumbnailUrl\":\"https:\/\/www.swissraft.ch\/wp-content\/uploads\/2023\/02\/1-2-Kanufahrt-Bermgarten.Gebenstorf-776x776-1.jpg\",\"datePublished\":\"2023-02-25T15:10:57+00:00\",\"dateModified\":\"2026-04-12T15:40:03+00:00\",\"description\":\"Cano\u00eb Funyak Bremgarten-Gebenstorf sulla Reuss, una discesa in canoa, funyak o paperino consigliata per le uscite di gruppo per un'avventura soft.\",\"breadcrumb\":{\"@id\":\"https:\/\/www.swissraft.ch\/it\/prodotto\/canoa-funyak-sulla-reuss-bremgarten-gebenstorf-a-partire-da-chf-109-00\/#breadcrumb\"},\"inLanguage\":\"it-IT\",\"potentialAction\":[{\"@type\":\"ReadAction\",\"target\":[\"https:\/\/www.swissraft.ch\/it\/prodotto\/canoa-funyak-sulla-reuss-bremgarten-gebenstorf-a-partire-da-chf-109-00\/\"]}]},{\"@type\":\"ImageObject\",\"inLanguage\":\"it-IT\",\"@id\":\"https:\/\/www.swissraft.ch\/it\/prodotto\/canoa-funyak-sulla-reuss-bremgarten-gebenstorf-a-partire-da-chf-109-00\/#primaryimage\",\"url\":\"https:\/\/www.swissraft.ch\/wp-content\/uploads\/2023\/02\/1-2-Kanufahrt-Bermgarten.Gebenstorf-776x776-1.jpg\",\"contentUrl\":\"https:\/\/www.swissraft.ch\/wp-content\/uploads\/2023\/02\/1-2-Kanufahrt-Bermgarten.Gebenstorf-776x776-1.jpg\",\"width\":776,\"height\":776,\"caption\":\"Canoa Funyak Bremgarten-Gebenstorf sul fiume Reuss\"},{\"@type\":\"BreadcrumbList\",\"@id\":\"https:\/\/www.swissraft.ch\/it\/prodotto\/canoa-funyak-sulla-reuss-bremgarten-gebenstorf-a-partire-da-chf-109-00\/#breadcrumb\",\"itemListElement\":[{\"@type\":\"ListItem\",\"position\":1,\"name\":\"Accueil\",\"item\":\"https:\/\/www.swissraft.ch\/it\/\"},{\"@type\":\"ListItem\",\"position\":2,\"name\":\"Negozio\",\"item\":\"https:\/\/www.swissraft.ch\/it\/negozio\/\"},{\"@type\":\"ListItem\",\"position\":3,\"name\":\"Canoa o Funyak &#8211; Reuss &#8211; Bremgarten-Gebenstorf &#8211; Da CHF 119.00\"}]},{\"@type\":\"WebSite\",\"@id\":\"https:\/\/www.swissraft.ch\/it\/#website\",\"url\":\"https:\/\/www.swissraft.ch\/it\/\",\"name\":\"Swissraft\",\"description\":\"To enjoy nature as it is\",\"publisher\":{\"@id\":\"https:\/\/www.swissraft.ch\/it\/#organization\"},\"potentialAction\":[{\"@type\":\"SearchAction\",\"target\":{\"@type\":\"EntryPoint\",\"urlTemplate\":\"https:\/\/www.swissraft.ch\/it\/?s={search_term_string}\"},\"query-input\":{\"@type\":\"PropertyValueSpecification\",\"valueRequired\":true,\"valueName\":\"search_term_string\"}}],\"inLanguage\":\"it-IT\"},{\"@type\":\"Organization\",\"@id\":\"https:\/\/www.swissraft.ch\/it\/#organization\",\"name\":\"Swissraft\",\"url\":\"https:\/\/www.swissraft.ch\/it\/\",\"logo\":{\"@type\":\"ImageObject\",\"inLanguage\":\"it-IT\",\"@id\":\"https:\/\/www.swissraft.ch\/it\/#\/schema\/logo\/image\/\",\"url\":\"https:\/\/www.swissraft.ch\/wp-content\/uploads\/2025\/09\/Capture.jpg\",\"contentUrl\":\"https:\/\/www.swissraft.ch\/wp-content\/uploads\/2025\/09\/Capture.jpg\",\"width\":293,\"height\":108,\"caption\":\"Swissraft\"},\"image\":{\"@id\":\"https:\/\/www.swissraft.ch\/it\/#\/schema\/logo\/image\/\"}}]}<\/script>\n<!-- \/ Yoast SEO plugin. -->","yoast_head_json":{"title":"Canoa Funyak Bremgarten-Gebenstorf sulla Reuss; percorso morbido","description":"Cano\u00eb Funyak Bremgarten-Gebenstorf sulla Reuss, una discesa in canoa, funyak o paperino consigliata per le uscite di gruppo per un'avventura soft.","robots":{"index":"index","follow":"follow","max-snippet":"max-snippet:-1","max-image-preview":"max-image-preview:large","max-video-preview":"max-video-preview:-1"},"canonical":"https:\/\/www.swissraft.ch\/it\/prodotto\/canoa-funyak-sulla-reuss-bremgarten-gebenstorf-a-partire-da-chf-109-00\/","og_locale":"it_IT","og_type":"article","og_title":"Canoa Funyak Bremgarten-Gebenstorf sulla Reuss; percorso morbido","og_description":"Cano\u00eb Funyak Bremgarten-Gebenstorf sulla Reuss, una discesa in canoa, funyak o paperino consigliata per le uscite di gruppo per un'avventura soft.","og_url":"https:\/\/www.swissraft.ch\/it\/prodotto\/canoa-funyak-sulla-reuss-bremgarten-gebenstorf-a-partire-da-chf-109-00\/","og_site_name":"Swissraft","article_modified_time":"2026-04-12T15:40:03+00:00","og_image":[{"width":776,"height":776,"url":"https:\/\/www.swissraft.ch\/wp-content\/uploads\/2023\/02\/1-2-Kanufahrt-Bermgarten.Gebenstorf-776x776-1.jpg","type":"image\/jpeg"}],"twitter_card":"summary_large_image","twitter_misc":{"Tempo di lettura stimato":"1 minuto"},"schema":{"@context":"https:\/\/schema.org","@graph":[{"@type":"WebPage","@id":"https:\/\/www.swissraft.ch\/it\/prodotto\/canoa-funyak-sulla-reuss-bremgarten-gebenstorf-a-partire-da-chf-109-00\/","url":"https:\/\/www.swissraft.ch\/it\/prodotto\/canoa-funyak-sulla-reuss-bremgarten-gebenstorf-a-partire-da-chf-109-00\/","name":"Canoa Funyak Bremgarten-Gebenstorf sulla Reuss; percorso morbido","isPartOf":{"@id":"https:\/\/www.swissraft.ch\/it\/#website"},"primaryImageOfPage":{"@id":"https:\/\/www.swissraft.ch\/it\/prodotto\/canoa-funyak-sulla-reuss-bremgarten-gebenstorf-a-partire-da-chf-109-00\/#primaryimage"},"image":{"@id":"https:\/\/www.swissraft.ch\/it\/prodotto\/canoa-funyak-sulla-reuss-bremgarten-gebenstorf-a-partire-da-chf-109-00\/#primaryimage"},"thumbnailUrl":"https:\/\/www.swissraft.ch\/wp-content\/uploads\/2023\/02\/1-2-Kanufahrt-Bermgarten.Gebenstorf-776x776-1.jpg","datePublished":"2023-02-25T15:10:57+00:00","dateModified":"2026-04-12T15:40:03+00:00","description":"Cano\u00eb Funyak Bremgarten-Gebenstorf sulla Reuss, una discesa in canoa, funyak o paperino consigliata per le uscite di gruppo per un'avventura soft.","breadcrumb":{"@id":"https:\/\/www.swissraft.ch\/it\/prodotto\/canoa-funyak-sulla-reuss-bremgarten-gebenstorf-a-partire-da-chf-109-00\/#breadcrumb"},"inLanguage":"it-IT","potentialAction":[{"@type":"ReadAction","target":["https:\/\/www.swissraft.ch\/it\/prodotto\/canoa-funyak-sulla-reuss-bremgarten-gebenstorf-a-partire-da-chf-109-00\/"]}]},{"@type":"ImageObject","inLanguage":"it-IT","@id":"https:\/\/www.swissraft.ch\/it\/prodotto\/canoa-funyak-sulla-reuss-bremgarten-gebenstorf-a-partire-da-chf-109-00\/#primaryimage","url":"https:\/\/www.swissraft.ch\/wp-content\/uploads\/2023\/02\/1-2-Kanufahrt-Bermgarten.Gebenstorf-776x776-1.jpg","contentUrl":"https:\/\/www.swissraft.ch\/wp-content\/uploads\/2023\/02\/1-2-Kanufahrt-Bermgarten.Gebenstorf-776x776-1.jpg","width":776,"height":776,"caption":"Canoa Funyak Bremgarten-Gebenstorf sul fiume Reuss"},{"@type":"BreadcrumbList","@id":"https:\/\/www.swissraft.ch\/it\/prodotto\/canoa-funyak-sulla-reuss-bremgarten-gebenstorf-a-partire-da-chf-109-00\/#breadcrumb","itemListElement":[{"@type":"ListItem","position":1,"name":"Accueil","item":"https:\/\/www.swissraft.ch\/it\/"},{"@type":"ListItem","position":2,"name":"Negozio","item":"https:\/\/www.swissraft.ch\/it\/negozio\/"},{"@type":"ListItem","position":3,"name":"Canoa o Funyak &#8211; Reuss &#8211; Bremgarten-Gebenstorf &#8211; Da CHF 119.00"}]},{"@type":"WebSite","@id":"https:\/\/www.swissraft.ch\/it\/#website","url":"https:\/\/www.swissraft.ch\/it\/","name":"Swissraft","description":"To enjoy nature as it is","publisher":{"@id":"https:\/\/www.swissraft.ch\/it\/#organization"},"potentialAction":[{"@type":"SearchAction","target":{"@type":"EntryPoint","urlTemplate":"https:\/\/www.swissraft.ch\/it\/?s={search_term_string}"},"query-input":{"@type":"PropertyValueSpecification","valueRequired":true,"valueName":"search_term_string"}}],"inLanguage":"it-IT"},{"@type":"Organization","@id":"https:\/\/www.swissraft.ch\/it\/#organization","name":"Swissraft","url":"https:\/\/www.swissraft.ch\/it\/","logo":{"@type":"ImageObject","inLanguage":"it-IT","@id":"https:\/\/www.swissraft.ch\/it\/#\/schema\/logo\/image\/","url":"https:\/\/www.swissraft.ch\/wp-content\/uploads\/2025\/09\/Capture.jpg","contentUrl":"https:\/\/www.swissraft.ch\/wp-content\/uploads\/2025\/09\/Capture.jpg","width":293,"height":108,"caption":"Swissraft"},"image":{"@id":"https:\/\/www.swissraft.ch\/it\/#\/schema\/logo\/image\/"}}]}},"_links":{"self":[{"href":"https:\/\/www.swissraft.ch\/it\/wp-json\/wp\/v2\/product\/92626","targetHints":{"allow":["GET"]}}],"collection":[{"href":"https:\/\/www.swissraft.ch\/it\/wp-json\/wp\/v2\/product"}],"about":[{"href":"https:\/\/www.swissraft.ch\/it\/wp-json\/wp\/v2\/types\/product"}],"replies":[{"embeddable":true,"href":"https:\/\/www.swissraft.ch\/it\/wp-json\/wp\/v2\/comments?post=92626"}],"version-history":[{"count":63,"href":"https:\/\/www.swissraft.ch\/it\/wp-json\/wp\/v2\/product\/92626\/revisions"}],"predecessor-version":[{"id":139718,"href":"https:\/\/www.swissraft.ch\/it\/wp-json\/wp\/v2\/product\/92626\/revisions\/139718"}],"wp:featuredmedia":[{"embeddable":true,"href":"https:\/\/www.swissraft.ch\/it\/wp-json\/wp\/v2\/media\/90431"}],"wp:attachment":[{"href":"https:\/\/www.swissraft.ch\/it\/wp-json\/wp\/v2\/media?parent=92626"}],"wp:term":[{"taxonomy":"product_cat","embeddable":true,"href":"https:\/\/www.swissraft.ch\/it\/wp-json\/wp\/v2\/product_cat?post=92626"},{"taxonomy":"product_tag","embeddable":true,"href":"https:\/\/www.swissraft.ch\/it\/wp-json\/wp\/v2\/product_tag?post=92626"}],"curies":[{"name":"wp","href":"https:\/\/api.w.org\/{rel}","templated":true}]}}