{"id":92594,"date":"2023-02-23T23:07:10","date_gmt":"2023-02-23T22:07:10","guid":{"rendered":"https:\/\/swissraft.xyanzkdne.eu\/product\/rafting-facile-sullaare-thoune-berne-chf-990-00\/"},"modified":"2026-04-11T19:18:48","modified_gmt":"2026-04-11T17:18:48","slug":"easy-rafting-aare-thun-berna","status":"publish","type":"product","link":"https:\/\/www.swissraft.ch\/it\/prodotto\/easy-rafting-aare-thun-berna\/","title":{"rendered":"Easy rafting o Fun rafting &#8211; Aare &#8211; Thun-Berna &#8211; CHF 990.00"},"content":{"rendered":"\t\t<div data-elementor-type=\"wp-post\" data-elementor-id=\"92594\" class=\"elementor elementor-92594 elementor-31227\">\n\t\t\t\t\t\t\t\t\t<section class=\"elementor-section elementor-top-section elementor-element elementor-element-3303a7e3 elementor-section-boxed elementor-section-height-default elementor-section-height-default\" data-id=\"3303a7e3\" data-element_type=\"section\">\n\t\t\t\t\t\t<div class=\"elementor-container elementor-column-gap-default\">\n\t\t\t\t\t<div class=\"elementor-column elementor-col-100 elementor-top-column elementor-element elementor-element-16d72dbf\" data-id=\"16d72dbf\" data-element_type=\"column\">\n\t\t\t<div class=\"elementor-widget-wrap elementor-element-populated\">\n\t\t\t\t\t\t\t\t<div class=\"elementor-element elementor-element-d743c03 elementor-widget elementor-widget-text-editor\" data-id=\"d743c03\" data-element_type=\"widget\" data-widget_type=\"text-editor.default\">\n\t\t\t\t<div class=\"elementor-widget-container\">\n\t\t\t\t\t\t\t<h2>SCEGLI LA TUA ATTIVIT\u00c0 QUI SOTTO PER OFFRIRE BUONI REGALO\/BIGLIETTI O EFFETTUARE UNA PRENOTAZIONE<\/h2><table border=\"0\" width=\"580\" cellspacing=\"10\" cellpadding=\"10\"><tbody><tr><td width=\"50%\"><strong>1) EASY RAFTING SULL&#8217;AARE (raft 1-7 pers.)<\/strong><\/td><td><strong>CHF 490.00 per raft<span class=\"productPrice\"><br \/><\/span><\/strong><\/td><\/tr><tr><td>Informazioni aggiuntive<\/td><td>&#8211; Rafting privato<br \/>&#8211; Et\u00e0 minima : 5 anni<\/td><\/tr><tr><td>Percorso<\/td><td><strong>Schw\u00e4bis\/Thoune-Berna<\/strong><\/td><\/tr><tr><td>Orario<\/td><td>su richiesta<\/td><\/tr><tr><td>Easy rafting o Fun rafting<\/td><td>circa 2,5 ore<\/td><\/tr><tr><td>Durata totale<\/td><td>circa 4 ore<\/td><\/tr><tr><td>Appuntamento<\/td><td><a href=\"https:\/\/www.google.com\/maps\/place\/Pont+Regie\/@46.7619035,7.61391,773m\/data=!3m1!1e3!4m6!3m5!1s0x478fb3e35ffe1607:0xa025e8f425edc2a9!8m2!3d46.7618578!4d7.6187014!16s%2Fg%2F11q8rw5h0w?entry=ttu\" target=\"_blank\" rel=\"noopener\">Ponte Regiebr\u00fccke a Schw\u00e4bis<\/a><\/td><\/tr><tr><td>Difficolt\u00e0<\/td><td>1<\/td><\/tr><tr><td><button class=\"elementor-button\" type=\"button\"><a href=\"https:\/\/swissraft.outdoorbooking.ch\/fo\/products\/2158?base_id=89&amp;category_id=10&amp;order_type=gift_voucher&amp;lang=it\" target=\"_blank\" rel=\"noopener\">ACQUISTO BUONO REGALO \/ BIGLIETTO<\/a><\/button><\/td><td style=\"text-align: left;\"><a href=\"https:\/\/swissraft.outdoorbooking.ch\/fo\/products\/2158?base_id=89&amp;category_id=5&amp;order_type=event&amp;lang=it\" target=\"_blank\" rel=\"noopener\">PRENOTA UNA DATA<\/a><\/td><\/tr><\/tbody><\/table><table border=\"0\" width=\"580\" cellspacing=\"10\" cellpadding=\"10\"><tbody><tr><td width=\"50%\"><strong><strong>2) EASY RAFTING &#8211; AARE (raft 8-16 pers.)<\/strong><\/strong><\/td><td><strong>CHF 990.00 per raft<span class=\"productPrice\"><br \/><\/span><\/strong><\/td><\/tr><tr><td>Informazioni aggiuntive<\/td><td>&#8211; Rafting privato<br \/>&#8211; Et\u00e0 minima : 5 anni<br \/>&#8211; Nessuno sconto aggiuntivo sulle tariffe per giovani e scuole<br \/>&#8211; Prezzo scuole : <a href=\"\/it\/prodotto\/gita-scolastica-aare-easy-rafting-thoune-berna\/\" target=\"_blank\" rel=\"noopener\"><span class=\"patt\"><span class=\"plbl\">Clicca qui<\/span><\/span><\/a><\/td><\/tr><tr><td>Percorso<\/td><td><strong>Schw\u00e4bis\/Thoune-Berna<\/strong><\/td><\/tr><tr><td>Orario<\/td><td>su richiesta<\/td><\/tr><tr><td>Easy rafting o Fun rafting<\/td><td>circa 2,5 ore<\/td><\/tr><tr><td>Durata totale<\/td><td>circa 4 ore<\/td><\/tr><tr><td>Appuntamento<\/td><td><a href=\"https:\/\/www.google.com\/maps\/place\/Pont+Regie\/@46.7619035,7.61391,773m\/data=!3m1!1e3!4m6!3m5!1s0x478fb3e35ffe1607:0xa025e8f425edc2a9!8m2!3d46.7618578!4d7.6187014!16s%2Fg%2F11q8rw5h0w?entry=ttu\" target=\"_blank\" rel=\"noopener\">Ponte Regiebr\u00fccke a Schw\u00e4bis<\/a><\/td><\/tr><tr><td>Difficolt\u00e0<\/td><td>1<\/td><\/tr><tr><td><button class=\"elementor-button\" type=\"button\"><a href=\"https:\/\/swissraft.outdoorbooking.ch\/fo\/products\/2157?base_id=89&amp;category_id=10&amp;order_type=gift_voucher&amp;lang=it\" target=\"_blank\" rel=\"noopener\">ACQUISTO BUONO REGALO \/ BIGLIETTO<\/a><\/button><\/td><td style=\"text-align: left;\"><a href=\"https:\/\/www.swissraft.ch\/it\/prodotto\/gita-scolastica-easy-rafting-interlaken-lutschine-lutschental-bonigen\/\" target=\"_blank\" rel=\"noopener\">PRENOTA UNA DATA<\/a><\/td><\/tr><\/tbody><\/table>\t\t\t\t\t\t<\/div>\n\t\t\t\t<\/div>\n\t\t\t\t\t<\/div>\n\t\t<\/div>\n\t\t\t\t\t\t\t<\/div>\n\t\t<\/section>\n\t\t\t\t\t\t\t<\/div>\n\t\t","protected":false},"excerpt":{"rendered":"<div align=\"justify\">\n<h2 align=\"justify\"><strong>Easy rafting<\/strong> sull&#8217;Aare; un programma di riposo e relax<\/h2>\n<h3>Un Easy rafting sull&#8217;Aare tra Thun e Berna, un paesaggio idilliaco ti accompagna per tutto il percorso.<\/h3>\n<\/div>\n<div align=\"justify\">\n<p><strong>Easy rafting<\/strong> sull&#8217;Aare a Thun, nell&#8217;Oberland Bernese! Da Thun a Berna, il fiume serpeggiante ti porta a valle con grandi gommoni. Ogni anno, durante l&#8217;estate, un gran numero di imbarcazioni discende l&#8217;Aare per la gioia di tutti. Che tu sia in famiglia, con gli amici o con i colleghi di lavoro, amerai questa gita di mezza giornata sull&#8217;Aare. Il viaggio lungo il fiume \u00e8 piacevole sia al mattino che nel tardo pomeriggio.<\/p>\n<h3>Sono disponibili pi\u00f9 di una dozzina di percorsi di Fun rafting e Easy rafting.<\/h3>\n<p id=\"textarea\" style=\"display: none;\">Swissraft offre anche cinque diversi percorsi <strong>di Easy rafting<\/strong> sulla Reuss, uno pi\u00f9 bello dell&#8217;altro: Bremgarten &#8211; Mellingen, Mellingen &#8211; Gebenstorf, Bremgarten &#8211; Gebenstorf e Bremgarten &#8211; Gnadental. \u00c8 possibile anche praticare <strong>il Easy rafting<\/strong> sulla Reuss da Gisikon a Ottenbach, nei cantoni di Lucerna e Zurigo. \u00e8 anche un <strong>Fun rafting<\/strong> sulla Sarina tra Gstaad e Rougemont e un Easy rafting sul Rodano. Fun rafting sulla L\u00fctschine tra Wilderswil e B\u00f6nigen nell&#8217;Oberland Bernese. Inoltre, <strong>\u00e8 Easy rafting<\/strong> sul Ticino tra Cresciano e Bellinzona e sull&#8217;Inn nei Grigioni.<br \/>\nSwissraft, sempre alla ricerca di nuove avventure, ti invita a scoprire un&#8217;ampia gamma di <strong><a href=\"https:\/\/www.swissraft.ch\/it\/categoria-prodotto\/centri-nautici-in-svizzera-e-dintorni\/rafting-in-svizzera-e-dintorni\/\" target=\"_blank\" rel=\"noopener\">riverrafting<\/a><\/strong> sui fiumi della Svizzera e della vicina Francia.\n<\/p>\n<p><a id=\"seeMore\" onclick=\"toggleSeeMore()\" href=\"javascript:void(0);\">Leggi tutto<\/a><\/p>\n","protected":false},"featured_media":84935,"comment_status":"open","ping_status":"closed","template":"","meta":{"inline_featured_image":false,"_mi_skip_tracking":false},"product_cat":[483,516],"product_tag":[],"class_list":["post-92594","product","type-product","status-publish","has-post-thumbnail","hentry","product_cat-rafting-facile","product_cat-easy-rafting-nell-oberland-bernese"],"yoast_head":"<!-- This site is optimized with the Yoast SEO plugin v23.6 - https:\/\/yoast.com\/wordpress\/plugins\/seo\/ -->\n<title>Easy rafting sull&#039;Aare o Rafting divertente tra Thun e Berna<\/title>\n<meta name=\"description\" content=\"Easy rafting sull&#039;Aare da Thun a Berna. Le acque smeraldine e temperate dell&#039;Aare ti invitano a fare una gita in barca lungo il fiume.\" \/>\n<meta name=\"robots\" content=\"index, follow, max-snippet:-1, max-image-preview:large, max-video-preview:-1\" \/>\n<link rel=\"canonical\" href=\"https:\/\/www.swissraft.ch\/it\/prodotto\/easy-rafting-aare-thun-berna\/\" \/>\n<meta property=\"og:locale\" content=\"it_IT\" \/>\n<meta property=\"og:type\" content=\"article\" \/>\n<meta property=\"og:title\" content=\"Easy rafting sull&#039;Aare o Rafting divertente tra Thun e Berna\" \/>\n<meta property=\"og:description\" content=\"Easy rafting sull&#039;Aare da Thun a Berna. Le acque smeraldine e temperate dell&#039;Aare ti invitano a fare una gita in barca lungo il fiume.\" \/>\n<meta property=\"og:url\" content=\"https:\/\/www.swissraft.ch\/it\/prodotto\/easy-rafting-aare-thun-berna\/\" \/>\n<meta property=\"og:site_name\" content=\"Swissraft\" \/>\n<meta property=\"article:modified_time\" content=\"2026-04-11T17:18:48+00:00\" \/>\n<meta property=\"og:image\" content=\"https:\/\/www.swissraft.ch\/wp-content\/uploads\/2023\/02\/1-1-AARE-776X776.jpg\" \/>\n\t<meta property=\"og:image:width\" content=\"776\" \/>\n\t<meta property=\"og:image:height\" content=\"776\" \/>\n\t<meta property=\"og:image:type\" content=\"image\/jpeg\" \/>\n<meta name=\"twitter:card\" content=\"summary_large_image\" \/>\n<meta name=\"twitter:label1\" content=\"Tempo di lettura stimato\" \/>\n\t<meta name=\"twitter:data1\" content=\"1 minuto\" \/>\n<script type=\"application\/ld+json\" class=\"yoast-schema-graph\">{\"@context\":\"https:\/\/schema.org\",\"@graph\":[{\"@type\":\"WebPage\",\"@id\":\"https:\/\/www.swissraft.ch\/it\/prodotto\/easy-rafting-aare-thun-berna\/\",\"url\":\"https:\/\/www.swissraft.ch\/it\/prodotto\/easy-rafting-aare-thun-berna\/\",\"name\":\"Easy rafting sull'Aare o Rafting divertente tra Thun e Berna\",\"isPartOf\":{\"@id\":\"https:\/\/www.swissraft.ch\/it\/#website\"},\"primaryImageOfPage\":{\"@id\":\"https:\/\/www.swissraft.ch\/it\/prodotto\/easy-rafting-aare-thun-berna\/#primaryimage\"},\"image\":{\"@id\":\"https:\/\/www.swissraft.ch\/it\/prodotto\/easy-rafting-aare-thun-berna\/#primaryimage\"},\"thumbnailUrl\":\"https:\/\/www.swissraft.ch\/wp-content\/uploads\/2023\/02\/1-1-AARE-776X776.jpg\",\"datePublished\":\"2023-02-23T22:07:10+00:00\",\"dateModified\":\"2026-04-11T17:18:48+00:00\",\"description\":\"Easy rafting sull'Aare da Thun a Berna. Le acque smeraldine e temperate dell'Aare ti invitano a fare una gita in barca lungo il fiume.\",\"breadcrumb\":{\"@id\":\"https:\/\/www.swissraft.ch\/it\/prodotto\/easy-rafting-aare-thun-berna\/#breadcrumb\"},\"inLanguage\":\"it-IT\",\"potentialAction\":[{\"@type\":\"ReadAction\",\"target\":[\"https:\/\/www.swissraft.ch\/it\/prodotto\/easy-rafting-aare-thun-berna\/\"]}]},{\"@type\":\"ImageObject\",\"inLanguage\":\"it-IT\",\"@id\":\"https:\/\/www.swissraft.ch\/it\/prodotto\/easy-rafting-aare-thun-berna\/#primaryimage\",\"url\":\"https:\/\/www.swissraft.ch\/wp-content\/uploads\/2023\/02\/1-1-AARE-776X776.jpg\",\"contentUrl\":\"https:\/\/www.swissraft.ch\/wp-content\/uploads\/2023\/02\/1-1-AARE-776X776.jpg\",\"width\":776,\"height\":776,\"caption\":\"Rafting facile sull'Aare da Thun a Berna\"},{\"@type\":\"BreadcrumbList\",\"@id\":\"https:\/\/www.swissraft.ch\/it\/prodotto\/easy-rafting-aare-thun-berna\/#breadcrumb\",\"itemListElement\":[{\"@type\":\"ListItem\",\"position\":1,\"name\":\"Accueil\",\"item\":\"https:\/\/www.swissraft.ch\/it\/\"},{\"@type\":\"ListItem\",\"position\":2,\"name\":\"Negozio\",\"item\":\"https:\/\/www.swissraft.ch\/it\/negozio\/\"},{\"@type\":\"ListItem\",\"position\":3,\"name\":\"Easy rafting o Fun rafting &#8211; Aare &#8211; Thun-Berna &#8211; CHF 990.00\"}]},{\"@type\":\"WebSite\",\"@id\":\"https:\/\/www.swissraft.ch\/it\/#website\",\"url\":\"https:\/\/www.swissraft.ch\/it\/\",\"name\":\"Swissraft\",\"description\":\"To enjoy nature as it is\",\"publisher\":{\"@id\":\"https:\/\/www.swissraft.ch\/it\/#organization\"},\"potentialAction\":[{\"@type\":\"SearchAction\",\"target\":{\"@type\":\"EntryPoint\",\"urlTemplate\":\"https:\/\/www.swissraft.ch\/it\/?s={search_term_string}\"},\"query-input\":{\"@type\":\"PropertyValueSpecification\",\"valueRequired\":true,\"valueName\":\"search_term_string\"}}],\"inLanguage\":\"it-IT\"},{\"@type\":\"Organization\",\"@id\":\"https:\/\/www.swissraft.ch\/it\/#organization\",\"name\":\"Swissraft\",\"url\":\"https:\/\/www.swissraft.ch\/it\/\",\"logo\":{\"@type\":\"ImageObject\",\"inLanguage\":\"it-IT\",\"@id\":\"https:\/\/www.swissraft.ch\/it\/#\/schema\/logo\/image\/\",\"url\":\"https:\/\/www.swissraft.ch\/wp-content\/uploads\/2025\/09\/Capture.jpg\",\"contentUrl\":\"https:\/\/www.swissraft.ch\/wp-content\/uploads\/2025\/09\/Capture.jpg\",\"width\":293,\"height\":108,\"caption\":\"Swissraft\"},\"image\":{\"@id\":\"https:\/\/www.swissraft.ch\/it\/#\/schema\/logo\/image\/\"}}]}<\/script>\n<!-- \/ Yoast SEO plugin. -->","yoast_head_json":{"title":"Easy rafting sull'Aare o Rafting divertente tra Thun e Berna","description":"Easy rafting sull'Aare da Thun a Berna. Le acque smeraldine e temperate dell'Aare ti invitano a fare una gita in barca lungo il fiume.","robots":{"index":"index","follow":"follow","max-snippet":"max-snippet:-1","max-image-preview":"max-image-preview:large","max-video-preview":"max-video-preview:-1"},"canonical":"https:\/\/www.swissraft.ch\/it\/prodotto\/easy-rafting-aare-thun-berna\/","og_locale":"it_IT","og_type":"article","og_title":"Easy rafting sull'Aare o Rafting divertente tra Thun e Berna","og_description":"Easy rafting sull'Aare da Thun a Berna. Le acque smeraldine e temperate dell'Aare ti invitano a fare una gita in barca lungo il fiume.","og_url":"https:\/\/www.swissraft.ch\/it\/prodotto\/easy-rafting-aare-thun-berna\/","og_site_name":"Swissraft","article_modified_time":"2026-04-11T17:18:48+00:00","og_image":[{"width":776,"height":776,"url":"https:\/\/www.swissraft.ch\/wp-content\/uploads\/2023\/02\/1-1-AARE-776X776.jpg","type":"image\/jpeg"}],"twitter_card":"summary_large_image","twitter_misc":{"Tempo di lettura stimato":"1 minuto"},"schema":{"@context":"https:\/\/schema.org","@graph":[{"@type":"WebPage","@id":"https:\/\/www.swissraft.ch\/it\/prodotto\/easy-rafting-aare-thun-berna\/","url":"https:\/\/www.swissraft.ch\/it\/prodotto\/easy-rafting-aare-thun-berna\/","name":"Easy rafting sull'Aare o Rafting divertente tra Thun e Berna","isPartOf":{"@id":"https:\/\/www.swissraft.ch\/it\/#website"},"primaryImageOfPage":{"@id":"https:\/\/www.swissraft.ch\/it\/prodotto\/easy-rafting-aare-thun-berna\/#primaryimage"},"image":{"@id":"https:\/\/www.swissraft.ch\/it\/prodotto\/easy-rafting-aare-thun-berna\/#primaryimage"},"thumbnailUrl":"https:\/\/www.swissraft.ch\/wp-content\/uploads\/2023\/02\/1-1-AARE-776X776.jpg","datePublished":"2023-02-23T22:07:10+00:00","dateModified":"2026-04-11T17:18:48+00:00","description":"Easy rafting sull'Aare da Thun a Berna. Le acque smeraldine e temperate dell'Aare ti invitano a fare una gita in barca lungo il fiume.","breadcrumb":{"@id":"https:\/\/www.swissraft.ch\/it\/prodotto\/easy-rafting-aare-thun-berna\/#breadcrumb"},"inLanguage":"it-IT","potentialAction":[{"@type":"ReadAction","target":["https:\/\/www.swissraft.ch\/it\/prodotto\/easy-rafting-aare-thun-berna\/"]}]},{"@type":"ImageObject","inLanguage":"it-IT","@id":"https:\/\/www.swissraft.ch\/it\/prodotto\/easy-rafting-aare-thun-berna\/#primaryimage","url":"https:\/\/www.swissraft.ch\/wp-content\/uploads\/2023\/02\/1-1-AARE-776X776.jpg","contentUrl":"https:\/\/www.swissraft.ch\/wp-content\/uploads\/2023\/02\/1-1-AARE-776X776.jpg","width":776,"height":776,"caption":"Rafting facile sull'Aare da Thun a Berna"},{"@type":"BreadcrumbList","@id":"https:\/\/www.swissraft.ch\/it\/prodotto\/easy-rafting-aare-thun-berna\/#breadcrumb","itemListElement":[{"@type":"ListItem","position":1,"name":"Accueil","item":"https:\/\/www.swissraft.ch\/it\/"},{"@type":"ListItem","position":2,"name":"Negozio","item":"https:\/\/www.swissraft.ch\/it\/negozio\/"},{"@type":"ListItem","position":3,"name":"Easy rafting o Fun rafting &#8211; Aare &#8211; Thun-Berna &#8211; CHF 990.00"}]},{"@type":"WebSite","@id":"https:\/\/www.swissraft.ch\/it\/#website","url":"https:\/\/www.swissraft.ch\/it\/","name":"Swissraft","description":"To enjoy nature as it is","publisher":{"@id":"https:\/\/www.swissraft.ch\/it\/#organization"},"potentialAction":[{"@type":"SearchAction","target":{"@type":"EntryPoint","urlTemplate":"https:\/\/www.swissraft.ch\/it\/?s={search_term_string}"},"query-input":{"@type":"PropertyValueSpecification","valueRequired":true,"valueName":"search_term_string"}}],"inLanguage":"it-IT"},{"@type":"Organization","@id":"https:\/\/www.swissraft.ch\/it\/#organization","name":"Swissraft","url":"https:\/\/www.swissraft.ch\/it\/","logo":{"@type":"ImageObject","inLanguage":"it-IT","@id":"https:\/\/www.swissraft.ch\/it\/#\/schema\/logo\/image\/","url":"https:\/\/www.swissraft.ch\/wp-content\/uploads\/2025\/09\/Capture.jpg","contentUrl":"https:\/\/www.swissraft.ch\/wp-content\/uploads\/2025\/09\/Capture.jpg","width":293,"height":108,"caption":"Swissraft"},"image":{"@id":"https:\/\/www.swissraft.ch\/it\/#\/schema\/logo\/image\/"}}]}},"_links":{"self":[{"href":"https:\/\/www.swissraft.ch\/it\/wp-json\/wp\/v2\/product\/92594","targetHints":{"allow":["GET"]}}],"collection":[{"href":"https:\/\/www.swissraft.ch\/it\/wp-json\/wp\/v2\/product"}],"about":[{"href":"https:\/\/www.swissraft.ch\/it\/wp-json\/wp\/v2\/types\/product"}],"replies":[{"embeddable":true,"href":"https:\/\/www.swissraft.ch\/it\/wp-json\/wp\/v2\/comments?post=92594"}],"version-history":[{"count":40,"href":"https:\/\/www.swissraft.ch\/it\/wp-json\/wp\/v2\/product\/92594\/revisions"}],"predecessor-version":[{"id":139414,"href":"https:\/\/www.swissraft.ch\/it\/wp-json\/wp\/v2\/product\/92594\/revisions\/139414"}],"wp:featuredmedia":[{"embeddable":true,"href":"https:\/\/www.swissraft.ch\/it\/wp-json\/wp\/v2\/media\/84935"}],"wp:attachment":[{"href":"https:\/\/www.swissraft.ch\/it\/wp-json\/wp\/v2\/media?parent=92594"}],"wp:term":[{"taxonomy":"product_cat","embeddable":true,"href":"https:\/\/www.swissraft.ch\/it\/wp-json\/wp\/v2\/product_cat?post=92594"},{"taxonomy":"product_tag","embeddable":true,"href":"https:\/\/www.swissraft.ch\/it\/wp-json\/wp\/v2\/product_tag?post=92594"}],"curies":[{"name":"wp","href":"https:\/\/api.w.org\/{rel}","templated":true}]}}