{"id":92582,"date":"2023-02-22T23:38:17","date_gmt":"2023-02-22T22:38:17","guid":{"rendered":"https:\/\/swissraft.xyanzkdne.eu\/product\/canyoning-nella-valais-la-salanfe-da-chf-112-00\/"},"modified":"2026-04-10T22:17:46","modified_gmt":"2026-04-10T20:17:46","slug":"canyoning-vallese-salanfe","status":"publish","type":"product","link":"https:\/\/www.swissraft.ch\/it\/prodotto\/canyoning-vallese-salanfe\/","title":{"rendered":"Canyoning nel Vallese &#8211; La Salanfe &#8211; Da CHF 112.00"},"content":{"rendered":"\t\t<div data-elementor-type=\"wp-post\" data-elementor-id=\"92582\" class=\"elementor elementor-92582 elementor-31206\">\n\t\t\t\t\t\t\t\t\t<section class=\"elementor-section elementor-top-section elementor-element elementor-element-3303a7e3 elementor-section-boxed elementor-section-height-default elementor-section-height-default\" data-id=\"3303a7e3\" data-element_type=\"section\">\n\t\t\t\t\t\t<div class=\"elementor-container elementor-column-gap-default\">\n\t\t\t\t\t<div class=\"elementor-column elementor-col-100 elementor-top-column elementor-element elementor-element-16d72dbf\" data-id=\"16d72dbf\" data-element_type=\"column\">\n\t\t\t<div class=\"elementor-widget-wrap elementor-element-populated\">\n\t\t\t\t\t\t\t\t<div class=\"elementor-element elementor-element-d743c03 elementor-widget elementor-widget-text-editor\" data-id=\"d743c03\" data-element_type=\"widget\" data-widget_type=\"text-editor.default\">\n\t\t\t\t<div class=\"elementor-widget-container\">\n\t\t\t\t\t\t\t<h2>SCEGLI LA TUA ATTIVIT\u00c0 QUI SOTTO PER OFFRIRE BUONI REGALO\/BIGLIETTI O EFFETTUARE UNA PRENOTAZIONE<\/h2><table border=\"0\" width=\"580\" cellspacing=\"10\" cellpadding=\"10\"><tbody><tr><td width=\"50%\"><strong>CANYONING &#8211; SALANFE + spuntino<\/strong><\/td><td><strong>CHF 140.00 a persona<span class=\"productPrice\"><br \/><\/span><\/strong><\/td><\/tr><tr><td>Informazioni aggiuntive<\/td><td><span class=\"plbl\">&#8211; <\/span><span class=\"patt\">A partire da 10 pers. 10% : <strong>CHF 126.00<\/strong>\/pers.<br \/>&#8211; A partire da 21 pers. 20% : <strong>CHF 112.00<\/strong>\/pers.<strong><br \/><\/strong>&#8211; Et\u00e0 minima : 8 anni<br \/><\/span><span class=\"patt\">&#8211; Un canyon molto soleggiato<\/span><\/td><\/tr><tr><td>Orari<\/td><td>09h30 \/ 13h30<\/td><\/tr><tr><td>Canyoning<\/td><td>circa 2 ore<\/td><\/tr><tr><td>Durata totale<\/td><td>circa 3,5 ore<\/td><\/tr><tr><td>Appuntamento<\/td><td><span style=\"color: #ff6600;\"><a href=\"https:\/\/www.google.com\/maps\/place\/46%C2%B008'25.3%22N+7%C2%B000'51.0%22E\/@46.1403797,7.0115274,497m\/data=!3m1!1e3!4m4!3m3!8m2!3d46.1403611!4d7.0141667?entry=ttu\" target=\"_blank\" rel=\"noopener\">Auberge du Vallon de Van<\/a><\/span><\/td><\/tr><tr><td>Difficolt\u00e0<\/td><td>Livello 1-2<\/td><\/tr><tr><td><button class=\"elementor-button\" type=\"button\"><a href=\"https:\/\/swissraft.outdoorbooking.ch\/fo\/products\/1339?base_id=82&amp;category_id=2&amp;order_type=gift_voucher&amp;lang=it\" target=\"_blank\" rel=\"noopener\">ACQUISTO BUONO REGALO \/ BIGLIETTO<\/a><\/button><\/td><td><span style=\"color: #ff6600;\"><a href=\"https:\/\/swissraft.outdoorbooking.ch\/fo\/products\/1339?base_id=82&amp;category_id=2&amp;order_type=event&amp;lang=it\" target=\"_blank\" rel=\"noopener\">PRENOTA UNA DATA<\/a><\/span><\/td><\/tr><\/tbody><\/table>\t\t\t\t\t\t<\/div>\n\t\t\t\t<\/div>\n\t\t\t\t\t<\/div>\n\t\t<\/div>\n\t\t\t\t\t\t\t<\/div>\n\t\t<\/section>\n\t\t\t\t\t\t\t<\/div>\n\t\t","protected":false},"excerpt":{"rendered":"<div align=\"justify\">\n<h2 align=\"justify\">Canyoning a La Salanfe, nel cuore dell&#8217;Espace Mont Blanc<\/h2>\n<h3>Il canyon di Salanfe nella valle del Trient<\/h3>\n<\/div>\n<div align=\"justify\">\n<p>Il canyon di La Salanfe si trova nella valle del Trient, nel cuore dell&#8217;Espace Mont Blanc. La Salanfe \u00e8 un <strong>canyon<\/strong> divertente, ideale per una gita con gli amici, la famiglia o la compagnia. E per un addio al celibato o al nubilato, ti piacer\u00e0. Ci sono salti fantastici, scivoli magnifici e una superba zip line su una cascata. Dovrai ripetere alcuni tratti pi\u00f9 volte grazie a un sentiero che costeggia il percorso. Inoltre, La Salanfe \u00e8 adatta sia agli appassionati di <strong>canyoning<\/strong> che ai principianti.<\/p>\n<h3>Abbiamo molte alternative al canyon di Salanfe a Les Mar\u00e9cottes<\/h3>\n<p id=\"textarea\" style=\"display: none;\">\nSwissraft offre anche la possibilit\u00e0 di fare canyoning nel Pays d&#8217;Enhaut nella Torneresse verso il Col des Mosses. Anche il canyon della Tine de Montbovon in Gruy\u00e8re. Ma anche in Ticino, con un gran numero di <strong>canyon<\/strong>, uno pi\u00f9 bello dell&#8217;altro. Il Vallese ha anche molti canyon che aspettano di essere esplorati. Offriamo anche il canyoning nell&#8217;Oberland Bernese intorno a Interlaken. Inoltre, il cantone di San Gallo \u00e8 membro dell&#8217;associazione Gall con il <strong>canyon di<\/strong> Amden e la sua discesa in corda doppia di 40 metri sar\u00e0 una grande attrazione. Infine, le Gole di Viamala, con le loro pareti alte 150 metri vicino a Thusis, ti incanteranno sicuramente.\n<\/p>\n<p><a id=\"seeMore\" onclick=\"toggleSeeMore()\" href=\"javascript:void(0);\">Leggi tutto<\/a><\/p>\n","protected":false},"featured_media":85307,"comment_status":"open","ping_status":"closed","template":"","meta":{"inline_featured_image":false,"_mi_skip_tracking":false},"product_cat":[477,515],"product_tag":[],"class_list":["post-92582","product","type-product","status-publish","has-post-thumbnail","hentry","product_cat-canyoning-in-svizzera-e-dintorni","product_cat-canyoning-vallese-italia"],"yoast_head":"<!-- This site is optimized with the Yoast SEO plugin v23.6 - https:\/\/yoast.com\/wordpress\/plugins\/seo\/ -->\n<title>Canyoning Salanfe Vallese di Les Mar\u00e9cottes, valle del Trient<\/title>\n<meta name=\"description\" content=\"Canyoning Salanfe Vallese a Les Mar\u00e9cottes, nella valle del Trient. Il Salanfe \u00e8 un canyon divertente, ideale per una gita con la famiglia\" \/>\n<meta name=\"robots\" content=\"index, follow, max-snippet:-1, max-image-preview:large, max-video-preview:-1\" \/>\n<link rel=\"canonical\" href=\"https:\/\/www.swissraft.ch\/it\/prodotto\/canyoning-vallese-salanfe\/\" \/>\n<meta property=\"og:locale\" content=\"it_IT\" \/>\n<meta property=\"og:type\" content=\"article\" \/>\n<meta property=\"og:title\" content=\"Canyoning Salanfe Vallese di Les Mar\u00e9cottes, valle del Trient\" \/>\n<meta property=\"og:description\" content=\"Canyoning Salanfe Vallese a Les Mar\u00e9cottes, nella valle del Trient. Il Salanfe \u00e8 un canyon divertente, ideale per una gita con la famiglia\" \/>\n<meta property=\"og:url\" content=\"https:\/\/www.swissraft.ch\/it\/prodotto\/canyoning-vallese-salanfe\/\" \/>\n<meta property=\"og:site_name\" content=\"Swissraft\" \/>\n<meta property=\"article:modified_time\" content=\"2026-04-10T20:17:46+00:00\" \/>\n<meta property=\"og:image\" content=\"https:\/\/www.swissraft.ch\/wp-content\/uploads\/2023\/02\/1-Les-Marecottes-776x776-1.jpg\" \/>\n\t<meta property=\"og:image:width\" content=\"776\" \/>\n\t<meta property=\"og:image:height\" content=\"776\" \/>\n\t<meta property=\"og:image:type\" content=\"image\/jpeg\" \/>\n<meta name=\"twitter:card\" content=\"summary_large_image\" \/>\n<meta name=\"twitter:label1\" content=\"Tempo di lettura stimato\" \/>\n\t<meta name=\"twitter:data1\" content=\"1 minuto\" \/>\n<script type=\"application\/ld+json\" class=\"yoast-schema-graph\">{\"@context\":\"https:\/\/schema.org\",\"@graph\":[{\"@type\":\"WebPage\",\"@id\":\"https:\/\/www.swissraft.ch\/it\/prodotto\/canyoning-vallese-salanfe\/\",\"url\":\"https:\/\/www.swissraft.ch\/it\/prodotto\/canyoning-vallese-salanfe\/\",\"name\":\"Canyoning Salanfe Vallese di Les Mar\u00e9cottes, valle del Trient\",\"isPartOf\":{\"@id\":\"https:\/\/www.swissraft.ch\/it\/#website\"},\"primaryImageOfPage\":{\"@id\":\"https:\/\/www.swissraft.ch\/it\/prodotto\/canyoning-vallese-salanfe\/#primaryimage\"},\"image\":{\"@id\":\"https:\/\/www.swissraft.ch\/it\/prodotto\/canyoning-vallese-salanfe\/#primaryimage\"},\"thumbnailUrl\":\"https:\/\/www.swissraft.ch\/wp-content\/uploads\/2023\/02\/1-Les-Marecottes-776x776-1.jpg\",\"datePublished\":\"2023-02-22T22:38:17+00:00\",\"dateModified\":\"2026-04-10T20:17:46+00:00\",\"description\":\"Canyoning Salanfe Vallese a Les Mar\u00e9cottes, nella valle del Trient. Il Salanfe \u00e8 un canyon divertente, ideale per una gita con la famiglia\",\"breadcrumb\":{\"@id\":\"https:\/\/www.swissraft.ch\/it\/prodotto\/canyoning-vallese-salanfe\/#breadcrumb\"},\"inLanguage\":\"it-IT\",\"potentialAction\":[{\"@type\":\"ReadAction\",\"target\":[\"https:\/\/www.swissraft.ch\/it\/prodotto\/canyoning-vallese-salanfe\/\"]}]},{\"@type\":\"ImageObject\",\"inLanguage\":\"it-IT\",\"@id\":\"https:\/\/www.swissraft.ch\/it\/prodotto\/canyoning-vallese-salanfe\/#primaryimage\",\"url\":\"https:\/\/www.swissraft.ch\/wp-content\/uploads\/2023\/02\/1-Les-Marecottes-776x776-1.jpg\",\"contentUrl\":\"https:\/\/www.swissraft.ch\/wp-content\/uploads\/2023\/02\/1-Les-Marecottes-776x776-1.jpg\",\"width\":776,\"height\":776,\"caption\":\"Canyoning Salanfe Vallese\"},{\"@type\":\"BreadcrumbList\",\"@id\":\"https:\/\/www.swissraft.ch\/it\/prodotto\/canyoning-vallese-salanfe\/#breadcrumb\",\"itemListElement\":[{\"@type\":\"ListItem\",\"position\":1,\"name\":\"Accueil\",\"item\":\"https:\/\/www.swissraft.ch\/it\/\"},{\"@type\":\"ListItem\",\"position\":2,\"name\":\"Negozio\",\"item\":\"https:\/\/www.swissraft.ch\/it\/negozio\/\"},{\"@type\":\"ListItem\",\"position\":3,\"name\":\"Canyoning nel Vallese &#8211; La Salanfe &#8211; Da CHF 112.00\"}]},{\"@type\":\"WebSite\",\"@id\":\"https:\/\/www.swissraft.ch\/it\/#website\",\"url\":\"https:\/\/www.swissraft.ch\/it\/\",\"name\":\"Swissraft\",\"description\":\"To enjoy nature as it is\",\"publisher\":{\"@id\":\"https:\/\/www.swissraft.ch\/it\/#organization\"},\"potentialAction\":[{\"@type\":\"SearchAction\",\"target\":{\"@type\":\"EntryPoint\",\"urlTemplate\":\"https:\/\/www.swissraft.ch\/it\/?s={search_term_string}\"},\"query-input\":{\"@type\":\"PropertyValueSpecification\",\"valueRequired\":true,\"valueName\":\"search_term_string\"}}],\"inLanguage\":\"it-IT\"},{\"@type\":\"Organization\",\"@id\":\"https:\/\/www.swissraft.ch\/it\/#organization\",\"name\":\"Swissraft\",\"url\":\"https:\/\/www.swissraft.ch\/it\/\",\"logo\":{\"@type\":\"ImageObject\",\"inLanguage\":\"it-IT\",\"@id\":\"https:\/\/www.swissraft.ch\/it\/#\/schema\/logo\/image\/\",\"url\":\"https:\/\/www.swissraft.ch\/wp-content\/uploads\/2025\/09\/Capture.jpg\",\"contentUrl\":\"https:\/\/www.swissraft.ch\/wp-content\/uploads\/2025\/09\/Capture.jpg\",\"width\":293,\"height\":108,\"caption\":\"Swissraft\"},\"image\":{\"@id\":\"https:\/\/www.swissraft.ch\/it\/#\/schema\/logo\/image\/\"}}]}<\/script>\n<!-- \/ Yoast SEO plugin. -->","yoast_head_json":{"title":"Canyoning Salanfe Vallese di Les Mar\u00e9cottes, valle del Trient","description":"Canyoning Salanfe Vallese a Les Mar\u00e9cottes, nella valle del Trient. Il Salanfe \u00e8 un canyon divertente, ideale per una gita con la famiglia","robots":{"index":"index","follow":"follow","max-snippet":"max-snippet:-1","max-image-preview":"max-image-preview:large","max-video-preview":"max-video-preview:-1"},"canonical":"https:\/\/www.swissraft.ch\/it\/prodotto\/canyoning-vallese-salanfe\/","og_locale":"it_IT","og_type":"article","og_title":"Canyoning Salanfe Vallese di Les Mar\u00e9cottes, valle del Trient","og_description":"Canyoning Salanfe Vallese a Les Mar\u00e9cottes, nella valle del Trient. Il Salanfe \u00e8 un canyon divertente, ideale per una gita con la famiglia","og_url":"https:\/\/www.swissraft.ch\/it\/prodotto\/canyoning-vallese-salanfe\/","og_site_name":"Swissraft","article_modified_time":"2026-04-10T20:17:46+00:00","og_image":[{"width":776,"height":776,"url":"https:\/\/www.swissraft.ch\/wp-content\/uploads\/2023\/02\/1-Les-Marecottes-776x776-1.jpg","type":"image\/jpeg"}],"twitter_card":"summary_large_image","twitter_misc":{"Tempo di lettura stimato":"1 minuto"},"schema":{"@context":"https:\/\/schema.org","@graph":[{"@type":"WebPage","@id":"https:\/\/www.swissraft.ch\/it\/prodotto\/canyoning-vallese-salanfe\/","url":"https:\/\/www.swissraft.ch\/it\/prodotto\/canyoning-vallese-salanfe\/","name":"Canyoning Salanfe Vallese di Les Mar\u00e9cottes, valle del Trient","isPartOf":{"@id":"https:\/\/www.swissraft.ch\/it\/#website"},"primaryImageOfPage":{"@id":"https:\/\/www.swissraft.ch\/it\/prodotto\/canyoning-vallese-salanfe\/#primaryimage"},"image":{"@id":"https:\/\/www.swissraft.ch\/it\/prodotto\/canyoning-vallese-salanfe\/#primaryimage"},"thumbnailUrl":"https:\/\/www.swissraft.ch\/wp-content\/uploads\/2023\/02\/1-Les-Marecottes-776x776-1.jpg","datePublished":"2023-02-22T22:38:17+00:00","dateModified":"2026-04-10T20:17:46+00:00","description":"Canyoning Salanfe Vallese a Les Mar\u00e9cottes, nella valle del Trient. Il Salanfe \u00e8 un canyon divertente, ideale per una gita con la famiglia","breadcrumb":{"@id":"https:\/\/www.swissraft.ch\/it\/prodotto\/canyoning-vallese-salanfe\/#breadcrumb"},"inLanguage":"it-IT","potentialAction":[{"@type":"ReadAction","target":["https:\/\/www.swissraft.ch\/it\/prodotto\/canyoning-vallese-salanfe\/"]}]},{"@type":"ImageObject","inLanguage":"it-IT","@id":"https:\/\/www.swissraft.ch\/it\/prodotto\/canyoning-vallese-salanfe\/#primaryimage","url":"https:\/\/www.swissraft.ch\/wp-content\/uploads\/2023\/02\/1-Les-Marecottes-776x776-1.jpg","contentUrl":"https:\/\/www.swissraft.ch\/wp-content\/uploads\/2023\/02\/1-Les-Marecottes-776x776-1.jpg","width":776,"height":776,"caption":"Canyoning Salanfe Vallese"},{"@type":"BreadcrumbList","@id":"https:\/\/www.swissraft.ch\/it\/prodotto\/canyoning-vallese-salanfe\/#breadcrumb","itemListElement":[{"@type":"ListItem","position":1,"name":"Accueil","item":"https:\/\/www.swissraft.ch\/it\/"},{"@type":"ListItem","position":2,"name":"Negozio","item":"https:\/\/www.swissraft.ch\/it\/negozio\/"},{"@type":"ListItem","position":3,"name":"Canyoning nel Vallese &#8211; La Salanfe &#8211; Da CHF 112.00"}]},{"@type":"WebSite","@id":"https:\/\/www.swissraft.ch\/it\/#website","url":"https:\/\/www.swissraft.ch\/it\/","name":"Swissraft","description":"To enjoy nature as it is","publisher":{"@id":"https:\/\/www.swissraft.ch\/it\/#organization"},"potentialAction":[{"@type":"SearchAction","target":{"@type":"EntryPoint","urlTemplate":"https:\/\/www.swissraft.ch\/it\/?s={search_term_string}"},"query-input":{"@type":"PropertyValueSpecification","valueRequired":true,"valueName":"search_term_string"}}],"inLanguage":"it-IT"},{"@type":"Organization","@id":"https:\/\/www.swissraft.ch\/it\/#organization","name":"Swissraft","url":"https:\/\/www.swissraft.ch\/it\/","logo":{"@type":"ImageObject","inLanguage":"it-IT","@id":"https:\/\/www.swissraft.ch\/it\/#\/schema\/logo\/image\/","url":"https:\/\/www.swissraft.ch\/wp-content\/uploads\/2025\/09\/Capture.jpg","contentUrl":"https:\/\/www.swissraft.ch\/wp-content\/uploads\/2025\/09\/Capture.jpg","width":293,"height":108,"caption":"Swissraft"},"image":{"@id":"https:\/\/www.swissraft.ch\/it\/#\/schema\/logo\/image\/"}}]}},"_links":{"self":[{"href":"https:\/\/www.swissraft.ch\/it\/wp-json\/wp\/v2\/product\/92582","targetHints":{"allow":["GET"]}}],"collection":[{"href":"https:\/\/www.swissraft.ch\/it\/wp-json\/wp\/v2\/product"}],"about":[{"href":"https:\/\/www.swissraft.ch\/it\/wp-json\/wp\/v2\/types\/product"}],"replies":[{"embeddable":true,"href":"https:\/\/www.swissraft.ch\/it\/wp-json\/wp\/v2\/comments?post=92582"}],"version-history":[{"count":20,"href":"https:\/\/www.swissraft.ch\/it\/wp-json\/wp\/v2\/product\/92582\/revisions"}],"predecessor-version":[{"id":139063,"href":"https:\/\/www.swissraft.ch\/it\/wp-json\/wp\/v2\/product\/92582\/revisions\/139063"}],"wp:featuredmedia":[{"embeddable":true,"href":"https:\/\/www.swissraft.ch\/it\/wp-json\/wp\/v2\/media\/85307"}],"wp:attachment":[{"href":"https:\/\/www.swissraft.ch\/it\/wp-json\/wp\/v2\/media?parent=92582"}],"wp:term":[{"taxonomy":"product_cat","embeddable":true,"href":"https:\/\/www.swissraft.ch\/it\/wp-json\/wp\/v2\/product_cat?post=92582"},{"taxonomy":"product_tag","embeddable":true,"href":"https:\/\/www.swissraft.ch\/it\/wp-json\/wp\/v2\/product_tag?post=92582"}],"curies":[{"name":"wp","href":"https:\/\/api.w.org\/{rel}","templated":true}]}}