{"id":92559,"date":"2023-03-07T20:46:10","date_gmt":"2023-03-07T19:46:10","guid":{"rendered":"https:\/\/swissraft.xyanzkdne.eu\/product\/motoslitta-per-madesimo-splugen-college-e-lago-nero-chf-280-00\/"},"modified":"2025-11-21T21:59:11","modified_gmt":"2025-11-21T20:59:11","slug":"motoslitta-madesimo-passo-splugen-lago-nero","status":"publish","type":"product","link":"https:\/\/www.swissraft.ch\/it\/prodotto\/motoslitta-madesimo-passo-splugen-lago-nero\/","title":{"rendered":"Motoslitta a MADESIMO &#8211; PASSO DELLO SPLUGA E LAGO NERO &#8211; CHF 260.00"},"content":{"rendered":"\t\t<div data-elementor-type=\"wp-post\" data-elementor-id=\"92559\" class=\"elementor elementor-92559 elementor-31586\">\n\t\t\t\t\t\t\t\t\t<section class=\"elementor-section elementor-top-section elementor-element elementor-element-3303a7e3 elementor-section-boxed elementor-section-height-default elementor-section-height-default\" data-id=\"3303a7e3\" data-element_type=\"section\">\n\t\t\t\t\t\t<div class=\"elementor-container elementor-column-gap-default\">\n\t\t\t\t\t<div class=\"elementor-column elementor-col-100 elementor-top-column elementor-element elementor-element-16d72dbf\" data-id=\"16d72dbf\" data-element_type=\"column\">\n\t\t\t<div class=\"elementor-widget-wrap elementor-element-populated\">\n\t\t\t\t\t\t\t\t<div class=\"elementor-element elementor-element-d743c03 elementor-widget elementor-widget-text-editor\" data-id=\"d743c03\" data-element_type=\"widget\" data-widget_type=\"text-editor.default\">\n\t\t\t\t<div class=\"elementor-widget-container\">\n\t\t\t\t\t\t\t<h2>SCEGLI LA TUA ATTIVIT\u00c0 QUI SOTTO PER OFFRIRE BUONI REGALO \/ BIGLIETTI O EFFETTUARE UNA PRENOTAZIONE<\/h2>\n<table border=\"0\" width=\"580\" cellspacing=\"10\" cellpadding=\"10\">\n<tbody>\n<tr>\n<td width=\"50%\"><strong>SNOWMOBILE &#8211; MADESIMO &#8211; PASSO DELLO SPLUGA E LAGO NERO &#8211; (1 motoslitta \/ 1-2 pers.)<\/strong><\/td>\n<td><strong>CHF 260.00 fino a 2 pers.<span class=\"productPrice\"><br \/><\/span><\/strong><\/td>\n<\/tr>\n<tr>\n<td>Informazioni aggiuntive<\/td>\n<td><span class=\"plbl\">&#8211;  <strong>Si presenti 20 min. prima della partenza<\/strong><br \/>&#8211;  <\/span><span class=\"patt\">Il conducente deve avere 18 anni<br \/>&#8211; \u00c8 richiesta la patente di guida<br \/>&#8211; A partire dai 10 anni, accompagnati da un adulto<br \/>&#8211; I caschi devono essere indossati dai bambini fino all&#8217;et\u00e0 di 14 anni<\/span><\/td>\n<\/tr>\n<tr>\n<td>Luego d&#8217;incontro<\/td>\n<td><a href=\"https:\/\/www.google.com\/maps\/place\/46%C2%B026'50.3%22N+9%C2%B021'51.1%22E\/@46.4473968,9.3619629,389m\/data=!3m1!1e3!4m4!3m3!8m2!3d46.4473056!4d9.3641944?entry=ttu\" target=\"_blank\" rel=\"noopener\">Madesimo<\/a><\/td>\n<\/tr>\n<tr>\n<td>Orario<\/td>\n<td>11h45<\/td>\n<\/tr>\n<tr>\n<td>Motoslitta<\/td>\n<td>circa 2 ore<\/td>\n<\/tr>\n<tr>\n<td>Durata totale<\/td>\n<td>circa 2h30<\/td>\n<\/tr>\n<tr>\n<td><button class=\"elementor-button\" type=\"button\"><a href=\"https:\/\/swissraft.outdoorbooking.ch\/fo\/products\/1288?base_id=206&amp;category_id=32&amp;order_type=gift_voucher&amp;lang=it\" target=\"_blank\" rel=\"noopener\">ACQUISTO BUONO REGALO \/ BIGLIETTO<\/a><\/button><\/td>\n<td><a href=\"https:\/\/swissraft.outdoorbooking.ch:443\/fo\/products\/1288?base_id=206&amp;category_id=32order_type=event&amp;lang=it\" target=\"_blank\" rel=\"noopener\"><span style=\"color: #ff6600;\">PRENOTA UNA DATA<\/span><\/a><\/td>\n<\/tr>\n<\/tbody>\n<\/table>\n\t\t\t\t\t\t<\/div>\n\t\t\t\t<\/div>\n\t\t\t\t\t<\/div>\n\t\t<\/div>\n\t\t\t\t\t\t\t<\/div>\n\t\t<\/section>\n\t\t\t\t\t\t\t<\/div>\n\t\t","protected":false},"excerpt":{"rendered":"<div align=\"justify\">\n<h2 align=\"justify\">Il Passo dello Spluga e il lago Nero sono due percorsi diversi, per un totale di 2 ore di motoslitta.<\/h2>\n<h3>Questo \u00e8 uno dei tour pi\u00f9 popolari per la diversit\u00e0 dei suoi paesaggi alpini.<\/h3>\n<\/div>\n<div align=\"justify\">\n<p>Parti da Madesimo per esplorare il Passo dello Spluga e il lago Nero in motoslitta, una combinazione ideale per gli amanti del brivido. Accompagnato dalle nostre guide esperte, potrai godere appieno di questa emozionante esperienza di guida sulla neve. Ti aspettano due circuiti distinti, ognuno dei quali offre la sua parte di divertimento e avventura.<br \/>\nPer prima cosa, immergiti nell&#8217;emozione del passo dello Spluga. Scendi lungo i pendii innevati ammirando lo spettacolare scenario che ti circonda. Le curve strette e le salite ripide garantiscono una scarica di adrenalina indimenticabile.<br \/>\nPoi esplora i pittoreschi dintorni del lago Nero. Passeggia lungo i sentieri innevati che si snodano intorno al lago ghiacciato, immergendoti nella tranquillit\u00e0 e nella bellezza della campagna circostante.<br \/>\nLe nostre guide esperte ti aiuteranno a scoprire tutti i segreti di questi emozionanti tour. I loro consigli e la loro esperienza ti aiuteranno a sfruttare al meglio ogni momento, in tutta sicurezza.<br \/>\nChe tu sia un amante del brivido o semplicemente in cerca di avventura, il Passo Spl\u00fcgen e il Lago Nero offrono esperienze indimenticabili in motoslitta. Allora sali a bordo con noi e vivi momenti intensi nel cuore delle Alpi.<\/p>\n<h3>Swissraft offre altri tour in motoslitta con partenza da Madesimo, nella vicina Italia.<\/h3>\n<p id=\"textarea\" style=\"display: none;\">\nVale la pena percorrere anche i circuiti di Montespluga e Cava. Offriamo anche il circuito del Passo dello Spl\u00fcgen e il circuito del Grand Tour. A Engelberg, nel cantone di Obvaldo, abbiamo un circuito di 3 km con motoslitte e Moonbike a propulsione elettrica. E per chi vuole scoprire una macchina rivoluzionaria adatta anche ai disabili, c&#8217;\u00e8 lo Ziesel a Hoch-Ybrig.\n<\/p>\n<p><a id=\"seeMore\" onclick=\"toggleSeeMore()\" href=\"javascript:void(0);\">Leggi tutto<\/a><\/p>\n","protected":false},"featured_media":90173,"comment_status":"open","ping_status":"closed","template":"","meta":{"inline_featured_image":false,"_mi_skip_tracking":false},"product_cat":[507,508],"product_tag":[],"class_list":["post-92559","product","type-product","status-publish","has-post-thumbnail","hentry","product_cat-motoslitta","product_cat-motoslitta-madesimo"],"yoast_head":"<!-- This site is optimized with the Yoast SEO plugin v23.6 - https:\/\/yoast.com\/wordpress\/plugins\/seo\/ -->\n<title>Motoslitta - Spluga - Lago Nero. Splendido tour di circa 2 ore<\/title>\n<meta name=\"description\" content=\"Motoslitta - Spluga - Lago Nero. Uno splendido tour di 2 ore in motoslitta. \u00c8 possibile far salire 2 persone su una motoslitta; il prezzo rimane invariato.\" \/>\n<meta name=\"robots\" content=\"index, follow, max-snippet:-1, max-image-preview:large, max-video-preview:-1\" \/>\n<link rel=\"canonical\" href=\"https:\/\/www.swissraft.ch\/it\/prodotto\/motoslitta-madesimo-passo-splugen-lago-nero\/\" \/>\n<meta property=\"og:locale\" content=\"it_IT\" \/>\n<meta property=\"og:type\" content=\"article\" \/>\n<meta property=\"og:title\" content=\"Motoslitta - Spluga - Lago Nero. Splendido tour di circa 2 ore\" \/>\n<meta property=\"og:description\" content=\"Motoslitta - Spluga - Lago Nero. Uno splendido tour di 2 ore in motoslitta. \u00c8 possibile far salire 2 persone su una motoslitta; il prezzo rimane invariato.\" \/>\n<meta property=\"og:url\" content=\"https:\/\/www.swissraft.ch\/it\/prodotto\/motoslitta-madesimo-passo-splugen-lago-nero\/\" \/>\n<meta property=\"og:site_name\" content=\"Swissraft\" \/>\n<meta property=\"article:modified_time\" content=\"2025-11-21T20:59:11+00:00\" \/>\n<meta property=\"og:image\" content=\"https:\/\/www.swissraft.ch\/wp-content\/uploads\/2023\/03\/1-1-Col-du-Splugen-et-le-lac-Noir-776x776-1.png\" \/>\n\t<meta property=\"og:image:width\" content=\"776\" \/>\n\t<meta property=\"og:image:height\" content=\"776\" \/>\n\t<meta property=\"og:image:type\" content=\"image\/png\" \/>\n<meta name=\"twitter:card\" content=\"summary_large_image\" \/>\n<meta name=\"twitter:label1\" content=\"Tempo di lettura stimato\" \/>\n\t<meta name=\"twitter:data1\" content=\"1 minuto\" \/>\n<script type=\"application\/ld+json\" class=\"yoast-schema-graph\">{\"@context\":\"https:\/\/schema.org\",\"@graph\":[{\"@type\":\"WebPage\",\"@id\":\"https:\/\/www.swissraft.ch\/it\/prodotto\/motoslitta-madesimo-passo-splugen-lago-nero\/\",\"url\":\"https:\/\/www.swissraft.ch\/it\/prodotto\/motoslitta-madesimo-passo-splugen-lago-nero\/\",\"name\":\"Motoslitta - Spluga - Lago Nero. Splendido tour di circa 2 ore\",\"isPartOf\":{\"@id\":\"https:\/\/www.swissraft.ch\/it\/#website\"},\"primaryImageOfPage\":{\"@id\":\"https:\/\/www.swissraft.ch\/it\/prodotto\/motoslitta-madesimo-passo-splugen-lago-nero\/#primaryimage\"},\"image\":{\"@id\":\"https:\/\/www.swissraft.ch\/it\/prodotto\/motoslitta-madesimo-passo-splugen-lago-nero\/#primaryimage\"},\"thumbnailUrl\":\"https:\/\/www.swissraft.ch\/wp-content\/uploads\/2023\/03\/1-1-Col-du-Splugen-et-le-lac-Noir-776x776-1.png\",\"datePublished\":\"2023-03-07T19:46:10+00:00\",\"dateModified\":\"2025-11-21T20:59:11+00:00\",\"description\":\"Motoslitta - Spluga - Lago Nero. Uno splendido tour di 2 ore in motoslitta. \u00c8 possibile far salire 2 persone su una motoslitta; il prezzo rimane invariato.\",\"breadcrumb\":{\"@id\":\"https:\/\/www.swissraft.ch\/it\/prodotto\/motoslitta-madesimo-passo-splugen-lago-nero\/#breadcrumb\"},\"inLanguage\":\"it-IT\",\"potentialAction\":[{\"@type\":\"ReadAction\",\"target\":[\"https:\/\/www.swissraft.ch\/it\/prodotto\/motoslitta-madesimo-passo-splugen-lago-nero\/\"]}]},{\"@type\":\"ImageObject\",\"inLanguage\":\"it-IT\",\"@id\":\"https:\/\/www.swissraft.ch\/it\/prodotto\/motoslitta-madesimo-passo-splugen-lago-nero\/#primaryimage\",\"url\":\"https:\/\/www.swissraft.ch\/wp-content\/uploads\/2023\/03\/1-1-Col-du-Splugen-et-le-lac-Noir-776x776-1.png\",\"contentUrl\":\"https:\/\/www.swissraft.ch\/wp-content\/uploads\/2023\/03\/1-1-Col-du-Splugen-et-le-lac-Noir-776x776-1.png\",\"width\":776,\"height\":776,\"caption\":\"Spluga e il Lago Nero in motoslitta da Madesimo\"},{\"@type\":\"BreadcrumbList\",\"@id\":\"https:\/\/www.swissraft.ch\/it\/prodotto\/motoslitta-madesimo-passo-splugen-lago-nero\/#breadcrumb\",\"itemListElement\":[{\"@type\":\"ListItem\",\"position\":1,\"name\":\"Accueil\",\"item\":\"https:\/\/www.swissraft.ch\/it\/\"},{\"@type\":\"ListItem\",\"position\":2,\"name\":\"Negozio\",\"item\":\"https:\/\/www.swissraft.ch\/it\/negozio\/\"},{\"@type\":\"ListItem\",\"position\":3,\"name\":\"Motoslitta a MADESIMO &#8211; PASSO DELLO SPLUGA E LAGO NERO &#8211; CHF 260.00\"}]},{\"@type\":\"WebSite\",\"@id\":\"https:\/\/www.swissraft.ch\/it\/#website\",\"url\":\"https:\/\/www.swissraft.ch\/it\/\",\"name\":\"Swissraft\",\"description\":\"To enjoy nature as it is\",\"publisher\":{\"@id\":\"https:\/\/www.swissraft.ch\/it\/#organization\"},\"potentialAction\":[{\"@type\":\"SearchAction\",\"target\":{\"@type\":\"EntryPoint\",\"urlTemplate\":\"https:\/\/www.swissraft.ch\/it\/?s={search_term_string}\"},\"query-input\":{\"@type\":\"PropertyValueSpecification\",\"valueRequired\":true,\"valueName\":\"search_term_string\"}}],\"inLanguage\":\"it-IT\"},{\"@type\":\"Organization\",\"@id\":\"https:\/\/www.swissraft.ch\/it\/#organization\",\"name\":\"Swissraft\",\"url\":\"https:\/\/www.swissraft.ch\/it\/\",\"logo\":{\"@type\":\"ImageObject\",\"inLanguage\":\"it-IT\",\"@id\":\"https:\/\/www.swissraft.ch\/it\/#\/schema\/logo\/image\/\",\"url\":\"https:\/\/www.swissraft.ch\/wp-content\/uploads\/2025\/09\/Capture.jpg\",\"contentUrl\":\"https:\/\/www.swissraft.ch\/wp-content\/uploads\/2025\/09\/Capture.jpg\",\"width\":293,\"height\":108,\"caption\":\"Swissraft\"},\"image\":{\"@id\":\"https:\/\/www.swissraft.ch\/it\/#\/schema\/logo\/image\/\"}}]}<\/script>\n<!-- \/ Yoast SEO plugin. -->","yoast_head_json":{"title":"Motoslitta - Spluga - Lago Nero. Splendido tour di circa 2 ore","description":"Motoslitta - Spluga - Lago Nero. Uno splendido tour di 2 ore in motoslitta. \u00c8 possibile far salire 2 persone su una motoslitta; il prezzo rimane invariato.","robots":{"index":"index","follow":"follow","max-snippet":"max-snippet:-1","max-image-preview":"max-image-preview:large","max-video-preview":"max-video-preview:-1"},"canonical":"https:\/\/www.swissraft.ch\/it\/prodotto\/motoslitta-madesimo-passo-splugen-lago-nero\/","og_locale":"it_IT","og_type":"article","og_title":"Motoslitta - Spluga - Lago Nero. Splendido tour di circa 2 ore","og_description":"Motoslitta - Spluga - Lago Nero. Uno splendido tour di 2 ore in motoslitta. \u00c8 possibile far salire 2 persone su una motoslitta; il prezzo rimane invariato.","og_url":"https:\/\/www.swissraft.ch\/it\/prodotto\/motoslitta-madesimo-passo-splugen-lago-nero\/","og_site_name":"Swissraft","article_modified_time":"2025-11-21T20:59:11+00:00","og_image":[{"width":776,"height":776,"url":"https:\/\/www.swissraft.ch\/wp-content\/uploads\/2023\/03\/1-1-Col-du-Splugen-et-le-lac-Noir-776x776-1.png","type":"image\/png"}],"twitter_card":"summary_large_image","twitter_misc":{"Tempo di lettura stimato":"1 minuto"},"schema":{"@context":"https:\/\/schema.org","@graph":[{"@type":"WebPage","@id":"https:\/\/www.swissraft.ch\/it\/prodotto\/motoslitta-madesimo-passo-splugen-lago-nero\/","url":"https:\/\/www.swissraft.ch\/it\/prodotto\/motoslitta-madesimo-passo-splugen-lago-nero\/","name":"Motoslitta - Spluga - Lago Nero. Splendido tour di circa 2 ore","isPartOf":{"@id":"https:\/\/www.swissraft.ch\/it\/#website"},"primaryImageOfPage":{"@id":"https:\/\/www.swissraft.ch\/it\/prodotto\/motoslitta-madesimo-passo-splugen-lago-nero\/#primaryimage"},"image":{"@id":"https:\/\/www.swissraft.ch\/it\/prodotto\/motoslitta-madesimo-passo-splugen-lago-nero\/#primaryimage"},"thumbnailUrl":"https:\/\/www.swissraft.ch\/wp-content\/uploads\/2023\/03\/1-1-Col-du-Splugen-et-le-lac-Noir-776x776-1.png","datePublished":"2023-03-07T19:46:10+00:00","dateModified":"2025-11-21T20:59:11+00:00","description":"Motoslitta - Spluga - Lago Nero. Uno splendido tour di 2 ore in motoslitta. \u00c8 possibile far salire 2 persone su una motoslitta; il prezzo rimane invariato.","breadcrumb":{"@id":"https:\/\/www.swissraft.ch\/it\/prodotto\/motoslitta-madesimo-passo-splugen-lago-nero\/#breadcrumb"},"inLanguage":"it-IT","potentialAction":[{"@type":"ReadAction","target":["https:\/\/www.swissraft.ch\/it\/prodotto\/motoslitta-madesimo-passo-splugen-lago-nero\/"]}]},{"@type":"ImageObject","inLanguage":"it-IT","@id":"https:\/\/www.swissraft.ch\/it\/prodotto\/motoslitta-madesimo-passo-splugen-lago-nero\/#primaryimage","url":"https:\/\/www.swissraft.ch\/wp-content\/uploads\/2023\/03\/1-1-Col-du-Splugen-et-le-lac-Noir-776x776-1.png","contentUrl":"https:\/\/www.swissraft.ch\/wp-content\/uploads\/2023\/03\/1-1-Col-du-Splugen-et-le-lac-Noir-776x776-1.png","width":776,"height":776,"caption":"Spluga e il Lago Nero in motoslitta da Madesimo"},{"@type":"BreadcrumbList","@id":"https:\/\/www.swissraft.ch\/it\/prodotto\/motoslitta-madesimo-passo-splugen-lago-nero\/#breadcrumb","itemListElement":[{"@type":"ListItem","position":1,"name":"Accueil","item":"https:\/\/www.swissraft.ch\/it\/"},{"@type":"ListItem","position":2,"name":"Negozio","item":"https:\/\/www.swissraft.ch\/it\/negozio\/"},{"@type":"ListItem","position":3,"name":"Motoslitta a MADESIMO &#8211; PASSO DELLO SPLUGA E LAGO NERO &#8211; CHF 260.00"}]},{"@type":"WebSite","@id":"https:\/\/www.swissraft.ch\/it\/#website","url":"https:\/\/www.swissraft.ch\/it\/","name":"Swissraft","description":"To enjoy nature as it is","publisher":{"@id":"https:\/\/www.swissraft.ch\/it\/#organization"},"potentialAction":[{"@type":"SearchAction","target":{"@type":"EntryPoint","urlTemplate":"https:\/\/www.swissraft.ch\/it\/?s={search_term_string}"},"query-input":{"@type":"PropertyValueSpecification","valueRequired":true,"valueName":"search_term_string"}}],"inLanguage":"it-IT"},{"@type":"Organization","@id":"https:\/\/www.swissraft.ch\/it\/#organization","name":"Swissraft","url":"https:\/\/www.swissraft.ch\/it\/","logo":{"@type":"ImageObject","inLanguage":"it-IT","@id":"https:\/\/www.swissraft.ch\/it\/#\/schema\/logo\/image\/","url":"https:\/\/www.swissraft.ch\/wp-content\/uploads\/2025\/09\/Capture.jpg","contentUrl":"https:\/\/www.swissraft.ch\/wp-content\/uploads\/2025\/09\/Capture.jpg","width":293,"height":108,"caption":"Swissraft"},"image":{"@id":"https:\/\/www.swissraft.ch\/it\/#\/schema\/logo\/image\/"}}]}},"_links":{"self":[{"href":"https:\/\/www.swissraft.ch\/it\/wp-json\/wp\/v2\/product\/92559","targetHints":{"allow":["GET"]}}],"collection":[{"href":"https:\/\/www.swissraft.ch\/it\/wp-json\/wp\/v2\/product"}],"about":[{"href":"https:\/\/www.swissraft.ch\/it\/wp-json\/wp\/v2\/types\/product"}],"replies":[{"embeddable":true,"href":"https:\/\/www.swissraft.ch\/it\/wp-json\/wp\/v2\/comments?post=92559"}],"version-history":[{"count":62,"href":"https:\/\/www.swissraft.ch\/it\/wp-json\/wp\/v2\/product\/92559\/revisions"}],"predecessor-version":[{"id":123789,"href":"https:\/\/www.swissraft.ch\/it\/wp-json\/wp\/v2\/product\/92559\/revisions\/123789"}],"wp:featuredmedia":[{"embeddable":true,"href":"https:\/\/www.swissraft.ch\/it\/wp-json\/wp\/v2\/media\/90173"}],"wp:attachment":[{"href":"https:\/\/www.swissraft.ch\/it\/wp-json\/wp\/v2\/media?parent=92559"}],"wp:term":[{"taxonomy":"product_cat","embeddable":true,"href":"https:\/\/www.swissraft.ch\/it\/wp-json\/wp\/v2\/product_cat?post=92559"},{"taxonomy":"product_tag","embeddable":true,"href":"https:\/\/www.swissraft.ch\/it\/wp-json\/wp\/v2\/product_tag?post=92559"}],"curies":[{"name":"wp","href":"https:\/\/api.w.org\/{rel}","templated":true}]}}