{"id":92534,"date":"2023-03-05T22:30:42","date_gmt":"2023-03-05T21:30:42","guid":{"rendered":"https:\/\/swissraft.xyanzkdne.eu\/product\/costruzione-di-una-zattera-ad-ascona-lac-majeur-da-chf-78-00\/"},"modified":"2026-04-15T23:05:50","modified_gmt":"2026-04-15T21:05:50","slug":"costruzione-zattere-ascona-lago-maggiore","status":"publish","type":"product","link":"https:\/\/www.swissraft.ch\/it\/prodotto\/costruzione-zattere-ascona-lago-maggiore\/","title":{"rendered":"Costruzione di zattere &#8211; Ascona &#8211; Lago Maggiore &#8211; Da CHF 78.00"},"content":{"rendered":"\t\t<div data-elementor-type=\"wp-post\" data-elementor-id=\"92534\" class=\"elementor elementor-92534 elementor-31432\">\n\t\t\t\t\t\t\t\t\t<section class=\"elementor-section elementor-top-section elementor-element elementor-element-3303a7e3 elementor-section-boxed elementor-section-height-default elementor-section-height-default\" data-id=\"3303a7e3\" data-element_type=\"section\">\n\t\t\t\t\t\t<div class=\"elementor-container elementor-column-gap-default\">\n\t\t\t\t\t<div class=\"elementor-column elementor-col-100 elementor-top-column elementor-element elementor-element-16d72dbf\" data-id=\"16d72dbf\" data-element_type=\"column\">\n\t\t\t<div class=\"elementor-widget-wrap elementor-element-populated\">\n\t\t\t\t\t\t\t\t<div class=\"elementor-element elementor-element-d743c03 elementor-widget elementor-widget-text-editor\" data-id=\"d743c03\" data-element_type=\"widget\" data-widget_type=\"text-editor.default\">\n\t\t\t\t<div class=\"elementor-widget-container\">\n\t\t\t\t\t\t\t<h2>SCEGLI LA TUA ATTIVIT\u00c0 QUI SOTTO PER OFFRIRE BUONI REGALO \/ BIGLIETTI O EFFETTUARE UNA PRENOTAZIONE<\/h2><table border=\"0\" width=\"580\" cellspacing=\"10\" cellpadding=\"10\"><tbody><tr><td width=\"50%\"><strong>COSTRUZIONE ZATTERE &#8211; ASCONA + aperitivo<\/strong><\/td><td><strong>CHF 155.00 a persona<span class=\"productPrice\"><br \/><\/span><\/strong><\/td><\/tr><tr><td>Informazioni aggiuntive<\/td><td>&#8211; <span class=\"plbl\"> Prezzo scuola <\/span>: <span class=\"patt\"><strong>CHF 78.00<\/strong>\/pers. fino a 15 anni a partire da 15 pers. <br \/><\/span>&#8211; <span class=\"plbl\"> Prezzo giovani <\/span>: <span class=\"patt\"><strong>CHF 98.00<\/strong>\/pers. fino a 18 anni <br \/><\/span><span class=\"patt\">&#8211; Et\u00e0 minima : 6 anni<br \/>&#8211; Prenotare a partire da<\/span><span class=\"patt\"> 12 Pers.<\/span><\/td><\/tr><tr><td>Appuntamento<\/td><td><a href=\"https:\/\/www.google.com\/maps\/place\/46%C2%B008'51.9%22N+8%C2%B047'29.7%22E\/@46.1479375,8.7873048,782m\/data=!3m1!1e3!4m4!3m3!8m2!3d46.14775!4d8.7915833?entry=ttu\" target=\"_blank\" rel=\"noopener\">Porto Patriziale Ascona<\/a><\/td><\/tr><tr><td>Orari<\/td><td>09h30 \/ 13h30<\/td><\/tr><tr><td>Attivit\u00e0<\/td><td>circa 3,5 ore<\/td><\/tr><tr><td>Durata totale<\/td><td>circa 4 ore<\/td><\/tr><tr><td>\u00a0<\/td><td>Per prenotare : <strong><span style=\"color: #ff6600;\"><a href=\"https:\/\/www.swissraft.ch\/it\/contattaci\/\">Contattateci<\/a><\/span><\/strong><\/td><\/tr><\/tbody><\/table>\t\t\t\t\t\t<\/div>\n\t\t\t\t<\/div>\n\t\t\t\t\t<\/div>\n\t\t<\/div>\n\t\t\t\t\t\t\t<\/div>\n\t\t<\/section>\n\t\t\t\t\t\t\t<\/div>\n\t\t","protected":false},"excerpt":{"rendered":"<div align=\"justify\">\n<h2 align=\"justify\">Costruire zattere ad Ascona sulle rive del Lago Maggiore<\/h2>\n<h3>Ad Ascona, in Ticino, vicino al porto, goditi una bella giornata sul Lago Maggiore<\/h3>\n<\/div>\n<div align=\"justify\">\n<p>Costruire zattere nel delta della Maggia tra Locarno e Ascona sul Lago Maggiore. Costruisci le tue zattere su una spiaggia pubblica tra il villaggio di Ascona e il porto. Per costruire una zattera ci vogliono lavoro di squadra, immaginazione e meticolosit\u00e0. Tutto \u00e8 pronto per rendere la tua giornata un successo completo. Una volta terminata la costruzione delle zattere, potrai sfidare le altre squadre in una competizione amichevole. Potrai anche divertirti a cacciare le anatre. Una volta deciso il vincitore, formate un&#8217;isola con le vostre zattere per godervi un aperitivo in mezzo all&#8217;acqua.<\/p>\n<h4>Abbiamo diverse localit\u00e0 in Svizzera in cui \u00e8 possibile costruire delle zattere<\/h4>\n<p id=\"textarea\" style=\"display: none;\">\nSempre in Ticino, ma questa volta sul Lago di Lugano a Figino. Ci sono anche due piazzole sul Lago dei Quattro Cantoni. In primo luogo, a Lucerna, sulla magnifica spiaggia del Lido. L&#8217;altra si trova sull&#8217;altra sponda del Lago dei Quattro Cantoni, a Weggis, sempre nel cantone di Lucerna. C&#8217;\u00e8 anche una base a Buchenhof, sulle rive del lago Lauerz, nella Svizzera centrale, nel cantone di Svitto. Infine, Swissraft pu\u00f2 organizzare questa attivit\u00e0 in molte altre localit\u00e0 su richiesta, previa autorizzazione.\n<\/p>\n<p><a id=\"seeMore\" onclick=\"toggleSeeMore()\" href=\"javascript:void(0);\">Leggi tutto<\/a><\/p>\n","protected":false},"featured_media":85496,"comment_status":"open","ping_status":"closed","template":"","meta":{"inline_featured_image":false,"_mi_skip_tracking":false},"product_cat":[388],"product_tag":[],"class_list":["post-92534","product","type-product","status-publish","has-post-thumbnail","hentry","product_cat-costruire-zattere"],"yoast_head":"<!-- This site is optimized with the Yoast SEO plugin v23.6 - https:\/\/yoast.com\/wordpress\/plugins\/seo\/ -->\n<title>Costruire zattere ad Ascona, in Ticino, vicino a Locarno<\/title>\n<meta name=\"description\" content=\"Costruire zattere ad Ascona, vicino a Locarno. Il delta del fiume Maggia \u00e8 molto ampio. Il sito \u00e8 splendido e si presta bene a questa attivit\u00e0.\" \/>\n<meta name=\"robots\" content=\"index, follow, max-snippet:-1, max-image-preview:large, max-video-preview:-1\" \/>\n<link rel=\"canonical\" href=\"https:\/\/www.swissraft.ch\/it\/prodotto\/costruzione-zattere-ascona-lago-maggiore\/\" \/>\n<meta property=\"og:locale\" content=\"it_IT\" \/>\n<meta property=\"og:type\" content=\"article\" \/>\n<meta property=\"og:title\" content=\"Costruire zattere ad Ascona, in Ticino, vicino a Locarno\" \/>\n<meta property=\"og:description\" content=\"Costruire zattere ad Ascona, vicino a Locarno. Il delta del fiume Maggia \u00e8 molto ampio. Il sito \u00e8 splendido e si presta bene a questa attivit\u00e0.\" \/>\n<meta property=\"og:url\" content=\"https:\/\/www.swissraft.ch\/it\/prodotto\/costruzione-zattere-ascona-lago-maggiore\/\" \/>\n<meta property=\"og:site_name\" content=\"Swissraft\" \/>\n<meta property=\"article:modified_time\" content=\"2026-04-15T21:05:50+00:00\" \/>\n<meta property=\"og:image\" content=\"https:\/\/www.swissraft.ch\/wp-content\/uploads\/2023\/03\/1-Ascona-776x776-1.jpg\" \/>\n\t<meta property=\"og:image:width\" content=\"776\" \/>\n\t<meta property=\"og:image:height\" content=\"776\" \/>\n\t<meta property=\"og:image:type\" content=\"image\/jpeg\" \/>\n<meta name=\"twitter:card\" content=\"summary_large_image\" \/>\n<meta name=\"twitter:label1\" content=\"Tempo di lettura stimato\" \/>\n\t<meta name=\"twitter:data1\" content=\"1 minuto\" \/>\n<script type=\"application\/ld+json\" class=\"yoast-schema-graph\">{\"@context\":\"https:\/\/schema.org\",\"@graph\":[{\"@type\":\"WebPage\",\"@id\":\"https:\/\/www.swissraft.ch\/it\/prodotto\/costruzione-zattere-ascona-lago-maggiore\/\",\"url\":\"https:\/\/www.swissraft.ch\/it\/prodotto\/costruzione-zattere-ascona-lago-maggiore\/\",\"name\":\"Costruire zattere ad Ascona, in Ticino, vicino a Locarno\",\"isPartOf\":{\"@id\":\"https:\/\/www.swissraft.ch\/it\/#website\"},\"primaryImageOfPage\":{\"@id\":\"https:\/\/www.swissraft.ch\/it\/prodotto\/costruzione-zattere-ascona-lago-maggiore\/#primaryimage\"},\"image\":{\"@id\":\"https:\/\/www.swissraft.ch\/it\/prodotto\/costruzione-zattere-ascona-lago-maggiore\/#primaryimage\"},\"thumbnailUrl\":\"https:\/\/www.swissraft.ch\/wp-content\/uploads\/2023\/03\/1-Ascona-776x776-1.jpg\",\"datePublished\":\"2023-03-05T21:30:42+00:00\",\"dateModified\":\"2026-04-15T21:05:50+00:00\",\"description\":\"Costruire zattere ad Ascona, vicino a Locarno. Il delta del fiume Maggia \u00e8 molto ampio. Il sito \u00e8 splendido e si presta bene a questa attivit\u00e0.\",\"breadcrumb\":{\"@id\":\"https:\/\/www.swissraft.ch\/it\/prodotto\/costruzione-zattere-ascona-lago-maggiore\/#breadcrumb\"},\"inLanguage\":\"it-IT\",\"potentialAction\":[{\"@type\":\"ReadAction\",\"target\":[\"https:\/\/www.swissraft.ch\/it\/prodotto\/costruzione-zattere-ascona-lago-maggiore\/\"]}]},{\"@type\":\"ImageObject\",\"inLanguage\":\"it-IT\",\"@id\":\"https:\/\/www.swissraft.ch\/it\/prodotto\/costruzione-zattere-ascona-lago-maggiore\/#primaryimage\",\"url\":\"https:\/\/www.swissraft.ch\/wp-content\/uploads\/2023\/03\/1-Ascona-776x776-1.jpg\",\"contentUrl\":\"https:\/\/www.swissraft.ch\/wp-content\/uploads\/2023\/03\/1-Ascona-776x776-1.jpg\",\"width\":776,\"height\":776,\"caption\":\"Edificio a zattera di Ascona\"},{\"@type\":\"BreadcrumbList\",\"@id\":\"https:\/\/www.swissraft.ch\/it\/prodotto\/costruzione-zattere-ascona-lago-maggiore\/#breadcrumb\",\"itemListElement\":[{\"@type\":\"ListItem\",\"position\":1,\"name\":\"Accueil\",\"item\":\"https:\/\/www.swissraft.ch\/it\/\"},{\"@type\":\"ListItem\",\"position\":2,\"name\":\"Negozio\",\"item\":\"https:\/\/www.swissraft.ch\/it\/negozio\/\"},{\"@type\":\"ListItem\",\"position\":3,\"name\":\"Costruzione di zattere &#8211; Ascona &#8211; Lago Maggiore &#8211; Da CHF 78.00\"}]},{\"@type\":\"WebSite\",\"@id\":\"https:\/\/www.swissraft.ch\/it\/#website\",\"url\":\"https:\/\/www.swissraft.ch\/it\/\",\"name\":\"Swissraft\",\"description\":\"To enjoy nature as it is\",\"publisher\":{\"@id\":\"https:\/\/www.swissraft.ch\/it\/#organization\"},\"potentialAction\":[{\"@type\":\"SearchAction\",\"target\":{\"@type\":\"EntryPoint\",\"urlTemplate\":\"https:\/\/www.swissraft.ch\/it\/?s={search_term_string}\"},\"query-input\":{\"@type\":\"PropertyValueSpecification\",\"valueRequired\":true,\"valueName\":\"search_term_string\"}}],\"inLanguage\":\"it-IT\"},{\"@type\":\"Organization\",\"@id\":\"https:\/\/www.swissraft.ch\/it\/#organization\",\"name\":\"Swissraft\",\"url\":\"https:\/\/www.swissraft.ch\/it\/\",\"logo\":{\"@type\":\"ImageObject\",\"inLanguage\":\"it-IT\",\"@id\":\"https:\/\/www.swissraft.ch\/it\/#\/schema\/logo\/image\/\",\"url\":\"https:\/\/www.swissraft.ch\/wp-content\/uploads\/2025\/09\/Capture.jpg\",\"contentUrl\":\"https:\/\/www.swissraft.ch\/wp-content\/uploads\/2025\/09\/Capture.jpg\",\"width\":293,\"height\":108,\"caption\":\"Swissraft\"},\"image\":{\"@id\":\"https:\/\/www.swissraft.ch\/it\/#\/schema\/logo\/image\/\"}}]}<\/script>\n<!-- \/ Yoast SEO plugin. -->","yoast_head_json":{"title":"Costruire zattere ad Ascona, in Ticino, vicino a Locarno","description":"Costruire zattere ad Ascona, vicino a Locarno. Il delta del fiume Maggia \u00e8 molto ampio. Il sito \u00e8 splendido e si presta bene a questa attivit\u00e0.","robots":{"index":"index","follow":"follow","max-snippet":"max-snippet:-1","max-image-preview":"max-image-preview:large","max-video-preview":"max-video-preview:-1"},"canonical":"https:\/\/www.swissraft.ch\/it\/prodotto\/costruzione-zattere-ascona-lago-maggiore\/","og_locale":"it_IT","og_type":"article","og_title":"Costruire zattere ad Ascona, in Ticino, vicino a Locarno","og_description":"Costruire zattere ad Ascona, vicino a Locarno. Il delta del fiume Maggia \u00e8 molto ampio. Il sito \u00e8 splendido e si presta bene a questa attivit\u00e0.","og_url":"https:\/\/www.swissraft.ch\/it\/prodotto\/costruzione-zattere-ascona-lago-maggiore\/","og_site_name":"Swissraft","article_modified_time":"2026-04-15T21:05:50+00:00","og_image":[{"width":776,"height":776,"url":"https:\/\/www.swissraft.ch\/wp-content\/uploads\/2023\/03\/1-Ascona-776x776-1.jpg","type":"image\/jpeg"}],"twitter_card":"summary_large_image","twitter_misc":{"Tempo di lettura stimato":"1 minuto"},"schema":{"@context":"https:\/\/schema.org","@graph":[{"@type":"WebPage","@id":"https:\/\/www.swissraft.ch\/it\/prodotto\/costruzione-zattere-ascona-lago-maggiore\/","url":"https:\/\/www.swissraft.ch\/it\/prodotto\/costruzione-zattere-ascona-lago-maggiore\/","name":"Costruire zattere ad Ascona, in Ticino, vicino a Locarno","isPartOf":{"@id":"https:\/\/www.swissraft.ch\/it\/#website"},"primaryImageOfPage":{"@id":"https:\/\/www.swissraft.ch\/it\/prodotto\/costruzione-zattere-ascona-lago-maggiore\/#primaryimage"},"image":{"@id":"https:\/\/www.swissraft.ch\/it\/prodotto\/costruzione-zattere-ascona-lago-maggiore\/#primaryimage"},"thumbnailUrl":"https:\/\/www.swissraft.ch\/wp-content\/uploads\/2023\/03\/1-Ascona-776x776-1.jpg","datePublished":"2023-03-05T21:30:42+00:00","dateModified":"2026-04-15T21:05:50+00:00","description":"Costruire zattere ad Ascona, vicino a Locarno. Il delta del fiume Maggia \u00e8 molto ampio. Il sito \u00e8 splendido e si presta bene a questa attivit\u00e0.","breadcrumb":{"@id":"https:\/\/www.swissraft.ch\/it\/prodotto\/costruzione-zattere-ascona-lago-maggiore\/#breadcrumb"},"inLanguage":"it-IT","potentialAction":[{"@type":"ReadAction","target":["https:\/\/www.swissraft.ch\/it\/prodotto\/costruzione-zattere-ascona-lago-maggiore\/"]}]},{"@type":"ImageObject","inLanguage":"it-IT","@id":"https:\/\/www.swissraft.ch\/it\/prodotto\/costruzione-zattere-ascona-lago-maggiore\/#primaryimage","url":"https:\/\/www.swissraft.ch\/wp-content\/uploads\/2023\/03\/1-Ascona-776x776-1.jpg","contentUrl":"https:\/\/www.swissraft.ch\/wp-content\/uploads\/2023\/03\/1-Ascona-776x776-1.jpg","width":776,"height":776,"caption":"Edificio a zattera di Ascona"},{"@type":"BreadcrumbList","@id":"https:\/\/www.swissraft.ch\/it\/prodotto\/costruzione-zattere-ascona-lago-maggiore\/#breadcrumb","itemListElement":[{"@type":"ListItem","position":1,"name":"Accueil","item":"https:\/\/www.swissraft.ch\/it\/"},{"@type":"ListItem","position":2,"name":"Negozio","item":"https:\/\/www.swissraft.ch\/it\/negozio\/"},{"@type":"ListItem","position":3,"name":"Costruzione di zattere &#8211; Ascona &#8211; Lago Maggiore &#8211; Da CHF 78.00"}]},{"@type":"WebSite","@id":"https:\/\/www.swissraft.ch\/it\/#website","url":"https:\/\/www.swissraft.ch\/it\/","name":"Swissraft","description":"To enjoy nature as it is","publisher":{"@id":"https:\/\/www.swissraft.ch\/it\/#organization"},"potentialAction":[{"@type":"SearchAction","target":{"@type":"EntryPoint","urlTemplate":"https:\/\/www.swissraft.ch\/it\/?s={search_term_string}"},"query-input":{"@type":"PropertyValueSpecification","valueRequired":true,"valueName":"search_term_string"}}],"inLanguage":"it-IT"},{"@type":"Organization","@id":"https:\/\/www.swissraft.ch\/it\/#organization","name":"Swissraft","url":"https:\/\/www.swissraft.ch\/it\/","logo":{"@type":"ImageObject","inLanguage":"it-IT","@id":"https:\/\/www.swissraft.ch\/it\/#\/schema\/logo\/image\/","url":"https:\/\/www.swissraft.ch\/wp-content\/uploads\/2025\/09\/Capture.jpg","contentUrl":"https:\/\/www.swissraft.ch\/wp-content\/uploads\/2025\/09\/Capture.jpg","width":293,"height":108,"caption":"Swissraft"},"image":{"@id":"https:\/\/www.swissraft.ch\/it\/#\/schema\/logo\/image\/"}}]}},"_links":{"self":[{"href":"https:\/\/www.swissraft.ch\/it\/wp-json\/wp\/v2\/product\/92534","targetHints":{"allow":["GET"]}}],"collection":[{"href":"https:\/\/www.swissraft.ch\/it\/wp-json\/wp\/v2\/product"}],"about":[{"href":"https:\/\/www.swissraft.ch\/it\/wp-json\/wp\/v2\/types\/product"}],"replies":[{"embeddable":true,"href":"https:\/\/www.swissraft.ch\/it\/wp-json\/wp\/v2\/comments?post=92534"}],"version-history":[{"count":46,"href":"https:\/\/www.swissraft.ch\/it\/wp-json\/wp\/v2\/product\/92534\/revisions"}],"predecessor-version":[{"id":140089,"href":"https:\/\/www.swissraft.ch\/it\/wp-json\/wp\/v2\/product\/92534\/revisions\/140089"}],"wp:featuredmedia":[{"embeddable":true,"href":"https:\/\/www.swissraft.ch\/it\/wp-json\/wp\/v2\/media\/85496"}],"wp:attachment":[{"href":"https:\/\/www.swissraft.ch\/it\/wp-json\/wp\/v2\/media?parent=92534"}],"wp:term":[{"taxonomy":"product_cat","embeddable":true,"href":"https:\/\/www.swissraft.ch\/it\/wp-json\/wp\/v2\/product_cat?post=92534"},{"taxonomy":"product_tag","embeddable":true,"href":"https:\/\/www.swissraft.ch\/it\/wp-json\/wp\/v2\/product_tag?post=92534"}],"curies":[{"name":"wp","href":"https:\/\/api.w.org\/{rel}","templated":true}]}}