{"id":92510,"date":"2023-02-26T16:04:57","date_gmt":"2023-02-26T15:04:57","guid":{"rendered":"https:\/\/swissraft.xyanzkdne.eu\/product\/hydrospeed-nei-pays-denhaut-la-sarine-saanen-rougemont-a-partire-da-chf-108-00\/"},"modified":"2026-04-12T23:02:32","modified_gmt":"2026-04-12T21:02:32","slug":"hydrospeed-sarine-saanen-rougemont","status":"publish","type":"product","link":"https:\/\/www.swissraft.ch\/it\/prodotto\/hydrospeed-sarine-saanen-rougemont\/","title":{"rendered":"Hydrospeed &#8211; Pays d&#8217;Enhaut &#8211; Sarine &#8211; Saanen-Rougemont &#8211; Da CHF 126.00"},"content":{"rendered":"\t\t<div data-elementor-type=\"wp-post\" data-elementor-id=\"92510\" class=\"elementor elementor-92510 elementor-31312\">\n\t\t\t\t\t\t\t\t\t<section class=\"elementor-section elementor-top-section elementor-element elementor-element-3303a7e3 elementor-section-boxed elementor-section-height-default elementor-section-height-default\" data-id=\"3303a7e3\" data-element_type=\"section\">\n\t\t\t\t\t\t<div class=\"elementor-container elementor-column-gap-default\">\n\t\t\t\t\t<div class=\"elementor-column elementor-col-100 elementor-top-column elementor-element elementor-element-16d72dbf\" data-id=\"16d72dbf\" data-element_type=\"column\">\n\t\t\t<div class=\"elementor-widget-wrap elementor-element-populated\">\n\t\t\t\t\t\t\t\t<div class=\"elementor-element elementor-element-d743c03 elementor-widget elementor-widget-text-editor\" data-id=\"d743c03\" data-element_type=\"widget\" data-widget_type=\"text-editor.default\">\n\t\t\t\t<div class=\"elementor-widget-container\">\n\t\t\t\t\t\t\t<h2>SCEGLI LA TUA ATTIVIT\u00c0 QUI SOTTO PER OFFRIRE BUONI REGALO\/BIGLIETTI O EFFETTUARE UNA PRENOTAZIONE<\/h2><table border=\"0\" width=\"580\" cellspacing=\"10\" cellpadding=\"10\"><tbody><tr><td width=\"50%\"><strong>HYDROSPEED &#8211; SARINE + spuntino<\/strong><\/td><td><strong>CHF 140.00 a persona<span class=\"productPrice\"><br \/><\/span><\/strong><\/td><\/tr><tr><td>Informazioni aggiuntive<\/td><td>&#8211; <span class=\"plbl\"> Prezzo giovani <\/span>: <span class=\"patt\"><strong>CHF 120.00<\/strong>\/pers. fino a 17 anni<br \/><\/span><span class=\"plbl\">&#8211; A partire da 10 pers. 5% : <strong>CHF 133.00<\/strong>\/pers.<br \/>&#8211; A partire da 20 pers. 10% : <strong>CHF 126.00<\/strong>\/pers.<strong><br \/><\/strong>&#8211; Et\u00e0 minima : 14 anni <\/span><span class=\"plbl\">anni<\/span><\/td><\/tr><tr><td>Corso<\/td><td><strong>Saanen-Rougemont<\/strong><\/td><\/tr><tr><td>Orari<\/td><td>10h00 \/ 14h00<\/td><\/tr><tr><td>Hydrospeed<\/td><td>circa 1h30<\/td><\/tr><tr><td>Durata totale<\/td><td>circa 3 ore<\/td><\/tr><tr><td>Appuntamento<\/td><td><span style=\"color: #ff6600;\"><a href=\"https:\/\/www.google.com\/maps\/place\/46%C2%B028'03.8%22N+7%C2%B007'32.8%22E\/@46.4677963,7.1234029,472m\/data=!3m1!1e3!4m4!3m3!8m2!3d46.467715!4d7.125784?entry=ttu&amp;g_ep=EgoyMDI1MDIwNS4wIKXMDSoASAFQAw%3D%3D\" target=\"_blank\" rel=\"noopener\">Campeggio del berceau<\/a><\/span><\/td><\/tr><tr><td>Difficolt\u00e0<\/td><td>2-3+<\/td><\/tr><tr><td><a href=\"https:\/\/swissraft.outdoorbooking.ch\/fo\/products\/2153?base_id=1&amp;category_id=4&amp;order_type=gift_voucher&amp;lang=it\" target=\"_blank\" rel=\"noopener\"><button class=\"elementor-button\" type=\"button\">ACQUISTO BUONO REGALO<\/button><\/a><\/td><td><a href=\"https:\/\/swissraft.outdoorbooking.ch\/fo\/products\/2153?base_id=1&amp;category_id=5&amp;order_type=event&amp;lang=it\" target=\"_blank\" rel=\"noopener\">PRENOTA UNA DATA<\/a> \u00a0<strong>CHF 140.00<\/strong>\/pers.<\/td><\/tr><\/tbody><\/table>\t\t\t\t\t\t<\/div>\n\t\t\t\t<\/div>\n\t\t\t\t\t<\/div>\n\t\t<\/div>\n\t\t\t\t\t\t\t<\/div>\n\t\t<\/section>\n\t\t\t\t<section class=\"elementor-section elementor-top-section elementor-element elementor-element-53979f7 elementor-section-boxed elementor-section-height-default elementor-section-height-default\" data-id=\"53979f7\" data-element_type=\"section\">\n\t\t\t\t\t\t<div class=\"elementor-container elementor-column-gap-default\">\n\t\t\t\t\t<div class=\"elementor-column elementor-col-100 elementor-top-column elementor-element elementor-element-80f3203\" data-id=\"80f3203\" data-element_type=\"column\">\n\t\t\t<div class=\"elementor-widget-wrap elementor-element-populated\">\n\t\t\t\t\t\t\t\t<div class=\"elementor-element elementor-element-94855c6 elementor-widget elementor-widget-text-editor\" data-id=\"94855c6\" data-element_type=\"widget\" data-widget_type=\"text-editor.default\">\n\t\t\t\t<div class=\"elementor-widget-container\">\n\t\t\t\t\t\t\t\t\t\t\t\t\t<\/div>\n\t\t\t\t<\/div>\n\t\t\t\t\t<\/div>\n\t\t<\/div>\n\t\t\t\t\t\t\t<\/div>\n\t\t<\/section>\n\t\t\t\t\t\t\t<\/div>\n\t\t","protected":false},"excerpt":{"rendered":"<div align=\"justify\">\n<h2 align=\"justify\">Hydrospeed sulla Sarine, uno sport che lascia senza fiato<\/h2>\n<h3>Tra Saanen e Rougemont, l&#8217;hydrospeed sulla Sarine offre 4 km di puro movimento<\/h3>\n<\/div>\n<div align=\"justify\">\n<p>L&#8217;hydrospeed sulla Sarine \u00e8 un&#8217;esperienza emozionante e ricca di azione con il vantaggio di una scarica di adrenalina. Situato nella regione del Pays d&#8217;Enhaut, questo percorso da Saanen a Rougemont far\u00e0 la gioia degli amanti delle acque bianche. Passaggi stretti tra le rocce, devi usare tutta la tua energia per spingerti attraverso le correnti. Sei in compagnia della tua guida e in totale sicurezza. Il nuoto in acque bianche richiede buone capacit\u00e0 natatorie e una buona condizione fisica. L&#8217;hydrospeed sulla Sarine, nel cantone di Vaud, \u00e8 un&#8217;esperienza che gli appassionati di sport dovrebbero provare a tutti i costi. Prima di tutto, sei equipaggiato con una muta e una giacca in neoprene molto spessa. Avrai bisogno anche di scarpette in neoprene, pinne e un casco. Grazie al galleggiante, navighi con la testa vicina all&#8217;acqua e puoi iniziare a giocare con le correnti.<\/p>\n<h3>Swissraft offre anche altri corsi, oltre a quello sul fiume Sarine.<\/h3>\n<p id=\"textarea\" style=\"display: none;\">\nOffriamo anche il nuoto in acque bianche nel Vallese, sul Rodano, tra Souste e Sierre. C&#8217;\u00e8 anche un&#8217;introduzione pi\u00f9 tranquilla all&#8217;hydrospeed sul Rodano tra S. L\u00e9onard e Sion. L\u00e9onard e Sion. Lo stesso vale per il nuoto in acque bianche sul Vi\u00e8ge tra Stalden e Vi\u00e8ge, nell&#8217;alto Vallese. Immergiti nell&#8217;avventura.\n<\/p>\n<p><a id=\"seeMore\" onclick=\"toggleSeeMore()\" href=\"javascript:void(0);\">Leggi tutto<\/a><\/p>\n","protected":false},"featured_media":85385,"comment_status":"open","ping_status":"closed","template":"","meta":{"inline_featured_image":false,"_mi_skip_tracking":false},"product_cat":[499],"product_tag":[],"class_list":["post-92510","product","type-product","status-publish","has-post-thumbnail","hentry","product_cat-hydrospeed-nuoto-acque-vive"],"yoast_head":"<!-- This site is optimized with the Yoast SEO plugin v23.6 - https:\/\/yoast.com\/wordpress\/plugins\/seo\/ -->\n<title>Hydrospeed sulla Sarine da Saanen a Rougemont 4 km di azione<\/title>\n<meta name=\"description\" content=\"Hydrospeed sulla Sarine. Tra Saanen e Rougemont nel Pays d&#039;Enhaut. Un percorso di 4 km pieno di azione ed eccitazione. Una scarica di adrenalina garantita.\" \/>\n<meta name=\"robots\" content=\"index, follow, max-snippet:-1, max-image-preview:large, max-video-preview:-1\" \/>\n<link rel=\"canonical\" href=\"https:\/\/www.swissraft.ch\/it\/prodotto\/hydrospeed-sarine-saanen-rougemont\/\" \/>\n<meta property=\"og:locale\" content=\"it_IT\" \/>\n<meta property=\"og:type\" content=\"article\" \/>\n<meta property=\"og:title\" content=\"Hydrospeed sulla Sarine da Saanen a Rougemont 4 km di azione\" \/>\n<meta property=\"og:description\" content=\"Hydrospeed sulla Sarine. Tra Saanen e Rougemont nel Pays d&#039;Enhaut. Un percorso di 4 km pieno di azione ed eccitazione. Una scarica di adrenalina garantita.\" \/>\n<meta property=\"og:url\" content=\"https:\/\/www.swissraft.ch\/it\/prodotto\/hydrospeed-sarine-saanen-rougemont\/\" \/>\n<meta property=\"og:site_name\" content=\"Swissraft\" \/>\n<meta property=\"article:modified_time\" content=\"2026-04-12T21:02:32+00:00\" \/>\n<meta property=\"og:image\" content=\"https:\/\/www.swissraft.ch\/wp-content\/uploads\/2023\/02\/1_Hydrospeed_Saane_776x776.jpg\" \/>\n\t<meta property=\"og:image:width\" content=\"776\" \/>\n\t<meta property=\"og:image:height\" content=\"776\" \/>\n\t<meta property=\"og:image:type\" content=\"image\/jpeg\" \/>\n<meta name=\"twitter:card\" content=\"summary_large_image\" \/>\n<meta name=\"twitter:label1\" content=\"Tempo di lettura stimato\" \/>\n\t<meta name=\"twitter:data1\" content=\"1 minuto\" \/>\n<script type=\"application\/ld+json\" class=\"yoast-schema-graph\">{\"@context\":\"https:\/\/schema.org\",\"@graph\":[{\"@type\":\"WebPage\",\"@id\":\"https:\/\/www.swissraft.ch\/it\/prodotto\/hydrospeed-sarine-saanen-rougemont\/\",\"url\":\"https:\/\/www.swissraft.ch\/it\/prodotto\/hydrospeed-sarine-saanen-rougemont\/\",\"name\":\"Hydrospeed sulla Sarine da Saanen a Rougemont 4 km di azione\",\"isPartOf\":{\"@id\":\"https:\/\/www.swissraft.ch\/it\/#website\"},\"primaryImageOfPage\":{\"@id\":\"https:\/\/www.swissraft.ch\/it\/prodotto\/hydrospeed-sarine-saanen-rougemont\/#primaryimage\"},\"image\":{\"@id\":\"https:\/\/www.swissraft.ch\/it\/prodotto\/hydrospeed-sarine-saanen-rougemont\/#primaryimage\"},\"thumbnailUrl\":\"https:\/\/www.swissraft.ch\/wp-content\/uploads\/2023\/02\/1_Hydrospeed_Saane_776x776.jpg\",\"datePublished\":\"2023-02-26T15:04:57+00:00\",\"dateModified\":\"2026-04-12T21:02:32+00:00\",\"description\":\"Hydrospeed sulla Sarine. Tra Saanen e Rougemont nel Pays d'Enhaut. Un percorso di 4 km pieno di azione ed eccitazione. Una scarica di adrenalina garantita.\",\"breadcrumb\":{\"@id\":\"https:\/\/www.swissraft.ch\/it\/prodotto\/hydrospeed-sarine-saanen-rougemont\/#breadcrumb\"},\"inLanguage\":\"it-IT\",\"potentialAction\":[{\"@type\":\"ReadAction\",\"target\":[\"https:\/\/www.swissraft.ch\/it\/prodotto\/hydrospeed-sarine-saanen-rougemont\/\"]}]},{\"@type\":\"ImageObject\",\"inLanguage\":\"it-IT\",\"@id\":\"https:\/\/www.swissraft.ch\/it\/prodotto\/hydrospeed-sarine-saanen-rougemont\/#primaryimage\",\"url\":\"https:\/\/www.swissraft.ch\/wp-content\/uploads\/2023\/02\/1_Hydrospeed_Saane_776x776.jpg\",\"contentUrl\":\"https:\/\/www.swissraft.ch\/wp-content\/uploads\/2023\/02\/1_Hydrospeed_Saane_776x776.jpg\",\"width\":776,\"height\":776,\"caption\":\"Hydrospeed sulla Sarine\"},{\"@type\":\"BreadcrumbList\",\"@id\":\"https:\/\/www.swissraft.ch\/it\/prodotto\/hydrospeed-sarine-saanen-rougemont\/#breadcrumb\",\"itemListElement\":[{\"@type\":\"ListItem\",\"position\":1,\"name\":\"Accueil\",\"item\":\"https:\/\/www.swissraft.ch\/it\/\"},{\"@type\":\"ListItem\",\"position\":2,\"name\":\"Negozio\",\"item\":\"https:\/\/www.swissraft.ch\/it\/negozio\/\"},{\"@type\":\"ListItem\",\"position\":3,\"name\":\"Hydrospeed &#8211; Pays d&rsquo;Enhaut &#8211; Sarine &#8211; Saanen-Rougemont &#8211; Da CHF 126.00\"}]},{\"@type\":\"WebSite\",\"@id\":\"https:\/\/www.swissraft.ch\/it\/#website\",\"url\":\"https:\/\/www.swissraft.ch\/it\/\",\"name\":\"Swissraft\",\"description\":\"To enjoy nature as it is\",\"publisher\":{\"@id\":\"https:\/\/www.swissraft.ch\/it\/#organization\"},\"potentialAction\":[{\"@type\":\"SearchAction\",\"target\":{\"@type\":\"EntryPoint\",\"urlTemplate\":\"https:\/\/www.swissraft.ch\/it\/?s={search_term_string}\"},\"query-input\":{\"@type\":\"PropertyValueSpecification\",\"valueRequired\":true,\"valueName\":\"search_term_string\"}}],\"inLanguage\":\"it-IT\"},{\"@type\":\"Organization\",\"@id\":\"https:\/\/www.swissraft.ch\/it\/#organization\",\"name\":\"Swissraft\",\"url\":\"https:\/\/www.swissraft.ch\/it\/\",\"logo\":{\"@type\":\"ImageObject\",\"inLanguage\":\"it-IT\",\"@id\":\"https:\/\/www.swissraft.ch\/it\/#\/schema\/logo\/image\/\",\"url\":\"https:\/\/www.swissraft.ch\/wp-content\/uploads\/2025\/09\/Capture.jpg\",\"contentUrl\":\"https:\/\/www.swissraft.ch\/wp-content\/uploads\/2025\/09\/Capture.jpg\",\"width\":293,\"height\":108,\"caption\":\"Swissraft\"},\"image\":{\"@id\":\"https:\/\/www.swissraft.ch\/it\/#\/schema\/logo\/image\/\"}}]}<\/script>\n<!-- \/ Yoast SEO plugin. -->","yoast_head_json":{"title":"Hydrospeed sulla Sarine da Saanen a Rougemont 4 km di azione","description":"Hydrospeed sulla Sarine. Tra Saanen e Rougemont nel Pays d'Enhaut. Un percorso di 4 km pieno di azione ed eccitazione. Una scarica di adrenalina garantita.","robots":{"index":"index","follow":"follow","max-snippet":"max-snippet:-1","max-image-preview":"max-image-preview:large","max-video-preview":"max-video-preview:-1"},"canonical":"https:\/\/www.swissraft.ch\/it\/prodotto\/hydrospeed-sarine-saanen-rougemont\/","og_locale":"it_IT","og_type":"article","og_title":"Hydrospeed sulla Sarine da Saanen a Rougemont 4 km di azione","og_description":"Hydrospeed sulla Sarine. Tra Saanen e Rougemont nel Pays d'Enhaut. Un percorso di 4 km pieno di azione ed eccitazione. Una scarica di adrenalina garantita.","og_url":"https:\/\/www.swissraft.ch\/it\/prodotto\/hydrospeed-sarine-saanen-rougemont\/","og_site_name":"Swissraft","article_modified_time":"2026-04-12T21:02:32+00:00","og_image":[{"width":776,"height":776,"url":"https:\/\/www.swissraft.ch\/wp-content\/uploads\/2023\/02\/1_Hydrospeed_Saane_776x776.jpg","type":"image\/jpeg"}],"twitter_card":"summary_large_image","twitter_misc":{"Tempo di lettura stimato":"1 minuto"},"schema":{"@context":"https:\/\/schema.org","@graph":[{"@type":"WebPage","@id":"https:\/\/www.swissraft.ch\/it\/prodotto\/hydrospeed-sarine-saanen-rougemont\/","url":"https:\/\/www.swissraft.ch\/it\/prodotto\/hydrospeed-sarine-saanen-rougemont\/","name":"Hydrospeed sulla Sarine da Saanen a Rougemont 4 km di azione","isPartOf":{"@id":"https:\/\/www.swissraft.ch\/it\/#website"},"primaryImageOfPage":{"@id":"https:\/\/www.swissraft.ch\/it\/prodotto\/hydrospeed-sarine-saanen-rougemont\/#primaryimage"},"image":{"@id":"https:\/\/www.swissraft.ch\/it\/prodotto\/hydrospeed-sarine-saanen-rougemont\/#primaryimage"},"thumbnailUrl":"https:\/\/www.swissraft.ch\/wp-content\/uploads\/2023\/02\/1_Hydrospeed_Saane_776x776.jpg","datePublished":"2023-02-26T15:04:57+00:00","dateModified":"2026-04-12T21:02:32+00:00","description":"Hydrospeed sulla Sarine. Tra Saanen e Rougemont nel Pays d'Enhaut. Un percorso di 4 km pieno di azione ed eccitazione. Una scarica di adrenalina garantita.","breadcrumb":{"@id":"https:\/\/www.swissraft.ch\/it\/prodotto\/hydrospeed-sarine-saanen-rougemont\/#breadcrumb"},"inLanguage":"it-IT","potentialAction":[{"@type":"ReadAction","target":["https:\/\/www.swissraft.ch\/it\/prodotto\/hydrospeed-sarine-saanen-rougemont\/"]}]},{"@type":"ImageObject","inLanguage":"it-IT","@id":"https:\/\/www.swissraft.ch\/it\/prodotto\/hydrospeed-sarine-saanen-rougemont\/#primaryimage","url":"https:\/\/www.swissraft.ch\/wp-content\/uploads\/2023\/02\/1_Hydrospeed_Saane_776x776.jpg","contentUrl":"https:\/\/www.swissraft.ch\/wp-content\/uploads\/2023\/02\/1_Hydrospeed_Saane_776x776.jpg","width":776,"height":776,"caption":"Hydrospeed sulla Sarine"},{"@type":"BreadcrumbList","@id":"https:\/\/www.swissraft.ch\/it\/prodotto\/hydrospeed-sarine-saanen-rougemont\/#breadcrumb","itemListElement":[{"@type":"ListItem","position":1,"name":"Accueil","item":"https:\/\/www.swissraft.ch\/it\/"},{"@type":"ListItem","position":2,"name":"Negozio","item":"https:\/\/www.swissraft.ch\/it\/negozio\/"},{"@type":"ListItem","position":3,"name":"Hydrospeed &#8211; Pays d&rsquo;Enhaut &#8211; Sarine &#8211; Saanen-Rougemont &#8211; Da CHF 126.00"}]},{"@type":"WebSite","@id":"https:\/\/www.swissraft.ch\/it\/#website","url":"https:\/\/www.swissraft.ch\/it\/","name":"Swissraft","description":"To enjoy nature as it is","publisher":{"@id":"https:\/\/www.swissraft.ch\/it\/#organization"},"potentialAction":[{"@type":"SearchAction","target":{"@type":"EntryPoint","urlTemplate":"https:\/\/www.swissraft.ch\/it\/?s={search_term_string}"},"query-input":{"@type":"PropertyValueSpecification","valueRequired":true,"valueName":"search_term_string"}}],"inLanguage":"it-IT"},{"@type":"Organization","@id":"https:\/\/www.swissraft.ch\/it\/#organization","name":"Swissraft","url":"https:\/\/www.swissraft.ch\/it\/","logo":{"@type":"ImageObject","inLanguage":"it-IT","@id":"https:\/\/www.swissraft.ch\/it\/#\/schema\/logo\/image\/","url":"https:\/\/www.swissraft.ch\/wp-content\/uploads\/2025\/09\/Capture.jpg","contentUrl":"https:\/\/www.swissraft.ch\/wp-content\/uploads\/2025\/09\/Capture.jpg","width":293,"height":108,"caption":"Swissraft"},"image":{"@id":"https:\/\/www.swissraft.ch\/it\/#\/schema\/logo\/image\/"}}]}},"_links":{"self":[{"href":"https:\/\/www.swissraft.ch\/it\/wp-json\/wp\/v2\/product\/92510","targetHints":{"allow":["GET"]}}],"collection":[{"href":"https:\/\/www.swissraft.ch\/it\/wp-json\/wp\/v2\/product"}],"about":[{"href":"https:\/\/www.swissraft.ch\/it\/wp-json\/wp\/v2\/types\/product"}],"replies":[{"embeddable":true,"href":"https:\/\/www.swissraft.ch\/it\/wp-json\/wp\/v2\/comments?post=92510"}],"version-history":[{"count":26,"href":"https:\/\/www.swissraft.ch\/it\/wp-json\/wp\/v2\/product\/92510\/revisions"}],"predecessor-version":[{"id":139857,"href":"https:\/\/www.swissraft.ch\/it\/wp-json\/wp\/v2\/product\/92510\/revisions\/139857"}],"wp:featuredmedia":[{"embeddable":true,"href":"https:\/\/www.swissraft.ch\/it\/wp-json\/wp\/v2\/media\/85385"}],"wp:attachment":[{"href":"https:\/\/www.swissraft.ch\/it\/wp-json\/wp\/v2\/media?parent=92510"}],"wp:term":[{"taxonomy":"product_cat","embeddable":true,"href":"https:\/\/www.swissraft.ch\/it\/wp-json\/wp\/v2\/product_cat?post=92510"},{"taxonomy":"product_tag","embeddable":true,"href":"https:\/\/www.swissraft.ch\/it\/wp-json\/wp\/v2\/product_tag?post=92510"}],"curies":[{"name":"wp","href":"https:\/\/api.w.org\/{rel}","templated":true}]}}