{"id":92494,"date":"2023-02-26T15:44:20","date_gmt":"2023-02-26T14:44:20","guid":{"rendered":"https:\/\/swissraft.xyanzkdne.eu\/product\/canoa-funyak-su-le-rhone-chippis-st-leonard-a-partire-da-chf-100-00\/"},"modified":"2026-04-12T23:16:04","modified_gmt":"2026-04-12T21:16:04","slug":"canoa-funyak-su-le-rhone-chippis-st-leonard-a-partire-da-chf-100-00","status":"publish","type":"product","link":"https:\/\/www.swissraft.ch\/it\/prodotto\/canoa-funyak-su-le-rhone-chippis-st-leonard-a-partire-da-chf-100-00\/","title":{"rendered":"Canoa o Funyak &#8211; Rodano &#8211; Chippis-St. L\u00e9onard &#8211; Da CHF 100.00"},"content":{"rendered":"\t\t<div data-elementor-type=\"wp-post\" data-elementor-id=\"92494\" class=\"elementor elementor-92494 elementor-31302\">\n\t\t\t\t\t\t\t\t\t<section class=\"elementor-section elementor-top-section elementor-element elementor-element-3303a7e3 elementor-section-boxed elementor-section-height-default elementor-section-height-default\" data-id=\"3303a7e3\" data-element_type=\"section\">\n\t\t\t\t\t\t<div class=\"elementor-container elementor-column-gap-default\">\n\t\t\t\t\t<div class=\"elementor-column elementor-col-100 elementor-top-column elementor-element elementor-element-16d72dbf\" data-id=\"16d72dbf\" data-element_type=\"column\">\n\t\t\t<div class=\"elementor-widget-wrap elementor-element-populated\">\n\t\t\t\t\t\t\t\t<div class=\"elementor-element elementor-element-d743c03 elementor-widget elementor-widget-text-editor\" data-id=\"d743c03\" data-element_type=\"widget\" data-widget_type=\"text-editor.default\">\n\t\t\t\t<div class=\"elementor-widget-container\">\n\t\t\t\t\t\t\t<h2>SCEGLI LA TUA ATTIVIT\u00c0 QUI SOTTO PER OFFRIRE BUONI REGALO\/BIGLIETTI O EFFETTUARE UNA PRENOTAZIONE<\/h2><table border=\"0\" width=\"580\" cellspacing=\"10\" cellpadding=\"10\"><tbody><tr><td width=\"50%\"><strong>CANOA FUNYAK &#8211; RODANO + spuntini <\/strong><\/td><td><strong>CHF 125.00 a persona<span class=\"productPrice\"><br \/><\/span><\/strong><\/td><\/tr><tr><td>Informazioni aggiuntive<\/td><td><span class=\"plbl\">&#8211; <\/span><span class=\"patt\">A partire da 10 pers. 10% : <strong>CHF 112.50<\/strong>\/pers.<br \/>&#8211; A partire da 21 pers. 20% : <strong>CHF 100.00<\/strong>\/pers.<\/span><br \/>&#8211; Et\u00e0 minima : 10 anni<br \/>&#8211; Prezzo scuola : <span class=\"patt\"><span class=\"patt\" style=\"font-family: inherit; font-size: inherit;\"><span class=\"plbl\"><a href=\"https:\/\/swissraft.xyanzkdne.eu\/it\/contattaci\/\">contattaci<\/a><\/span><\/span><\/span><\/td><\/tr><tr><td>Orari<\/td><td>10h00 \/ 14h00<\/td><\/tr><tr><td>Canoa o Funyak<\/td><td>circa 1,5 ora<\/td><\/tr><tr><td>Durata totale<\/td><td>circa 3 ore<\/td><\/tr><tr><td>Appuntamento<\/td><td><a href=\"https:\/\/www.google.com\/maps\/place\/46%C2%B017'36.8%22N+7%C2%B033'29.6%22E\/@46.2937223,7.5537054,780m\/data=!3m1!1e3!4m4!3m3!8m2!3d46.2935556!4d7.5582222?entry=ttu\" target=\"_blank\" rel=\"noopener\">Sierre<\/a><\/td><\/tr><tr><td>Difficolt\u00e0<\/td><td>1 \u00e0 2<\/td><\/tr><tr><td><button class=\"elementor-button\" type=\"button\"><a href=\"https:\/\/swissraft.outdoorbooking.ch\/fo\/products\/1273?base_id=82&amp;category_id=9&amp;order_type=gift_voucher&amp;lang=fr\" target=\"_blank\" rel=\"noopener\">ACQUISTO BUONO REGALO \/ BIGLIETTO<\/a><\/button><\/td><td><span style=\"color: #ff6600;\"><a href=\"https:\/\/swissraft.outdoorbooking.ch\/fo\/products\/1273?base_id=82&amp;category_id=9&amp;order_type=event&amp;lang=fr\" target=\"_blank\" rel=\"noopener\">PRENOTA UNA DATA<\/a><\/span><\/td><\/tr><\/tbody><\/table>\t\t\t\t\t\t<\/div>\n\t\t\t\t<\/div>\n\t\t\t\t\t<\/div>\n\t\t<\/div>\n\t\t\t\t\t\t\t<\/div>\n\t\t<\/section>\n\t\t\t\t\t\t\t<\/div>\n\t\t","protected":false},"excerpt":{"rendered":"<div align=\"justify\">\n<h2 align=\"justify\">La canoa o il Funyak sul Rodano, nel Vallese, tra Chippis e St. L\u00e9onard, sono ideali per le famiglie con bambini piccoli.<\/h2>\n<h3>Chippis-St. L\u00e9onard, una sezione del Rodano adatta agli amanti del relax e della contemplazione<\/h3>\n<\/div>\n<div align=\"justify\">\n<p>In canoa lungo il Rodano tra Chippis e St. Leonardo \u00e8 un&#8217;esperienza indimenticabile. Innanzitutto, le acque calme consentono di navigare in tutta tranquillit\u00e0. Poi, i paesaggi pittoreschi stupiranno i canoisti. Inoltre, la fauna locale si rivela ad ogni angolo. Gli avventurieri sono spesso accompagnati da anatre e aironi. Inoltre, la corrente delicata ti permette di rilassarti e di goderti il momento. A met\u00e0 del percorso, una piccola spiaggia ti invita a fare una pausa. Poi siamo ripartiti con entusiasmo, sentendo l&#8217;adrenalina salire leggermente. Infine, St. L\u00e9onard appare in lontananza, segnando la fine di questa bellissima passeggiata. In breve, questo tranquillo tratto del Rodano promette momenti memorabili. In breve, il funyak o ducky \u00e8 perfetto per esplorare questa regione serena. Questa attivit\u00e0 \u00e8 ideale per chi ama la natura e la tranquillit\u00e0.<\/p>\n<h3>Sul nostro sito web troverai una serie di corsi di funyak e di canoa a forma di paperella.<\/h3>\n<p id=\"textarea\" style=\"display: none;\">Sempre sul Rodano, il tratto Souste-Sierre \u00e8 un tratto sportivo. Puoi anche scendere con il Funyak lungo il Reno da Ilanz a Valendas nei Grigioni per un&#8217;avventura di mezza giornata. Per una giornata fuori porta, scegli l&#8217;itinerario tra Ilanz e Reichenau. Puoi anche prendere il classico funyak Versam per Reichenau. Pi\u00f9 a valle delle famose cascate del Reno, Swissraft offre due percorsi: Sciaffusa &#8211; Rheinau, una gita di mezza giornata, o Sciaffusa &#8211; R\u00fcdlingen, una gita in canoa di una giornata intera. Ci sono anche tour di mezza giornata da Bremgarten a Mellingen e da Mellingen a Gebenstorf sulla Reuss. Il tratto Bremgarten &#8211; Gebenstorf sulla Reuss \u00e8 una giornata emozionante.<\/p>\n<p><a id=\"seeMore\"><\/a>Leggi tutto<\/p>\n<\/div>\n","protected":false},"featured_media":90476,"comment_status":"open","ping_status":"closed","template":"","meta":{"inline_featured_image":false,"_mi_skip_tracking":false},"product_cat":[390,377],"product_tag":[],"class_list":["post-92494","product","type-product","status-publish","has-post-thumbnail","hentry","product_cat-canoa-funyak-rodano","product_cat-canoa-funyak-o-ducky"],"yoast_head":"<!-- This site is optimized with the Yoast SEO plugin v23.6 - https:\/\/yoast.com\/wordpress\/plugins\/seo\/ -->\n<title>Canoa funyak Chippis-St. L\u00e9onard una tranquilla sezione funyak<\/title>\n<meta name=\"description\" content=\"Canoa funyak Chippis-St. L\u00e9onard una gita in canoa funyak sul tranquillo Rodano. Un&#039;attivit\u00e0 molto apprezzata per le gite scolastiche, di gruppo o in famiglia.\" \/>\n<meta name=\"robots\" content=\"index, follow, max-snippet:-1, max-image-preview:large, max-video-preview:-1\" \/>\n<link rel=\"canonical\" href=\"https:\/\/www.swissraft.ch\/it\/prodotto\/canoa-funyak-su-le-rhone-chippis-st-leonard-a-partire-da-chf-100-00\/\" \/>\n<meta property=\"og:locale\" content=\"it_IT\" \/>\n<meta property=\"og:type\" content=\"article\" \/>\n<meta property=\"og:title\" content=\"Canoa funyak Chippis-St. L\u00e9onard una tranquilla sezione funyak\" \/>\n<meta property=\"og:description\" content=\"Canoa funyak Chippis-St. L\u00e9onard una gita in canoa funyak sul tranquillo Rodano. Un&#039;attivit\u00e0 molto apprezzata per le gite scolastiche, di gruppo o in famiglia.\" \/>\n<meta property=\"og:url\" content=\"https:\/\/www.swissraft.ch\/it\/prodotto\/canoa-funyak-su-le-rhone-chippis-st-leonard-a-partire-da-chf-100-00\/\" \/>\n<meta property=\"og:site_name\" content=\"Swissraft\" \/>\n<meta property=\"article:modified_time\" content=\"2026-04-12T21:16:04+00:00\" \/>\n<meta property=\"og:image\" content=\"https:\/\/www.swissraft.ch\/wp-content\/uploads\/2023\/02\/2-1-Rhone-Chippis-St.-Leonard-776x776-1.jpg\" \/>\n\t<meta property=\"og:image:width\" content=\"776\" \/>\n\t<meta property=\"og:image:height\" content=\"776\" \/>\n\t<meta property=\"og:image:type\" content=\"image\/jpeg\" \/>\n<meta name=\"twitter:card\" content=\"summary_large_image\" \/>\n<meta name=\"twitter:label1\" content=\"Tempo di lettura stimato\" \/>\n\t<meta name=\"twitter:data1\" content=\"1 minuto\" \/>\n<script type=\"application\/ld+json\" class=\"yoast-schema-graph\">{\"@context\":\"https:\/\/schema.org\",\"@graph\":[{\"@type\":\"WebPage\",\"@id\":\"https:\/\/www.swissraft.ch\/it\/prodotto\/canoa-funyak-su-le-rhone-chippis-st-leonard-a-partire-da-chf-100-00\/\",\"url\":\"https:\/\/www.swissraft.ch\/it\/prodotto\/canoa-funyak-su-le-rhone-chippis-st-leonard-a-partire-da-chf-100-00\/\",\"name\":\"Canoa funyak Chippis-St. L\u00e9onard una tranquilla sezione funyak\",\"isPartOf\":{\"@id\":\"https:\/\/www.swissraft.ch\/it\/#website\"},\"primaryImageOfPage\":{\"@id\":\"https:\/\/www.swissraft.ch\/it\/prodotto\/canoa-funyak-su-le-rhone-chippis-st-leonard-a-partire-da-chf-100-00\/#primaryimage\"},\"image\":{\"@id\":\"https:\/\/www.swissraft.ch\/it\/prodotto\/canoa-funyak-su-le-rhone-chippis-st-leonard-a-partire-da-chf-100-00\/#primaryimage\"},\"thumbnailUrl\":\"https:\/\/www.swissraft.ch\/wp-content\/uploads\/2023\/02\/2-1-Rhone-Chippis-St.-Leonard-776x776-1.jpg\",\"datePublished\":\"2023-02-26T14:44:20+00:00\",\"dateModified\":\"2026-04-12T21:16:04+00:00\",\"description\":\"Canoa funyak Chippis-St. L\u00e9onard una gita in canoa funyak sul tranquillo Rodano. Un'attivit\u00e0 molto apprezzata per le gite scolastiche, di gruppo o in famiglia.\",\"breadcrumb\":{\"@id\":\"https:\/\/www.swissraft.ch\/it\/prodotto\/canoa-funyak-su-le-rhone-chippis-st-leonard-a-partire-da-chf-100-00\/#breadcrumb\"},\"inLanguage\":\"it-IT\",\"potentialAction\":[{\"@type\":\"ReadAction\",\"target\":[\"https:\/\/www.swissraft.ch\/it\/prodotto\/canoa-funyak-su-le-rhone-chippis-st-leonard-a-partire-da-chf-100-00\/\"]}]},{\"@type\":\"ImageObject\",\"inLanguage\":\"it-IT\",\"@id\":\"https:\/\/www.swissraft.ch\/it\/prodotto\/canoa-funyak-su-le-rhone-chippis-st-leonard-a-partire-da-chf-100-00\/#primaryimage\",\"url\":\"https:\/\/www.swissraft.ch\/wp-content\/uploads\/2023\/02\/2-1-Rhone-Chippis-St.-Leonard-776x776-1.jpg\",\"contentUrl\":\"https:\/\/www.swissraft.ch\/wp-content\/uploads\/2023\/02\/2-1-Rhone-Chippis-St.-Leonard-776x776-1.jpg\",\"width\":776,\"height\":776,\"caption\":\"Funyak in canoa sul Rodano tra Chippis e San Gallo L\u00e9onard\"},{\"@type\":\"BreadcrumbList\",\"@id\":\"https:\/\/www.swissraft.ch\/it\/prodotto\/canoa-funyak-su-le-rhone-chippis-st-leonard-a-partire-da-chf-100-00\/#breadcrumb\",\"itemListElement\":[{\"@type\":\"ListItem\",\"position\":1,\"name\":\"Accueil\",\"item\":\"https:\/\/www.swissraft.ch\/it\/\"},{\"@type\":\"ListItem\",\"position\":2,\"name\":\"Negozio\",\"item\":\"https:\/\/www.swissraft.ch\/it\/negozio\/\"},{\"@type\":\"ListItem\",\"position\":3,\"name\":\"Canoa o Funyak &#8211; Rodano &#8211; Chippis-St. L\u00e9onard &#8211; Da CHF 100.00\"}]},{\"@type\":\"WebSite\",\"@id\":\"https:\/\/www.swissraft.ch\/it\/#website\",\"url\":\"https:\/\/www.swissraft.ch\/it\/\",\"name\":\"Swissraft\",\"description\":\"To enjoy nature as it is\",\"publisher\":{\"@id\":\"https:\/\/www.swissraft.ch\/it\/#organization\"},\"potentialAction\":[{\"@type\":\"SearchAction\",\"target\":{\"@type\":\"EntryPoint\",\"urlTemplate\":\"https:\/\/www.swissraft.ch\/it\/?s={search_term_string}\"},\"query-input\":{\"@type\":\"PropertyValueSpecification\",\"valueRequired\":true,\"valueName\":\"search_term_string\"}}],\"inLanguage\":\"it-IT\"},{\"@type\":\"Organization\",\"@id\":\"https:\/\/www.swissraft.ch\/it\/#organization\",\"name\":\"Swissraft\",\"url\":\"https:\/\/www.swissraft.ch\/it\/\",\"logo\":{\"@type\":\"ImageObject\",\"inLanguage\":\"it-IT\",\"@id\":\"https:\/\/www.swissraft.ch\/it\/#\/schema\/logo\/image\/\",\"url\":\"https:\/\/www.swissraft.ch\/wp-content\/uploads\/2025\/09\/Capture.jpg\",\"contentUrl\":\"https:\/\/www.swissraft.ch\/wp-content\/uploads\/2025\/09\/Capture.jpg\",\"width\":293,\"height\":108,\"caption\":\"Swissraft\"},\"image\":{\"@id\":\"https:\/\/www.swissraft.ch\/it\/#\/schema\/logo\/image\/\"}}]}<\/script>\n<!-- \/ Yoast SEO plugin. -->","yoast_head_json":{"title":"Canoa funyak Chippis-St. L\u00e9onard una tranquilla sezione funyak","description":"Canoa funyak Chippis-St. L\u00e9onard una gita in canoa funyak sul tranquillo Rodano. Un'attivit\u00e0 molto apprezzata per le gite scolastiche, di gruppo o in famiglia.","robots":{"index":"index","follow":"follow","max-snippet":"max-snippet:-1","max-image-preview":"max-image-preview:large","max-video-preview":"max-video-preview:-1"},"canonical":"https:\/\/www.swissraft.ch\/it\/prodotto\/canoa-funyak-su-le-rhone-chippis-st-leonard-a-partire-da-chf-100-00\/","og_locale":"it_IT","og_type":"article","og_title":"Canoa funyak Chippis-St. L\u00e9onard una tranquilla sezione funyak","og_description":"Canoa funyak Chippis-St. L\u00e9onard una gita in canoa funyak sul tranquillo Rodano. Un'attivit\u00e0 molto apprezzata per le gite scolastiche, di gruppo o in famiglia.","og_url":"https:\/\/www.swissraft.ch\/it\/prodotto\/canoa-funyak-su-le-rhone-chippis-st-leonard-a-partire-da-chf-100-00\/","og_site_name":"Swissraft","article_modified_time":"2026-04-12T21:16:04+00:00","og_image":[{"width":776,"height":776,"url":"https:\/\/www.swissraft.ch\/wp-content\/uploads\/2023\/02\/2-1-Rhone-Chippis-St.-Leonard-776x776-1.jpg","type":"image\/jpeg"}],"twitter_card":"summary_large_image","twitter_misc":{"Tempo di lettura stimato":"1 minuto"},"schema":{"@context":"https:\/\/schema.org","@graph":[{"@type":"WebPage","@id":"https:\/\/www.swissraft.ch\/it\/prodotto\/canoa-funyak-su-le-rhone-chippis-st-leonard-a-partire-da-chf-100-00\/","url":"https:\/\/www.swissraft.ch\/it\/prodotto\/canoa-funyak-su-le-rhone-chippis-st-leonard-a-partire-da-chf-100-00\/","name":"Canoa funyak Chippis-St. L\u00e9onard una tranquilla sezione funyak","isPartOf":{"@id":"https:\/\/www.swissraft.ch\/it\/#website"},"primaryImageOfPage":{"@id":"https:\/\/www.swissraft.ch\/it\/prodotto\/canoa-funyak-su-le-rhone-chippis-st-leonard-a-partire-da-chf-100-00\/#primaryimage"},"image":{"@id":"https:\/\/www.swissraft.ch\/it\/prodotto\/canoa-funyak-su-le-rhone-chippis-st-leonard-a-partire-da-chf-100-00\/#primaryimage"},"thumbnailUrl":"https:\/\/www.swissraft.ch\/wp-content\/uploads\/2023\/02\/2-1-Rhone-Chippis-St.-Leonard-776x776-1.jpg","datePublished":"2023-02-26T14:44:20+00:00","dateModified":"2026-04-12T21:16:04+00:00","description":"Canoa funyak Chippis-St. L\u00e9onard una gita in canoa funyak sul tranquillo Rodano. Un'attivit\u00e0 molto apprezzata per le gite scolastiche, di gruppo o in famiglia.","breadcrumb":{"@id":"https:\/\/www.swissraft.ch\/it\/prodotto\/canoa-funyak-su-le-rhone-chippis-st-leonard-a-partire-da-chf-100-00\/#breadcrumb"},"inLanguage":"it-IT","potentialAction":[{"@type":"ReadAction","target":["https:\/\/www.swissraft.ch\/it\/prodotto\/canoa-funyak-su-le-rhone-chippis-st-leonard-a-partire-da-chf-100-00\/"]}]},{"@type":"ImageObject","inLanguage":"it-IT","@id":"https:\/\/www.swissraft.ch\/it\/prodotto\/canoa-funyak-su-le-rhone-chippis-st-leonard-a-partire-da-chf-100-00\/#primaryimage","url":"https:\/\/www.swissraft.ch\/wp-content\/uploads\/2023\/02\/2-1-Rhone-Chippis-St.-Leonard-776x776-1.jpg","contentUrl":"https:\/\/www.swissraft.ch\/wp-content\/uploads\/2023\/02\/2-1-Rhone-Chippis-St.-Leonard-776x776-1.jpg","width":776,"height":776,"caption":"Funyak in canoa sul Rodano tra Chippis e San Gallo L\u00e9onard"},{"@type":"BreadcrumbList","@id":"https:\/\/www.swissraft.ch\/it\/prodotto\/canoa-funyak-su-le-rhone-chippis-st-leonard-a-partire-da-chf-100-00\/#breadcrumb","itemListElement":[{"@type":"ListItem","position":1,"name":"Accueil","item":"https:\/\/www.swissraft.ch\/it\/"},{"@type":"ListItem","position":2,"name":"Negozio","item":"https:\/\/www.swissraft.ch\/it\/negozio\/"},{"@type":"ListItem","position":3,"name":"Canoa o Funyak &#8211; Rodano &#8211; Chippis-St. L\u00e9onard &#8211; Da CHF 100.00"}]},{"@type":"WebSite","@id":"https:\/\/www.swissraft.ch\/it\/#website","url":"https:\/\/www.swissraft.ch\/it\/","name":"Swissraft","description":"To enjoy nature as it is","publisher":{"@id":"https:\/\/www.swissraft.ch\/it\/#organization"},"potentialAction":[{"@type":"SearchAction","target":{"@type":"EntryPoint","urlTemplate":"https:\/\/www.swissraft.ch\/it\/?s={search_term_string}"},"query-input":{"@type":"PropertyValueSpecification","valueRequired":true,"valueName":"search_term_string"}}],"inLanguage":"it-IT"},{"@type":"Organization","@id":"https:\/\/www.swissraft.ch\/it\/#organization","name":"Swissraft","url":"https:\/\/www.swissraft.ch\/it\/","logo":{"@type":"ImageObject","inLanguage":"it-IT","@id":"https:\/\/www.swissraft.ch\/it\/#\/schema\/logo\/image\/","url":"https:\/\/www.swissraft.ch\/wp-content\/uploads\/2025\/09\/Capture.jpg","contentUrl":"https:\/\/www.swissraft.ch\/wp-content\/uploads\/2025\/09\/Capture.jpg","width":293,"height":108,"caption":"Swissraft"},"image":{"@id":"https:\/\/www.swissraft.ch\/it\/#\/schema\/logo\/image\/"}}]}},"_links":{"self":[{"href":"https:\/\/www.swissraft.ch\/it\/wp-json\/wp\/v2\/product\/92494","targetHints":{"allow":["GET"]}}],"collection":[{"href":"https:\/\/www.swissraft.ch\/it\/wp-json\/wp\/v2\/product"}],"about":[{"href":"https:\/\/www.swissraft.ch\/it\/wp-json\/wp\/v2\/types\/product"}],"replies":[{"embeddable":true,"href":"https:\/\/www.swissraft.ch\/it\/wp-json\/wp\/v2\/comments?post=92494"}],"version-history":[{"count":18,"href":"https:\/\/www.swissraft.ch\/it\/wp-json\/wp\/v2\/product\/92494\/revisions"}],"predecessor-version":[{"id":139878,"href":"https:\/\/www.swissraft.ch\/it\/wp-json\/wp\/v2\/product\/92494\/revisions\/139878"}],"wp:featuredmedia":[{"embeddable":true,"href":"https:\/\/www.swissraft.ch\/it\/wp-json\/wp\/v2\/media\/90476"}],"wp:attachment":[{"href":"https:\/\/www.swissraft.ch\/it\/wp-json\/wp\/v2\/media?parent=92494"}],"wp:term":[{"taxonomy":"product_cat","embeddable":true,"href":"https:\/\/www.swissraft.ch\/it\/wp-json\/wp\/v2\/product_cat?post=92494"},{"taxonomy":"product_tag","embeddable":true,"href":"https:\/\/www.swissraft.ch\/it\/wp-json\/wp\/v2\/product_tag?post=92494"}],"curies":[{"name":"wp","href":"https:\/\/api.w.org\/{rel}","templated":true}]}}