{"id":92487,"date":"2023-03-19T17:20:36","date_gmt":"2023-03-19T16:20:36","guid":{"rendered":"https:\/\/swissraft.xyanzkdne.eu\/product\/corsa-scolastica-in-saanenland-facile-rafting-sarine-gstaad-rougemont-chf-60-00\/"},"modified":"2025-12-27T05:22:47","modified_gmt":"2025-12-27T04:22:47","slug":"gita-scolastica-easy-rafting-sarine-gstaad-rougemont","status":"publish","type":"product","link":"https:\/\/www.swissraft.ch\/it\/prodotto\/gita-scolastica-easy-rafting-sarine-gstaad-rougemont\/","title":{"rendered":"Gita scolastica &#8211; SAANENLAND &#8211; EASY RAFTING &#8211; SARINE &#8211; GSTAAD-ROUGEMONT &#8211; CHF 60.00"},"content":{"rendered":"\t\t<div data-elementor-type=\"wp-post\" data-elementor-id=\"92487\" class=\"elementor elementor-92487 elementor-31801\">\n\t\t\t\t\t\t\t\t\t<section class=\"elementor-section elementor-top-section elementor-element elementor-element-3303a7e3 elementor-section-boxed elementor-section-height-default elementor-section-height-default\" data-id=\"3303a7e3\" data-element_type=\"section\">\n\t\t\t\t\t\t<div class=\"elementor-container elementor-column-gap-default\">\n\t\t\t\t\t<div class=\"elementor-column elementor-col-100 elementor-top-column elementor-element elementor-element-16d72dbf\" data-id=\"16d72dbf\" data-element_type=\"column\">\n\t\t\t<div class=\"elementor-widget-wrap elementor-element-populated\">\n\t\t\t\t\t\t\t\t<div class=\"elementor-element elementor-element-d743c03 elementor-widget elementor-widget-text-editor\" data-id=\"d743c03\" data-element_type=\"widget\" data-widget_type=\"text-editor.default\">\n\t\t\t\t<div class=\"elementor-widget-container\">\n\t\t\t\t\t\t\t<h2>SCEGLI LA TUA ATTIVIT\u00c0 QUI SOTTO PER OFFRIRE BUONI REGALO \/ BIGLIETTI O EFFETTUARE UNA PRENOTAZIONE<\/h2>\n<table border=\"0\" width=\"580\" cellspacing=\"10\" cellpadding=\"10\">\n<tbody>\n<tr>\n<td width=\"50%\"><strong>GITA SCOLASTICA &#8211; EASY RAFTING &#8211; SARINE + Bevanda<\/strong><\/td>\n<td><strong>CHF 60.00 per allievo<span class=\"productPrice\"><br \/><\/span><\/strong><\/td>\n<\/tr>\n<tr>\n<td>Informazioni aggiuntive<\/td>\n<td>&#8211;<span class=\"patt\"> Et\u00e0 minima 8 anni<br \/><\/span>&#8211; \u00c8 obbligatorio l&#8217;accompagnamento di un adulto<\/td>\n<\/tr>\n<tr>\n<td>Percorso<\/td>\n<td><strong>Gstaad-Rougemont<\/strong><\/td>\n<\/tr>\n<tr>\n<td>Orari<\/td>\n<td>10h00 \/ 14h00<\/td>\n<\/tr>\n<tr>\n<td>Easy rafting o Fun rafting<\/td>\n<td>circa 40 min.<\/td>\n<\/tr>\n<tr>\n<td>Durata totale<\/td>\n<td>circa 2 ore<\/td>\n<\/tr>\n<tr>\n<td>Luego d&#8217;incontro<\/td>\n<td> <span style=\"color: #ff6600;\"><a href=\"https:\/\/www.google.com\/maps\/place\/46%C2%B028'03.8%22N+7%C2%B007'32.8%22E\/@46.4677963,7.1234029,472m\/data=!3m1!1e3!4m4!3m3!8m2!3d46.467715!4d7.125784?entry=ttu&amp;g_ep=EgoyMDI1MDIwNS4wIKXMDSoASAFQAw%3D%3D\" target=\"_blank\" rel=\"noopener\">Camping du berceau<\/a> <\/span> <\/td>\n<\/tr>\n<tr>\n<td>Difficolt\u00e0<\/td>\n<td>1 \u00e0 2<\/td>\n<\/tr>\n<tr>\n<td> <\/td>\n<td>Per prenotare : <span style=\"color: #ff6600;\"><a href=\"https:\/\/www.swissraft.ch\/it\/contattaci\/\">Ccontattateci<\/a><\/span><\/td>\n<\/tr>\n<\/tbody>\n<\/table>\n\t\t\t\t\t\t<\/div>\n\t\t\t\t<\/div>\n\t\t\t\t\t<\/div>\n\t\t<\/div>\n\t\t\t\t\t\t\t<\/div>\n\t\t<\/section>\n\t\t\t\t\t\t\t<\/div>\n\t\t","protected":false},"excerpt":{"rendered":"<div align=\"justify\">\n<h2 align=\"justify\">Gita scolastica sulla Sarine per i piccoli studenti amanti dell&#8217;avventura<\/h2>\n<h3>Da Gstaad a Rougemont sulla Sarine la tua gita scolastica per i pi\u00f9 piccoli sar\u00e0 un grande successo<\/h3>\n<\/div>\n<div align=\"justify\">\n<p>Gli studenti si riuniscono eccitati al punto di partenza a Gstaad. Dopo le istruzioni di sicurezza, salgono a bordo delle barche. Risate e grida di gioia riecheggiano sull&#8217;acqua. Il gruppo si incammin\u00f2 subito lungo la Sarine. L&#8217;acqua scorre tranquillamente, rendendo il percorso piacevole per tutti. Grazie a istruttori esperti, i ragazzi possono pagaiare in tutta sicurezza.<br \/>\nPoi, le rapide leggere aggiungono un po&#8217; di brivido all&#8217;avventura. I partecipanti si concentrano sulle manovre insieme. L&#8217;incantevole paesaggio dell <a href=\"https:\/\/fr.wikipedia.org\/wiki\/Oberland_bernois\" target=\"_blank\" rel=\"noopener\">&#8216;Oberland Bernese<\/a> si dispiega intorno a loro. Le montagne e le foreste verdeggianti ti accompagnano lungo il percorso.<br \/>\nInfine, arriva a Rougemont nel <a href=\"https:\/\/fr.wikipedia.org\/wiki\/District_du_Pays-d%27Enhaut\" target=\"_blank\" rel=\"noopener\">Pays d&#8217;Enhaut<\/a>. I bambini scendono dalle barche, felici e orgogliosi dei risultati ottenuti. Questa gita lascia ricordi indimenticabili a tutti i partecipanti. <a href=\"https:\/\/fr.wikipedia.org\/wiki\/Rafting\" target=\"_blank\" rel=\"noopener\">Il rafting<\/a> \u00e8 un ottimo modo per scoprire la natura e divertirsi allo stesso tempo.<\/p>\n<h3>Swissraft offre altri percorsi di Easy rafting e Fun rafting in Svizzera per le gite scolastiche.<\/h3>\n<p id=\"textarea\" style=\"display: none;\">\nIn Vallese puoi fare Easy rafting o Fun rafting sul Rodano tra Chippis e San L\u00e9onard. Ma anche sul Ticino tra <a href=\"\/product\/course-ecole-easy-rafting-ticino-tessin-cresciano-gorduno\/\" target=\"_blank\" rel=\"noopener\">Cresciano e Bellinzona<\/a>. Nella Svizzera centrale, offriamo anche un Easy rafting sulla Reuss, con una vasta gamma di percorsi. Ma anche sull&#8217;Aare, vicino a Berna. Oppure sul Reno sotto le cascate del Reno, Swissraft offre due percorsi, uno di mezza giornata e l&#8217;altro di una giornata intera.<br \/>\nE se vuoi pi\u00f9 azione per gli studenti pi\u00f9 grandi, scegli il rafting su alcuni dei fiumi pi\u00f9 belli della Svizzera.\n<\/p>\n<p><a id=\"seeMore\" onclick=\"toggleSeeMore()\" href=\"javascript:void(0);\">Leggi tutto<\/a><\/p>\n","protected":false},"featured_media":90914,"comment_status":"open","ping_status":"closed","template":"","meta":{"inline_featured_image":false,"_mi_skip_tracking":false},"product_cat":[404,636,405],"product_tag":[],"class_list":["post-92487","product","type-product","status-publish","has-post-thumbnail","hentry","product_cat-gruppo","product_cat-gita-scolastica-easy-rafting-in-svizzera","product_cat-corsa-scolastica-gita-scolastica"],"yoast_head":"<!-- This site is optimized with the Yoast SEO plugin v23.6 - https:\/\/yoast.com\/wordpress\/plugins\/seo\/ -->\n<title>Gita scolastica Easy rafting Sarine easy<\/title>\n<meta name=\"description\" content=\"Gita scolastica Easy rafting Sarine. Il percorso tra Gstaad nell&#039;Oberland Bernese e Rougemont nel Pays d&#039;Enhaut \u00e8 ideale per i giovani allievi.\" \/>\n<meta name=\"robots\" content=\"index, follow, max-snippet:-1, max-image-preview:large, max-video-preview:-1\" \/>\n<link rel=\"canonical\" href=\"https:\/\/www.swissraft.ch\/it\/prodotto\/gita-scolastica-easy-rafting-sarine-gstaad-rougemont\/\" \/>\n<meta property=\"og:locale\" content=\"it_IT\" \/>\n<meta property=\"og:type\" content=\"article\" \/>\n<meta property=\"og:title\" content=\"Gita scolastica Easy rafting Sarine easy\" \/>\n<meta property=\"og:description\" content=\"Gita scolastica Easy rafting Sarine. Il percorso tra Gstaad nell&#039;Oberland Bernese e Rougemont nel Pays d&#039;Enhaut \u00e8 ideale per i giovani allievi.\" \/>\n<meta property=\"og:url\" content=\"https:\/\/www.swissraft.ch\/it\/prodotto\/gita-scolastica-easy-rafting-sarine-gstaad-rougemont\/\" \/>\n<meta property=\"og:site_name\" content=\"Swissraft\" \/>\n<meta property=\"article:modified_time\" content=\"2025-12-27T04:22:47+00:00\" \/>\n<meta property=\"og:image\" content=\"https:\/\/www.swissraft.ch\/wp-content\/uploads\/2023\/03\/Easy-rafting-en-Suisse-Romande-776x776-1.jpg\" \/>\n\t<meta property=\"og:image:width\" content=\"776\" \/>\n\t<meta property=\"og:image:height\" content=\"776\" \/>\n\t<meta property=\"og:image:type\" content=\"image\/jpeg\" \/>\n<meta name=\"twitter:card\" content=\"summary_large_image\" \/>\n<meta name=\"twitter:label1\" content=\"Tempo di lettura stimato\" \/>\n\t<meta name=\"twitter:data1\" content=\"1 minuto\" \/>\n<script type=\"application\/ld+json\" class=\"yoast-schema-graph\">{\"@context\":\"https:\/\/schema.org\",\"@graph\":[{\"@type\":\"WebPage\",\"@id\":\"https:\/\/www.swissraft.ch\/it\/prodotto\/gita-scolastica-easy-rafting-sarine-gstaad-rougemont\/\",\"url\":\"https:\/\/www.swissraft.ch\/it\/prodotto\/gita-scolastica-easy-rafting-sarine-gstaad-rougemont\/\",\"name\":\"Gita scolastica Easy rafting Sarine easy\",\"isPartOf\":{\"@id\":\"https:\/\/www.swissraft.ch\/it\/#website\"},\"primaryImageOfPage\":{\"@id\":\"https:\/\/www.swissraft.ch\/it\/prodotto\/gita-scolastica-easy-rafting-sarine-gstaad-rougemont\/#primaryimage\"},\"image\":{\"@id\":\"https:\/\/www.swissraft.ch\/it\/prodotto\/gita-scolastica-easy-rafting-sarine-gstaad-rougemont\/#primaryimage\"},\"thumbnailUrl\":\"https:\/\/www.swissraft.ch\/wp-content\/uploads\/2023\/03\/Easy-rafting-en-Suisse-Romande-776x776-1.jpg\",\"datePublished\":\"2023-03-19T16:20:36+00:00\",\"dateModified\":\"2025-12-27T04:22:47+00:00\",\"description\":\"Gita scolastica Easy rafting Sarine. Il percorso tra Gstaad nell'Oberland Bernese e Rougemont nel Pays d'Enhaut \u00e8 ideale per i giovani allievi.\",\"breadcrumb\":{\"@id\":\"https:\/\/www.swissraft.ch\/it\/prodotto\/gita-scolastica-easy-rafting-sarine-gstaad-rougemont\/#breadcrumb\"},\"inLanguage\":\"it-IT\",\"potentialAction\":[{\"@type\":\"ReadAction\",\"target\":[\"https:\/\/www.swissraft.ch\/it\/prodotto\/gita-scolastica-easy-rafting-sarine-gstaad-rougemont\/\"]}]},{\"@type\":\"ImageObject\",\"inLanguage\":\"it-IT\",\"@id\":\"https:\/\/www.swissraft.ch\/it\/prodotto\/gita-scolastica-easy-rafting-sarine-gstaad-rougemont\/#primaryimage\",\"url\":\"https:\/\/www.swissraft.ch\/wp-content\/uploads\/2023\/03\/Easy-rafting-en-Suisse-Romande-776x776-1.jpg\",\"contentUrl\":\"https:\/\/www.swissraft.ch\/wp-content\/uploads\/2023\/03\/Easy-rafting-en-Suisse-Romande-776x776-1.jpg\",\"width\":776,\"height\":776,\"caption\":\"Gara della scuola di rafting di Esay sulla Sarine\"},{\"@type\":\"BreadcrumbList\",\"@id\":\"https:\/\/www.swissraft.ch\/it\/prodotto\/gita-scolastica-easy-rafting-sarine-gstaad-rougemont\/#breadcrumb\",\"itemListElement\":[{\"@type\":\"ListItem\",\"position\":1,\"name\":\"Accueil\",\"item\":\"https:\/\/www.swissraft.ch\/it\/\"},{\"@type\":\"ListItem\",\"position\":2,\"name\":\"Negozio\",\"item\":\"https:\/\/www.swissraft.ch\/it\/negozio\/\"},{\"@type\":\"ListItem\",\"position\":3,\"name\":\"Gita scolastica &#8211; SAANENLAND &#8211; EASY RAFTING &#8211; SARINE &#8211; GSTAAD-ROUGEMONT &#8211; CHF 60.00\"}]},{\"@type\":\"WebSite\",\"@id\":\"https:\/\/www.swissraft.ch\/it\/#website\",\"url\":\"https:\/\/www.swissraft.ch\/it\/\",\"name\":\"Swissraft\",\"description\":\"To enjoy nature as it is\",\"publisher\":{\"@id\":\"https:\/\/www.swissraft.ch\/it\/#organization\"},\"potentialAction\":[{\"@type\":\"SearchAction\",\"target\":{\"@type\":\"EntryPoint\",\"urlTemplate\":\"https:\/\/www.swissraft.ch\/it\/?s={search_term_string}\"},\"query-input\":{\"@type\":\"PropertyValueSpecification\",\"valueRequired\":true,\"valueName\":\"search_term_string\"}}],\"inLanguage\":\"it-IT\"},{\"@type\":\"Organization\",\"@id\":\"https:\/\/www.swissraft.ch\/it\/#organization\",\"name\":\"Swissraft\",\"url\":\"https:\/\/www.swissraft.ch\/it\/\",\"logo\":{\"@type\":\"ImageObject\",\"inLanguage\":\"it-IT\",\"@id\":\"https:\/\/www.swissraft.ch\/it\/#\/schema\/logo\/image\/\",\"url\":\"https:\/\/www.swissraft.ch\/wp-content\/uploads\/2025\/09\/Capture.jpg\",\"contentUrl\":\"https:\/\/www.swissraft.ch\/wp-content\/uploads\/2025\/09\/Capture.jpg\",\"width\":293,\"height\":108,\"caption\":\"Swissraft\"},\"image\":{\"@id\":\"https:\/\/www.swissraft.ch\/it\/#\/schema\/logo\/image\/\"}}]}<\/script>\n<!-- \/ Yoast SEO plugin. -->","yoast_head_json":{"title":"Gita scolastica Easy rafting Sarine easy","description":"Gita scolastica Easy rafting Sarine. Il percorso tra Gstaad nell'Oberland Bernese e Rougemont nel Pays d'Enhaut \u00e8 ideale per i giovani allievi.","robots":{"index":"index","follow":"follow","max-snippet":"max-snippet:-1","max-image-preview":"max-image-preview:large","max-video-preview":"max-video-preview:-1"},"canonical":"https:\/\/www.swissraft.ch\/it\/prodotto\/gita-scolastica-easy-rafting-sarine-gstaad-rougemont\/","og_locale":"it_IT","og_type":"article","og_title":"Gita scolastica Easy rafting Sarine easy","og_description":"Gita scolastica Easy rafting Sarine. Il percorso tra Gstaad nell'Oberland Bernese e Rougemont nel Pays d'Enhaut \u00e8 ideale per i giovani allievi.","og_url":"https:\/\/www.swissraft.ch\/it\/prodotto\/gita-scolastica-easy-rafting-sarine-gstaad-rougemont\/","og_site_name":"Swissraft","article_modified_time":"2025-12-27T04:22:47+00:00","og_image":[{"width":776,"height":776,"url":"https:\/\/www.swissraft.ch\/wp-content\/uploads\/2023\/03\/Easy-rafting-en-Suisse-Romande-776x776-1.jpg","type":"image\/jpeg"}],"twitter_card":"summary_large_image","twitter_misc":{"Tempo di lettura stimato":"1 minuto"},"schema":{"@context":"https:\/\/schema.org","@graph":[{"@type":"WebPage","@id":"https:\/\/www.swissraft.ch\/it\/prodotto\/gita-scolastica-easy-rafting-sarine-gstaad-rougemont\/","url":"https:\/\/www.swissraft.ch\/it\/prodotto\/gita-scolastica-easy-rafting-sarine-gstaad-rougemont\/","name":"Gita scolastica Easy rafting Sarine easy","isPartOf":{"@id":"https:\/\/www.swissraft.ch\/it\/#website"},"primaryImageOfPage":{"@id":"https:\/\/www.swissraft.ch\/it\/prodotto\/gita-scolastica-easy-rafting-sarine-gstaad-rougemont\/#primaryimage"},"image":{"@id":"https:\/\/www.swissraft.ch\/it\/prodotto\/gita-scolastica-easy-rafting-sarine-gstaad-rougemont\/#primaryimage"},"thumbnailUrl":"https:\/\/www.swissraft.ch\/wp-content\/uploads\/2023\/03\/Easy-rafting-en-Suisse-Romande-776x776-1.jpg","datePublished":"2023-03-19T16:20:36+00:00","dateModified":"2025-12-27T04:22:47+00:00","description":"Gita scolastica Easy rafting Sarine. Il percorso tra Gstaad nell'Oberland Bernese e Rougemont nel Pays d'Enhaut \u00e8 ideale per i giovani allievi.","breadcrumb":{"@id":"https:\/\/www.swissraft.ch\/it\/prodotto\/gita-scolastica-easy-rafting-sarine-gstaad-rougemont\/#breadcrumb"},"inLanguage":"it-IT","potentialAction":[{"@type":"ReadAction","target":["https:\/\/www.swissraft.ch\/it\/prodotto\/gita-scolastica-easy-rafting-sarine-gstaad-rougemont\/"]}]},{"@type":"ImageObject","inLanguage":"it-IT","@id":"https:\/\/www.swissraft.ch\/it\/prodotto\/gita-scolastica-easy-rafting-sarine-gstaad-rougemont\/#primaryimage","url":"https:\/\/www.swissraft.ch\/wp-content\/uploads\/2023\/03\/Easy-rafting-en-Suisse-Romande-776x776-1.jpg","contentUrl":"https:\/\/www.swissraft.ch\/wp-content\/uploads\/2023\/03\/Easy-rafting-en-Suisse-Romande-776x776-1.jpg","width":776,"height":776,"caption":"Gara della scuola di rafting di Esay sulla Sarine"},{"@type":"BreadcrumbList","@id":"https:\/\/www.swissraft.ch\/it\/prodotto\/gita-scolastica-easy-rafting-sarine-gstaad-rougemont\/#breadcrumb","itemListElement":[{"@type":"ListItem","position":1,"name":"Accueil","item":"https:\/\/www.swissraft.ch\/it\/"},{"@type":"ListItem","position":2,"name":"Negozio","item":"https:\/\/www.swissraft.ch\/it\/negozio\/"},{"@type":"ListItem","position":3,"name":"Gita scolastica &#8211; SAANENLAND &#8211; EASY RAFTING &#8211; SARINE &#8211; GSTAAD-ROUGEMONT &#8211; CHF 60.00"}]},{"@type":"WebSite","@id":"https:\/\/www.swissraft.ch\/it\/#website","url":"https:\/\/www.swissraft.ch\/it\/","name":"Swissraft","description":"To enjoy nature as it is","publisher":{"@id":"https:\/\/www.swissraft.ch\/it\/#organization"},"potentialAction":[{"@type":"SearchAction","target":{"@type":"EntryPoint","urlTemplate":"https:\/\/www.swissraft.ch\/it\/?s={search_term_string}"},"query-input":{"@type":"PropertyValueSpecification","valueRequired":true,"valueName":"search_term_string"}}],"inLanguage":"it-IT"},{"@type":"Organization","@id":"https:\/\/www.swissraft.ch\/it\/#organization","name":"Swissraft","url":"https:\/\/www.swissraft.ch\/it\/","logo":{"@type":"ImageObject","inLanguage":"it-IT","@id":"https:\/\/www.swissraft.ch\/it\/#\/schema\/logo\/image\/","url":"https:\/\/www.swissraft.ch\/wp-content\/uploads\/2025\/09\/Capture.jpg","contentUrl":"https:\/\/www.swissraft.ch\/wp-content\/uploads\/2025\/09\/Capture.jpg","width":293,"height":108,"caption":"Swissraft"},"image":{"@id":"https:\/\/www.swissraft.ch\/it\/#\/schema\/logo\/image\/"}}]}},"_links":{"self":[{"href":"https:\/\/www.swissraft.ch\/it\/wp-json\/wp\/v2\/product\/92487","targetHints":{"allow":["GET"]}}],"collection":[{"href":"https:\/\/www.swissraft.ch\/it\/wp-json\/wp\/v2\/product"}],"about":[{"href":"https:\/\/www.swissraft.ch\/it\/wp-json\/wp\/v2\/types\/product"}],"replies":[{"embeddable":true,"href":"https:\/\/www.swissraft.ch\/it\/wp-json\/wp\/v2\/comments?post=92487"}],"version-history":[{"count":30,"href":"https:\/\/www.swissraft.ch\/it\/wp-json\/wp\/v2\/product\/92487\/revisions"}],"predecessor-version":[{"id":125249,"href":"https:\/\/www.swissraft.ch\/it\/wp-json\/wp\/v2\/product\/92487\/revisions\/125249"}],"wp:featuredmedia":[{"embeddable":true,"href":"https:\/\/www.swissraft.ch\/it\/wp-json\/wp\/v2\/media\/90914"}],"wp:attachment":[{"href":"https:\/\/www.swissraft.ch\/it\/wp-json\/wp\/v2\/media?parent=92487"}],"wp:term":[{"taxonomy":"product_cat","embeddable":true,"href":"https:\/\/www.swissraft.ch\/it\/wp-json\/wp\/v2\/product_cat?post=92487"},{"taxonomy":"product_tag","embeddable":true,"href":"https:\/\/www.swissraft.ch\/it\/wp-json\/wp\/v2\/product_tag?post=92487"}],"curies":[{"name":"wp","href":"https:\/\/api.w.org\/{rel}","templated":true}]}}