{"id":92471,"date":"2023-03-19T12:12:01","date_gmt":"2023-03-19T11:12:01","guid":{"rendered":"https:\/\/swissraft.xyanzkdne.eu\/product\/gita-scolastica-rafting-facile-lungo-le-cascate-del-reno-schaffhouse-rheinau-chf-79-00\/"},"modified":"2025-12-27T16:41:20","modified_gmt":"2025-12-27T15:41:20","slug":"gita-scolastica-easy-rafting-valle-cascate-reno-sciaffusa-rheinau","status":"publish","type":"product","link":"https:\/\/www.swissraft.ch\/it\/prodotto\/gita-scolastica-easy-rafting-valle-cascate-reno-sciaffusa-rheinau\/","title":{"rendered":"Gita scolastica &#8211; A VALLE DELLE CASCATE DEL RENO &#8211; EASY RAFTING &#8211; SCIAFFUSA-RHEINAU &#8211; CHF 75.00"},"content":{"rendered":"\t\t<div data-elementor-type=\"wp-post\" data-elementor-id=\"92471\" class=\"elementor elementor-92471 elementor-31695\">\n\t\t\t\t\t\t\t\t\t<section class=\"elementor-section elementor-top-section elementor-element elementor-element-3303a7e3 elementor-section-boxed elementor-section-height-default elementor-section-height-default\" data-id=\"3303a7e3\" data-element_type=\"section\">\n\t\t\t\t\t\t<div class=\"elementor-container elementor-column-gap-default\">\n\t\t\t\t\t<div class=\"elementor-column elementor-col-100 elementor-top-column elementor-element elementor-element-16d72dbf\" data-id=\"16d72dbf\" data-element_type=\"column\">\n\t\t\t<div class=\"elementor-widget-wrap elementor-element-populated\">\n\t\t\t\t\t\t\t\t<div class=\"elementor-element elementor-element-d743c03 elementor-widget elementor-widget-text-editor\" data-id=\"d743c03\" data-element_type=\"widget\" data-widget_type=\"text-editor.default\">\n\t\t\t\t<div class=\"elementor-widget-container\">\n\t\t\t\t\t\t\t<h2>SCEGLI LA TUA ATTIVIT\u00c0 QUI SOTTO PER OFFRIRE BUONI REGALO\/BIGLIETTI O EFFETTUARE UNA PRENOTAZIONE<\/h2><table border=\"0\" width=\"580\" cellspacing=\"10\" cellpadding=\"10\"><tbody><tr><td width=\"50%\"><strong>GITA SCOLASTICA &#8211; EASY RAFTING &#8211; RENO &#8211; SCIAFFUSA-RHEINAU + Bevanda<\/strong><\/td><td><strong>CHF 75.00 per alunno<span class=\"productPrice\"><br \/><\/span><\/strong><\/td><\/tr><tr><td>Informazioni aggiuntive<\/td><td>&#8211;<span class=\"patt\"> Et\u00e0 minima 10 anni<br \/><\/span>&#8211; Accompagnatore adulto obbligatorio<br \/>&#8211; Minimo 15 allievi<\/td><\/tr><tr><td>Percorso<\/td><td><strong>Sciaffusa-Rheinau<\/strong><\/td><\/tr><tr><td>Orari<\/td><td>10h00 \/ 13h30<\/td><\/tr><tr><td>Easy rafting o fun rafting<\/td><td>circa 2 ore<\/td><\/tr><tr><td>Durata totale<\/td><td>circa 3,5 ore<\/td><\/tr><tr><td>Luego d&#8217;incontro<\/td><td><a href=\"https:\/\/www.google.com\/maps\/place\/47%C2%B040'41.3%22N+8%C2%B036'40.1%22E\/@47.678175,8.6088,380m\/data=!3m1!1e3!4m4!3m3!8m2!3d47.6781389!4d8.6111389?entry=ttu&amp;g_ep=EgoyMDI0MDkyNS4wIKXMDSoASAFQAw%3D%3D\" target=\"_blank\" rel=\"noopener\">Neuhausen<\/a><\/td><\/tr><tr><td>Difficolt\u00e0<\/td><td>1+<\/td><\/tr><tr><td>\u00a0<\/td><td>Per prenotare : <a href=\"https:\/\/www.swissraft.ch\/it\/contattaci\/\">Contattateci<\/a><\/td><\/tr><\/tbody><\/table>\t\t\t\t\t\t<\/div>\n\t\t\t\t<\/div>\n\t\t\t\t\t<\/div>\n\t\t<\/div>\n\t\t\t\t\t\t\t<\/div>\n\t\t<\/section>\n\t\t\t\t\t\t\t<\/div>\n\t\t","protected":false},"excerpt":{"rendered":"<div align=\"justify\">\n<h2 align=\"justify\">Per la tua gita scolastica, decidi di fare un easy rafting lungo il maestoso Reno.<\/h2>\n<h3>Un percorso di 10 chilometri tra Sciaffusa e Rheinau, dove gli alunni potranno scoprire una bellissima regione lungo l&#8217;acqua.<\/h3>\n<\/div>\n<div align=\"justify\">\n<p>Per la tua gita scolastica, goditi un&#8217;incredibile esperienza di Easy Rafting proprio sotto le cascate del Reno. Le nostre guide ti danno il benvenuto a Neuhausen e ti forniscono le istruzioni di sicurezza. Poi, equipaggiato con giubbotti di salvataggio e pagaie, sali a bordo della tua barca. La corrente costante e delicata ti permette di prendere confidenza e padroneggiare la tua barca. Tuttavia, ci sono alcune rapide che rendono l&#8217;avventura pi\u00f9 movimentata. Ad ogni ansa del fiume, il paesaggio della Valle del Reno cambia e ti sorprende. Divisi su pi\u00f9 gommoni, si procede in armonia, guidati dall&#8217;incoraggiamento degli istruttori. Raggiungerai presto Rheinau, che segna la fine del tuo divertente viaggio in rafting. Questa mezza giornata di Easy Rafting ha rafforzato la coesione della classe e ha creato dei bei ricordi.<\/p>\n<h3>Vuoi offrire ai tuoi alunni una gita scolastica sportiva e all&#8217;aria aperta? Swissraft, partner di molte scuole in Svizzera dal 1982, garantisce una grande avventura in tutta sicurezza.<\/h3>\n<p id=\"textarea\" style=\"display: none;\">\nSempre sul Reno, ti proponiamo un altro itinerario : Sciaffusa-Rudlingen, un&#8217;opzione di un giorno. Nel Vallese, facciamo anche del divertente rafting sul Rodano tra Chippis e San L\u00e9onard. Offriamo anche un easy rafting tra Gstaad e Rougement sulla Sarine nel Pays d&#8217;Enhaut. Ma anche sull&#8217;Aare tra Thun e Berna. Offriamo anche Easy rafting in Svizzera centrale sulla Reuss, con 6 percorsi. Per chi ama il caldo, consigliamo il fun rafting sul Ticino in Ticino. I tuoi alunni vogliono pi\u00f9 azione? Scegli poi il Reno tra Ilanz e Reichenau nel famoso Grand Canyon svizzero. Oppure scegli di scendere la Sarine tra Saanen e Les Moulins, vicino a Ch\u00e2teau d&#8217;\u00d4ex. Ma anche la Simme da Boltigen a D\u00e4rstetten e la Lutschine da Interlaken. Inoltre, nel Vallese puoi scegliere tra tre bellissimi fiumi: il Rodano, il Vi\u00e8ge e la Dranse de Bagnes.\n<\/p>\n<p><a id=\"seeMore\" onclick=\"toggleSeeMore()\" href=\"javascript:void(0);\">Leggi tutto<\/a><\/p>\n","protected":false},"featured_media":91034,"comment_status":"open","ping_status":"closed","template":"","meta":{"inline_featured_image":false,"_mi_skip_tracking":false},"product_cat":[404,636,405],"product_tag":[],"class_list":["post-92471","product","type-product","status-publish","has-post-thumbnail","hentry","product_cat-gruppo","product_cat-gita-scolastica-easy-rafting-in-svizzera","product_cat-corsa-scolastica-gita-scolastica"],"yoast_head":"<!-- This site is optimized with the Yoast SEO plugin v23.6 - https:\/\/yoast.com\/wordpress\/plugins\/seo\/ -->\n<title>Gita scolastica Schaffhausen-Rheinau sul Reno<\/title>\n<meta name=\"description\" content=\"Gita scolastica Schaffhausen-Rheinau sul Reno. Tutta la classe si divertir\u00e0 a percorrere questo tratto di Reno con l&#039;insegnante.\" \/>\n<meta name=\"robots\" content=\"index, follow, max-snippet:-1, max-image-preview:large, max-video-preview:-1\" \/>\n<link rel=\"canonical\" href=\"https:\/\/www.swissraft.ch\/it\/prodotto\/gita-scolastica-easy-rafting-valle-cascate-reno-sciaffusa-rheinau\/\" \/>\n<meta property=\"og:locale\" content=\"it_IT\" \/>\n<meta property=\"og:type\" content=\"article\" \/>\n<meta property=\"og:title\" content=\"Gita scolastica Schaffhausen-Rheinau sul Reno\" \/>\n<meta property=\"og:description\" content=\"Gita scolastica Schaffhausen-Rheinau sul Reno. Tutta la classe si divertir\u00e0 a percorrere questo tratto di Reno con l&#039;insegnante.\" \/>\n<meta property=\"og:url\" content=\"https:\/\/www.swissraft.ch\/it\/prodotto\/gita-scolastica-easy-rafting-valle-cascate-reno-sciaffusa-rheinau\/\" \/>\n<meta property=\"og:site_name\" content=\"Swissraft\" \/>\n<meta property=\"article:modified_time\" content=\"2025-12-27T15:41:20+00:00\" \/>\n<meta property=\"og:image\" content=\"https:\/\/www.swissraft.ch\/wp-content\/uploads\/2023\/03\/1-2-Reinau-776x776-1.jpg\" \/>\n\t<meta property=\"og:image:width\" content=\"776\" \/>\n\t<meta property=\"og:image:height\" content=\"776\" \/>\n\t<meta property=\"og:image:type\" content=\"image\/jpeg\" \/>\n<meta name=\"twitter:card\" content=\"summary_large_image\" \/>\n<meta name=\"twitter:label1\" content=\"Tempo di lettura stimato\" \/>\n\t<meta name=\"twitter:data1\" content=\"1 minuto\" \/>\n<script type=\"application\/ld+json\" class=\"yoast-schema-graph\">{\"@context\":\"https:\/\/schema.org\",\"@graph\":[{\"@type\":\"WebPage\",\"@id\":\"https:\/\/www.swissraft.ch\/it\/prodotto\/gita-scolastica-easy-rafting-valle-cascate-reno-sciaffusa-rheinau\/\",\"url\":\"https:\/\/www.swissraft.ch\/it\/prodotto\/gita-scolastica-easy-rafting-valle-cascate-reno-sciaffusa-rheinau\/\",\"name\":\"Gita scolastica Schaffhausen-Rheinau sul Reno\",\"isPartOf\":{\"@id\":\"https:\/\/www.swissraft.ch\/it\/#website\"},\"primaryImageOfPage\":{\"@id\":\"https:\/\/www.swissraft.ch\/it\/prodotto\/gita-scolastica-easy-rafting-valle-cascate-reno-sciaffusa-rheinau\/#primaryimage\"},\"image\":{\"@id\":\"https:\/\/www.swissraft.ch\/it\/prodotto\/gita-scolastica-easy-rafting-valle-cascate-reno-sciaffusa-rheinau\/#primaryimage\"},\"thumbnailUrl\":\"https:\/\/www.swissraft.ch\/wp-content\/uploads\/2023\/03\/1-2-Reinau-776x776-1.jpg\",\"datePublished\":\"2023-03-19T11:12:01+00:00\",\"dateModified\":\"2025-12-27T15:41:20+00:00\",\"description\":\"Gita scolastica Schaffhausen-Rheinau sul Reno. Tutta la classe si divertir\u00e0 a percorrere questo tratto di Reno con l'insegnante.\",\"breadcrumb\":{\"@id\":\"https:\/\/www.swissraft.ch\/it\/prodotto\/gita-scolastica-easy-rafting-valle-cascate-reno-sciaffusa-rheinau\/#breadcrumb\"},\"inLanguage\":\"it-IT\",\"potentialAction\":[{\"@type\":\"ReadAction\",\"target\":[\"https:\/\/www.swissraft.ch\/it\/prodotto\/gita-scolastica-easy-rafting-valle-cascate-reno-sciaffusa-rheinau\/\"]}]},{\"@type\":\"ImageObject\",\"inLanguage\":\"it-IT\",\"@id\":\"https:\/\/www.swissraft.ch\/it\/prodotto\/gita-scolastica-easy-rafting-valle-cascate-reno-sciaffusa-rheinau\/#primaryimage\",\"url\":\"https:\/\/www.swissraft.ch\/wp-content\/uploads\/2023\/03\/1-2-Reinau-776x776-1.jpg\",\"contentUrl\":\"https:\/\/www.swissraft.ch\/wp-content\/uploads\/2023\/03\/1-2-Reinau-776x776-1.jpg\",\"width\":776,\"height\":776,\"caption\":\"Gita scolastica Schaffhausen-Rheinau sul Reno da Sciaffusa a Rheinau\"},{\"@type\":\"BreadcrumbList\",\"@id\":\"https:\/\/www.swissraft.ch\/it\/prodotto\/gita-scolastica-easy-rafting-valle-cascate-reno-sciaffusa-rheinau\/#breadcrumb\",\"itemListElement\":[{\"@type\":\"ListItem\",\"position\":1,\"name\":\"Accueil\",\"item\":\"https:\/\/www.swissraft.ch\/it\/\"},{\"@type\":\"ListItem\",\"position\":2,\"name\":\"Negozio\",\"item\":\"https:\/\/www.swissraft.ch\/it\/negozio\/\"},{\"@type\":\"ListItem\",\"position\":3,\"name\":\"Gita scolastica &#8211; A VALLE DELLE CASCATE DEL RENO &#8211; EASY RAFTING &#8211; SCIAFFUSA-RHEINAU &#8211; CHF 75.00\"}]},{\"@type\":\"WebSite\",\"@id\":\"https:\/\/www.swissraft.ch\/it\/#website\",\"url\":\"https:\/\/www.swissraft.ch\/it\/\",\"name\":\"Swissraft\",\"description\":\"To enjoy nature as it is\",\"publisher\":{\"@id\":\"https:\/\/www.swissraft.ch\/it\/#organization\"},\"potentialAction\":[{\"@type\":\"SearchAction\",\"target\":{\"@type\":\"EntryPoint\",\"urlTemplate\":\"https:\/\/www.swissraft.ch\/it\/?s={search_term_string}\"},\"query-input\":{\"@type\":\"PropertyValueSpecification\",\"valueRequired\":true,\"valueName\":\"search_term_string\"}}],\"inLanguage\":\"it-IT\"},{\"@type\":\"Organization\",\"@id\":\"https:\/\/www.swissraft.ch\/it\/#organization\",\"name\":\"Swissraft\",\"url\":\"https:\/\/www.swissraft.ch\/it\/\",\"logo\":{\"@type\":\"ImageObject\",\"inLanguage\":\"it-IT\",\"@id\":\"https:\/\/www.swissraft.ch\/it\/#\/schema\/logo\/image\/\",\"url\":\"https:\/\/www.swissraft.ch\/wp-content\/uploads\/2025\/09\/Capture.jpg\",\"contentUrl\":\"https:\/\/www.swissraft.ch\/wp-content\/uploads\/2025\/09\/Capture.jpg\",\"width\":293,\"height\":108,\"caption\":\"Swissraft\"},\"image\":{\"@id\":\"https:\/\/www.swissraft.ch\/it\/#\/schema\/logo\/image\/\"}}]}<\/script>\n<!-- \/ Yoast SEO plugin. -->","yoast_head_json":{"title":"Gita scolastica Schaffhausen-Rheinau sul Reno","description":"Gita scolastica Schaffhausen-Rheinau sul Reno. Tutta la classe si divertir\u00e0 a percorrere questo tratto di Reno con l'insegnante.","robots":{"index":"index","follow":"follow","max-snippet":"max-snippet:-1","max-image-preview":"max-image-preview:large","max-video-preview":"max-video-preview:-1"},"canonical":"https:\/\/www.swissraft.ch\/it\/prodotto\/gita-scolastica-easy-rafting-valle-cascate-reno-sciaffusa-rheinau\/","og_locale":"it_IT","og_type":"article","og_title":"Gita scolastica Schaffhausen-Rheinau sul Reno","og_description":"Gita scolastica Schaffhausen-Rheinau sul Reno. Tutta la classe si divertir\u00e0 a percorrere questo tratto di Reno con l'insegnante.","og_url":"https:\/\/www.swissraft.ch\/it\/prodotto\/gita-scolastica-easy-rafting-valle-cascate-reno-sciaffusa-rheinau\/","og_site_name":"Swissraft","article_modified_time":"2025-12-27T15:41:20+00:00","og_image":[{"width":776,"height":776,"url":"https:\/\/www.swissraft.ch\/wp-content\/uploads\/2023\/03\/1-2-Reinau-776x776-1.jpg","type":"image\/jpeg"}],"twitter_card":"summary_large_image","twitter_misc":{"Tempo di lettura stimato":"1 minuto"},"schema":{"@context":"https:\/\/schema.org","@graph":[{"@type":"WebPage","@id":"https:\/\/www.swissraft.ch\/it\/prodotto\/gita-scolastica-easy-rafting-valle-cascate-reno-sciaffusa-rheinau\/","url":"https:\/\/www.swissraft.ch\/it\/prodotto\/gita-scolastica-easy-rafting-valle-cascate-reno-sciaffusa-rheinau\/","name":"Gita scolastica Schaffhausen-Rheinau sul Reno","isPartOf":{"@id":"https:\/\/www.swissraft.ch\/it\/#website"},"primaryImageOfPage":{"@id":"https:\/\/www.swissraft.ch\/it\/prodotto\/gita-scolastica-easy-rafting-valle-cascate-reno-sciaffusa-rheinau\/#primaryimage"},"image":{"@id":"https:\/\/www.swissraft.ch\/it\/prodotto\/gita-scolastica-easy-rafting-valle-cascate-reno-sciaffusa-rheinau\/#primaryimage"},"thumbnailUrl":"https:\/\/www.swissraft.ch\/wp-content\/uploads\/2023\/03\/1-2-Reinau-776x776-1.jpg","datePublished":"2023-03-19T11:12:01+00:00","dateModified":"2025-12-27T15:41:20+00:00","description":"Gita scolastica Schaffhausen-Rheinau sul Reno. Tutta la classe si divertir\u00e0 a percorrere questo tratto di Reno con l'insegnante.","breadcrumb":{"@id":"https:\/\/www.swissraft.ch\/it\/prodotto\/gita-scolastica-easy-rafting-valle-cascate-reno-sciaffusa-rheinau\/#breadcrumb"},"inLanguage":"it-IT","potentialAction":[{"@type":"ReadAction","target":["https:\/\/www.swissraft.ch\/it\/prodotto\/gita-scolastica-easy-rafting-valle-cascate-reno-sciaffusa-rheinau\/"]}]},{"@type":"ImageObject","inLanguage":"it-IT","@id":"https:\/\/www.swissraft.ch\/it\/prodotto\/gita-scolastica-easy-rafting-valle-cascate-reno-sciaffusa-rheinau\/#primaryimage","url":"https:\/\/www.swissraft.ch\/wp-content\/uploads\/2023\/03\/1-2-Reinau-776x776-1.jpg","contentUrl":"https:\/\/www.swissraft.ch\/wp-content\/uploads\/2023\/03\/1-2-Reinau-776x776-1.jpg","width":776,"height":776,"caption":"Gita scolastica Schaffhausen-Rheinau sul Reno da Sciaffusa a Rheinau"},{"@type":"BreadcrumbList","@id":"https:\/\/www.swissraft.ch\/it\/prodotto\/gita-scolastica-easy-rafting-valle-cascate-reno-sciaffusa-rheinau\/#breadcrumb","itemListElement":[{"@type":"ListItem","position":1,"name":"Accueil","item":"https:\/\/www.swissraft.ch\/it\/"},{"@type":"ListItem","position":2,"name":"Negozio","item":"https:\/\/www.swissraft.ch\/it\/negozio\/"},{"@type":"ListItem","position":3,"name":"Gita scolastica &#8211; A VALLE DELLE CASCATE DEL RENO &#8211; EASY RAFTING &#8211; SCIAFFUSA-RHEINAU &#8211; CHF 75.00"}]},{"@type":"WebSite","@id":"https:\/\/www.swissraft.ch\/it\/#website","url":"https:\/\/www.swissraft.ch\/it\/","name":"Swissraft","description":"To enjoy nature as it is","publisher":{"@id":"https:\/\/www.swissraft.ch\/it\/#organization"},"potentialAction":[{"@type":"SearchAction","target":{"@type":"EntryPoint","urlTemplate":"https:\/\/www.swissraft.ch\/it\/?s={search_term_string}"},"query-input":{"@type":"PropertyValueSpecification","valueRequired":true,"valueName":"search_term_string"}}],"inLanguage":"it-IT"},{"@type":"Organization","@id":"https:\/\/www.swissraft.ch\/it\/#organization","name":"Swissraft","url":"https:\/\/www.swissraft.ch\/it\/","logo":{"@type":"ImageObject","inLanguage":"it-IT","@id":"https:\/\/www.swissraft.ch\/it\/#\/schema\/logo\/image\/","url":"https:\/\/www.swissraft.ch\/wp-content\/uploads\/2025\/09\/Capture.jpg","contentUrl":"https:\/\/www.swissraft.ch\/wp-content\/uploads\/2025\/09\/Capture.jpg","width":293,"height":108,"caption":"Swissraft"},"image":{"@id":"https:\/\/www.swissraft.ch\/it\/#\/schema\/logo\/image\/"}}]}},"_links":{"self":[{"href":"https:\/\/www.swissraft.ch\/it\/wp-json\/wp\/v2\/product\/92471","targetHints":{"allow":["GET"]}}],"collection":[{"href":"https:\/\/www.swissraft.ch\/it\/wp-json\/wp\/v2\/product"}],"about":[{"href":"https:\/\/www.swissraft.ch\/it\/wp-json\/wp\/v2\/types\/product"}],"replies":[{"embeddable":true,"href":"https:\/\/www.swissraft.ch\/it\/wp-json\/wp\/v2\/comments?post=92471"}],"version-history":[{"count":16,"href":"https:\/\/www.swissraft.ch\/it\/wp-json\/wp\/v2\/product\/92471\/revisions"}],"predecessor-version":[{"id":125293,"href":"https:\/\/www.swissraft.ch\/it\/wp-json\/wp\/v2\/product\/92471\/revisions\/125293"}],"wp:featuredmedia":[{"embeddable":true,"href":"https:\/\/www.swissraft.ch\/it\/wp-json\/wp\/v2\/media\/91034"}],"wp:attachment":[{"href":"https:\/\/www.swissraft.ch\/it\/wp-json\/wp\/v2\/media?parent=92471"}],"wp:term":[{"taxonomy":"product_cat","embeddable":true,"href":"https:\/\/www.swissraft.ch\/it\/wp-json\/wp\/v2\/product_cat?post=92471"},{"taxonomy":"product_tag","embeddable":true,"href":"https:\/\/www.swissraft.ch\/it\/wp-json\/wp\/v2\/product_tag?post=92471"}],"curies":[{"name":"wp","href":"https:\/\/api.w.org\/{rel}","templated":true}]}}