{"id":92459,"date":"2023-03-19T12:42:41","date_gmt":"2023-03-19T11:42:41","guid":{"rendered":"https:\/\/swissraft.xyanzkdne.eu\/product\/corsa-scolastica-nel-grisons-rafting-rhine-ilanz-reichenau-chf-80-00\/"},"modified":"2025-12-27T21:10:06","modified_gmt":"2025-12-27T20:10:06","slug":"gita-scolastica-grigioni-rafting-reno-ilanz-reichenau","status":"publish","type":"product","link":"https:\/\/www.swissraft.ch\/it\/prodotto\/gita-scolastica-grigioni-rafting-reno-ilanz-reichenau\/","title":{"rendered":"Gita scolastica nel GRIGIONI &#8211; RAFTING &#8211; THE RHINE &#8211; SURSELVA &#8211; ILANZ-REICHENAU &#8211; CHF 80.00"},"content":{"rendered":"\t\t<div data-elementor-type=\"wp-post\" data-elementor-id=\"92459\" class=\"elementor elementor-92459 elementor-31711\">\n\t\t\t\t\t\t\t\t\t<section class=\"elementor-section elementor-top-section elementor-element elementor-element-3303a7e3 elementor-section-boxed elementor-section-height-default elementor-section-height-default\" data-id=\"3303a7e3\" data-element_type=\"section\">\n\t\t\t\t\t\t<div class=\"elementor-container elementor-column-gap-default\">\n\t\t\t\t\t<div class=\"elementor-column elementor-col-100 elementor-top-column elementor-element elementor-element-16d72dbf\" data-id=\"16d72dbf\" data-element_type=\"column\">\n\t\t\t<div class=\"elementor-widget-wrap elementor-element-populated\">\n\t\t\t\t\t\t\t\t<div class=\"elementor-element elementor-element-d743c03 elementor-widget elementor-widget-text-editor\" data-id=\"d743c03\" data-element_type=\"widget\" data-widget_type=\"text-editor.default\">\n\t\t\t\t<div class=\"elementor-widget-container\">\n\t\t\t\t\t\t\t<h2>SCEGLI LA TUA ATTIVIT\u00c0 QUI SOTTO PER OFFRIRE BUONI REGALO\/BIGLIETTI O EFFETTUARE UNA PRENOTAZIONE<\/h2><table border=\"0\" width=\"580\" cellspacing=\"10\" cellpadding=\"10\"><tbody><tr><td width=\"50%\"><strong>GITA SCOLASTICA &#8211; RAFTING &#8211; RENO + Bevanda<\/strong><\/td><td><strong>CHF 80.00 per allievo<span class=\"productPrice\"><br \/><\/span><\/strong><\/td><\/tr><tr><td>Informazioni aggiuntive<\/td><td>&#8211;<span class=\"patt\"> Et\u00e0 minima 10 anni<br \/><\/span>&#8211; \u00c8 obbligatorio l&#8217;accompagnamento di un adulto<\/td><\/tr><tr><td>Percorso<\/td><td><strong>Ilanz-Reichenau<\/strong><\/td><\/tr><tr><td>Orari<\/td><td>9h35 \/ 13h35<\/td><\/tr><tr><td>Rafting<\/td><td>circa 2 ore<\/td><\/tr><tr><td>Durata totale<\/td><td>circa 3,5 ore<\/td><\/tr><tr><td>Luego d&#8217;incontro<\/td><td><span style=\"color: #ff6600;\"><a href=\"https:\/\/www.google.com\/maps\/place\/46%C2%B046'31.1%22N+9%C2%B012'26.6%22E\/@46.7754475,9.205092,386m\/data=!3m1!1e3!4m10!1m5!3m4!2zNDbCsDQ2JzMwLjkiTiA5wrAxMicyNi42IkU!8m2!3d46.77525!4d9.2073889!3m3!8m2!3d46.7753056!4d9.2073889?entry=ttu\" target=\"_blank\" rel=\"noopener\">Stazione di Ilanz<\/a><\/span><\/td><\/tr><tr><td>Difficolt\u00e0<\/td><td>2 \u00e0 3+<\/td><\/tr><tr><td>\u00a0<\/td><td style=\"text-align: left;\">Per prenotare : <span class=\"patt\" style=\"font-family: inherit; font-size: inherit;\"><span class=\"plbl\"><span class=\"patt\"><a href=\"https:\/\/www.swissraft.ch\/it\/contattaci\/\">Contattateci<\/a><\/span><\/span><\/span><\/td><\/tr><\/tbody><\/table>\t\t\t\t\t\t<\/div>\n\t\t\t\t<\/div>\n\t\t\t\t\t<\/div>\n\t\t<\/div>\n\t\t\t\t\t\t\t<\/div>\n\t\t<\/section>\n\t\t\t\t\t\t\t<\/div>\n\t\t","protected":false},"excerpt":{"rendered":"<div align=\"justify\">\n<h2 align=\"justify\">Per una gita scolastica, il rafting sul Reno nel Grand Canyon svizzero entusiasmer\u00e0 i tuoi allievi.<\/h2>\n<h3>Da Ilanz a Reichenau, il Reno \u00e8 una meraviglia. Il famoso Grand Canyon svizzero \u00e8 uno dei percorsi pi\u00f9 popolari della Svizzera.<\/h3>\n<\/div>\n<div align=\"justify\">\n<p>La gita scolastica inizia a Ilanz. Gli studenti, indossati i caschi, salgono sui raft. Il Reno li port\u00f2 presto con s\u00e9. Remano forte, motivati dall&#8217;avventura. Rapide dopo rapide, l&#8217;acqua schizzava su tutti.<br \/>\nPoi il paesaggio cambia. Il Grand Canyon svizzero \u00e8 rivelato, maestoso e impressionante. Le scogliere si ergono su entrambi i lati. La corrente diventa pi\u00f9 forte. Le zattere si intrecciano tra le rocce. Gli alunni gridarono, combattuti tra la paura e l&#8217;eccitazione.<br \/>\nInoltre, le guide forniscono istruzioni precise. Devi remare con forza per evitare gli ostacoli. Ogni atterraggio \u00e8 una sfida. Tutti rimangono concentrati. Il fiume si allarga gradualmente. Le acque si stanno leggermente calmando.<br \/>\nInfine, gli studenti arrivano a Reichenau. Gli alunni, felicissimi, hanno applaudito la loro guida di rafting. \u00c8 stata una discesa indimenticabile. Il Grand Canyon svizzero offre uno spettacolo mozzafiato. L&#8217;avventura \u00e8 finita, ma i ricordi restano.<\/p>\n<h3>Oltre al rafting sul Reno nei Grigioni, Swissraft offre altri percorsi per le gite scolastiche in Svizzera<\/h3>\n<p id=\"textarea\" style=\"display: none;\">In Vallese, ad esempio, puoi fare rafting sui fiumi Vi\u00e8ge e Dranse de Bagnes. E non dimentichiamo il turbolento Rodano tra Souste e Sierre. Offriamo anche rafting sulla L\u00fctschine nell&#8217;Oberland Bernese e sulla Simme nella Simmental tra Boltigen e D\u00e4rstetten. Lo stesso vale per la Sarine tra Saanen nell&#8217;Oberland Bernese e Les Moulins nel Pays d&#8217;Enhaut.<br \/>\nSe invece preferisci una discesa pi\u00f9 tranquilla, scegli il Fun rafting, conosciuto anche come Easy rafting. Swissraft offre 12 percorsi di Easy Rafting in Svizzera.\n<\/p>\n<p><a id=\"seeMore\" onclick=\"toggleSeeMore()\" href=\"javascript:void(0);\">Leggi tutto<\/a><\/p>\n","protected":false},"featured_media":112591,"comment_status":"open","ping_status":"closed","template":"","meta":{"inline_featured_image":false,"_mi_skip_tracking":false},"product_cat":[404,639,405],"product_tag":[],"class_list":["post-92459","product","type-product","status-publish","has-post-thumbnail","hentry","product_cat-gruppo","product_cat-gita-scolastica-rafting-in-svizzera","product_cat-corsa-scolastica-gita-scolastica"],"yoast_head":"<!-- This site is optimized with the Yoast SEO plugin v23.6 - https:\/\/yoast.com\/wordpress\/plugins\/seo\/ -->\n<title>Gita scolastica rafting Reno nei Grigoni<\/title>\n<meta name=\"description\" content=\"Gita scolastica rafting Reno. Il percorso tra Ilanz e Reichenau \u00e8 il pi\u00f9 bello della Svizzera, insieme allo spettacolare Grand Canyon svizzero.\" \/>\n<meta name=\"robots\" content=\"index, follow, max-snippet:-1, max-image-preview:large, max-video-preview:-1\" \/>\n<link rel=\"canonical\" href=\"https:\/\/www.swissraft.ch\/it\/prodotto\/gita-scolastica-grigioni-rafting-reno-ilanz-reichenau\/\" \/>\n<meta property=\"og:locale\" content=\"it_IT\" \/>\n<meta property=\"og:type\" content=\"article\" \/>\n<meta property=\"og:title\" content=\"Gita scolastica rafting Reno nei Grigoni\" \/>\n<meta property=\"og:description\" content=\"Gita scolastica rafting Reno. Il percorso tra Ilanz e Reichenau \u00e8 il pi\u00f9 bello della Svizzera, insieme allo spettacolare Grand Canyon svizzero.\" \/>\n<meta property=\"og:url\" content=\"https:\/\/www.swissraft.ch\/it\/prodotto\/gita-scolastica-grigioni-rafting-reno-ilanz-reichenau\/\" \/>\n<meta property=\"og:site_name\" content=\"Swissraft\" \/>\n<meta property=\"article:modified_time\" content=\"2025-12-27T20:10:06+00:00\" \/>\n<meta property=\"og:image\" content=\"https:\/\/www.swissraft.ch\/wp-content\/uploads\/2025\/04\/1-4-Rhein-776x776-1.png\" \/>\n\t<meta property=\"og:image:width\" content=\"776\" \/>\n\t<meta property=\"og:image:height\" content=\"776\" \/>\n\t<meta property=\"og:image:type\" content=\"image\/png\" \/>\n<meta name=\"twitter:card\" content=\"summary_large_image\" \/>\n<meta name=\"twitter:label1\" content=\"Tempo di lettura stimato\" \/>\n\t<meta name=\"twitter:data1\" content=\"1 minuto\" \/>\n<script type=\"application\/ld+json\" class=\"yoast-schema-graph\">{\"@context\":\"https:\/\/schema.org\",\"@graph\":[{\"@type\":\"WebPage\",\"@id\":\"https:\/\/www.swissraft.ch\/it\/prodotto\/gita-scolastica-grigioni-rafting-reno-ilanz-reichenau\/\",\"url\":\"https:\/\/www.swissraft.ch\/it\/prodotto\/gita-scolastica-grigioni-rafting-reno-ilanz-reichenau\/\",\"name\":\"Gita scolastica rafting Reno nei Grigoni\",\"isPartOf\":{\"@id\":\"https:\/\/www.swissraft.ch\/it\/#website\"},\"primaryImageOfPage\":{\"@id\":\"https:\/\/www.swissraft.ch\/it\/prodotto\/gita-scolastica-grigioni-rafting-reno-ilanz-reichenau\/#primaryimage\"},\"image\":{\"@id\":\"https:\/\/www.swissraft.ch\/it\/prodotto\/gita-scolastica-grigioni-rafting-reno-ilanz-reichenau\/#primaryimage\"},\"thumbnailUrl\":\"https:\/\/www.swissraft.ch\/wp-content\/uploads\/2025\/04\/1-4-Rhein-776x776-1.png\",\"datePublished\":\"2023-03-19T11:42:41+00:00\",\"dateModified\":\"2025-12-27T20:10:06+00:00\",\"description\":\"Gita scolastica rafting Reno. Il percorso tra Ilanz e Reichenau \u00e8 il pi\u00f9 bello della Svizzera, insieme allo spettacolare Grand Canyon svizzero.\",\"breadcrumb\":{\"@id\":\"https:\/\/www.swissraft.ch\/it\/prodotto\/gita-scolastica-grigioni-rafting-reno-ilanz-reichenau\/#breadcrumb\"},\"inLanguage\":\"it-IT\",\"potentialAction\":[{\"@type\":\"ReadAction\",\"target\":[\"https:\/\/www.swissraft.ch\/it\/prodotto\/gita-scolastica-grigioni-rafting-reno-ilanz-reichenau\/\"]}]},{\"@type\":\"ImageObject\",\"inLanguage\":\"it-IT\",\"@id\":\"https:\/\/www.swissraft.ch\/it\/prodotto\/gita-scolastica-grigioni-rafting-reno-ilanz-reichenau\/#primaryimage\",\"url\":\"https:\/\/www.swissraft.ch\/wp-content\/uploads\/2025\/04\/1-4-Rhein-776x776-1.png\",\"contentUrl\":\"https:\/\/www.swissraft.ch\/wp-content\/uploads\/2025\/04\/1-4-Rhein-776x776-1.png\",\"width\":776,\"height\":776,\"caption\":\"Rafting per una gita di classe nei Grigioni\"},{\"@type\":\"BreadcrumbList\",\"@id\":\"https:\/\/www.swissraft.ch\/it\/prodotto\/gita-scolastica-grigioni-rafting-reno-ilanz-reichenau\/#breadcrumb\",\"itemListElement\":[{\"@type\":\"ListItem\",\"position\":1,\"name\":\"Accueil\",\"item\":\"https:\/\/www.swissraft.ch\/it\/\"},{\"@type\":\"ListItem\",\"position\":2,\"name\":\"Negozio\",\"item\":\"https:\/\/www.swissraft.ch\/it\/negozio\/\"},{\"@type\":\"ListItem\",\"position\":3,\"name\":\"Gita scolastica nel GRIGIONI &#8211; RAFTING &#8211; THE RHINE &#8211; SURSELVA &#8211; ILANZ-REICHENAU &#8211; CHF 80.00\"}]},{\"@type\":\"WebSite\",\"@id\":\"https:\/\/www.swissraft.ch\/it\/#website\",\"url\":\"https:\/\/www.swissraft.ch\/it\/\",\"name\":\"Swissraft\",\"description\":\"To enjoy nature as it is\",\"publisher\":{\"@id\":\"https:\/\/www.swissraft.ch\/it\/#organization\"},\"potentialAction\":[{\"@type\":\"SearchAction\",\"target\":{\"@type\":\"EntryPoint\",\"urlTemplate\":\"https:\/\/www.swissraft.ch\/it\/?s={search_term_string}\"},\"query-input\":{\"@type\":\"PropertyValueSpecification\",\"valueRequired\":true,\"valueName\":\"search_term_string\"}}],\"inLanguage\":\"it-IT\"},{\"@type\":\"Organization\",\"@id\":\"https:\/\/www.swissraft.ch\/it\/#organization\",\"name\":\"Swissraft\",\"url\":\"https:\/\/www.swissraft.ch\/it\/\",\"logo\":{\"@type\":\"ImageObject\",\"inLanguage\":\"it-IT\",\"@id\":\"https:\/\/www.swissraft.ch\/it\/#\/schema\/logo\/image\/\",\"url\":\"https:\/\/www.swissraft.ch\/wp-content\/uploads\/2025\/09\/Capture.jpg\",\"contentUrl\":\"https:\/\/www.swissraft.ch\/wp-content\/uploads\/2025\/09\/Capture.jpg\",\"width\":293,\"height\":108,\"caption\":\"Swissraft\"},\"image\":{\"@id\":\"https:\/\/www.swissraft.ch\/it\/#\/schema\/logo\/image\/\"}}]}<\/script>\n<!-- \/ Yoast SEO plugin. -->","yoast_head_json":{"title":"Gita scolastica rafting Reno nei Grigoni","description":"Gita scolastica rafting Reno. Il percorso tra Ilanz e Reichenau \u00e8 il pi\u00f9 bello della Svizzera, insieme allo spettacolare Grand Canyon svizzero.","robots":{"index":"index","follow":"follow","max-snippet":"max-snippet:-1","max-image-preview":"max-image-preview:large","max-video-preview":"max-video-preview:-1"},"canonical":"https:\/\/www.swissraft.ch\/it\/prodotto\/gita-scolastica-grigioni-rafting-reno-ilanz-reichenau\/","og_locale":"it_IT","og_type":"article","og_title":"Gita scolastica rafting Reno nei Grigoni","og_description":"Gita scolastica rafting Reno. Il percorso tra Ilanz e Reichenau \u00e8 il pi\u00f9 bello della Svizzera, insieme allo spettacolare Grand Canyon svizzero.","og_url":"https:\/\/www.swissraft.ch\/it\/prodotto\/gita-scolastica-grigioni-rafting-reno-ilanz-reichenau\/","og_site_name":"Swissraft","article_modified_time":"2025-12-27T20:10:06+00:00","og_image":[{"width":776,"height":776,"url":"https:\/\/www.swissraft.ch\/wp-content\/uploads\/2025\/04\/1-4-Rhein-776x776-1.png","type":"image\/png"}],"twitter_card":"summary_large_image","twitter_misc":{"Tempo di lettura stimato":"1 minuto"},"schema":{"@context":"https:\/\/schema.org","@graph":[{"@type":"WebPage","@id":"https:\/\/www.swissraft.ch\/it\/prodotto\/gita-scolastica-grigioni-rafting-reno-ilanz-reichenau\/","url":"https:\/\/www.swissraft.ch\/it\/prodotto\/gita-scolastica-grigioni-rafting-reno-ilanz-reichenau\/","name":"Gita scolastica rafting Reno nei Grigoni","isPartOf":{"@id":"https:\/\/www.swissraft.ch\/it\/#website"},"primaryImageOfPage":{"@id":"https:\/\/www.swissraft.ch\/it\/prodotto\/gita-scolastica-grigioni-rafting-reno-ilanz-reichenau\/#primaryimage"},"image":{"@id":"https:\/\/www.swissraft.ch\/it\/prodotto\/gita-scolastica-grigioni-rafting-reno-ilanz-reichenau\/#primaryimage"},"thumbnailUrl":"https:\/\/www.swissraft.ch\/wp-content\/uploads\/2025\/04\/1-4-Rhein-776x776-1.png","datePublished":"2023-03-19T11:42:41+00:00","dateModified":"2025-12-27T20:10:06+00:00","description":"Gita scolastica rafting Reno. Il percorso tra Ilanz e Reichenau \u00e8 il pi\u00f9 bello della Svizzera, insieme allo spettacolare Grand Canyon svizzero.","breadcrumb":{"@id":"https:\/\/www.swissraft.ch\/it\/prodotto\/gita-scolastica-grigioni-rafting-reno-ilanz-reichenau\/#breadcrumb"},"inLanguage":"it-IT","potentialAction":[{"@type":"ReadAction","target":["https:\/\/www.swissraft.ch\/it\/prodotto\/gita-scolastica-grigioni-rafting-reno-ilanz-reichenau\/"]}]},{"@type":"ImageObject","inLanguage":"it-IT","@id":"https:\/\/www.swissraft.ch\/it\/prodotto\/gita-scolastica-grigioni-rafting-reno-ilanz-reichenau\/#primaryimage","url":"https:\/\/www.swissraft.ch\/wp-content\/uploads\/2025\/04\/1-4-Rhein-776x776-1.png","contentUrl":"https:\/\/www.swissraft.ch\/wp-content\/uploads\/2025\/04\/1-4-Rhein-776x776-1.png","width":776,"height":776,"caption":"Rafting per una gita di classe nei Grigioni"},{"@type":"BreadcrumbList","@id":"https:\/\/www.swissraft.ch\/it\/prodotto\/gita-scolastica-grigioni-rafting-reno-ilanz-reichenau\/#breadcrumb","itemListElement":[{"@type":"ListItem","position":1,"name":"Accueil","item":"https:\/\/www.swissraft.ch\/it\/"},{"@type":"ListItem","position":2,"name":"Negozio","item":"https:\/\/www.swissraft.ch\/it\/negozio\/"},{"@type":"ListItem","position":3,"name":"Gita scolastica nel GRIGIONI &#8211; RAFTING &#8211; THE RHINE &#8211; SURSELVA &#8211; ILANZ-REICHENAU &#8211; CHF 80.00"}]},{"@type":"WebSite","@id":"https:\/\/www.swissraft.ch\/it\/#website","url":"https:\/\/www.swissraft.ch\/it\/","name":"Swissraft","description":"To enjoy nature as it is","publisher":{"@id":"https:\/\/www.swissraft.ch\/it\/#organization"},"potentialAction":[{"@type":"SearchAction","target":{"@type":"EntryPoint","urlTemplate":"https:\/\/www.swissraft.ch\/it\/?s={search_term_string}"},"query-input":{"@type":"PropertyValueSpecification","valueRequired":true,"valueName":"search_term_string"}}],"inLanguage":"it-IT"},{"@type":"Organization","@id":"https:\/\/www.swissraft.ch\/it\/#organization","name":"Swissraft","url":"https:\/\/www.swissraft.ch\/it\/","logo":{"@type":"ImageObject","inLanguage":"it-IT","@id":"https:\/\/www.swissraft.ch\/it\/#\/schema\/logo\/image\/","url":"https:\/\/www.swissraft.ch\/wp-content\/uploads\/2025\/09\/Capture.jpg","contentUrl":"https:\/\/www.swissraft.ch\/wp-content\/uploads\/2025\/09\/Capture.jpg","width":293,"height":108,"caption":"Swissraft"},"image":{"@id":"https:\/\/www.swissraft.ch\/it\/#\/schema\/logo\/image\/"}}]}},"_links":{"self":[{"href":"https:\/\/www.swissraft.ch\/it\/wp-json\/wp\/v2\/product\/92459","targetHints":{"allow":["GET"]}}],"collection":[{"href":"https:\/\/www.swissraft.ch\/it\/wp-json\/wp\/v2\/product"}],"about":[{"href":"https:\/\/www.swissraft.ch\/it\/wp-json\/wp\/v2\/types\/product"}],"replies":[{"embeddable":true,"href":"https:\/\/www.swissraft.ch\/it\/wp-json\/wp\/v2\/comments?post=92459"}],"version-history":[{"count":20,"href":"https:\/\/www.swissraft.ch\/it\/wp-json\/wp\/v2\/product\/92459\/revisions"}],"predecessor-version":[{"id":125484,"href":"https:\/\/www.swissraft.ch\/it\/wp-json\/wp\/v2\/product\/92459\/revisions\/125484"}],"wp:featuredmedia":[{"embeddable":true,"href":"https:\/\/www.swissraft.ch\/it\/wp-json\/wp\/v2\/media\/112591"}],"wp:attachment":[{"href":"https:\/\/www.swissraft.ch\/it\/wp-json\/wp\/v2\/media?parent=92459"}],"wp:term":[{"taxonomy":"product_cat","embeddable":true,"href":"https:\/\/www.swissraft.ch\/it\/wp-json\/wp\/v2\/product_cat?post=92459"},{"taxonomy":"product_tag","embeddable":true,"href":"https:\/\/www.swissraft.ch\/it\/wp-json\/wp\/v2\/product_tag?post=92459"}],"curies":[{"name":"wp","href":"https:\/\/api.w.org\/{rel}","templated":true}]}}