{"id":92454,"date":"2023-03-19T00:23:48","date_gmt":"2023-03-18T23:23:48","guid":{"rendered":"https:\/\/swissraft.xyanzkdne.eu\/product\/gita-scolastica-in-svizzera-centrale-easy-rafting-reuss-mellingen-gebenstorf-chf-69-00\/"},"modified":"2025-12-27T16:39:54","modified_gmt":"2025-12-27T15:39:54","slug":"gita-scolastica-svizzera-centrale-easy-rafting-reuss-mellingen-gebenstorf","status":"publish","type":"product","link":"https:\/\/www.swissraft.ch\/it\/prodotto\/gita-scolastica-svizzera-centrale-easy-rafting-reuss-mellingen-gebenstorf\/","title":{"rendered":"Gita scolastica &#8211; SVIZZERA CENTRALE &#8211; EASY RAFTING &#8211; REUSS &#8211; MELLINGEN-GEBENSTORF &#8211; CHF 75.00"},"content":{"rendered":"\t\t<div data-elementor-type=\"wp-post\" data-elementor-id=\"92454\" class=\"elementor elementor-92454 elementor-31669\">\n\t\t\t\t\t\t\t\t\t<section class=\"elementor-section elementor-top-section elementor-element elementor-element-3303a7e3 elementor-section-boxed elementor-section-height-default elementor-section-height-default\" data-id=\"3303a7e3\" data-element_type=\"section\">\n\t\t\t\t\t\t<div class=\"elementor-container elementor-column-gap-default\">\n\t\t\t\t\t<div class=\"elementor-column elementor-col-100 elementor-top-column elementor-element elementor-element-16d72dbf\" data-id=\"16d72dbf\" data-element_type=\"column\">\n\t\t\t<div class=\"elementor-widget-wrap elementor-element-populated\">\n\t\t\t\t\t\t\t\t<div class=\"elementor-element elementor-element-d743c03 elementor-widget elementor-widget-text-editor\" data-id=\"d743c03\" data-element_type=\"widget\" data-widget_type=\"text-editor.default\">\n\t\t\t\t<div class=\"elementor-widget-container\">\n\t\t\t\t\t\t\t<h2>SCEGLI LA TUA ATTIVIT\u00c0 QUI SOTTO PER OFFRIRE BUONI REGALO\/BIGLIETTI O EFFETTUARE UNA PRENOTAZIONE<\/h2><table border=\"0\" width=\"580\" cellspacing=\"10\" cellpadding=\"10\"><tbody><tr><td width=\"50%\"><strong>Gita scolastica &#8211; EASY RAFTING &#8211; REUSS &#8211; MELLINGEN-GEBENSTORF + bevanda<\/strong><\/td><td><strong>CHF 75.00 per allievo<span class=\"productPrice\"><br \/><\/span><\/strong><\/td><\/tr><tr><td>Informazioni aggiuntive<\/td><td>&#8211;<span class=\"patt\"> Et\u00e0 minima 10 anni<br \/><\/span>&#8211; Accompagnatore adulto obbligatorio<br \/>&#8211; Minimo 15 allievi<\/td><\/tr><tr><td>Percorso<\/td><td><strong>Mellingen-Gebenstorf<\/strong><\/td><\/tr><tr><td>Orari<\/td><td>10h00 \/ 13h30<\/td><\/tr><tr><td>Easy rafting o Fun rafting<\/td><td>circa 2 ore<\/td><\/tr><tr><td>Durata totale<\/td><td>circa 3,5 ore<\/td><\/tr><tr><td>Luego d&#8217;incontro<\/td><td><a href=\"https:\/\/www.google.com\/maps\/place\/47%C2%B025'02.3%22N+8%C2%B016'30.8%22E\/@47.4173709,8.272937,382m\/data=!3m1!1e3!4m4!3m3!8m2!3d47.4173056!4d8.2752222?entry=ttu&amp;g_ep=EgoyMDI0MDkyMi4wIKXMDSoASAFQAw%3D%3D\" target=\"_blank\" rel=\"noopener\">Mellingen<\/a><\/td><\/tr><tr><td>Difficolt\u00e0<\/td><td>1<\/td><\/tr><tr><td>\u00a0<\/td><td>Per prenotare : <a href=\"https:\/\/www.swissraft.ch\/it\/contattaci\/\">Contattateci<\/a><\/td><\/tr><\/tbody><\/table>\t\t\t\t\t\t<\/div>\n\t\t\t\t<\/div>\n\t\t\t\t\t<\/div>\n\t\t<\/div>\n\t\t\t\t\t\t\t<\/div>\n\t\t<\/section>\n\t\t\t\t\t\t\t<\/div>\n\t\t","protected":false},"excerpt":{"rendered":"<div align=\"justify\">\n<h2 align=\"justify\">Il Easy rafting, noto anche come rafting divertente, sulla Reuss. Regala ai tuoi alunni una fantastica gita scolastica<\/h2>\n<h3>Tra Mellingen e Gebenstorf la Reuss si snoda attraverso il Canton Argovia.<\/h3>\n<\/div>\n<div align=\"justify\">\n<p>Nell&#8217;ambito della tua gita scolastica, farai rafting sul fiume Reuss tra <a href=\"https:\/\/fr.wikipedia.org\/wiki\/Mellingen#:~:text=Mellingen%20est%20une%20ville%20et,dans%20le%20district%20de%20Baden.\" target=\"_blank\" rel=\"noopener\">Mellingen<\/a> e <a href=\"https:\/\/fr.wikipedia.org\/wiki\/Gebenstorf\" target=\"_blank\" rel=\"noopener\">Gebenstorf<\/a>. Per prima cosa, ascolta attentamente le istruzioni di sicurezza. Poi, equipaggiati con giubbotti di salvataggio e pagaie, si sale a bordo dei gommoni. Fin dall&#8217;inizio, l&#8217;adrenalina sale. La corrente \u00e8 a volte pi\u00f9 forte, ma sempre gestibile. Inoltre, il paesaggio \u00e8 magnifico. Man mano che navighi, scoprirai tratti pi\u00f9 tranquilli, perfetti per prendere il sole. A volte il gruppo ride degli schizzi durante una battaglia. A met\u00e0 percorso farai una pausa per riposare e ammirare la campagna circostante. Infine, dopo qualche brivido nelle rapide, raggiungi la tua destinazione. Tutti sono entusiasti di questa esperienza unica. Il viaggio di classe ha rafforzato lo spirito di squadra e ha creato ricordi indimenticabili.<\/p>\n<h3>Offriamo alle scuole una vasta gamma di fiumi per il rafting facile, noto anche come rafting divertente, adatto a tutte le et\u00e0.<\/h3>\n<p id=\"textarea\" style=\"display: none;\">\nAltri 5 percorsi ti aspettano sulla Reuss. Ma anche sull&#8217;Aare tra Thun e Berna.<br \/>\nIn Vallese facciamo Easy rafting o Fun rafting sul Rodano tra Chippis e San L\u00e9onard. Lo stesso vale per la Sarine tra Gstaad e Rougement nel Pays d&#8217;Enhaut. Swissraft offre anche 2 corsi sul Reno a valle delle cascate del Reno. Lo stesso vale per il Ticino tra Cresciano e Bellinzona. Tuttavia, se vuoi dare ai tuoi studenti pi\u00f9 azione, prova il rafting, una versione pi\u00f9 sportiva. Sul Reno nei Grigioni o sulla Sarine da Saanen a Ch\u00e2teau d&#8217;Oex nel Pays d&#8217;Enhaut. Puoi anche fare rafting nell&#8217;Oberland Bernese sul Simme a Boltigen o sul Lutschine a Interlaken. Nel Vallese, i fiumi Rodano, Vi\u00e8ge e Dranse de Bagnes offrono percorsi emozionanti.\n<\/p>\n<p><a id=\"seeMore\" onclick=\"toggleSeeMore()\" href=\"javascript:void(0);\">Leggi tutto<\/a><\/p>\n","protected":false},"featured_media":90968,"comment_status":"open","ping_status":"closed","template":"","meta":{"inline_featured_image":false,"_mi_skip_tracking":false},"product_cat":[404,636,405],"product_tag":[],"class_list":["post-92454","product","type-product","status-publish","has-post-thumbnail","hentry","product_cat-gruppo","product_cat-gita-scolastica-easy-rafting-in-svizzera","product_cat-corsa-scolastica-gita-scolastica"],"yoast_head":"<!-- This site is optimized with the Yoast SEO plugin v23.6 - https:\/\/yoast.com\/wordpress\/plugins\/seo\/ -->\n<title>Gita scolastica Reuss a Mellingen-Gebenstorf sul fiume Reuss<\/title>\n<meta name=\"description\" content=\"Gita scolastica Reuss Mellingen-Gebenstorf. Questo percorso \u00e8 molto apprezzato dai partecipanti. I tuoi alunni saranno entusiasti di questa escursione\" \/>\n<meta name=\"robots\" content=\"index, follow, max-snippet:-1, max-image-preview:large, max-video-preview:-1\" \/>\n<link rel=\"canonical\" href=\"https:\/\/www.swissraft.ch\/it\/prodotto\/gita-scolastica-svizzera-centrale-easy-rafting-reuss-mellingen-gebenstorf\/\" \/>\n<meta property=\"og:locale\" content=\"it_IT\" \/>\n<meta property=\"og:type\" content=\"article\" \/>\n<meta property=\"og:title\" content=\"Gita scolastica Reuss a Mellingen-Gebenstorf sul fiume Reuss\" \/>\n<meta property=\"og:description\" content=\"Gita scolastica Reuss Mellingen-Gebenstorf. Questo percorso \u00e8 molto apprezzato dai partecipanti. I tuoi alunni saranno entusiasti di questa escursione\" \/>\n<meta property=\"og:url\" content=\"https:\/\/www.swissraft.ch\/it\/prodotto\/gita-scolastica-svizzera-centrale-easy-rafting-reuss-mellingen-gebenstorf\/\" \/>\n<meta property=\"og:site_name\" content=\"Swissraft\" \/>\n<meta property=\"article:modified_time\" content=\"2025-12-27T15:39:54+00:00\" \/>\n<meta property=\"og:image\" content=\"https:\/\/www.swissraft.ch\/wp-content\/uploads\/2023\/03\/3-3-Easy-Rafting-Mellingen-Gebenstorf-776x776-1.jpg\" \/>\n\t<meta property=\"og:image:width\" content=\"776\" \/>\n\t<meta property=\"og:image:height\" content=\"776\" \/>\n\t<meta property=\"og:image:type\" content=\"image\/jpeg\" \/>\n<meta name=\"twitter:card\" content=\"summary_large_image\" \/>\n<meta name=\"twitter:label1\" content=\"Tempo di lettura stimato\" \/>\n\t<meta name=\"twitter:data1\" content=\"1 minuto\" \/>\n<script type=\"application\/ld+json\" class=\"yoast-schema-graph\">{\"@context\":\"https:\/\/schema.org\",\"@graph\":[{\"@type\":\"WebPage\",\"@id\":\"https:\/\/www.swissraft.ch\/it\/prodotto\/gita-scolastica-svizzera-centrale-easy-rafting-reuss-mellingen-gebenstorf\/\",\"url\":\"https:\/\/www.swissraft.ch\/it\/prodotto\/gita-scolastica-svizzera-centrale-easy-rafting-reuss-mellingen-gebenstorf\/\",\"name\":\"Gita scolastica Reuss a Mellingen-Gebenstorf sul fiume Reuss\",\"isPartOf\":{\"@id\":\"https:\/\/www.swissraft.ch\/it\/#website\"},\"primaryImageOfPage\":{\"@id\":\"https:\/\/www.swissraft.ch\/it\/prodotto\/gita-scolastica-svizzera-centrale-easy-rafting-reuss-mellingen-gebenstorf\/#primaryimage\"},\"image\":{\"@id\":\"https:\/\/www.swissraft.ch\/it\/prodotto\/gita-scolastica-svizzera-centrale-easy-rafting-reuss-mellingen-gebenstorf\/#primaryimage\"},\"thumbnailUrl\":\"https:\/\/www.swissraft.ch\/wp-content\/uploads\/2023\/03\/3-3-Easy-Rafting-Mellingen-Gebenstorf-776x776-1.jpg\",\"datePublished\":\"2023-03-18T23:23:48+00:00\",\"dateModified\":\"2025-12-27T15:39:54+00:00\",\"description\":\"Gita scolastica Reuss Mellingen-Gebenstorf. Questo percorso \u00e8 molto apprezzato dai partecipanti. I tuoi alunni saranno entusiasti di questa escursione\",\"breadcrumb\":{\"@id\":\"https:\/\/www.swissraft.ch\/it\/prodotto\/gita-scolastica-svizzera-centrale-easy-rafting-reuss-mellingen-gebenstorf\/#breadcrumb\"},\"inLanguage\":\"it-IT\",\"potentialAction\":[{\"@type\":\"ReadAction\",\"target\":[\"https:\/\/www.swissraft.ch\/it\/prodotto\/gita-scolastica-svizzera-centrale-easy-rafting-reuss-mellingen-gebenstorf\/\"]}]},{\"@type\":\"ImageObject\",\"inLanguage\":\"it-IT\",\"@id\":\"https:\/\/www.swissraft.ch\/it\/prodotto\/gita-scolastica-svizzera-centrale-easy-rafting-reuss-mellingen-gebenstorf\/#primaryimage\",\"url\":\"https:\/\/www.swissraft.ch\/wp-content\/uploads\/2023\/03\/3-3-Easy-Rafting-Mellingen-Gebenstorf-776x776-1.jpg\",\"contentUrl\":\"https:\/\/www.swissraft.ch\/wp-content\/uploads\/2023\/03\/3-3-Easy-Rafting-Mellingen-Gebenstorf-776x776-1.jpg\",\"width\":776,\"height\":776,\"caption\":\"Gita scolastica sulla Reuss a Mellingen e Gebenstorf\"},{\"@type\":\"BreadcrumbList\",\"@id\":\"https:\/\/www.swissraft.ch\/it\/prodotto\/gita-scolastica-svizzera-centrale-easy-rafting-reuss-mellingen-gebenstorf\/#breadcrumb\",\"itemListElement\":[{\"@type\":\"ListItem\",\"position\":1,\"name\":\"Accueil\",\"item\":\"https:\/\/www.swissraft.ch\/it\/\"},{\"@type\":\"ListItem\",\"position\":2,\"name\":\"Negozio\",\"item\":\"https:\/\/www.swissraft.ch\/it\/negozio\/\"},{\"@type\":\"ListItem\",\"position\":3,\"name\":\"Gita scolastica &#8211; SVIZZERA CENTRALE &#8211; EASY RAFTING &#8211; REUSS &#8211; MELLINGEN-GEBENSTORF &#8211; CHF 75.00\"}]},{\"@type\":\"WebSite\",\"@id\":\"https:\/\/www.swissraft.ch\/it\/#website\",\"url\":\"https:\/\/www.swissraft.ch\/it\/\",\"name\":\"Swissraft\",\"description\":\"To enjoy nature as it is\",\"publisher\":{\"@id\":\"https:\/\/www.swissraft.ch\/it\/#organization\"},\"potentialAction\":[{\"@type\":\"SearchAction\",\"target\":{\"@type\":\"EntryPoint\",\"urlTemplate\":\"https:\/\/www.swissraft.ch\/it\/?s={search_term_string}\"},\"query-input\":{\"@type\":\"PropertyValueSpecification\",\"valueRequired\":true,\"valueName\":\"search_term_string\"}}],\"inLanguage\":\"it-IT\"},{\"@type\":\"Organization\",\"@id\":\"https:\/\/www.swissraft.ch\/it\/#organization\",\"name\":\"Swissraft\",\"url\":\"https:\/\/www.swissraft.ch\/it\/\",\"logo\":{\"@type\":\"ImageObject\",\"inLanguage\":\"it-IT\",\"@id\":\"https:\/\/www.swissraft.ch\/it\/#\/schema\/logo\/image\/\",\"url\":\"https:\/\/www.swissraft.ch\/wp-content\/uploads\/2025\/09\/Capture.jpg\",\"contentUrl\":\"https:\/\/www.swissraft.ch\/wp-content\/uploads\/2025\/09\/Capture.jpg\",\"width\":293,\"height\":108,\"caption\":\"Swissraft\"},\"image\":{\"@id\":\"https:\/\/www.swissraft.ch\/it\/#\/schema\/logo\/image\/\"}}]}<\/script>\n<!-- \/ Yoast SEO plugin. -->","yoast_head_json":{"title":"Gita scolastica Reuss a Mellingen-Gebenstorf sul fiume Reuss","description":"Gita scolastica Reuss Mellingen-Gebenstorf. Questo percorso \u00e8 molto apprezzato dai partecipanti. I tuoi alunni saranno entusiasti di questa escursione","robots":{"index":"index","follow":"follow","max-snippet":"max-snippet:-1","max-image-preview":"max-image-preview:large","max-video-preview":"max-video-preview:-1"},"canonical":"https:\/\/www.swissraft.ch\/it\/prodotto\/gita-scolastica-svizzera-centrale-easy-rafting-reuss-mellingen-gebenstorf\/","og_locale":"it_IT","og_type":"article","og_title":"Gita scolastica Reuss a Mellingen-Gebenstorf sul fiume Reuss","og_description":"Gita scolastica Reuss Mellingen-Gebenstorf. Questo percorso \u00e8 molto apprezzato dai partecipanti. I tuoi alunni saranno entusiasti di questa escursione","og_url":"https:\/\/www.swissraft.ch\/it\/prodotto\/gita-scolastica-svizzera-centrale-easy-rafting-reuss-mellingen-gebenstorf\/","og_site_name":"Swissraft","article_modified_time":"2025-12-27T15:39:54+00:00","og_image":[{"width":776,"height":776,"url":"https:\/\/www.swissraft.ch\/wp-content\/uploads\/2023\/03\/3-3-Easy-Rafting-Mellingen-Gebenstorf-776x776-1.jpg","type":"image\/jpeg"}],"twitter_card":"summary_large_image","twitter_misc":{"Tempo di lettura stimato":"1 minuto"},"schema":{"@context":"https:\/\/schema.org","@graph":[{"@type":"WebPage","@id":"https:\/\/www.swissraft.ch\/it\/prodotto\/gita-scolastica-svizzera-centrale-easy-rafting-reuss-mellingen-gebenstorf\/","url":"https:\/\/www.swissraft.ch\/it\/prodotto\/gita-scolastica-svizzera-centrale-easy-rafting-reuss-mellingen-gebenstorf\/","name":"Gita scolastica Reuss a Mellingen-Gebenstorf sul fiume Reuss","isPartOf":{"@id":"https:\/\/www.swissraft.ch\/it\/#website"},"primaryImageOfPage":{"@id":"https:\/\/www.swissraft.ch\/it\/prodotto\/gita-scolastica-svizzera-centrale-easy-rafting-reuss-mellingen-gebenstorf\/#primaryimage"},"image":{"@id":"https:\/\/www.swissraft.ch\/it\/prodotto\/gita-scolastica-svizzera-centrale-easy-rafting-reuss-mellingen-gebenstorf\/#primaryimage"},"thumbnailUrl":"https:\/\/www.swissraft.ch\/wp-content\/uploads\/2023\/03\/3-3-Easy-Rafting-Mellingen-Gebenstorf-776x776-1.jpg","datePublished":"2023-03-18T23:23:48+00:00","dateModified":"2025-12-27T15:39:54+00:00","description":"Gita scolastica Reuss Mellingen-Gebenstorf. Questo percorso \u00e8 molto apprezzato dai partecipanti. I tuoi alunni saranno entusiasti di questa escursione","breadcrumb":{"@id":"https:\/\/www.swissraft.ch\/it\/prodotto\/gita-scolastica-svizzera-centrale-easy-rafting-reuss-mellingen-gebenstorf\/#breadcrumb"},"inLanguage":"it-IT","potentialAction":[{"@type":"ReadAction","target":["https:\/\/www.swissraft.ch\/it\/prodotto\/gita-scolastica-svizzera-centrale-easy-rafting-reuss-mellingen-gebenstorf\/"]}]},{"@type":"ImageObject","inLanguage":"it-IT","@id":"https:\/\/www.swissraft.ch\/it\/prodotto\/gita-scolastica-svizzera-centrale-easy-rafting-reuss-mellingen-gebenstorf\/#primaryimage","url":"https:\/\/www.swissraft.ch\/wp-content\/uploads\/2023\/03\/3-3-Easy-Rafting-Mellingen-Gebenstorf-776x776-1.jpg","contentUrl":"https:\/\/www.swissraft.ch\/wp-content\/uploads\/2023\/03\/3-3-Easy-Rafting-Mellingen-Gebenstorf-776x776-1.jpg","width":776,"height":776,"caption":"Gita scolastica sulla Reuss a Mellingen e Gebenstorf"},{"@type":"BreadcrumbList","@id":"https:\/\/www.swissraft.ch\/it\/prodotto\/gita-scolastica-svizzera-centrale-easy-rafting-reuss-mellingen-gebenstorf\/#breadcrumb","itemListElement":[{"@type":"ListItem","position":1,"name":"Accueil","item":"https:\/\/www.swissraft.ch\/it\/"},{"@type":"ListItem","position":2,"name":"Negozio","item":"https:\/\/www.swissraft.ch\/it\/negozio\/"},{"@type":"ListItem","position":3,"name":"Gita scolastica &#8211; SVIZZERA CENTRALE &#8211; EASY RAFTING &#8211; REUSS &#8211; MELLINGEN-GEBENSTORF &#8211; CHF 75.00"}]},{"@type":"WebSite","@id":"https:\/\/www.swissraft.ch\/it\/#website","url":"https:\/\/www.swissraft.ch\/it\/","name":"Swissraft","description":"To enjoy nature as it is","publisher":{"@id":"https:\/\/www.swissraft.ch\/it\/#organization"},"potentialAction":[{"@type":"SearchAction","target":{"@type":"EntryPoint","urlTemplate":"https:\/\/www.swissraft.ch\/it\/?s={search_term_string}"},"query-input":{"@type":"PropertyValueSpecification","valueRequired":true,"valueName":"search_term_string"}}],"inLanguage":"it-IT"},{"@type":"Organization","@id":"https:\/\/www.swissraft.ch\/it\/#organization","name":"Swissraft","url":"https:\/\/www.swissraft.ch\/it\/","logo":{"@type":"ImageObject","inLanguage":"it-IT","@id":"https:\/\/www.swissraft.ch\/it\/#\/schema\/logo\/image\/","url":"https:\/\/www.swissraft.ch\/wp-content\/uploads\/2025\/09\/Capture.jpg","contentUrl":"https:\/\/www.swissraft.ch\/wp-content\/uploads\/2025\/09\/Capture.jpg","width":293,"height":108,"caption":"Swissraft"},"image":{"@id":"https:\/\/www.swissraft.ch\/it\/#\/schema\/logo\/image\/"}}]}},"_links":{"self":[{"href":"https:\/\/www.swissraft.ch\/it\/wp-json\/wp\/v2\/product\/92454","targetHints":{"allow":["GET"]}}],"collection":[{"href":"https:\/\/www.swissraft.ch\/it\/wp-json\/wp\/v2\/product"}],"about":[{"href":"https:\/\/www.swissraft.ch\/it\/wp-json\/wp\/v2\/types\/product"}],"replies":[{"embeddable":true,"href":"https:\/\/www.swissraft.ch\/it\/wp-json\/wp\/v2\/comments?post=92454"}],"version-history":[{"count":24,"href":"https:\/\/www.swissraft.ch\/it\/wp-json\/wp\/v2\/product\/92454\/revisions"}],"predecessor-version":[{"id":125290,"href":"https:\/\/www.swissraft.ch\/it\/wp-json\/wp\/v2\/product\/92454\/revisions\/125290"}],"wp:featuredmedia":[{"embeddable":true,"href":"https:\/\/www.swissraft.ch\/it\/wp-json\/wp\/v2\/media\/90968"}],"wp:attachment":[{"href":"https:\/\/www.swissraft.ch\/it\/wp-json\/wp\/v2\/media?parent=92454"}],"wp:term":[{"taxonomy":"product_cat","embeddable":true,"href":"https:\/\/www.swissraft.ch\/it\/wp-json\/wp\/v2\/product_cat?post=92454"},{"taxonomy":"product_tag","embeddable":true,"href":"https:\/\/www.swissraft.ch\/it\/wp-json\/wp\/v2\/product_tag?post=92454"}],"curies":[{"name":"wp","href":"https:\/\/api.w.org\/{rel}","templated":true}]}}