{"id":92447,"date":"2023-03-19T00:16:18","date_gmt":"2023-03-18T23:16:18","guid":{"rendered":"https:\/\/swissraft.xyanzkdne.eu\/product\/gita-scolastica-in-svizzera-centrale-easy-rafting-reuss-bremgarten-mellingen-chf-69-00\/"},"modified":"2025-12-27T05:31:10","modified_gmt":"2025-12-27T04:31:10","slug":"gita-scolastica-svizzera-centrale-easy-rafting-reuss-bremgarten-mellingen","status":"publish","type":"product","link":"https:\/\/www.swissraft.ch\/it\/prodotto\/gita-scolastica-svizzera-centrale-easy-rafting-reuss-bremgarten-mellingen\/","title":{"rendered":"Gita scolastica &#8211; SVIZZERA CENTRALE &#8211; EASY RAFTING &#8211; REUSS &#8211; BREMGARTEN-MELLINGEN &#8211; CHF 75.00"},"content":{"rendered":"\t\t<div data-elementor-type=\"wp-post\" data-elementor-id=\"92447\" class=\"elementor elementor-92447 elementor-31664\">\n\t\t\t\t\t\t\t\t\t<section class=\"elementor-section elementor-top-section elementor-element elementor-element-3303a7e3 elementor-section-boxed elementor-section-height-default elementor-section-height-default\" data-id=\"3303a7e3\" data-element_type=\"section\">\n\t\t\t\t\t\t<div class=\"elementor-container elementor-column-gap-default\">\n\t\t\t\t\t<div class=\"elementor-column elementor-col-100 elementor-top-column elementor-element elementor-element-16d72dbf\" data-id=\"16d72dbf\" data-element_type=\"column\">\n\t\t\t<div class=\"elementor-widget-wrap elementor-element-populated\">\n\t\t\t\t\t\t\t\t<div class=\"elementor-element elementor-element-d743c03 elementor-widget elementor-widget-text-editor\" data-id=\"d743c03\" data-element_type=\"widget\" data-widget_type=\"text-editor.default\">\n\t\t\t\t<div class=\"elementor-widget-container\">\n\t\t\t\t\t\t\t<h2>SCEGLI LA TUA ATTIVIT\u00c0 QUI SOTTO PER OFFRIRE BUONI REGALO\/BIGLIETTI O EFFETTUARE UNA PRENOTAZIONE<\/h2><table border=\"0\" width=\"580\" cellspacing=\"10\" cellpadding=\"10\"><tbody><tr><td width=\"50%\"><strong>GITA SCOLASTICA &#8211; EASY RAFTING &#8211; REUSS &#8211; BREMGARTEN-MELLINGEN + bevanda<\/strong><\/td><td><strong>CHF 75.00 per allievo<span class=\"productPrice\"><br \/><\/span><\/strong><\/td><\/tr><tr><td>Informazioni aggiuntive<\/td><td>&#8211;<span class=\"patt\"> Et\u00e0 minima 10 anni<br \/><\/span>&#8211; Accompagnatore adulto obbligatorio<br \/>&#8211; Minimo 15 allievi<\/td><\/tr><tr><td>Percorso<\/td><td><strong>Bremgarten-Mellingen<\/strong><\/td><\/tr><tr><td>Orari<\/td><td>10h00 \/ 13h30<\/td><\/tr><tr><td>Easy rafting o Fun rafting<\/td><td>circa 2 ore<\/td><\/tr><tr><td>Durata totale<\/td><td>circa 3,5 ore<\/td><\/tr><tr><td>Luego d&#8217;incontro<\/td><td><a href=\"https:\/\/www.google.com\/maps\/place\/47%C2%B021'03.6%22N+8%C2%B020'16.7%22E\/@47.3510945,8.3357513,382m\/data=!3m1!1e3!4m4!3m3!8m2!3d47.351!4d8.3379722?entry=ttu&amp;g_ep=EgoyMDI0MDkyMi4wIKXMDSoASAFQAw%3D%3D\" target=\"_blank\" rel=\"noopener\">Bremgarten<\/a><\/td><\/tr><tr><td>Difficolt\u00e0<\/td><td>1<\/td><\/tr><tr><td>\u00a0<\/td><td>Per prenotare : <a href=\"https:\/\/www.swissraft.ch\/it\/contattaci\/\">Contattateci<\/a><\/td><\/tr><\/tbody><\/table>\t\t\t\t\t\t<\/div>\n\t\t\t\t<\/div>\n\t\t\t\t\t<\/div>\n\t\t<\/div>\n\t\t\t\t\t\t\t<\/div>\n\t\t<\/section>\n\t\t\t\t\t\t\t<\/div>\n\t\t","protected":false},"excerpt":{"rendered":"<div align=\"justify\">\n<h2 align=\"justify\">Easy rafting sulla Reuss tra Bremgarten e Mellingen; una discesa di 20 chilometri<\/h2>\n<h3>I tuoi alunni ti saranno grati<\/h3>\n<\/div>\n<div align=\"justify\">\n<p>Non c&#8217;\u00e8 niente di meglio per una gita scolastica di un Easy rafting lungo la Reuss tra <a href=\"https:\/\/www.myswitzerland.com\/fr\/destinations\/bremgarten\/\" target=\"_blank\" rel=\"noopener\">Bremgarten<\/a> e <a href=\"https:\/\/www.myswitzerland.com\/fr\/destinations\/mellingen\/\" target=\"_blank\" rel=\"noopener\">Mellingen<\/a>. Per prima cosa, indossa un giubbotto di salvataggio e prendi una pagaia. Poi gli istruttori ti danno precise istruzioni di sicurezza, che devi ascoltare con attenzione. Poi arriva il momento di salire sulla zattera. La corrente ti porter\u00e0 presto in un&#8217;avventura emozionante. Attraverserai tratti pi\u00f9 tranquilli della Reuss, ideali per chiacchierare e godersi il paesaggio. Di tanto in tanto, qualche schizzo provoca scoppi di risa. A volte la corrente accelera, aggiungendo un po&#8217; di adrenalina alla tua avventura. Dopo una buona parte della discesa, fai una breve pausa sulla riva. Questo ti permette di godere della pace e della tranquillit\u00e0 della campagna circostante. Infine, raggiungi la tua destinazione : Mellingen. \u00c8 stata una giornata ricca di emozioni che ha rafforzato i legami tra noi.<\/p>\n<h3>Per le gite scolastiche con alunni di tutte le et\u00e0, Swissraft offre un&#8217;ampia gamma di itinerari in Svizzera<\/h3>\n<p id=\"textarea\" style=\"display: none;\">\nSwissraft offre alle scuole altri 5 corsi sulla Reuss. Oltre a un percorso sul fiume Aare tra le citt\u00e0 di Thun e Berna.<br \/>\nInoltre, nel Vallese potrai fare del divertente rafting sul Rodano, un fiume maestoso tra Chippis e St. L\u00e9onard. Offriamo anche un facile rafting sulla Sarine tra Gstaad nel Saanenland e Rougement nel Pays d&#8217;Enhaut. Sul Reno Swissraft offre due percorsi: da Sciaffusa a Rheinau e da Sciaffusa a Rudlingen, a valle delle cascate del Reno. Lo stesso vale per il Ticino in Ticino, un percorso dal sapore mediterraneo. Tuttavia, se vuoi offrire pi\u00f9 azione agli studenti pi\u00f9 grandi, prova il Rafting, una versione pi\u00f9 attiva e sportiva del Fun rafting o dell&#8217;Easy rafting. Ad esempio, nei Grigioni, sul Reno, tra Ilanz e Reichenau. Ma anche sulla Sarine, da Saanen nell&#8217;Oberland Bernese a Ch\u00e2teau d&#8217;Oex nel Pays d&#8217;Enhaut. Facciamo anche rafting sulla Simme da Boltigen e sulla Lutschine a Interlaken. Il Vallese non \u00e8 da meno, con 3 magnifici percorsi di rafting sui fiumi Rodano, Vi\u00e8ge e Dranse de Bagnes.\n<\/p>\n<p><a id=\"seeMore\" onclick=\"toggleSeeMore()\" href=\"javascript:void(0);\">Leggi tutto<\/a><\/p>\n","protected":false},"featured_media":90983,"comment_status":"open","ping_status":"closed","template":"","meta":{"inline_featured_image":false,"_mi_skip_tracking":false},"product_cat":[404,636,405],"product_tag":[],"class_list":["post-92447","product","type-product","status-publish","has-post-thumbnail","hentry","product_cat-gruppo","product_cat-gita-scolastica-easy-rafting-in-svizzera","product_cat-corsa-scolastica-gita-scolastica"],"yoast_head":"<!-- This site is optimized with the Yoast SEO plugin v23.6 - https:\/\/yoast.com\/wordpress\/plugins\/seo\/ -->\n<title>Gita scolastica Bremgarten-Mellingen sul fiume Reuss<\/title>\n<meta name=\"description\" content=\"Gita scolastica Bremgarten-Mellingen sulla Reuss. Un percorso che si rivolge alle scuole e ai loro alunni e insegnanti. Suppi !\" \/>\n<meta name=\"robots\" content=\"index, follow, max-snippet:-1, max-image-preview:large, max-video-preview:-1\" \/>\n<link rel=\"canonical\" href=\"https:\/\/www.swissraft.ch\/it\/prodotto\/gita-scolastica-svizzera-centrale-easy-rafting-reuss-bremgarten-mellingen\/\" \/>\n<meta property=\"og:locale\" content=\"it_IT\" \/>\n<meta property=\"og:type\" content=\"article\" \/>\n<meta property=\"og:title\" content=\"Gita scolastica Bremgarten-Mellingen sul fiume Reuss\" \/>\n<meta property=\"og:description\" content=\"Gita scolastica Bremgarten-Mellingen sulla Reuss. Un percorso che si rivolge alle scuole e ai loro alunni e insegnanti. Suppi !\" \/>\n<meta property=\"og:url\" content=\"https:\/\/www.swissraft.ch\/it\/prodotto\/gita-scolastica-svizzera-centrale-easy-rafting-reuss-bremgarten-mellingen\/\" \/>\n<meta property=\"og:site_name\" content=\"Swissraft\" \/>\n<meta property=\"article:modified_time\" content=\"2025-12-27T04:31:10+00:00\" \/>\n<meta property=\"og:image\" content=\"https:\/\/www.swissraft.ch\/wp-content\/uploads\/2023\/03\/3-2-Easy-Rafting-Bremgarten-Mellingen776x776.jpg\" \/>\n\t<meta property=\"og:image:width\" content=\"776\" \/>\n\t<meta property=\"og:image:height\" content=\"776\" \/>\n\t<meta property=\"og:image:type\" content=\"image\/jpeg\" \/>\n<meta name=\"twitter:card\" content=\"summary_large_image\" \/>\n<meta name=\"twitter:label1\" content=\"Tempo di lettura stimato\" \/>\n\t<meta name=\"twitter:data1\" content=\"1 minuto\" \/>\n<script type=\"application\/ld+json\" class=\"yoast-schema-graph\">{\"@context\":\"https:\/\/schema.org\",\"@graph\":[{\"@type\":\"WebPage\",\"@id\":\"https:\/\/www.swissraft.ch\/it\/prodotto\/gita-scolastica-svizzera-centrale-easy-rafting-reuss-bremgarten-mellingen\/\",\"url\":\"https:\/\/www.swissraft.ch\/it\/prodotto\/gita-scolastica-svizzera-centrale-easy-rafting-reuss-bremgarten-mellingen\/\",\"name\":\"Gita scolastica Bremgarten-Mellingen sul fiume Reuss\",\"isPartOf\":{\"@id\":\"https:\/\/www.swissraft.ch\/it\/#website\"},\"primaryImageOfPage\":{\"@id\":\"https:\/\/www.swissraft.ch\/it\/prodotto\/gita-scolastica-svizzera-centrale-easy-rafting-reuss-bremgarten-mellingen\/#primaryimage\"},\"image\":{\"@id\":\"https:\/\/www.swissraft.ch\/it\/prodotto\/gita-scolastica-svizzera-centrale-easy-rafting-reuss-bremgarten-mellingen\/#primaryimage\"},\"thumbnailUrl\":\"https:\/\/www.swissraft.ch\/wp-content\/uploads\/2023\/03\/3-2-Easy-Rafting-Bremgarten-Mellingen776x776.jpg\",\"datePublished\":\"2023-03-18T23:16:18+00:00\",\"dateModified\":\"2025-12-27T04:31:10+00:00\",\"description\":\"Gita scolastica Bremgarten-Mellingen sulla Reuss. Un percorso che si rivolge alle scuole e ai loro alunni e insegnanti. Suppi !\",\"breadcrumb\":{\"@id\":\"https:\/\/www.swissraft.ch\/it\/prodotto\/gita-scolastica-svizzera-centrale-easy-rafting-reuss-bremgarten-mellingen\/#breadcrumb\"},\"inLanguage\":\"it-IT\",\"potentialAction\":[{\"@type\":\"ReadAction\",\"target\":[\"https:\/\/www.swissraft.ch\/it\/prodotto\/gita-scolastica-svizzera-centrale-easy-rafting-reuss-bremgarten-mellingen\/\"]}]},{\"@type\":\"ImageObject\",\"inLanguage\":\"it-IT\",\"@id\":\"https:\/\/www.swissraft.ch\/it\/prodotto\/gita-scolastica-svizzera-centrale-easy-rafting-reuss-bremgarten-mellingen\/#primaryimage\",\"url\":\"https:\/\/www.swissraft.ch\/wp-content\/uploads\/2023\/03\/3-2-Easy-Rafting-Bremgarten-Mellingen776x776.jpg\",\"contentUrl\":\"https:\/\/www.swissraft.ch\/wp-content\/uploads\/2023\/03\/3-2-Easy-Rafting-Bremgarten-Mellingen776x776.jpg\",\"width\":776,\"height\":776,\"caption\":\"Gita scolastico di rafting sulla Reuss tra Bremgarten e Mellingen\"},{\"@type\":\"BreadcrumbList\",\"@id\":\"https:\/\/www.swissraft.ch\/it\/prodotto\/gita-scolastica-svizzera-centrale-easy-rafting-reuss-bremgarten-mellingen\/#breadcrumb\",\"itemListElement\":[{\"@type\":\"ListItem\",\"position\":1,\"name\":\"Accueil\",\"item\":\"https:\/\/www.swissraft.ch\/it\/\"},{\"@type\":\"ListItem\",\"position\":2,\"name\":\"Negozio\",\"item\":\"https:\/\/www.swissraft.ch\/it\/negozio\/\"},{\"@type\":\"ListItem\",\"position\":3,\"name\":\"Gita scolastica &#8211; SVIZZERA CENTRALE &#8211; EASY RAFTING &#8211; REUSS &#8211; BREMGARTEN-MELLINGEN &#8211; CHF 75.00\"}]},{\"@type\":\"WebSite\",\"@id\":\"https:\/\/www.swissraft.ch\/it\/#website\",\"url\":\"https:\/\/www.swissraft.ch\/it\/\",\"name\":\"Swissraft\",\"description\":\"To enjoy nature as it is\",\"publisher\":{\"@id\":\"https:\/\/www.swissraft.ch\/it\/#organization\"},\"potentialAction\":[{\"@type\":\"SearchAction\",\"target\":{\"@type\":\"EntryPoint\",\"urlTemplate\":\"https:\/\/www.swissraft.ch\/it\/?s={search_term_string}\"},\"query-input\":{\"@type\":\"PropertyValueSpecification\",\"valueRequired\":true,\"valueName\":\"search_term_string\"}}],\"inLanguage\":\"it-IT\"},{\"@type\":\"Organization\",\"@id\":\"https:\/\/www.swissraft.ch\/it\/#organization\",\"name\":\"Swissraft\",\"url\":\"https:\/\/www.swissraft.ch\/it\/\",\"logo\":{\"@type\":\"ImageObject\",\"inLanguage\":\"it-IT\",\"@id\":\"https:\/\/www.swissraft.ch\/it\/#\/schema\/logo\/image\/\",\"url\":\"https:\/\/www.swissraft.ch\/wp-content\/uploads\/2025\/09\/Capture.jpg\",\"contentUrl\":\"https:\/\/www.swissraft.ch\/wp-content\/uploads\/2025\/09\/Capture.jpg\",\"width\":293,\"height\":108,\"caption\":\"Swissraft\"},\"image\":{\"@id\":\"https:\/\/www.swissraft.ch\/it\/#\/schema\/logo\/image\/\"}}]}<\/script>\n<!-- \/ Yoast SEO plugin. -->","yoast_head_json":{"title":"Gita scolastica Bremgarten-Mellingen sul fiume Reuss","description":"Gita scolastica Bremgarten-Mellingen sulla Reuss. Un percorso che si rivolge alle scuole e ai loro alunni e insegnanti. Suppi !","robots":{"index":"index","follow":"follow","max-snippet":"max-snippet:-1","max-image-preview":"max-image-preview:large","max-video-preview":"max-video-preview:-1"},"canonical":"https:\/\/www.swissraft.ch\/it\/prodotto\/gita-scolastica-svizzera-centrale-easy-rafting-reuss-bremgarten-mellingen\/","og_locale":"it_IT","og_type":"article","og_title":"Gita scolastica Bremgarten-Mellingen sul fiume Reuss","og_description":"Gita scolastica Bremgarten-Mellingen sulla Reuss. Un percorso che si rivolge alle scuole e ai loro alunni e insegnanti. Suppi !","og_url":"https:\/\/www.swissraft.ch\/it\/prodotto\/gita-scolastica-svizzera-centrale-easy-rafting-reuss-bremgarten-mellingen\/","og_site_name":"Swissraft","article_modified_time":"2025-12-27T04:31:10+00:00","og_image":[{"width":776,"height":776,"url":"https:\/\/www.swissraft.ch\/wp-content\/uploads\/2023\/03\/3-2-Easy-Rafting-Bremgarten-Mellingen776x776.jpg","type":"image\/jpeg"}],"twitter_card":"summary_large_image","twitter_misc":{"Tempo di lettura stimato":"1 minuto"},"schema":{"@context":"https:\/\/schema.org","@graph":[{"@type":"WebPage","@id":"https:\/\/www.swissraft.ch\/it\/prodotto\/gita-scolastica-svizzera-centrale-easy-rafting-reuss-bremgarten-mellingen\/","url":"https:\/\/www.swissraft.ch\/it\/prodotto\/gita-scolastica-svizzera-centrale-easy-rafting-reuss-bremgarten-mellingen\/","name":"Gita scolastica Bremgarten-Mellingen sul fiume Reuss","isPartOf":{"@id":"https:\/\/www.swissraft.ch\/it\/#website"},"primaryImageOfPage":{"@id":"https:\/\/www.swissraft.ch\/it\/prodotto\/gita-scolastica-svizzera-centrale-easy-rafting-reuss-bremgarten-mellingen\/#primaryimage"},"image":{"@id":"https:\/\/www.swissraft.ch\/it\/prodotto\/gita-scolastica-svizzera-centrale-easy-rafting-reuss-bremgarten-mellingen\/#primaryimage"},"thumbnailUrl":"https:\/\/www.swissraft.ch\/wp-content\/uploads\/2023\/03\/3-2-Easy-Rafting-Bremgarten-Mellingen776x776.jpg","datePublished":"2023-03-18T23:16:18+00:00","dateModified":"2025-12-27T04:31:10+00:00","description":"Gita scolastica Bremgarten-Mellingen sulla Reuss. Un percorso che si rivolge alle scuole e ai loro alunni e insegnanti. Suppi !","breadcrumb":{"@id":"https:\/\/www.swissraft.ch\/it\/prodotto\/gita-scolastica-svizzera-centrale-easy-rafting-reuss-bremgarten-mellingen\/#breadcrumb"},"inLanguage":"it-IT","potentialAction":[{"@type":"ReadAction","target":["https:\/\/www.swissraft.ch\/it\/prodotto\/gita-scolastica-svizzera-centrale-easy-rafting-reuss-bremgarten-mellingen\/"]}]},{"@type":"ImageObject","inLanguage":"it-IT","@id":"https:\/\/www.swissraft.ch\/it\/prodotto\/gita-scolastica-svizzera-centrale-easy-rafting-reuss-bremgarten-mellingen\/#primaryimage","url":"https:\/\/www.swissraft.ch\/wp-content\/uploads\/2023\/03\/3-2-Easy-Rafting-Bremgarten-Mellingen776x776.jpg","contentUrl":"https:\/\/www.swissraft.ch\/wp-content\/uploads\/2023\/03\/3-2-Easy-Rafting-Bremgarten-Mellingen776x776.jpg","width":776,"height":776,"caption":"Gita scolastico di rafting sulla Reuss tra Bremgarten e Mellingen"},{"@type":"BreadcrumbList","@id":"https:\/\/www.swissraft.ch\/it\/prodotto\/gita-scolastica-svizzera-centrale-easy-rafting-reuss-bremgarten-mellingen\/#breadcrumb","itemListElement":[{"@type":"ListItem","position":1,"name":"Accueil","item":"https:\/\/www.swissraft.ch\/it\/"},{"@type":"ListItem","position":2,"name":"Negozio","item":"https:\/\/www.swissraft.ch\/it\/negozio\/"},{"@type":"ListItem","position":3,"name":"Gita scolastica &#8211; SVIZZERA CENTRALE &#8211; EASY RAFTING &#8211; REUSS &#8211; BREMGARTEN-MELLINGEN &#8211; CHF 75.00"}]},{"@type":"WebSite","@id":"https:\/\/www.swissraft.ch\/it\/#website","url":"https:\/\/www.swissraft.ch\/it\/","name":"Swissraft","description":"To enjoy nature as it is","publisher":{"@id":"https:\/\/www.swissraft.ch\/it\/#organization"},"potentialAction":[{"@type":"SearchAction","target":{"@type":"EntryPoint","urlTemplate":"https:\/\/www.swissraft.ch\/it\/?s={search_term_string}"},"query-input":{"@type":"PropertyValueSpecification","valueRequired":true,"valueName":"search_term_string"}}],"inLanguage":"it-IT"},{"@type":"Organization","@id":"https:\/\/www.swissraft.ch\/it\/#organization","name":"Swissraft","url":"https:\/\/www.swissraft.ch\/it\/","logo":{"@type":"ImageObject","inLanguage":"it-IT","@id":"https:\/\/www.swissraft.ch\/it\/#\/schema\/logo\/image\/","url":"https:\/\/www.swissraft.ch\/wp-content\/uploads\/2025\/09\/Capture.jpg","contentUrl":"https:\/\/www.swissraft.ch\/wp-content\/uploads\/2025\/09\/Capture.jpg","width":293,"height":108,"caption":"Swissraft"},"image":{"@id":"https:\/\/www.swissraft.ch\/it\/#\/schema\/logo\/image\/"}}]}},"_links":{"self":[{"href":"https:\/\/www.swissraft.ch\/it\/wp-json\/wp\/v2\/product\/92447","targetHints":{"allow":["GET"]}}],"collection":[{"href":"https:\/\/www.swissraft.ch\/it\/wp-json\/wp\/v2\/product"}],"about":[{"href":"https:\/\/www.swissraft.ch\/it\/wp-json\/wp\/v2\/types\/product"}],"replies":[{"embeddable":true,"href":"https:\/\/www.swissraft.ch\/it\/wp-json\/wp\/v2\/comments?post=92447"}],"version-history":[{"count":29,"href":"https:\/\/www.swissraft.ch\/it\/wp-json\/wp\/v2\/product\/92447\/revisions"}],"predecessor-version":[{"id":125267,"href":"https:\/\/www.swissraft.ch\/it\/wp-json\/wp\/v2\/product\/92447\/revisions\/125267"}],"wp:featuredmedia":[{"embeddable":true,"href":"https:\/\/www.swissraft.ch\/it\/wp-json\/wp\/v2\/media\/90983"}],"wp:attachment":[{"href":"https:\/\/www.swissraft.ch\/it\/wp-json\/wp\/v2\/media?parent=92447"}],"wp:term":[{"taxonomy":"product_cat","embeddable":true,"href":"https:\/\/www.swissraft.ch\/it\/wp-json\/wp\/v2\/product_cat?post=92447"},{"taxonomy":"product_tag","embeddable":true,"href":"https:\/\/www.swissraft.ch\/it\/wp-json\/wp\/v2\/product_tag?post=92447"}],"curies":[{"name":"wp","href":"https:\/\/api.w.org\/{rel}","templated":true}]}}