{"id":92442,"date":"2023-03-18T23:18:27","date_gmt":"2023-03-18T22:18:27","guid":{"rendered":"https:\/\/swissraft.xyanzkdne.eu\/product\/monster-scooter-in-valais-crans-montana-chf-85-00\/"},"modified":"2026-03-21T00:12:36","modified_gmt":"2026-03-20T23:12:36","slug":"monster-scooter-vallese-crans-montana","status":"publish","type":"product","link":"https:\/\/www.swissraft.ch\/it\/prodotto\/monster-scooter-vallese-crans-montana\/","title":{"rendered":"MONSTER SCOOTER in VALLESE &#8211; CRANS-MONTANA &#8211; CHF 85.00"},"content":{"rendered":"\t\t<div data-elementor-type=\"wp-post\" data-elementor-id=\"92442\" class=\"elementor elementor-92442 elementor-31645\">\n\t\t\t\t\t\t\t\t\t<section class=\"elementor-section elementor-top-section elementor-element elementor-element-3303a7e3 elementor-section-boxed elementor-section-height-default elementor-section-height-default\" data-id=\"3303a7e3\" data-element_type=\"section\">\n\t\t\t\t\t\t<div class=\"elementor-container elementor-column-gap-default\">\n\t\t\t\t\t<div class=\"elementor-column elementor-col-100 elementor-top-column elementor-element elementor-element-16d72dbf\" data-id=\"16d72dbf\" data-element_type=\"column\">\n\t\t\t<div class=\"elementor-widget-wrap elementor-element-populated\">\n\t\t\t\t\t\t\t\t<div class=\"elementor-element elementor-element-d743c03 elementor-widget elementor-widget-text-editor\" data-id=\"d743c03\" data-element_type=\"widget\" data-widget_type=\"text-editor.default\">\n\t\t\t\t<div class=\"elementor-widget-container\">\n\t\t\t\t\t\t\t<h2>SCEGLI LA TUA ATTIVIT\u00c0 QUI SOTTO PER OFFRIRE BUONI REGALO\/BIGLIETTI O EFFETTUARE UNA PRENOTAZIONE<\/h2><table border=\"0\" width=\"580\" cellspacing=\"10\" cellpadding=\"10\"><tbody><tr><td width=\"50%\"><strong>MONSTER SCOOTER &#8211; CRANS-MONTANA<\/strong><\/td><td><strong>CHF 85,00 a persona<span class=\"productPrice\"><br \/><\/span><\/strong><\/td><\/tr><tr><td>Informazioni aggiuntive<\/td><td><span class=\"patt\">&#8211; A partire da 4 pers.<br \/>&#8211; Et\u00e0 minima : 14 anni<br \/>&#8211; Massimo 10 pers.<\/span><\/td><\/tr><tr><td>Orari<\/td><td>09:00 \/ 13:30<\/td><\/tr><tr><td>Durata della discesa<\/td><td>circa 2 ore<\/td><\/tr><tr><td>Durata totale<\/td><td>circa 3 ore<\/td><\/tr><tr><td>Rendez-vous<\/td><td><a href=\"https:\/\/www.google.com\/maps\/place\/46%C2%B018'16.6%22N+7%C2%B028'50.4%22E\/@46.3046556,7.4783815,390m\/data=!3m1!1e3!4m4!3m3!8m2!3d46.3046111!4d7.4806667?entry=ttu\" target=\"_blank\" rel=\"noopener\">Crans-Montana<\/a><\/td><\/tr><tr><td>Difficolt\u00e0<\/td><td>Livello 1-2<\/td><\/tr><tr><td><a href=\"https:\/\/swissraft.outdoorbooking.ch\/fo\/products\/605?base_id=85&amp;category_id=28&amp;order_type=gift_voucher&amp;lang=it\" target=\"_blank\" rel=\"noopener\"><button class=\"elementor-button\" type=\"button\">ACQUISTO BUONO REGALO \/ BIGLIETTO<\/button><\/a><\/td><td><a href=\"https:\/\/swissraft.outdoorbooking.ch\/fo\/products\/605?base_id=85&amp;category_id=28&amp;order_type=event&amp;lang=it\" target=\"_blank\" rel=\"noopener\">PRENOTA UNA DATA<\/a><\/td><\/tr><\/tbody><\/table>\t\t\t\t\t\t<\/div>\n\t\t\t\t<\/div>\n\t\t\t\t\t<\/div>\n\t\t<\/div>\n\t\t\t\t\t\t\t<\/div>\n\t\t<\/section>\n\t\t\t\t\t\t\t<\/div>\n\t\t","protected":false},"excerpt":{"rendered":"<div align=\"justify\">\n<h2 align=\"justify\">La discesa dello scooter Monster da Crans-Montana a Sierre \u00e8 impressionante<\/h2>\n<h3>10 km di intensa discesa con una meritata pausa per un tipico aperitivo vallesano.<\/h3>\n<\/div>\n<div align=\"justify\">\n<p>La discesa da Crans-Montana a Sierre su uno scooter Monster \u00e8 un&#8217;avventura indimenticabile. Fin dall&#8217;inizio puoi sentire l&#8217;adrenalina che scorre. Il sentiero si snoda attraverso foreste di pini, offrendo una freschezza rinvigorente. Sfreccia lungo le piste, padroneggiando la tua macchina e assaporando ogni momento. Il paesaggio cambia presto e scoprirai i vigneti del Vallese. La vista sulla valle del Rodano \u00e8 mozzafiato. Ogni svolta rivela una nuova prospettiva.<br \/>\nA met\u00e0 percorso ti aspetta una meritata pausa. L&#8217;aperitivo del Vallese, con formaggio, salsiccia e vino locale, \u00e8 una vera delizia. \u00c8 un ottimo modo per legare con gli amici. Poi si scende dalla montagna con il sorriso sulle labbra. La salita di 1.000 metri \u00e8 accolta con entusiasmo. Infine, dopo 10 km di pura emozione, raggiungi Sierre. Questa attivit\u00e0, divertente e sportiva, ti lascer\u00e0 ricordi indelebili.<\/p>\n<h3>Su richiesta, Swissraft pu\u00f2 organizzare per te corsi in qualsiasi parte della Svizzera. I corsi possono essere soggetti ad autorizzazione preventiva.<\/h3>\n<p id=\"textarea\" style=\"display: none;\">\nNell&#8217;Oberland Bernese a Lauterbrunnen offriamo una discesa per famiglie e gite aziendali.\n<\/p>\n<p><a id=\"seeMore\" onclick=\"toggleSeeMore()\" href=\"javascript:void(0);\">Leggi tutto<\/a><\/p>\n","protected":false},"featured_media":90725,"comment_status":"open","ping_status":"closed","template":"","meta":{"inline_featured_image":false,"_mi_skip_tracking":false},"product_cat":[495],"product_tag":[],"class_list":["post-92442","product","type-product","status-publish","has-post-thumbnail","hentry","product_cat-monster-scooter-it"],"yoast_head":"<!-- This site is optimized with the Yoast SEO plugin v23.6 - https:\/\/yoast.com\/wordpress\/plugins\/seo\/ -->\n<title>Monster scooter Crans-Montana, fino a Sierre<\/title>\n<meta name=\"description\" content=\"Monster scooter Crans-Montana nel Vallese per un&#039;emozionante discesa verso Sierre. Con una pausa picnic nel Vallese. Una discesa da brivido\" \/>\n<meta name=\"robots\" content=\"index, follow, max-snippet:-1, max-image-preview:large, max-video-preview:-1\" \/>\n<link rel=\"canonical\" href=\"https:\/\/www.swissraft.ch\/it\/prodotto\/monster-scooter-vallese-crans-montana\/\" \/>\n<meta property=\"og:locale\" content=\"it_IT\" \/>\n<meta property=\"og:type\" content=\"article\" \/>\n<meta property=\"og:title\" content=\"Monster scooter Crans-Montana, fino a Sierre\" \/>\n<meta property=\"og:description\" content=\"Monster scooter Crans-Montana nel Vallese per un&#039;emozionante discesa verso Sierre. Con una pausa picnic nel Vallese. Una discesa da brivido\" \/>\n<meta property=\"og:url\" content=\"https:\/\/www.swissraft.ch\/it\/prodotto\/monster-scooter-vallese-crans-montana\/\" \/>\n<meta property=\"og:site_name\" content=\"Swissraft\" \/>\n<meta property=\"article:modified_time\" content=\"2026-03-20T23:12:36+00:00\" \/>\n<meta property=\"og:image\" content=\"https:\/\/www.swissraft.ch\/wp-content\/uploads\/2023\/03\/1-1-Monster-scooter-crans-montana-776x776-1.jpg\" \/>\n\t<meta property=\"og:image:width\" content=\"776\" \/>\n\t<meta property=\"og:image:height\" content=\"776\" \/>\n\t<meta property=\"og:image:type\" content=\"image\/jpeg\" \/>\n<meta name=\"twitter:card\" content=\"summary_large_image\" \/>\n<meta name=\"twitter:label1\" content=\"Tempo di lettura stimato\" \/>\n\t<meta name=\"twitter:data1\" content=\"1 minuto\" \/>\n<script type=\"application\/ld+json\" class=\"yoast-schema-graph\">{\"@context\":\"https:\/\/schema.org\",\"@graph\":[{\"@type\":\"WebPage\",\"@id\":\"https:\/\/www.swissraft.ch\/it\/prodotto\/monster-scooter-vallese-crans-montana\/\",\"url\":\"https:\/\/www.swissraft.ch\/it\/prodotto\/monster-scooter-vallese-crans-montana\/\",\"name\":\"Monster scooter Crans-Montana, fino a Sierre\",\"isPartOf\":{\"@id\":\"https:\/\/www.swissraft.ch\/it\/#website\"},\"primaryImageOfPage\":{\"@id\":\"https:\/\/www.swissraft.ch\/it\/prodotto\/monster-scooter-vallese-crans-montana\/#primaryimage\"},\"image\":{\"@id\":\"https:\/\/www.swissraft.ch\/it\/prodotto\/monster-scooter-vallese-crans-montana\/#primaryimage\"},\"thumbnailUrl\":\"https:\/\/www.swissraft.ch\/wp-content\/uploads\/2023\/03\/1-1-Monster-scooter-crans-montana-776x776-1.jpg\",\"datePublished\":\"2023-03-18T22:18:27+00:00\",\"dateModified\":\"2026-03-20T23:12:36+00:00\",\"description\":\"Monster scooter Crans-Montana nel Vallese per un'emozionante discesa verso Sierre. Con una pausa picnic nel Vallese. Una discesa da brivido\",\"breadcrumb\":{\"@id\":\"https:\/\/www.swissraft.ch\/it\/prodotto\/monster-scooter-vallese-crans-montana\/#breadcrumb\"},\"inLanguage\":\"it-IT\",\"potentialAction\":[{\"@type\":\"ReadAction\",\"target\":[\"https:\/\/www.swissraft.ch\/it\/prodotto\/monster-scooter-vallese-crans-montana\/\"]}]},{\"@type\":\"ImageObject\",\"inLanguage\":\"it-IT\",\"@id\":\"https:\/\/www.swissraft.ch\/it\/prodotto\/monster-scooter-vallese-crans-montana\/#primaryimage\",\"url\":\"https:\/\/www.swissraft.ch\/wp-content\/uploads\/2023\/03\/1-1-Monster-scooter-crans-montana-776x776-1.jpg\",\"contentUrl\":\"https:\/\/www.swissraft.ch\/wp-content\/uploads\/2023\/03\/1-1-Monster-scooter-crans-montana-776x776-1.jpg\",\"width\":776,\"height\":776,\"caption\":\"Monster scooter a Crans-Montana\"},{\"@type\":\"BreadcrumbList\",\"@id\":\"https:\/\/www.swissraft.ch\/it\/prodotto\/monster-scooter-vallese-crans-montana\/#breadcrumb\",\"itemListElement\":[{\"@type\":\"ListItem\",\"position\":1,\"name\":\"Accueil\",\"item\":\"https:\/\/www.swissraft.ch\/it\/\"},{\"@type\":\"ListItem\",\"position\":2,\"name\":\"Negozio\",\"item\":\"https:\/\/www.swissraft.ch\/it\/negozio\/\"},{\"@type\":\"ListItem\",\"position\":3,\"name\":\"MONSTER SCOOTER in VALLESE &#8211; CRANS-MONTANA &#8211; CHF 85.00\"}]},{\"@type\":\"WebSite\",\"@id\":\"https:\/\/www.swissraft.ch\/it\/#website\",\"url\":\"https:\/\/www.swissraft.ch\/it\/\",\"name\":\"Swissraft\",\"description\":\"To enjoy nature as it is\",\"publisher\":{\"@id\":\"https:\/\/www.swissraft.ch\/it\/#organization\"},\"potentialAction\":[{\"@type\":\"SearchAction\",\"target\":{\"@type\":\"EntryPoint\",\"urlTemplate\":\"https:\/\/www.swissraft.ch\/it\/?s={search_term_string}\"},\"query-input\":{\"@type\":\"PropertyValueSpecification\",\"valueRequired\":true,\"valueName\":\"search_term_string\"}}],\"inLanguage\":\"it-IT\"},{\"@type\":\"Organization\",\"@id\":\"https:\/\/www.swissraft.ch\/it\/#organization\",\"name\":\"Swissraft\",\"url\":\"https:\/\/www.swissraft.ch\/it\/\",\"logo\":{\"@type\":\"ImageObject\",\"inLanguage\":\"it-IT\",\"@id\":\"https:\/\/www.swissraft.ch\/it\/#\/schema\/logo\/image\/\",\"url\":\"https:\/\/www.swissraft.ch\/wp-content\/uploads\/2025\/09\/Capture.jpg\",\"contentUrl\":\"https:\/\/www.swissraft.ch\/wp-content\/uploads\/2025\/09\/Capture.jpg\",\"width\":293,\"height\":108,\"caption\":\"Swissraft\"},\"image\":{\"@id\":\"https:\/\/www.swissraft.ch\/it\/#\/schema\/logo\/image\/\"}}]}<\/script>\n<!-- \/ Yoast SEO plugin. -->","yoast_head_json":{"title":"Monster scooter Crans-Montana, fino a Sierre","description":"Monster scooter Crans-Montana nel Vallese per un'emozionante discesa verso Sierre. Con una pausa picnic nel Vallese. Una discesa da brivido","robots":{"index":"index","follow":"follow","max-snippet":"max-snippet:-1","max-image-preview":"max-image-preview:large","max-video-preview":"max-video-preview:-1"},"canonical":"https:\/\/www.swissraft.ch\/it\/prodotto\/monster-scooter-vallese-crans-montana\/","og_locale":"it_IT","og_type":"article","og_title":"Monster scooter Crans-Montana, fino a Sierre","og_description":"Monster scooter Crans-Montana nel Vallese per un'emozionante discesa verso Sierre. Con una pausa picnic nel Vallese. Una discesa da brivido","og_url":"https:\/\/www.swissraft.ch\/it\/prodotto\/monster-scooter-vallese-crans-montana\/","og_site_name":"Swissraft","article_modified_time":"2026-03-20T23:12:36+00:00","og_image":[{"width":776,"height":776,"url":"https:\/\/www.swissraft.ch\/wp-content\/uploads\/2023\/03\/1-1-Monster-scooter-crans-montana-776x776-1.jpg","type":"image\/jpeg"}],"twitter_card":"summary_large_image","twitter_misc":{"Tempo di lettura stimato":"1 minuto"},"schema":{"@context":"https:\/\/schema.org","@graph":[{"@type":"WebPage","@id":"https:\/\/www.swissraft.ch\/it\/prodotto\/monster-scooter-vallese-crans-montana\/","url":"https:\/\/www.swissraft.ch\/it\/prodotto\/monster-scooter-vallese-crans-montana\/","name":"Monster scooter Crans-Montana, fino a Sierre","isPartOf":{"@id":"https:\/\/www.swissraft.ch\/it\/#website"},"primaryImageOfPage":{"@id":"https:\/\/www.swissraft.ch\/it\/prodotto\/monster-scooter-vallese-crans-montana\/#primaryimage"},"image":{"@id":"https:\/\/www.swissraft.ch\/it\/prodotto\/monster-scooter-vallese-crans-montana\/#primaryimage"},"thumbnailUrl":"https:\/\/www.swissraft.ch\/wp-content\/uploads\/2023\/03\/1-1-Monster-scooter-crans-montana-776x776-1.jpg","datePublished":"2023-03-18T22:18:27+00:00","dateModified":"2026-03-20T23:12:36+00:00","description":"Monster scooter Crans-Montana nel Vallese per un'emozionante discesa verso Sierre. Con una pausa picnic nel Vallese. Una discesa da brivido","breadcrumb":{"@id":"https:\/\/www.swissraft.ch\/it\/prodotto\/monster-scooter-vallese-crans-montana\/#breadcrumb"},"inLanguage":"it-IT","potentialAction":[{"@type":"ReadAction","target":["https:\/\/www.swissraft.ch\/it\/prodotto\/monster-scooter-vallese-crans-montana\/"]}]},{"@type":"ImageObject","inLanguage":"it-IT","@id":"https:\/\/www.swissraft.ch\/it\/prodotto\/monster-scooter-vallese-crans-montana\/#primaryimage","url":"https:\/\/www.swissraft.ch\/wp-content\/uploads\/2023\/03\/1-1-Monster-scooter-crans-montana-776x776-1.jpg","contentUrl":"https:\/\/www.swissraft.ch\/wp-content\/uploads\/2023\/03\/1-1-Monster-scooter-crans-montana-776x776-1.jpg","width":776,"height":776,"caption":"Monster scooter a Crans-Montana"},{"@type":"BreadcrumbList","@id":"https:\/\/www.swissraft.ch\/it\/prodotto\/monster-scooter-vallese-crans-montana\/#breadcrumb","itemListElement":[{"@type":"ListItem","position":1,"name":"Accueil","item":"https:\/\/www.swissraft.ch\/it\/"},{"@type":"ListItem","position":2,"name":"Negozio","item":"https:\/\/www.swissraft.ch\/it\/negozio\/"},{"@type":"ListItem","position":3,"name":"MONSTER SCOOTER in VALLESE &#8211; CRANS-MONTANA &#8211; CHF 85.00"}]},{"@type":"WebSite","@id":"https:\/\/www.swissraft.ch\/it\/#website","url":"https:\/\/www.swissraft.ch\/it\/","name":"Swissraft","description":"To enjoy nature as it is","publisher":{"@id":"https:\/\/www.swissraft.ch\/it\/#organization"},"potentialAction":[{"@type":"SearchAction","target":{"@type":"EntryPoint","urlTemplate":"https:\/\/www.swissraft.ch\/it\/?s={search_term_string}"},"query-input":{"@type":"PropertyValueSpecification","valueRequired":true,"valueName":"search_term_string"}}],"inLanguage":"it-IT"},{"@type":"Organization","@id":"https:\/\/www.swissraft.ch\/it\/#organization","name":"Swissraft","url":"https:\/\/www.swissraft.ch\/it\/","logo":{"@type":"ImageObject","inLanguage":"it-IT","@id":"https:\/\/www.swissraft.ch\/it\/#\/schema\/logo\/image\/","url":"https:\/\/www.swissraft.ch\/wp-content\/uploads\/2025\/09\/Capture.jpg","contentUrl":"https:\/\/www.swissraft.ch\/wp-content\/uploads\/2025\/09\/Capture.jpg","width":293,"height":108,"caption":"Swissraft"},"image":{"@id":"https:\/\/www.swissraft.ch\/it\/#\/schema\/logo\/image\/"}}]}},"_links":{"self":[{"href":"https:\/\/www.swissraft.ch\/it\/wp-json\/wp\/v2\/product\/92442","targetHints":{"allow":["GET"]}}],"collection":[{"href":"https:\/\/www.swissraft.ch\/it\/wp-json\/wp\/v2\/product"}],"about":[{"href":"https:\/\/www.swissraft.ch\/it\/wp-json\/wp\/v2\/types\/product"}],"replies":[{"embeddable":true,"href":"https:\/\/www.swissraft.ch\/it\/wp-json\/wp\/v2\/comments?post=92442"}],"version-history":[{"count":7,"href":"https:\/\/www.swissraft.ch\/it\/wp-json\/wp\/v2\/product\/92442\/revisions"}],"predecessor-version":[{"id":132981,"href":"https:\/\/www.swissraft.ch\/it\/wp-json\/wp\/v2\/product\/92442\/revisions\/132981"}],"wp:featuredmedia":[{"embeddable":true,"href":"https:\/\/www.swissraft.ch\/it\/wp-json\/wp\/v2\/media\/90725"}],"wp:attachment":[{"href":"https:\/\/www.swissraft.ch\/it\/wp-json\/wp\/v2\/media?parent=92442"}],"wp:term":[{"taxonomy":"product_cat","embeddable":true,"href":"https:\/\/www.swissraft.ch\/it\/wp-json\/wp\/v2\/product_cat?post=92442"},{"taxonomy":"product_tag","embeddable":true,"href":"https:\/\/www.swissraft.ch\/it\/wp-json\/wp\/v2\/product_tag?post=92442"}],"curies":[{"name":"wp","href":"https:\/\/api.w.org\/{rel}","templated":true}]}}