{"id":92418,"date":"2023-03-11T16:08:02","date_gmt":"2023-03-11T15:08:02","guid":{"rendered":"https:\/\/swissraft.xyanzkdne.eu\/product\/segway-a-bern-da-chf-165-00\/"},"modified":"2025-12-20T00:57:47","modified_gmt":"2025-12-19T23:57:47","slug":"segway-a-bern-da-chf-165-00","status":"publish","type":"product","link":"https:\/\/www.swissraft.ch\/it\/prodotto\/segway-a-bern-da-chf-165-00\/","title":{"rendered":"Segway a BERNA &#8211; Da CHF 165.00"},"content":{"rendered":"\t\t<div data-elementor-type=\"wp-post\" data-elementor-id=\"92418\" class=\"elementor elementor-92418 elementor-31615\">\n\t\t\t\t\t\t\t\t\t<section class=\"elementor-section elementor-top-section elementor-element elementor-element-3303a7e3 elementor-section-boxed elementor-section-height-default elementor-section-height-default\" data-id=\"3303a7e3\" data-element_type=\"section\">\n\t\t\t\t\t\t<div class=\"elementor-container elementor-column-gap-default\">\n\t\t\t\t\t<div class=\"elementor-column elementor-col-100 elementor-top-column elementor-element elementor-element-16d72dbf\" data-id=\"16d72dbf\" data-element_type=\"column\">\n\t\t\t<div class=\"elementor-widget-wrap elementor-element-populated\">\n\t\t\t\t\t\t\t\t<div class=\"elementor-element elementor-element-d743c03 elementor-widget elementor-widget-text-editor\" data-id=\"d743c03\" data-element_type=\"widget\" data-widget_type=\"text-editor.default\">\n\t\t\t\t<div class=\"elementor-widget-container\">\n\t\t\t\t\t\t\t<h2>SCEGLI LA TUA ATTIVIT\u00c0 QUI SOTTO PER OFFRIRE BUONI REGALO\/BIGLIETTI O EFFETTUARE UNA PRENOTAZIONE<\/h2><table border=\"0\" width=\"580\" cellspacing=\"10\" cellpadding=\"10\"><tbody><tr><td width=\"50%\"><strong>SEGWAY A BERNA &#8211; TOUR PRIVATO<\/strong><\/td><td><strong>A partire da CHF 165.00 a persona<span class=\"productPrice\"><br \/><\/span><\/strong><\/td><\/tr><tr><td>Informazioni aggiuntive<\/td><td><span class=\"patt\">&#8211; A partire da 6 pers.<br \/><\/span>&#8211; Peso massimo 120 kg<br \/>&#8211; Et\u00e0 minima 16 anni<br \/>&#8211; Massimo 20 pers.<\/td><\/tr><tr><td>Punto d&#8217;incontro<\/td><td><a href=\"https:\/\/www.google.ch\/maps\/place\/46%C2%B056'26.1%22N+7%C2%B026'37.0%22E\/@46.9405448,7.4409554,385m\/data=!3m1!1e3!4m12!1m7!3m6!1s0x478e39c9ccb87c43:0xd0a9658626483b4d!2sDampfzentrale!8m2!3d46.94082!4d7.44125!16s%2Fg%2F11jdt14txq!3m3!8m2!3d46.940593!4d7.443608!5m1!1e1?hl=fr&amp;entry=ttu\" target=\"_blank\" rel=\"noopener\">Dampfzentrale, Marzili<\/a><\/td><\/tr><tr><td>Orari<\/td><td>A la carte<\/td><\/tr><tr><td>Percorso<\/td><td>&#8211; Il famoso quartiere di Matten<br \/>&#8211; Il giardino delle rose con la sua fantastica vista sulla citt\u00e0<br \/>&#8211; Il centro storico con la cattedrale<br \/>&#8211; La Bundesplatz<\/td><\/tr><tr><td>Tour della citt\u00e0<\/td><td>circa 2h30<\/td><\/tr><tr><td>Durata totale<\/td><td>circa 3 ore<\/td><\/tr><tr><td><a href=\"https:\/\/swissraft.outdoorbooking.ch\/fo\/products\/1004?base_id=168&amp;category_id=34&amp;order_type=gift_voucher&amp;lang=it\" target=\"_blank\" rel=\"noopener\"><button class=\"elementor-button\" type=\"button\">ACQUISTO BUONO REGALO \/ BIGLIETTO<\/button><\/a><\/td><td><strong>CHF 179.00<\/strong>\/pers.<strong> (da 6 a 10 pers.) <\/strong><\/td><\/tr><tr><td><a href=\"https:\/\/swissraft.outdoorbooking.ch\/fo\/products\/gift_vouchers?base_id=168&amp;category_id=34&amp;id=2101&amp;lang=it\" target=\"_blank\" rel=\"noopener\"><button class=\"elementor-button\" type=\"button\">ACQUISTO BUONO REGALO \/ BIGLIETTO<\/button><\/a><\/td><td><strong>CHF 165.00<\/strong>\/pers.<strong> (da 11 a 20 pers.) <\/strong><\/td><\/tr><tr><td>\u00a0<\/td><td><strong><em>IMPORTANTE !<\/em><\/strong><br \/><em>Per prenotare, chiamate il numero che si trova in alto a sinistra sul buono regalo\/biglietto.<\/em><\/td><\/tr><\/tbody><\/table>\t\t\t\t\t\t<\/div>\n\t\t\t\t<\/div>\n\t\t\t\t\t<\/div>\n\t\t<\/div>\n\t\t\t\t\t\t\t<\/div>\n\t\t<\/section>\n\t\t\t\t\t\t\t<\/div>\n\t\t","protected":false},"excerpt":{"rendered":"<div align=\"justify\">\n<h2 align=\"justify\">Un tour in segway di Berna \u00e8 d&#8217;obbligo<\/h2>\n<h3>Il Segway \u00e8 un mezzo di locomozione virtuoso che rispetta l&#8217;ambiente. \u00c8 facile spostarsi a Berna <\/h3>\n<\/div>\n<div align=\"justify\">\n<p>Il tour in segway di Berna ti porta alla scoperta dei monumenti storici e del centro storico della citt\u00e0. In questo tour scoprirai una citt\u00e0 piena di fascino. Per prima cosa, attraversa la citt\u00e0 vecchia, patrimonio dell&#8217;umanit\u00e0 dell&#8217;UNESCO. Potrai poi ammirare la famosa Zytglogge, un&#8217;imponente torre dell&#8217;orologio medievale. Segui poi l&#8217;Aare, un fiume dalle acque cristalline. Inoltre, il Segway ti insegner\u00e0 a esplorare le strade acciottolate con facilit\u00e0.<br \/>\nPoi passa davanti al Palazzo Federale, il centro della politica svizzera. Il tour prosegue fino al Rosengarten, che offre una vista panoramica della citt\u00e0. In breve, scoprire Berna in Segway \u00e8 un&#8217;esperienza gratificante e memorabile.<\/p>\n<h3>Oltre a Berna, offriamo tour turistici in Segway in molte citt\u00e0 svizzere.<\/h3>\n<p id=\"textarea\" style=\"display: none;\">In Ticino, ad esempio, con una visita ad Ascona e dintorni. Ma anche le citt\u00e0 di Basilea, Zurigo, Ginevra e Interlaken nell&#8217;Oberland Bernese e molte altre.\n<\/p>\n<p><a id=\"seeMore\" onclick=\"toggleSeeMore()\" href=\"javascript:void(0);\">Leggi tutto<\/a><\/p>\n","protected":false},"featured_media":90614,"comment_status":"open","ping_status":"closed","template":"","meta":{"inline_featured_image":false,"_mi_skip_tracking":false},"product_cat":[492],"product_tag":[],"class_list":["post-92418","product","type-product","status-publish","has-post-thumbnail","hentry","product_cat-segway-e-e-bike"],"yoast_head":"<!-- This site is optimized with the Yoast SEO plugin v23.6 - https:\/\/yoast.com\/wordpress\/plugins\/seo\/ -->\n<title>Un tour della citt\u00e0 in segway a Berna<\/title>\n<meta name=\"description\" content=\"Segway a Berna per un tour della citt\u00e0 diverso dal solito. Questo veicolo \u00e8 virtuoso e rispetta l&#039;ambiente. Gruppi fino a 20 persone\" \/>\n<meta name=\"robots\" content=\"index, follow, max-snippet:-1, max-image-preview:large, max-video-preview:-1\" \/>\n<link rel=\"canonical\" href=\"https:\/\/www.swissraft.ch\/it\/prodotto\/segway-a-bern-da-chf-165-00\/\" \/>\n<meta property=\"og:locale\" content=\"it_IT\" \/>\n<meta property=\"og:type\" content=\"article\" \/>\n<meta property=\"og:title\" content=\"Un tour della citt\u00e0 in segway a Berna\" \/>\n<meta property=\"og:description\" content=\"Segway a Berna per un tour della citt\u00e0 diverso dal solito. Questo veicolo \u00e8 virtuoso e rispetta l&#039;ambiente. Gruppi fino a 20 persone\" \/>\n<meta property=\"og:url\" content=\"https:\/\/www.swissraft.ch\/it\/prodotto\/segway-a-bern-da-chf-165-00\/\" \/>\n<meta property=\"og:site_name\" content=\"Swissraft\" \/>\n<meta property=\"article:modified_time\" content=\"2025-12-19T23:57:47+00:00\" \/>\n<meta property=\"og:image\" content=\"https:\/\/www.swissraft.ch\/wp-content\/uploads\/2023\/03\/1-1-SEGWAY-BERN-776X776.jpg\" \/>\n\t<meta property=\"og:image:width\" content=\"776\" \/>\n\t<meta property=\"og:image:height\" content=\"776\" \/>\n\t<meta property=\"og:image:type\" content=\"image\/jpeg\" \/>\n<meta name=\"twitter:card\" content=\"summary_large_image\" \/>\n<meta name=\"twitter:label1\" content=\"Tempo di lettura stimato\" \/>\n\t<meta name=\"twitter:data1\" content=\"1 minuto\" \/>\n<script type=\"application\/ld+json\" class=\"yoast-schema-graph\">{\"@context\":\"https:\/\/schema.org\",\"@graph\":[{\"@type\":\"WebPage\",\"@id\":\"https:\/\/www.swissraft.ch\/it\/prodotto\/segway-a-bern-da-chf-165-00\/\",\"url\":\"https:\/\/www.swissraft.ch\/it\/prodotto\/segway-a-bern-da-chf-165-00\/\",\"name\":\"Un tour della citt\u00e0 in segway a Berna\",\"isPartOf\":{\"@id\":\"https:\/\/www.swissraft.ch\/it\/#website\"},\"primaryImageOfPage\":{\"@id\":\"https:\/\/www.swissraft.ch\/it\/prodotto\/segway-a-bern-da-chf-165-00\/#primaryimage\"},\"image\":{\"@id\":\"https:\/\/www.swissraft.ch\/it\/prodotto\/segway-a-bern-da-chf-165-00\/#primaryimage\"},\"thumbnailUrl\":\"https:\/\/www.swissraft.ch\/wp-content\/uploads\/2023\/03\/1-1-SEGWAY-BERN-776X776.jpg\",\"datePublished\":\"2023-03-11T15:08:02+00:00\",\"dateModified\":\"2025-12-19T23:57:47+00:00\",\"description\":\"Segway a Berna per un tour della citt\u00e0 diverso dal solito. Questo veicolo \u00e8 virtuoso e rispetta l'ambiente. Gruppi fino a 20 persone\",\"breadcrumb\":{\"@id\":\"https:\/\/www.swissraft.ch\/it\/prodotto\/segway-a-bern-da-chf-165-00\/#breadcrumb\"},\"inLanguage\":\"it-IT\",\"potentialAction\":[{\"@type\":\"ReadAction\",\"target\":[\"https:\/\/www.swissraft.ch\/it\/prodotto\/segway-a-bern-da-chf-165-00\/\"]}]},{\"@type\":\"ImageObject\",\"inLanguage\":\"it-IT\",\"@id\":\"https:\/\/www.swissraft.ch\/it\/prodotto\/segway-a-bern-da-chf-165-00\/#primaryimage\",\"url\":\"https:\/\/www.swissraft.ch\/wp-content\/uploads\/2023\/03\/1-1-SEGWAY-BERN-776X776.jpg\",\"contentUrl\":\"https:\/\/www.swissraft.ch\/wp-content\/uploads\/2023\/03\/1-1-SEGWAY-BERN-776X776.jpg\",\"width\":776,\"height\":776,\"caption\":\"Segway a Berna\"},{\"@type\":\"BreadcrumbList\",\"@id\":\"https:\/\/www.swissraft.ch\/it\/prodotto\/segway-a-bern-da-chf-165-00\/#breadcrumb\",\"itemListElement\":[{\"@type\":\"ListItem\",\"position\":1,\"name\":\"Accueil\",\"item\":\"https:\/\/www.swissraft.ch\/it\/\"},{\"@type\":\"ListItem\",\"position\":2,\"name\":\"Negozio\",\"item\":\"https:\/\/www.swissraft.ch\/it\/negozio\/\"},{\"@type\":\"ListItem\",\"position\":3,\"name\":\"Segway a BERNA &#8211; Da CHF 165.00\"}]},{\"@type\":\"WebSite\",\"@id\":\"https:\/\/www.swissraft.ch\/it\/#website\",\"url\":\"https:\/\/www.swissraft.ch\/it\/\",\"name\":\"Swissraft\",\"description\":\"To enjoy nature as it is\",\"publisher\":{\"@id\":\"https:\/\/www.swissraft.ch\/it\/#organization\"},\"potentialAction\":[{\"@type\":\"SearchAction\",\"target\":{\"@type\":\"EntryPoint\",\"urlTemplate\":\"https:\/\/www.swissraft.ch\/it\/?s={search_term_string}\"},\"query-input\":{\"@type\":\"PropertyValueSpecification\",\"valueRequired\":true,\"valueName\":\"search_term_string\"}}],\"inLanguage\":\"it-IT\"},{\"@type\":\"Organization\",\"@id\":\"https:\/\/www.swissraft.ch\/it\/#organization\",\"name\":\"Swissraft\",\"url\":\"https:\/\/www.swissraft.ch\/it\/\",\"logo\":{\"@type\":\"ImageObject\",\"inLanguage\":\"it-IT\",\"@id\":\"https:\/\/www.swissraft.ch\/it\/#\/schema\/logo\/image\/\",\"url\":\"https:\/\/www.swissraft.ch\/wp-content\/uploads\/2025\/09\/Capture.jpg\",\"contentUrl\":\"https:\/\/www.swissraft.ch\/wp-content\/uploads\/2025\/09\/Capture.jpg\",\"width\":293,\"height\":108,\"caption\":\"Swissraft\"},\"image\":{\"@id\":\"https:\/\/www.swissraft.ch\/it\/#\/schema\/logo\/image\/\"}}]}<\/script>\n<!-- \/ Yoast SEO plugin. -->","yoast_head_json":{"title":"Un tour della citt\u00e0 in segway a Berna","description":"Segway a Berna per un tour della citt\u00e0 diverso dal solito. Questo veicolo \u00e8 virtuoso e rispetta l'ambiente. Gruppi fino a 20 persone","robots":{"index":"index","follow":"follow","max-snippet":"max-snippet:-1","max-image-preview":"max-image-preview:large","max-video-preview":"max-video-preview:-1"},"canonical":"https:\/\/www.swissraft.ch\/it\/prodotto\/segway-a-bern-da-chf-165-00\/","og_locale":"it_IT","og_type":"article","og_title":"Un tour della citt\u00e0 in segway a Berna","og_description":"Segway a Berna per un tour della citt\u00e0 diverso dal solito. Questo veicolo \u00e8 virtuoso e rispetta l'ambiente. Gruppi fino a 20 persone","og_url":"https:\/\/www.swissraft.ch\/it\/prodotto\/segway-a-bern-da-chf-165-00\/","og_site_name":"Swissraft","article_modified_time":"2025-12-19T23:57:47+00:00","og_image":[{"width":776,"height":776,"url":"https:\/\/www.swissraft.ch\/wp-content\/uploads\/2023\/03\/1-1-SEGWAY-BERN-776X776.jpg","type":"image\/jpeg"}],"twitter_card":"summary_large_image","twitter_misc":{"Tempo di lettura stimato":"1 minuto"},"schema":{"@context":"https:\/\/schema.org","@graph":[{"@type":"WebPage","@id":"https:\/\/www.swissraft.ch\/it\/prodotto\/segway-a-bern-da-chf-165-00\/","url":"https:\/\/www.swissraft.ch\/it\/prodotto\/segway-a-bern-da-chf-165-00\/","name":"Un tour della citt\u00e0 in segway a Berna","isPartOf":{"@id":"https:\/\/www.swissraft.ch\/it\/#website"},"primaryImageOfPage":{"@id":"https:\/\/www.swissraft.ch\/it\/prodotto\/segway-a-bern-da-chf-165-00\/#primaryimage"},"image":{"@id":"https:\/\/www.swissraft.ch\/it\/prodotto\/segway-a-bern-da-chf-165-00\/#primaryimage"},"thumbnailUrl":"https:\/\/www.swissraft.ch\/wp-content\/uploads\/2023\/03\/1-1-SEGWAY-BERN-776X776.jpg","datePublished":"2023-03-11T15:08:02+00:00","dateModified":"2025-12-19T23:57:47+00:00","description":"Segway a Berna per un tour della citt\u00e0 diverso dal solito. Questo veicolo \u00e8 virtuoso e rispetta l'ambiente. Gruppi fino a 20 persone","breadcrumb":{"@id":"https:\/\/www.swissraft.ch\/it\/prodotto\/segway-a-bern-da-chf-165-00\/#breadcrumb"},"inLanguage":"it-IT","potentialAction":[{"@type":"ReadAction","target":["https:\/\/www.swissraft.ch\/it\/prodotto\/segway-a-bern-da-chf-165-00\/"]}]},{"@type":"ImageObject","inLanguage":"it-IT","@id":"https:\/\/www.swissraft.ch\/it\/prodotto\/segway-a-bern-da-chf-165-00\/#primaryimage","url":"https:\/\/www.swissraft.ch\/wp-content\/uploads\/2023\/03\/1-1-SEGWAY-BERN-776X776.jpg","contentUrl":"https:\/\/www.swissraft.ch\/wp-content\/uploads\/2023\/03\/1-1-SEGWAY-BERN-776X776.jpg","width":776,"height":776,"caption":"Segway a Berna"},{"@type":"BreadcrumbList","@id":"https:\/\/www.swissraft.ch\/it\/prodotto\/segway-a-bern-da-chf-165-00\/#breadcrumb","itemListElement":[{"@type":"ListItem","position":1,"name":"Accueil","item":"https:\/\/www.swissraft.ch\/it\/"},{"@type":"ListItem","position":2,"name":"Negozio","item":"https:\/\/www.swissraft.ch\/it\/negozio\/"},{"@type":"ListItem","position":3,"name":"Segway a BERNA &#8211; Da CHF 165.00"}]},{"@type":"WebSite","@id":"https:\/\/www.swissraft.ch\/it\/#website","url":"https:\/\/www.swissraft.ch\/it\/","name":"Swissraft","description":"To enjoy nature as it is","publisher":{"@id":"https:\/\/www.swissraft.ch\/it\/#organization"},"potentialAction":[{"@type":"SearchAction","target":{"@type":"EntryPoint","urlTemplate":"https:\/\/www.swissraft.ch\/it\/?s={search_term_string}"},"query-input":{"@type":"PropertyValueSpecification","valueRequired":true,"valueName":"search_term_string"}}],"inLanguage":"it-IT"},{"@type":"Organization","@id":"https:\/\/www.swissraft.ch\/it\/#organization","name":"Swissraft","url":"https:\/\/www.swissraft.ch\/it\/","logo":{"@type":"ImageObject","inLanguage":"it-IT","@id":"https:\/\/www.swissraft.ch\/it\/#\/schema\/logo\/image\/","url":"https:\/\/www.swissraft.ch\/wp-content\/uploads\/2025\/09\/Capture.jpg","contentUrl":"https:\/\/www.swissraft.ch\/wp-content\/uploads\/2025\/09\/Capture.jpg","width":293,"height":108,"caption":"Swissraft"},"image":{"@id":"https:\/\/www.swissraft.ch\/it\/#\/schema\/logo\/image\/"}}]}},"_links":{"self":[{"href":"https:\/\/www.swissraft.ch\/it\/wp-json\/wp\/v2\/product\/92418","targetHints":{"allow":["GET"]}}],"collection":[{"href":"https:\/\/www.swissraft.ch\/it\/wp-json\/wp\/v2\/product"}],"about":[{"href":"https:\/\/www.swissraft.ch\/it\/wp-json\/wp\/v2\/types\/product"}],"replies":[{"embeddable":true,"href":"https:\/\/www.swissraft.ch\/it\/wp-json\/wp\/v2\/comments?post=92418"}],"version-history":[{"count":12,"href":"https:\/\/www.swissraft.ch\/it\/wp-json\/wp\/v2\/product\/92418\/revisions"}],"predecessor-version":[{"id":124588,"href":"https:\/\/www.swissraft.ch\/it\/wp-json\/wp\/v2\/product\/92418\/revisions\/124588"}],"wp:featuredmedia":[{"embeddable":true,"href":"https:\/\/www.swissraft.ch\/it\/wp-json\/wp\/v2\/media\/90614"}],"wp:attachment":[{"href":"https:\/\/www.swissraft.ch\/it\/wp-json\/wp\/v2\/media?parent=92418"}],"wp:term":[{"taxonomy":"product_cat","embeddable":true,"href":"https:\/\/www.swissraft.ch\/it\/wp-json\/wp\/v2\/product_cat?post=92418"},{"taxonomy":"product_tag","embeddable":true,"href":"https:\/\/www.swissraft.ch\/it\/wp-json\/wp\/v2\/product_tag?post=92418"}],"curies":[{"name":"wp","href":"https:\/\/api.w.org\/{rel}","templated":true}]}}