{"id":92415,"date":"2023-03-07T21:18:49","date_gmt":"2023-03-07T20:18:49","guid":{"rendered":"https:\/\/swissraft.xyanzkdne.eu\/product\/ziesel-a-hoch-ybrig-a-partire-da-chf-161-00\/"},"modified":"2025-11-24T17:14:43","modified_gmt":"2025-11-24T16:14:43","slug":"ziesel-hoch-ybrig","status":"publish","type":"product","link":"https:\/\/www.swissraft.ch\/it\/prodotto\/ziesel-hoch-ybrig\/","title":{"rendered":"Ziesel a HOCH-YBRIG &#8211; A partire da CHF 165.00"},"content":{"rendered":"\t\t<div data-elementor-type=\"wp-post\" data-elementor-id=\"92415\" class=\"elementor elementor-92415 elementor-31598\">\n\t\t\t\t\t\t\t\t\t<section class=\"elementor-section elementor-top-section elementor-element elementor-element-3303a7e3 elementor-section-boxed elementor-section-height-default elementor-section-height-default\" data-id=\"3303a7e3\" data-element_type=\"section\">\n\t\t\t\t\t\t<div class=\"elementor-container elementor-column-gap-default\">\n\t\t\t\t\t<div class=\"elementor-column elementor-col-100 elementor-top-column elementor-element elementor-element-16d72dbf\" data-id=\"16d72dbf\" data-element_type=\"column\">\n\t\t\t<div class=\"elementor-widget-wrap elementor-element-populated\">\n\t\t\t\t\t\t\t\t<div class=\"elementor-element elementor-element-d743c03 elementor-widget elementor-widget-text-editor\" data-id=\"d743c03\" data-element_type=\"widget\" data-widget_type=\"text-editor.default\">\n\t\t\t\t<div class=\"elementor-widget-container\">\n\t\t\t\t\t\t\t<h2>SCEGLI LA TUA ATTIVIT\u00c0 QUI SOTTO PER OFFRIRE BUONI REGALO\/BIGLIETTI O EFFETTUARE UNA PRENOTAZIONE<\/h2><table border=\"0\" width=\"580\" cellspacing=\"10\" cellpadding=\"10\"><tbody><tr><td width=\"50%\"><strong>1) ZIESEL a HOCH-YBRIG &#8211; 40 min.<\/strong><\/td><td><strong>CHF 165.00 a persona<span class=\"productPrice\"><br \/><\/span><\/strong><\/td><\/tr><tr><td>Informazioni aggiuntive<\/td><td><span class=\"patt\">&#8211; \u00c8 necessaria l&#8217;autorizzazione dei genitori per i minori<br \/>&#8211; Adatto ai disabili<br \/>&#8211; Minimo 40 cm di neve<br \/>&#8211; Il prezzo degli impianti di risalita non \u00e8 incluso in questo prezzo<\/span><\/td><\/tr><tr><td>Luego d&#8217;incontro<\/td><td><a href=\"https:\/\/www.google.com\/maps\/place\/47%C2%B000'38.2%22N+8%C2%B047'09.8%22E\/@47.0106989,8.7838347,385m\/data=!3m1!1e3!4m4!3m3!8m2!3d47.0106111!4d8.7860556?entry=ttu\" target=\"_blank\" rel=\"noopener\">Stazione di servizio Sesselbahn Spirstock<\/a><\/td><\/tr><tr><td>Date delle giornate di apertura<\/td><td><strong>DOMENICHE<br \/><\/strong><strong style=\"font-family: inherit; font-size: inherit;\"><em>04 \/ 11 \/ 18 \/ 25 gennaio 2026<br \/><\/em><\/strong><strong style=\"font-family: inherit; font-size: inherit;\"><em>01 \/ 15 \/ 22 febbraio 2026<br \/><\/em><\/strong><strong style=\"font-family: inherit; font-size: inherit;\"><em>01 \/ 08 \/ 15 \/ 29 marzo 2026<\/em><\/strong><\/td><\/tr><tr><td>Ziesel<\/td><td>40 min.<\/td><\/tr><tr><td>Durata totale<\/td><td>circa 1h<\/td><\/tr><tr><td><a href=\"https:\/\/swissraft.outdoorbooking.ch\/fo\/products\/1037?base_id=194&amp;category_id=33&amp;order_type=gift_voucher&amp;lang=it\" target=\"_blank\" rel=\"noopener\"><button class=\"elementor-button\" type=\"button\">ACQUISTO BUONO REGALO \/ BIGLIETTO<\/button><br \/><\/a><\/td><td><strong><em>IMPORTANTE!<\/em><br \/><\/strong><em>Una volta ricevuto il voucher\/biglietto, clicca sull&#8217;indirizzo <strong>e-mail nell&#8217;angolo in alto a sinistra del voucher\/biglietto<\/strong> per selezionare una data tra i giorni di apertura elencati sopra; non dimenticare di inserire il codice del voucher\/biglietto<\/em><\/td><\/tr><\/tbody><\/table><table border=\"0\" width=\"580\" cellspacing=\"10\" cellpadding=\"10\"><tbody><tr><td width=\"50%\"><strong>2) ZIESEL a HOCH-YBRIG &#8211; 40 min. &#8211; (da 6 pers.)<\/strong><\/td><td><strong>CHF 1.600.00 (6 pers.)<span class=\"productPrice\"><br \/><\/span><\/strong><\/td><\/tr><tr><td>Informazioni aggiuntive<\/td><td><span class=\"patt\">&#8211; Autorizzazione dei genitori per i minori<br \/>&#8211; Adatto ai disabili<br \/>&#8211; Ogni giorno in inverno<br \/>&#8211; <strong>CHF 165.00<\/strong>\/pers. aggiuntivo<br \/>&#8211; Minimo 40 cm di neve<br \/>&#8211; Il prezzo degli impianti di risalita non \u00e8 incluso nel prezzo<br \/><\/span><\/td><\/tr><tr><td>Luego d&#8217;incontro<\/td><td><a href=\"https:\/\/www.google.com\/maps\/place\/47%C2%B000'38.2%22N+8%C2%B047'09.8%22E\/@47.0106989,8.7838347,385m\/data=!3m1!1e3!4m4!3m3!8m2!3d47.0106111!4d8.7860556?entry=ttu\" target=\"_blank\" rel=\"noopener\">Stazione di servizio Sesselbahn Spirstock<\/a><\/td><\/tr><tr><td>Orario<\/td><td>11h00<\/td><\/tr><tr><td>Ziesel<\/td><td>40 min.<\/td><\/tr><tr><td>Durata totale<\/td><td>circa 1h<\/td><\/tr><tr><td><a href=\"https:\/\/swissraft.outdoorbooking.ch\/fo\/products\/1039?base_id=194&amp;category_id=33&amp;order_type=gift_voucher&amp;lang=it\" target=\"_blank\" rel=\"noopener\"><button class=\"elementor-button\" type=\"button\">ACQUISTO BUONO REGALO \/ BIGLIETTO<\/button><br \/><\/a><\/td><td><strong>CHF 1&#8217;600.00 (6 pers.)<\/strong><br \/><a href=\"https:\/\/swissraft.outdoorbooking.ch\/fo\/products\/1039?base_id=194&amp;category_id=33&amp;category_id=1&amp;order_type=event&amp;lang=it\" target=\"_blank\" rel=\"noopener\">PRENOTA UNA DATA<\/a><\/td><\/tr><\/tbody><\/table><table border=\"0\" width=\"580\" cellspacing=\"10\" cellpadding=\"10\"><tbody><tr><td width=\"50%\"><strong>3) VIP ZIESEL A HOCH-YBRIG + BBQ-Grigliate &#8211; (da 4 pers.)<\/strong><\/td><td><strong>CHF 1&#8217;825.00 (4 pers.)<span class=\"productPrice\"><br \/><\/span><\/strong><\/td><\/tr><tr><td>Informazioni aggiuntive<\/td><td><span class=\"patt\">&#8211; Autorizzazione dei genitori per i minori<br \/>&#8211; Adatto ai disabili<br \/>&#8211; <strong>CHF 265.00<\/strong>\/pers. aggiuntivo<br \/>&#8211; Massimo 20 persone<br \/>&#8211; Minimo 40 cm di neve<br \/>&#8211; Il prezzo degli impianti di risalita non \u00e8 incluso nel prezzo<\/span><\/td><\/tr><tr><td>Luego d&#8217;incontro<\/td><td><a href=\"https:\/\/www.google.com\/maps\/place\/47%C2%B000'38.2%22N+8%C2%B047'09.8%22E\/@47.0106989,8.7838347,385m\/data=!3m1!1e3!4m4!3m3!8m2!3d47.0106111!4d8.7860556?entry=ttu\" target=\"_blank\" rel=\"noopener\">Stazione di servizio Sesselbahn Spirstock<\/a><\/td><\/tr><tr><td>Orario<\/td><td>11h00<\/td><\/tr><tr><td>Ziesel<\/td><td>40 min.<\/td><\/tr><tr><td>Durata totale<\/td><td>circa 3 ore<\/td><\/tr><tr><td><a href=\"https:\/\/swissraft.outdoorbooking.ch\/fo\/products\/1040?base_id=194&amp;category_id=33&amp;order_type=gift_voucher&amp;lang=it\" target=\"_blank\" rel=\"noopener\"><button class=\"elementor-button\" type=\"button\">ACQUISTO BUONO REGALO \/ BIGLIETTO<\/button><br \/><\/a><\/td><td><strong>CHF 1&#8217;825.00 (4 pers.)<br \/><\/strong><a href=\"https:\/\/swissraft.outdoorbooking.ch\/fo\/products\/1040?base_id=194&amp;category_id=33&amp;category_id=1&amp;order_type=event&amp;lang=it\" target=\"_blank\" rel=\"noopener\">PRENOTA UNA DATA<\/a><\/td><\/tr><\/tbody><\/table>\t\t\t\t\t\t<\/div>\n\t\t\t\t<\/div>\n\t\t\t\t\t<\/div>\n\t\t<\/div>\n\t\t\t\t\t\t\t<\/div>\n\t\t<\/section>\n\t\t\t\t\t\t\t<\/div>\n\t\t","protected":false},"excerpt":{"rendered":"<div align=\"justify\">\n<h2 align=\"justify\">La Hoch-Ybrig Ziesel \u00e8 un veicolo elettrico rivoluzionario per tutti<\/h2>\n<h3>Progettato appositamente per le persone a mobilit\u00e0 ridotta, vivi la grande avventura dello Ziesel, un veicolo straordinario.<\/h3>\n<\/div>\n<div align=\"justify\">\n<p>Ziesel, questo sport innovativo, apre le porte a tutti gli amanti dell&#8217;avventura. Dotato di cingoli all-terrain, questo straordinario veicolo offre una versatilit\u00e0 senza pari. Che si tratti di neve, sabbia o addirittura fango, la Ziesel ti porter\u00e0 ovunque tu voglia andare. Con un semplice joystick puoi manovrare questo gioiello della tecnologia. Ma ci\u00f2 che rende Ziesel ancora pi\u00f9 eccezionale \u00e8 la sua accessibilit\u00e0. \u00c8 stato progettato appositamente per le persone con disabilit\u00e0 motorie. Che tu sia affetto da paraplegia, emiplegia o tetraplegia incompleta, Ziesel ti offre un&#8217;esperienza di guida senza pari. Niente \u00e8 impossibile con una Ziesel.<br \/>\nImmagina di scivolare su piste innevate, di percorrere dune di sabbia o di affrontare sentieri fangosi in totale libert\u00e0. Grazie al suo design robusto e alla sua manovrabilit\u00e0, questo veicolo fuoristrada ti regaler\u00e0 emozioni e avventure indimenticabili. Inoltre, la sua facilit\u00e0 d&#8217;uso lo rende accessibile a tutti, indipendentemente dal livello di esperienza o di abilit\u00e0 fisica.<br \/>\nZiesel promuove anche l&#8217;inclusione permettendo alle persone con mobilit\u00e0 ridotta di vivere momenti di libert\u00e0 e adrenalina. Pi\u00f9 che un semplice mezzo di locomozione, rappresenta una vera e propria rivoluzione nel mondo degli sport adattati. Quindi, se sei un amante del brivido o cerchi un&#8217;attivit\u00e0 divertente e accessibile, Ziesel \u00e8 quello che fa per te. Con essa potrai esplorare nuovi orizzonti e superare i tuoi limiti, perch\u00e9 nulla \u00e8 impossibile quando sei ai comandi di una Ziesel!<\/p>\n<h3>Swissraft offre anche tour in motoslitta da Engelberg e Madesimo sul lato sud del Passo dello Splugen.<\/h3>\n<p id=\"textarea\" style=\"display: none;\">\nSu un circuito preparato di 3 km a Engelberg, puoi andare in motoslitta o guidare una Moonbike a motore elettrico. A Madesimo, amerai i circuiti di Cava e Montespluga. Lo stesso vale per il percorso dal Col du Spl\u00fcgen al confine svizzero sul lato italiano. I passi di Splugen e Lac Noir sono due splendidi itinerari. Senza dimenticare il famoso Grand Tour, con una sosta in un ristorante.\n<\/p>\n<p><a id=\"seeMore\" onclick=\"toggleSeeMore()\" href=\"javascript:void(0);\">Leggi tutto<\/a><\/p>\n","protected":false},"featured_media":90191,"comment_status":"open","ping_status":"closed","template":"","meta":{"inline_featured_image":false,"_mi_skip_tracking":false},"product_cat":[380,491],"product_tag":[],"class_list":["post-92415","product","type-product","status-publish","has-post-thumbnail","hentry","product_cat-inverno","product_cat-ziesel-a-hoch-ybrig-it"],"yoast_head":"<!-- This site is optimized with the Yoast SEO plugin v23.6 - https:\/\/yoast.com\/wordpress\/plugins\/seo\/ -->\n<title>Ziesel a Hoch-Ybrig, una macchina rivoluzionaria ti attende<\/title>\n<meta name=\"description\" content=\"Ziesel a Hoch-Ybrig, una macchina rivoluzionaria per tutti. Questo veicolo elettrico va assolutamente ovunque ed \u00e8 adatto alle persone disabili\" \/>\n<meta name=\"robots\" content=\"index, follow, max-snippet:-1, max-image-preview:large, max-video-preview:-1\" \/>\n<link rel=\"canonical\" href=\"https:\/\/www.swissraft.ch\/it\/prodotto\/ziesel-hoch-ybrig\/\" \/>\n<meta property=\"og:locale\" content=\"it_IT\" \/>\n<meta property=\"og:type\" content=\"article\" \/>\n<meta property=\"og:title\" content=\"Ziesel a Hoch-Ybrig, una macchina rivoluzionaria ti attende\" \/>\n<meta property=\"og:description\" content=\"Ziesel a Hoch-Ybrig, una macchina rivoluzionaria per tutti. Questo veicolo elettrico va assolutamente ovunque ed \u00e8 adatto alle persone disabili\" \/>\n<meta property=\"og:url\" content=\"https:\/\/www.swissraft.ch\/it\/prodotto\/ziesel-hoch-ybrig\/\" \/>\n<meta property=\"og:site_name\" content=\"Swissraft\" \/>\n<meta property=\"article:modified_time\" content=\"2025-11-24T16:14:43+00:00\" \/>\n<meta property=\"og:image\" content=\"https:\/\/www.swissraft.ch\/wp-content\/uploads\/2023\/03\/1-1-Hoch-Ybrig-776x776-1.jpg\" \/>\n\t<meta property=\"og:image:width\" content=\"776\" \/>\n\t<meta property=\"og:image:height\" content=\"776\" \/>\n\t<meta property=\"og:image:type\" content=\"image\/jpeg\" \/>\n<meta name=\"twitter:card\" content=\"summary_large_image\" \/>\n<meta name=\"twitter:label1\" content=\"Tempo di lettura stimato\" \/>\n\t<meta name=\"twitter:data1\" content=\"2 minuti\" \/>\n<script type=\"application\/ld+json\" class=\"yoast-schema-graph\">{\"@context\":\"https:\/\/schema.org\",\"@graph\":[{\"@type\":\"WebPage\",\"@id\":\"https:\/\/www.swissraft.ch\/it\/prodotto\/ziesel-hoch-ybrig\/\",\"url\":\"https:\/\/www.swissraft.ch\/it\/prodotto\/ziesel-hoch-ybrig\/\",\"name\":\"Ziesel a Hoch-Ybrig, una macchina rivoluzionaria ti attende\",\"isPartOf\":{\"@id\":\"https:\/\/www.swissraft.ch\/it\/#website\"},\"primaryImageOfPage\":{\"@id\":\"https:\/\/www.swissraft.ch\/it\/prodotto\/ziesel-hoch-ybrig\/#primaryimage\"},\"image\":{\"@id\":\"https:\/\/www.swissraft.ch\/it\/prodotto\/ziesel-hoch-ybrig\/#primaryimage\"},\"thumbnailUrl\":\"https:\/\/www.swissraft.ch\/wp-content\/uploads\/2023\/03\/1-1-Hoch-Ybrig-776x776-1.jpg\",\"datePublished\":\"2023-03-07T20:18:49+00:00\",\"dateModified\":\"2025-11-24T16:14:43+00:00\",\"description\":\"Ziesel a Hoch-Ybrig, una macchina rivoluzionaria per tutti. Questo veicolo elettrico va assolutamente ovunque ed \u00e8 adatto alle persone disabili\",\"breadcrumb\":{\"@id\":\"https:\/\/www.swissraft.ch\/it\/prodotto\/ziesel-hoch-ybrig\/#breadcrumb\"},\"inLanguage\":\"it-IT\",\"potentialAction\":[{\"@type\":\"ReadAction\",\"target\":[\"https:\/\/www.swissraft.ch\/it\/prodotto\/ziesel-hoch-ybrig\/\"]}]},{\"@type\":\"ImageObject\",\"inLanguage\":\"it-IT\",\"@id\":\"https:\/\/www.swissraft.ch\/it\/prodotto\/ziesel-hoch-ybrig\/#primaryimage\",\"url\":\"https:\/\/www.swissraft.ch\/wp-content\/uploads\/2023\/03\/1-1-Hoch-Ybrig-776x776-1.jpg\",\"contentUrl\":\"https:\/\/www.swissraft.ch\/wp-content\/uploads\/2023\/03\/1-1-Hoch-Ybrig-776x776-1.jpg\",\"width\":776,\"height\":776,\"caption\":\"Ziesel a Hoch-Ybrig\"},{\"@type\":\"BreadcrumbList\",\"@id\":\"https:\/\/www.swissraft.ch\/it\/prodotto\/ziesel-hoch-ybrig\/#breadcrumb\",\"itemListElement\":[{\"@type\":\"ListItem\",\"position\":1,\"name\":\"Accueil\",\"item\":\"https:\/\/www.swissraft.ch\/it\/\"},{\"@type\":\"ListItem\",\"position\":2,\"name\":\"Negozio\",\"item\":\"https:\/\/www.swissraft.ch\/it\/negozio\/\"},{\"@type\":\"ListItem\",\"position\":3,\"name\":\"Ziesel a HOCH-YBRIG &#8211; A partire da CHF 165.00\"}]},{\"@type\":\"WebSite\",\"@id\":\"https:\/\/www.swissraft.ch\/it\/#website\",\"url\":\"https:\/\/www.swissraft.ch\/it\/\",\"name\":\"Swissraft\",\"description\":\"To enjoy nature as it is\",\"publisher\":{\"@id\":\"https:\/\/www.swissraft.ch\/it\/#organization\"},\"potentialAction\":[{\"@type\":\"SearchAction\",\"target\":{\"@type\":\"EntryPoint\",\"urlTemplate\":\"https:\/\/www.swissraft.ch\/it\/?s={search_term_string}\"},\"query-input\":{\"@type\":\"PropertyValueSpecification\",\"valueRequired\":true,\"valueName\":\"search_term_string\"}}],\"inLanguage\":\"it-IT\"},{\"@type\":\"Organization\",\"@id\":\"https:\/\/www.swissraft.ch\/it\/#organization\",\"name\":\"Swissraft\",\"url\":\"https:\/\/www.swissraft.ch\/it\/\",\"logo\":{\"@type\":\"ImageObject\",\"inLanguage\":\"it-IT\",\"@id\":\"https:\/\/www.swissraft.ch\/it\/#\/schema\/logo\/image\/\",\"url\":\"https:\/\/www.swissraft.ch\/wp-content\/uploads\/2025\/09\/Capture.jpg\",\"contentUrl\":\"https:\/\/www.swissraft.ch\/wp-content\/uploads\/2025\/09\/Capture.jpg\",\"width\":293,\"height\":108,\"caption\":\"Swissraft\"},\"image\":{\"@id\":\"https:\/\/www.swissraft.ch\/it\/#\/schema\/logo\/image\/\"}}]}<\/script>\n<!-- \/ Yoast SEO plugin. -->","yoast_head_json":{"title":"Ziesel a Hoch-Ybrig, una macchina rivoluzionaria ti attende","description":"Ziesel a Hoch-Ybrig, una macchina rivoluzionaria per tutti. Questo veicolo elettrico va assolutamente ovunque ed \u00e8 adatto alle persone disabili","robots":{"index":"index","follow":"follow","max-snippet":"max-snippet:-1","max-image-preview":"max-image-preview:large","max-video-preview":"max-video-preview:-1"},"canonical":"https:\/\/www.swissraft.ch\/it\/prodotto\/ziesel-hoch-ybrig\/","og_locale":"it_IT","og_type":"article","og_title":"Ziesel a Hoch-Ybrig, una macchina rivoluzionaria ti attende","og_description":"Ziesel a Hoch-Ybrig, una macchina rivoluzionaria per tutti. Questo veicolo elettrico va assolutamente ovunque ed \u00e8 adatto alle persone disabili","og_url":"https:\/\/www.swissraft.ch\/it\/prodotto\/ziesel-hoch-ybrig\/","og_site_name":"Swissraft","article_modified_time":"2025-11-24T16:14:43+00:00","og_image":[{"width":776,"height":776,"url":"https:\/\/www.swissraft.ch\/wp-content\/uploads\/2023\/03\/1-1-Hoch-Ybrig-776x776-1.jpg","type":"image\/jpeg"}],"twitter_card":"summary_large_image","twitter_misc":{"Tempo di lettura stimato":"2 minuti"},"schema":{"@context":"https:\/\/schema.org","@graph":[{"@type":"WebPage","@id":"https:\/\/www.swissraft.ch\/it\/prodotto\/ziesel-hoch-ybrig\/","url":"https:\/\/www.swissraft.ch\/it\/prodotto\/ziesel-hoch-ybrig\/","name":"Ziesel a Hoch-Ybrig, una macchina rivoluzionaria ti attende","isPartOf":{"@id":"https:\/\/www.swissraft.ch\/it\/#website"},"primaryImageOfPage":{"@id":"https:\/\/www.swissraft.ch\/it\/prodotto\/ziesel-hoch-ybrig\/#primaryimage"},"image":{"@id":"https:\/\/www.swissraft.ch\/it\/prodotto\/ziesel-hoch-ybrig\/#primaryimage"},"thumbnailUrl":"https:\/\/www.swissraft.ch\/wp-content\/uploads\/2023\/03\/1-1-Hoch-Ybrig-776x776-1.jpg","datePublished":"2023-03-07T20:18:49+00:00","dateModified":"2025-11-24T16:14:43+00:00","description":"Ziesel a Hoch-Ybrig, una macchina rivoluzionaria per tutti. Questo veicolo elettrico va assolutamente ovunque ed \u00e8 adatto alle persone disabili","breadcrumb":{"@id":"https:\/\/www.swissraft.ch\/it\/prodotto\/ziesel-hoch-ybrig\/#breadcrumb"},"inLanguage":"it-IT","potentialAction":[{"@type":"ReadAction","target":["https:\/\/www.swissraft.ch\/it\/prodotto\/ziesel-hoch-ybrig\/"]}]},{"@type":"ImageObject","inLanguage":"it-IT","@id":"https:\/\/www.swissraft.ch\/it\/prodotto\/ziesel-hoch-ybrig\/#primaryimage","url":"https:\/\/www.swissraft.ch\/wp-content\/uploads\/2023\/03\/1-1-Hoch-Ybrig-776x776-1.jpg","contentUrl":"https:\/\/www.swissraft.ch\/wp-content\/uploads\/2023\/03\/1-1-Hoch-Ybrig-776x776-1.jpg","width":776,"height":776,"caption":"Ziesel a Hoch-Ybrig"},{"@type":"BreadcrumbList","@id":"https:\/\/www.swissraft.ch\/it\/prodotto\/ziesel-hoch-ybrig\/#breadcrumb","itemListElement":[{"@type":"ListItem","position":1,"name":"Accueil","item":"https:\/\/www.swissraft.ch\/it\/"},{"@type":"ListItem","position":2,"name":"Negozio","item":"https:\/\/www.swissraft.ch\/it\/negozio\/"},{"@type":"ListItem","position":3,"name":"Ziesel a HOCH-YBRIG &#8211; A partire da CHF 165.00"}]},{"@type":"WebSite","@id":"https:\/\/www.swissraft.ch\/it\/#website","url":"https:\/\/www.swissraft.ch\/it\/","name":"Swissraft","description":"To enjoy nature as it is","publisher":{"@id":"https:\/\/www.swissraft.ch\/it\/#organization"},"potentialAction":[{"@type":"SearchAction","target":{"@type":"EntryPoint","urlTemplate":"https:\/\/www.swissraft.ch\/it\/?s={search_term_string}"},"query-input":{"@type":"PropertyValueSpecification","valueRequired":true,"valueName":"search_term_string"}}],"inLanguage":"it-IT"},{"@type":"Organization","@id":"https:\/\/www.swissraft.ch\/it\/#organization","name":"Swissraft","url":"https:\/\/www.swissraft.ch\/it\/","logo":{"@type":"ImageObject","inLanguage":"it-IT","@id":"https:\/\/www.swissraft.ch\/it\/#\/schema\/logo\/image\/","url":"https:\/\/www.swissraft.ch\/wp-content\/uploads\/2025\/09\/Capture.jpg","contentUrl":"https:\/\/www.swissraft.ch\/wp-content\/uploads\/2025\/09\/Capture.jpg","width":293,"height":108,"caption":"Swissraft"},"image":{"@id":"https:\/\/www.swissraft.ch\/it\/#\/schema\/logo\/image\/"}}]}},"_links":{"self":[{"href":"https:\/\/www.swissraft.ch\/it\/wp-json\/wp\/v2\/product\/92415","targetHints":{"allow":["GET"]}}],"collection":[{"href":"https:\/\/www.swissraft.ch\/it\/wp-json\/wp\/v2\/product"}],"about":[{"href":"https:\/\/www.swissraft.ch\/it\/wp-json\/wp\/v2\/types\/product"}],"replies":[{"embeddable":true,"href":"https:\/\/www.swissraft.ch\/it\/wp-json\/wp\/v2\/comments?post=92415"}],"version-history":[{"count":54,"href":"https:\/\/www.swissraft.ch\/it\/wp-json\/wp\/v2\/product\/92415\/revisions"}],"predecessor-version":[{"id":123849,"href":"https:\/\/www.swissraft.ch\/it\/wp-json\/wp\/v2\/product\/92415\/revisions\/123849"}],"wp:featuredmedia":[{"embeddable":true,"href":"https:\/\/www.swissraft.ch\/it\/wp-json\/wp\/v2\/media\/90191"}],"wp:attachment":[{"href":"https:\/\/www.swissraft.ch\/it\/wp-json\/wp\/v2\/media?parent=92415"}],"wp:term":[{"taxonomy":"product_cat","embeddable":true,"href":"https:\/\/www.swissraft.ch\/it\/wp-json\/wp\/v2\/product_cat?post=92415"},{"taxonomy":"product_tag","embeddable":true,"href":"https:\/\/www.swissraft.ch\/it\/wp-json\/wp\/v2\/product_tag?post=92415"}],"curies":[{"name":"wp","href":"https:\/\/api.w.org\/{rel}","templated":true}]}}