{"id":92410,"date":"2023-04-02T11:30:28","date_gmt":"2023-04-02T09:30:28","guid":{"rendered":"https:\/\/swissraft.xyanzkdne.eu\/product\/lholloch-nel-muotathal-schwyz-a-partire-da-chf-7800\/"},"modified":"2025-12-20T21:53:20","modified_gmt":"2025-12-20T20:53:20","slug":"lholloch-nel-muotathal-schwyz-a-partire-da-chf-7800","status":"publish","type":"product","link":"https:\/\/www.swissraft.ch\/it\/prodotto\/lholloch-nel-muotathal-schwyz-a-partire-da-chf-7800\/","title":{"rendered":"L&#8217;H\u00d6LLOCH nel MUOTATHAL &#8211; SCHWYZ &#8211; A partire da CHF 78,00"},"content":{"rendered":"\t\t<div data-elementor-type=\"wp-post\" data-elementor-id=\"92410\" class=\"elementor elementor-92410 elementor-32175\">\n\t\t\t\t\t\t\t\t\t<section class=\"elementor-section elementor-top-section elementor-element elementor-element-3303a7e3 elementor-section-boxed elementor-section-height-default elementor-section-height-default\" data-id=\"3303a7e3\" data-element_type=\"section\">\n\t\t\t\t\t\t<div class=\"elementor-container elementor-column-gap-default\">\n\t\t\t\t\t<div class=\"elementor-column elementor-col-100 elementor-top-column elementor-element elementor-element-16d72dbf\" data-id=\"16d72dbf\" data-element_type=\"column\">\n\t\t\t<div class=\"elementor-widget-wrap elementor-element-populated\">\n\t\t\t\t\t\t\t\t<div class=\"elementor-element elementor-element-d743c03 elementor-widget elementor-widget-text-editor\" data-id=\"d743c03\" data-element_type=\"widget\" data-widget_type=\"text-editor.default\">\n\t\t\t\t<div class=\"elementor-widget-container\">\n\t\t\t\t\t\t\t<h2>SCEGLI LA TUA ATTIVIT\u00c0 QUI SOTTO PER OFFRIRE BUONI REGALO\/BIGLIETTI O EFFETTUARE UNA PRENOTAZIONE<\/h2><table border=\"0\" width=\"580\" cellspacing=\"10\" cellpadding=\"10\"><tbody><tr><td width=\"50%\"><strong>H\u00d6LLOCH &#8211; MUOTATHAL &#8211; 1 persona<\/strong><\/td><td><strong>CHF 135.00 a persona<span class=\"productPrice\"><br \/><\/span><\/strong><\/td><\/tr><tr><td>Informazioni aggiuntive<\/td><td>&#8211; <span class=\"plbl\">Prezzo giovani <\/span>: <span class=\"patt\">CHF 78.00 da 16 a 19 anni<br \/><\/span><span class=\"patt\"><span class=\"patt\">&#8211; Prezzo scuola e bambino : CHF 58.00 da 9 a 15 anni<br \/>&#8211; Et\u00e0 minima : 9 anni<\/span><\/span><\/td><\/tr><tr><td>Luego d&#8217;incontro<\/td><td><a href=\"https:\/\/www.google.com\/maps\/place\/46%C2%B058'37.8%22N+8%C2%B047'03.3%22E\/@46.9772546,8.7821068,385m\/data=!3m1!1e3!4m12!1m7!3m6!1s0x47854860ff83d321:0x454aa347db945e86!2sH%C3%B6lloch+Center+Muotathal+-+Trekking+Team!8m2!3d46.9769626!4d8.7842152!16s%2Fg%2F1tx8s1r1!3m3!8m2!3d46.977167!4d8.784255?entry=ttu\" target=\"_blank\" rel=\"noopener\">Centro speleologico<\/a><\/td><\/tr><tr><td>Orari<\/td><td>09:30 \/ 13:00<\/td><\/tr><tr><td>Trekking<\/td><td>circa 3 ore<\/td><\/tr><tr><td>Durata totale<\/td><td>circa 3,30 ore<\/td><\/tr><tr><td>Difficolt\u00e0<\/td><td>1 \u00e0 2<\/td><\/tr><tr><td><a href=\"https:\/\/swissraft.outdoorbooking.ch\/fo\/products\/1438?base_id=181&amp;category_id=35&amp;order_type=gift_voucher&amp;lang=it\" target=\"_blank\" rel=\"noopener\"><button class=\"elementor-button\" type=\"button\">ACQUISTO BUONO REGALO \/ BIGLIETTO<\/button><\/a><\/td><td><strong>CHF 135.00<\/strong>\/pers.<\/td><\/tr><tr><td><a href=\"https:\/\/swissraft.outdoorbooking.ch\/fo\/products\/903?base_id=181&amp;category_id=35&amp;order_type=gift_voucher&amp;lang=it\" target=\"_blank\" rel=\"noopener\"><button class=\"elementor-button\" type=\"button\">ACQUISTO BUONO REGALO \/ BIGLIETTO<\/button><\/a><\/td><td><strong>CHF 810.00<\/strong><strong> &#8211; per 6 persone<\/strong><\/td><\/tr><tr><td><a href=\"https:\/\/swissraft.outdoorbooking.ch\/fo\/products\/903?base_id=181&amp;category_id=35&amp;order_type=gift_voucher&amp;lang=it\" target=\"_blank\" rel=\"noopener\"><button class=\"elementor-button\" type=\"button\">ACQUISTO BUONO REGALO \/ BIGLIETTO<\/button><\/a><\/td><td><strong>CHF 900.00<\/strong><strong> &#8211; (6 pers.) con aperitivo<\/strong><\/td><\/tr><tr><td><a href=\"https:\/\/swissraft.outdoorbooking.ch\/fo\/products\/904?base_id=181&amp;category_id=35&amp;order_type=gift_voucher&amp;lang=it\" target=\"_blank\" rel=\"noopener\"><button class=\"elementor-button\" type=\"button\">ACQUISTO BUONO REGALO \/ BIGLIETTO<\/button><\/a><\/td><td><strong>CHF 960.00 &#8211; (6<\/strong><strong> pers.) con Aperitivo Speciale<\/strong><\/td><\/tr><tr><td><a href=\"https:\/\/swissraft.outdoorbooking.ch\/fo\/products\/896?base_id=181&amp;category_id=35&amp;order_type=gift_voucher&amp;lang=it\" target=\"_blank\" rel=\"noopener\"><button class=\"elementor-button\" type=\"button\">ACQUISTO BUONO REGALO \/ BIGLIETTO<\/button><\/a><\/td><td><strong>CHF 1&#8217;020.00<\/strong><strong> &#8211; (8 pers.) con Aperitivo VIP<\/strong><\/td><\/tr><tr><td>\u00a0<\/td><td><span class=\"patt\"><strong><em>IMPORTANTE !<\/em><\/strong><br \/><em>Per prenotare, chiamate il numero che si trova in alto a sinistra sul buono regalo\/biglietto.<\/em><br \/><\/span><\/td><\/tr><\/tbody><\/table><table border=\"0\" width=\"580\" cellspacing=\"10\" cellpadding=\"10\"><tbody><tr><td width=\"50%\"><strong>2) H\u00d6LLOCH &#8211; MUOTATHAL + SPELEOLOGIA-RACLETTE<\/strong><\/td><td><strong>CHF 580.00 Forfait (1-10 pers.)<\/strong><\/td><\/tr><tr><td>Informations compl\u00e9mentaires<\/td><td><span class=\"patt\">&#8211; <strong>CHF 58.00<\/strong>\/pers. suppl.<\/span><br \/>&#8211; Uniquement combin\u00e9 avec un tour (voir en haut)<span class=\"patt\"><br \/><\/span><\/td><\/tr><tr><td>Luego d&#8217;incontro<\/td><td><a href=\"https:\/\/www.google.com\/maps\/place\/46%C2%B058'37.8%22N+8%C2%B047'03.3%22E\/@46.9772546,8.7821068,385m\/data=!3m1!1e3!4m12!1m7!3m6!1s0x47854860ff83d321:0x454aa347db945e86!2sH%C3%B6lloch+Center+Muotathal+-+Trekking+Team!8m2!3d46.9769626!4d8.7842152!16s%2Fg%2F1tx8s1r1!3m3!8m2!3d46.977167!4d8.784255?entry=ttu\" target=\"_blank\" rel=\"noopener\">Centro speleologico<\/a><\/td><\/tr><tr><td>Trekking + Raclette<\/td><td>env. 4,5 ore<\/td><\/tr><tr><td>Durata totale<\/td><td>env. 5 ore<\/td><\/tr><tr><td><a href=\"https:\/\/swissraft.outdoorbooking.ch\/fo\/products\/905?base_id=181&amp;category_id=35&amp;order_type=gift_voucher&amp;lang=it\" target=\"_blank\" rel=\"noopener\"><button class=\"elementor-button\" type=\"button\">ACQUISTO BUON REGALO \/ BIGLIETTO<\/button><\/a><\/td><td><strong>CHF 580.00 <\/strong>Forfait (1-10 pers.)<\/td><\/tr><tr><td>\u00a0<\/td><td><span class=\"patt\"><strong><em>IMPORTANTE !<\/em><\/strong><br \/><em>Per prenotare, chiamate il numero che si trova in alto a sinistra sul buono regalo\/biglietto.<\/em><\/span><\/td><\/tr><\/tbody><\/table>\t\t\t\t\t\t<\/div>\n\t\t\t\t<\/div>\n\t\t\t\t\t<\/div>\n\t\t<\/div>\n\t\t\t\t\t\t\t<\/div>\n\t\t<\/section>\n\t\t\t\t\t\t\t<\/div>\n\t\t","protected":false},"excerpt":{"rendered":"<div align=\"justify\">\n<h2 align=\"justify\">Scoprire la grotta di H\u00f6lloch nel Muotathal \u00e8 l&#8217;attivit\u00e0 perfetta per una gita scolastica o per festeggiare un evento speciale.<\/h2>\n<h3>Una gita attiva e culturale alla scoperta dell&#8217;H\u00f6lloch<\/h3>\n<\/div>\n<div align=\"justify\">\n<p>La grotta di H\u00f6lloch nella valle di Muotathal \u00e8 una meraviglia sotterranea. Scoperto nel 1875, ha subito attirato l&#8217;attenzione. Con oltre 200 chilometri di gallerie esplorate, \u00e8 una delle grotte pi\u00f9 grandi d&#8217;Europa. All&#8217;inizio qui si avventuravano speleologi dilettanti. Poi subentrano i professionisti. Le esplorazioni continuano ancora oggi, rivelando nuovi passaggi. Inoltre, l&#8217;H\u00f6lloch offre un&#8217;impressionante variet\u00e0 geologica. Ci sono delle magnifiche stalattiti e stalagmiti. Le formazioni calcaree stupiscono i visitatori. La grotta presenta anche fiumi sotterranei e laghi misteriosi. Questi elementi aumentano il fascino dell&#8217;esplorazione. Inoltre, Swissraft e le sue guide qualificate garantiscono la massima sicurezza. Infine, l&#8217;H\u00f6lloch rimane una meta imperdibile per gli appassionati di speleologia. Esplorarla \u00e8 un&#8217;esperienza indimenticabile.<\/p>\n<h3>Sul nostro sito sono presenti diverse grotte famose.<\/h3>\n<p id=\"textarea\" style=\"display: none;\">\nTra queste, la grotta di Nidlenloch nel cantone di Soletta e la grotta di Windloch nel cantone di Glarona.\n<\/p>\n<p><a id=\"seeMore\" onclick=\"toggleSeeMore()\" href=\"javascript:void(0);\">Leggi tutto<\/a><\/p>\n","protected":false},"featured_media":90503,"comment_status":"open","ping_status":"closed","template":"","meta":{"inline_featured_image":false,"_mi_skip_tracking":false},"product_cat":[399,472],"product_tag":[],"class_list":["post-92410","product","type-product","status-publish","has-post-thumbnail","hentry","product_cat-outdoor","product_cat-speleologia-in-svizzera"],"yoast_head":"<!-- This site is optimized with the Yoast SEO plugin v23.6 - https:\/\/yoast.com\/wordpress\/plugins\/seo\/ -->\n<title>H\u00f6lloch - Muotathal nel cantone di Svitto<\/title>\n<meta name=\"description\" content=\"H\u00f6lloch - Muotathal nel cantone di Svitto, la grotta pi\u00f9 grande d&#039;Europa con una profondit\u00e0 di 1033 metri. Una meravigliosa esplorazione\" \/>\n<meta name=\"robots\" content=\"index, follow, max-snippet:-1, max-image-preview:large, max-video-preview:-1\" \/>\n<link rel=\"canonical\" href=\"https:\/\/www.swissraft.ch\/it\/prodotto\/lholloch-nel-muotathal-schwyz-a-partire-da-chf-7800\/\" \/>\n<meta property=\"og:locale\" content=\"it_IT\" \/>\n<meta property=\"og:type\" content=\"article\" \/>\n<meta property=\"og:title\" content=\"H\u00f6lloch - Muotathal nel cantone di Svitto\" \/>\n<meta property=\"og:description\" content=\"H\u00f6lloch - Muotathal nel cantone di Svitto, la grotta pi\u00f9 grande d&#039;Europa con una profondit\u00e0 di 1033 metri. Una meravigliosa esplorazione\" \/>\n<meta property=\"og:url\" content=\"https:\/\/www.swissraft.ch\/it\/prodotto\/lholloch-nel-muotathal-schwyz-a-partire-da-chf-7800\/\" \/>\n<meta property=\"og:site_name\" content=\"Swissraft\" \/>\n<meta property=\"article:modified_time\" content=\"2025-12-20T20:53:20+00:00\" \/>\n<meta property=\"og:image\" content=\"https:\/\/www.swissraft.ch\/wp-content\/uploads\/2023\/04\/1-1-Muotathal_Holloch_776x776.jpg\" \/>\n\t<meta property=\"og:image:width\" content=\"776\" \/>\n\t<meta property=\"og:image:height\" content=\"776\" \/>\n\t<meta property=\"og:image:type\" content=\"image\/jpeg\" \/>\n<meta name=\"twitter:card\" content=\"summary_large_image\" \/>\n<meta name=\"twitter:label1\" content=\"Tempo di lettura stimato\" \/>\n\t<meta name=\"twitter:data1\" content=\"2 minuti\" \/>\n<script type=\"application\/ld+json\" class=\"yoast-schema-graph\">{\"@context\":\"https:\/\/schema.org\",\"@graph\":[{\"@type\":\"WebPage\",\"@id\":\"https:\/\/www.swissraft.ch\/it\/prodotto\/lholloch-nel-muotathal-schwyz-a-partire-da-chf-7800\/\",\"url\":\"https:\/\/www.swissraft.ch\/it\/prodotto\/lholloch-nel-muotathal-schwyz-a-partire-da-chf-7800\/\",\"name\":\"H\u00f6lloch - Muotathal nel cantone di Svitto\",\"isPartOf\":{\"@id\":\"https:\/\/www.swissraft.ch\/it\/#website\"},\"primaryImageOfPage\":{\"@id\":\"https:\/\/www.swissraft.ch\/it\/prodotto\/lholloch-nel-muotathal-schwyz-a-partire-da-chf-7800\/#primaryimage\"},\"image\":{\"@id\":\"https:\/\/www.swissraft.ch\/it\/prodotto\/lholloch-nel-muotathal-schwyz-a-partire-da-chf-7800\/#primaryimage\"},\"thumbnailUrl\":\"https:\/\/www.swissraft.ch\/wp-content\/uploads\/2023\/04\/1-1-Muotathal_Holloch_776x776.jpg\",\"datePublished\":\"2023-04-02T09:30:28+00:00\",\"dateModified\":\"2025-12-20T20:53:20+00:00\",\"description\":\"H\u00f6lloch - Muotathal nel cantone di Svitto, la grotta pi\u00f9 grande d'Europa con una profondit\u00e0 di 1033 metri. Una meravigliosa esplorazione\",\"breadcrumb\":{\"@id\":\"https:\/\/www.swissraft.ch\/it\/prodotto\/lholloch-nel-muotathal-schwyz-a-partire-da-chf-7800\/#breadcrumb\"},\"inLanguage\":\"it-IT\",\"potentialAction\":[{\"@type\":\"ReadAction\",\"target\":[\"https:\/\/www.swissraft.ch\/it\/prodotto\/lholloch-nel-muotathal-schwyz-a-partire-da-chf-7800\/\"]}]},{\"@type\":\"ImageObject\",\"inLanguage\":\"it-IT\",\"@id\":\"https:\/\/www.swissraft.ch\/it\/prodotto\/lholloch-nel-muotathal-schwyz-a-partire-da-chf-7800\/#primaryimage\",\"url\":\"https:\/\/www.swissraft.ch\/wp-content\/uploads\/2023\/04\/1-1-Muotathal_Holloch_776x776.jpg\",\"contentUrl\":\"https:\/\/www.swissraft.ch\/wp-content\/uploads\/2023\/04\/1-1-Muotathal_Holloch_776x776.jpg\",\"width\":776,\"height\":776,\"caption\":\"L'H\u00f6lloch in Svizzera\"},{\"@type\":\"BreadcrumbList\",\"@id\":\"https:\/\/www.swissraft.ch\/it\/prodotto\/lholloch-nel-muotathal-schwyz-a-partire-da-chf-7800\/#breadcrumb\",\"itemListElement\":[{\"@type\":\"ListItem\",\"position\":1,\"name\":\"Accueil\",\"item\":\"https:\/\/www.swissraft.ch\/it\/\"},{\"@type\":\"ListItem\",\"position\":2,\"name\":\"Negozio\",\"item\":\"https:\/\/www.swissraft.ch\/it\/negozio\/\"},{\"@type\":\"ListItem\",\"position\":3,\"name\":\"L&#8217;H\u00d6LLOCH nel MUOTATHAL &#8211; SCHWYZ &#8211; A partire da CHF 78,00\"}]},{\"@type\":\"WebSite\",\"@id\":\"https:\/\/www.swissraft.ch\/it\/#website\",\"url\":\"https:\/\/www.swissraft.ch\/it\/\",\"name\":\"Swissraft\",\"description\":\"To enjoy nature as it is\",\"publisher\":{\"@id\":\"https:\/\/www.swissraft.ch\/it\/#organization\"},\"potentialAction\":[{\"@type\":\"SearchAction\",\"target\":{\"@type\":\"EntryPoint\",\"urlTemplate\":\"https:\/\/www.swissraft.ch\/it\/?s={search_term_string}\"},\"query-input\":{\"@type\":\"PropertyValueSpecification\",\"valueRequired\":true,\"valueName\":\"search_term_string\"}}],\"inLanguage\":\"it-IT\"},{\"@type\":\"Organization\",\"@id\":\"https:\/\/www.swissraft.ch\/it\/#organization\",\"name\":\"Swissraft\",\"url\":\"https:\/\/www.swissraft.ch\/it\/\",\"logo\":{\"@type\":\"ImageObject\",\"inLanguage\":\"it-IT\",\"@id\":\"https:\/\/www.swissraft.ch\/it\/#\/schema\/logo\/image\/\",\"url\":\"https:\/\/www.swissraft.ch\/wp-content\/uploads\/2025\/09\/Capture.jpg\",\"contentUrl\":\"https:\/\/www.swissraft.ch\/wp-content\/uploads\/2025\/09\/Capture.jpg\",\"width\":293,\"height\":108,\"caption\":\"Swissraft\"},\"image\":{\"@id\":\"https:\/\/www.swissraft.ch\/it\/#\/schema\/logo\/image\/\"}}]}<\/script>\n<!-- \/ Yoast SEO plugin. -->","yoast_head_json":{"title":"H\u00f6lloch - Muotathal nel cantone di Svitto","description":"H\u00f6lloch - Muotathal nel cantone di Svitto, la grotta pi\u00f9 grande d'Europa con una profondit\u00e0 di 1033 metri. Una meravigliosa esplorazione","robots":{"index":"index","follow":"follow","max-snippet":"max-snippet:-1","max-image-preview":"max-image-preview:large","max-video-preview":"max-video-preview:-1"},"canonical":"https:\/\/www.swissraft.ch\/it\/prodotto\/lholloch-nel-muotathal-schwyz-a-partire-da-chf-7800\/","og_locale":"it_IT","og_type":"article","og_title":"H\u00f6lloch - Muotathal nel cantone di Svitto","og_description":"H\u00f6lloch - Muotathal nel cantone di Svitto, la grotta pi\u00f9 grande d'Europa con una profondit\u00e0 di 1033 metri. Una meravigliosa esplorazione","og_url":"https:\/\/www.swissraft.ch\/it\/prodotto\/lholloch-nel-muotathal-schwyz-a-partire-da-chf-7800\/","og_site_name":"Swissraft","article_modified_time":"2025-12-20T20:53:20+00:00","og_image":[{"width":776,"height":776,"url":"https:\/\/www.swissraft.ch\/wp-content\/uploads\/2023\/04\/1-1-Muotathal_Holloch_776x776.jpg","type":"image\/jpeg"}],"twitter_card":"summary_large_image","twitter_misc":{"Tempo di lettura stimato":"2 minuti"},"schema":{"@context":"https:\/\/schema.org","@graph":[{"@type":"WebPage","@id":"https:\/\/www.swissraft.ch\/it\/prodotto\/lholloch-nel-muotathal-schwyz-a-partire-da-chf-7800\/","url":"https:\/\/www.swissraft.ch\/it\/prodotto\/lholloch-nel-muotathal-schwyz-a-partire-da-chf-7800\/","name":"H\u00f6lloch - Muotathal nel cantone di Svitto","isPartOf":{"@id":"https:\/\/www.swissraft.ch\/it\/#website"},"primaryImageOfPage":{"@id":"https:\/\/www.swissraft.ch\/it\/prodotto\/lholloch-nel-muotathal-schwyz-a-partire-da-chf-7800\/#primaryimage"},"image":{"@id":"https:\/\/www.swissraft.ch\/it\/prodotto\/lholloch-nel-muotathal-schwyz-a-partire-da-chf-7800\/#primaryimage"},"thumbnailUrl":"https:\/\/www.swissraft.ch\/wp-content\/uploads\/2023\/04\/1-1-Muotathal_Holloch_776x776.jpg","datePublished":"2023-04-02T09:30:28+00:00","dateModified":"2025-12-20T20:53:20+00:00","description":"H\u00f6lloch - Muotathal nel cantone di Svitto, la grotta pi\u00f9 grande d'Europa con una profondit\u00e0 di 1033 metri. Una meravigliosa esplorazione","breadcrumb":{"@id":"https:\/\/www.swissraft.ch\/it\/prodotto\/lholloch-nel-muotathal-schwyz-a-partire-da-chf-7800\/#breadcrumb"},"inLanguage":"it-IT","potentialAction":[{"@type":"ReadAction","target":["https:\/\/www.swissraft.ch\/it\/prodotto\/lholloch-nel-muotathal-schwyz-a-partire-da-chf-7800\/"]}]},{"@type":"ImageObject","inLanguage":"it-IT","@id":"https:\/\/www.swissraft.ch\/it\/prodotto\/lholloch-nel-muotathal-schwyz-a-partire-da-chf-7800\/#primaryimage","url":"https:\/\/www.swissraft.ch\/wp-content\/uploads\/2023\/04\/1-1-Muotathal_Holloch_776x776.jpg","contentUrl":"https:\/\/www.swissraft.ch\/wp-content\/uploads\/2023\/04\/1-1-Muotathal_Holloch_776x776.jpg","width":776,"height":776,"caption":"L'H\u00f6lloch in Svizzera"},{"@type":"BreadcrumbList","@id":"https:\/\/www.swissraft.ch\/it\/prodotto\/lholloch-nel-muotathal-schwyz-a-partire-da-chf-7800\/#breadcrumb","itemListElement":[{"@type":"ListItem","position":1,"name":"Accueil","item":"https:\/\/www.swissraft.ch\/it\/"},{"@type":"ListItem","position":2,"name":"Negozio","item":"https:\/\/www.swissraft.ch\/it\/negozio\/"},{"@type":"ListItem","position":3,"name":"L&#8217;H\u00d6LLOCH nel MUOTATHAL &#8211; SCHWYZ &#8211; A partire da CHF 78,00"}]},{"@type":"WebSite","@id":"https:\/\/www.swissraft.ch\/it\/#website","url":"https:\/\/www.swissraft.ch\/it\/","name":"Swissraft","description":"To enjoy nature as it is","publisher":{"@id":"https:\/\/www.swissraft.ch\/it\/#organization"},"potentialAction":[{"@type":"SearchAction","target":{"@type":"EntryPoint","urlTemplate":"https:\/\/www.swissraft.ch\/it\/?s={search_term_string}"},"query-input":{"@type":"PropertyValueSpecification","valueRequired":true,"valueName":"search_term_string"}}],"inLanguage":"it-IT"},{"@type":"Organization","@id":"https:\/\/www.swissraft.ch\/it\/#organization","name":"Swissraft","url":"https:\/\/www.swissraft.ch\/it\/","logo":{"@type":"ImageObject","inLanguage":"it-IT","@id":"https:\/\/www.swissraft.ch\/it\/#\/schema\/logo\/image\/","url":"https:\/\/www.swissraft.ch\/wp-content\/uploads\/2025\/09\/Capture.jpg","contentUrl":"https:\/\/www.swissraft.ch\/wp-content\/uploads\/2025\/09\/Capture.jpg","width":293,"height":108,"caption":"Swissraft"},"image":{"@id":"https:\/\/www.swissraft.ch\/it\/#\/schema\/logo\/image\/"}}]}},"_links":{"self":[{"href":"https:\/\/www.swissraft.ch\/it\/wp-json\/wp\/v2\/product\/92410","targetHints":{"allow":["GET"]}}],"collection":[{"href":"https:\/\/www.swissraft.ch\/it\/wp-json\/wp\/v2\/product"}],"about":[{"href":"https:\/\/www.swissraft.ch\/it\/wp-json\/wp\/v2\/types\/product"}],"replies":[{"embeddable":true,"href":"https:\/\/www.swissraft.ch\/it\/wp-json\/wp\/v2\/comments?post=92410"}],"version-history":[{"count":36,"href":"https:\/\/www.swissraft.ch\/it\/wp-json\/wp\/v2\/product\/92410\/revisions"}],"predecessor-version":[{"id":124866,"href":"https:\/\/www.swissraft.ch\/it\/wp-json\/wp\/v2\/product\/92410\/revisions\/124866"}],"wp:featuredmedia":[{"embeddable":true,"href":"https:\/\/www.swissraft.ch\/it\/wp-json\/wp\/v2\/media\/90503"}],"wp:attachment":[{"href":"https:\/\/www.swissraft.ch\/it\/wp-json\/wp\/v2\/media?parent=92410"}],"wp:term":[{"taxonomy":"product_cat","embeddable":true,"href":"https:\/\/www.swissraft.ch\/it\/wp-json\/wp\/v2\/product_cat?post=92410"},{"taxonomy":"product_tag","embeddable":true,"href":"https:\/\/www.swissraft.ch\/it\/wp-json\/wp\/v2\/product_tag?post=92410"}],"curies":[{"name":"wp","href":"https:\/\/api.w.org\/{rel}","templated":true}]}}