{"id":92399,"date":"2023-10-20T15:39:01","date_gmt":"2023-10-20T13:39:01","guid":{"rendered":"https:\/\/swissraft.xyanzkdne.eu\/product\/volo-in-elicottero-da-sitterdorf-rhine-lac-walenstadt-santis-45-min-a-partire-da-chf-35000\/"},"modified":"2024-12-09T02:24:27","modified_gmt":"2024-12-09T01:24:27","slug":"volo-in-elicottero-da-sitterdorf-rhine-lac-walenstadt-santis-45-min-a-partire-da-chf-35000","status":"publish","type":"product","link":"https:\/\/www.swissraft.ch\/it\/prodotto\/volo-in-elicottero-da-sitterdorf-rhine-lac-walenstadt-santis-45-min-a-partire-da-chf-35000\/","title":{"rendered":"Volo in elicottero da SITTERDORF &#8211; RHINE-LAC WALENSTADT-S\u00c4NTIS &#8211; 45 min. &#8211; A partire da CHF 350,00"},"content":{"rendered":"\t\t<div data-elementor-type=\"wp-post\" data-elementor-id=\"92399\" class=\"elementor elementor-92399 elementor-47294\">\n\t\t\t\t\t\t\t\t\t<section class=\"elementor-section elementor-top-section elementor-element elementor-element-3303a7e3 elementor-section-boxed elementor-section-height-default elementor-section-height-default\" data-id=\"3303a7e3\" data-element_type=\"section\">\n\t\t\t\t\t\t<div class=\"elementor-container elementor-column-gap-default\">\n\t\t\t\t\t<div class=\"elementor-column elementor-col-100 elementor-top-column elementor-element elementor-element-16d72dbf\" data-id=\"16d72dbf\" data-element_type=\"column\">\n\t\t\t<div class=\"elementor-widget-wrap elementor-element-populated\">\n\t\t\t\t\t\t\t\t<div class=\"elementor-element elementor-element-d743c03 elementor-widget elementor-widget-text-editor\" data-id=\"d743c03\" data-element_type=\"widget\" data-widget_type=\"text-editor.default\">\n\t\t\t\t<div class=\"elementor-widget-container\">\n\t\t\t\t\t\t\t<h2>SCEGLI LA TUA ATTIVIT\u00c0 QUI SOTTO PER OFFRIRE BUONI REGALO\/BIGLIETTI O EFFETTUARE UNA PRENOTAZIONE<\/h2>\n<table border=\"0\" width=\"580\" cellspacing=\"10\" cellpadding=\"10\">\n<tbody>\n<tr>\n<td width=\"50%\"><strong><strong>RHINE &#8211; LAGO DI WALENSTADT &#8211; S\u00c4NTIS (1-4 pers.) &#8211; <\/strong><\/strong><strong>45 min.<\/strong><\/td>\n<td><strong>CHF 350,00 a persona<span class=\"productPrice\"><br \/><\/span><\/strong><\/td>\n<\/tr>\n<tr>\n<td>Informazioni aggiuntive<\/td>\n<td>&#8211; Sarai con altri passeggeri &#8211; Massimo 4 persone.<\/td>\n<\/tr>\n<tr>\n<td>Campo d&#8217;aviazione<\/td>\n<td><a href=\"https:\/\/www.google.com\/maps\/place\/47%C2%B030'37.4%22N+9%C2%B015'44.9%22E\/@47.5107092,9.2532447,1525m\/data=!3m1!1e3!4m4!3m3!8m2!3d47.5103889!4d9.2624722?entry=ttu\" target=\"_blank\" rel=\"noopener\">Sitterdorf<\/a><\/td>\n<\/tr>\n<tr>\n<td>Tempo di volo<\/td>\n<td>45 min.<\/td>\n<\/tr>\n<tr>\n<td>Durata totale<\/td>\n<td>circa 1h15<\/td>\n<\/tr>\n<tr>\n<td>Appuntamento<\/td>\n<td>Per telefono<\/td>\n<\/tr>\n<tr>\n<td><a href=\"https:\/\/swissraft.outdoorbooking.ch\/fo\/products\/881?base_id=171&amp;category_id=6&amp;order_type=gift_voucher&amp;lang=it\" target=\"_blank\" rel=\"noopener\"><button class=\"elementor-button\" type=\"button\">BUONO REGALO<\/button><\/a><\/td>\n<td><strong>CHF 350,00\/pers.<\/strong><\/td>\n<\/tr>\n<tr>\n<td><button class=\"elementor-button\" type=\"button\"><a href=\"https:\/\/swissraft.outdoorbooking.ch\/fo\/products\/882?base_id=178&amp;category_id=6&amp;order_type=gift_voucher&amp;lang=it\" target=\"_blank\" rel=\"noopener\">BUONO REGALO<\/a><\/button><\/td>\n<td><strong>CHF 830,00 &#8211; volo privato (1-3 pers.)<\/strong><\/td>\n<\/tr>\n<tr>\n<td><button class=\"elementor-button\" type=\"button\"><a href=\"https:\/\/swissraft.outdoorbooking.ch\/fo\/products\/880?base_id=179&amp;category_id=6&amp;order_type=gift_voucher&amp;lang=it\" target=\"_blank\" rel=\"noopener\">BUONO REGALO<\/a><\/button><\/td>\n<td><strong>CHF 1&#8217;190.00 &#8211; volo privato (4 pers.)<\/strong><\/td>\n<\/tr>\n<tr>\n<td> <\/td>\n<td>Per effettuare una prenotazione <span class=\"patt\" style=\"font-family: inherit; font-size: inherit;\"><span class=\"plbl\"><span class=\"patt\"><a href=\"https:\/\/www.swissraft.ch\/it\/contattaci\/\">contattaci<\/a><\/span><\/span><\/span><\/td>\n<\/tr>\n<\/tbody>\n<\/table>\n\t\t\t\t\t\t<\/div>\n\t\t\t\t<\/div>\n\t\t\t\t\t<\/div>\n\t\t<\/div>\n\t\t\t\t\t\t\t<\/div>\n\t\t<\/section>\n\t\t\t\t\t\t\t<\/div>\n\t\t","protected":false},"excerpt":{"rendered":"<div align=\"justify\">\n<h2 align=\"justify\">Questo volo in elicottero di 45 minuti ti porter\u00e0 ad Appenzell e alla Valle del Reno.<\/h2>\n<h3>Partendo dall&#8217;aeroporto di Sitterdorf, sorvola l&#8217;Appenzello con un magnifico panorama sul S\u00e4ntis.<\/h3>\n<\/div>\n<p>Decolla da Sitterdorf in direzione di St. San Gallo e Appenzello. Passerai davanti all&#8217;Hohen Kasten e all&#8217;Ebenalp prima di sorvolare la valle del Reno. Poi sorvola il Voralpsee e il lago Walenstadt fino al Churfistern. Sopra il Toggenburg e la Schw\u00e4galp si gode di una magnifica vista sul S\u00e4ntis. Il volo prosegue sopra l&#8217;Appenzello, sorvolando le citt\u00e0 di Urn\u00e4sch e Herisau prima di tornare all&#8217;aerodromo di Sitterdorf.<\/p>\n<h3>Scegli il tour in elicottero pi\u00f9 adatto a te tra oltre 150 proposte<\/h3>\n<p id=\"textarea\" style=\"display: none;\">\nOffriamo anche voli dal Liechtenstein con partenza dall&#8217;eliporto di Balzers. Decolliamo anche da Samedan in Engadina, dove operiamo voli tutto l&#8217;anno. Ma anche dall&#8217;eliporto di St. Moritz. Decolliamo anche dagli eliporti di Tavanasa, Flims e Untervaz nei Grigioni. E dagli aeroporti di Locarno e Lodrino in Ticino. Allo stesso tempo, abbiamo voli per il Vallese dall&#8217;aeroporto di Sion e dagli eliporti di Collombey e Gampel. Decolliamo anche dall&#8217;aerodromo di \u00c9pagny, nel cantone di Friburgo. Inoltre, offriamo voli da Pfaffnau nel cantone di Lucerna e dall&#8217;eliporto di Erstfeld nel cantone di Uri. Decolliamo anche dall&#8217;eliporto di Gstaad-Grund e dall&#8217;aerodromo di Saanen. Sempre nell&#8217;Oberland Bernese, decolliamo dagli eliporti di Lauterbrunnen, Schattenhalb-Meiringen, Lenk-Simmental e Interlaken-Gsteigwiler. Abbiamo anche tour in partenza dagli aeroporti internazionali di Zurigo-Kloten e Berna-Belp. Oltre a tour del Canton Argovia dall&#8217;aerodromo di Buttwil. Abbiamo anche itinerari in partenza da K\u00fcssnacht e nel cantone di Soletta da Grenchen.\n<\/p>\n<p><a id=\"seeMore\" onclick=\"toggleSeeMore()\" href=\"javascript:void(0);\">Leggi tutto<\/a><\/p>\n","protected":false},"featured_media":87017,"comment_status":"open","ping_status":"closed","template":"","meta":{"inline_featured_image":false,"_mi_skip_tracking":false},"product_cat":[392,487],"product_tag":[],"class_list":["post-92399","product","type-product","status-publish","has-post-thumbnail","hentry","product_cat-volo-in-elicottero","product_cat-elicottero-sitterdorf"],"yoast_head":"<!-- This site is optimized with the Yoast SEO plugin v23.6 - https:\/\/yoast.com\/wordpress\/plugins\/seo\/ -->\n<title>Reno - Lago di Walenstadt - S\u00e4ntis in elicottero da Sitterdorf<\/title>\n<meta name=\"description\" content=\"Reno - Lago di Walenstadt - S\u00e4ntis per un volo in elicottero di 45 minuti sull&#039;Appenzello e la Valle del Reno\" \/>\n<meta name=\"robots\" content=\"index, follow, max-snippet:-1, max-image-preview:large, max-video-preview:-1\" \/>\n<link rel=\"canonical\" href=\"https:\/\/www.swissraft.ch\/it\/prodotto\/volo-in-elicottero-da-sitterdorf-rhine-lac-walenstadt-santis-45-min-a-partire-da-chf-35000\/\" \/>\n<meta property=\"og:locale\" content=\"it_IT\" \/>\n<meta property=\"og:type\" content=\"article\" \/>\n<meta property=\"og:title\" content=\"Reno - Lago di Walenstadt - S\u00e4ntis in elicottero da Sitterdorf\" \/>\n<meta property=\"og:description\" content=\"Reno - Lago di Walenstadt - S\u00e4ntis per un volo in elicottero di 45 minuti sull&#039;Appenzello e la Valle del Reno\" \/>\n<meta property=\"og:url\" content=\"https:\/\/www.swissraft.ch\/it\/prodotto\/volo-in-elicottero-da-sitterdorf-rhine-lac-walenstadt-santis-45-min-a-partire-da-chf-35000\/\" \/>\n<meta property=\"og:site_name\" content=\"Swissraft\" \/>\n<meta property=\"article:modified_time\" content=\"2024-12-09T01:24:27+00:00\" \/>\n<meta property=\"og:image\" content=\"https:\/\/www.swissraft.ch\/wp-content\/uploads\/2023\/10\/2-SITTERDORF-Rheintal-Walensee-Santis-776x776-1.jpg\" \/>\n\t<meta property=\"og:image:width\" content=\"776\" \/>\n\t<meta property=\"og:image:height\" content=\"776\" \/>\n\t<meta property=\"og:image:type\" content=\"image\/jpeg\" \/>\n<meta name=\"twitter:card\" content=\"summary_large_image\" \/>\n<script type=\"application\/ld+json\" class=\"yoast-schema-graph\">{\"@context\":\"https:\/\/schema.org\",\"@graph\":[{\"@type\":\"WebPage\",\"@id\":\"https:\/\/www.swissraft.ch\/it\/prodotto\/volo-in-elicottero-da-sitterdorf-rhine-lac-walenstadt-santis-45-min-a-partire-da-chf-35000\/\",\"url\":\"https:\/\/www.swissraft.ch\/it\/prodotto\/volo-in-elicottero-da-sitterdorf-rhine-lac-walenstadt-santis-45-min-a-partire-da-chf-35000\/\",\"name\":\"Reno - Lago di Walenstadt - S\u00e4ntis in elicottero da Sitterdorf\",\"isPartOf\":{\"@id\":\"https:\/\/www.swissraft.ch\/it\/#website\"},\"primaryImageOfPage\":{\"@id\":\"https:\/\/www.swissraft.ch\/it\/prodotto\/volo-in-elicottero-da-sitterdorf-rhine-lac-walenstadt-santis-45-min-a-partire-da-chf-35000\/#primaryimage\"},\"image\":{\"@id\":\"https:\/\/www.swissraft.ch\/it\/prodotto\/volo-in-elicottero-da-sitterdorf-rhine-lac-walenstadt-santis-45-min-a-partire-da-chf-35000\/#primaryimage\"},\"thumbnailUrl\":\"https:\/\/www.swissraft.ch\/wp-content\/uploads\/2023\/10\/2-SITTERDORF-Rheintal-Walensee-Santis-776x776-1.jpg\",\"datePublished\":\"2023-10-20T13:39:01+00:00\",\"dateModified\":\"2024-12-09T01:24:27+00:00\",\"description\":\"Reno - Lago di Walenstadt - S\u00e4ntis per un volo in elicottero di 45 minuti sull'Appenzello e la Valle del Reno\",\"breadcrumb\":{\"@id\":\"https:\/\/www.swissraft.ch\/it\/prodotto\/volo-in-elicottero-da-sitterdorf-rhine-lac-walenstadt-santis-45-min-a-partire-da-chf-35000\/#breadcrumb\"},\"inLanguage\":\"it-IT\",\"potentialAction\":[{\"@type\":\"ReadAction\",\"target\":[\"https:\/\/www.swissraft.ch\/it\/prodotto\/volo-in-elicottero-da-sitterdorf-rhine-lac-walenstadt-santis-45-min-a-partire-da-chf-35000\/\"]}]},{\"@type\":\"ImageObject\",\"inLanguage\":\"it-IT\",\"@id\":\"https:\/\/www.swissraft.ch\/it\/prodotto\/volo-in-elicottero-da-sitterdorf-rhine-lac-walenstadt-santis-45-min-a-partire-da-chf-35000\/#primaryimage\",\"url\":\"https:\/\/www.swissraft.ch\/wp-content\/uploads\/2023\/10\/2-SITTERDORF-Rheintal-Walensee-Santis-776x776-1.jpg\",\"contentUrl\":\"https:\/\/www.swissraft.ch\/wp-content\/uploads\/2023\/10\/2-SITTERDORF-Rheintal-Walensee-Santis-776x776-1.jpg\",\"width\":776,\"height\":776,\"caption\":\"Partenza da Sitterdorf per un volo verso Sitterdorf - Reno - Lago Walenstadt - S\u00e4nstis - 45 min.\"},{\"@type\":\"BreadcrumbList\",\"@id\":\"https:\/\/www.swissraft.ch\/it\/prodotto\/volo-in-elicottero-da-sitterdorf-rhine-lac-walenstadt-santis-45-min-a-partire-da-chf-35000\/#breadcrumb\",\"itemListElement\":[{\"@type\":\"ListItem\",\"position\":1,\"name\":\"Accueil\",\"item\":\"https:\/\/www.swissraft.ch\/it\/\"},{\"@type\":\"ListItem\",\"position\":2,\"name\":\"Negozio\",\"item\":\"https:\/\/www.swissraft.ch\/it\/negozio\/\"},{\"@type\":\"ListItem\",\"position\":3,\"name\":\"Volo in elicottero da SITTERDORF &#8211; RHINE-LAC WALENSTADT-S\u00c4NTIS &#8211; 45 min. &#8211; A partire da CHF 350,00\"}]},{\"@type\":\"WebSite\",\"@id\":\"https:\/\/www.swissraft.ch\/it\/#website\",\"url\":\"https:\/\/www.swissraft.ch\/it\/\",\"name\":\"Swissraft\",\"description\":\"To enjoy nature as it is\",\"publisher\":{\"@id\":\"https:\/\/www.swissraft.ch\/it\/#organization\"},\"potentialAction\":[{\"@type\":\"SearchAction\",\"target\":{\"@type\":\"EntryPoint\",\"urlTemplate\":\"https:\/\/www.swissraft.ch\/it\/?s={search_term_string}\"},\"query-input\":{\"@type\":\"PropertyValueSpecification\",\"valueRequired\":true,\"valueName\":\"search_term_string\"}}],\"inLanguage\":\"it-IT\"},{\"@type\":\"Organization\",\"@id\":\"https:\/\/www.swissraft.ch\/it\/#organization\",\"name\":\"Swissraft\",\"url\":\"https:\/\/www.swissraft.ch\/it\/\",\"logo\":{\"@type\":\"ImageObject\",\"inLanguage\":\"it-IT\",\"@id\":\"https:\/\/www.swissraft.ch\/it\/#\/schema\/logo\/image\/\",\"url\":\"https:\/\/www.swissraft.ch\/wp-content\/uploads\/2025\/09\/Capture.jpg\",\"contentUrl\":\"https:\/\/www.swissraft.ch\/wp-content\/uploads\/2025\/09\/Capture.jpg\",\"width\":293,\"height\":108,\"caption\":\"Swissraft\"},\"image\":{\"@id\":\"https:\/\/www.swissraft.ch\/it\/#\/schema\/logo\/image\/\"}}]}<\/script>\n<!-- \/ Yoast SEO plugin. -->","yoast_head_json":{"title":"Reno - Lago di Walenstadt - S\u00e4ntis in elicottero da Sitterdorf","description":"Reno - Lago di Walenstadt - S\u00e4ntis per un volo in elicottero di 45 minuti sull'Appenzello e la Valle del Reno","robots":{"index":"index","follow":"follow","max-snippet":"max-snippet:-1","max-image-preview":"max-image-preview:large","max-video-preview":"max-video-preview:-1"},"canonical":"https:\/\/www.swissraft.ch\/it\/prodotto\/volo-in-elicottero-da-sitterdorf-rhine-lac-walenstadt-santis-45-min-a-partire-da-chf-35000\/","og_locale":"it_IT","og_type":"article","og_title":"Reno - Lago di Walenstadt - S\u00e4ntis in elicottero da Sitterdorf","og_description":"Reno - Lago di Walenstadt - S\u00e4ntis per un volo in elicottero di 45 minuti sull'Appenzello e la Valle del Reno","og_url":"https:\/\/www.swissraft.ch\/it\/prodotto\/volo-in-elicottero-da-sitterdorf-rhine-lac-walenstadt-santis-45-min-a-partire-da-chf-35000\/","og_site_name":"Swissraft","article_modified_time":"2024-12-09T01:24:27+00:00","og_image":[{"width":776,"height":776,"url":"https:\/\/www.swissraft.ch\/wp-content\/uploads\/2023\/10\/2-SITTERDORF-Rheintal-Walensee-Santis-776x776-1.jpg","type":"image\/jpeg"}],"twitter_card":"summary_large_image","schema":{"@context":"https:\/\/schema.org","@graph":[{"@type":"WebPage","@id":"https:\/\/www.swissraft.ch\/it\/prodotto\/volo-in-elicottero-da-sitterdorf-rhine-lac-walenstadt-santis-45-min-a-partire-da-chf-35000\/","url":"https:\/\/www.swissraft.ch\/it\/prodotto\/volo-in-elicottero-da-sitterdorf-rhine-lac-walenstadt-santis-45-min-a-partire-da-chf-35000\/","name":"Reno - Lago di Walenstadt - S\u00e4ntis in elicottero da Sitterdorf","isPartOf":{"@id":"https:\/\/www.swissraft.ch\/it\/#website"},"primaryImageOfPage":{"@id":"https:\/\/www.swissraft.ch\/it\/prodotto\/volo-in-elicottero-da-sitterdorf-rhine-lac-walenstadt-santis-45-min-a-partire-da-chf-35000\/#primaryimage"},"image":{"@id":"https:\/\/www.swissraft.ch\/it\/prodotto\/volo-in-elicottero-da-sitterdorf-rhine-lac-walenstadt-santis-45-min-a-partire-da-chf-35000\/#primaryimage"},"thumbnailUrl":"https:\/\/www.swissraft.ch\/wp-content\/uploads\/2023\/10\/2-SITTERDORF-Rheintal-Walensee-Santis-776x776-1.jpg","datePublished":"2023-10-20T13:39:01+00:00","dateModified":"2024-12-09T01:24:27+00:00","description":"Reno - Lago di Walenstadt - S\u00e4ntis per un volo in elicottero di 45 minuti sull'Appenzello e la Valle del Reno","breadcrumb":{"@id":"https:\/\/www.swissraft.ch\/it\/prodotto\/volo-in-elicottero-da-sitterdorf-rhine-lac-walenstadt-santis-45-min-a-partire-da-chf-35000\/#breadcrumb"},"inLanguage":"it-IT","potentialAction":[{"@type":"ReadAction","target":["https:\/\/www.swissraft.ch\/it\/prodotto\/volo-in-elicottero-da-sitterdorf-rhine-lac-walenstadt-santis-45-min-a-partire-da-chf-35000\/"]}]},{"@type":"ImageObject","inLanguage":"it-IT","@id":"https:\/\/www.swissraft.ch\/it\/prodotto\/volo-in-elicottero-da-sitterdorf-rhine-lac-walenstadt-santis-45-min-a-partire-da-chf-35000\/#primaryimage","url":"https:\/\/www.swissraft.ch\/wp-content\/uploads\/2023\/10\/2-SITTERDORF-Rheintal-Walensee-Santis-776x776-1.jpg","contentUrl":"https:\/\/www.swissraft.ch\/wp-content\/uploads\/2023\/10\/2-SITTERDORF-Rheintal-Walensee-Santis-776x776-1.jpg","width":776,"height":776,"caption":"Partenza da Sitterdorf per un volo verso Sitterdorf - Reno - Lago Walenstadt - S\u00e4nstis - 45 min."},{"@type":"BreadcrumbList","@id":"https:\/\/www.swissraft.ch\/it\/prodotto\/volo-in-elicottero-da-sitterdorf-rhine-lac-walenstadt-santis-45-min-a-partire-da-chf-35000\/#breadcrumb","itemListElement":[{"@type":"ListItem","position":1,"name":"Accueil","item":"https:\/\/www.swissraft.ch\/it\/"},{"@type":"ListItem","position":2,"name":"Negozio","item":"https:\/\/www.swissraft.ch\/it\/negozio\/"},{"@type":"ListItem","position":3,"name":"Volo in elicottero da SITTERDORF &#8211; RHINE-LAC WALENSTADT-S\u00c4NTIS &#8211; 45 min. &#8211; A partire da CHF 350,00"}]},{"@type":"WebSite","@id":"https:\/\/www.swissraft.ch\/it\/#website","url":"https:\/\/www.swissraft.ch\/it\/","name":"Swissraft","description":"To enjoy nature as it is","publisher":{"@id":"https:\/\/www.swissraft.ch\/it\/#organization"},"potentialAction":[{"@type":"SearchAction","target":{"@type":"EntryPoint","urlTemplate":"https:\/\/www.swissraft.ch\/it\/?s={search_term_string}"},"query-input":{"@type":"PropertyValueSpecification","valueRequired":true,"valueName":"search_term_string"}}],"inLanguage":"it-IT"},{"@type":"Organization","@id":"https:\/\/www.swissraft.ch\/it\/#organization","name":"Swissraft","url":"https:\/\/www.swissraft.ch\/it\/","logo":{"@type":"ImageObject","inLanguage":"it-IT","@id":"https:\/\/www.swissraft.ch\/it\/#\/schema\/logo\/image\/","url":"https:\/\/www.swissraft.ch\/wp-content\/uploads\/2025\/09\/Capture.jpg","contentUrl":"https:\/\/www.swissraft.ch\/wp-content\/uploads\/2025\/09\/Capture.jpg","width":293,"height":108,"caption":"Swissraft"},"image":{"@id":"https:\/\/www.swissraft.ch\/it\/#\/schema\/logo\/image\/"}}]}},"_links":{"self":[{"href":"https:\/\/www.swissraft.ch\/it\/wp-json\/wp\/v2\/product\/92399","targetHints":{"allow":["GET"]}}],"collection":[{"href":"https:\/\/www.swissraft.ch\/it\/wp-json\/wp\/v2\/product"}],"about":[{"href":"https:\/\/www.swissraft.ch\/it\/wp-json\/wp\/v2\/types\/product"}],"replies":[{"embeddable":true,"href":"https:\/\/www.swissraft.ch\/it\/wp-json\/wp\/v2\/comments?post=92399"}],"version-history":[{"count":0,"href":"https:\/\/www.swissraft.ch\/it\/wp-json\/wp\/v2\/product\/92399\/revisions"}],"wp:featuredmedia":[{"embeddable":true,"href":"https:\/\/www.swissraft.ch\/it\/wp-json\/wp\/v2\/media\/87017"}],"wp:attachment":[{"href":"https:\/\/www.swissraft.ch\/it\/wp-json\/wp\/v2\/media?parent=92399"}],"wp:term":[{"taxonomy":"product_cat","embeddable":true,"href":"https:\/\/www.swissraft.ch\/it\/wp-json\/wp\/v2\/product_cat?post=92399"},{"taxonomy":"product_tag","embeddable":true,"href":"https:\/\/www.swissraft.ch\/it\/wp-json\/wp\/v2\/product_tag?post=92399"}],"curies":[{"name":"wp","href":"https:\/\/api.w.org\/{rel}","templated":true}]}}