{"id":92378,"date":"2023-07-27T18:49:26","date_gmt":"2023-07-27T16:49:26","guid":{"rendered":"https:\/\/swissraft.xyanzkdne.eu\/product\/canyoning-a-tessin-le-froda-da-chf-195-50\/"},"modified":"2026-04-09T23:40:53","modified_gmt":"2026-04-09T21:40:53","slug":"canyoning-ticino-froda","status":"publish","type":"product","link":"https:\/\/www.swissraft.ch\/it\/prodotto\/canyoning-ticino-froda\/","title":{"rendered":"Canyoning in Ticino &#8211; Il Froda &#8211; Da CHF 195.50"},"content":{"rendered":"\t\t<div data-elementor-type=\"wp-post\" data-elementor-id=\"92378\" class=\"elementor elementor-92378 elementor-38432\">\n\t\t\t\t\t\t\t\t\t<section class=\"elementor-section elementor-top-section elementor-element elementor-element-3303a7e3 elementor-section-boxed elementor-section-height-default elementor-section-height-default\" data-id=\"3303a7e3\" data-element_type=\"section\">\n\t\t\t\t\t\t<div class=\"elementor-container elementor-column-gap-default\">\n\t\t\t\t\t<div class=\"elementor-column elementor-col-100 elementor-top-column elementor-element elementor-element-16d72dbf\" data-id=\"16d72dbf\" data-element_type=\"column\">\n\t\t\t<div class=\"elementor-widget-wrap elementor-element-populated\">\n\t\t\t\t\t\t\t\t<div class=\"elementor-element elementor-element-d743c03 elementor-widget elementor-widget-text-editor\" data-id=\"d743c03\" data-element_type=\"widget\" data-widget_type=\"text-editor.default\">\n\t\t\t\t<div class=\"elementor-widget-container\">\n\t\t\t\t\t\t\t<h2>SCEGLI LA TUA ATTIVIT\u00c0 QUI SOTTO PER OFFRIRE BUONI REGALO\/BIGLIETTI O EFFETTUARE UNA PRENOTAZIONE<\/h2><table border=\"0\" width=\"580\" cellspacing=\"10\" cellpadding=\"10\"><tbody><tr><td width=\"50%\"><strong>1) CANYONING &#8211; FRODA + aperitivo<\/strong><\/td><td><strong>CHF 230.00 a persona<span class=\"productPrice\"><br \/><\/span><\/strong><\/td><\/tr><tr><td>Informazioni aggiuntive<\/td><td><span class=\"plbl\">&#8211; A partire da 11 pers. 10% : <strong>CHF 207.00<\/strong>\/pers.<br \/>&#8211; A partire da 21 pers. 15% : <strong>CHF 195.50<\/strong>\/pers.<br \/>&#8211; Et\u00e0 minima : 16 anni<br \/>&#8211; <\/span><span class=\"patt\">Un canyon molto soleggiato<\/span><\/td><\/tr><tr><td>Orario<\/td><td>09h00<\/td><\/tr><tr><td>Canyoning<\/td><td>circa 2,5 ore<\/td><\/tr><tr><td>Durata totale<\/td><td>circa 6,5 ore<\/td><\/tr><tr><td>Appuntamento<\/td><td><a href=\"https:\/\/www.google.com\/maps\/place\/46%C2%B017'57.9%22N+8%C2%B059'38.9%22E\/@46.2996539,8.9896757,780m\/data=!3m1!1e3!4m4!3m3!8m2!3d46.2994167!4d8.9941389?entry=ttu\" target=\"_blank\" rel=\"noopener\">Cresciano Stazione<\/a><\/td><\/tr><tr><td>Difficolt\u00e0<\/td><td>Livello 3-4<\/td><\/tr><tr><td><a href=\"https:\/\/swissraft.outdoorbooking.ch\/fo\/products\/1987?base_id=71&amp;category_id=2&amp;order_type=gift_voucher&amp;lang=it\" target=\"_blank\" rel=\"noopener\"><button class=\"elementor-button\" type=\"button\">ACQUISTO BUONO REGALO \/ BIGLIETTO<\/button><\/a><\/td><td><a href=\"https:\/\/swissraft.outdoorbooking.ch\/fo\/products\/1987?base_id=71&amp;category_id=2&amp;order_type=event&amp;lang=it\" target=\"_blank\" rel=\"noopener\">PRENOTA UNA DATA<\/a><\/td><\/tr><\/tbody><\/table><table border=\"0\" width=\"580\" cellspacing=\"10\" cellpadding=\"10\"><tbody><tr><td width=\"50%\"><strong>2) CANYONING &#8211; FRODA PLUS &#8211; Giornata + aperitivo<\/strong><\/td><td><strong>CHF 299.00 a persona<span class=\"productPrice\"><br \/><\/span><\/strong><\/td><\/tr><tr><td>Informazioni aggiuntive<\/td><td><span class=\"plbl\">&#8211; A partire da 11 pers. 10% : <strong>CHF 269.10<\/strong>\/pers.<br \/>&#8211; A partire da 21 pers. 15% : <strong>CHF 254.15<\/strong>\/pers.<br \/>&#8211; Et\u00e0 minima : 16 anni<br \/>&#8211; <\/span><span class=\"patt\">Un canyon molto soleggiato<\/span><\/td><\/tr><tr><td>Orario<\/td><td>09h00<\/td><\/tr><tr><td>Canyoning<\/td><td>circa 4,5 ore<\/td><\/tr><tr><td>Durata totale<\/td><td>circa 7,5 ore<\/td><\/tr><tr><td>Appuntamento<\/td><td><a href=\"https:\/\/www.google.com\/maps\/place\/46%C2%B017'57.9%22N+8%C2%B059'38.9%22E\/@46.2996539,8.9896757,780m\/data=!3m1!1e3!4m4!3m3!8m2!3d46.2994167!4d8.9941389?entry=ttu\" target=\"_blank\" rel=\"noopener\">Cresciano Stazione<\/a><\/td><\/tr><tr><td>Difficolt\u00e0<\/td><td>Livello 3-4<\/td><\/tr><tr><td><a href=\"https:\/\/swissraft.outdoorbooking.ch\/fo\/products\/1988?base_id=71&amp;category_id=2&amp;order_type=gift_voucher&amp;lang=it\" target=\"_blank\" rel=\"noopener\"><button class=\"elementor-button\" type=\"button\">ACQUISTO BUONO REGALO \/ BIGLIETTO<\/button><\/a><\/td><td><a href=\"https:\/\/swissraft.outdoorbooking.ch\/fo\/products\/1988?base_id=71&amp;category_id=2&amp;order_type=event&amp;lang=it\" target=\"_blank\" rel=\"noopener\">PRENOTA UNA DATA<\/a><\/td><\/tr><\/tbody><\/table>\t\t\t\t\t\t<\/div>\n\t\t\t\t<\/div>\n\t\t\t\t\t<\/div>\n\t\t<\/div>\n\t\t\t\t\t\t\t<\/div>\n\t\t<\/section>\n\t\t\t\t\t\t\t<\/div>\n\t\t","protected":false},"excerpt":{"rendered":"<div align=\"justify\">\n<h2 align=\"justify\">Il canyoning a Le Froda sopra Biasca, una sfida da vincere<\/h2>\n<h3>Il canyon della Froda in Ticino, con una discesa in corda doppia alta 150 metri<\/h3>\n<\/div>\n<div align=\"justify\">\n<p><strong>Canyon<\/strong> du Froda sopra Biasca, una magnifica gola soleggiata con la pi\u00f9 grande cascata a caduta libera del Ticino. Inoltre, il punto pi\u00f9 alto di discesa in corda doppia \u00e8 a 150 metri sul livello del mare. Chi preferisce la discesa in corda doppia al salto, avr\u00e0 di che divertirsi. Da un lato, non ci sono che richiami, uno pi\u00f9 alto dell&#8217;altro. Dall&#8217;altro lato, camminerai per brevi tratti da una <strong>cascata<\/strong> all&#8217;altra prima di effettuare una spettacolare discesa in corda doppia. Il punto forte \u00e8 ovviamente la discesa in corda doppia sulla <strong>cascata<\/strong> alta 130 metri. Questa imponente e magnifica cascata, situata appena sopra Biasca sulla destra rispetto alla valle, \u00e8 visibile dall&#8217;autostrada. Inoltre, questo <strong>canyon<\/strong> richiede un&#8217;ottima condizione fisica per affrontare le sfide che ti aspettano.<\/p>\n<h3>Il Ticino, paradiso del canyoning in Svizzera, offre pi\u00f9 di 10 percorsi di canyoning.<\/h3>\n<p id=\"textarea\" style=\"display: none;\">\nIn Ticino, puoi scoprire il <strong>canyon<\/strong> del Corippo, la Val Grande o la Malvaglia nella regione del Bl\u00e9nio. Ma anche La Tine de Montbovon, nel cantone di Friburgo. Il <strong>canyon<\/strong> La Torneresse nel Pays d&#8217;Enhaut per gli appassionati di canyoning principianti. Nel Vallese, Swissraft offre alcuni magnifici canyon come Massa, Gondo e Feschelbach. Offriamo anche 3 <strong>canyon<\/strong> nell&#8217;Oberland Bernese: Saxetenbach, Grimsel e Chli Schiere. Sopra il Walensee c&#8217;\u00e8 il canyon di Amden con una discesa in corda doppia di 40 metri sulla diga. Sempre a Thusis si trova il <strong>canyon<\/strong> delle Gole di Viamala, con pareti alte oltre 150 metri.\n<\/p>\n<p><a id=\"seeMore\" onclick=\"toggleSeeMore()\" href=\"javascript:void(0);\">Leggi tutto<\/a><\/p>\n","protected":false},"featured_media":85280,"comment_status":"open","ping_status":"closed","template":"","meta":{"inline_featured_image":false,"_mi_skip_tracking":false},"product_cat":[477,478],"product_tag":[],"class_list":["post-92378","product","type-product","status-publish","has-post-thumbnail","hentry","product_cat-canyoning-in-svizzera-e-dintorni","product_cat-canyoning-in-ticino"],"yoast_head":"<!-- This site is optimized with the Yoast SEO plugin v23.6 - https:\/\/yoast.com\/wordpress\/plugins\/seo\/ -->\n<title>Canyoning Froda Ticino, discesa in corda doppia di 150 m<\/title>\n<meta name=\"description\" content=\"Canyoning Froda Ticino. Consiste principalmente in discese in corda doppia fino a 150 metri di altezza. Un canyon per chi ama le sfide\" \/>\n<meta name=\"robots\" content=\"index, follow, max-snippet:-1, max-image-preview:large, max-video-preview:-1\" \/>\n<link rel=\"canonical\" href=\"https:\/\/www.swissraft.ch\/it\/prodotto\/canyoning-ticino-froda\/\" \/>\n<meta property=\"og:locale\" content=\"it_IT\" \/>\n<meta property=\"og:type\" content=\"article\" \/>\n<meta property=\"og:title\" content=\"Canyoning Froda Ticino, discesa in corda doppia di 150 m\" \/>\n<meta property=\"og:description\" content=\"Canyoning Froda Ticino. Consiste principalmente in discese in corda doppia fino a 150 metri di altezza. Un canyon per chi ama le sfide\" \/>\n<meta property=\"og:url\" content=\"https:\/\/www.swissraft.ch\/it\/prodotto\/canyoning-ticino-froda\/\" \/>\n<meta property=\"og:site_name\" content=\"Swissraft\" \/>\n<meta property=\"article:modified_time\" content=\"2026-04-09T21:40:53+00:00\" \/>\n<meta property=\"og:image\" content=\"https:\/\/www.swissraft.ch\/wp-content\/uploads\/2023\/07\/1-1-Froda-776x776-1.jpg\" \/>\n\t<meta property=\"og:image:width\" content=\"776\" \/>\n\t<meta property=\"og:image:height\" content=\"776\" \/>\n\t<meta property=\"og:image:type\" content=\"image\/jpeg\" \/>\n<meta name=\"twitter:card\" content=\"summary_large_image\" \/>\n<meta name=\"twitter:label1\" content=\"Tempo di lettura stimato\" \/>\n\t<meta name=\"twitter:data1\" content=\"1 minuto\" \/>\n<script type=\"application\/ld+json\" class=\"yoast-schema-graph\">{\"@context\":\"https:\/\/schema.org\",\"@graph\":[{\"@type\":\"WebPage\",\"@id\":\"https:\/\/www.swissraft.ch\/it\/prodotto\/canyoning-ticino-froda\/\",\"url\":\"https:\/\/www.swissraft.ch\/it\/prodotto\/canyoning-ticino-froda\/\",\"name\":\"Canyoning Froda Ticino, discesa in corda doppia di 150 m\",\"isPartOf\":{\"@id\":\"https:\/\/www.swissraft.ch\/it\/#website\"},\"primaryImageOfPage\":{\"@id\":\"https:\/\/www.swissraft.ch\/it\/prodotto\/canyoning-ticino-froda\/#primaryimage\"},\"image\":{\"@id\":\"https:\/\/www.swissraft.ch\/it\/prodotto\/canyoning-ticino-froda\/#primaryimage\"},\"thumbnailUrl\":\"https:\/\/www.swissraft.ch\/wp-content\/uploads\/2023\/07\/1-1-Froda-776x776-1.jpg\",\"datePublished\":\"2023-07-27T16:49:26+00:00\",\"dateModified\":\"2026-04-09T21:40:53+00:00\",\"description\":\"Canyoning Froda Ticino. Consiste principalmente in discese in corda doppia fino a 150 metri di altezza. Un canyon per chi ama le sfide\",\"breadcrumb\":{\"@id\":\"https:\/\/www.swissraft.ch\/it\/prodotto\/canyoning-ticino-froda\/#breadcrumb\"},\"inLanguage\":\"it-IT\",\"potentialAction\":[{\"@type\":\"ReadAction\",\"target\":[\"https:\/\/www.swissraft.ch\/it\/prodotto\/canyoning-ticino-froda\/\"]}]},{\"@type\":\"ImageObject\",\"inLanguage\":\"it-IT\",\"@id\":\"https:\/\/www.swissraft.ch\/it\/prodotto\/canyoning-ticino-froda\/#primaryimage\",\"url\":\"https:\/\/www.swissraft.ch\/wp-content\/uploads\/2023\/07\/1-1-Froda-776x776-1.jpg\",\"contentUrl\":\"https:\/\/www.swissraft.ch\/wp-content\/uploads\/2023\/07\/1-1-Froda-776x776-1.jpg\",\"width\":776,\"height\":776,\"caption\":\"Canyon della Froda in Ticino\"},{\"@type\":\"BreadcrumbList\",\"@id\":\"https:\/\/www.swissraft.ch\/it\/prodotto\/canyoning-ticino-froda\/#breadcrumb\",\"itemListElement\":[{\"@type\":\"ListItem\",\"position\":1,\"name\":\"Accueil\",\"item\":\"https:\/\/www.swissraft.ch\/it\/\"},{\"@type\":\"ListItem\",\"position\":2,\"name\":\"Negozio\",\"item\":\"https:\/\/www.swissraft.ch\/it\/negozio\/\"},{\"@type\":\"ListItem\",\"position\":3,\"name\":\"Canyoning in Ticino &#8211; Il Froda &#8211; Da CHF 195.50\"}]},{\"@type\":\"WebSite\",\"@id\":\"https:\/\/www.swissraft.ch\/it\/#website\",\"url\":\"https:\/\/www.swissraft.ch\/it\/\",\"name\":\"Swissraft\",\"description\":\"To enjoy nature as it is\",\"publisher\":{\"@id\":\"https:\/\/www.swissraft.ch\/it\/#organization\"},\"potentialAction\":[{\"@type\":\"SearchAction\",\"target\":{\"@type\":\"EntryPoint\",\"urlTemplate\":\"https:\/\/www.swissraft.ch\/it\/?s={search_term_string}\"},\"query-input\":{\"@type\":\"PropertyValueSpecification\",\"valueRequired\":true,\"valueName\":\"search_term_string\"}}],\"inLanguage\":\"it-IT\"},{\"@type\":\"Organization\",\"@id\":\"https:\/\/www.swissraft.ch\/it\/#organization\",\"name\":\"Swissraft\",\"url\":\"https:\/\/www.swissraft.ch\/it\/\",\"logo\":{\"@type\":\"ImageObject\",\"inLanguage\":\"it-IT\",\"@id\":\"https:\/\/www.swissraft.ch\/it\/#\/schema\/logo\/image\/\",\"url\":\"https:\/\/www.swissraft.ch\/wp-content\/uploads\/2025\/09\/Capture.jpg\",\"contentUrl\":\"https:\/\/www.swissraft.ch\/wp-content\/uploads\/2025\/09\/Capture.jpg\",\"width\":293,\"height\":108,\"caption\":\"Swissraft\"},\"image\":{\"@id\":\"https:\/\/www.swissraft.ch\/it\/#\/schema\/logo\/image\/\"}}]}<\/script>\n<!-- \/ Yoast SEO plugin. -->","yoast_head_json":{"title":"Canyoning Froda Ticino, discesa in corda doppia di 150 m","description":"Canyoning Froda Ticino. Consiste principalmente in discese in corda doppia fino a 150 metri di altezza. Un canyon per chi ama le sfide","robots":{"index":"index","follow":"follow","max-snippet":"max-snippet:-1","max-image-preview":"max-image-preview:large","max-video-preview":"max-video-preview:-1"},"canonical":"https:\/\/www.swissraft.ch\/it\/prodotto\/canyoning-ticino-froda\/","og_locale":"it_IT","og_type":"article","og_title":"Canyoning Froda Ticino, discesa in corda doppia di 150 m","og_description":"Canyoning Froda Ticino. Consiste principalmente in discese in corda doppia fino a 150 metri di altezza. Un canyon per chi ama le sfide","og_url":"https:\/\/www.swissraft.ch\/it\/prodotto\/canyoning-ticino-froda\/","og_site_name":"Swissraft","article_modified_time":"2026-04-09T21:40:53+00:00","og_image":[{"width":776,"height":776,"url":"https:\/\/www.swissraft.ch\/wp-content\/uploads\/2023\/07\/1-1-Froda-776x776-1.jpg","type":"image\/jpeg"}],"twitter_card":"summary_large_image","twitter_misc":{"Tempo di lettura stimato":"1 minuto"},"schema":{"@context":"https:\/\/schema.org","@graph":[{"@type":"WebPage","@id":"https:\/\/www.swissraft.ch\/it\/prodotto\/canyoning-ticino-froda\/","url":"https:\/\/www.swissraft.ch\/it\/prodotto\/canyoning-ticino-froda\/","name":"Canyoning Froda Ticino, discesa in corda doppia di 150 m","isPartOf":{"@id":"https:\/\/www.swissraft.ch\/it\/#website"},"primaryImageOfPage":{"@id":"https:\/\/www.swissraft.ch\/it\/prodotto\/canyoning-ticino-froda\/#primaryimage"},"image":{"@id":"https:\/\/www.swissraft.ch\/it\/prodotto\/canyoning-ticino-froda\/#primaryimage"},"thumbnailUrl":"https:\/\/www.swissraft.ch\/wp-content\/uploads\/2023\/07\/1-1-Froda-776x776-1.jpg","datePublished":"2023-07-27T16:49:26+00:00","dateModified":"2026-04-09T21:40:53+00:00","description":"Canyoning Froda Ticino. Consiste principalmente in discese in corda doppia fino a 150 metri di altezza. Un canyon per chi ama le sfide","breadcrumb":{"@id":"https:\/\/www.swissraft.ch\/it\/prodotto\/canyoning-ticino-froda\/#breadcrumb"},"inLanguage":"it-IT","potentialAction":[{"@type":"ReadAction","target":["https:\/\/www.swissraft.ch\/it\/prodotto\/canyoning-ticino-froda\/"]}]},{"@type":"ImageObject","inLanguage":"it-IT","@id":"https:\/\/www.swissraft.ch\/it\/prodotto\/canyoning-ticino-froda\/#primaryimage","url":"https:\/\/www.swissraft.ch\/wp-content\/uploads\/2023\/07\/1-1-Froda-776x776-1.jpg","contentUrl":"https:\/\/www.swissraft.ch\/wp-content\/uploads\/2023\/07\/1-1-Froda-776x776-1.jpg","width":776,"height":776,"caption":"Canyon della Froda in Ticino"},{"@type":"BreadcrumbList","@id":"https:\/\/www.swissraft.ch\/it\/prodotto\/canyoning-ticino-froda\/#breadcrumb","itemListElement":[{"@type":"ListItem","position":1,"name":"Accueil","item":"https:\/\/www.swissraft.ch\/it\/"},{"@type":"ListItem","position":2,"name":"Negozio","item":"https:\/\/www.swissraft.ch\/it\/negozio\/"},{"@type":"ListItem","position":3,"name":"Canyoning in Ticino &#8211; Il Froda &#8211; Da CHF 195.50"}]},{"@type":"WebSite","@id":"https:\/\/www.swissraft.ch\/it\/#website","url":"https:\/\/www.swissraft.ch\/it\/","name":"Swissraft","description":"To enjoy nature as it is","publisher":{"@id":"https:\/\/www.swissraft.ch\/it\/#organization"},"potentialAction":[{"@type":"SearchAction","target":{"@type":"EntryPoint","urlTemplate":"https:\/\/www.swissraft.ch\/it\/?s={search_term_string}"},"query-input":{"@type":"PropertyValueSpecification","valueRequired":true,"valueName":"search_term_string"}}],"inLanguage":"it-IT"},{"@type":"Organization","@id":"https:\/\/www.swissraft.ch\/it\/#organization","name":"Swissraft","url":"https:\/\/www.swissraft.ch\/it\/","logo":{"@type":"ImageObject","inLanguage":"it-IT","@id":"https:\/\/www.swissraft.ch\/it\/#\/schema\/logo\/image\/","url":"https:\/\/www.swissraft.ch\/wp-content\/uploads\/2025\/09\/Capture.jpg","contentUrl":"https:\/\/www.swissraft.ch\/wp-content\/uploads\/2025\/09\/Capture.jpg","width":293,"height":108,"caption":"Swissraft"},"image":{"@id":"https:\/\/www.swissraft.ch\/it\/#\/schema\/logo\/image\/"}}]}},"_links":{"self":[{"href":"https:\/\/www.swissraft.ch\/it\/wp-json\/wp\/v2\/product\/92378","targetHints":{"allow":["GET"]}}],"collection":[{"href":"https:\/\/www.swissraft.ch\/it\/wp-json\/wp\/v2\/product"}],"about":[{"href":"https:\/\/www.swissraft.ch\/it\/wp-json\/wp\/v2\/types\/product"}],"replies":[{"embeddable":true,"href":"https:\/\/www.swissraft.ch\/it\/wp-json\/wp\/v2\/comments?post=92378"}],"version-history":[{"count":25,"href":"https:\/\/www.swissraft.ch\/it\/wp-json\/wp\/v2\/product\/92378\/revisions"}],"predecessor-version":[{"id":138718,"href":"https:\/\/www.swissraft.ch\/it\/wp-json\/wp\/v2\/product\/92378\/revisions\/138718"}],"wp:featuredmedia":[{"embeddable":true,"href":"https:\/\/www.swissraft.ch\/it\/wp-json\/wp\/v2\/media\/85280"}],"wp:attachment":[{"href":"https:\/\/www.swissraft.ch\/it\/wp-json\/wp\/v2\/media?parent=92378"}],"wp:term":[{"taxonomy":"product_cat","embeddable":true,"href":"https:\/\/www.swissraft.ch\/it\/wp-json\/wp\/v2\/product_cat?post=92378"},{"taxonomy":"product_tag","embeddable":true,"href":"https:\/\/www.swissraft.ch\/it\/wp-json\/wp\/v2\/product_tag?post=92378"}],"curies":[{"name":"wp","href":"https:\/\/api.w.org\/{rel}","templated":true}]}}