{"id":92371,"date":"2023-04-02T11:14:32","date_gmt":"2023-04-02T09:14:32","guid":{"rendered":"https:\/\/swissraft.xyanzkdne.eu\/product\/pendolare-altalena-in-valais-da-un-ponte-90m-chf-150-00\/"},"modified":"2024-11-20T10:14:50","modified_gmt":"2024-11-20T09:14:50","slug":"pendolare-altalena-in-valais-da-un-ponte-90m-chf-150-00","status":"publish","type":"product","link":"https:\/\/www.swissraft.ch\/it\/prodotto\/pendolare-altalena-in-valais-da-un-ponte-90m-chf-150-00\/","title":{"rendered":"Pendolare &#8211; Altalena in VALAIS da un ponte &#8211; 90m &#8211; CHF 150.00"},"content":{"rendered":"\t\t<div data-elementor-type=\"wp-post\" data-elementor-id=\"92371\" class=\"elementor elementor-92371 elementor-32162\">\n\t\t\t\t\t\t\t\t\t<section class=\"elementor-section elementor-top-section elementor-element elementor-element-3303a7e3 elementor-section-boxed elementor-section-height-default elementor-section-height-default\" data-id=\"3303a7e3\" data-element_type=\"section\">\n\t\t\t\t\t\t<div class=\"elementor-container elementor-column-gap-default\">\n\t\t\t\t\t<div class=\"elementor-column elementor-col-100 elementor-top-column elementor-element elementor-element-16d72dbf\" data-id=\"16d72dbf\" data-element_type=\"column\">\n\t\t\t<div class=\"elementor-widget-wrap elementor-element-populated\">\n\t\t\t\t\t\t\t\t<div class=\"elementor-element elementor-element-d743c03 elementor-widget elementor-widget-text-editor\" data-id=\"d743c03\" data-element_type=\"widget\" data-widget_type=\"text-editor.default\">\n\t\t\t\t<div class=\"elementor-widget-container\">\n\t\t\t\t\t\t\t<h2>SCEGLI LA TUA ATTIVIT\u00c0 QUI SOTTO PER OFFRIRE BUONI REGALO\/BIGLIETTI O EFFETTUARE UNA PRENOTAZIONE<\/h2>\n<table border=\"0\" width=\"580\" cellspacing=\"10\" cellpadding=\"10\">\n<tbody>\n<tr>\n<td width=\"50%\"><strong>SALTO PENDOLARE &#8211; CH\u00c2TELARD &#8211; 90m<\/strong><\/td>\n<td><strong>CHF 150,00 a persona<span class=\"productPrice\">\n<\/span><\/strong><\/td>\n<\/tr>\n<tr>\n<td>Ulteriori informazioni<\/td>\n<td><span class=\"patt\">&#8211; A partire da 6 persone\n&#8211; I minori devono avere il consenso scritto dei genitori\n&#8211; A partire dai 65 anni \u00e8 necessario un certificato medico<\/span><\/td>\n<\/tr>\n<tr>\n<td>Appuntamenti<\/td>\n<td><a href=\"https:\/\/www.google.com\/maps\/place\/46%C2%B004'01.2%22N+6%C2%B057'58.4%22E\/@46.06719,6.9617564,783m\/data=!3m1!1e3!4m4!3m3!8m2!3d46.067!4d6.9662222?entry=ttu\" target=\"_blank\" rel=\"noopener\">Ponte Troul\u00e9ro a Ch\u00e2telard<\/a><\/td>\n<\/tr>\n<tr>\n<td>Durata totale<\/td>\n<td>circa 1 ora<\/td>\n<\/tr>\n<tr>\n<td><a href=\"https:\/\/swissraft.outdoorbooking.ch\/fo\/products\/2067?base_id=203&amp;category_id=15&amp;order_type=gift_voucher&amp;lang=it\" target=\"_blank\" rel=\"noopener\"><button class=\"elementor-button\" type=\"button\">BUONO REGALO<\/button><\/a><\/td>\n<td>Per prenotare, <a href=\"https:\/\/www.swissraft.ch\/it\/contattaci\/\">contattaci<\/a><\/td>\n<\/tr>\n<\/tbody>\n<\/table>\t\t\t\t\t\t<\/div>\n\t\t\t\t<\/div>\n\t\t\t\t\t<\/div>\n\t\t<\/div>\n\t\t\t\t\t\t\t<\/div>\n\t\t<\/section>\n\t\t\t\t\t\t\t<\/div>\n\t\t","protected":false},"excerpt":{"rendered":"<div align=\"justify\">\n<h2 align=\"justify\">Il salto del pendolo dal ponte Ch\u00e2telard \u00e8 un&#8217;esperienza da non perdere.<\/h2>\n<h3>Nella valle del Trient, cimentati in questa attivit\u00e0, nota anche come Swing, una disciplina che ti toglie i capelli.<\/h3>\n<\/div>\n<div align=\"justify\">\n<p>Sospeso sul vuoto, il ponte di Ch\u00e2telard offre una splendida vista. Un istruttore ti equipaggia con imbracatura e casco e ti d\u00e0 le ultime istruzioni. In un attimo sei lanciato nel vuoto, mentre una scarica di adrenalina ti riempie. Il vento rimbomba nelle tue orecchie. Poi, all&#8217;improvviso, il cavo si stringe e senti un&#8217;accelerazione fulminea che ti proietta in un&#8217;enorme altalena. L&#8217;euforia ti attanaglia mentre ondeggi nel cielo. Lentamente il movimento si attenua, lasciandoti sospeso nel silenzio. Applausi e grida di gioia riecheggiano quando torni a terra. L&#8217;altalena dal ponte Troul\u00e9ro-Finhaut di Ch\u00e2telard \u00e8 un&#8217;esperienza emozionante che ti rimarr\u00e0 impressa per sempre.        <\/p>\n<h3>Swissraft ha diversi siti dove puoi praticare questa disciplina: il salto con l&#8217;altalena.<\/h3>\n<p id=\"textarea\" style=\"display: none;\">\nNel Pays d&#8217;Enhaut verso il Col des Mosses da una piattaforma nelle Gorges du Pissot, ma anche nell&#8217;Oberland Bernese a Grindelwald. Per il bungee jumping, di cui il salto con il pendolo \u00e8 un derivato, ti suggeriamo il sito pi\u00f9 famoso d&#8217;Europa: la diga di Contra nella Valle Verzasca in Ticino. Il famoso 007 Goldeneye, un salto alto 220 metri. Nell&#8217;Oberland Bernese, offriamo anche il bungee jumping dalla funivia dello Stockhorn a Erlenbach. E grazie alla nostra infrastruttura mobile, possiamo fare bungee jumping in tutta Europa.\n<\/p>\n<p><a id=\"seeMore\" onclick=\"toggleSeeMore()\" href=\"javascript:void(0);\">Leggi tutto<\/a><\/p>\n","protected":false},"featured_media":90050,"comment_status":"open","ping_status":"closed","template":"","meta":{"inline_featured_image":false,"_mi_skip_tracking":false},"product_cat":[399,470],"product_tag":[],"class_list":["post-92371","product","type-product","status-publish","has-post-thumbnail","hentry","product_cat-outdoor","product_cat-salto-pendolare-altalena"],"yoast_head":"<!-- This site is optimized with the Yoast SEO plugin v23.6 - https:\/\/yoast.com\/wordpress\/plugins\/seo\/ -->\n<title>Salto del pendolo dal ponte Troul\u00e9ro-Finhaut a Ch\u00e2telard<\/title>\n<meta name=\"description\" content=\"Salto con l&#039;altalena a Ch\u00e2telard dal ponte Troul\u00e9ro-Finhaut nella valle del Trient, nel Vallese. Questa disciplina, nota anche come Swing, ti lascer\u00e0 a bocca aperta!\" \/>\n<meta name=\"robots\" content=\"index, follow, max-snippet:-1, max-image-preview:large, max-video-preview:-1\" \/>\n<link rel=\"canonical\" href=\"https:\/\/www.swissraft.ch\/it\/prodotto\/pendolare-altalena-in-valais-da-un-ponte-90m-chf-150-00\/\" \/>\n<meta property=\"og:locale\" content=\"it_IT\" \/>\n<meta property=\"og:type\" content=\"article\" \/>\n<meta property=\"og:title\" content=\"Salto del pendolo dal ponte Troul\u00e9ro-Finhaut a Ch\u00e2telard\" \/>\n<meta property=\"og:description\" content=\"Salto con l&#039;altalena a Ch\u00e2telard dal ponte Troul\u00e9ro-Finhaut nella valle del Trient, nel Vallese. Questa disciplina, nota anche come Swing, ti lascer\u00e0 a bocca aperta!\" \/>\n<meta property=\"og:url\" content=\"https:\/\/www.swissraft.ch\/it\/prodotto\/pendolare-altalena-in-valais-da-un-ponte-90m-chf-150-00\/\" \/>\n<meta property=\"og:site_name\" content=\"Swissraft\" \/>\n<meta property=\"article:modified_time\" content=\"2024-11-20T09:14:50+00:00\" \/>\n<meta property=\"og:image\" content=\"https:\/\/www.swissraft.ch\/wp-content\/uploads\/2023\/04\/pendule-pont-chatelard-776x776-1.jpg\" \/>\n\t<meta property=\"og:image:width\" content=\"776\" \/>\n\t<meta property=\"og:image:height\" content=\"776\" \/>\n\t<meta property=\"og:image:type\" content=\"image\/jpeg\" \/>\n<meta name=\"twitter:card\" content=\"summary_large_image\" \/>\n<script type=\"application\/ld+json\" class=\"yoast-schema-graph\">{\"@context\":\"https:\/\/schema.org\",\"@graph\":[{\"@type\":\"WebPage\",\"@id\":\"https:\/\/www.swissraft.ch\/it\/prodotto\/pendolare-altalena-in-valais-da-un-ponte-90m-chf-150-00\/\",\"url\":\"https:\/\/www.swissraft.ch\/it\/prodotto\/pendolare-altalena-in-valais-da-un-ponte-90m-chf-150-00\/\",\"name\":\"Salto del pendolo dal ponte Troul\u00e9ro-Finhaut a Ch\u00e2telard\",\"isPartOf\":{\"@id\":\"https:\/\/www.swissraft.ch\/it\/#website\"},\"primaryImageOfPage\":{\"@id\":\"https:\/\/www.swissraft.ch\/it\/prodotto\/pendolare-altalena-in-valais-da-un-ponte-90m-chf-150-00\/#primaryimage\"},\"image\":{\"@id\":\"https:\/\/www.swissraft.ch\/it\/prodotto\/pendolare-altalena-in-valais-da-un-ponte-90m-chf-150-00\/#primaryimage\"},\"thumbnailUrl\":\"https:\/\/www.swissraft.ch\/wp-content\/uploads\/2023\/04\/pendule-pont-chatelard-776x776-1.jpg\",\"datePublished\":\"2023-04-02T09:14:32+00:00\",\"dateModified\":\"2024-11-20T09:14:50+00:00\",\"description\":\"Salto con l'altalena a Ch\u00e2telard dal ponte Troul\u00e9ro-Finhaut nella valle del Trient, nel Vallese. Questa disciplina, nota anche come Swing, ti lascer\u00e0 a bocca aperta!\",\"breadcrumb\":{\"@id\":\"https:\/\/www.swissraft.ch\/it\/prodotto\/pendolare-altalena-in-valais-da-un-ponte-90m-chf-150-00\/#breadcrumb\"},\"inLanguage\":\"it-IT\",\"potentialAction\":[{\"@type\":\"ReadAction\",\"target\":[\"https:\/\/www.swissraft.ch\/it\/prodotto\/pendolare-altalena-in-valais-da-un-ponte-90m-chf-150-00\/\"]}]},{\"@type\":\"ImageObject\",\"inLanguage\":\"it-IT\",\"@id\":\"https:\/\/www.swissraft.ch\/it\/prodotto\/pendolare-altalena-in-valais-da-un-ponte-90m-chf-150-00\/#primaryimage\",\"url\":\"https:\/\/www.swissraft.ch\/wp-content\/uploads\/2023\/04\/pendule-pont-chatelard-776x776-1.jpg\",\"contentUrl\":\"https:\/\/www.swissraft.ch\/wp-content\/uploads\/2023\/04\/pendule-pont-chatelard-776x776-1.jpg\",\"width\":776,\"height\":776,\"caption\":\"Salto del pendolo da un ponte a Ch\u00e2telard\"},{\"@type\":\"BreadcrumbList\",\"@id\":\"https:\/\/www.swissraft.ch\/it\/prodotto\/pendolare-altalena-in-valais-da-un-ponte-90m-chf-150-00\/#breadcrumb\",\"itemListElement\":[{\"@type\":\"ListItem\",\"position\":1,\"name\":\"Accueil\",\"item\":\"https:\/\/www.swissraft.ch\/it\/\"},{\"@type\":\"ListItem\",\"position\":2,\"name\":\"Negozio\",\"item\":\"https:\/\/www.swissraft.ch\/it\/negozio\/\"},{\"@type\":\"ListItem\",\"position\":3,\"name\":\"Pendolare &#8211; Altalena in VALAIS da un ponte &#8211; 90m &#8211; CHF 150.00\"}]},{\"@type\":\"WebSite\",\"@id\":\"https:\/\/www.swissraft.ch\/it\/#website\",\"url\":\"https:\/\/www.swissraft.ch\/it\/\",\"name\":\"Swissraft\",\"description\":\"To enjoy nature as it is\",\"publisher\":{\"@id\":\"https:\/\/www.swissraft.ch\/it\/#organization\"},\"potentialAction\":[{\"@type\":\"SearchAction\",\"target\":{\"@type\":\"EntryPoint\",\"urlTemplate\":\"https:\/\/www.swissraft.ch\/it\/?s={search_term_string}\"},\"query-input\":{\"@type\":\"PropertyValueSpecification\",\"valueRequired\":true,\"valueName\":\"search_term_string\"}}],\"inLanguage\":\"it-IT\"},{\"@type\":\"Organization\",\"@id\":\"https:\/\/www.swissraft.ch\/it\/#organization\",\"name\":\"Swissraft\",\"url\":\"https:\/\/www.swissraft.ch\/it\/\",\"logo\":{\"@type\":\"ImageObject\",\"inLanguage\":\"it-IT\",\"@id\":\"https:\/\/www.swissraft.ch\/it\/#\/schema\/logo\/image\/\",\"url\":\"https:\/\/www.swissraft.ch\/wp-content\/uploads\/2025\/09\/Capture.jpg\",\"contentUrl\":\"https:\/\/www.swissraft.ch\/wp-content\/uploads\/2025\/09\/Capture.jpg\",\"width\":293,\"height\":108,\"caption\":\"Swissraft\"},\"image\":{\"@id\":\"https:\/\/www.swissraft.ch\/it\/#\/schema\/logo\/image\/\"}}]}<\/script>\n<!-- \/ Yoast SEO plugin. -->","yoast_head_json":{"title":"Salto del pendolo dal ponte Troul\u00e9ro-Finhaut a Ch\u00e2telard","description":"Salto con l'altalena a Ch\u00e2telard dal ponte Troul\u00e9ro-Finhaut nella valle del Trient, nel Vallese. Questa disciplina, nota anche come Swing, ti lascer\u00e0 a bocca aperta!","robots":{"index":"index","follow":"follow","max-snippet":"max-snippet:-1","max-image-preview":"max-image-preview:large","max-video-preview":"max-video-preview:-1"},"canonical":"https:\/\/www.swissraft.ch\/it\/prodotto\/pendolare-altalena-in-valais-da-un-ponte-90m-chf-150-00\/","og_locale":"it_IT","og_type":"article","og_title":"Salto del pendolo dal ponte Troul\u00e9ro-Finhaut a Ch\u00e2telard","og_description":"Salto con l'altalena a Ch\u00e2telard dal ponte Troul\u00e9ro-Finhaut nella valle del Trient, nel Vallese. Questa disciplina, nota anche come Swing, ti lascer\u00e0 a bocca aperta!","og_url":"https:\/\/www.swissraft.ch\/it\/prodotto\/pendolare-altalena-in-valais-da-un-ponte-90m-chf-150-00\/","og_site_name":"Swissraft","article_modified_time":"2024-11-20T09:14:50+00:00","og_image":[{"width":776,"height":776,"url":"https:\/\/www.swissraft.ch\/wp-content\/uploads\/2023\/04\/pendule-pont-chatelard-776x776-1.jpg","type":"image\/jpeg"}],"twitter_card":"summary_large_image","schema":{"@context":"https:\/\/schema.org","@graph":[{"@type":"WebPage","@id":"https:\/\/www.swissraft.ch\/it\/prodotto\/pendolare-altalena-in-valais-da-un-ponte-90m-chf-150-00\/","url":"https:\/\/www.swissraft.ch\/it\/prodotto\/pendolare-altalena-in-valais-da-un-ponte-90m-chf-150-00\/","name":"Salto del pendolo dal ponte Troul\u00e9ro-Finhaut a Ch\u00e2telard","isPartOf":{"@id":"https:\/\/www.swissraft.ch\/it\/#website"},"primaryImageOfPage":{"@id":"https:\/\/www.swissraft.ch\/it\/prodotto\/pendolare-altalena-in-valais-da-un-ponte-90m-chf-150-00\/#primaryimage"},"image":{"@id":"https:\/\/www.swissraft.ch\/it\/prodotto\/pendolare-altalena-in-valais-da-un-ponte-90m-chf-150-00\/#primaryimage"},"thumbnailUrl":"https:\/\/www.swissraft.ch\/wp-content\/uploads\/2023\/04\/pendule-pont-chatelard-776x776-1.jpg","datePublished":"2023-04-02T09:14:32+00:00","dateModified":"2024-11-20T09:14:50+00:00","description":"Salto con l'altalena a Ch\u00e2telard dal ponte Troul\u00e9ro-Finhaut nella valle del Trient, nel Vallese. Questa disciplina, nota anche come Swing, ti lascer\u00e0 a bocca aperta!","breadcrumb":{"@id":"https:\/\/www.swissraft.ch\/it\/prodotto\/pendolare-altalena-in-valais-da-un-ponte-90m-chf-150-00\/#breadcrumb"},"inLanguage":"it-IT","potentialAction":[{"@type":"ReadAction","target":["https:\/\/www.swissraft.ch\/it\/prodotto\/pendolare-altalena-in-valais-da-un-ponte-90m-chf-150-00\/"]}]},{"@type":"ImageObject","inLanguage":"it-IT","@id":"https:\/\/www.swissraft.ch\/it\/prodotto\/pendolare-altalena-in-valais-da-un-ponte-90m-chf-150-00\/#primaryimage","url":"https:\/\/www.swissraft.ch\/wp-content\/uploads\/2023\/04\/pendule-pont-chatelard-776x776-1.jpg","contentUrl":"https:\/\/www.swissraft.ch\/wp-content\/uploads\/2023\/04\/pendule-pont-chatelard-776x776-1.jpg","width":776,"height":776,"caption":"Salto del pendolo da un ponte a Ch\u00e2telard"},{"@type":"BreadcrumbList","@id":"https:\/\/www.swissraft.ch\/it\/prodotto\/pendolare-altalena-in-valais-da-un-ponte-90m-chf-150-00\/#breadcrumb","itemListElement":[{"@type":"ListItem","position":1,"name":"Accueil","item":"https:\/\/www.swissraft.ch\/it\/"},{"@type":"ListItem","position":2,"name":"Negozio","item":"https:\/\/www.swissraft.ch\/it\/negozio\/"},{"@type":"ListItem","position":3,"name":"Pendolare &#8211; Altalena in VALAIS da un ponte &#8211; 90m &#8211; CHF 150.00"}]},{"@type":"WebSite","@id":"https:\/\/www.swissraft.ch\/it\/#website","url":"https:\/\/www.swissraft.ch\/it\/","name":"Swissraft","description":"To enjoy nature as it is","publisher":{"@id":"https:\/\/www.swissraft.ch\/it\/#organization"},"potentialAction":[{"@type":"SearchAction","target":{"@type":"EntryPoint","urlTemplate":"https:\/\/www.swissraft.ch\/it\/?s={search_term_string}"},"query-input":{"@type":"PropertyValueSpecification","valueRequired":true,"valueName":"search_term_string"}}],"inLanguage":"it-IT"},{"@type":"Organization","@id":"https:\/\/www.swissraft.ch\/it\/#organization","name":"Swissraft","url":"https:\/\/www.swissraft.ch\/it\/","logo":{"@type":"ImageObject","inLanguage":"it-IT","@id":"https:\/\/www.swissraft.ch\/it\/#\/schema\/logo\/image\/","url":"https:\/\/www.swissraft.ch\/wp-content\/uploads\/2025\/09\/Capture.jpg","contentUrl":"https:\/\/www.swissraft.ch\/wp-content\/uploads\/2025\/09\/Capture.jpg","width":293,"height":108,"caption":"Swissraft"},"image":{"@id":"https:\/\/www.swissraft.ch\/it\/#\/schema\/logo\/image\/"}}]}},"_links":{"self":[{"href":"https:\/\/www.swissraft.ch\/it\/wp-json\/wp\/v2\/product\/92371","targetHints":{"allow":["GET"]}}],"collection":[{"href":"https:\/\/www.swissraft.ch\/it\/wp-json\/wp\/v2\/product"}],"about":[{"href":"https:\/\/www.swissraft.ch\/it\/wp-json\/wp\/v2\/types\/product"}],"replies":[{"embeddable":true,"href":"https:\/\/www.swissraft.ch\/it\/wp-json\/wp\/v2\/comments?post=92371"}],"version-history":[{"count":0,"href":"https:\/\/www.swissraft.ch\/it\/wp-json\/wp\/v2\/product\/92371\/revisions"}],"wp:featuredmedia":[{"embeddable":true,"href":"https:\/\/www.swissraft.ch\/it\/wp-json\/wp\/v2\/media\/90050"}],"wp:attachment":[{"href":"https:\/\/www.swissraft.ch\/it\/wp-json\/wp\/v2\/media?parent=92371"}],"wp:term":[{"taxonomy":"product_cat","embeddable":true,"href":"https:\/\/www.swissraft.ch\/it\/wp-json\/wp\/v2\/product_cat?post=92371"},{"taxonomy":"product_tag","embeddable":true,"href":"https:\/\/www.swissraft.ch\/it\/wp-json\/wp\/v2\/product_tag?post=92371"}],"curies":[{"name":"wp","href":"https:\/\/api.w.org\/{rel}","templated":true}]}}