{"id":92358,"date":"2023-04-02T11:19:27","date_gmt":"2023-04-02T09:19:27","guid":{"rendered":"https:\/\/swissraft.xyanzkdne.eu\/product\/passaggio-dal-nidlenloch-al-weissenstein-soleure-chf-149-00\/"},"modified":"2025-12-21T22:25:22","modified_gmt":"2025-12-21T21:25:22","slug":"passaggio-dal-nidlenloch-al-weissenstein-soleure-chf-149-00","status":"publish","type":"product","link":"https:\/\/www.swissraft.ch\/it\/prodotto\/passaggio-dal-nidlenloch-al-weissenstein-soleure-chf-149-00\/","title":{"rendered":"Passaggio dal NIDLENLOCH al passo del WEISSENSTEIN &#8211; SOLEURE &#8211; CHF 149.00"},"content":{"rendered":"\t\t<div data-elementor-type=\"wp-post\" data-elementor-id=\"92358\" class=\"elementor elementor-92358 elementor-32167\">\n\t\t\t\t\t\t\t\t\t<section class=\"elementor-section elementor-top-section elementor-element elementor-element-3303a7e3 elementor-section-boxed elementor-section-height-default elementor-section-height-default\" data-id=\"3303a7e3\" data-element_type=\"section\">\n\t\t\t\t\t\t<div class=\"elementor-container elementor-column-gap-default\">\n\t\t\t\t\t<div class=\"elementor-column elementor-col-100 elementor-top-column elementor-element elementor-element-16d72dbf\" data-id=\"16d72dbf\" data-element_type=\"column\">\n\t\t\t<div class=\"elementor-widget-wrap elementor-element-populated\">\n\t\t\t\t\t\t\t\t<div class=\"elementor-element elementor-element-d743c03 elementor-widget elementor-widget-text-editor\" data-id=\"d743c03\" data-element_type=\"widget\" data-widget_type=\"text-editor.default\">\n\t\t\t\t<div class=\"elementor-widget-container\">\n\t\t\t\t\t\t\t<h2>SCEGLI LA TUA ATTIVIT\u00c0 QUI SOTTO PER OFFRIRE BUONI REGALO\/BIGLIETTI O EFFETTUARE UNA PRENOTAZIONE<\/h2><table border=\"0\" width=\"580\" cellspacing=\"10\" cellpadding=\"10\"><tbody><tr><td width=\"50%\"><strong>NIDLENLOCH &#8211; PASSO WEISSENSTEIN &#8211; 1 persona<\/strong><\/td><td><strong>CHF 149.00 a persona<span class=\"productPrice\"><br \/><\/span><\/strong><\/td><\/tr><tr><td>Informazioni aggiuntive<\/td><td><p><span class=\"patt\">&#8211; Et\u00e0 minima 10 anni<br \/>&#8211; A partire da 4 pers.<\/span><\/p><p><strong>Incluso<\/strong><br \/>&#8211; Assicurazione di responsabilit\u00e0 civile<br data-start=\"83\" data-end=\"86\" \/>&#8211; Attrezzatura speleologica professionale; casco con luci<br data-start=\"151\" data-end=\"154\" \/>&#8211; Guide speleologiche qualificate SSH<br data-start=\"188\" data-end=\"191\" \/>&#8211; Uso del guardaroba (docce disponibili: supplemento di CHF 1.-)<br data-start=\"255\" data-end=\"258\" \/>&#8211; Foto\/video da scaricare<br data-start=\"297\" data-end=\"300\" \/>&#8211; Certificazione di sicurezza ISO-21101 (3.1)<\/p><p><strong>Cosa portare (equipaggiamento personale)<br \/><\/strong>&#8211; Abbigliamento usato (jeans, maglione o tuta da meccanico)<br \/>&#8211; Scarponi da trekking (l&#8217;ideale sono gli stivali di gomma impermeabili)<br \/>&#8211; Guanti da giardino<br \/>&#8211; Cambio di vestiti (per cambiarsi dopo la gita)<br \/>&#8211; Batterie (AA 1,5 Volt LR6 &#8211; tipo Walkman &#8211; 4 per persona)<br \/>&#8211; Zaino (circa 30 litri)<br \/>&#8211; Spuntino energetico per il viaggio (1 litro di bevanda e panino o barrette energetiche&#8230;)<\/p><\/td><\/tr><tr><td>Luego d&#8217;incontro<\/td><td><a href=\"https:\/\/www.google.com\/maps\/place\/47%C2%B015'03.5%22N+7%C2%B029'05.0%22E\/@47.2512057,7.4818243,456m\/data=!3m1!1e3!4m4!3m3!8m2!3d47.2509722!4d7.4847222?entry=ttu\" target=\"_blank\" rel=\"noopener\">Ristorante Hinter Weissenstein<\/a><\/td><\/tr><tr><td>Orario<\/td><td>10h00<\/td><\/tr><tr><td>Trekking<\/td><td>circa 3 ore<\/td><\/tr><tr><td>Durata totale<\/td><td>circa 3,5 ore<\/td><\/tr><tr><td>Difficolt\u00e0<\/td><td>1 \u00e0 2<\/td><\/tr><tr><td><a href=\"https:\/\/swissraft.outdoorbooking.ch\/fo\/products\/893?base_id=86&amp;category_id=35&amp;order_type=gift_voucher&amp;lang=it\" target=\"_blank\" rel=\"noopener\"><button class=\"elementor-button\" type=\"button\">ACQUISTO BUONO REGALO \/ BIGLIETTO<\/button><\/a><\/td><td><span class=\"patt\"><strong><em>IMPORTANTE !<\/em><\/strong><br \/><em>Per prenotare, chiamate il numero che si trova in alto a sinistra sul buono regalo\/biglietto.<\/em><br \/><\/span><\/td><\/tr><\/tbody><\/table>\t\t\t\t\t\t<\/div>\n\t\t\t\t<\/div>\n\t\t\t\t\t<\/div>\n\t\t<\/div>\n\t\t\t\t\t\t\t<\/div>\n\t\t<\/section>\n\t\t\t\t\t\t\t<\/div>\n\t\t","protected":false},"excerpt":{"rendered":"<div align=\"justify\">\n<h2 align=\"justify\">Il Nidlenloch, facilmente accessibile, \u00e8 un luogo ideale per i principianti della speleologia per scoprire il mondo sotterraneo che li attende.<\/h2>\n<h3>Il Nidlenloch \u00e8 famoso per la formazione delle sue concrezioni: le stalagmiti e le stalattiti che stupiscono sempre i visitatori.<\/h3>\n<\/div>\n<div align=\"justify\">\n<p>La grotta di Nidlenloch si trova nel cantone di Soletta, sul passo di Weissenstein. In primo luogo, attira gli esploratori appassionati. Poi rivela spettacolari formazioni rocciose e intriganti gallerie. Ogni visitatore scoprir\u00e0 impressionanti stalattiti e stalagmiti. Inoltre, l&#8217;accesso alla grotta \u00e8 abbastanza facile per i dilettanti. Tuttavia, \u00e8 necessario prestare attenzione nei passaggi stretti. Inoltre, la grotta ospita una fauna discreta ma interessante. Di conseguenza, \u00e8 diventata una destinazione popolare per speleologi e curiosi. Inoltre, la vicinanza del Weissenstein Pass offre una vista superba all&#8217;aperto. Infine, il Nidlenloch offre un&#8217;esperienza unica e arricchente per tutti gli avventurieri.<\/p>\n<h3>Swissraft ti offre anche la famosa grotta di H\u00f6lloch nel Canton Svitto.<\/h3>\n<p id=\"textarea\" style=\"display: none;\">C&#8217;\u00e8 anche la grotta Windloch nel Canton Glarona per gli speleologi esperti che hanno gi\u00e0 visitato la grotta Nidlenloch nel Canton Soletta.\n<\/p>\n<p><a id=\"seeMore\" onclick=\"toggleSeeMore()\" href=\"javascript:void(0);\">Leggi tutto<\/a><\/p>\n","protected":false},"featured_media":90506,"comment_status":"open","ping_status":"closed","template":"","meta":{"inline_featured_image":false,"_mi_skip_tracking":false},"product_cat":[399,472],"product_tag":[],"class_list":["post-92358","product","type-product","status-publish","has-post-thumbnail","hentry","product_cat-outdoor","product_cat-speleologia-in-svizzera"],"yoast_head":"<!-- This site is optimized with the Yoast SEO plugin v23.6 - https:\/\/yoast.com\/wordpress\/plugins\/seo\/ -->\n<title>Il passo Nidlenloch Weissenstein con stalattiti e stalagmiti<\/title>\n<meta name=\"description\" content=\"Nidlenloch col du Weissenstein, nel cantone di Soletta, \u00e8 una grotta famosa per le sue stalattiti e stalagmiti.\" \/>\n<meta name=\"robots\" content=\"index, follow, max-snippet:-1, max-image-preview:large, max-video-preview:-1\" \/>\n<link rel=\"canonical\" href=\"https:\/\/www.swissraft.ch\/it\/prodotto\/passaggio-dal-nidlenloch-al-weissenstein-soleure-chf-149-00\/\" \/>\n<meta property=\"og:locale\" content=\"it_IT\" \/>\n<meta property=\"og:type\" content=\"article\" \/>\n<meta property=\"og:title\" content=\"Il passo Nidlenloch Weissenstein con stalattiti e stalagmiti\" \/>\n<meta property=\"og:description\" content=\"Nidlenloch col du Weissenstein, nel cantone di Soletta, \u00e8 una grotta famosa per le sue stalattiti e stalagmiti.\" \/>\n<meta property=\"og:url\" content=\"https:\/\/www.swissraft.ch\/it\/prodotto\/passaggio-dal-nidlenloch-al-weissenstein-soleure-chf-149-00\/\" \/>\n<meta property=\"og:site_name\" content=\"Swissraft\" \/>\n<meta property=\"article:modified_time\" content=\"2025-12-21T21:25:22+00:00\" \/>\n<meta property=\"og:image\" content=\"https:\/\/www.swissraft.ch\/wp-content\/uploads\/2023\/04\/1-1-Nidlenloch_776x776.jpg\" \/>\n\t<meta property=\"og:image:width\" content=\"776\" \/>\n\t<meta property=\"og:image:height\" content=\"776\" \/>\n\t<meta property=\"og:image:type\" content=\"image\/jpeg\" \/>\n<meta name=\"twitter:card\" content=\"summary_large_image\" \/>\n<meta name=\"twitter:label1\" content=\"Tempo di lettura stimato\" \/>\n\t<meta name=\"twitter:data1\" content=\"1 minuto\" \/>\n<script type=\"application\/ld+json\" class=\"yoast-schema-graph\">{\"@context\":\"https:\/\/schema.org\",\"@graph\":[{\"@type\":\"WebPage\",\"@id\":\"https:\/\/www.swissraft.ch\/it\/prodotto\/passaggio-dal-nidlenloch-al-weissenstein-soleure-chf-149-00\/\",\"url\":\"https:\/\/www.swissraft.ch\/it\/prodotto\/passaggio-dal-nidlenloch-al-weissenstein-soleure-chf-149-00\/\",\"name\":\"Il passo Nidlenloch Weissenstein con stalattiti e stalagmiti\",\"isPartOf\":{\"@id\":\"https:\/\/www.swissraft.ch\/it\/#website\"},\"primaryImageOfPage\":{\"@id\":\"https:\/\/www.swissraft.ch\/it\/prodotto\/passaggio-dal-nidlenloch-al-weissenstein-soleure-chf-149-00\/#primaryimage\"},\"image\":{\"@id\":\"https:\/\/www.swissraft.ch\/it\/prodotto\/passaggio-dal-nidlenloch-al-weissenstein-soleure-chf-149-00\/#primaryimage\"},\"thumbnailUrl\":\"https:\/\/www.swissraft.ch\/wp-content\/uploads\/2023\/04\/1-1-Nidlenloch_776x776.jpg\",\"datePublished\":\"2023-04-02T09:19:27+00:00\",\"dateModified\":\"2025-12-21T21:25:22+00:00\",\"description\":\"Nidlenloch col du Weissenstein, nel cantone di Soletta, \u00e8 una grotta famosa per le sue stalattiti e stalagmiti.\",\"breadcrumb\":{\"@id\":\"https:\/\/www.swissraft.ch\/it\/prodotto\/passaggio-dal-nidlenloch-al-weissenstein-soleure-chf-149-00\/#breadcrumb\"},\"inLanguage\":\"it-IT\",\"potentialAction\":[{\"@type\":\"ReadAction\",\"target\":[\"https:\/\/www.swissraft.ch\/it\/prodotto\/passaggio-dal-nidlenloch-al-weissenstein-soleure-chf-149-00\/\"]}]},{\"@type\":\"ImageObject\",\"inLanguage\":\"it-IT\",\"@id\":\"https:\/\/www.swissraft.ch\/it\/prodotto\/passaggio-dal-nidlenloch-al-weissenstein-soleure-chf-149-00\/#primaryimage\",\"url\":\"https:\/\/www.swissraft.ch\/wp-content\/uploads\/2023\/04\/1-1-Nidlenloch_776x776.jpg\",\"contentUrl\":\"https:\/\/www.swissraft.ch\/wp-content\/uploads\/2023\/04\/1-1-Nidlenloch_776x776.jpg\",\"width\":776,\"height\":776,\"caption\":\"Nidlenloch col Weissentein in Svizzera, nel cantone di Soletta\"},{\"@type\":\"BreadcrumbList\",\"@id\":\"https:\/\/www.swissraft.ch\/it\/prodotto\/passaggio-dal-nidlenloch-al-weissenstein-soleure-chf-149-00\/#breadcrumb\",\"itemListElement\":[{\"@type\":\"ListItem\",\"position\":1,\"name\":\"Accueil\",\"item\":\"https:\/\/www.swissraft.ch\/it\/\"},{\"@type\":\"ListItem\",\"position\":2,\"name\":\"Negozio\",\"item\":\"https:\/\/www.swissraft.ch\/it\/negozio\/\"},{\"@type\":\"ListItem\",\"position\":3,\"name\":\"Passaggio dal NIDLENLOCH al passo del WEISSENSTEIN &#8211; SOLEURE &#8211; CHF 149.00\"}]},{\"@type\":\"WebSite\",\"@id\":\"https:\/\/www.swissraft.ch\/it\/#website\",\"url\":\"https:\/\/www.swissraft.ch\/it\/\",\"name\":\"Swissraft\",\"description\":\"To enjoy nature as it is\",\"publisher\":{\"@id\":\"https:\/\/www.swissraft.ch\/it\/#organization\"},\"potentialAction\":[{\"@type\":\"SearchAction\",\"target\":{\"@type\":\"EntryPoint\",\"urlTemplate\":\"https:\/\/www.swissraft.ch\/it\/?s={search_term_string}\"},\"query-input\":{\"@type\":\"PropertyValueSpecification\",\"valueRequired\":true,\"valueName\":\"search_term_string\"}}],\"inLanguage\":\"it-IT\"},{\"@type\":\"Organization\",\"@id\":\"https:\/\/www.swissraft.ch\/it\/#organization\",\"name\":\"Swissraft\",\"url\":\"https:\/\/www.swissraft.ch\/it\/\",\"logo\":{\"@type\":\"ImageObject\",\"inLanguage\":\"it-IT\",\"@id\":\"https:\/\/www.swissraft.ch\/it\/#\/schema\/logo\/image\/\",\"url\":\"https:\/\/www.swissraft.ch\/wp-content\/uploads\/2025\/09\/Capture.jpg\",\"contentUrl\":\"https:\/\/www.swissraft.ch\/wp-content\/uploads\/2025\/09\/Capture.jpg\",\"width\":293,\"height\":108,\"caption\":\"Swissraft\"},\"image\":{\"@id\":\"https:\/\/www.swissraft.ch\/it\/#\/schema\/logo\/image\/\"}}]}<\/script>\n<!-- \/ Yoast SEO plugin. -->","yoast_head_json":{"title":"Il passo Nidlenloch Weissenstein con stalattiti e stalagmiti","description":"Nidlenloch col du Weissenstein, nel cantone di Soletta, \u00e8 una grotta famosa per le sue stalattiti e stalagmiti.","robots":{"index":"index","follow":"follow","max-snippet":"max-snippet:-1","max-image-preview":"max-image-preview:large","max-video-preview":"max-video-preview:-1"},"canonical":"https:\/\/www.swissraft.ch\/it\/prodotto\/passaggio-dal-nidlenloch-al-weissenstein-soleure-chf-149-00\/","og_locale":"it_IT","og_type":"article","og_title":"Il passo Nidlenloch Weissenstein con stalattiti e stalagmiti","og_description":"Nidlenloch col du Weissenstein, nel cantone di Soletta, \u00e8 una grotta famosa per le sue stalattiti e stalagmiti.","og_url":"https:\/\/www.swissraft.ch\/it\/prodotto\/passaggio-dal-nidlenloch-al-weissenstein-soleure-chf-149-00\/","og_site_name":"Swissraft","article_modified_time":"2025-12-21T21:25:22+00:00","og_image":[{"width":776,"height":776,"url":"https:\/\/www.swissraft.ch\/wp-content\/uploads\/2023\/04\/1-1-Nidlenloch_776x776.jpg","type":"image\/jpeg"}],"twitter_card":"summary_large_image","twitter_misc":{"Tempo di lettura stimato":"1 minuto"},"schema":{"@context":"https:\/\/schema.org","@graph":[{"@type":"WebPage","@id":"https:\/\/www.swissraft.ch\/it\/prodotto\/passaggio-dal-nidlenloch-al-weissenstein-soleure-chf-149-00\/","url":"https:\/\/www.swissraft.ch\/it\/prodotto\/passaggio-dal-nidlenloch-al-weissenstein-soleure-chf-149-00\/","name":"Il passo Nidlenloch Weissenstein con stalattiti e stalagmiti","isPartOf":{"@id":"https:\/\/www.swissraft.ch\/it\/#website"},"primaryImageOfPage":{"@id":"https:\/\/www.swissraft.ch\/it\/prodotto\/passaggio-dal-nidlenloch-al-weissenstein-soleure-chf-149-00\/#primaryimage"},"image":{"@id":"https:\/\/www.swissraft.ch\/it\/prodotto\/passaggio-dal-nidlenloch-al-weissenstein-soleure-chf-149-00\/#primaryimage"},"thumbnailUrl":"https:\/\/www.swissraft.ch\/wp-content\/uploads\/2023\/04\/1-1-Nidlenloch_776x776.jpg","datePublished":"2023-04-02T09:19:27+00:00","dateModified":"2025-12-21T21:25:22+00:00","description":"Nidlenloch col du Weissenstein, nel cantone di Soletta, \u00e8 una grotta famosa per le sue stalattiti e stalagmiti.","breadcrumb":{"@id":"https:\/\/www.swissraft.ch\/it\/prodotto\/passaggio-dal-nidlenloch-al-weissenstein-soleure-chf-149-00\/#breadcrumb"},"inLanguage":"it-IT","potentialAction":[{"@type":"ReadAction","target":["https:\/\/www.swissraft.ch\/it\/prodotto\/passaggio-dal-nidlenloch-al-weissenstein-soleure-chf-149-00\/"]}]},{"@type":"ImageObject","inLanguage":"it-IT","@id":"https:\/\/www.swissraft.ch\/it\/prodotto\/passaggio-dal-nidlenloch-al-weissenstein-soleure-chf-149-00\/#primaryimage","url":"https:\/\/www.swissraft.ch\/wp-content\/uploads\/2023\/04\/1-1-Nidlenloch_776x776.jpg","contentUrl":"https:\/\/www.swissraft.ch\/wp-content\/uploads\/2023\/04\/1-1-Nidlenloch_776x776.jpg","width":776,"height":776,"caption":"Nidlenloch col Weissentein in Svizzera, nel cantone di Soletta"},{"@type":"BreadcrumbList","@id":"https:\/\/www.swissraft.ch\/it\/prodotto\/passaggio-dal-nidlenloch-al-weissenstein-soleure-chf-149-00\/#breadcrumb","itemListElement":[{"@type":"ListItem","position":1,"name":"Accueil","item":"https:\/\/www.swissraft.ch\/it\/"},{"@type":"ListItem","position":2,"name":"Negozio","item":"https:\/\/www.swissraft.ch\/it\/negozio\/"},{"@type":"ListItem","position":3,"name":"Passaggio dal NIDLENLOCH al passo del WEISSENSTEIN &#8211; SOLEURE &#8211; CHF 149.00"}]},{"@type":"WebSite","@id":"https:\/\/www.swissraft.ch\/it\/#website","url":"https:\/\/www.swissraft.ch\/it\/","name":"Swissraft","description":"To enjoy nature as it is","publisher":{"@id":"https:\/\/www.swissraft.ch\/it\/#organization"},"potentialAction":[{"@type":"SearchAction","target":{"@type":"EntryPoint","urlTemplate":"https:\/\/www.swissraft.ch\/it\/?s={search_term_string}"},"query-input":{"@type":"PropertyValueSpecification","valueRequired":true,"valueName":"search_term_string"}}],"inLanguage":"it-IT"},{"@type":"Organization","@id":"https:\/\/www.swissraft.ch\/it\/#organization","name":"Swissraft","url":"https:\/\/www.swissraft.ch\/it\/","logo":{"@type":"ImageObject","inLanguage":"it-IT","@id":"https:\/\/www.swissraft.ch\/it\/#\/schema\/logo\/image\/","url":"https:\/\/www.swissraft.ch\/wp-content\/uploads\/2025\/09\/Capture.jpg","contentUrl":"https:\/\/www.swissraft.ch\/wp-content\/uploads\/2025\/09\/Capture.jpg","width":293,"height":108,"caption":"Swissraft"},"image":{"@id":"https:\/\/www.swissraft.ch\/it\/#\/schema\/logo\/image\/"}}]}},"_links":{"self":[{"href":"https:\/\/www.swissraft.ch\/it\/wp-json\/wp\/v2\/product\/92358","targetHints":{"allow":["GET"]}}],"collection":[{"href":"https:\/\/www.swissraft.ch\/it\/wp-json\/wp\/v2\/product"}],"about":[{"href":"https:\/\/www.swissraft.ch\/it\/wp-json\/wp\/v2\/types\/product"}],"replies":[{"embeddable":true,"href":"https:\/\/www.swissraft.ch\/it\/wp-json\/wp\/v2\/comments?post=92358"}],"version-history":[{"count":16,"href":"https:\/\/www.swissraft.ch\/it\/wp-json\/wp\/v2\/product\/92358\/revisions"}],"predecessor-version":[{"id":124905,"href":"https:\/\/www.swissraft.ch\/it\/wp-json\/wp\/v2\/product\/92358\/revisions\/124905"}],"wp:featuredmedia":[{"embeddable":true,"href":"https:\/\/www.swissraft.ch\/it\/wp-json\/wp\/v2\/media\/90506"}],"wp:attachment":[{"href":"https:\/\/www.swissraft.ch\/it\/wp-json\/wp\/v2\/media?parent=92358"}],"wp:term":[{"taxonomy":"product_cat","embeddable":true,"href":"https:\/\/www.swissraft.ch\/it\/wp-json\/wp\/v2\/product_cat?post=92358"},{"taxonomy":"product_tag","embeddable":true,"href":"https:\/\/www.swissraft.ch\/it\/wp-json\/wp\/v2\/product_tag?post=92358"}],"curies":[{"name":"wp","href":"https:\/\/api.w.org\/{rel}","templated":true}]}}