{"id":92351,"date":"2023-03-22T11:36:24","date_gmt":"2023-03-22T10:36:24","guid":{"rendered":"https:\/\/swissraft.xyanzkdne.eu\/product\/gita-scolastica-in-valais-rafting-viege-stalden-viege-chf-92-00\/"},"modified":"2025-12-27T21:25:28","modified_gmt":"2025-12-27T20:25:28","slug":"gita-scolastica-vallese-rafting-viege-stalden-viege","status":"publish","type":"product","link":"https:\/\/www.swissraft.ch\/it\/prodotto\/gita-scolastica-vallese-rafting-viege-stalden-viege\/","title":{"rendered":"Gita scolastica in WALLIS &#8211; RAFTING &#8211; LA VISPA &#8211; STALDEN-VISP &#8211; CHF 92.00"},"content":{"rendered":"\t\t<div data-elementor-type=\"wp-post\" data-elementor-id=\"92351\" class=\"elementor elementor-92351 elementor-31824\">\n\t\t\t\t\t\t\t\t\t<section class=\"elementor-section elementor-top-section elementor-element elementor-element-3303a7e3 elementor-section-boxed elementor-section-height-default elementor-section-height-default\" data-id=\"3303a7e3\" data-element_type=\"section\">\n\t\t\t\t\t\t<div class=\"elementor-container elementor-column-gap-default\">\n\t\t\t\t\t<div class=\"elementor-column elementor-col-100 elementor-top-column elementor-element elementor-element-16d72dbf\" data-id=\"16d72dbf\" data-element_type=\"column\">\n\t\t\t<div class=\"elementor-widget-wrap elementor-element-populated\">\n\t\t\t\t\t\t\t\t<div class=\"elementor-element elementor-element-d743c03 elementor-widget elementor-widget-text-editor\" data-id=\"d743c03\" data-element_type=\"widget\" data-widget_type=\"text-editor.default\">\n\t\t\t\t<div class=\"elementor-widget-container\">\n\t\t\t\t\t\t\t<h2>SCEGLI LA TUA ATTIVIT\u00c0 QUI SOTTO PER OFFRIRE BUONI REGALO\/BIGLIETTI O EFFETTUARE UNA PRENOTAZIONE<\/h2><table border=\"0\" width=\"580\" cellspacing=\"10\" cellpadding=\"10\"><tbody><tr><td width=\"50%\"><strong>GITA SCOLASTICA &#8211; RAFTING &#8211; VISPA + Spuntino<\/strong><\/td><td><strong>CHF 92.00 per allievo<span class=\"productPrice\"><br \/><\/span><\/strong><\/td><\/tr><tr><td>Informazioni aggiuntive<\/td><td>&#8211;<span class=\"patt\"> Et\u00e0 minima : 10 anni<br \/><\/span>&#8211; \u00c8 obbligatorio l&#8217;accompagnamento di un adulto<\/td><\/tr><tr><td>Percorso<\/td><td><strong>Stalden-Vi\u00e8ge<\/strong><\/td><\/tr><tr><td>Orari<\/td><td>10h00 \/ 14h00<\/td><\/tr><tr><td>Rafting<\/td><td>circa 1 ora<\/td><\/tr><tr><td>Durata totale<\/td><td>circa 2,5 ore<\/td><\/tr><tr><td>Luego d&#8217;incontro<\/td><td><a href=\"https:\/\/www.google.com\/maps\/place\/Camping+M%C3%BChleye,+3930+Vi%C3%A8ge\/@46.2977102,7.8681638,780m\/data=!3m1!1e3!4m6!3m5!1s0x478f6b3dc520eeb7:0x792310840d66bd66!8m2!3d46.2976361!4d7.8727879!16s%2Fg%2F1tqt8l6r?entry=ttu\" target=\"_blank\" rel=\"noopener\">Campeggio M\u00fchleye a Vi\u00e8ge<\/a><\/td><\/tr><tr><td>Difficolt\u00e0<\/td><td>Livelli da 2 a 3+.<\/td><\/tr><tr><td>\u00a0<\/td><td>Per prenotare : <strong><span style=\"color: #ff6600;\"><a href=\"\/it\/contattaci\/\">Contattateci<\/a><\/span><\/strong><\/td><\/tr><\/tbody><\/table>\t\t\t\t\t\t<\/div>\n\t\t\t\t<\/div>\n\t\t\t\t\t<\/div>\n\t\t<\/div>\n\t\t\t\t\t\t\t<\/div>\n\t\t<\/section>\n\t\t\t\t\t\t\t<\/div>\n\t\t","protected":false},"excerpt":{"rendered":"<div align=\"justify\">\n<h2 align=\"justify\">Per una gita scolastica, il rafting sul Vispa \u00e8 un successo assicurato<\/h2>\n<h3>Tra Stalden e Visp, il fiume Vispa, un affluente del Rodano, sar\u00e0 un&#8217;attrazione per studenti e insegnanti.<\/h3>\n<\/div>\n<div align=\"justify\">\n<p>La scuola ha deciso di organizzare un&#8217;emozionante gita di rafting tra Stalden e Visp, nel Vallese. Fin dall&#8217;inizio, l&#8217;eccitazione \u00e8 palpabile. Gli studenti sono partiti per il Vi\u00e8ge, un affluente del Rodano. La corrente presto acceler\u00f2 e le barche furono spazzate via dalle acque tumultuose. Ad ogni curva risuonano grida di gioia. Un rapido evento inaspettato coglie tutti di sorpresa, provocando un brillante tonfo. Le squadre stanno raddoppiando gli sforzi per mantenere il controllo. I pi\u00f9 audaci prendono il comando, spinti dall&#8217;adrenalina. Dopo un&#8217;intensa discesa, il gruppo raggiunge Visp. I volti si illuminano di sorrisi, segnati dall&#8217;avventura. La gita si conclude con applausi e risate. \u00c8 una giornata indimenticabile, piena di sfide e di cameratismo. \u00c8 stata un&#8217;esperienza memorabile per tutti.<\/p>\n<h3>Oltre al rafting sul Rodano in Vallese, offriamo altri corsi per le scuole<\/h3>\n<p id=\"textarea\" style=\"display: none;\">Sempre in Vallese, puoi fare rafting sul Rodano e sulla Dranse de Bagnes. Ma anche il rafting sulla Sarine nel Pays d&#8217;Enhaut, nel cantone di Vaud. Offriamo anche rafting sulla L\u00fctschine nell&#8217;Oberland Bernese e sulla Simme nella Simmental. E il riverrafting sul Reno nei Grigioni tra Ilanz e Reichenau con il famoso Grand Canyon svizzero.<br \/>\nSe preferisci una discesa pi\u00f9 dolce per i tuoi studenti, scegli il Fun rafting, noto anche come Easy rafting. Swissraft offre 12 corsi di Easy Rafting su 5 dei fiumi pi\u00f9 belli della Svizzera.\n<\/p>\n<p><a id=\"seeMore\" onclick=\"toggleSeeMore()\" href=\"javascript:void(0);\">Leggi tutto<\/a><\/p>\n","protected":false},"featured_media":90752,"comment_status":"open","ping_status":"closed","template":"","meta":{"inline_featured_image":false,"_mi_skip_tracking":false},"product_cat":[404,639,405],"product_tag":[],"class_list":["post-92351","product","type-product","status-publish","has-post-thumbnail","hentry","product_cat-gruppo","product_cat-gita-scolastica-rafting-in-svizzera","product_cat-corsa-scolastica-gita-scolastica"],"yoast_head":"<!-- This site is optimized with the Yoast SEO plugin v23.6 - https:\/\/yoast.com\/wordpress\/plugins\/seo\/ -->\n<title>Gita scolastica rafting Vispa<\/title>\n<meta name=\"description\" content=\"Gita scolastica rafting Vispa. Percorso tra Stalden e Visp. Gli studenti a partire dai 10 anni amano questo fiume del Vallese, affluente del Rodano.\" \/>\n<meta name=\"robots\" content=\"index, follow, max-snippet:-1, max-image-preview:large, max-video-preview:-1\" \/>\n<link rel=\"canonical\" href=\"https:\/\/www.swissraft.ch\/it\/prodotto\/gita-scolastica-vallese-rafting-viege-stalden-viege\/\" \/>\n<meta property=\"og:locale\" content=\"it_IT\" \/>\n<meta property=\"og:type\" content=\"article\" \/>\n<meta property=\"og:title\" content=\"Gita scolastica rafting Vispa\" \/>\n<meta property=\"og:description\" content=\"Gita scolastica rafting Vispa. Percorso tra Stalden e Visp. Gli studenti a partire dai 10 anni amano questo fiume del Vallese, affluente del Rodano.\" \/>\n<meta property=\"og:url\" content=\"https:\/\/www.swissraft.ch\/it\/prodotto\/gita-scolastica-vallese-rafting-viege-stalden-viege\/\" \/>\n<meta property=\"og:site_name\" content=\"Swissraft\" \/>\n<meta property=\"article:modified_time\" content=\"2025-12-27T20:25:28+00:00\" \/>\n<meta property=\"og:image\" content=\"https:\/\/www.swissraft.ch\/wp-content\/uploads\/2023\/03\/1-3-Vispa-776x776-1.jpg\" \/>\n\t<meta property=\"og:image:width\" content=\"776\" \/>\n\t<meta property=\"og:image:height\" content=\"776\" \/>\n\t<meta property=\"og:image:type\" content=\"image\/jpeg\" \/>\n<meta name=\"twitter:card\" content=\"summary_large_image\" \/>\n<meta name=\"twitter:label1\" content=\"Tempo di lettura stimato\" \/>\n\t<meta name=\"twitter:data1\" content=\"1 minuto\" \/>\n<script type=\"application\/ld+json\" class=\"yoast-schema-graph\">{\"@context\":\"https:\/\/schema.org\",\"@graph\":[{\"@type\":\"WebPage\",\"@id\":\"https:\/\/www.swissraft.ch\/it\/prodotto\/gita-scolastica-vallese-rafting-viege-stalden-viege\/\",\"url\":\"https:\/\/www.swissraft.ch\/it\/prodotto\/gita-scolastica-vallese-rafting-viege-stalden-viege\/\",\"name\":\"Gita scolastica rafting Vispa\",\"isPartOf\":{\"@id\":\"https:\/\/www.swissraft.ch\/it\/#website\"},\"primaryImageOfPage\":{\"@id\":\"https:\/\/www.swissraft.ch\/it\/prodotto\/gita-scolastica-vallese-rafting-viege-stalden-viege\/#primaryimage\"},\"image\":{\"@id\":\"https:\/\/www.swissraft.ch\/it\/prodotto\/gita-scolastica-vallese-rafting-viege-stalden-viege\/#primaryimage\"},\"thumbnailUrl\":\"https:\/\/www.swissraft.ch\/wp-content\/uploads\/2023\/03\/1-3-Vispa-776x776-1.jpg\",\"datePublished\":\"2023-03-22T10:36:24+00:00\",\"dateModified\":\"2025-12-27T20:25:28+00:00\",\"description\":\"Gita scolastica rafting Vispa. Percorso tra Stalden e Visp. Gli studenti a partire dai 10 anni amano questo fiume del Vallese, affluente del Rodano.\",\"breadcrumb\":{\"@id\":\"https:\/\/www.swissraft.ch\/it\/prodotto\/gita-scolastica-vallese-rafting-viege-stalden-viege\/#breadcrumb\"},\"inLanguage\":\"it-IT\",\"potentialAction\":[{\"@type\":\"ReadAction\",\"target\":[\"https:\/\/www.swissraft.ch\/it\/prodotto\/gita-scolastica-vallese-rafting-viege-stalden-viege\/\"]}]},{\"@type\":\"ImageObject\",\"inLanguage\":\"it-IT\",\"@id\":\"https:\/\/www.swissraft.ch\/it\/prodotto\/gita-scolastica-vallese-rafting-viege-stalden-viege\/#primaryimage\",\"url\":\"https:\/\/www.swissraft.ch\/wp-content\/uploads\/2023\/03\/1-3-Vispa-776x776-1.jpg\",\"contentUrl\":\"https:\/\/www.swissraft.ch\/wp-content\/uploads\/2023\/03\/1-3-Vispa-776x776-1.jpg\",\"width\":776,\"height\":776,\"caption\":\"Corsa scolastica sul Visp in Vallese\"},{\"@type\":\"BreadcrumbList\",\"@id\":\"https:\/\/www.swissraft.ch\/it\/prodotto\/gita-scolastica-vallese-rafting-viege-stalden-viege\/#breadcrumb\",\"itemListElement\":[{\"@type\":\"ListItem\",\"position\":1,\"name\":\"Accueil\",\"item\":\"https:\/\/www.swissraft.ch\/it\/\"},{\"@type\":\"ListItem\",\"position\":2,\"name\":\"Negozio\",\"item\":\"https:\/\/www.swissraft.ch\/it\/negozio\/\"},{\"@type\":\"ListItem\",\"position\":3,\"name\":\"Gita scolastica in WALLIS &#8211; RAFTING &#8211; LA VISPA &#8211; STALDEN-VISP &#8211; CHF 92.00\"}]},{\"@type\":\"WebSite\",\"@id\":\"https:\/\/www.swissraft.ch\/it\/#website\",\"url\":\"https:\/\/www.swissraft.ch\/it\/\",\"name\":\"Swissraft\",\"description\":\"To enjoy nature as it is\",\"publisher\":{\"@id\":\"https:\/\/www.swissraft.ch\/it\/#organization\"},\"potentialAction\":[{\"@type\":\"SearchAction\",\"target\":{\"@type\":\"EntryPoint\",\"urlTemplate\":\"https:\/\/www.swissraft.ch\/it\/?s={search_term_string}\"},\"query-input\":{\"@type\":\"PropertyValueSpecification\",\"valueRequired\":true,\"valueName\":\"search_term_string\"}}],\"inLanguage\":\"it-IT\"},{\"@type\":\"Organization\",\"@id\":\"https:\/\/www.swissraft.ch\/it\/#organization\",\"name\":\"Swissraft\",\"url\":\"https:\/\/www.swissraft.ch\/it\/\",\"logo\":{\"@type\":\"ImageObject\",\"inLanguage\":\"it-IT\",\"@id\":\"https:\/\/www.swissraft.ch\/it\/#\/schema\/logo\/image\/\",\"url\":\"https:\/\/www.swissraft.ch\/wp-content\/uploads\/2025\/09\/Capture.jpg\",\"contentUrl\":\"https:\/\/www.swissraft.ch\/wp-content\/uploads\/2025\/09\/Capture.jpg\",\"width\":293,\"height\":108,\"caption\":\"Swissraft\"},\"image\":{\"@id\":\"https:\/\/www.swissraft.ch\/it\/#\/schema\/logo\/image\/\"}}]}<\/script>\n<!-- \/ Yoast SEO plugin. -->","yoast_head_json":{"title":"Gita scolastica rafting Vispa","description":"Gita scolastica rafting Vispa. Percorso tra Stalden e Visp. Gli studenti a partire dai 10 anni amano questo fiume del Vallese, affluente del Rodano.","robots":{"index":"index","follow":"follow","max-snippet":"max-snippet:-1","max-image-preview":"max-image-preview:large","max-video-preview":"max-video-preview:-1"},"canonical":"https:\/\/www.swissraft.ch\/it\/prodotto\/gita-scolastica-vallese-rafting-viege-stalden-viege\/","og_locale":"it_IT","og_type":"article","og_title":"Gita scolastica rafting Vispa","og_description":"Gita scolastica rafting Vispa. Percorso tra Stalden e Visp. Gli studenti a partire dai 10 anni amano questo fiume del Vallese, affluente del Rodano.","og_url":"https:\/\/www.swissraft.ch\/it\/prodotto\/gita-scolastica-vallese-rafting-viege-stalden-viege\/","og_site_name":"Swissraft","article_modified_time":"2025-12-27T20:25:28+00:00","og_image":[{"width":776,"height":776,"url":"https:\/\/www.swissraft.ch\/wp-content\/uploads\/2023\/03\/1-3-Vispa-776x776-1.jpg","type":"image\/jpeg"}],"twitter_card":"summary_large_image","twitter_misc":{"Tempo di lettura stimato":"1 minuto"},"schema":{"@context":"https:\/\/schema.org","@graph":[{"@type":"WebPage","@id":"https:\/\/www.swissraft.ch\/it\/prodotto\/gita-scolastica-vallese-rafting-viege-stalden-viege\/","url":"https:\/\/www.swissraft.ch\/it\/prodotto\/gita-scolastica-vallese-rafting-viege-stalden-viege\/","name":"Gita scolastica rafting Vispa","isPartOf":{"@id":"https:\/\/www.swissraft.ch\/it\/#website"},"primaryImageOfPage":{"@id":"https:\/\/www.swissraft.ch\/it\/prodotto\/gita-scolastica-vallese-rafting-viege-stalden-viege\/#primaryimage"},"image":{"@id":"https:\/\/www.swissraft.ch\/it\/prodotto\/gita-scolastica-vallese-rafting-viege-stalden-viege\/#primaryimage"},"thumbnailUrl":"https:\/\/www.swissraft.ch\/wp-content\/uploads\/2023\/03\/1-3-Vispa-776x776-1.jpg","datePublished":"2023-03-22T10:36:24+00:00","dateModified":"2025-12-27T20:25:28+00:00","description":"Gita scolastica rafting Vispa. Percorso tra Stalden e Visp. Gli studenti a partire dai 10 anni amano questo fiume del Vallese, affluente del Rodano.","breadcrumb":{"@id":"https:\/\/www.swissraft.ch\/it\/prodotto\/gita-scolastica-vallese-rafting-viege-stalden-viege\/#breadcrumb"},"inLanguage":"it-IT","potentialAction":[{"@type":"ReadAction","target":["https:\/\/www.swissraft.ch\/it\/prodotto\/gita-scolastica-vallese-rafting-viege-stalden-viege\/"]}]},{"@type":"ImageObject","inLanguage":"it-IT","@id":"https:\/\/www.swissraft.ch\/it\/prodotto\/gita-scolastica-vallese-rafting-viege-stalden-viege\/#primaryimage","url":"https:\/\/www.swissraft.ch\/wp-content\/uploads\/2023\/03\/1-3-Vispa-776x776-1.jpg","contentUrl":"https:\/\/www.swissraft.ch\/wp-content\/uploads\/2023\/03\/1-3-Vispa-776x776-1.jpg","width":776,"height":776,"caption":"Corsa scolastica sul Visp in Vallese"},{"@type":"BreadcrumbList","@id":"https:\/\/www.swissraft.ch\/it\/prodotto\/gita-scolastica-vallese-rafting-viege-stalden-viege\/#breadcrumb","itemListElement":[{"@type":"ListItem","position":1,"name":"Accueil","item":"https:\/\/www.swissraft.ch\/it\/"},{"@type":"ListItem","position":2,"name":"Negozio","item":"https:\/\/www.swissraft.ch\/it\/negozio\/"},{"@type":"ListItem","position":3,"name":"Gita scolastica in WALLIS &#8211; RAFTING &#8211; LA VISPA &#8211; STALDEN-VISP &#8211; CHF 92.00"}]},{"@type":"WebSite","@id":"https:\/\/www.swissraft.ch\/it\/#website","url":"https:\/\/www.swissraft.ch\/it\/","name":"Swissraft","description":"To enjoy nature as it is","publisher":{"@id":"https:\/\/www.swissraft.ch\/it\/#organization"},"potentialAction":[{"@type":"SearchAction","target":{"@type":"EntryPoint","urlTemplate":"https:\/\/www.swissraft.ch\/it\/?s={search_term_string}"},"query-input":{"@type":"PropertyValueSpecification","valueRequired":true,"valueName":"search_term_string"}}],"inLanguage":"it-IT"},{"@type":"Organization","@id":"https:\/\/www.swissraft.ch\/it\/#organization","name":"Swissraft","url":"https:\/\/www.swissraft.ch\/it\/","logo":{"@type":"ImageObject","inLanguage":"it-IT","@id":"https:\/\/www.swissraft.ch\/it\/#\/schema\/logo\/image\/","url":"https:\/\/www.swissraft.ch\/wp-content\/uploads\/2025\/09\/Capture.jpg","contentUrl":"https:\/\/www.swissraft.ch\/wp-content\/uploads\/2025\/09\/Capture.jpg","width":293,"height":108,"caption":"Swissraft"},"image":{"@id":"https:\/\/www.swissraft.ch\/it\/#\/schema\/logo\/image\/"}}]}},"_links":{"self":[{"href":"https:\/\/www.swissraft.ch\/it\/wp-json\/wp\/v2\/product\/92351","targetHints":{"allow":["GET"]}}],"collection":[{"href":"https:\/\/www.swissraft.ch\/it\/wp-json\/wp\/v2\/product"}],"about":[{"href":"https:\/\/www.swissraft.ch\/it\/wp-json\/wp\/v2\/types\/product"}],"replies":[{"embeddable":true,"href":"https:\/\/www.swissraft.ch\/it\/wp-json\/wp\/v2\/comments?post=92351"}],"version-history":[{"count":23,"href":"https:\/\/www.swissraft.ch\/it\/wp-json\/wp\/v2\/product\/92351\/revisions"}],"predecessor-version":[{"id":125524,"href":"https:\/\/www.swissraft.ch\/it\/wp-json\/wp\/v2\/product\/92351\/revisions\/125524"}],"wp:featuredmedia":[{"embeddable":true,"href":"https:\/\/www.swissraft.ch\/it\/wp-json\/wp\/v2\/media\/90752"}],"wp:attachment":[{"href":"https:\/\/www.swissraft.ch\/it\/wp-json\/wp\/v2\/media?parent=92351"}],"wp:term":[{"taxonomy":"product_cat","embeddable":true,"href":"https:\/\/www.swissraft.ch\/it\/wp-json\/wp\/v2\/product_cat?post=92351"},{"taxonomy":"product_tag","embeddable":true,"href":"https:\/\/www.swissraft.ch\/it\/wp-json\/wp\/v2\/product_tag?post=92351"}],"curies":[{"name":"wp","href":"https:\/\/api.w.org\/{rel}","templated":true}]}}