{"id":92346,"date":"2023-04-02T00:35:27","date_gmt":"2023-04-01T22:35:27","guid":{"rendered":"https:\/\/swissraft.xyanzkdne.eu\/product\/salto-elastico-da-una-macchina-per-la-raccolta-dei-ciliegi-solo-su-richiesta\/"},"modified":"2025-09-23T21:14:56","modified_gmt":"2025-09-23T19:14:56","slug":"salto-elastico-da-una-macchina-per-la-raccolta-dei-ciliegi-solo-su-richiesta","status":"publish","type":"product","link":"https:\/\/www.swissraft.ch\/it\/prodotto\/salto-elastico-da-una-macchina-per-la-raccolta-dei-ciliegi-solo-su-richiesta\/","title":{"rendered":"SALTO ELASTICO da una macchina per la raccolta dei ciliegi &#8211; SOLO SU RICHIESTA"},"content":{"rendered":"\t\t<div data-elementor-type=\"wp-post\" data-elementor-id=\"92346\" class=\"elementor elementor-92346 elementor-32146\">\n\t\t\t\t\t\t\t\t\t<section class=\"elementor-section elementor-top-section elementor-element elementor-element-3303a7e3 elementor-section-boxed elementor-section-height-default elementor-section-height-default\" data-id=\"3303a7e3\" data-element_type=\"section\">\n\t\t\t\t\t\t<div class=\"elementor-container elementor-column-gap-default\">\n\t\t\t\t\t<div class=\"elementor-column elementor-col-100 elementor-top-column elementor-element elementor-element-16d72dbf\" data-id=\"16d72dbf\" data-element_type=\"column\">\n\t\t\t<div class=\"elementor-widget-wrap elementor-element-populated\">\n\t\t\t\t\t\t\t\t<div class=\"elementor-element elementor-element-d743c03 elementor-widget elementor-widget-text-editor\" data-id=\"d743c03\" data-element_type=\"widget\" data-widget_type=\"text-editor.default\">\n\t\t\t\t<div class=\"elementor-widget-container\">\n\t\t\t\t\t\t\t<h2>SCEGLI LA TUA ATTIVIT\u00c0 QUI SOTTO PER OFFRIRE BUONI REGALO\/BIGLIETTI O EFFETTUARE UNA PRENOTAZIONE<\/h2>\n<table border=\"0\" width=\"580\" cellspacing=\"10\" cellpadding=\"10\">\n<tbody>\n<tr>\n<td width=\"50%\"><strong>BUNGEE JUMPING DA UNA PIATTAFORMA AEREA<\/strong><\/td>\n<td><strong><span class=\"productPrice\"><span style=\"color: #ff6600;\"><a href=\"https:\/\/www.swissraft.ch\/it\/contattaci\/\">contattaci<\/a><\/span> per un preventivo<\/span><\/strong><\/td>\n<\/tr>\n<tr>\n<td>Informazioni aggiuntive<\/td>\n<td><span class=\"plbl\"><\/p>\n<p>&#8211; Le nostre infrastrutture possono viaggiare ovunque in Europa su richiesta &#8211; \u00c8 necessario ottenere l&#8217;autorizzazione delle autorit\u00e0 locali &#8211; I costi variano in base alla distanza e alla durata dell&#8217;attivit\u00e0<\/span><\/td>\n<\/tr>\n<tr>\n<td>Durata della caduta<\/td>\n<td>circa 2 secondi<\/td>\n<\/tr>\n<tr>\n<td>Durata totale<\/td>\n<td>circa 10 minuti.<\/td>\n<\/tr>\n<tr>\n<td>Visita<\/td>\n<td>all&#8217;evento<\/td>\n<\/tr>\n<tr>\n<td> <\/td>\n<td><strong><span style=\"color: #ff6600;\"><a href=\"https:\/\/www.swissraft.ch\/it\/contattaci\/\">contattaci<\/a> <\/span><\/strong><span style=\"color: #000000;\">per organizzare il tuo evento<\/span><\/td>\n<\/tr>\n<\/tbody>\n<\/table>\n\t\t\t\t\t\t<\/div>\n\t\t\t\t<\/div>\n\t\t\t\t\t<\/div>\n\t\t<\/div>\n\t\t\t\t\t\t\t<\/div>\n\t\t<\/section>\n\t\t\t\t\t\t\t<\/div>\n\t\t","protected":false},"excerpt":{"rendered":"<div align=\"justify\">\n<h2 align=\"justify\">Se stai organizzando un evento importante per il giubileo, l&#8217;attrazione del bungee jumping da un picker \u00e8 un successo garantito. <\/h2>\n<h3>Le nostre infrastrutture e i nostri consulenti tecnici sono disponibili in tutta la Francia, il Belgio, la Germania e la Svizzera.<\/h3>\n<\/div>\n<p>Sul sito dell&#8217;evento dedicato agli amanti del brivido, un&#8217;infrastruttura mobile si dispiega maestosamente. Un&#8217;imponente gru, l&#8217;elemento centrale, pronta all&#8217;azione. A terra, la piattaforma aerea attende pazientemente il suo ruolo cruciale. L&#8217;eccitazione cresce tra i partecipanti mentre il team di professionisti finalizza i preparativi. \u00c8 arrivato il momento. Con una precisione impressionante, la gru si alza. I volontari salgono sulla gondola, pronti a sfidare la gravit\u00e0. La navicella raggiunge il suo apice alla fine del braccio della gru. Il salto \u00e8 una scarica di adrenalina pura. Un ricordo impresso per sempre nella mente di ogni coraggioso avventuriero.<\/p>\n<h3>Swissraft pu\u00f2 organizzare questa attivit\u00e0 per te su richiesta. Spetta a te ottenere i permessi necessari; al resto pensiamo noi. Chiamaci per maggiori informazioni.  <\/h3>\n<p id=\"textarea\" style=\"display: none;\">\nAbbiamo anche infrastrutture fisse. Il pi\u00f9 famoso \u00e8 quello della diga di Contra, in Val Verzasca, in Ticino. Il Goldeneye di 007, un salto in alto di 220 metri. Nell&#8217;Oberland Bernese, facciamo anche bungee jumping dalla funivia Stockhorn a Erlenbach. Ti aspetta uno splendido scenario naturale, con vista sulle Alpi Bernesi. Per una variante del bungee jumping, abbiamo una piattaforma sopra un canyon a Grindelwald. Scopri il brivido del salto pendolare o dell&#8217;altalena, una variante del bungy. Un salto impressionante sulla L\u00fctschine nera. Nel Pays d&#8217;Enhaut, nelle Gole del Pissot, una fantastica altalena alta 110 metri. Offriamo anche salti nella valle del Trient, nel Vallese.\n<\/p>\n<p><a id=\"seeMore\" onclick=\"toggleSeeMore()\" href=\"javascript:void(0);\">Leggi tutto<\/a><\/p>\n","protected":false},"featured_media":89555,"comment_status":"open","ping_status":"closed","template":"","meta":{"inline_featured_image":false,"_mi_skip_tracking":false},"product_cat":[399,421],"product_tag":[],"class_list":["post-92346","product","type-product","status-publish","has-post-thumbnail","hentry","product_cat-outdoor","product_cat-bungee-jumping"],"yoast_head":"<!-- This site is optimized with the Yoast SEO plugin v23.6 - https:\/\/yoast.com\/wordpress\/plugins\/seo\/ -->\n<title>Bungee jumping da una gondola<\/title>\n<meta name=\"description\" content=\"Bungee jumping da una gondola attaccata a una gru di sollevamento. Su richiesta in tutta Europa. Richiedi un&#039;offerta\" \/>\n<meta name=\"robots\" content=\"index, follow, max-snippet:-1, max-image-preview:large, max-video-preview:-1\" \/>\n<link rel=\"canonical\" href=\"https:\/\/www.swissraft.ch\/it\/prodotto\/salto-elastico-da-una-macchina-per-la-raccolta-dei-ciliegi-solo-su-richiesta\/\" \/>\n<meta property=\"og:locale\" content=\"it_IT\" \/>\n<meta property=\"og:type\" content=\"article\" \/>\n<meta property=\"og:title\" content=\"Bungee jumping da una gondola\" \/>\n<meta property=\"og:description\" content=\"Bungee jumping da una gondola attaccata a una gru di sollevamento. Su richiesta in tutta Europa. Richiedi un&#039;offerta\" \/>\n<meta property=\"og:url\" content=\"https:\/\/www.swissraft.ch\/it\/prodotto\/salto-elastico-da-una-macchina-per-la-raccolta-dei-ciliegi-solo-su-richiesta\/\" \/>\n<meta property=\"og:site_name\" content=\"Swissraft\" \/>\n<meta property=\"article:modified_time\" content=\"2025-09-23T19:14:56+00:00\" \/>\n<meta property=\"og:image\" content=\"https:\/\/www.swissraft.ch\/wp-content\/uploads\/2023\/04\/nacelle-776x776-1.jpg\" \/>\n\t<meta property=\"og:image:width\" content=\"776\" \/>\n\t<meta property=\"og:image:height\" content=\"776\" \/>\n\t<meta property=\"og:image:type\" content=\"image\/jpeg\" \/>\n<meta name=\"twitter:card\" content=\"summary_large_image\" \/>\n<script type=\"application\/ld+json\" class=\"yoast-schema-graph\">{\"@context\":\"https:\/\/schema.org\",\"@graph\":[{\"@type\":\"WebPage\",\"@id\":\"https:\/\/www.swissraft.ch\/it\/prodotto\/salto-elastico-da-una-macchina-per-la-raccolta-dei-ciliegi-solo-su-richiesta\/\",\"url\":\"https:\/\/www.swissraft.ch\/it\/prodotto\/salto-elastico-da-una-macchina-per-la-raccolta-dei-ciliegi-solo-su-richiesta\/\",\"name\":\"Bungee jumping da una gondola\",\"isPartOf\":{\"@id\":\"https:\/\/www.swissraft.ch\/it\/#website\"},\"primaryImageOfPage\":{\"@id\":\"https:\/\/www.swissraft.ch\/it\/prodotto\/salto-elastico-da-una-macchina-per-la-raccolta-dei-ciliegi-solo-su-richiesta\/#primaryimage\"},\"image\":{\"@id\":\"https:\/\/www.swissraft.ch\/it\/prodotto\/salto-elastico-da-una-macchina-per-la-raccolta-dei-ciliegi-solo-su-richiesta\/#primaryimage\"},\"thumbnailUrl\":\"https:\/\/www.swissraft.ch\/wp-content\/uploads\/2023\/04\/nacelle-776x776-1.jpg\",\"datePublished\":\"2023-04-01T22:35:27+00:00\",\"dateModified\":\"2025-09-23T19:14:56+00:00\",\"description\":\"Bungee jumping da una gondola attaccata a una gru di sollevamento. Su richiesta in tutta Europa. Richiedi un'offerta\",\"breadcrumb\":{\"@id\":\"https:\/\/www.swissraft.ch\/it\/prodotto\/salto-elastico-da-una-macchina-per-la-raccolta-dei-ciliegi-solo-su-richiesta\/#breadcrumb\"},\"inLanguage\":\"it-IT\",\"potentialAction\":[{\"@type\":\"ReadAction\",\"target\":[\"https:\/\/www.swissraft.ch\/it\/prodotto\/salto-elastico-da-una-macchina-per-la-raccolta-dei-ciliegi-solo-su-richiesta\/\"]}]},{\"@type\":\"ImageObject\",\"inLanguage\":\"it-IT\",\"@id\":\"https:\/\/www.swissraft.ch\/it\/prodotto\/salto-elastico-da-una-macchina-per-la-raccolta-dei-ciliegi-solo-su-richiesta\/#primaryimage\",\"url\":\"https:\/\/www.swissraft.ch\/wp-content\/uploads\/2023\/04\/nacelle-776x776-1.jpg\",\"contentUrl\":\"https:\/\/www.swissraft.ch\/wp-content\/uploads\/2023\/04\/nacelle-776x776-1.jpg\",\"width\":776,\"height\":776,\"caption\":\"Salto elastico da una macchina per la raccolta dei ciliegi\"},{\"@type\":\"BreadcrumbList\",\"@id\":\"https:\/\/www.swissraft.ch\/it\/prodotto\/salto-elastico-da-una-macchina-per-la-raccolta-dei-ciliegi-solo-su-richiesta\/#breadcrumb\",\"itemListElement\":[{\"@type\":\"ListItem\",\"position\":1,\"name\":\"Accueil\",\"item\":\"https:\/\/www.swissraft.ch\/it\/\"},{\"@type\":\"ListItem\",\"position\":2,\"name\":\"Negozio\",\"item\":\"https:\/\/www.swissraft.ch\/it\/negozio\/\"},{\"@type\":\"ListItem\",\"position\":3,\"name\":\"SALTO ELASTICO da una macchina per la raccolta dei ciliegi &#8211; SOLO SU RICHIESTA\"}]},{\"@type\":\"WebSite\",\"@id\":\"https:\/\/www.swissraft.ch\/it\/#website\",\"url\":\"https:\/\/www.swissraft.ch\/it\/\",\"name\":\"Swissraft\",\"description\":\"To enjoy nature as it is\",\"publisher\":{\"@id\":\"https:\/\/www.swissraft.ch\/it\/#organization\"},\"potentialAction\":[{\"@type\":\"SearchAction\",\"target\":{\"@type\":\"EntryPoint\",\"urlTemplate\":\"https:\/\/www.swissraft.ch\/it\/?s={search_term_string}\"},\"query-input\":{\"@type\":\"PropertyValueSpecification\",\"valueRequired\":true,\"valueName\":\"search_term_string\"}}],\"inLanguage\":\"it-IT\"},{\"@type\":\"Organization\",\"@id\":\"https:\/\/www.swissraft.ch\/it\/#organization\",\"name\":\"Swissraft\",\"url\":\"https:\/\/www.swissraft.ch\/it\/\",\"logo\":{\"@type\":\"ImageObject\",\"inLanguage\":\"it-IT\",\"@id\":\"https:\/\/www.swissraft.ch\/it\/#\/schema\/logo\/image\/\",\"url\":\"https:\/\/www.swissraft.ch\/wp-content\/uploads\/2025\/09\/Capture.jpg\",\"contentUrl\":\"https:\/\/www.swissraft.ch\/wp-content\/uploads\/2025\/09\/Capture.jpg\",\"width\":293,\"height\":108,\"caption\":\"Swissraft\"},\"image\":{\"@id\":\"https:\/\/www.swissraft.ch\/it\/#\/schema\/logo\/image\/\"}}]}<\/script>\n<!-- \/ Yoast SEO plugin. -->","yoast_head_json":{"title":"Bungee jumping da una gondola","description":"Bungee jumping da una gondola attaccata a una gru di sollevamento. Su richiesta in tutta Europa. Richiedi un'offerta","robots":{"index":"index","follow":"follow","max-snippet":"max-snippet:-1","max-image-preview":"max-image-preview:large","max-video-preview":"max-video-preview:-1"},"canonical":"https:\/\/www.swissraft.ch\/it\/prodotto\/salto-elastico-da-una-macchina-per-la-raccolta-dei-ciliegi-solo-su-richiesta\/","og_locale":"it_IT","og_type":"article","og_title":"Bungee jumping da una gondola","og_description":"Bungee jumping da una gondola attaccata a una gru di sollevamento. Su richiesta in tutta Europa. Richiedi un'offerta","og_url":"https:\/\/www.swissraft.ch\/it\/prodotto\/salto-elastico-da-una-macchina-per-la-raccolta-dei-ciliegi-solo-su-richiesta\/","og_site_name":"Swissraft","article_modified_time":"2025-09-23T19:14:56+00:00","og_image":[{"width":776,"height":776,"url":"https:\/\/www.swissraft.ch\/wp-content\/uploads\/2023\/04\/nacelle-776x776-1.jpg","type":"image\/jpeg"}],"twitter_card":"summary_large_image","schema":{"@context":"https:\/\/schema.org","@graph":[{"@type":"WebPage","@id":"https:\/\/www.swissraft.ch\/it\/prodotto\/salto-elastico-da-una-macchina-per-la-raccolta-dei-ciliegi-solo-su-richiesta\/","url":"https:\/\/www.swissraft.ch\/it\/prodotto\/salto-elastico-da-una-macchina-per-la-raccolta-dei-ciliegi-solo-su-richiesta\/","name":"Bungee jumping da una gondola","isPartOf":{"@id":"https:\/\/www.swissraft.ch\/it\/#website"},"primaryImageOfPage":{"@id":"https:\/\/www.swissraft.ch\/it\/prodotto\/salto-elastico-da-una-macchina-per-la-raccolta-dei-ciliegi-solo-su-richiesta\/#primaryimage"},"image":{"@id":"https:\/\/www.swissraft.ch\/it\/prodotto\/salto-elastico-da-una-macchina-per-la-raccolta-dei-ciliegi-solo-su-richiesta\/#primaryimage"},"thumbnailUrl":"https:\/\/www.swissraft.ch\/wp-content\/uploads\/2023\/04\/nacelle-776x776-1.jpg","datePublished":"2023-04-01T22:35:27+00:00","dateModified":"2025-09-23T19:14:56+00:00","description":"Bungee jumping da una gondola attaccata a una gru di sollevamento. Su richiesta in tutta Europa. Richiedi un'offerta","breadcrumb":{"@id":"https:\/\/www.swissraft.ch\/it\/prodotto\/salto-elastico-da-una-macchina-per-la-raccolta-dei-ciliegi-solo-su-richiesta\/#breadcrumb"},"inLanguage":"it-IT","potentialAction":[{"@type":"ReadAction","target":["https:\/\/www.swissraft.ch\/it\/prodotto\/salto-elastico-da-una-macchina-per-la-raccolta-dei-ciliegi-solo-su-richiesta\/"]}]},{"@type":"ImageObject","inLanguage":"it-IT","@id":"https:\/\/www.swissraft.ch\/it\/prodotto\/salto-elastico-da-una-macchina-per-la-raccolta-dei-ciliegi-solo-su-richiesta\/#primaryimage","url":"https:\/\/www.swissraft.ch\/wp-content\/uploads\/2023\/04\/nacelle-776x776-1.jpg","contentUrl":"https:\/\/www.swissraft.ch\/wp-content\/uploads\/2023\/04\/nacelle-776x776-1.jpg","width":776,"height":776,"caption":"Salto elastico da una macchina per la raccolta dei ciliegi"},{"@type":"BreadcrumbList","@id":"https:\/\/www.swissraft.ch\/it\/prodotto\/salto-elastico-da-una-macchina-per-la-raccolta-dei-ciliegi-solo-su-richiesta\/#breadcrumb","itemListElement":[{"@type":"ListItem","position":1,"name":"Accueil","item":"https:\/\/www.swissraft.ch\/it\/"},{"@type":"ListItem","position":2,"name":"Negozio","item":"https:\/\/www.swissraft.ch\/it\/negozio\/"},{"@type":"ListItem","position":3,"name":"SALTO ELASTICO da una macchina per la raccolta dei ciliegi &#8211; SOLO SU RICHIESTA"}]},{"@type":"WebSite","@id":"https:\/\/www.swissraft.ch\/it\/#website","url":"https:\/\/www.swissraft.ch\/it\/","name":"Swissraft","description":"To enjoy nature as it is","publisher":{"@id":"https:\/\/www.swissraft.ch\/it\/#organization"},"potentialAction":[{"@type":"SearchAction","target":{"@type":"EntryPoint","urlTemplate":"https:\/\/www.swissraft.ch\/it\/?s={search_term_string}"},"query-input":{"@type":"PropertyValueSpecification","valueRequired":true,"valueName":"search_term_string"}}],"inLanguage":"it-IT"},{"@type":"Organization","@id":"https:\/\/www.swissraft.ch\/it\/#organization","name":"Swissraft","url":"https:\/\/www.swissraft.ch\/it\/","logo":{"@type":"ImageObject","inLanguage":"it-IT","@id":"https:\/\/www.swissraft.ch\/it\/#\/schema\/logo\/image\/","url":"https:\/\/www.swissraft.ch\/wp-content\/uploads\/2025\/09\/Capture.jpg","contentUrl":"https:\/\/www.swissraft.ch\/wp-content\/uploads\/2025\/09\/Capture.jpg","width":293,"height":108,"caption":"Swissraft"},"image":{"@id":"https:\/\/www.swissraft.ch\/it\/#\/schema\/logo\/image\/"}}]}},"_links":{"self":[{"href":"https:\/\/www.swissraft.ch\/it\/wp-json\/wp\/v2\/product\/92346","targetHints":{"allow":["GET"]}}],"collection":[{"href":"https:\/\/www.swissraft.ch\/it\/wp-json\/wp\/v2\/product"}],"about":[{"href":"https:\/\/www.swissraft.ch\/it\/wp-json\/wp\/v2\/types\/product"}],"replies":[{"embeddable":true,"href":"https:\/\/www.swissraft.ch\/it\/wp-json\/wp\/v2\/comments?post=92346"}],"version-history":[{"count":0,"href":"https:\/\/www.swissraft.ch\/it\/wp-json\/wp\/v2\/product\/92346\/revisions"}],"wp:featuredmedia":[{"embeddable":true,"href":"https:\/\/www.swissraft.ch\/it\/wp-json\/wp\/v2\/media\/89555"}],"wp:attachment":[{"href":"https:\/\/www.swissraft.ch\/it\/wp-json\/wp\/v2\/media?parent=92346"}],"wp:term":[{"taxonomy":"product_cat","embeddable":true,"href":"https:\/\/www.swissraft.ch\/it\/wp-json\/wp\/v2\/product_cat?post=92346"},{"taxonomy":"product_tag","embeddable":true,"href":"https:\/\/www.swissraft.ch\/it\/wp-json\/wp\/v2\/product_tag?post=92346"}],"curies":[{"name":"wp","href":"https:\/\/api.w.org\/{rel}","templated":true}]}}