{"id":92339,"date":"2023-04-01T23:56:34","date_gmt":"2023-04-01T21:56:34","guid":{"rendered":"https:\/\/swissraft.xyanzkdne.eu\/product\/bungee-jumping-nelloberland-bernois-stockhorn-134m-da-chf-209-00\/"},"modified":"2026-03-12T23:57:07","modified_gmt":"2026-03-12T22:57:07","slug":"bungee-jumping-nelloberland-bernois-stockhorn-134m-da-chf-209-00","status":"publish","type":"product","link":"https:\/\/www.swissraft.ch\/it\/prodotto\/bungee-jumping-nelloberland-bernois-stockhorn-134m-da-chf-209-00\/","title":{"rendered":"Bungee jumping o Bungy jump in OBERLAND BERNESE &#8211; STOCKHORN &#8211; 134m &#8211; CHF 229.00"},"content":{"rendered":"\t\t<div data-elementor-type=\"wp-post\" data-elementor-id=\"92339\" class=\"elementor elementor-92339 elementor-32127\">\n\t\t\t\t\t\t\t\t\t<section class=\"elementor-section elementor-top-section elementor-element elementor-element-3303a7e3 elementor-section-boxed elementor-section-height-default elementor-section-height-default\" data-id=\"3303a7e3\" data-element_type=\"section\">\n\t\t\t\t\t\t<div class=\"elementor-container elementor-column-gap-default\">\n\t\t\t\t\t<div class=\"elementor-column elementor-col-100 elementor-top-column elementor-element elementor-element-16d72dbf\" data-id=\"16d72dbf\" data-element_type=\"column\">\n\t\t\t<div class=\"elementor-widget-wrap elementor-element-populated\">\n\t\t\t\t\t\t\t\t<div class=\"elementor-element elementor-element-d743c03 elementor-widget elementor-widget-text-editor\" data-id=\"d743c03\" data-element_type=\"widget\" data-widget_type=\"text-editor.default\">\n\t\t\t\t<div class=\"elementor-widget-container\">\n\t\t\t\t\t\t\t<h2>ATTERESCEGLI LA TUA ATTIVIT\u00c0 QUI SOTTO PER OFFRIRE BUONI REGALO \/ BIGLIETTI O EFFETTUARE UNA PRENOTAZIONE<\/h2><table border=\"0\" width=\"580\" cellspacing=\"10\" cellpadding=\"10\"><tbody><tr><td width=\"50%\"><strong>1) BUNGEE JUMPING &#8211; BUNGY JUMP &#8211; STOCKHORN &#8211; 134m &#8211; DA WILDERSWIL<\/strong><\/td><td><strong>CHF 229.00 a persona<span class=\"productPrice\"><br \/><\/span><\/strong><\/td><\/tr><tr><td>Informazioni aggiuntive<\/td><td><span class=\"patt\">&#8211; A partire da 10 pers. <strong>CHF 209.00<\/strong>\/pers.<br \/>&#8211; Possibilit\u00e0 di appuntamenti per gruppi fuori stagione<br \/>&#8211; I minorenni devono avere il consenso scritto dei genitori<br \/>&#8211; A partire dai 65 anni \u00e8 richiesto un certificato medico<br \/>&#8211; Video <strong>CHF 59.00<\/strong> da pagare in loco<br \/>&#8211; Foto <strong>CHF 49.00<\/strong> da pagare in loco<br \/>&#8211; Foto e video <strong>CHF 99.00<\/strong> da pagare in loco<\/span><\/td><\/tr><tr><td>Orario<\/td><td>16h15<\/td><\/tr><tr><td>Durata della cduta<\/td><td>env. 3 sec.<\/td><\/tr><tr><td>Durata totale<\/td><td>circa 4 ore<\/td><\/tr><tr><td>Appuntamento<\/td><td><a href=\"https:\/\/www.google.com\/maps\/place\/46%C2%B040'15.8%22N+7%C2%B052'42.2%22E\/@46.6710056,7.8697297,1722m\/data=!3m1!1e3!4m12!1m7!3m6!1s0x478fa39d4c79741d:0xe1388a661824dff1!2sIndustriestrasse+17,+3812+Wilderswil,+Suisse!3b1!8m2!3d46.6699882!4d7.8740105!3m3!8m2!3d46.671066!4d7.878399?entry=ttu&amp;g_ep=EgoyMDI2MDMwOS4wIKXMDSoASAFQAw%3D%3D\" target=\"_blank\" rel=\"noopener\">Wilderswil<\/a><\/td><\/tr><tr><td><a href=\"https:\/\/swissraft.outdoorbooking.ch\/fo\/products\/127?base_id=3&amp;category_id=15&amp;order_type=gift_voucher&amp;lang=it\" target=\"_blank\" rel=\"noopener\"><button class=\"elementor-button\" type=\"button\">ACQUISTO BUONO REGALO \/ BIGLIETTO<\/button><\/a><\/td><td><a href=\"https:\/\/swissraft.outdoorbooking.ch\/fo\/products\/127?base_id=3&amp;category_id=15&amp;order_type=event&amp;lang=it\" target=\"_blank\" rel=\"noopener\">PRENOTA UNA DATA<\/a><\/td><\/tr><\/tbody><\/table><table border=\"0\" width=\"580\" cellspacing=\"10\" cellpadding=\"10\"><tbody><tr><td width=\"50%\"><strong>2) BUNGEE JUMPING &#8211; BUNGY JUMP &#8211; STOCKHORN &#8211; 134m &#8211; DA ERLENBACH<\/strong><\/td><td><strong><span class=\"productPrice\">CHF 229.00 a persona<\/span><\/strong><\/td><\/tr><tr><td>Informazioni aggiuntive<\/td><td><span class=\"patt\">&#8211; A partire da 10 pers. <strong>CHF 209.00<\/strong>\/pers.<br \/>&#8211; Possibilit\u00e0 di appuntamenti per gruppi fuori stagione<br \/>&#8211; I minorenni devono avere il consenso scritto dei genitori<br \/>&#8211; A partire dai 65 anni \u00e8 richiesto un certificato medico<br \/>&#8211; Video <strong>CHF 59.00<\/strong> da pagare in loco<br \/>&#8211; Foto <strong>CHF 49.00<\/strong> da pagare in loco<br \/>&#8211; Foto e video <strong>CHF 99.00<\/strong> da pagare in loco<\/span><\/td><\/tr><tr><td>Orario<\/td><td>17h00<\/td><\/tr><tr><td>Durata della caduta<\/td><td>env. 3 sec.<\/td><\/tr><tr><td>Durata totale<\/td><td>circa 2,5 ore<\/td><\/tr><tr><td>Appuntamento<\/td><td><a href=\"https:\/\/www.google.com\/maps\/place\/46%C2%B039'36.6%22N+7%C2%B032'44.2%22E\/@46.6602624,7.5432937,387m\/data=!3m1!1e3!4m4!3m3!8m2!3d46.6601667!4d7.5456111?entry=ttu\" target=\"_blank\" rel=\"noopener\">Funivia dallo Stockhorn a Erlenbach<\/a><\/td><\/tr><tr><td><a href=\"https:\/\/swissraft.outdoorbooking.ch\/fo\/products\/267?base_id=3&amp;category_id=15&amp;order_type=gift_voucher&amp;lang=it\" target=\"_blank\" rel=\"noopener\"><button class=\"elementor-button\" type=\"button\">ACQUISTO BUONO REGALO \/ BIGLIETTO<\/button><\/a><\/td><td><a href=\"https:\/\/swissraft.outdoorbooking.ch\/fo\/products\/267?base_id=3&amp;category_id=15&amp;order_type=event&amp;lang=it\" target=\"_blank\" rel=\"noopener\">PRENOTA UNA DATA<\/a><\/td><\/tr><\/tbody><\/table>\t\t\t\t\t\t<\/div>\n\t\t\t\t<\/div>\n\t\t\t\t\t<\/div>\n\t\t<\/div>\n\t\t\t\t\t\t\t<\/div>\n\t\t<\/section>\n\t\t\t\t\t\t\t<\/div>\n\t\t","protected":false},"excerpt":{"rendered":"<div align=\"justify\">\n<h2 align=\"justify\">Dallo Stockhorn Bungee jumping o Bungy jump nell&#8217;Oberland bernese. Un&#8217;esperienza mozzafiato<\/h2>\n<h3>Inoltre, salterai da una funivia alta 134 metri in un contesto di straordinaria bellezza.<\/h3>\n<\/div>\n<div align=\"justify\">\n<p>Da un lato, questo salto \u00e8 uno dei pi\u00f9 belli per il suo ambiente. In secondo luogo, salti dalla funivia di Stockhorn, un&#8217;esperienza unica in Svizzera. Salterai da un&#8217;altezza di 134 metri, di fronte a uno splendido panorama delle Alpi Bernesi. Un&#8217;esperienza da non perdere. Questo viaggio emozionale \u00e8 completo. Dall&#8217;inizio alla fine, \u00e8 un&#8217;esperienza unica che non dimenticherai. Vieni a vivere questa eccezionale avventura. Ogni fase \u00e8 orchestrata con cura per regalarti un bungee jumping indimenticabile in tutta sicurezza.       <\/p>\n<h3>Swissraft ti offre la possibilit\u00e0 di scoprire altri siti di salto in Svizzera e all&#8217;estero. Non esitare a chiamarci per avere maggiori informazioni. <\/h3>\n<p id=\"textarea\" style=\"display: none;\">Saltiamo anche dalla diga di Contra, in Val Verzasca, in Ticino. E da una piattaforma sopra il canyon di Grindelwald. Scopri il brivido del salto con l&#8217;altalena, una variante del bungee jumping, saltando sulla L\u00fctschine nera. Offriamo anche salti da una piattaforma aerea in Vallese e in tutta la Svizzera (questa attivit\u00e0 \u00e8 soggetta ad autorizzazione).\n<\/p>\n<p><a id=\"seeMore\" onclick=\"toggleSeeMore()\" href=\"javascript:void(0);\">Leggi tutto<\/a><\/p>\n","protected":false},"featured_media":89543,"comment_status":"open","ping_status":"closed","template":"","meta":{"inline_featured_image":false,"_mi_skip_tracking":false},"product_cat":[399,421],"product_tag":[],"class_list":["post-92339","product","type-product","status-publish","has-post-thumbnail","hentry","product_cat-outdoor","product_cat-bungee-jumping"],"yoast_head":"<!-- This site is optimized with the Yoast SEO plugin v23.6 - https:\/\/yoast.com\/wordpress\/plugins\/seo\/ -->\n<title>Dallo Stockhorn, fai bungee jumping da una cabina di una funivia<\/title>\n<meta name=\"description\" content=\"Dallo Stockhorn, fai bungee jumping da una cabina della funivia. Un salto spettacolare con uno splendido panorama delle Alpi Bernesi alle spalle.\" \/>\n<meta name=\"robots\" content=\"index, follow, max-snippet:-1, max-image-preview:large, max-video-preview:-1\" \/>\n<link rel=\"canonical\" href=\"https:\/\/www.swissraft.ch\/it\/prodotto\/bungee-jumping-nelloberland-bernois-stockhorn-134m-da-chf-209-00\/\" \/>\n<meta property=\"og:locale\" content=\"it_IT\" \/>\n<meta property=\"og:type\" content=\"article\" \/>\n<meta property=\"og:title\" content=\"Dallo Stockhorn, fai bungee jumping da una cabina di una funivia\" \/>\n<meta property=\"og:description\" content=\"Dallo Stockhorn, fai bungee jumping da una cabina della funivia. Un salto spettacolare con uno splendido panorama delle Alpi Bernesi alle spalle.\" \/>\n<meta property=\"og:url\" content=\"https:\/\/www.swissraft.ch\/it\/prodotto\/bungee-jumping-nelloberland-bernois-stockhorn-134m-da-chf-209-00\/\" \/>\n<meta property=\"og:site_name\" content=\"Swissraft\" \/>\n<meta property=\"article:modified_time\" content=\"2026-03-12T22:57:07+00:00\" \/>\n<meta property=\"og:image\" content=\"https:\/\/www.swissraft.ch\/wp-content\/uploads\/2023\/04\/1-1-Bungy-Stockhorn-776x776-1.jpg\" \/>\n\t<meta property=\"og:image:width\" content=\"776\" \/>\n\t<meta property=\"og:image:height\" content=\"776\" \/>\n\t<meta property=\"og:image:type\" content=\"image\/jpeg\" \/>\n<meta name=\"twitter:card\" content=\"summary_large_image\" \/>\n<meta name=\"twitter:label1\" content=\"Tempo di lettura stimato\" \/>\n\t<meta name=\"twitter:data1\" content=\"2 minuti\" \/>\n<script type=\"application\/ld+json\" class=\"yoast-schema-graph\">{\"@context\":\"https:\/\/schema.org\",\"@graph\":[{\"@type\":\"WebPage\",\"@id\":\"https:\/\/www.swissraft.ch\/it\/prodotto\/bungee-jumping-nelloberland-bernois-stockhorn-134m-da-chf-209-00\/\",\"url\":\"https:\/\/www.swissraft.ch\/it\/prodotto\/bungee-jumping-nelloberland-bernois-stockhorn-134m-da-chf-209-00\/\",\"name\":\"Dallo Stockhorn, fai bungee jumping da una cabina di una funivia\",\"isPartOf\":{\"@id\":\"https:\/\/www.swissraft.ch\/it\/#website\"},\"primaryImageOfPage\":{\"@id\":\"https:\/\/www.swissraft.ch\/it\/prodotto\/bungee-jumping-nelloberland-bernois-stockhorn-134m-da-chf-209-00\/#primaryimage\"},\"image\":{\"@id\":\"https:\/\/www.swissraft.ch\/it\/prodotto\/bungee-jumping-nelloberland-bernois-stockhorn-134m-da-chf-209-00\/#primaryimage\"},\"thumbnailUrl\":\"https:\/\/www.swissraft.ch\/wp-content\/uploads\/2023\/04\/1-1-Bungy-Stockhorn-776x776-1.jpg\",\"datePublished\":\"2023-04-01T21:56:34+00:00\",\"dateModified\":\"2026-03-12T22:57:07+00:00\",\"description\":\"Dallo Stockhorn, fai bungee jumping da una cabina della funivia. Un salto spettacolare con uno splendido panorama delle Alpi Bernesi alle spalle.\",\"breadcrumb\":{\"@id\":\"https:\/\/www.swissraft.ch\/it\/prodotto\/bungee-jumping-nelloberland-bernois-stockhorn-134m-da-chf-209-00\/#breadcrumb\"},\"inLanguage\":\"it-IT\",\"potentialAction\":[{\"@type\":\"ReadAction\",\"target\":[\"https:\/\/www.swissraft.ch\/it\/prodotto\/bungee-jumping-nelloberland-bernois-stockhorn-134m-da-chf-209-00\/\"]}]},{\"@type\":\"ImageObject\",\"inLanguage\":\"it-IT\",\"@id\":\"https:\/\/www.swissraft.ch\/it\/prodotto\/bungee-jumping-nelloberland-bernois-stockhorn-134m-da-chf-209-00\/#primaryimage\",\"url\":\"https:\/\/www.swissraft.ch\/wp-content\/uploads\/2023\/04\/1-1-Bungy-Stockhorn-776x776-1.jpg\",\"contentUrl\":\"https:\/\/www.swissraft.ch\/wp-content\/uploads\/2023\/04\/1-1-Bungy-Stockhorn-776x776-1.jpg\",\"width\":776,\"height\":776,\"caption\":\"Bungy jumping dalla funivia di Stockhorn\"},{\"@type\":\"BreadcrumbList\",\"@id\":\"https:\/\/www.swissraft.ch\/it\/prodotto\/bungee-jumping-nelloberland-bernois-stockhorn-134m-da-chf-209-00\/#breadcrumb\",\"itemListElement\":[{\"@type\":\"ListItem\",\"position\":1,\"name\":\"Accueil\",\"item\":\"https:\/\/www.swissraft.ch\/it\/\"},{\"@type\":\"ListItem\",\"position\":2,\"name\":\"Negozio\",\"item\":\"https:\/\/www.swissraft.ch\/it\/negozio\/\"},{\"@type\":\"ListItem\",\"position\":3,\"name\":\"Bungee jumping o Bungy jump in OBERLAND BERNESE &#8211; STOCKHORN &#8211; 134m &#8211; CHF 229.00\"}]},{\"@type\":\"WebSite\",\"@id\":\"https:\/\/www.swissraft.ch\/it\/#website\",\"url\":\"https:\/\/www.swissraft.ch\/it\/\",\"name\":\"Swissraft\",\"description\":\"To enjoy nature as it is\",\"publisher\":{\"@id\":\"https:\/\/www.swissraft.ch\/it\/#organization\"},\"potentialAction\":[{\"@type\":\"SearchAction\",\"target\":{\"@type\":\"EntryPoint\",\"urlTemplate\":\"https:\/\/www.swissraft.ch\/it\/?s={search_term_string}\"},\"query-input\":{\"@type\":\"PropertyValueSpecification\",\"valueRequired\":true,\"valueName\":\"search_term_string\"}}],\"inLanguage\":\"it-IT\"},{\"@type\":\"Organization\",\"@id\":\"https:\/\/www.swissraft.ch\/it\/#organization\",\"name\":\"Swissraft\",\"url\":\"https:\/\/www.swissraft.ch\/it\/\",\"logo\":{\"@type\":\"ImageObject\",\"inLanguage\":\"it-IT\",\"@id\":\"https:\/\/www.swissraft.ch\/it\/#\/schema\/logo\/image\/\",\"url\":\"https:\/\/www.swissraft.ch\/wp-content\/uploads\/2025\/09\/Capture.jpg\",\"contentUrl\":\"https:\/\/www.swissraft.ch\/wp-content\/uploads\/2025\/09\/Capture.jpg\",\"width\":293,\"height\":108,\"caption\":\"Swissraft\"},\"image\":{\"@id\":\"https:\/\/www.swissraft.ch\/it\/#\/schema\/logo\/image\/\"}}]}<\/script>\n<!-- \/ Yoast SEO plugin. -->","yoast_head_json":{"title":"Dallo Stockhorn, fai bungee jumping da una cabina di una funivia","description":"Dallo Stockhorn, fai bungee jumping da una cabina della funivia. Un salto spettacolare con uno splendido panorama delle Alpi Bernesi alle spalle.","robots":{"index":"index","follow":"follow","max-snippet":"max-snippet:-1","max-image-preview":"max-image-preview:large","max-video-preview":"max-video-preview:-1"},"canonical":"https:\/\/www.swissraft.ch\/it\/prodotto\/bungee-jumping-nelloberland-bernois-stockhorn-134m-da-chf-209-00\/","og_locale":"it_IT","og_type":"article","og_title":"Dallo Stockhorn, fai bungee jumping da una cabina di una funivia","og_description":"Dallo Stockhorn, fai bungee jumping da una cabina della funivia. Un salto spettacolare con uno splendido panorama delle Alpi Bernesi alle spalle.","og_url":"https:\/\/www.swissraft.ch\/it\/prodotto\/bungee-jumping-nelloberland-bernois-stockhorn-134m-da-chf-209-00\/","og_site_name":"Swissraft","article_modified_time":"2026-03-12T22:57:07+00:00","og_image":[{"width":776,"height":776,"url":"https:\/\/www.swissraft.ch\/wp-content\/uploads\/2023\/04\/1-1-Bungy-Stockhorn-776x776-1.jpg","type":"image\/jpeg"}],"twitter_card":"summary_large_image","twitter_misc":{"Tempo di lettura stimato":"2 minuti"},"schema":{"@context":"https:\/\/schema.org","@graph":[{"@type":"WebPage","@id":"https:\/\/www.swissraft.ch\/it\/prodotto\/bungee-jumping-nelloberland-bernois-stockhorn-134m-da-chf-209-00\/","url":"https:\/\/www.swissraft.ch\/it\/prodotto\/bungee-jumping-nelloberland-bernois-stockhorn-134m-da-chf-209-00\/","name":"Dallo Stockhorn, fai bungee jumping da una cabina di una funivia","isPartOf":{"@id":"https:\/\/www.swissraft.ch\/it\/#website"},"primaryImageOfPage":{"@id":"https:\/\/www.swissraft.ch\/it\/prodotto\/bungee-jumping-nelloberland-bernois-stockhorn-134m-da-chf-209-00\/#primaryimage"},"image":{"@id":"https:\/\/www.swissraft.ch\/it\/prodotto\/bungee-jumping-nelloberland-bernois-stockhorn-134m-da-chf-209-00\/#primaryimage"},"thumbnailUrl":"https:\/\/www.swissraft.ch\/wp-content\/uploads\/2023\/04\/1-1-Bungy-Stockhorn-776x776-1.jpg","datePublished":"2023-04-01T21:56:34+00:00","dateModified":"2026-03-12T22:57:07+00:00","description":"Dallo Stockhorn, fai bungee jumping da una cabina della funivia. Un salto spettacolare con uno splendido panorama delle Alpi Bernesi alle spalle.","breadcrumb":{"@id":"https:\/\/www.swissraft.ch\/it\/prodotto\/bungee-jumping-nelloberland-bernois-stockhorn-134m-da-chf-209-00\/#breadcrumb"},"inLanguage":"it-IT","potentialAction":[{"@type":"ReadAction","target":["https:\/\/www.swissraft.ch\/it\/prodotto\/bungee-jumping-nelloberland-bernois-stockhorn-134m-da-chf-209-00\/"]}]},{"@type":"ImageObject","inLanguage":"it-IT","@id":"https:\/\/www.swissraft.ch\/it\/prodotto\/bungee-jumping-nelloberland-bernois-stockhorn-134m-da-chf-209-00\/#primaryimage","url":"https:\/\/www.swissraft.ch\/wp-content\/uploads\/2023\/04\/1-1-Bungy-Stockhorn-776x776-1.jpg","contentUrl":"https:\/\/www.swissraft.ch\/wp-content\/uploads\/2023\/04\/1-1-Bungy-Stockhorn-776x776-1.jpg","width":776,"height":776,"caption":"Bungy jumping dalla funivia di Stockhorn"},{"@type":"BreadcrumbList","@id":"https:\/\/www.swissraft.ch\/it\/prodotto\/bungee-jumping-nelloberland-bernois-stockhorn-134m-da-chf-209-00\/#breadcrumb","itemListElement":[{"@type":"ListItem","position":1,"name":"Accueil","item":"https:\/\/www.swissraft.ch\/it\/"},{"@type":"ListItem","position":2,"name":"Negozio","item":"https:\/\/www.swissraft.ch\/it\/negozio\/"},{"@type":"ListItem","position":3,"name":"Bungee jumping o Bungy jump in OBERLAND BERNESE &#8211; STOCKHORN &#8211; 134m &#8211; CHF 229.00"}]},{"@type":"WebSite","@id":"https:\/\/www.swissraft.ch\/it\/#website","url":"https:\/\/www.swissraft.ch\/it\/","name":"Swissraft","description":"To enjoy nature as it is","publisher":{"@id":"https:\/\/www.swissraft.ch\/it\/#organization"},"potentialAction":[{"@type":"SearchAction","target":{"@type":"EntryPoint","urlTemplate":"https:\/\/www.swissraft.ch\/it\/?s={search_term_string}"},"query-input":{"@type":"PropertyValueSpecification","valueRequired":true,"valueName":"search_term_string"}}],"inLanguage":"it-IT"},{"@type":"Organization","@id":"https:\/\/www.swissraft.ch\/it\/#organization","name":"Swissraft","url":"https:\/\/www.swissraft.ch\/it\/","logo":{"@type":"ImageObject","inLanguage":"it-IT","@id":"https:\/\/www.swissraft.ch\/it\/#\/schema\/logo\/image\/","url":"https:\/\/www.swissraft.ch\/wp-content\/uploads\/2025\/09\/Capture.jpg","contentUrl":"https:\/\/www.swissraft.ch\/wp-content\/uploads\/2025\/09\/Capture.jpg","width":293,"height":108,"caption":"Swissraft"},"image":{"@id":"https:\/\/www.swissraft.ch\/it\/#\/schema\/logo\/image\/"}}]}},"_links":{"self":[{"href":"https:\/\/www.swissraft.ch\/it\/wp-json\/wp\/v2\/product\/92339","targetHints":{"allow":["GET"]}}],"collection":[{"href":"https:\/\/www.swissraft.ch\/it\/wp-json\/wp\/v2\/product"}],"about":[{"href":"https:\/\/www.swissraft.ch\/it\/wp-json\/wp\/v2\/types\/product"}],"replies":[{"embeddable":true,"href":"https:\/\/www.swissraft.ch\/it\/wp-json\/wp\/v2\/comments?post=92339"}],"version-history":[{"count":93,"href":"https:\/\/www.swissraft.ch\/it\/wp-json\/wp\/v2\/product\/92339\/revisions"}],"predecessor-version":[{"id":132670,"href":"https:\/\/www.swissraft.ch\/it\/wp-json\/wp\/v2\/product\/92339\/revisions\/132670"}],"wp:featuredmedia":[{"embeddable":true,"href":"https:\/\/www.swissraft.ch\/it\/wp-json\/wp\/v2\/media\/89543"}],"wp:attachment":[{"href":"https:\/\/www.swissraft.ch\/it\/wp-json\/wp\/v2\/media?parent=92339"}],"wp:term":[{"taxonomy":"product_cat","embeddable":true,"href":"https:\/\/www.swissraft.ch\/it\/wp-json\/wp\/v2\/product_cat?post=92339"},{"taxonomy":"product_tag","embeddable":true,"href":"https:\/\/www.swissraft.ch\/it\/wp-json\/wp\/v2\/product_tag?post=92339"}],"curies":[{"name":"wp","href":"https:\/\/api.w.org\/{rel}","templated":true}]}}