{"id":92334,"date":"2023-03-19T17:30:19","date_gmt":"2023-03-19T16:30:19","guid":{"rendered":"https:\/\/swissraft.xyanzkdne.eu\/product\/corsa-scolastica-nel-pays-denhaut-rafting-sarine-saanen-chateau-doex-chf-80-00\/"},"modified":"2025-12-27T21:59:34","modified_gmt":"2025-12-27T20:59:34","slug":"corsa-scolastica-nel-pays-denhaut-rafting-sarine-saanen-chateau-doex-chf-80-00","status":"publish","type":"product","link":"https:\/\/www.swissraft.ch\/it\/prodotto\/corsa-scolastica-nel-pays-denhaut-rafting-sarine-saanen-chateau-doex-chf-80-00\/","title":{"rendered":"Gita scolastica in PAYS D&#8217;ENHAUT &#8211; RAFTING &#8211; THE SARINE &#8211; SAANEN-CH\u00c2TEAU D&#8217;OEX &#8211; CHF 100.00"},"content":{"rendered":"\t\t<div data-elementor-type=\"wp-post\" data-elementor-id=\"92334\" class=\"elementor elementor-92334 elementor-31807\">\n\t\t\t\t\t\t\t\t\t<section class=\"elementor-section elementor-top-section elementor-element elementor-element-3303a7e3 elementor-section-boxed elementor-section-height-default elementor-section-height-default\" data-id=\"3303a7e3\" data-element_type=\"section\">\n\t\t\t\t\t\t<div class=\"elementor-container elementor-column-gap-default\">\n\t\t\t\t\t<div class=\"elementor-column elementor-col-100 elementor-top-column elementor-element elementor-element-16d72dbf\" data-id=\"16d72dbf\" data-element_type=\"column\">\n\t\t\t<div class=\"elementor-widget-wrap elementor-element-populated\">\n\t\t\t\t\t\t\t\t<div class=\"elementor-element elementor-element-d743c03 elementor-widget elementor-widget-text-editor\" data-id=\"d743c03\" data-element_type=\"widget\" data-widget_type=\"text-editor.default\">\n\t\t\t\t<div class=\"elementor-widget-container\">\n\t\t\t\t\t\t\t<h2>SCEGLI LA TUA ATTIVIT\u00c0 QUI SOTTO PER OFFRIRE BUONI REGALO\/BIGLIETTI O EFFETTUARE UNA PRENOTAZIONE<\/h2><table border=\"0\" width=\"580\" cellspacing=\"10\" cellpadding=\"10\"><tbody><tr><td width=\"50%\"><strong>GITA SCOLASTICA &#8211; RAFTING &#8211; SARINE + Spuntino<\/strong><\/td><td><strong>CHF 100.00 per allievo<span class=\"productPrice\"><br \/><\/span><\/strong><\/td><\/tr><tr><td>Informazioni aggiuntive<\/td><td>&#8211;<span class=\"patt\"> Et\u00e0 minima 10 anni<br \/><\/span>&#8211; \u00c8 obbligatorio l&#8217;accompagnamento di un adulto<\/td><\/tr><tr><td>Percorso<\/td><td><strong>Saanen-Ch\u00e2teau d&#8217;Oex<\/strong><\/td><\/tr><tr><td>Orari<\/td><td>10h00 \/ 14h00<\/td><\/tr><tr><td>Rafting<\/td><td>circa 1,5 ora<\/td><\/tr><tr><td>Durata totale<\/td><td>circa 3 ore<\/td><\/tr><tr><td>Luego d&#8217;incontro<\/td><td><span style=\"color: #ff6600;\"><a href=\"https:\/\/www.google.com\/maps\/place\/46%C2%B028'03.8%22N+7%C2%B007'32.8%22E\/@46.4677963,7.1234029,472m\/data=!3m1!1e3!4m4!3m3!8m2!3d46.467715!4d7.125784?entry=ttu&amp;g_ep=EgoyMDI1MDIwNS4wIKXMDSoASAFQAw%3D%3D\" target=\"_blank\" rel=\"noopener\">Campeggio del berceau<\/a><\/span><\/td><\/tr><tr><td>Difficolt\u00e0<\/td><td>2-3+<\/td><\/tr><tr><td>\u00a0<\/td><td>Per prenotare : <span style=\"color: #ff6600;\"><a href=\"https:\/\/www.swissraft.ch\/it\/contattaci\/\">Contattateci<\/a><\/span><\/td><\/tr><\/tbody><\/table>\t\t\t\t\t\t<\/div>\n\t\t\t\t<\/div>\n\t\t\t\t\t<\/div>\n\t\t<\/div>\n\t\t\t\t\t\t\t<\/div>\n\t\t<\/section>\n\t\t\t\t\t\t\t<\/div>\n\t\t","protected":false},"excerpt":{"rendered":"<div align=\"justify\">\n<h2 align=\"justify\">Per una gita scolastica, il rafting sulla Sarine \u00e8 l&#8217;attivit\u00e0 perfetta<\/h2>\n<h3>Scendi in zattera da Saanen a Les Moulins. \u00c8 un viaggio straordinario, soprattutto per il passaggio attraverso le gole di G\u00e9rignoz e Vanel. <\/h3>\n<\/div>\n<div align=\"justify\">\n<p>La gita scolastica inizia a Saanen. Gli studenti salgono sui gommoni, eccitati e pronti a remare. Furono presto travolti dalla Sarine. Scendono con entusiasmo verso Les Moulins. Sono costantemente sballottati dall&#8217;acqua bianca.<br \/>\nPoi appaiono le famose Gorges de G\u00e9rignoz. Questo passaggio \u00e8 stretto e spettacolare. I muri si stanno chiudendo. L&#8217;acqua accelera, le onde si infittiscono. Le zattere oscillano. Gli studenti ridono e urlano di adrenalina.<br \/>\nMa devi rimanere concentrato. Un ostacolo segue l&#8217;altro. Le guide dirigono gli equipaggi con precisione. Ogni colpo \u00e8 importante. Le rocce passano a destra e a sinistra delle zattere. Finalmente, dopo alcuni momenti intensi, il fiume si calma.<br \/>\nLa classe \u00e8 arrivata a Les Moulins un po&#8217; stanca ma felice. Questa discesa rimarr\u00e0 impressa nella nostra memoria. La bellezza delle Gorges de G\u00e9rignoz e l&#8217;avventura sulla Sarine hanno conquistato tutti gli alunni.<\/p>\n<h3>Oltre al rafting sulla Sarine nel Pays d&#8217;Enhaut, offriamo altri percorsi per gite di classe<\/h3>\n<p id=\"textarea\" style=\"display: none;\">\nIn Vallese puoi fare rafting sui fiumi Rodano, Vi\u00e8ge e Dranse de Bagnes. Anche sulla L\u00fctschine nell&#8217;Oberland Bernese e sulla Simme nella Simmental. Lo stesso vale per il Reno nei Grigioni tra Ilanz e Reichenau.<br \/>\nSe preferisci una discesa pi\u00f9 tranquilla, scegli l&#8217;Easy rafting, comunemente conosciuto come Fun rafting. Offriamo 12 diversi percorsi di Easy Rafting su 5 fiumi nell&#8217;Oberland Bernese, nella Svizzera orientale, nei Grigioni e nel Ticino.\n<\/p>\n<p><a id=\"seeMore\" onclick=\"toggleSeeMore()\" href=\"javascript:void(0);\">Leggi tutto<\/a><\/p>\n","protected":false},"featured_media":90884,"comment_status":"open","ping_status":"closed","template":"","meta":{"inline_featured_image":false,"_mi_skip_tracking":false},"product_cat":[404,639,405],"product_tag":[],"class_list":["post-92334","product","type-product","status-publish","has-post-thumbnail","hentry","product_cat-gruppo","product_cat-gita-scolastica-rafting-in-svizzera","product_cat-corsa-scolastica-gita-scolastica"],"yoast_head":"<!-- This site is optimized with the Yoast SEO plugin v23.6 - https:\/\/yoast.com\/wordpress\/plugins\/seo\/ -->\n<title>Gita scolastica rafting Sarine<\/title>\n<meta name=\"description\" content=\"Gita scolastica rafting Sarine. Questo percorso tra Saanen e Ch\u00e2teau d&#039;Oex \u00e8 un&#039;attraente discesa. A partire dai 10 anni per gli alunni accompagnati\" \/>\n<meta name=\"robots\" content=\"index, follow, max-snippet:-1, max-image-preview:large, max-video-preview:-1\" \/>\n<link rel=\"canonical\" href=\"https:\/\/www.swissraft.ch\/it\/prodotto\/corsa-scolastica-nel-pays-denhaut-rafting-sarine-saanen-chateau-doex-chf-80-00\/\" \/>\n<meta property=\"og:locale\" content=\"it_IT\" \/>\n<meta property=\"og:type\" content=\"article\" \/>\n<meta property=\"og:title\" content=\"Gita scolastica rafting Sarine\" \/>\n<meta property=\"og:description\" content=\"Gita scolastica rafting Sarine. Questo percorso tra Saanen e Ch\u00e2teau d&#039;Oex \u00e8 un&#039;attraente discesa. A partire dai 10 anni per gli alunni accompagnati\" \/>\n<meta property=\"og:url\" content=\"https:\/\/www.swissraft.ch\/it\/prodotto\/corsa-scolastica-nel-pays-denhaut-rafting-sarine-saanen-chateau-doex-chf-80-00\/\" \/>\n<meta property=\"og:site_name\" content=\"Swissraft\" \/>\n<meta property=\"article:modified_time\" content=\"2025-12-27T20:59:34+00:00\" \/>\n<meta property=\"og:image\" content=\"https:\/\/www.swissraft.ch\/wp-content\/uploads\/2023\/03\/1-2-Saane-776x776-1.jpg\" \/>\n\t<meta property=\"og:image:width\" content=\"776\" \/>\n\t<meta property=\"og:image:height\" content=\"776\" \/>\n\t<meta property=\"og:image:type\" content=\"image\/jpeg\" \/>\n<meta name=\"twitter:card\" content=\"summary_large_image\" \/>\n<meta name=\"twitter:label1\" content=\"Tempo di lettura stimato\" \/>\n\t<meta name=\"twitter:data1\" content=\"1 minuto\" \/>\n<script type=\"application\/ld+json\" class=\"yoast-schema-graph\">{\"@context\":\"https:\/\/schema.org\",\"@graph\":[{\"@type\":\"WebPage\",\"@id\":\"https:\/\/www.swissraft.ch\/it\/prodotto\/corsa-scolastica-nel-pays-denhaut-rafting-sarine-saanen-chateau-doex-chf-80-00\/\",\"url\":\"https:\/\/www.swissraft.ch\/it\/prodotto\/corsa-scolastica-nel-pays-denhaut-rafting-sarine-saanen-chateau-doex-chf-80-00\/\",\"name\":\"Gita scolastica rafting Sarine\",\"isPartOf\":{\"@id\":\"https:\/\/www.swissraft.ch\/it\/#website\"},\"primaryImageOfPage\":{\"@id\":\"https:\/\/www.swissraft.ch\/it\/prodotto\/corsa-scolastica-nel-pays-denhaut-rafting-sarine-saanen-chateau-doex-chf-80-00\/#primaryimage\"},\"image\":{\"@id\":\"https:\/\/www.swissraft.ch\/it\/prodotto\/corsa-scolastica-nel-pays-denhaut-rafting-sarine-saanen-chateau-doex-chf-80-00\/#primaryimage\"},\"thumbnailUrl\":\"https:\/\/www.swissraft.ch\/wp-content\/uploads\/2023\/03\/1-2-Saane-776x776-1.jpg\",\"datePublished\":\"2023-03-19T16:30:19+00:00\",\"dateModified\":\"2025-12-27T20:59:34+00:00\",\"description\":\"Gita scolastica rafting Sarine. Questo percorso tra Saanen e Ch\u00e2teau d'Oex \u00e8 un'attraente discesa. A partire dai 10 anni per gli alunni accompagnati\",\"breadcrumb\":{\"@id\":\"https:\/\/www.swissraft.ch\/it\/prodotto\/corsa-scolastica-nel-pays-denhaut-rafting-sarine-saanen-chateau-doex-chf-80-00\/#breadcrumb\"},\"inLanguage\":\"it-IT\",\"potentialAction\":[{\"@type\":\"ReadAction\",\"target\":[\"https:\/\/www.swissraft.ch\/it\/prodotto\/corsa-scolastica-nel-pays-denhaut-rafting-sarine-saanen-chateau-doex-chf-80-00\/\"]}]},{\"@type\":\"ImageObject\",\"inLanguage\":\"it-IT\",\"@id\":\"https:\/\/www.swissraft.ch\/it\/prodotto\/corsa-scolastica-nel-pays-denhaut-rafting-sarine-saanen-chateau-doex-chf-80-00\/#primaryimage\",\"url\":\"https:\/\/www.swissraft.ch\/wp-content\/uploads\/2023\/03\/1-2-Saane-776x776-1.jpg\",\"contentUrl\":\"https:\/\/www.swissraft.ch\/wp-content\/uploads\/2023\/03\/1-2-Saane-776x776-1.jpg\",\"width\":776,\"height\":776,\"caption\":\"Gara di rafting scolastica sulla Sarine nel Pays d'Enhaut\"},{\"@type\":\"BreadcrumbList\",\"@id\":\"https:\/\/www.swissraft.ch\/it\/prodotto\/corsa-scolastica-nel-pays-denhaut-rafting-sarine-saanen-chateau-doex-chf-80-00\/#breadcrumb\",\"itemListElement\":[{\"@type\":\"ListItem\",\"position\":1,\"name\":\"Accueil\",\"item\":\"https:\/\/www.swissraft.ch\/it\/\"},{\"@type\":\"ListItem\",\"position\":2,\"name\":\"Negozio\",\"item\":\"https:\/\/www.swissraft.ch\/it\/negozio\/\"},{\"@type\":\"ListItem\",\"position\":3,\"name\":\"Gita scolastica in PAYS D&#8217;ENHAUT &#8211; RAFTING &#8211; THE SARINE &#8211; SAANEN-CH\u00c2TEAU D&#8217;OEX &#8211; CHF 100.00\"}]},{\"@type\":\"WebSite\",\"@id\":\"https:\/\/www.swissraft.ch\/it\/#website\",\"url\":\"https:\/\/www.swissraft.ch\/it\/\",\"name\":\"Swissraft\",\"description\":\"To enjoy nature as it is\",\"publisher\":{\"@id\":\"https:\/\/www.swissraft.ch\/it\/#organization\"},\"potentialAction\":[{\"@type\":\"SearchAction\",\"target\":{\"@type\":\"EntryPoint\",\"urlTemplate\":\"https:\/\/www.swissraft.ch\/it\/?s={search_term_string}\"},\"query-input\":{\"@type\":\"PropertyValueSpecification\",\"valueRequired\":true,\"valueName\":\"search_term_string\"}}],\"inLanguage\":\"it-IT\"},{\"@type\":\"Organization\",\"@id\":\"https:\/\/www.swissraft.ch\/it\/#organization\",\"name\":\"Swissraft\",\"url\":\"https:\/\/www.swissraft.ch\/it\/\",\"logo\":{\"@type\":\"ImageObject\",\"inLanguage\":\"it-IT\",\"@id\":\"https:\/\/www.swissraft.ch\/it\/#\/schema\/logo\/image\/\",\"url\":\"https:\/\/www.swissraft.ch\/wp-content\/uploads\/2025\/09\/Capture.jpg\",\"contentUrl\":\"https:\/\/www.swissraft.ch\/wp-content\/uploads\/2025\/09\/Capture.jpg\",\"width\":293,\"height\":108,\"caption\":\"Swissraft\"},\"image\":{\"@id\":\"https:\/\/www.swissraft.ch\/it\/#\/schema\/logo\/image\/\"}}]}<\/script>\n<!-- \/ Yoast SEO plugin. -->","yoast_head_json":{"title":"Gita scolastica rafting Sarine","description":"Gita scolastica rafting Sarine. Questo percorso tra Saanen e Ch\u00e2teau d'Oex \u00e8 un'attraente discesa. A partire dai 10 anni per gli alunni accompagnati","robots":{"index":"index","follow":"follow","max-snippet":"max-snippet:-1","max-image-preview":"max-image-preview:large","max-video-preview":"max-video-preview:-1"},"canonical":"https:\/\/www.swissraft.ch\/it\/prodotto\/corsa-scolastica-nel-pays-denhaut-rafting-sarine-saanen-chateau-doex-chf-80-00\/","og_locale":"it_IT","og_type":"article","og_title":"Gita scolastica rafting Sarine","og_description":"Gita scolastica rafting Sarine. Questo percorso tra Saanen e Ch\u00e2teau d'Oex \u00e8 un'attraente discesa. A partire dai 10 anni per gli alunni accompagnati","og_url":"https:\/\/www.swissraft.ch\/it\/prodotto\/corsa-scolastica-nel-pays-denhaut-rafting-sarine-saanen-chateau-doex-chf-80-00\/","og_site_name":"Swissraft","article_modified_time":"2025-12-27T20:59:34+00:00","og_image":[{"width":776,"height":776,"url":"https:\/\/www.swissraft.ch\/wp-content\/uploads\/2023\/03\/1-2-Saane-776x776-1.jpg","type":"image\/jpeg"}],"twitter_card":"summary_large_image","twitter_misc":{"Tempo di lettura stimato":"1 minuto"},"schema":{"@context":"https:\/\/schema.org","@graph":[{"@type":"WebPage","@id":"https:\/\/www.swissraft.ch\/it\/prodotto\/corsa-scolastica-nel-pays-denhaut-rafting-sarine-saanen-chateau-doex-chf-80-00\/","url":"https:\/\/www.swissraft.ch\/it\/prodotto\/corsa-scolastica-nel-pays-denhaut-rafting-sarine-saanen-chateau-doex-chf-80-00\/","name":"Gita scolastica rafting Sarine","isPartOf":{"@id":"https:\/\/www.swissraft.ch\/it\/#website"},"primaryImageOfPage":{"@id":"https:\/\/www.swissraft.ch\/it\/prodotto\/corsa-scolastica-nel-pays-denhaut-rafting-sarine-saanen-chateau-doex-chf-80-00\/#primaryimage"},"image":{"@id":"https:\/\/www.swissraft.ch\/it\/prodotto\/corsa-scolastica-nel-pays-denhaut-rafting-sarine-saanen-chateau-doex-chf-80-00\/#primaryimage"},"thumbnailUrl":"https:\/\/www.swissraft.ch\/wp-content\/uploads\/2023\/03\/1-2-Saane-776x776-1.jpg","datePublished":"2023-03-19T16:30:19+00:00","dateModified":"2025-12-27T20:59:34+00:00","description":"Gita scolastica rafting Sarine. Questo percorso tra Saanen e Ch\u00e2teau d'Oex \u00e8 un'attraente discesa. A partire dai 10 anni per gli alunni accompagnati","breadcrumb":{"@id":"https:\/\/www.swissraft.ch\/it\/prodotto\/corsa-scolastica-nel-pays-denhaut-rafting-sarine-saanen-chateau-doex-chf-80-00\/#breadcrumb"},"inLanguage":"it-IT","potentialAction":[{"@type":"ReadAction","target":["https:\/\/www.swissraft.ch\/it\/prodotto\/corsa-scolastica-nel-pays-denhaut-rafting-sarine-saanen-chateau-doex-chf-80-00\/"]}]},{"@type":"ImageObject","inLanguage":"it-IT","@id":"https:\/\/www.swissraft.ch\/it\/prodotto\/corsa-scolastica-nel-pays-denhaut-rafting-sarine-saanen-chateau-doex-chf-80-00\/#primaryimage","url":"https:\/\/www.swissraft.ch\/wp-content\/uploads\/2023\/03\/1-2-Saane-776x776-1.jpg","contentUrl":"https:\/\/www.swissraft.ch\/wp-content\/uploads\/2023\/03\/1-2-Saane-776x776-1.jpg","width":776,"height":776,"caption":"Gara di rafting scolastica sulla Sarine nel Pays d'Enhaut"},{"@type":"BreadcrumbList","@id":"https:\/\/www.swissraft.ch\/it\/prodotto\/corsa-scolastica-nel-pays-denhaut-rafting-sarine-saanen-chateau-doex-chf-80-00\/#breadcrumb","itemListElement":[{"@type":"ListItem","position":1,"name":"Accueil","item":"https:\/\/www.swissraft.ch\/it\/"},{"@type":"ListItem","position":2,"name":"Negozio","item":"https:\/\/www.swissraft.ch\/it\/negozio\/"},{"@type":"ListItem","position":3,"name":"Gita scolastica in PAYS D&#8217;ENHAUT &#8211; RAFTING &#8211; THE SARINE &#8211; SAANEN-CH\u00c2TEAU D&#8217;OEX &#8211; CHF 100.00"}]},{"@type":"WebSite","@id":"https:\/\/www.swissraft.ch\/it\/#website","url":"https:\/\/www.swissraft.ch\/it\/","name":"Swissraft","description":"To enjoy nature as it is","publisher":{"@id":"https:\/\/www.swissraft.ch\/it\/#organization"},"potentialAction":[{"@type":"SearchAction","target":{"@type":"EntryPoint","urlTemplate":"https:\/\/www.swissraft.ch\/it\/?s={search_term_string}"},"query-input":{"@type":"PropertyValueSpecification","valueRequired":true,"valueName":"search_term_string"}}],"inLanguage":"it-IT"},{"@type":"Organization","@id":"https:\/\/www.swissraft.ch\/it\/#organization","name":"Swissraft","url":"https:\/\/www.swissraft.ch\/it\/","logo":{"@type":"ImageObject","inLanguage":"it-IT","@id":"https:\/\/www.swissraft.ch\/it\/#\/schema\/logo\/image\/","url":"https:\/\/www.swissraft.ch\/wp-content\/uploads\/2025\/09\/Capture.jpg","contentUrl":"https:\/\/www.swissraft.ch\/wp-content\/uploads\/2025\/09\/Capture.jpg","width":293,"height":108,"caption":"Swissraft"},"image":{"@id":"https:\/\/www.swissraft.ch\/it\/#\/schema\/logo\/image\/"}}]}},"_links":{"self":[{"href":"https:\/\/www.swissraft.ch\/it\/wp-json\/wp\/v2\/product\/92334","targetHints":{"allow":["GET"]}}],"collection":[{"href":"https:\/\/www.swissraft.ch\/it\/wp-json\/wp\/v2\/product"}],"about":[{"href":"https:\/\/www.swissraft.ch\/it\/wp-json\/wp\/v2\/types\/product"}],"replies":[{"embeddable":true,"href":"https:\/\/www.swissraft.ch\/it\/wp-json\/wp\/v2\/comments?post=92334"}],"version-history":[{"count":10,"href":"https:\/\/www.swissraft.ch\/it\/wp-json\/wp\/v2\/product\/92334\/revisions"}],"predecessor-version":[{"id":125555,"href":"https:\/\/www.swissraft.ch\/it\/wp-json\/wp\/v2\/product\/92334\/revisions\/125555"}],"wp:featuredmedia":[{"embeddable":true,"href":"https:\/\/www.swissraft.ch\/it\/wp-json\/wp\/v2\/media\/90884"}],"wp:attachment":[{"href":"https:\/\/www.swissraft.ch\/it\/wp-json\/wp\/v2\/media?parent=92334"}],"wp:term":[{"taxonomy":"product_cat","embeddable":true,"href":"https:\/\/www.swissraft.ch\/it\/wp-json\/wp\/v2\/product_cat?post=92334"},{"taxonomy":"product_tag","embeddable":true,"href":"https:\/\/www.swissraft.ch\/it\/wp-json\/wp\/v2\/product_tag?post=92334"}],"curies":[{"name":"wp","href":"https:\/\/api.w.org\/{rel}","templated":true}]}}