{"id":92332,"date":"2023-12-02T18:18:26","date_gmt":"2023-12-02T17:18:26","guid":{"rendered":"https:\/\/swissraft.xyanzkdne.eu\/product\/iniziazione-su-un-aereo-da-epagny-piper-pa18-cub-chf-199-00\/"},"modified":"2024-11-20T09:40:22","modified_gmt":"2024-11-20T08:40:22","slug":"iniziazione-su-un-aereo-da-epagny-piper-pa18-cub-chf-199-00","status":"publish","type":"product","link":"https:\/\/www.swissraft.ch\/it\/prodotto\/iniziazione-su-un-aereo-da-epagny-piper-pa18-cub-chf-199-00\/","title":{"rendered":"Iniziazione su un aereo da \u00c9PAGNY &#8211; PIPER PA18-CUB &#8211; CHF 199.00"},"content":{"rendered":"\t\t<div data-elementor-type=\"wp-post\" data-elementor-id=\"92332\" class=\"elementor elementor-92332 elementor-53735\">\n\t\t\t\t\t\t\t\t\t<section class=\"elementor-section elementor-top-section elementor-element elementor-element-3303a7e3 elementor-section-boxed elementor-section-height-default elementor-section-height-default\" data-id=\"3303a7e3\" data-element_type=\"section\">\n\t\t\t\t\t\t<div class=\"elementor-container elementor-column-gap-default\">\n\t\t\t\t\t<div class=\"elementor-column elementor-col-100 elementor-top-column elementor-element elementor-element-16d72dbf\" data-id=\"16d72dbf\" data-element_type=\"column\">\n\t\t\t<div class=\"elementor-widget-wrap elementor-element-populated\">\n\t\t\t\t\t\t\t\t<div class=\"elementor-element elementor-element-d743c03 elementor-widget elementor-widget-text-editor\" data-id=\"d743c03\" data-element_type=\"widget\" data-widget_type=\"text-editor.default\">\n\t\t\t\t<div class=\"elementor-widget-container\">\n\t\t\t\t\t\t\t<h2>SCEGLI LA TUA ATTIVIT\u00c0 QUI SOTTO PER OFFRIRE BUONI REGALO\/BIGLIETTI O EFFETTUARE UNA PRENOTAZIONE<\/h2>\n<table border=\"0\" width=\"580\" cellspacing=\"10\" cellpadding=\"10\">\n<tbody>\n<tr>\n<td width=\"50%\"><strong>INIZIAZIONE AL PIPER &#8211; 1 STUDENTE &#8211; 40 min.<\/strong><\/td>\n<td><strong>CHF 199,00 per volo<span class=\"productPrice\"><br \/><\/span><\/strong><\/td>\n<\/tr>\n<tr>\n<td>Informazioni aggiuntive<\/td>\n<td>\n<p>&#8211; Utilizzi l&#8217;aereo esclusivamente per te &#8211;<span class=\"patt\"> Scegli la data e l&#8217;ora di partenza &#8211; Massimo 1 persona.<\/span><\/td>\n<\/tr>\n<tr>\n<td>Aerodromo<\/td>\n<td><a href=\"https:\/\/www.google.com\/maps\/place\/46%C2%B035'44.0%22N+7%C2%B005'36.3%22E\/@46.5958455,7.0846888,1551m\/data=!3m1!1e3!4m4!3m3!8m2!3d46.5955556!4d7.0934167?entry=ttu\" target=\"_blank\" rel=\"noopener\">\u00c9pagny<\/a><\/td>\n<\/tr>\n<tr>\n<td>Tempo di volo<\/td>\n<td>40 min.<\/td>\n<\/tr>\n<tr>\n<td>Durata totale<\/td>\n<td>circa 1h15<\/td>\n<\/tr>\n<tr>\n<td>Appuntamento<\/td>\n<td>Per telefono<\/td>\n<\/tr>\n<tr>\n<td><button class=\"elementor-button\" type=\"button\"><a href=\"https:\/\/swissraft.outdoorbooking.ch\/fo\/products\/1695?base_id=252&amp;category_id=4&amp;order_type=gift_voucher&amp;lang=it\" target=\"_blank\" rel=\"noopener\">BUONO REGALO<\/a><\/button><\/td>\n<td>Per prenotare <span class=\"patt\" style=\"font-family: inherit; font-size: inherit;\"><span class=\"plbl\"><span class=\"patt\"><a href=\"https:\/\/www.swissraft.ch\/it\/contattaci\/\">contattaci<\/a><\/span><\/span><\/span><\/td>\n<\/tr>\n<\/tbody>\n<\/table>\n\t\t\t\t\t\t<\/div>\n\t\t\t\t<\/div>\n\t\t\t\t\t<\/div>\n\t\t<\/div>\n\t\t\t\t\t\t\t<\/div>\n\t\t<\/section>\n\t\t\t\t\t\t\t<\/div>\n\t\t","protected":false},"excerpt":{"rendered":"<div align=\"justify\">\n<h2 align=\"justify\">Dall&#8217;aeroporto di \u00c9pagny en Gruy\u00e8re, prendi i comandi per un&#8217;introduzione al PIPER PA18 CUB senza ulteriori formalit\u00e0.<\/h2>\n<h3>Il PIPER PA18 CUB ha il privilegio di essere uno dei vecchi cuculi degli anni &#8217;50. Nonostante la sua grande et\u00e0, rimane un aereo molto sicuro e facile da pilotare. <\/h3>\n<\/div>\n<div align=\"justify\">\n<p>Unisciti alla comunit\u00e0 e alla grande famiglia dei piloti. Non sono necessarie qualifiche precedenti per questa introduzione al volo in aereo. Sotto l&#8217;occhio vigile del tuo istruttore, prendi subito i comandi nella parte anteriore dell&#8217;aereo. Raggiungere quello che molti sognano: essere un giorno un pilota di aerei.<\/p>\n<h3>Swissraft, con i suoi piloti istruttori per aerei, alianti ed elicotteri, offre un&#8217;ampia gamma di velivoli per i principianti.<\/h3>\n<p id=\"textarea\" style=\"display: none;\">\nAbbiamo voli introduttivi dall&#8217;aeroporto di Berna-Belp. Oltre ai voli introduttivi dall&#8217;aerodromo di Buttwil nel Canton Argovia. Swissraft offre anche voli introduttivi in aliante presso l&#8217;aerodromo di Sch\u00e4nis, nel cantone di San Gallo. Gall.\n<\/p>\n<p><a id=\"seeMore\" onclick=\"toggleSeeMore()\" href=\"javascript:void(0);\">Leggi tutto<\/a><\/p>\n","protected":false},"featured_media":88640,"comment_status":"open","ping_status":"closed","template":"","meta":{"inline_featured_image":false,"_mi_skip_tracking":false},"product_cat":[387,386,385],"product_tag":[],"class_list":["post-92332","product","type-product","status-publish","has-post-thumbnail","hentry","product_cat-introduzione-al-volo-epagny","product_cat-pilotare-se-stessi","product_cat-pilotare-un-aereo"],"yoast_head":"<!-- This site is optimized with the Yoast SEO plugin v23.6 - https:\/\/yoast.com\/wordpress\/plugins\/seo\/ -->\n<title>Iniziazione del Piper di \u00c9pagny, un aereo d&#039;epoca<\/title>\n<meta name=\"description\" content=\"Iniziazione su Piper di \u00c9pagny, un aereo oltimer degli anni &#039;50 per rivivere i momenti nostalgici dell&#039;aviazione civile in compagnia di un istruttore.\" \/>\n<meta name=\"robots\" content=\"index, follow, max-snippet:-1, max-image-preview:large, max-video-preview:-1\" \/>\n<link rel=\"canonical\" href=\"https:\/\/www.swissraft.ch\/it\/prodotto\/iniziazione-su-un-aereo-da-epagny-piper-pa18-cub-chf-199-00\/\" \/>\n<meta property=\"og:locale\" content=\"it_IT\" \/>\n<meta property=\"og:type\" content=\"article\" \/>\n<meta property=\"og:title\" content=\"Iniziazione del Piper di \u00c9pagny, un aereo d&#039;epoca\" \/>\n<meta property=\"og:description\" content=\"Iniziazione su Piper di \u00c9pagny, un aereo oltimer degli anni &#039;50 per rivivere i momenti nostalgici dell&#039;aviazione civile in compagnia di un istruttore.\" \/>\n<meta property=\"og:url\" content=\"https:\/\/www.swissraft.ch\/it\/prodotto\/iniziazione-su-un-aereo-da-epagny-piper-pa18-cub-chf-199-00\/\" \/>\n<meta property=\"og:site_name\" content=\"Swissraft\" \/>\n<meta property=\"article:modified_time\" content=\"2024-11-20T08:40:22+00:00\" \/>\n<meta property=\"og:image\" content=\"https:\/\/www.swissraft.ch\/wp-content\/uploads\/2023\/01\/2-PIPER-PA18-CUB-776x776-1.jpg\" \/>\n\t<meta property=\"og:image:width\" content=\"776\" \/>\n\t<meta property=\"og:image:height\" content=\"776\" \/>\n\t<meta property=\"og:image:type\" content=\"image\/jpeg\" \/>\n<meta name=\"twitter:card\" content=\"summary_large_image\" \/>\n<script type=\"application\/ld+json\" class=\"yoast-schema-graph\">{\"@context\":\"https:\/\/schema.org\",\"@graph\":[{\"@type\":\"WebPage\",\"@id\":\"https:\/\/www.swissraft.ch\/it\/prodotto\/iniziazione-su-un-aereo-da-epagny-piper-pa18-cub-chf-199-00\/\",\"url\":\"https:\/\/www.swissraft.ch\/it\/prodotto\/iniziazione-su-un-aereo-da-epagny-piper-pa18-cub-chf-199-00\/\",\"name\":\"Iniziazione del Piper di \u00c9pagny, un aereo d'epoca\",\"isPartOf\":{\"@id\":\"https:\/\/www.swissraft.ch\/it\/#website\"},\"primaryImageOfPage\":{\"@id\":\"https:\/\/www.swissraft.ch\/it\/prodotto\/iniziazione-su-un-aereo-da-epagny-piper-pa18-cub-chf-199-00\/#primaryimage\"},\"image\":{\"@id\":\"https:\/\/www.swissraft.ch\/it\/prodotto\/iniziazione-su-un-aereo-da-epagny-piper-pa18-cub-chf-199-00\/#primaryimage\"},\"thumbnailUrl\":\"https:\/\/www.swissraft.ch\/wp-content\/uploads\/2023\/01\/2-PIPER-PA18-CUB-776x776-1.jpg\",\"datePublished\":\"2023-12-02T17:18:26+00:00\",\"dateModified\":\"2024-11-20T08:40:22+00:00\",\"description\":\"Iniziazione su Piper di \u00c9pagny, un aereo oltimer degli anni '50 per rivivere i momenti nostalgici dell'aviazione civile in compagnia di un istruttore.\",\"breadcrumb\":{\"@id\":\"https:\/\/www.swissraft.ch\/it\/prodotto\/iniziazione-su-un-aereo-da-epagny-piper-pa18-cub-chf-199-00\/#breadcrumb\"},\"inLanguage\":\"it-IT\",\"potentialAction\":[{\"@type\":\"ReadAction\",\"target\":[\"https:\/\/www.swissraft.ch\/it\/prodotto\/iniziazione-su-un-aereo-da-epagny-piper-pa18-cub-chf-199-00\/\"]}]},{\"@type\":\"ImageObject\",\"inLanguage\":\"it-IT\",\"@id\":\"https:\/\/www.swissraft.ch\/it\/prodotto\/iniziazione-su-un-aereo-da-epagny-piper-pa18-cub-chf-199-00\/#primaryimage\",\"url\":\"https:\/\/www.swissraft.ch\/wp-content\/uploads\/2023\/01\/2-PIPER-PA18-CUB-776x776-1.jpg\",\"contentUrl\":\"https:\/\/www.swissraft.ch\/wp-content\/uploads\/2023\/01\/2-PIPER-PA18-CUB-776x776-1.jpg\",\"width\":776,\"height\":776,\"caption\":\"Piper PA18-Cub per un'introduzione al volo da \u00c9pagny\"},{\"@type\":\"BreadcrumbList\",\"@id\":\"https:\/\/www.swissraft.ch\/it\/prodotto\/iniziazione-su-un-aereo-da-epagny-piper-pa18-cub-chf-199-00\/#breadcrumb\",\"itemListElement\":[{\"@type\":\"ListItem\",\"position\":1,\"name\":\"Accueil\",\"item\":\"https:\/\/www.swissraft.ch\/it\/\"},{\"@type\":\"ListItem\",\"position\":2,\"name\":\"Negozio\",\"item\":\"https:\/\/www.swissraft.ch\/it\/negozio\/\"},{\"@type\":\"ListItem\",\"position\":3,\"name\":\"Iniziazione su un aereo da \u00c9PAGNY &#8211; PIPER PA18-CUB &#8211; CHF 199.00\"}]},{\"@type\":\"WebSite\",\"@id\":\"https:\/\/www.swissraft.ch\/it\/#website\",\"url\":\"https:\/\/www.swissraft.ch\/it\/\",\"name\":\"Swissraft\",\"description\":\"To enjoy nature as it is\",\"publisher\":{\"@id\":\"https:\/\/www.swissraft.ch\/it\/#organization\"},\"potentialAction\":[{\"@type\":\"SearchAction\",\"target\":{\"@type\":\"EntryPoint\",\"urlTemplate\":\"https:\/\/www.swissraft.ch\/it\/?s={search_term_string}\"},\"query-input\":{\"@type\":\"PropertyValueSpecification\",\"valueRequired\":true,\"valueName\":\"search_term_string\"}}],\"inLanguage\":\"it-IT\"},{\"@type\":\"Organization\",\"@id\":\"https:\/\/www.swissraft.ch\/it\/#organization\",\"name\":\"Swissraft\",\"url\":\"https:\/\/www.swissraft.ch\/it\/\",\"logo\":{\"@type\":\"ImageObject\",\"inLanguage\":\"it-IT\",\"@id\":\"https:\/\/www.swissraft.ch\/it\/#\/schema\/logo\/image\/\",\"url\":\"https:\/\/www.swissraft.ch\/wp-content\/uploads\/2025\/09\/Capture.jpg\",\"contentUrl\":\"https:\/\/www.swissraft.ch\/wp-content\/uploads\/2025\/09\/Capture.jpg\",\"width\":293,\"height\":108,\"caption\":\"Swissraft\"},\"image\":{\"@id\":\"https:\/\/www.swissraft.ch\/it\/#\/schema\/logo\/image\/\"}}]}<\/script>\n<!-- \/ Yoast SEO plugin. -->","yoast_head_json":{"title":"Iniziazione del Piper di \u00c9pagny, un aereo d'epoca","description":"Iniziazione su Piper di \u00c9pagny, un aereo oltimer degli anni '50 per rivivere i momenti nostalgici dell'aviazione civile in compagnia di un istruttore.","robots":{"index":"index","follow":"follow","max-snippet":"max-snippet:-1","max-image-preview":"max-image-preview:large","max-video-preview":"max-video-preview:-1"},"canonical":"https:\/\/www.swissraft.ch\/it\/prodotto\/iniziazione-su-un-aereo-da-epagny-piper-pa18-cub-chf-199-00\/","og_locale":"it_IT","og_type":"article","og_title":"Iniziazione del Piper di \u00c9pagny, un aereo d'epoca","og_description":"Iniziazione su Piper di \u00c9pagny, un aereo oltimer degli anni '50 per rivivere i momenti nostalgici dell'aviazione civile in compagnia di un istruttore.","og_url":"https:\/\/www.swissraft.ch\/it\/prodotto\/iniziazione-su-un-aereo-da-epagny-piper-pa18-cub-chf-199-00\/","og_site_name":"Swissraft","article_modified_time":"2024-11-20T08:40:22+00:00","og_image":[{"width":776,"height":776,"url":"https:\/\/www.swissraft.ch\/wp-content\/uploads\/2023\/01\/2-PIPER-PA18-CUB-776x776-1.jpg","type":"image\/jpeg"}],"twitter_card":"summary_large_image","schema":{"@context":"https:\/\/schema.org","@graph":[{"@type":"WebPage","@id":"https:\/\/www.swissraft.ch\/it\/prodotto\/iniziazione-su-un-aereo-da-epagny-piper-pa18-cub-chf-199-00\/","url":"https:\/\/www.swissraft.ch\/it\/prodotto\/iniziazione-su-un-aereo-da-epagny-piper-pa18-cub-chf-199-00\/","name":"Iniziazione del Piper di \u00c9pagny, un aereo d'epoca","isPartOf":{"@id":"https:\/\/www.swissraft.ch\/it\/#website"},"primaryImageOfPage":{"@id":"https:\/\/www.swissraft.ch\/it\/prodotto\/iniziazione-su-un-aereo-da-epagny-piper-pa18-cub-chf-199-00\/#primaryimage"},"image":{"@id":"https:\/\/www.swissraft.ch\/it\/prodotto\/iniziazione-su-un-aereo-da-epagny-piper-pa18-cub-chf-199-00\/#primaryimage"},"thumbnailUrl":"https:\/\/www.swissraft.ch\/wp-content\/uploads\/2023\/01\/2-PIPER-PA18-CUB-776x776-1.jpg","datePublished":"2023-12-02T17:18:26+00:00","dateModified":"2024-11-20T08:40:22+00:00","description":"Iniziazione su Piper di \u00c9pagny, un aereo oltimer degli anni '50 per rivivere i momenti nostalgici dell'aviazione civile in compagnia di un istruttore.","breadcrumb":{"@id":"https:\/\/www.swissraft.ch\/it\/prodotto\/iniziazione-su-un-aereo-da-epagny-piper-pa18-cub-chf-199-00\/#breadcrumb"},"inLanguage":"it-IT","potentialAction":[{"@type":"ReadAction","target":["https:\/\/www.swissraft.ch\/it\/prodotto\/iniziazione-su-un-aereo-da-epagny-piper-pa18-cub-chf-199-00\/"]}]},{"@type":"ImageObject","inLanguage":"it-IT","@id":"https:\/\/www.swissraft.ch\/it\/prodotto\/iniziazione-su-un-aereo-da-epagny-piper-pa18-cub-chf-199-00\/#primaryimage","url":"https:\/\/www.swissraft.ch\/wp-content\/uploads\/2023\/01\/2-PIPER-PA18-CUB-776x776-1.jpg","contentUrl":"https:\/\/www.swissraft.ch\/wp-content\/uploads\/2023\/01\/2-PIPER-PA18-CUB-776x776-1.jpg","width":776,"height":776,"caption":"Piper PA18-Cub per un'introduzione al volo da \u00c9pagny"},{"@type":"BreadcrumbList","@id":"https:\/\/www.swissraft.ch\/it\/prodotto\/iniziazione-su-un-aereo-da-epagny-piper-pa18-cub-chf-199-00\/#breadcrumb","itemListElement":[{"@type":"ListItem","position":1,"name":"Accueil","item":"https:\/\/www.swissraft.ch\/it\/"},{"@type":"ListItem","position":2,"name":"Negozio","item":"https:\/\/www.swissraft.ch\/it\/negozio\/"},{"@type":"ListItem","position":3,"name":"Iniziazione su un aereo da \u00c9PAGNY &#8211; PIPER PA18-CUB &#8211; CHF 199.00"}]},{"@type":"WebSite","@id":"https:\/\/www.swissraft.ch\/it\/#website","url":"https:\/\/www.swissraft.ch\/it\/","name":"Swissraft","description":"To enjoy nature as it is","publisher":{"@id":"https:\/\/www.swissraft.ch\/it\/#organization"},"potentialAction":[{"@type":"SearchAction","target":{"@type":"EntryPoint","urlTemplate":"https:\/\/www.swissraft.ch\/it\/?s={search_term_string}"},"query-input":{"@type":"PropertyValueSpecification","valueRequired":true,"valueName":"search_term_string"}}],"inLanguage":"it-IT"},{"@type":"Organization","@id":"https:\/\/www.swissraft.ch\/it\/#organization","name":"Swissraft","url":"https:\/\/www.swissraft.ch\/it\/","logo":{"@type":"ImageObject","inLanguage":"it-IT","@id":"https:\/\/www.swissraft.ch\/it\/#\/schema\/logo\/image\/","url":"https:\/\/www.swissraft.ch\/wp-content\/uploads\/2025\/09\/Capture.jpg","contentUrl":"https:\/\/www.swissraft.ch\/wp-content\/uploads\/2025\/09\/Capture.jpg","width":293,"height":108,"caption":"Swissraft"},"image":{"@id":"https:\/\/www.swissraft.ch\/it\/#\/schema\/logo\/image\/"}}]}},"_links":{"self":[{"href":"https:\/\/www.swissraft.ch\/it\/wp-json\/wp\/v2\/product\/92332","targetHints":{"allow":["GET"]}}],"collection":[{"href":"https:\/\/www.swissraft.ch\/it\/wp-json\/wp\/v2\/product"}],"about":[{"href":"https:\/\/www.swissraft.ch\/it\/wp-json\/wp\/v2\/types\/product"}],"replies":[{"embeddable":true,"href":"https:\/\/www.swissraft.ch\/it\/wp-json\/wp\/v2\/comments?post=92332"}],"version-history":[{"count":0,"href":"https:\/\/www.swissraft.ch\/it\/wp-json\/wp\/v2\/product\/92332\/revisions"}],"wp:featuredmedia":[{"embeddable":true,"href":"https:\/\/www.swissraft.ch\/it\/wp-json\/wp\/v2\/media\/88640"}],"wp:attachment":[{"href":"https:\/\/www.swissraft.ch\/it\/wp-json\/wp\/v2\/media?parent=92332"}],"wp:term":[{"taxonomy":"product_cat","embeddable":true,"href":"https:\/\/www.swissraft.ch\/it\/wp-json\/wp\/v2\/product_cat?post=92332"},{"taxonomy":"product_tag","embeddable":true,"href":"https:\/\/www.swissraft.ch\/it\/wp-json\/wp\/v2\/product_tag?post=92332"}],"curies":[{"name":"wp","href":"https:\/\/api.w.org\/{rel}","templated":true}]}}