{"id":92325,"date":"2023-12-02T18:52:16","date_gmt":"2023-12-02T17:52:16","guid":{"rendered":"https:\/\/swissraft.xyanzkdne.eu\/product\/introduzione-a-un-aereo-di-buttwil-cessna-152-chf-290-00\/"},"modified":"2024-11-20T09:40:22","modified_gmt":"2024-11-20T08:40:22","slug":"introduzione-a-un-aereo-di-buttwil-cessna-152-chf-290-00","status":"publish","type":"product","link":"https:\/\/www.swissraft.ch\/it\/prodotto\/introduzione-a-un-aereo-di-buttwil-cessna-152-chf-290-00\/","title":{"rendered":"Introduzione a un aereo di BUTTWIL &#8211; CESSNA 152 &#8211; CHF 290.00"},"content":{"rendered":"\t\t<div data-elementor-type=\"wp-post\" data-elementor-id=\"92325\" class=\"elementor elementor-92325 elementor-53741\">\n\t\t\t\t\t\t\t\t\t<section class=\"elementor-section elementor-top-section elementor-element elementor-element-3303a7e3 elementor-section-boxed elementor-section-height-default elementor-section-height-default\" data-id=\"3303a7e3\" data-element_type=\"section\">\n\t\t\t\t\t\t<div class=\"elementor-container elementor-column-gap-default\">\n\t\t\t\t\t<div class=\"elementor-column elementor-col-100 elementor-top-column elementor-element elementor-element-16d72dbf\" data-id=\"16d72dbf\" data-element_type=\"column\">\n\t\t\t<div class=\"elementor-widget-wrap elementor-element-populated\">\n\t\t\t\t\t\t\t\t<div class=\"elementor-element elementor-element-d743c03 elementor-widget elementor-widget-text-editor\" data-id=\"d743c03\" data-element_type=\"widget\" data-widget_type=\"text-editor.default\">\n\t\t\t\t<div class=\"elementor-widget-container\">\n\t\t\t\t\t\t\t<h2>SCEGLI LA TUA ATTIVIT\u00c0 QUI SOTTO PER OFFRIRE BUONI REGALO\/BIGLIETTI O EFFETTUARE UNA PRENOTAZIONE<\/h2>\n<table border=\"0\" width=\"580\" cellspacing=\"10\" cellpadding=\"10\">\n<tbody>\n<tr>\n<td width=\"50%\"><strong>INIZIAZIONE AL CESSNA 152 &#8211; 1 STUDENTE &#8211; 45 min.<\/strong><\/td>\n<td><strong>CHF 290,00 per volo<span class=\"productPrice\"><br \/><\/span><\/strong><\/td>\n<\/tr>\n<tr>\n<td>Informazioni aggiuntive<\/td>\n<td>\n<p>&#8211; Utilizzi l&#8217;aereo esclusivamente per te &#8211;<span class=\"patt\"> Scegli la data e l&#8217;ora di partenza &#8211; Massimo 1 persona.<\/span><\/td>\n<\/tr>\n<tr>\n<td>Campo d&#8217;aviazione<\/td>\n<td><a href=\"https:\/\/www.google.com\/maps\/place\/47%C2%B015'51.5%22N+8%C2%B018'05.7%22E\/@47.2643994,8.29713,766m\/data=!3m1!1e3!4m4!3m3!8m2!3d47.2643056!4d8.3015833?entry=ttu\" target=\"_blank\" rel=\"noopener\">Buttwil<\/a><\/td>\n<\/tr>\n<tr>\n<td>Tempo di volo<\/td>\n<td>45 min.<\/td>\n<\/tr>\n<tr>\n<td>Durata totale<\/td>\n<td>circa 1h15<\/td>\n<\/tr>\n<tr>\n<td>Appuntamento<\/td>\n<td>Per telefono<\/td>\n<\/tr>\n<tr>\n<td><button class=\"elementor-button\" type=\"button\"><a href=\"https:\/\/swissraft.outdoorbooking.ch\/fo\/products\/210?base_id=25&amp;category_id=4&amp;order_type=gift_voucher&amp;lang=it\" target=\"_blank\" rel=\"noopener\">BUONO REGALO<\/a><\/button><\/td>\n<td>Per prenotare <span class=\"patt\" style=\"font-family: inherit; font-size: inherit;\"><span class=\"plbl\"><span class=\"patt\"><a href=\"https:\/\/www.swissraft.ch\/it\/contattaci\/\">contattaci<\/a><\/span><\/span><\/span><\/td>\n<\/tr>\n<\/tbody>\n<\/table>\n\t\t\t\t\t\t<\/div>\n\t\t\t\t<\/div>\n\t\t\t\t\t<\/div>\n\t\t<\/div>\n\t\t\t\t\t\t\t<\/div>\n\t\t<\/section>\n\t\t\t\t\t\t\t<\/div>\n\t\t","protected":false},"excerpt":{"rendered":"<div align=\"justify\">\n<h2 align=\"justify\">Partendo da Buttwil, nel cantone di Argovia, sarai ai comandi per un&#8217;iniziazione al CESSNA 152 senza ulteriori formalit\u00e0 o vincoli.<\/h2>\n<h3>Il CESSNA 152, l&#8217;aereo pi\u00f9 venduto al mondo, ha un&#8217;ala alta che garantisce un&#8217;ottima visibilit\u00e0.<\/h3>\n<\/div>\n<div align=\"justify\">\n<p>Per prima cosa, all&#8217;aeroporto di Buttwil, il tuo istruttore ti far\u00e0 una breve teoria. Poi ti dirigerai sulla pista verso il tuo aereo per un&#8217;ispezione tecnica di qualche minuto con l&#8217;istruttore. Poi, una volta che ti sei sistemato ai comandi, attendi il permesso della torre di controllo per partire. OK! Accelera e decolla sulla pista 34. In meno di 350 m di rullaggio, sarai in volo con il tuo Cessna.<\/p>\n<h3>Dai un&#8217;occhiata al nostro sito web e scegli la posizione e l&#8217;aereo che pi\u00f9 ti aggrada. Non esitare a chiamarci, saremo felici di consigliarti. <\/h3>\n<p id=\"textarea\" style=\"display: none;\">\nOffriamo anche voli di lancio dall&#8217;aeroporto internazionale di Berna Belp. Ci saranno anche corsi di pilotaggio di alianti a Sch\u00e4nis, nel cantone di San Gallo. Gall. Oltre all&#8217;iniziazione nel cantone di Friburgo en Gruy\u00e8re presso l&#8217;aeroporto di \u00c9pagny.\n<\/p>\n<p><a id=\"seeMore\" onclick=\"toggleSeeMore()\" href=\"javascript:void(0);\">Leggi tutto<\/a><\/p>\n","protected":false},"featured_media":89612,"comment_status":"open","ping_status":"closed","template":"","meta":{"inline_featured_image":false,"_mi_skip_tracking":false},"product_cat":[442,386,385],"product_tag":[],"class_list":["post-92325","product","type-product","status-publish","has-post-thumbnail","hentry","product_cat-introduzione-al-volo-buttwil-aereo","product_cat-pilotare-se-stessi","product_cat-pilotare-un-aereo"],"yoast_head":"<!-- This site is optimized with the Yoast SEO plugin v23.6 - https:\/\/yoast.com\/wordpress\/plugins\/seo\/ -->\n<title>Introduzione al Cessna 152 di Buttwil, un aereo semplice e robusto<\/title>\n<meta name=\"description\" content=\"Introduzione al Cessna 152 di Buttwil, un aereo semplice e robusto molto apprezzato dai piloti di bush in Africa e in Canada con i galleggianti.\" \/>\n<meta name=\"robots\" content=\"index, follow, max-snippet:-1, max-image-preview:large, max-video-preview:-1\" \/>\n<link rel=\"canonical\" href=\"https:\/\/www.swissraft.ch\/it\/prodotto\/introduzione-a-un-aereo-di-buttwil-cessna-152-chf-290-00\/\" \/>\n<meta property=\"og:locale\" content=\"it_IT\" \/>\n<meta property=\"og:type\" content=\"article\" \/>\n<meta property=\"og:title\" content=\"Introduzione al Cessna 152 di Buttwil, un aereo semplice e robusto\" \/>\n<meta property=\"og:description\" content=\"Introduzione al Cessna 152 di Buttwil, un aereo semplice e robusto molto apprezzato dai piloti di bush in Africa e in Canada con i galleggianti.\" \/>\n<meta property=\"og:url\" content=\"https:\/\/www.swissraft.ch\/it\/prodotto\/introduzione-a-un-aereo-di-buttwil-cessna-152-chf-290-00\/\" \/>\n<meta property=\"og:site_name\" content=\"Swissraft\" \/>\n<meta property=\"article:modified_time\" content=\"2024-11-20T08:40:22+00:00\" \/>\n<meta property=\"og:image\" content=\"https:\/\/www.swissraft.ch\/wp-content\/uploads\/2023\/12\/Cessna152-776x776-2.jpg\" \/>\n\t<meta property=\"og:image:width\" content=\"776\" \/>\n\t<meta property=\"og:image:height\" content=\"776\" \/>\n\t<meta property=\"og:image:type\" content=\"image\/jpeg\" \/>\n<meta name=\"twitter:card\" content=\"summary_large_image\" \/>\n<script type=\"application\/ld+json\" class=\"yoast-schema-graph\">{\"@context\":\"https:\/\/schema.org\",\"@graph\":[{\"@type\":\"WebPage\",\"@id\":\"https:\/\/www.swissraft.ch\/it\/prodotto\/introduzione-a-un-aereo-di-buttwil-cessna-152-chf-290-00\/\",\"url\":\"https:\/\/www.swissraft.ch\/it\/prodotto\/introduzione-a-un-aereo-di-buttwil-cessna-152-chf-290-00\/\",\"name\":\"Introduzione al Cessna 152 di Buttwil, un aereo semplice e robusto\",\"isPartOf\":{\"@id\":\"https:\/\/www.swissraft.ch\/it\/#website\"},\"primaryImageOfPage\":{\"@id\":\"https:\/\/www.swissraft.ch\/it\/prodotto\/introduzione-a-un-aereo-di-buttwil-cessna-152-chf-290-00\/#primaryimage\"},\"image\":{\"@id\":\"https:\/\/www.swissraft.ch\/it\/prodotto\/introduzione-a-un-aereo-di-buttwil-cessna-152-chf-290-00\/#primaryimage\"},\"thumbnailUrl\":\"https:\/\/www.swissraft.ch\/wp-content\/uploads\/2023\/12\/Cessna152-776x776-2.jpg\",\"datePublished\":\"2023-12-02T17:52:16+00:00\",\"dateModified\":\"2024-11-20T08:40:22+00:00\",\"description\":\"Introduzione al Cessna 152 di Buttwil, un aereo semplice e robusto molto apprezzato dai piloti di bush in Africa e in Canada con i galleggianti.\",\"breadcrumb\":{\"@id\":\"https:\/\/www.swissraft.ch\/it\/prodotto\/introduzione-a-un-aereo-di-buttwil-cessna-152-chf-290-00\/#breadcrumb\"},\"inLanguage\":\"it-IT\",\"potentialAction\":[{\"@type\":\"ReadAction\",\"target\":[\"https:\/\/www.swissraft.ch\/it\/prodotto\/introduzione-a-un-aereo-di-buttwil-cessna-152-chf-290-00\/\"]}]},{\"@type\":\"ImageObject\",\"inLanguage\":\"it-IT\",\"@id\":\"https:\/\/www.swissraft.ch\/it\/prodotto\/introduzione-a-un-aereo-di-buttwil-cessna-152-chf-290-00\/#primaryimage\",\"url\":\"https:\/\/www.swissraft.ch\/wp-content\/uploads\/2023\/12\/Cessna152-776x776-2.jpg\",\"contentUrl\":\"https:\/\/www.swissraft.ch\/wp-content\/uploads\/2023\/12\/Cessna152-776x776-2.jpg\",\"width\":776,\"height\":776,\"caption\":\"Vola con un Cessna 152 da Buttwil\"},{\"@type\":\"BreadcrumbList\",\"@id\":\"https:\/\/www.swissraft.ch\/it\/prodotto\/introduzione-a-un-aereo-di-buttwil-cessna-152-chf-290-00\/#breadcrumb\",\"itemListElement\":[{\"@type\":\"ListItem\",\"position\":1,\"name\":\"Accueil\",\"item\":\"https:\/\/www.swissraft.ch\/it\/\"},{\"@type\":\"ListItem\",\"position\":2,\"name\":\"Negozio\",\"item\":\"https:\/\/www.swissraft.ch\/it\/negozio\/\"},{\"@type\":\"ListItem\",\"position\":3,\"name\":\"Introduzione a un aereo di BUTTWIL &#8211; CESSNA 152 &#8211; CHF 290.00\"}]},{\"@type\":\"WebSite\",\"@id\":\"https:\/\/www.swissraft.ch\/it\/#website\",\"url\":\"https:\/\/www.swissraft.ch\/it\/\",\"name\":\"Swissraft\",\"description\":\"To enjoy nature as it is\",\"publisher\":{\"@id\":\"https:\/\/www.swissraft.ch\/it\/#organization\"},\"potentialAction\":[{\"@type\":\"SearchAction\",\"target\":{\"@type\":\"EntryPoint\",\"urlTemplate\":\"https:\/\/www.swissraft.ch\/it\/?s={search_term_string}\"},\"query-input\":{\"@type\":\"PropertyValueSpecification\",\"valueRequired\":true,\"valueName\":\"search_term_string\"}}],\"inLanguage\":\"it-IT\"},{\"@type\":\"Organization\",\"@id\":\"https:\/\/www.swissraft.ch\/it\/#organization\",\"name\":\"Swissraft\",\"url\":\"https:\/\/www.swissraft.ch\/it\/\",\"logo\":{\"@type\":\"ImageObject\",\"inLanguage\":\"it-IT\",\"@id\":\"https:\/\/www.swissraft.ch\/it\/#\/schema\/logo\/image\/\",\"url\":\"https:\/\/www.swissraft.ch\/wp-content\/uploads\/2025\/09\/Capture.jpg\",\"contentUrl\":\"https:\/\/www.swissraft.ch\/wp-content\/uploads\/2025\/09\/Capture.jpg\",\"width\":293,\"height\":108,\"caption\":\"Swissraft\"},\"image\":{\"@id\":\"https:\/\/www.swissraft.ch\/it\/#\/schema\/logo\/image\/\"}}]}<\/script>\n<!-- \/ Yoast SEO plugin. -->","yoast_head_json":{"title":"Introduzione al Cessna 152 di Buttwil, un aereo semplice e robusto","description":"Introduzione al Cessna 152 di Buttwil, un aereo semplice e robusto molto apprezzato dai piloti di bush in Africa e in Canada con i galleggianti.","robots":{"index":"index","follow":"follow","max-snippet":"max-snippet:-1","max-image-preview":"max-image-preview:large","max-video-preview":"max-video-preview:-1"},"canonical":"https:\/\/www.swissraft.ch\/it\/prodotto\/introduzione-a-un-aereo-di-buttwil-cessna-152-chf-290-00\/","og_locale":"it_IT","og_type":"article","og_title":"Introduzione al Cessna 152 di Buttwil, un aereo semplice e robusto","og_description":"Introduzione al Cessna 152 di Buttwil, un aereo semplice e robusto molto apprezzato dai piloti di bush in Africa e in Canada con i galleggianti.","og_url":"https:\/\/www.swissraft.ch\/it\/prodotto\/introduzione-a-un-aereo-di-buttwil-cessna-152-chf-290-00\/","og_site_name":"Swissraft","article_modified_time":"2024-11-20T08:40:22+00:00","og_image":[{"width":776,"height":776,"url":"https:\/\/www.swissraft.ch\/wp-content\/uploads\/2023\/12\/Cessna152-776x776-2.jpg","type":"image\/jpeg"}],"twitter_card":"summary_large_image","schema":{"@context":"https:\/\/schema.org","@graph":[{"@type":"WebPage","@id":"https:\/\/www.swissraft.ch\/it\/prodotto\/introduzione-a-un-aereo-di-buttwil-cessna-152-chf-290-00\/","url":"https:\/\/www.swissraft.ch\/it\/prodotto\/introduzione-a-un-aereo-di-buttwil-cessna-152-chf-290-00\/","name":"Introduzione al Cessna 152 di Buttwil, un aereo semplice e robusto","isPartOf":{"@id":"https:\/\/www.swissraft.ch\/it\/#website"},"primaryImageOfPage":{"@id":"https:\/\/www.swissraft.ch\/it\/prodotto\/introduzione-a-un-aereo-di-buttwil-cessna-152-chf-290-00\/#primaryimage"},"image":{"@id":"https:\/\/www.swissraft.ch\/it\/prodotto\/introduzione-a-un-aereo-di-buttwil-cessna-152-chf-290-00\/#primaryimage"},"thumbnailUrl":"https:\/\/www.swissraft.ch\/wp-content\/uploads\/2023\/12\/Cessna152-776x776-2.jpg","datePublished":"2023-12-02T17:52:16+00:00","dateModified":"2024-11-20T08:40:22+00:00","description":"Introduzione al Cessna 152 di Buttwil, un aereo semplice e robusto molto apprezzato dai piloti di bush in Africa e in Canada con i galleggianti.","breadcrumb":{"@id":"https:\/\/www.swissraft.ch\/it\/prodotto\/introduzione-a-un-aereo-di-buttwil-cessna-152-chf-290-00\/#breadcrumb"},"inLanguage":"it-IT","potentialAction":[{"@type":"ReadAction","target":["https:\/\/www.swissraft.ch\/it\/prodotto\/introduzione-a-un-aereo-di-buttwil-cessna-152-chf-290-00\/"]}]},{"@type":"ImageObject","inLanguage":"it-IT","@id":"https:\/\/www.swissraft.ch\/it\/prodotto\/introduzione-a-un-aereo-di-buttwil-cessna-152-chf-290-00\/#primaryimage","url":"https:\/\/www.swissraft.ch\/wp-content\/uploads\/2023\/12\/Cessna152-776x776-2.jpg","contentUrl":"https:\/\/www.swissraft.ch\/wp-content\/uploads\/2023\/12\/Cessna152-776x776-2.jpg","width":776,"height":776,"caption":"Vola con un Cessna 152 da Buttwil"},{"@type":"BreadcrumbList","@id":"https:\/\/www.swissraft.ch\/it\/prodotto\/introduzione-a-un-aereo-di-buttwil-cessna-152-chf-290-00\/#breadcrumb","itemListElement":[{"@type":"ListItem","position":1,"name":"Accueil","item":"https:\/\/www.swissraft.ch\/it\/"},{"@type":"ListItem","position":2,"name":"Negozio","item":"https:\/\/www.swissraft.ch\/it\/negozio\/"},{"@type":"ListItem","position":3,"name":"Introduzione a un aereo di BUTTWIL &#8211; CESSNA 152 &#8211; CHF 290.00"}]},{"@type":"WebSite","@id":"https:\/\/www.swissraft.ch\/it\/#website","url":"https:\/\/www.swissraft.ch\/it\/","name":"Swissraft","description":"To enjoy nature as it is","publisher":{"@id":"https:\/\/www.swissraft.ch\/it\/#organization"},"potentialAction":[{"@type":"SearchAction","target":{"@type":"EntryPoint","urlTemplate":"https:\/\/www.swissraft.ch\/it\/?s={search_term_string}"},"query-input":{"@type":"PropertyValueSpecification","valueRequired":true,"valueName":"search_term_string"}}],"inLanguage":"it-IT"},{"@type":"Organization","@id":"https:\/\/www.swissraft.ch\/it\/#organization","name":"Swissraft","url":"https:\/\/www.swissraft.ch\/it\/","logo":{"@type":"ImageObject","inLanguage":"it-IT","@id":"https:\/\/www.swissraft.ch\/it\/#\/schema\/logo\/image\/","url":"https:\/\/www.swissraft.ch\/wp-content\/uploads\/2025\/09\/Capture.jpg","contentUrl":"https:\/\/www.swissraft.ch\/wp-content\/uploads\/2025\/09\/Capture.jpg","width":293,"height":108,"caption":"Swissraft"},"image":{"@id":"https:\/\/www.swissraft.ch\/it\/#\/schema\/logo\/image\/"}}]}},"_links":{"self":[{"href":"https:\/\/www.swissraft.ch\/it\/wp-json\/wp\/v2\/product\/92325","targetHints":{"allow":["GET"]}}],"collection":[{"href":"https:\/\/www.swissraft.ch\/it\/wp-json\/wp\/v2\/product"}],"about":[{"href":"https:\/\/www.swissraft.ch\/it\/wp-json\/wp\/v2\/types\/product"}],"replies":[{"embeddable":true,"href":"https:\/\/www.swissraft.ch\/it\/wp-json\/wp\/v2\/comments?post=92325"}],"version-history":[{"count":0,"href":"https:\/\/www.swissraft.ch\/it\/wp-json\/wp\/v2\/product\/92325\/revisions"}],"wp:featuredmedia":[{"embeddable":true,"href":"https:\/\/www.swissraft.ch\/it\/wp-json\/wp\/v2\/media\/89612"}],"wp:attachment":[{"href":"https:\/\/www.swissraft.ch\/it\/wp-json\/wp\/v2\/media?parent=92325"}],"wp:term":[{"taxonomy":"product_cat","embeddable":true,"href":"https:\/\/www.swissraft.ch\/it\/wp-json\/wp\/v2\/product_cat?post=92325"},{"taxonomy":"product_tag","embeddable":true,"href":"https:\/\/www.swissraft.ch\/it\/wp-json\/wp\/v2\/product_tag?post=92325"}],"curies":[{"name":"wp","href":"https:\/\/api.w.org\/{rel}","templated":true}]}}