{"id":92323,"date":"2023-12-02T16:51:04","date_gmt":"2023-12-02T15:51:04","guid":{"rendered":"https:\/\/swissraft.xyanzkdne.eu\/product\/iniziazione-su-un-aereo-da-berne-belp-cessna-172-a-partire-da-chf-235-00\/"},"modified":"2025-08-19T16:36:32","modified_gmt":"2025-08-19T14:36:32","slug":"iniziazione-al-cessna-172","status":"publish","type":"product","link":"https:\/\/www.swissraft.ch\/it\/prodotto\/iniziazione-al-cessna-172\/","title":{"rendered":"Iniziazione su un aereo da BERNA-BELP &#8211; CESSNA 172 &#8211; A partire da CHF 235.00"},"content":{"rendered":"\t\t<div data-elementor-type=\"wp-post\" data-elementor-id=\"92323\" class=\"elementor elementor-92323 elementor-53728\">\n\t\t\t\t\t\t\t\t\t<section class=\"elementor-section elementor-top-section elementor-element elementor-element-3303a7e3 elementor-section-boxed elementor-section-height-default elementor-section-height-default\" data-id=\"3303a7e3\" data-element_type=\"section\">\n\t\t\t\t\t\t<div class=\"elementor-container elementor-column-gap-default\">\n\t\t\t\t\t<div class=\"elementor-column elementor-col-100 elementor-top-column elementor-element elementor-element-16d72dbf\" data-id=\"16d72dbf\" data-element_type=\"column\">\n\t\t\t<div class=\"elementor-widget-wrap elementor-element-populated\">\n\t\t\t\t\t\t\t\t<div class=\"elementor-element elementor-element-d743c03 elementor-widget elementor-widget-text-editor\" data-id=\"d743c03\" data-element_type=\"widget\" data-widget_type=\"text-editor.default\">\n\t\t\t\t<div class=\"elementor-widget-container\">\n\t\t\t\t\t\t\t<h2>SCEGLI LA TUA ATTIVIT\u00c0 QUI SOTTO PER OFFRIRE BUONI REGALO\/BIGLIETTI O EFFETTUARE UNA PRENOTAZIONE<\/h2>\n<table border=\"0\" width=\"580\" cellspacing=\"10\" cellpadding=\"10\">\n<tbody>\n<tr>\n<td width=\"50%\"><strong>1) INIZIAZIONE AL CESSNA 172 &#8211; 1 STUDENTE &#8211; Da 20 min.<\/strong><\/td>\n<td><strong>CHF 235.00 per volo<span class=\"productPrice\"><br \/><\/span><\/strong><\/td>\n<\/tr>\n<tr>\n<td>Informazioni aggiuntive<\/td>\n<td><span class=\"patt\">&#8211; Hai l&#8217;aereo esclusivamente per te<br \/><\/span><span class=\"patt\"><br \/>&#8211; Stabilisci tu la data e l&#8217;ora di partenza &#8211; Massimo 1 pers.<\/span><\/td>\n<\/tr>\n<tr>\n<td>Aeroporto<\/td>\n<td><a href=\"https:\/\/www.google.com\/maps\/place\/46%C2%B054'42.7%22N+7%C2%B030'12.1%22E\/@46.9123669,7.4941803,1542m\/data=!3m1!1e3!4m4!3m3!8m2!3d46.9118611!4d7.5033611?entry=ttu\" target=\"_blank\" rel=\"noopener\">Berna-Belp<\/a><\/td>\n<\/tr>\n<tr>\n<td>Scelta della durata del volo<\/td>\n<td>20 \/ 30 \/ 40 \/ 60 min.<\/td>\n<\/tr>\n<tr>\n<td>Tempo totale<\/td>\n<td>circa 1h &#8211; 1h40 a seconda del numero di minuti<\/td>\n<\/tr>\n<tr>\n<td>Appuntamento<\/td>\n<td>Per telefono<\/td>\n<\/tr>\n<tr>\n<td><button class=\"elementor-button\" type=\"button\"><a href=\"https:\/\/swissraft.outdoorbooking.ch\/fo\/products\/336?base_id=108&amp;category_id=4&amp;order_type=gift_voucher&amp;lang=it\" target=\"_blank\" rel=\"noopener\">ACQUISTO BUONO REGALO<\/a><\/button><\/td>\n<td><strong>CHF 235.00 &#8211; 20 min. di volo <\/strong><\/td>\n<\/tr>\n<tr>\n<td><button class=\"elementor-button\" type=\"button\"><a href=\"https:\/\/swissraft.outdoorbooking.ch\/fo\/products\/337?base_id=108&amp;category_id=4&amp;order_type=gift_voucher&amp;lang=it\" target=\"_blank\" rel=\"noopener\">ACQUISTO BUONO REGALO<\/a><\/button><\/td>\n<td><strong>CHF 285.00 &#8211; 30 min. di volo <\/strong><\/td>\n<\/tr>\n<tr>\n<td><button class=\"elementor-button\" type=\"button\"><a href=\"https:\/\/swissraft.outdoorbooking.ch\/fo\/products\/338?base_id=108&amp;category_id=4&amp;order_type=gift_voucher&amp;lang=it\" target=\"_blank\" rel=\"noopener\">ACQUISTO BUONO REGALO<\/a><\/button><\/td>\n<td><strong>CHF 360.00 &#8211; 40 min. di volo <\/strong><\/td>\n<\/tr>\n<tr>\n<td><button class=\"elementor-button\" type=\"button\"><a href=\"https:\/\/swissraft.outdoorbooking.ch\/fo\/products\/339?base_id=108&amp;category_id=4&amp;order_type=gift_voucher&amp;lang=it\" target=\"_blank\" rel=\"noopener\">ACQUISTO BUONO REGALO<\/a><\/button><\/td>\n<td><strong>CHF 450.00 &#8211; 60 min. di volo <\/strong><\/td>\n<\/tr>\n<tr>\n<td> <\/td>\n<td>Per prenotare <span class=\"patt\" style=\"font-family: inherit; font-size: inherit;\"><span class=\"plbl\"><span class=\"patt\"><a href=\"https:\/\/www.swissraft.ch\/it\/contattaci\/\">contattateci<\/a><\/span><\/span><\/span><\/td>\n<\/tr>\n<\/tbody>\n<\/table>\n<table border=\"0\" width=\"580\" cellspacing=\"10\" cellpadding=\"10\">\n<tbody>\n<tr>\n<td width=\"50%\"><strong>2) INIZIAZIONE AL CESSNA 172 &#8211; 1 STUDENTE + (1 passeggero libero) &#8211; 20 min.<\/strong><\/td>\n<td><strong>CHF 287.00 per volo<span class=\"productPrice\"><br \/><\/span><\/strong><\/td>\n<\/tr>\n<tr>\n<td>Informazioni aggiuntive<\/td>\n<td><span class=\"patt\">&#8211; Hai l&#8217;aereo esclusivamente per te<br \/><\/span><span class=\"patt\">&#8211; Scegli tu la data e l&#8217;orario di partenza<br \/>&#8211; Massimo 2 pers.<\/span><\/td>\n<\/tr>\n<tr>\n<td>Aeroporto<\/td>\n<td><a href=\"https:\/\/www.google.com\/maps\/place\/46%C2%B054'42.7%22N+7%C2%B030'12.1%22E\/@46.9123669,7.4941803,1542m\/data=!3m1!1e3!4m4!3m3!8m2!3d46.9118611!4d7.5033611?entry=ttu\" target=\"_blank\" rel=\"noopener\">Berna-Belp<\/a><\/td>\n<\/tr>\n<tr>\n<td>Scelta della durata del volo<\/td>\n<td>20 min. a 60 min.<\/td>\n<\/tr>\n<tr>\n<td>Tempo totale<\/td>\n<td>circa 1h &#8211; 1h40 a seconda del numero di minuti<\/td>\n<\/tr>\n<tr>\n<td>Appuntamento<\/td>\n<td>Per telefono<\/td>\n<\/tr>\n<tr>\n<td><button class=\"elementor-button\" type=\"button\"><a href=\"https:\/\/swissraft.outdoorbooking.ch\/fo\/products\/460?base_id=112&amp;category_id=4&amp;order_type=gift_voucher&amp;lang=it\" target=\"_blank\" rel=\"noopener\">ACQUISTO BUONO REGALO<\/a><\/button><\/td>\n<td><strong>CHF 287.00 &#8211; 20 min. di volo <\/strong><\/td>\n<\/tr>\n<tr>\n<td><button class=\"elementor-button\" type=\"button\"><a href=\"https:\/\/swissraft.outdoorbooking.ch\/fo\/products\/461?base_id=112&amp;category_id=4&amp;order_type=gift_voucher&amp;lang=it\" target=\"_blank\" rel=\"noopener\">ACQUISTO BUONO REGALO<\/a><\/button><\/td>\n<td><strong>CHF 337.00 &#8211; 30 min. di volo<\/strong><\/td>\n<\/tr>\n<tr>\n<td><button class=\"elementor-button\" type=\"button\"><a href=\"https:\/\/swissraft.outdoorbooking.ch\/fo\/products\/462?base_id=112&amp;category_id=4&amp;order_type=gift_voucher&amp;lang=it\" target=\"_blank\" rel=\"noopener\">ACQUISTO BUONO REGALO<\/a><\/button><\/td>\n<td><strong>CHF 412.00 &#8211; 40 min. di volo<\/strong><\/td>\n<\/tr>\n<tr>\n<td><button class=\"elementor-button\" type=\"button\"><a href=\"https:\/\/swissraft.outdoorbooking.ch\/fo\/products\/463?base_id=112&amp;category_id=4&amp;order_type=gift_voucher&amp;lang=it\" target=\"_blank\" rel=\"noopener\">ACQUISTO BUONO REGALO<\/a><\/button><\/td>\n<td><strong>CHF 502.00 &#8211; 60 min. di volo<\/strong><\/td>\n<\/tr>\n<tr>\n<td> <\/td>\n<td>Per prenotare <span class=\"patt\" style=\"font-family: inherit; font-size: inherit;\"><span class=\"plbl\"><span class=\"patt\"><a href=\"https:\/\/www.swissraft.ch\/it\/contattaci\/\">contattateci<\/a><\/span><\/span><\/span><\/td>\n<\/tr>\n<\/tbody>\n<\/table>\n\t\t\t\t\t\t<\/div>\n\t\t\t\t<\/div>\n\t\t\t\t\t<\/div>\n\t\t<\/div>\n\t\t\t\t\t\t\t<\/div>\n\t\t<\/section>\n\t\t\t\t\t\t\t<\/div>\n\t\t","protected":false},"excerpt":{"rendered":"<div align=\"justify\">\n<h2 align=\"justify\">Partendo dall&#8217;aeroporto di Berna-Belp, sarai ai comandi per un&#8217;introduzione al CESSNA 172.<\/h2>\n<h3>Il CESSNA 172 \u00e8 uno degli aerei pi\u00f9 venduti al mondo. \u00c8 un aereo semplice e robusto, molto apprezzato dai piloti di bush in Africa. La sua ala alta gli permette di avere un&#8217;ottima visuale sul mondo esterno.  <\/h3>\n<\/div>\n<div align=\"justify\">\n<p>Con un&#8217;introduzione al volo di un aereo, potrai entrare direttamente nel mondo degli aviatori. Non \u00e8 necessaria alcuna esperienza o formazione precedente. Sei ai comandi fin dal primo minuto, sotto l&#8217;occhio vigile del tuo istruttore per tutta la durata del volo. Concediti un po&#8217; di tempo e realizza il tuo sogno di pilotare un aereo!<\/p>\n<h3>Puoi scegliere di volare in aereo o in elicottero. Swissraft ti mette a disposizione sia gli aerei che gli istruttori. <\/h3>\n<p id=\"textarea\" style=\"display: none;\">\nOffriamo anche voli introduttivi al campo di volo di Buttwil. Ci sono anche voli introduttivi dall&#8217;aerodromo di \u00c9pagny en Gruy\u00e8re. Offriamo anche voli introduttivi in aliante presso l&#8217;aerodromo di Sch\u00e4nis, nel cantone di San Gallo. Gall.\n<\/p>\n<p><a id=\"seeMore\" onclick=\"toggleSeeMore()\" href=\"javascript:void(0);\">Leggi tutto<\/a><\/p>\n","protected":false},"featured_media":89606,"comment_status":"open","ping_status":"closed","template":"","meta":{"inline_featured_image":false,"_mi_skip_tracking":false},"product_cat":[468,386,385],"product_tag":[],"class_list":["post-92323","product","type-product","status-publish","has-post-thumbnail","hentry","product_cat-introduzione-al-volo-berne-belp","product_cat-pilotare-se-stessi","product_cat-pilotare-un-aereo"],"yoast_head":"<!-- This site is optimized with the Yoast SEO plugin v23.6 - https:\/\/yoast.com\/wordpress\/plugins\/seo\/ -->\n<title>Introduzione al Cessna 172 dall&#039;aeroporto internazionale di Berna-Belp<\/title>\n<meta name=\"description\" content=\"Un&#039;introduzione al volo con un Cessna 172 da Bern-Belp. Hai sempre sognato di pilotare un aereo? Con Swissraft \u00e8 facile\" \/>\n<meta name=\"robots\" content=\"index, follow, max-snippet:-1, max-image-preview:large, max-video-preview:-1\" \/>\n<link rel=\"canonical\" href=\"https:\/\/www.swissraft.ch\/it\/prodotto\/iniziazione-al-cessna-172\/\" \/>\n<meta property=\"og:locale\" content=\"it_IT\" \/>\n<meta property=\"og:type\" content=\"article\" \/>\n<meta property=\"og:title\" content=\"Introduzione al Cessna 172 dall&#039;aeroporto internazionale di Berna-Belp\" \/>\n<meta property=\"og:description\" content=\"Un&#039;introduzione al volo con un Cessna 172 da Bern-Belp. Hai sempre sognato di pilotare un aereo? Con Swissraft \u00e8 facile\" \/>\n<meta property=\"og:url\" content=\"https:\/\/www.swissraft.ch\/it\/prodotto\/iniziazione-al-cessna-172\/\" \/>\n<meta property=\"og:site_name\" content=\"Swissraft\" \/>\n<meta property=\"article:modified_time\" content=\"2025-08-19T14:36:32+00:00\" \/>\n<meta property=\"og:image\" content=\"https:\/\/www.swissraft.ch\/wp-content\/uploads\/2023\/12\/Cessna-172-776x776-1.png\" \/>\n\t<meta property=\"og:image:width\" content=\"776\" \/>\n\t<meta property=\"og:image:height\" content=\"776\" \/>\n\t<meta property=\"og:image:type\" content=\"image\/png\" \/>\n<meta name=\"twitter:card\" content=\"summary_large_image\" \/>\n<meta name=\"twitter:label1\" content=\"Tempo di lettura stimato\" \/>\n\t<meta name=\"twitter:data1\" content=\"2 minuti\" \/>\n<script type=\"application\/ld+json\" class=\"yoast-schema-graph\">{\"@context\":\"https:\/\/schema.org\",\"@graph\":[{\"@type\":\"WebPage\",\"@id\":\"https:\/\/www.swissraft.ch\/it\/prodotto\/iniziazione-al-cessna-172\/\",\"url\":\"https:\/\/www.swissraft.ch\/it\/prodotto\/iniziazione-al-cessna-172\/\",\"name\":\"Introduzione al Cessna 172 dall'aeroporto internazionale di Berna-Belp\",\"isPartOf\":{\"@id\":\"https:\/\/www.swissraft.ch\/it\/#website\"},\"primaryImageOfPage\":{\"@id\":\"https:\/\/www.swissraft.ch\/it\/prodotto\/iniziazione-al-cessna-172\/#primaryimage\"},\"image\":{\"@id\":\"https:\/\/www.swissraft.ch\/it\/prodotto\/iniziazione-al-cessna-172\/#primaryimage\"},\"thumbnailUrl\":\"https:\/\/www.swissraft.ch\/wp-content\/uploads\/2023\/12\/Cessna-172-776x776-1.png\",\"datePublished\":\"2023-12-02T15:51:04+00:00\",\"dateModified\":\"2025-08-19T14:36:32+00:00\",\"description\":\"Un'introduzione al volo con un Cessna 172 da Bern-Belp. Hai sempre sognato di pilotare un aereo? Con Swissraft \u00e8 facile\",\"breadcrumb\":{\"@id\":\"https:\/\/www.swissraft.ch\/it\/prodotto\/iniziazione-al-cessna-172\/#breadcrumb\"},\"inLanguage\":\"it-IT\",\"potentialAction\":[{\"@type\":\"ReadAction\",\"target\":[\"https:\/\/www.swissraft.ch\/it\/prodotto\/iniziazione-al-cessna-172\/\"]}]},{\"@type\":\"ImageObject\",\"inLanguage\":\"it-IT\",\"@id\":\"https:\/\/www.swissraft.ch\/it\/prodotto\/iniziazione-al-cessna-172\/#primaryimage\",\"url\":\"https:\/\/www.swissraft.ch\/wp-content\/uploads\/2023\/12\/Cessna-172-776x776-1.png\",\"contentUrl\":\"https:\/\/www.swissraft.ch\/wp-content\/uploads\/2023\/12\/Cessna-172-776x776-1.png\",\"width\":776,\"height\":776,\"caption\":\"Pilota da solo un Cessna 172 da Berna-Belp\"},{\"@type\":\"BreadcrumbList\",\"@id\":\"https:\/\/www.swissraft.ch\/it\/prodotto\/iniziazione-al-cessna-172\/#breadcrumb\",\"itemListElement\":[{\"@type\":\"ListItem\",\"position\":1,\"name\":\"Accueil\",\"item\":\"https:\/\/www.swissraft.ch\/it\/\"},{\"@type\":\"ListItem\",\"position\":2,\"name\":\"Negozio\",\"item\":\"https:\/\/www.swissraft.ch\/it\/negozio\/\"},{\"@type\":\"ListItem\",\"position\":3,\"name\":\"Iniziazione su un aereo da BERNA-BELP &#8211; CESSNA 172 &#8211; A partire da CHF 235.00\"}]},{\"@type\":\"WebSite\",\"@id\":\"https:\/\/www.swissraft.ch\/it\/#website\",\"url\":\"https:\/\/www.swissraft.ch\/it\/\",\"name\":\"Swissraft\",\"description\":\"To enjoy nature as it is\",\"publisher\":{\"@id\":\"https:\/\/www.swissraft.ch\/it\/#organization\"},\"potentialAction\":[{\"@type\":\"SearchAction\",\"target\":{\"@type\":\"EntryPoint\",\"urlTemplate\":\"https:\/\/www.swissraft.ch\/it\/?s={search_term_string}\"},\"query-input\":{\"@type\":\"PropertyValueSpecification\",\"valueRequired\":true,\"valueName\":\"search_term_string\"}}],\"inLanguage\":\"it-IT\"},{\"@type\":\"Organization\",\"@id\":\"https:\/\/www.swissraft.ch\/it\/#organization\",\"name\":\"Swissraft\",\"url\":\"https:\/\/www.swissraft.ch\/it\/\",\"logo\":{\"@type\":\"ImageObject\",\"inLanguage\":\"it-IT\",\"@id\":\"https:\/\/www.swissraft.ch\/it\/#\/schema\/logo\/image\/\",\"url\":\"https:\/\/www.swissraft.ch\/wp-content\/uploads\/2025\/09\/Capture.jpg\",\"contentUrl\":\"https:\/\/www.swissraft.ch\/wp-content\/uploads\/2025\/09\/Capture.jpg\",\"width\":293,\"height\":108,\"caption\":\"Swissraft\"},\"image\":{\"@id\":\"https:\/\/www.swissraft.ch\/it\/#\/schema\/logo\/image\/\"}}]}<\/script>\n<!-- \/ Yoast SEO plugin. -->","yoast_head_json":{"title":"Introduzione al Cessna 172 dall'aeroporto internazionale di Berna-Belp","description":"Un'introduzione al volo con un Cessna 172 da Bern-Belp. Hai sempre sognato di pilotare un aereo? Con Swissraft \u00e8 facile","robots":{"index":"index","follow":"follow","max-snippet":"max-snippet:-1","max-image-preview":"max-image-preview:large","max-video-preview":"max-video-preview:-1"},"canonical":"https:\/\/www.swissraft.ch\/it\/prodotto\/iniziazione-al-cessna-172\/","og_locale":"it_IT","og_type":"article","og_title":"Introduzione al Cessna 172 dall'aeroporto internazionale di Berna-Belp","og_description":"Un'introduzione al volo con un Cessna 172 da Bern-Belp. Hai sempre sognato di pilotare un aereo? Con Swissraft \u00e8 facile","og_url":"https:\/\/www.swissraft.ch\/it\/prodotto\/iniziazione-al-cessna-172\/","og_site_name":"Swissraft","article_modified_time":"2025-08-19T14:36:32+00:00","og_image":[{"width":776,"height":776,"url":"https:\/\/www.swissraft.ch\/wp-content\/uploads\/2023\/12\/Cessna-172-776x776-1.png","type":"image\/png"}],"twitter_card":"summary_large_image","twitter_misc":{"Tempo di lettura stimato":"2 minuti"},"schema":{"@context":"https:\/\/schema.org","@graph":[{"@type":"WebPage","@id":"https:\/\/www.swissraft.ch\/it\/prodotto\/iniziazione-al-cessna-172\/","url":"https:\/\/www.swissraft.ch\/it\/prodotto\/iniziazione-al-cessna-172\/","name":"Introduzione al Cessna 172 dall'aeroporto internazionale di Berna-Belp","isPartOf":{"@id":"https:\/\/www.swissraft.ch\/it\/#website"},"primaryImageOfPage":{"@id":"https:\/\/www.swissraft.ch\/it\/prodotto\/iniziazione-al-cessna-172\/#primaryimage"},"image":{"@id":"https:\/\/www.swissraft.ch\/it\/prodotto\/iniziazione-al-cessna-172\/#primaryimage"},"thumbnailUrl":"https:\/\/www.swissraft.ch\/wp-content\/uploads\/2023\/12\/Cessna-172-776x776-1.png","datePublished":"2023-12-02T15:51:04+00:00","dateModified":"2025-08-19T14:36:32+00:00","description":"Un'introduzione al volo con un Cessna 172 da Bern-Belp. Hai sempre sognato di pilotare un aereo? Con Swissraft \u00e8 facile","breadcrumb":{"@id":"https:\/\/www.swissraft.ch\/it\/prodotto\/iniziazione-al-cessna-172\/#breadcrumb"},"inLanguage":"it-IT","potentialAction":[{"@type":"ReadAction","target":["https:\/\/www.swissraft.ch\/it\/prodotto\/iniziazione-al-cessna-172\/"]}]},{"@type":"ImageObject","inLanguage":"it-IT","@id":"https:\/\/www.swissraft.ch\/it\/prodotto\/iniziazione-al-cessna-172\/#primaryimage","url":"https:\/\/www.swissraft.ch\/wp-content\/uploads\/2023\/12\/Cessna-172-776x776-1.png","contentUrl":"https:\/\/www.swissraft.ch\/wp-content\/uploads\/2023\/12\/Cessna-172-776x776-1.png","width":776,"height":776,"caption":"Pilota da solo un Cessna 172 da Berna-Belp"},{"@type":"BreadcrumbList","@id":"https:\/\/www.swissraft.ch\/it\/prodotto\/iniziazione-al-cessna-172\/#breadcrumb","itemListElement":[{"@type":"ListItem","position":1,"name":"Accueil","item":"https:\/\/www.swissraft.ch\/it\/"},{"@type":"ListItem","position":2,"name":"Negozio","item":"https:\/\/www.swissraft.ch\/it\/negozio\/"},{"@type":"ListItem","position":3,"name":"Iniziazione su un aereo da BERNA-BELP &#8211; CESSNA 172 &#8211; A partire da CHF 235.00"}]},{"@type":"WebSite","@id":"https:\/\/www.swissraft.ch\/it\/#website","url":"https:\/\/www.swissraft.ch\/it\/","name":"Swissraft","description":"To enjoy nature as it is","publisher":{"@id":"https:\/\/www.swissraft.ch\/it\/#organization"},"potentialAction":[{"@type":"SearchAction","target":{"@type":"EntryPoint","urlTemplate":"https:\/\/www.swissraft.ch\/it\/?s={search_term_string}"},"query-input":{"@type":"PropertyValueSpecification","valueRequired":true,"valueName":"search_term_string"}}],"inLanguage":"it-IT"},{"@type":"Organization","@id":"https:\/\/www.swissraft.ch\/it\/#organization","name":"Swissraft","url":"https:\/\/www.swissraft.ch\/it\/","logo":{"@type":"ImageObject","inLanguage":"it-IT","@id":"https:\/\/www.swissraft.ch\/it\/#\/schema\/logo\/image\/","url":"https:\/\/www.swissraft.ch\/wp-content\/uploads\/2025\/09\/Capture.jpg","contentUrl":"https:\/\/www.swissraft.ch\/wp-content\/uploads\/2025\/09\/Capture.jpg","width":293,"height":108,"caption":"Swissraft"},"image":{"@id":"https:\/\/www.swissraft.ch\/it\/#\/schema\/logo\/image\/"}}]}},"_links":{"self":[{"href":"https:\/\/www.swissraft.ch\/it\/wp-json\/wp\/v2\/product\/92323","targetHints":{"allow":["GET"]}}],"collection":[{"href":"https:\/\/www.swissraft.ch\/it\/wp-json\/wp\/v2\/product"}],"about":[{"href":"https:\/\/www.swissraft.ch\/it\/wp-json\/wp\/v2\/types\/product"}],"replies":[{"embeddable":true,"href":"https:\/\/www.swissraft.ch\/it\/wp-json\/wp\/v2\/comments?post=92323"}],"version-history":[{"count":15,"href":"https:\/\/www.swissraft.ch\/it\/wp-json\/wp\/v2\/product\/92323\/revisions"}],"predecessor-version":[{"id":120684,"href":"https:\/\/www.swissraft.ch\/it\/wp-json\/wp\/v2\/product\/92323\/revisions\/120684"}],"wp:featuredmedia":[{"embeddable":true,"href":"https:\/\/www.swissraft.ch\/it\/wp-json\/wp\/v2\/media\/89606"}],"wp:attachment":[{"href":"https:\/\/www.swissraft.ch\/it\/wp-json\/wp\/v2\/media?parent=92323"}],"wp:term":[{"taxonomy":"product_cat","embeddable":true,"href":"https:\/\/www.swissraft.ch\/it\/wp-json\/wp\/v2\/product_cat?post=92323"},{"taxonomy":"product_tag","embeddable":true,"href":"https:\/\/www.swissraft.ch\/it\/wp-json\/wp\/v2\/product_tag?post=92323"}],"curies":[{"name":"wp","href":"https:\/\/api.w.org\/{rel}","templated":true}]}}