{"id":92302,"date":"2023-11-22T18:20:06","date_gmt":"2023-11-22T17:20:06","guid":{"rendered":"https:\/\/swissraft.xyanzkdne.eu\/product\/volo-aereo-da-schanis-le-santis-30-min-chf-17000\/"},"modified":"2024-11-20T09:28:55","modified_gmt":"2024-11-20T08:28:55","slug":"volo-aereo-da-schanis-le-santis-30-min-chf-17000","status":"publish","type":"product","link":"https:\/\/www.swissraft.ch\/it\/prodotto\/volo-aereo-da-schanis-le-santis-30-min-chf-17000\/","title":{"rendered":"Volo aereo da SCH\u00c4NIS &#8211; LE S\u00c4NTIS &#8211; 30 min. &#8211; CHF 170,00"},"content":{"rendered":"\t\t<div data-elementor-type=\"wp-post\" data-elementor-id=\"92302\" class=\"elementor elementor-92302 elementor-52872\">\n\t\t\t\t\t\t\t\t\t<section class=\"elementor-section elementor-top-section elementor-element elementor-element-3303a7e3 elementor-section-boxed elementor-section-height-default elementor-section-height-default\" data-id=\"3303a7e3\" data-element_type=\"section\">\n\t\t\t\t\t\t<div class=\"elementor-container elementor-column-gap-default\">\n\t\t\t\t\t<div class=\"elementor-column elementor-col-100 elementor-top-column elementor-element elementor-element-16d72dbf\" data-id=\"16d72dbf\" data-element_type=\"column\">\n\t\t\t<div class=\"elementor-widget-wrap elementor-element-populated\">\n\t\t\t\t\t\t\t\t<div class=\"elementor-element elementor-element-d743c03 elementor-widget elementor-widget-text-editor\" data-id=\"d743c03\" data-element_type=\"widget\" data-widget_type=\"text-editor.default\">\n\t\t\t\t<div class=\"elementor-widget-container\">\n\t\t\t\t\t\t\t<h2>SCEGLI LA TUA ATTIVIT\u00c0 QUI SOTTO PER OFFRIRE BUONI REGALO\/BIGLIETTI O EFFETTUARE UNA PRENOTAZIONE<\/h2>\n<table border=\"0\" width=\"580\" cellspacing=\"10\" cellpadding=\"10\">\n<tbody>\n<tr>\n<td width=\"50%\"><strong>LE S\u00c4NTIS &#8211; VOLO PRIVATO (1 pers.) &#8211; 30 min.<\/strong><\/td>\n<td><strong>CHF 170,00 per volo privato  <span class=\"productPrice\"><br \/><\/span><\/strong><\/td>\n<\/tr>\n<tr>\n<td>Informazioni aggiuntive<\/td>\n<td><span class=\"patt\"><br \/>&#8211; Utilizzi l&#8217;aereo esclusivamente per te &#8211; Decidi tu la data e l&#8217;ora di partenza<br \/><\/span><span class=\"patt\">&#8211; Massimo 1 persona<\/span><\/td>\n<\/tr>\n<tr>\n<td>Campo d&#8217;aviazione<\/td>\n<td><a href=\"https:\/\/www.google.com\/maps\/place\/47%C2%B010'17.6%22N+9%C2%B002'28.0%22E\/@47.172222,9.0233044,3069m\/data=!3m1!1e3!4m4!3m3!8m2!3d47.1715556!4d9.0411111?entry=ttu\" target=\"_blank\" rel=\"noopener\">Sch\u00e4nis<\/a><\/td>\n<\/tr>\n<tr>\n<td>Tempo di volo<\/td>\n<td>30 min.<\/td>\n<\/tr>\n<tr>\n<td>Durata totale<\/td>\n<td>circa 1 ora<\/td>\n<\/tr>\n<tr>\n<td>Appuntamento<\/td>\n<td>Per telefono<\/td>\n<\/tr>\n<tr>\n<td><button class=\"elementor-button\" type=\"button\"><a href=\"https:\/\/swissraft.outdoorbooking.ch\/fo\/products\/2007?base_id=28&amp;category_id=4&amp;order_type=gift_voucher&amp;lang=it\" target=\"_blank\" rel=\"noopener\">BUONO REGALO<\/a><\/button><\/td>\n<td>Per prenotare <span class=\"patt\" style=\"font-family: inherit; font-size: inherit;\"><span class=\"plbl\"><span class=\"patt\"><a href=\"https:\/\/www.swissraft.ch\/it\/contattaci\/\">contattaci<\/a><\/span><\/span><\/span><\/td>\n<\/tr>\n<\/tbody>\n<\/table>\n\t\t\t\t\t\t<\/div>\n\t\t\t\t<\/div>\n\t\t\t\t\t<\/div>\n\t\t<\/div>\n\t\t\t\t\t\t\t<\/div>\n\t\t<\/section>\n\t\t\t\t\t\t\t<\/div>\n\t\t","protected":false},"excerpt":{"rendered":"<div align=\"justify\">\n<h2 align=\"justify\">Si parte da Sch\u00e4nis per un volo di 30 minuti verso S\u00e4ntis.<\/h2>\n<h3>Sorvolerai il massiccio dell&#8217;Alpstein, la cui cima pi\u00f9 alta \u00e8 il S\u00e4ntis.<\/h3>\n<\/div>\n<div align=\"justify\">\n<p>Decolla dall&#8217;aerodromo di Sch\u00e4nis e dirigiti verso est. S\u00e4ntis fa parte dell&#8217;Alpstein, che appartiene alle Prealpi Appenzellesi ed \u00e8 condiviso da 3 cantoni. Si cammina intorno ad esso e a questa altitudine si ha una fantastica vista del Lago di Costanza a nord. Ma anche nel Vorarlberg, nel Liechtenstein e nelle Alpi austriache. Inoltre, pi\u00f9 a sud, potrai ammirare le Alpi grigionesi fino al Bernina e all&#8217;Italia. Poi, nelle giornate pi\u00f9 limpide, puoi guardare a ovest attraverso l&#8217;Altopiano fino al Giura. A nord-ovest, vista sulla Foresta Nera e sulle montagne dei Vosgi con le loro famose pinete. Questo volo di 30 minuti \u00e8 molto apprezzato per la diversit\u00e0 dei panorami che si aprono lungo il percorso. Poi torna a Sch\u00e4nis per riposare al campo d&#8217;aviazione.<\/p>\n<h3>Dai un&#8217;occhiata al nostro sito web, dove offriamo pi\u00f9 di 35 voli di piacere in Svizzera.<\/h3>\n<p id=\"textarea\" style=\"display: none;\">\nAbbiamo anche voli turistici dall&#8217;aeroporto internazionale di Berna-Belp. Decolliamo anche dall&#8217;aerodromo di Bienne per voli nella regione dei 3 laghi. Operiamo anche voli da Grenchen, nel cantone di Soletta. Ma anche voli dall&#8217;aerodromo di Buttwil in Argovia. Decolliamo anche dall&#8217;aerodromo di \u00c9pagny en Gruy\u00e8re.\n<\/p>\n<p><a id=\"seeMore\" onclick=\"toggleSeeMore()\" href=\"javascript:void(0);\">Leggi tutto<\/a><\/p>\n","protected":false},"featured_media":88547,"comment_status":"open","ping_status":"closed","template":"","meta":{"inline_featured_image":false,"_mi_skip_tracking":false},"product_cat":[466,423],"product_tag":[],"class_list":["post-92302","product","type-product","status-publish","has-post-thumbnail","hentry","product_cat-aereo-schanis","product_cat-voli"],"yoast_head":"<!-- This site is optimized with the Yoast SEO plugin v23.6 - https:\/\/yoast.com\/wordpress\/plugins\/seo\/ -->\n<title>Il S\u00e4ntis da Sch\u00e4nis per un volo di 60 minuti<\/title>\n<meta name=\"description\" content=\"Il S\u00e4ntis da Sch\u00e4nis per un volo di 60 minuti con una fantastica vista sul Lago di Costanza e sulle montagne dei Vosgi in Francia.\" \/>\n<meta name=\"robots\" content=\"index, follow, max-snippet:-1, max-image-preview:large, max-video-preview:-1\" \/>\n<link rel=\"canonical\" href=\"https:\/\/www.swissraft.ch\/it\/prodotto\/volo-aereo-da-schanis-le-santis-30-min-chf-17000\/\" \/>\n<meta property=\"og:locale\" content=\"it_IT\" \/>\n<meta property=\"og:type\" content=\"article\" \/>\n<meta property=\"og:title\" content=\"Il S\u00e4ntis da Sch\u00e4nis per un volo di 60 minuti\" \/>\n<meta property=\"og:description\" content=\"Il S\u00e4ntis da Sch\u00e4nis per un volo di 60 minuti con una fantastica vista sul Lago di Costanza e sulle montagne dei Vosgi in Francia.\" \/>\n<meta property=\"og:url\" content=\"https:\/\/www.swissraft.ch\/it\/prodotto\/volo-aereo-da-schanis-le-santis-30-min-chf-17000\/\" \/>\n<meta property=\"og:site_name\" content=\"Swissraft\" \/>\n<meta property=\"article:modified_time\" content=\"2024-11-20T08:28:55+00:00\" \/>\n<meta property=\"og:image\" content=\"https:\/\/www.swissraft.ch\/wp-content\/uploads\/2023\/11\/4-Santis-776x776-1.jpg\" \/>\n\t<meta property=\"og:image:width\" content=\"776\" \/>\n\t<meta property=\"og:image:height\" content=\"776\" \/>\n\t<meta property=\"og:image:type\" content=\"image\/jpeg\" \/>\n<meta name=\"twitter:card\" content=\"summary_large_image\" \/>\n<script type=\"application\/ld+json\" class=\"yoast-schema-graph\">{\"@context\":\"https:\/\/schema.org\",\"@graph\":[{\"@type\":\"WebPage\",\"@id\":\"https:\/\/www.swissraft.ch\/it\/prodotto\/volo-aereo-da-schanis-le-santis-30-min-chf-17000\/\",\"url\":\"https:\/\/www.swissraft.ch\/it\/prodotto\/volo-aereo-da-schanis-le-santis-30-min-chf-17000\/\",\"name\":\"Il S\u00e4ntis da Sch\u00e4nis per un volo di 60 minuti\",\"isPartOf\":{\"@id\":\"https:\/\/www.swissraft.ch\/it\/#website\"},\"primaryImageOfPage\":{\"@id\":\"https:\/\/www.swissraft.ch\/it\/prodotto\/volo-aereo-da-schanis-le-santis-30-min-chf-17000\/#primaryimage\"},\"image\":{\"@id\":\"https:\/\/www.swissraft.ch\/it\/prodotto\/volo-aereo-da-schanis-le-santis-30-min-chf-17000\/#primaryimage\"},\"thumbnailUrl\":\"https:\/\/www.swissraft.ch\/wp-content\/uploads\/2023\/11\/4-Santis-776x776-1.jpg\",\"datePublished\":\"2023-11-22T17:20:06+00:00\",\"dateModified\":\"2024-11-20T08:28:55+00:00\",\"description\":\"Il S\u00e4ntis da Sch\u00e4nis per un volo di 60 minuti con una fantastica vista sul Lago di Costanza e sulle montagne dei Vosgi in Francia.\",\"breadcrumb\":{\"@id\":\"https:\/\/www.swissraft.ch\/it\/prodotto\/volo-aereo-da-schanis-le-santis-30-min-chf-17000\/#breadcrumb\"},\"inLanguage\":\"it-IT\",\"potentialAction\":[{\"@type\":\"ReadAction\",\"target\":[\"https:\/\/www.swissraft.ch\/it\/prodotto\/volo-aereo-da-schanis-le-santis-30-min-chf-17000\/\"]}]},{\"@type\":\"ImageObject\",\"inLanguage\":\"it-IT\",\"@id\":\"https:\/\/www.swissraft.ch\/it\/prodotto\/volo-aereo-da-schanis-le-santis-30-min-chf-17000\/#primaryimage\",\"url\":\"https:\/\/www.swissraft.ch\/wp-content\/uploads\/2023\/11\/4-Santis-776x776-1.jpg\",\"contentUrl\":\"https:\/\/www.swissraft.ch\/wp-content\/uploads\/2023\/11\/4-Santis-776x776-1.jpg\",\"width\":776,\"height\":776,\"caption\":\"Volo per S\u00e4ntis da Sch\u00e4nis\"},{\"@type\":\"BreadcrumbList\",\"@id\":\"https:\/\/www.swissraft.ch\/it\/prodotto\/volo-aereo-da-schanis-le-santis-30-min-chf-17000\/#breadcrumb\",\"itemListElement\":[{\"@type\":\"ListItem\",\"position\":1,\"name\":\"Accueil\",\"item\":\"https:\/\/www.swissraft.ch\/it\/\"},{\"@type\":\"ListItem\",\"position\":2,\"name\":\"Negozio\",\"item\":\"https:\/\/www.swissraft.ch\/it\/negozio\/\"},{\"@type\":\"ListItem\",\"position\":3,\"name\":\"Volo aereo da SCH\u00c4NIS &#8211; LE S\u00c4NTIS &#8211; 30 min. &#8211; CHF 170,00\"}]},{\"@type\":\"WebSite\",\"@id\":\"https:\/\/www.swissraft.ch\/it\/#website\",\"url\":\"https:\/\/www.swissraft.ch\/it\/\",\"name\":\"Swissraft\",\"description\":\"To enjoy nature as it is\",\"publisher\":{\"@id\":\"https:\/\/www.swissraft.ch\/it\/#organization\"},\"potentialAction\":[{\"@type\":\"SearchAction\",\"target\":{\"@type\":\"EntryPoint\",\"urlTemplate\":\"https:\/\/www.swissraft.ch\/it\/?s={search_term_string}\"},\"query-input\":{\"@type\":\"PropertyValueSpecification\",\"valueRequired\":true,\"valueName\":\"search_term_string\"}}],\"inLanguage\":\"it-IT\"},{\"@type\":\"Organization\",\"@id\":\"https:\/\/www.swissraft.ch\/it\/#organization\",\"name\":\"Swissraft\",\"url\":\"https:\/\/www.swissraft.ch\/it\/\",\"logo\":{\"@type\":\"ImageObject\",\"inLanguage\":\"it-IT\",\"@id\":\"https:\/\/www.swissraft.ch\/it\/#\/schema\/logo\/image\/\",\"url\":\"https:\/\/www.swissraft.ch\/wp-content\/uploads\/2025\/09\/Capture.jpg\",\"contentUrl\":\"https:\/\/www.swissraft.ch\/wp-content\/uploads\/2025\/09\/Capture.jpg\",\"width\":293,\"height\":108,\"caption\":\"Swissraft\"},\"image\":{\"@id\":\"https:\/\/www.swissraft.ch\/it\/#\/schema\/logo\/image\/\"}}]}<\/script>\n<!-- \/ Yoast SEO plugin. -->","yoast_head_json":{"title":"Il S\u00e4ntis da Sch\u00e4nis per un volo di 60 minuti","description":"Il S\u00e4ntis da Sch\u00e4nis per un volo di 60 minuti con una fantastica vista sul Lago di Costanza e sulle montagne dei Vosgi in Francia.","robots":{"index":"index","follow":"follow","max-snippet":"max-snippet:-1","max-image-preview":"max-image-preview:large","max-video-preview":"max-video-preview:-1"},"canonical":"https:\/\/www.swissraft.ch\/it\/prodotto\/volo-aereo-da-schanis-le-santis-30-min-chf-17000\/","og_locale":"it_IT","og_type":"article","og_title":"Il S\u00e4ntis da Sch\u00e4nis per un volo di 60 minuti","og_description":"Il S\u00e4ntis da Sch\u00e4nis per un volo di 60 minuti con una fantastica vista sul Lago di Costanza e sulle montagne dei Vosgi in Francia.","og_url":"https:\/\/www.swissraft.ch\/it\/prodotto\/volo-aereo-da-schanis-le-santis-30-min-chf-17000\/","og_site_name":"Swissraft","article_modified_time":"2024-11-20T08:28:55+00:00","og_image":[{"width":776,"height":776,"url":"https:\/\/www.swissraft.ch\/wp-content\/uploads\/2023\/11\/4-Santis-776x776-1.jpg","type":"image\/jpeg"}],"twitter_card":"summary_large_image","schema":{"@context":"https:\/\/schema.org","@graph":[{"@type":"WebPage","@id":"https:\/\/www.swissraft.ch\/it\/prodotto\/volo-aereo-da-schanis-le-santis-30-min-chf-17000\/","url":"https:\/\/www.swissraft.ch\/it\/prodotto\/volo-aereo-da-schanis-le-santis-30-min-chf-17000\/","name":"Il S\u00e4ntis da Sch\u00e4nis per un volo di 60 minuti","isPartOf":{"@id":"https:\/\/www.swissraft.ch\/it\/#website"},"primaryImageOfPage":{"@id":"https:\/\/www.swissraft.ch\/it\/prodotto\/volo-aereo-da-schanis-le-santis-30-min-chf-17000\/#primaryimage"},"image":{"@id":"https:\/\/www.swissraft.ch\/it\/prodotto\/volo-aereo-da-schanis-le-santis-30-min-chf-17000\/#primaryimage"},"thumbnailUrl":"https:\/\/www.swissraft.ch\/wp-content\/uploads\/2023\/11\/4-Santis-776x776-1.jpg","datePublished":"2023-11-22T17:20:06+00:00","dateModified":"2024-11-20T08:28:55+00:00","description":"Il S\u00e4ntis da Sch\u00e4nis per un volo di 60 minuti con una fantastica vista sul Lago di Costanza e sulle montagne dei Vosgi in Francia.","breadcrumb":{"@id":"https:\/\/www.swissraft.ch\/it\/prodotto\/volo-aereo-da-schanis-le-santis-30-min-chf-17000\/#breadcrumb"},"inLanguage":"it-IT","potentialAction":[{"@type":"ReadAction","target":["https:\/\/www.swissraft.ch\/it\/prodotto\/volo-aereo-da-schanis-le-santis-30-min-chf-17000\/"]}]},{"@type":"ImageObject","inLanguage":"it-IT","@id":"https:\/\/www.swissraft.ch\/it\/prodotto\/volo-aereo-da-schanis-le-santis-30-min-chf-17000\/#primaryimage","url":"https:\/\/www.swissraft.ch\/wp-content\/uploads\/2023\/11\/4-Santis-776x776-1.jpg","contentUrl":"https:\/\/www.swissraft.ch\/wp-content\/uploads\/2023\/11\/4-Santis-776x776-1.jpg","width":776,"height":776,"caption":"Volo per S\u00e4ntis da Sch\u00e4nis"},{"@type":"BreadcrumbList","@id":"https:\/\/www.swissraft.ch\/it\/prodotto\/volo-aereo-da-schanis-le-santis-30-min-chf-17000\/#breadcrumb","itemListElement":[{"@type":"ListItem","position":1,"name":"Accueil","item":"https:\/\/www.swissraft.ch\/it\/"},{"@type":"ListItem","position":2,"name":"Negozio","item":"https:\/\/www.swissraft.ch\/it\/negozio\/"},{"@type":"ListItem","position":3,"name":"Volo aereo da SCH\u00c4NIS &#8211; LE S\u00c4NTIS &#8211; 30 min. &#8211; CHF 170,00"}]},{"@type":"WebSite","@id":"https:\/\/www.swissraft.ch\/it\/#website","url":"https:\/\/www.swissraft.ch\/it\/","name":"Swissraft","description":"To enjoy nature as it is","publisher":{"@id":"https:\/\/www.swissraft.ch\/it\/#organization"},"potentialAction":[{"@type":"SearchAction","target":{"@type":"EntryPoint","urlTemplate":"https:\/\/www.swissraft.ch\/it\/?s={search_term_string}"},"query-input":{"@type":"PropertyValueSpecification","valueRequired":true,"valueName":"search_term_string"}}],"inLanguage":"it-IT"},{"@type":"Organization","@id":"https:\/\/www.swissraft.ch\/it\/#organization","name":"Swissraft","url":"https:\/\/www.swissraft.ch\/it\/","logo":{"@type":"ImageObject","inLanguage":"it-IT","@id":"https:\/\/www.swissraft.ch\/it\/#\/schema\/logo\/image\/","url":"https:\/\/www.swissraft.ch\/wp-content\/uploads\/2025\/09\/Capture.jpg","contentUrl":"https:\/\/www.swissraft.ch\/wp-content\/uploads\/2025\/09\/Capture.jpg","width":293,"height":108,"caption":"Swissraft"},"image":{"@id":"https:\/\/www.swissraft.ch\/it\/#\/schema\/logo\/image\/"}}]}},"_links":{"self":[{"href":"https:\/\/www.swissraft.ch\/it\/wp-json\/wp\/v2\/product\/92302","targetHints":{"allow":["GET"]}}],"collection":[{"href":"https:\/\/www.swissraft.ch\/it\/wp-json\/wp\/v2\/product"}],"about":[{"href":"https:\/\/www.swissraft.ch\/it\/wp-json\/wp\/v2\/types\/product"}],"replies":[{"embeddable":true,"href":"https:\/\/www.swissraft.ch\/it\/wp-json\/wp\/v2\/comments?post=92302"}],"version-history":[{"count":0,"href":"https:\/\/www.swissraft.ch\/it\/wp-json\/wp\/v2\/product\/92302\/revisions"}],"wp:featuredmedia":[{"embeddable":true,"href":"https:\/\/www.swissraft.ch\/it\/wp-json\/wp\/v2\/media\/88547"}],"wp:attachment":[{"href":"https:\/\/www.swissraft.ch\/it\/wp-json\/wp\/v2\/media?parent=92302"}],"wp:term":[{"taxonomy":"product_cat","embeddable":true,"href":"https:\/\/www.swissraft.ch\/it\/wp-json\/wp\/v2\/product_cat?post=92302"},{"taxonomy":"product_tag","embeddable":true,"href":"https:\/\/www.swissraft.ch\/it\/wp-json\/wp\/v2\/product_tag?post=92302"}],"curies":[{"name":"wp","href":"https:\/\/api.w.org\/{rel}","templated":true}]}}