{"id":92299,"date":"2023-11-23T22:56:38","date_gmt":"2023-11-23T21:56:38","guid":{"rendered":"https:\/\/swissraft.xyanzkdne.eu\/product\/volo-aereo-da-schanis-domaine-daletsch-90-min-chf-48000\/"},"modified":"2024-11-20T09:28:56","modified_gmt":"2024-11-20T08:28:56","slug":"volo-aereo-da-schanis-domaine-daletsch-90-min-chf-48000","status":"publish","type":"product","link":"https:\/\/www.swissraft.ch\/it\/prodotto\/volo-aereo-da-schanis-domaine-daletsch-90-min-chf-48000\/","title":{"rendered":"Volo aereo da SCH\u00c4NIS &#8211; DOMAINE D&#8217;ALETSCH &#8211; 90 min. &#8211; CHF 480,00"},"content":{"rendered":"\t\t<div data-elementor-type=\"wp-post\" data-elementor-id=\"92299\" class=\"elementor elementor-92299 elementor-52931\">\n\t\t\t\t\t\t\t\t\t<section class=\"elementor-section elementor-top-section elementor-element elementor-element-3303a7e3 elementor-section-boxed elementor-section-height-default elementor-section-height-default\" data-id=\"3303a7e3\" data-element_type=\"section\">\n\t\t\t\t\t\t<div class=\"elementor-container elementor-column-gap-default\">\n\t\t\t\t\t<div class=\"elementor-column elementor-col-100 elementor-top-column elementor-element elementor-element-16d72dbf\" data-id=\"16d72dbf\" data-element_type=\"column\">\n\t\t\t<div class=\"elementor-widget-wrap elementor-element-populated\">\n\t\t\t\t\t\t\t\t<div class=\"elementor-element elementor-element-d743c03 elementor-widget elementor-widget-text-editor\" data-id=\"d743c03\" data-element_type=\"widget\" data-widget_type=\"text-editor.default\">\n\t\t\t\t<div class=\"elementor-widget-container\">\n\t\t\t\t\t\t\t<h2>SCEGLI LA TUA ATTIVIT\u00c0 QUI SOTTO PER OFFRIRE BUONI REGALO\/BIGLIETTI O EFFETTUARE UNA PRENOTAZIONE<\/h2>\n<table border=\"0\" width=\"580\" cellspacing=\"10\" cellpadding=\"10\">\n<tbody>\n<tr>\n<td width=\"50%\"><strong>DOMAINE D&#8217;ALETSCH &#8211; VOLO PRIVATO (1 pers.) &#8211; 90 min.<\/strong><\/td>\n<td><strong>CHF 480,00 per volo privato  <span class=\"productPrice\"><br \/><\/span><\/strong><\/td>\n<\/tr>\n<tr>\n<td>Informazioni aggiuntive<\/td>\n<td><span class=\"patt\"><br \/>&#8211; Utilizzi l&#8217;aereo esclusivamente per te &#8211; Scegli tu la data e l&#8217;ora della partenza<br \/><\/span><span class=\"patt\">&#8211; Massimo 1 persona<\/span><\/td>\n<\/tr>\n<tr>\n<td>Campo d&#8217;aviazione<\/td>\n<td><a href=\"https:\/\/www.google.com\/maps\/place\/47%C2%B010'17.6%22N+9%C2%B002'28.0%22E\/@47.172222,9.0233044,3069m\/data=!3m1!1e3!4m4!3m3!8m2!3d47.1715556!4d9.0411111?entry=ttu\" target=\"_blank\" rel=\"noopener\">Sch\u00e4nis<\/a><\/td>\n<\/tr>\n<tr>\n<td>Tempo di volo<\/td>\n<td>90 minuti.<\/td>\n<\/tr>\n<tr>\n<td>Durata totale<\/td>\n<td>circa 2 ore<\/td>\n<\/tr>\n<tr>\n<td>Appuntamento<\/td>\n<td>Per telefono<\/td>\n<\/tr>\n<tr>\n<td><button class=\"elementor-button\" type=\"button\"><a href=\"https:\/\/swissraft.outdoorbooking.ch\/fo\/products\/1896?base_id=28&amp;category_id=4&amp;order_type=gift_voucher&amp;lang=it\" target=\"_blank\" rel=\"noopener\">BUONO REGALO<\/a><\/button><\/td>\n<td>Per prenotare <span class=\"patt\" style=\"font-family: inherit; font-size: inherit;\"><span class=\"plbl\"><span class=\"patt\"><a href=\"https:\/\/www.swissraft.ch\/it\/contattaci\/\">contattaci<\/a><\/span><\/span><\/span><\/td>\n<\/tr>\n<\/tbody>\n<\/table>\n\t\t\t\t\t\t<\/div>\n\t\t\t\t<\/div>\n\t\t\t\t\t<\/div>\n\t\t<\/div>\n\t\t\t\t\t\t\t<\/div>\n\t\t<\/section>\n\t\t\t\t\t\t\t<\/div>\n\t\t","protected":false},"excerpt":{"rendered":"<div align=\"justify\">\n<h2 align=\"justify\">Volo aereo verso la regione dell&#8217;Aletsch dall&#8217;aeroporto di Sch\u00e4nis<\/h2>\n<h3>Sorvolando l&#8217;Aletsch Arena, patrimonio dell&#8217;umanit\u00e0 dell&#8217;UNESCO<\/h3>\n<\/div>\n<div align=\"justify\">\n<p>Decolla dall&#8217;aerodromo di Sch\u00e4nis e dirigiti verso il Canton Vallese. L&#8217;area sciistica dell&#8217;Aletsch Arena \u00e8 una delle pi\u00f9 grandi della Svizzera. Dopo un volo di 40 minuti, raggiungerai l&#8217;area dell&#8217;Aletsch e il suo ghiacciaio, sopra il quale volerai. Il ghiacciaio dell&#8217;Aletsch \u00e8 il pi\u00f9 grande delle Alpi svizzere e copre un&#8217;area di 117,6 km\u00b2. \u00c8 ora di tornare all&#8217;aerodromo di Sch\u00e4nis per riposare dopo un memorabile volo di 90 minuti.<\/p>\n<h3>Non esitare a contattarci via e-mail o telefono per qualsiasi domanda. Saremo felici di aiutarti a scegliere il tuo tour aereo. <\/h3>\n<p id=\"textarea\" style=\"display: none;\">\nDa un lato, abbiamo voli di piacere in partenza dall&#8217;aeroporto internazionale di Berna-Belp. Decolliamo anche dall&#8217;aerodromo di Biel, nella regione dei 3 laghi. Effettuiamo anche voli di piacere nel cantone di Soletta dall&#8217;aeroporto di Grenchen. Offriamo anche voli turistici dall&#8217;aeroporto di Buttwil nel Canton Argovia. Inoltre, effettuiamo voli di piacere nella regione della Gruy\u00e8re dall&#8217;aerodromo di \u00c9pagny.\n<\/p>\n<p><a id=\"seeMore\" onclick=\"toggleSeeMore()\" href=\"javascript:void(0);\">Leggi tutto<\/a><\/p>\n","protected":false},"featured_media":88586,"comment_status":"open","ping_status":"closed","template":"","meta":{"inline_featured_image":false,"_mi_skip_tracking":false},"product_cat":[466,423],"product_tag":[],"class_list":["post-92299","product","type-product","status-publish","has-post-thumbnail","hentry","product_cat-aereo-schanis","product_cat-voli-aereo"],"yoast_head":"<!-- This site is optimized with the Yoast SEO plugin v23.6 - https:\/\/yoast.com\/wordpress\/plugins\/seo\/ -->\n<title>Aletsch Patrimonio dell&#039;Umanit\u00e0 dell&#039;Unesco, volo aereo sull&#039;area<\/title>\n<meta name=\"description\" content=\"Il sito dell&#039;Aletsch, patrimonio dell&#039;umanit\u00e0, parte da Sch\u00e4nis per un volo di 90 minuti sopra l&#039;area sciistica dell&#039;Aletsch.\" \/>\n<meta name=\"robots\" content=\"index, follow, max-snippet:-1, max-image-preview:large, max-video-preview:-1\" \/>\n<link rel=\"canonical\" href=\"https:\/\/www.swissraft.ch\/it\/prodotto\/volo-aereo-da-schanis-domaine-daletsch-90-min-chf-48000\/\" \/>\n<meta property=\"og:locale\" content=\"it_IT\" \/>\n<meta property=\"og:type\" content=\"article\" \/>\n<meta property=\"og:title\" content=\"Aletsch Patrimonio dell&#039;Umanit\u00e0 dell&#039;Unesco, volo aereo sull&#039;area\" \/>\n<meta property=\"og:description\" content=\"Il sito dell&#039;Aletsch, patrimonio dell&#039;umanit\u00e0, parte da Sch\u00e4nis per un volo di 90 minuti sopra l&#039;area sciistica dell&#039;Aletsch.\" \/>\n<meta property=\"og:url\" content=\"https:\/\/www.swissraft.ch\/it\/prodotto\/volo-aereo-da-schanis-domaine-daletsch-90-min-chf-48000\/\" \/>\n<meta property=\"og:site_name\" content=\"Swissraft\" \/>\n<meta property=\"article:modified_time\" content=\"2024-11-20T08:28:56+00:00\" \/>\n<meta property=\"og:image\" content=\"https:\/\/www.swissraft.ch\/wp-content\/uploads\/2023\/11\/6-Aletsch-Arena-776x776-1.jpg\" \/>\n\t<meta property=\"og:image:width\" content=\"776\" \/>\n\t<meta property=\"og:image:height\" content=\"776\" \/>\n\t<meta property=\"og:image:type\" content=\"image\/jpeg\" \/>\n<meta name=\"twitter:card\" content=\"summary_large_image\" \/>\n<script type=\"application\/ld+json\" class=\"yoast-schema-graph\">{\"@context\":\"https:\/\/schema.org\",\"@graph\":[{\"@type\":\"WebPage\",\"@id\":\"https:\/\/www.swissraft.ch\/it\/prodotto\/volo-aereo-da-schanis-domaine-daletsch-90-min-chf-48000\/\",\"url\":\"https:\/\/www.swissraft.ch\/it\/prodotto\/volo-aereo-da-schanis-domaine-daletsch-90-min-chf-48000\/\",\"name\":\"Aletsch Patrimonio dell'Umanit\u00e0 dell'Unesco, volo aereo sull'area\",\"isPartOf\":{\"@id\":\"https:\/\/www.swissraft.ch\/it\/#website\"},\"primaryImageOfPage\":{\"@id\":\"https:\/\/www.swissraft.ch\/it\/prodotto\/volo-aereo-da-schanis-domaine-daletsch-90-min-chf-48000\/#primaryimage\"},\"image\":{\"@id\":\"https:\/\/www.swissraft.ch\/it\/prodotto\/volo-aereo-da-schanis-domaine-daletsch-90-min-chf-48000\/#primaryimage\"},\"thumbnailUrl\":\"https:\/\/www.swissraft.ch\/wp-content\/uploads\/2023\/11\/6-Aletsch-Arena-776x776-1.jpg\",\"datePublished\":\"2023-11-23T21:56:38+00:00\",\"dateModified\":\"2024-11-20T08:28:56+00:00\",\"description\":\"Il sito dell'Aletsch, patrimonio dell'umanit\u00e0, parte da Sch\u00e4nis per un volo di 90 minuti sopra l'area sciistica dell'Aletsch.\",\"breadcrumb\":{\"@id\":\"https:\/\/www.swissraft.ch\/it\/prodotto\/volo-aereo-da-schanis-domaine-daletsch-90-min-chf-48000\/#breadcrumb\"},\"inLanguage\":\"it-IT\",\"potentialAction\":[{\"@type\":\"ReadAction\",\"target\":[\"https:\/\/www.swissraft.ch\/it\/prodotto\/volo-aereo-da-schanis-domaine-daletsch-90-min-chf-48000\/\"]}]},{\"@type\":\"ImageObject\",\"inLanguage\":\"it-IT\",\"@id\":\"https:\/\/www.swissraft.ch\/it\/prodotto\/volo-aereo-da-schanis-domaine-daletsch-90-min-chf-48000\/#primaryimage\",\"url\":\"https:\/\/www.swissraft.ch\/wp-content\/uploads\/2023\/11\/6-Aletsch-Arena-776x776-1.jpg\",\"contentUrl\":\"https:\/\/www.swissraft.ch\/wp-content\/uploads\/2023\/11\/6-Aletsch-Arena-776x776-1.jpg\",\"width\":776,\"height\":776,\"caption\":\"Regione dell'Aletsch in aereo da Sch\u00e4nis\"},{\"@type\":\"BreadcrumbList\",\"@id\":\"https:\/\/www.swissraft.ch\/it\/prodotto\/volo-aereo-da-schanis-domaine-daletsch-90-min-chf-48000\/#breadcrumb\",\"itemListElement\":[{\"@type\":\"ListItem\",\"position\":1,\"name\":\"Accueil\",\"item\":\"https:\/\/www.swissraft.ch\/it\/\"},{\"@type\":\"ListItem\",\"position\":2,\"name\":\"Negozio\",\"item\":\"https:\/\/www.swissraft.ch\/it\/negozio\/\"},{\"@type\":\"ListItem\",\"position\":3,\"name\":\"Volo aereo da SCH\u00c4NIS &#8211; DOMAINE D&#8217;ALETSCH &#8211; 90 min. &#8211; CHF 480,00\"}]},{\"@type\":\"WebSite\",\"@id\":\"https:\/\/www.swissraft.ch\/it\/#website\",\"url\":\"https:\/\/www.swissraft.ch\/it\/\",\"name\":\"Swissraft\",\"description\":\"To enjoy nature as it is\",\"publisher\":{\"@id\":\"https:\/\/www.swissraft.ch\/it\/#organization\"},\"potentialAction\":[{\"@type\":\"SearchAction\",\"target\":{\"@type\":\"EntryPoint\",\"urlTemplate\":\"https:\/\/www.swissraft.ch\/it\/?s={search_term_string}\"},\"query-input\":{\"@type\":\"PropertyValueSpecification\",\"valueRequired\":true,\"valueName\":\"search_term_string\"}}],\"inLanguage\":\"it-IT\"},{\"@type\":\"Organization\",\"@id\":\"https:\/\/www.swissraft.ch\/it\/#organization\",\"name\":\"Swissraft\",\"url\":\"https:\/\/www.swissraft.ch\/it\/\",\"logo\":{\"@type\":\"ImageObject\",\"inLanguage\":\"it-IT\",\"@id\":\"https:\/\/www.swissraft.ch\/it\/#\/schema\/logo\/image\/\",\"url\":\"https:\/\/www.swissraft.ch\/wp-content\/uploads\/2025\/09\/Capture.jpg\",\"contentUrl\":\"https:\/\/www.swissraft.ch\/wp-content\/uploads\/2025\/09\/Capture.jpg\",\"width\":293,\"height\":108,\"caption\":\"Swissraft\"},\"image\":{\"@id\":\"https:\/\/www.swissraft.ch\/it\/#\/schema\/logo\/image\/\"}}]}<\/script>\n<!-- \/ Yoast SEO plugin. -->","yoast_head_json":{"title":"Aletsch Patrimonio dell'Umanit\u00e0 dell'Unesco, volo aereo sull'area","description":"Il sito dell'Aletsch, patrimonio dell'umanit\u00e0, parte da Sch\u00e4nis per un volo di 90 minuti sopra l'area sciistica dell'Aletsch.","robots":{"index":"index","follow":"follow","max-snippet":"max-snippet:-1","max-image-preview":"max-image-preview:large","max-video-preview":"max-video-preview:-1"},"canonical":"https:\/\/www.swissraft.ch\/it\/prodotto\/volo-aereo-da-schanis-domaine-daletsch-90-min-chf-48000\/","og_locale":"it_IT","og_type":"article","og_title":"Aletsch Patrimonio dell'Umanit\u00e0 dell'Unesco, volo aereo sull'area","og_description":"Il sito dell'Aletsch, patrimonio dell'umanit\u00e0, parte da Sch\u00e4nis per un volo di 90 minuti sopra l'area sciistica dell'Aletsch.","og_url":"https:\/\/www.swissraft.ch\/it\/prodotto\/volo-aereo-da-schanis-domaine-daletsch-90-min-chf-48000\/","og_site_name":"Swissraft","article_modified_time":"2024-11-20T08:28:56+00:00","og_image":[{"width":776,"height":776,"url":"https:\/\/www.swissraft.ch\/wp-content\/uploads\/2023\/11\/6-Aletsch-Arena-776x776-1.jpg","type":"image\/jpeg"}],"twitter_card":"summary_large_image","schema":{"@context":"https:\/\/schema.org","@graph":[{"@type":"WebPage","@id":"https:\/\/www.swissraft.ch\/it\/prodotto\/volo-aereo-da-schanis-domaine-daletsch-90-min-chf-48000\/","url":"https:\/\/www.swissraft.ch\/it\/prodotto\/volo-aereo-da-schanis-domaine-daletsch-90-min-chf-48000\/","name":"Aletsch Patrimonio dell'Umanit\u00e0 dell'Unesco, volo aereo sull'area","isPartOf":{"@id":"https:\/\/www.swissraft.ch\/it\/#website"},"primaryImageOfPage":{"@id":"https:\/\/www.swissraft.ch\/it\/prodotto\/volo-aereo-da-schanis-domaine-daletsch-90-min-chf-48000\/#primaryimage"},"image":{"@id":"https:\/\/www.swissraft.ch\/it\/prodotto\/volo-aereo-da-schanis-domaine-daletsch-90-min-chf-48000\/#primaryimage"},"thumbnailUrl":"https:\/\/www.swissraft.ch\/wp-content\/uploads\/2023\/11\/6-Aletsch-Arena-776x776-1.jpg","datePublished":"2023-11-23T21:56:38+00:00","dateModified":"2024-11-20T08:28:56+00:00","description":"Il sito dell'Aletsch, patrimonio dell'umanit\u00e0, parte da Sch\u00e4nis per un volo di 90 minuti sopra l'area sciistica dell'Aletsch.","breadcrumb":{"@id":"https:\/\/www.swissraft.ch\/it\/prodotto\/volo-aereo-da-schanis-domaine-daletsch-90-min-chf-48000\/#breadcrumb"},"inLanguage":"it-IT","potentialAction":[{"@type":"ReadAction","target":["https:\/\/www.swissraft.ch\/it\/prodotto\/volo-aereo-da-schanis-domaine-daletsch-90-min-chf-48000\/"]}]},{"@type":"ImageObject","inLanguage":"it-IT","@id":"https:\/\/www.swissraft.ch\/it\/prodotto\/volo-aereo-da-schanis-domaine-daletsch-90-min-chf-48000\/#primaryimage","url":"https:\/\/www.swissraft.ch\/wp-content\/uploads\/2023\/11\/6-Aletsch-Arena-776x776-1.jpg","contentUrl":"https:\/\/www.swissraft.ch\/wp-content\/uploads\/2023\/11\/6-Aletsch-Arena-776x776-1.jpg","width":776,"height":776,"caption":"Regione dell'Aletsch in aereo da Sch\u00e4nis"},{"@type":"BreadcrumbList","@id":"https:\/\/www.swissraft.ch\/it\/prodotto\/volo-aereo-da-schanis-domaine-daletsch-90-min-chf-48000\/#breadcrumb","itemListElement":[{"@type":"ListItem","position":1,"name":"Accueil","item":"https:\/\/www.swissraft.ch\/it\/"},{"@type":"ListItem","position":2,"name":"Negozio","item":"https:\/\/www.swissraft.ch\/it\/negozio\/"},{"@type":"ListItem","position":3,"name":"Volo aereo da SCH\u00c4NIS &#8211; DOMAINE D&#8217;ALETSCH &#8211; 90 min. &#8211; CHF 480,00"}]},{"@type":"WebSite","@id":"https:\/\/www.swissraft.ch\/it\/#website","url":"https:\/\/www.swissraft.ch\/it\/","name":"Swissraft","description":"To enjoy nature as it is","publisher":{"@id":"https:\/\/www.swissraft.ch\/it\/#organization"},"potentialAction":[{"@type":"SearchAction","target":{"@type":"EntryPoint","urlTemplate":"https:\/\/www.swissraft.ch\/it\/?s={search_term_string}"},"query-input":{"@type":"PropertyValueSpecification","valueRequired":true,"valueName":"search_term_string"}}],"inLanguage":"it-IT"},{"@type":"Organization","@id":"https:\/\/www.swissraft.ch\/it\/#organization","name":"Swissraft","url":"https:\/\/www.swissraft.ch\/it\/","logo":{"@type":"ImageObject","inLanguage":"it-IT","@id":"https:\/\/www.swissraft.ch\/it\/#\/schema\/logo\/image\/","url":"https:\/\/www.swissraft.ch\/wp-content\/uploads\/2025\/09\/Capture.jpg","contentUrl":"https:\/\/www.swissraft.ch\/wp-content\/uploads\/2025\/09\/Capture.jpg","width":293,"height":108,"caption":"Swissraft"},"image":{"@id":"https:\/\/www.swissraft.ch\/it\/#\/schema\/logo\/image\/"}}]}},"_links":{"self":[{"href":"https:\/\/www.swissraft.ch\/it\/wp-json\/wp\/v2\/product\/92299","targetHints":{"allow":["GET"]}}],"collection":[{"href":"https:\/\/www.swissraft.ch\/it\/wp-json\/wp\/v2\/product"}],"about":[{"href":"https:\/\/www.swissraft.ch\/it\/wp-json\/wp\/v2\/types\/product"}],"replies":[{"embeddable":true,"href":"https:\/\/www.swissraft.ch\/it\/wp-json\/wp\/v2\/comments?post=92299"}],"version-history":[{"count":0,"href":"https:\/\/www.swissraft.ch\/it\/wp-json\/wp\/v2\/product\/92299\/revisions"}],"wp:featuredmedia":[{"embeddable":true,"href":"https:\/\/www.swissraft.ch\/it\/wp-json\/wp\/v2\/media\/88586"}],"wp:attachment":[{"href":"https:\/\/www.swissraft.ch\/it\/wp-json\/wp\/v2\/media?parent=92299"}],"wp:term":[{"taxonomy":"product_cat","embeddable":true,"href":"https:\/\/www.swissraft.ch\/it\/wp-json\/wp\/v2\/product_cat?post=92299"},{"taxonomy":"product_tag","embeddable":true,"href":"https:\/\/www.swissraft.ch\/it\/wp-json\/wp\/v2\/product_tag?post=92299"}],"curies":[{"name":"wp","href":"https:\/\/api.w.org\/{rel}","templated":true}]}}