{"id":92291,"date":"2023-11-05T16:14:25","date_gmt":"2023-11-05T15:14:25","guid":{"rendered":"https:\/\/swissraft.xyanzkdne.eu\/product\/paracadutismo-a-locarno-salto-tandem-da-un-aereo-da-chf-445-00\/"},"modified":"2026-04-04T06:34:53","modified_gmt":"2026-04-04T04:34:53","slug":"paracadutismo-locarno-salto-tandem-aereo","status":"publish","type":"product","link":"https:\/\/www.swissraft.ch\/it\/prodotto\/paracadutismo-locarno-salto-tandem-aereo\/","title":{"rendered":"Paracadutismo a Locarno &#8211; Salto tandem da un aereo &#8211; Da CHF 445.00"},"content":{"rendered":"\t\t<div data-elementor-type=\"wp-post\" data-elementor-id=\"92291\" class=\"elementor elementor-92291 elementor-50945\">\n\t\t\t\t\t\t\t\t\t<section class=\"elementor-section elementor-top-section elementor-element elementor-element-3303a7e3 elementor-section-boxed elementor-section-height-default elementor-section-height-default\" data-id=\"3303a7e3\" data-element_type=\"section\">\n\t\t\t\t\t\t<div class=\"elementor-container elementor-column-gap-default\">\n\t\t\t\t\t<div class=\"elementor-column elementor-col-100 elementor-top-column elementor-element elementor-element-16d72dbf\" data-id=\"16d72dbf\" data-element_type=\"column\">\n\t\t\t<div class=\"elementor-widget-wrap elementor-element-populated\">\n\t\t\t\t\t\t\t\t<div class=\"elementor-element elementor-element-d743c03 elementor-widget elementor-widget-text-editor\" data-id=\"d743c03\" data-element_type=\"widget\" data-widget_type=\"text-editor.default\">\n\t\t\t\t<div class=\"elementor-widget-container\">\n\t\t\t\t\t\t\t<h2>SCEGLI LA TUA ATTIVIT\u00c0 QUI SOTTO PER OFFRIRE BUONI REGALO\/BIGLIETTI O EFFETTUARE UNA PRENOTAZIONE<\/h2><table border=\"0\" width=\"580\" cellspacing=\"10\" cellpadding=\"10\"><tbody><tr><td width=\"50%\"><strong>LANCIO IN TANDEM CON PARACADUTE &#8211; LOCARNO<\/strong><\/td><td><strong>CHF 445.00 a persona<span class=\"productPrice\"><br \/><\/span><\/strong><\/td><\/tr><tr><td>Informazioni aggiuntive<\/td><td>&#8211; Scarpe sportive senza ganci<br \/>&#8211; Non andare a digiuno<br \/>&#8211; Non essere sotto l&#8217;effetto di alcol o altre sostanze<br \/>&#8211; Autorizzazione dei genitori per i minori<\/td><\/tr><tr><td>Orari<\/td><td>09h00 \/ 13h15 \/ 16h00<\/td><\/tr><tr><td>Durata della caduta libera<\/td><td>circa 45 secondi<\/td><\/tr><tr><td>Durata totale<\/td><td>circa 4 ore<\/td><\/tr><tr><td>Aerodromo<\/td><td><a href=\"https:\/\/www.google.com\/maps\/place\/46%C2%B009'51.3%22N+8%C2%B053'07.8%22E\/@46.164341,8.880816,782m\/data=!3m1!1e3!4m4!3m3!8m2!3d46.16425!4d8.8855?entry=ttu\" target=\"_blank\" rel=\"noopener\">Locarno<\/a><\/td><\/tr><tr><td><a href=\"https:\/\/swissraft.outdoorbooking.ch\/fo\/products\/gift_vouchers?base_id=39&amp;category_id=5&amp;id=86&amp;lang=it\" target=\"_blank\" rel=\"noopener\"><button class=\"elementor-button\" type=\"button\">ACQUISTO BUONO REGALO \/ BIGLIETTO<\/button><\/a><\/td><td><strong>CHF 445.00<\/strong>\/pers.<\/td><\/tr><tr><td><a href=\"https:\/\/swissraft.outdoorbooking.ch\/fo\/products\/gift_vouchers?base_id=39&amp;category_id=5&amp;id=247&amp;lang=it\" target=\"_blank\" rel=\"noopener\"><button class=\"elementor-button\" type=\"button\">ACQUISTO BUONO REGALO \/ BIGLIETTO<\/button><\/a><\/td><td><strong>CHF 670.00<\/strong>\/pers. con video o foto<\/td><\/tr><tr><td><a href=\"https:\/\/swissraft.outdoorbooking.ch\/fo\/products\/gift_vouchers?base_id=39&amp;category_id=5&amp;id=248&amp;lang=it\" target=\"_blank\" rel=\"noopener\"><button class=\"elementor-button\" type=\"button\">ACQUISTO BUONO REGALO \/ BIGLIETTO<\/button><\/a><\/td><td><strong>CHF 690.00<\/strong>\/pers. con video e foto<\/td><\/tr><tr><td>\u00a0<\/td><td><strong><em>IMPORTANTE !<\/em><\/strong><br \/><em>Per prenotare, chiamate il numero che si trova in alto a sinistra sul buono regalo \/ biglietto.<\/em><\/td><\/tr><\/tbody><\/table>\t\t\t\t\t\t<\/div>\n\t\t\t\t<\/div>\n\t\t\t\t\t<\/div>\n\t\t<\/div>\n\t\t\t\t\t\t\t<\/div>\n\t\t<\/section>\n\t\t\t\t\t\t\t<\/div>\n\t\t","protected":false},"excerpt":{"rendered":"<div align=\"justify\">\n<h2 align=\"justify\">Lancio in tandem con il paracadute a Locarno, Canton Ticino<\/h2>\n<h3>Lancio con il paracadute da un aereo a Locarno. Ti lancerai ad un&#8217;altitudine di 4.000 m sul Lago Maggiore; emozioni garantite!<\/h3>\n<\/div>\n<div align=\"justify\">\n<p>Il nostro istruttore ti d\u00e0 il benvenuto nella dropzone di Locarno. Ti guida attraverso l&#8217;avventura. Per prima cosa, ripeti con lui alcuni movimenti. Poi ti equipaggia con un&#8217;imbracatura, un casco e degli occhiali di protezione. Sempre con lui, sali a bordo dell&#8217;aereo con altri tandem. Ci rilassiamo, scherziamo e lo stress si scioglie. Hai piena fiducia nel tuo autista esperto. L&#8217;aereo decolla per l&#8217;avventura. Durante il volo, goditi la vista del Lago Maggiore. Dopo circa 20 minuti, l&#8217;aereo ha raggiunto un&#8217;altitudine di 4.000 m, pronto per il salto. L&#8217;autista esegue il controllo finale. Entrambi saltate e inizia la caduta libera. Sta andando tutto bene! Stai precipitando a quasi 200 km\/h, esaltato. A 1500 m, il paracadute si apre senza scatti. La discesa avviene senza problemi con il paracadute aperto. Il tuo pilota ti guider\u00e0 alla dropzone di Colombier. Atterra dolcemente in posizione seduta. Conserva un ricordo della tua esperienza ordinando il tuo video sul nostro sito web. Per chi \u00e8 un po&#8217; timoroso, il simulatore di caduta libera offre sensazioni simili. Abbiamo un simulatore a Sion, nel Vallese, e un altro vicino a Zurigo, a Winterthur.<\/p>\n<p id=\"textarea\" style=\"display: none;\">\nFacciamo paracadutismo da diversi campi di volo in Svizzera. Berom\u00fcnster, Interlaken e Reichenbach nell&#8217;Oberland Bernese. Lo stesso vale per Granges, \u00c9cuvillens, \u00c9pagny e Colombier. Nel cantone di Vaud, saltiamo da Bex. In Vallese, i lanci in tandem sono disponibili da Sion e Rarogne. E nel Canton Obvaldo, dall&#8217;aerodromo di K\u00e4giswil. Infine, vicino a Basilea, nel campo di aviazione di Rottweil in Germania.\n<\/p>\n<p><a id=\"seeMore\" onclick=\"toggleSeeMore()\" href=\"javascript:void(0);\">Leggi tutto<\/a><\/p>\n","protected":false},"featured_media":89870,"comment_status":"open","ping_status":"closed","template":"","meta":{"inline_featured_image":false,"_mi_skip_tracking":false},"product_cat":[432],"product_tag":[],"class_list":["post-92291","product","type-product","status-publish","has-post-thumbnail","hentry","product_cat-lancio-con-paracadute-in-tandem"],"yoast_head":"<!-- This site is optimized with the Yoast SEO plugin v23.6 - https:\/\/yoast.com\/wordpress\/plugins\/seo\/ -->\n<title>Paracadutismo a locarno da un aereo a 4000 metri di altezza<\/title>\n<meta name=\"description\" content=\"Paracadutismo a locarno da un aereo a 4000m di altezza. Un lancio in tandem con una splendida vista sul Lago Maggiore e sul Ticino in generale\" \/>\n<meta name=\"robots\" content=\"index, follow, max-snippet:-1, max-image-preview:large, max-video-preview:-1\" \/>\n<link rel=\"canonical\" href=\"https:\/\/www.swissraft.ch\/it\/prodotto\/paracadutismo-locarno-salto-tandem-aereo\/\" \/>\n<meta property=\"og:locale\" content=\"it_IT\" \/>\n<meta property=\"og:type\" content=\"article\" \/>\n<meta property=\"og:title\" content=\"Paracadutismo a locarno da un aereo a 4000 metri di altezza\" \/>\n<meta property=\"og:description\" content=\"Paracadutismo a locarno da un aereo a 4000m di altezza. Un lancio in tandem con una splendida vista sul Lago Maggiore e sul Ticino in generale\" \/>\n<meta property=\"og:url\" content=\"https:\/\/www.swissraft.ch\/it\/prodotto\/paracadutismo-locarno-salto-tandem-aereo\/\" \/>\n<meta property=\"og:site_name\" content=\"Swissraft\" \/>\n<meta property=\"article:modified_time\" content=\"2026-04-04T04:34:53+00:00\" \/>\n<meta property=\"og:image\" content=\"https:\/\/www.swissraft.ch\/wp-content\/uploads\/2023\/11\/1-Locarno-saut-en-tandem-en-parachute-776x776-1.jpg\" \/>\n\t<meta property=\"og:image:width\" content=\"776\" \/>\n\t<meta property=\"og:image:height\" content=\"776\" \/>\n\t<meta property=\"og:image:type\" content=\"image\/jpeg\" \/>\n<meta name=\"twitter:card\" content=\"summary_large_image\" \/>\n<meta name=\"twitter:label1\" content=\"Tempo di lettura stimato\" \/>\n\t<meta name=\"twitter:data1\" content=\"1 minuto\" \/>\n<script type=\"application\/ld+json\" class=\"yoast-schema-graph\">{\"@context\":\"https:\/\/schema.org\",\"@graph\":[{\"@type\":\"WebPage\",\"@id\":\"https:\/\/www.swissraft.ch\/it\/prodotto\/paracadutismo-locarno-salto-tandem-aereo\/\",\"url\":\"https:\/\/www.swissraft.ch\/it\/prodotto\/paracadutismo-locarno-salto-tandem-aereo\/\",\"name\":\"Paracadutismo a locarno da un aereo a 4000 metri di altezza\",\"isPartOf\":{\"@id\":\"https:\/\/www.swissraft.ch\/it\/#website\"},\"primaryImageOfPage\":{\"@id\":\"https:\/\/www.swissraft.ch\/it\/prodotto\/paracadutismo-locarno-salto-tandem-aereo\/#primaryimage\"},\"image\":{\"@id\":\"https:\/\/www.swissraft.ch\/it\/prodotto\/paracadutismo-locarno-salto-tandem-aereo\/#primaryimage\"},\"thumbnailUrl\":\"https:\/\/www.swissraft.ch\/wp-content\/uploads\/2023\/11\/1-Locarno-saut-en-tandem-en-parachute-776x776-1.jpg\",\"datePublished\":\"2023-11-05T15:14:25+00:00\",\"dateModified\":\"2026-04-04T04:34:53+00:00\",\"description\":\"Paracadutismo a locarno da un aereo a 4000m di altezza. Un lancio in tandem con una splendida vista sul Lago Maggiore e sul Ticino in generale\",\"breadcrumb\":{\"@id\":\"https:\/\/www.swissraft.ch\/it\/prodotto\/paracadutismo-locarno-salto-tandem-aereo\/#breadcrumb\"},\"inLanguage\":\"it-IT\",\"potentialAction\":[{\"@type\":\"ReadAction\",\"target\":[\"https:\/\/www.swissraft.ch\/it\/prodotto\/paracadutismo-locarno-salto-tandem-aereo\/\"]}]},{\"@type\":\"ImageObject\",\"inLanguage\":\"it-IT\",\"@id\":\"https:\/\/www.swissraft.ch\/it\/prodotto\/paracadutismo-locarno-salto-tandem-aereo\/#primaryimage\",\"url\":\"https:\/\/www.swissraft.ch\/wp-content\/uploads\/2023\/11\/1-Locarno-saut-en-tandem-en-parachute-776x776-1.jpg\",\"contentUrl\":\"https:\/\/www.swissraft.ch\/wp-content\/uploads\/2023\/11\/1-Locarno-saut-en-tandem-en-parachute-776x776-1.jpg\",\"width\":776,\"height\":776,\"caption\":\"Lancio in tandem con il paracadute a Locarno\"},{\"@type\":\"BreadcrumbList\",\"@id\":\"https:\/\/www.swissraft.ch\/it\/prodotto\/paracadutismo-locarno-salto-tandem-aereo\/#breadcrumb\",\"itemListElement\":[{\"@type\":\"ListItem\",\"position\":1,\"name\":\"Accueil\",\"item\":\"https:\/\/www.swissraft.ch\/it\/\"},{\"@type\":\"ListItem\",\"position\":2,\"name\":\"Negozio\",\"item\":\"https:\/\/www.swissraft.ch\/it\/negozio\/\"},{\"@type\":\"ListItem\",\"position\":3,\"name\":\"Paracadutismo a Locarno &#8211; Salto tandem da un aereo &#8211; Da CHF 445.00\"}]},{\"@type\":\"WebSite\",\"@id\":\"https:\/\/www.swissraft.ch\/it\/#website\",\"url\":\"https:\/\/www.swissraft.ch\/it\/\",\"name\":\"Swissraft\",\"description\":\"To enjoy nature as it is\",\"publisher\":{\"@id\":\"https:\/\/www.swissraft.ch\/it\/#organization\"},\"potentialAction\":[{\"@type\":\"SearchAction\",\"target\":{\"@type\":\"EntryPoint\",\"urlTemplate\":\"https:\/\/www.swissraft.ch\/it\/?s={search_term_string}\"},\"query-input\":{\"@type\":\"PropertyValueSpecification\",\"valueRequired\":true,\"valueName\":\"search_term_string\"}}],\"inLanguage\":\"it-IT\"},{\"@type\":\"Organization\",\"@id\":\"https:\/\/www.swissraft.ch\/it\/#organization\",\"name\":\"Swissraft\",\"url\":\"https:\/\/www.swissraft.ch\/it\/\",\"logo\":{\"@type\":\"ImageObject\",\"inLanguage\":\"it-IT\",\"@id\":\"https:\/\/www.swissraft.ch\/it\/#\/schema\/logo\/image\/\",\"url\":\"https:\/\/www.swissraft.ch\/wp-content\/uploads\/2025\/09\/Capture.jpg\",\"contentUrl\":\"https:\/\/www.swissraft.ch\/wp-content\/uploads\/2025\/09\/Capture.jpg\",\"width\":293,\"height\":108,\"caption\":\"Swissraft\"},\"image\":{\"@id\":\"https:\/\/www.swissraft.ch\/it\/#\/schema\/logo\/image\/\"}}]}<\/script>\n<!-- \/ Yoast SEO plugin. -->","yoast_head_json":{"title":"Paracadutismo a locarno da un aereo a 4000 metri di altezza","description":"Paracadutismo a locarno da un aereo a 4000m di altezza. Un lancio in tandem con una splendida vista sul Lago Maggiore e sul Ticino in generale","robots":{"index":"index","follow":"follow","max-snippet":"max-snippet:-1","max-image-preview":"max-image-preview:large","max-video-preview":"max-video-preview:-1"},"canonical":"https:\/\/www.swissraft.ch\/it\/prodotto\/paracadutismo-locarno-salto-tandem-aereo\/","og_locale":"it_IT","og_type":"article","og_title":"Paracadutismo a locarno da un aereo a 4000 metri di altezza","og_description":"Paracadutismo a locarno da un aereo a 4000m di altezza. Un lancio in tandem con una splendida vista sul Lago Maggiore e sul Ticino in generale","og_url":"https:\/\/www.swissraft.ch\/it\/prodotto\/paracadutismo-locarno-salto-tandem-aereo\/","og_site_name":"Swissraft","article_modified_time":"2026-04-04T04:34:53+00:00","og_image":[{"width":776,"height":776,"url":"https:\/\/www.swissraft.ch\/wp-content\/uploads\/2023\/11\/1-Locarno-saut-en-tandem-en-parachute-776x776-1.jpg","type":"image\/jpeg"}],"twitter_card":"summary_large_image","twitter_misc":{"Tempo di lettura stimato":"1 minuto"},"schema":{"@context":"https:\/\/schema.org","@graph":[{"@type":"WebPage","@id":"https:\/\/www.swissraft.ch\/it\/prodotto\/paracadutismo-locarno-salto-tandem-aereo\/","url":"https:\/\/www.swissraft.ch\/it\/prodotto\/paracadutismo-locarno-salto-tandem-aereo\/","name":"Paracadutismo a locarno da un aereo a 4000 metri di altezza","isPartOf":{"@id":"https:\/\/www.swissraft.ch\/it\/#website"},"primaryImageOfPage":{"@id":"https:\/\/www.swissraft.ch\/it\/prodotto\/paracadutismo-locarno-salto-tandem-aereo\/#primaryimage"},"image":{"@id":"https:\/\/www.swissraft.ch\/it\/prodotto\/paracadutismo-locarno-salto-tandem-aereo\/#primaryimage"},"thumbnailUrl":"https:\/\/www.swissraft.ch\/wp-content\/uploads\/2023\/11\/1-Locarno-saut-en-tandem-en-parachute-776x776-1.jpg","datePublished":"2023-11-05T15:14:25+00:00","dateModified":"2026-04-04T04:34:53+00:00","description":"Paracadutismo a locarno da un aereo a 4000m di altezza. Un lancio in tandem con una splendida vista sul Lago Maggiore e sul Ticino in generale","breadcrumb":{"@id":"https:\/\/www.swissraft.ch\/it\/prodotto\/paracadutismo-locarno-salto-tandem-aereo\/#breadcrumb"},"inLanguage":"it-IT","potentialAction":[{"@type":"ReadAction","target":["https:\/\/www.swissraft.ch\/it\/prodotto\/paracadutismo-locarno-salto-tandem-aereo\/"]}]},{"@type":"ImageObject","inLanguage":"it-IT","@id":"https:\/\/www.swissraft.ch\/it\/prodotto\/paracadutismo-locarno-salto-tandem-aereo\/#primaryimage","url":"https:\/\/www.swissraft.ch\/wp-content\/uploads\/2023\/11\/1-Locarno-saut-en-tandem-en-parachute-776x776-1.jpg","contentUrl":"https:\/\/www.swissraft.ch\/wp-content\/uploads\/2023\/11\/1-Locarno-saut-en-tandem-en-parachute-776x776-1.jpg","width":776,"height":776,"caption":"Lancio in tandem con il paracadute a Locarno"},{"@type":"BreadcrumbList","@id":"https:\/\/www.swissraft.ch\/it\/prodotto\/paracadutismo-locarno-salto-tandem-aereo\/#breadcrumb","itemListElement":[{"@type":"ListItem","position":1,"name":"Accueil","item":"https:\/\/www.swissraft.ch\/it\/"},{"@type":"ListItem","position":2,"name":"Negozio","item":"https:\/\/www.swissraft.ch\/it\/negozio\/"},{"@type":"ListItem","position":3,"name":"Paracadutismo a Locarno &#8211; Salto tandem da un aereo &#8211; Da CHF 445.00"}]},{"@type":"WebSite","@id":"https:\/\/www.swissraft.ch\/it\/#website","url":"https:\/\/www.swissraft.ch\/it\/","name":"Swissraft","description":"To enjoy nature as it is","publisher":{"@id":"https:\/\/www.swissraft.ch\/it\/#organization"},"potentialAction":[{"@type":"SearchAction","target":{"@type":"EntryPoint","urlTemplate":"https:\/\/www.swissraft.ch\/it\/?s={search_term_string}"},"query-input":{"@type":"PropertyValueSpecification","valueRequired":true,"valueName":"search_term_string"}}],"inLanguage":"it-IT"},{"@type":"Organization","@id":"https:\/\/www.swissraft.ch\/it\/#organization","name":"Swissraft","url":"https:\/\/www.swissraft.ch\/it\/","logo":{"@type":"ImageObject","inLanguage":"it-IT","@id":"https:\/\/www.swissraft.ch\/it\/#\/schema\/logo\/image\/","url":"https:\/\/www.swissraft.ch\/wp-content\/uploads\/2025\/09\/Capture.jpg","contentUrl":"https:\/\/www.swissraft.ch\/wp-content\/uploads\/2025\/09\/Capture.jpg","width":293,"height":108,"caption":"Swissraft"},"image":{"@id":"https:\/\/www.swissraft.ch\/it\/#\/schema\/logo\/image\/"}}]}},"_links":{"self":[{"href":"https:\/\/www.swissraft.ch\/it\/wp-json\/wp\/v2\/product\/92291","targetHints":{"allow":["GET"]}}],"collection":[{"href":"https:\/\/www.swissraft.ch\/it\/wp-json\/wp\/v2\/product"}],"about":[{"href":"https:\/\/www.swissraft.ch\/it\/wp-json\/wp\/v2\/types\/product"}],"replies":[{"embeddable":true,"href":"https:\/\/www.swissraft.ch\/it\/wp-json\/wp\/v2\/comments?post=92291"}],"version-history":[{"count":16,"href":"https:\/\/www.swissraft.ch\/it\/wp-json\/wp\/v2\/product\/92291\/revisions"}],"predecessor-version":[{"id":137022,"href":"https:\/\/www.swissraft.ch\/it\/wp-json\/wp\/v2\/product\/92291\/revisions\/137022"}],"wp:featuredmedia":[{"embeddable":true,"href":"https:\/\/www.swissraft.ch\/it\/wp-json\/wp\/v2\/media\/89870"}],"wp:attachment":[{"href":"https:\/\/www.swissraft.ch\/it\/wp-json\/wp\/v2\/media?parent=92291"}],"wp:term":[{"taxonomy":"product_cat","embeddable":true,"href":"https:\/\/www.swissraft.ch\/it\/wp-json\/wp\/v2\/product_cat?post=92291"},{"taxonomy":"product_tag","embeddable":true,"href":"https:\/\/www.swissraft.ch\/it\/wp-json\/wp\/v2\/product_tag?post=92291"}],"curies":[{"name":"wp","href":"https:\/\/api.w.org\/{rel}","templated":true}]}}