{"id":92255,"date":"2023-10-25T01:46:12","date_gmt":"2023-10-24T23:46:12","guid":{"rendered":"https:\/\/swissraft.xyanzkdne.eu\/product\/volo-in-elicottero-da-berne-belp-grande-volo-sulle-alpi-60-min-chf-505-00\/"},"modified":"2025-09-29T23:54:47","modified_gmt":"2025-09-29T21:54:47","slug":"volo-elicottero-berna-belp-grande-volo-alpi","status":"publish","type":"product","link":"https:\/\/www.swissraft.ch\/it\/prodotto\/volo-elicottero-berna-belp-grande-volo-alpi\/","title":{"rendered":"Volo in elicottero da BERNA-BELP &#8211; GRANDE VOLO SULLE ALPI &#8211; 60 min. &#8211; CHF 540.00"},"content":{"rendered":"\t\t<div data-elementor-type=\"wp-post\" data-elementor-id=\"92255\" class=\"elementor elementor-92255 elementor-48468\">\n\t\t\t\t\t\t\t\t\t<section class=\"elementor-section elementor-top-section elementor-element elementor-element-3303a7e3 elementor-section-boxed elementor-section-height-default elementor-section-height-default\" data-id=\"3303a7e3\" data-element_type=\"section\">\n\t\t\t\t\t\t<div class=\"elementor-container elementor-column-gap-default\">\n\t\t\t\t\t<div class=\"elementor-column elementor-col-100 elementor-top-column elementor-element elementor-element-16d72dbf\" data-id=\"16d72dbf\" data-element_type=\"column\">\n\t\t\t<div class=\"elementor-widget-wrap elementor-element-populated\">\n\t\t\t\t\t\t\t\t<div class=\"elementor-element elementor-element-d743c03 elementor-widget elementor-widget-text-editor\" data-id=\"d743c03\" data-element_type=\"widget\" data-widget_type=\"text-editor.default\">\n\t\t\t\t<div class=\"elementor-widget-container\">\n\t\t\t\t\t\t\t<h2>SCEGLI LA TUA ATTIVIT\u00c0 QUI SOTTO PER OFFRIRE BUONI REGALO\/BIGLIETTI O EFFETTUARE UNA PRENOTAZIONE<\/h2>\n<table style=\"height: 290px;\" border=\"0\" width=\"580\" cellspacing=\"10\" cellpadding=\"10\">\n<tbody>\n<tr>\n<td width=\"50%\"><strong>GRANDE VOLO SULLE ALPI &#8211; 60 min.<\/strong><\/td>\n<td><strong>CHF 540.00 a persona<\/strong><\/td>\n<\/tr>\n<tr>\n<td>Informazioni aggiuntive<\/td>\n<td>&#8211; Sarai con altri passeggeri &#8211; Massimo 4 pers.<\/td>\n<\/tr>\n<tr>\n<td>Aeroporto<\/td>\n<td><a href=\"https:\/\/www.google.ch\/maps\/place\/Muristrasse+114,+3123+Belp\/@46.9054073,7.4971459,192m\/data=!3m1!1e3!4m6!3m5!1s0x478e37cc7fe34b07:0xd2876f33b4e5b28c!8m2!3d46.905372!4d7.4984699!16s%2Fg%2F11c279q9ks?hl=fr&amp;entry=ttu\" target=\"_blank\" rel=\"noopener\">Berna-Belp<\/a><\/td>\n<\/tr>\n<tr>\n<td>Tempo di volo<\/td>\n<td>60 min.<\/td>\n<\/tr>\n<tr>\n<td>Durata totale<\/td>\n<td>circa 1h45<\/td>\n<\/tr>\n<tr>\n<td>Appuntamento<\/td>\n<td>Per telefono<\/td>\n<\/tr>\n<tr>\n<td><button class=\"elementor-button\" type=\"button\"><a href=\"https:\/\/swissraft.outdoorbooking.ch\/fo\/products\/1822?base_id=9&amp;category_id=6&amp;order_type=gift_voucher&amp;lang=it\" target=\"_blank\" rel=\"noopener\">ACQUISTO BUONO REGALO \/ BIGLIETTO<\/a><\/button><\/td>\n<td><strong><em>IMPORTANTE!<\/em><\/strong><br \/>Chiami il numero in alto a sinistra sul buono\/biglietto per prenotare.<\/td>\n<\/tr>\n<\/tbody>\n<\/table>\n\t\t\t\t\t\t<\/div>\n\t\t\t\t<\/div>\n\t\t\t\t\t<\/div>\n\t\t<\/div>\n\t\t\t\t\t\t\t<\/div>\n\t\t<\/section>\n\t\t\t\t\t\t\t<\/div>\n\t\t","protected":false},"excerpt":{"rendered":"<div align=\"justify\">\n<h2 align=\"justify\">Durante questo volo di 60 minuti, sorvolerai le Alpi Bernesi<\/h2>\n<h3>Questo volo dall&#8217;aeroporto di Berna-Belp prevede un atterraggio intermedio sul ghiacciaio di Petersgrat.<\/h3>\n<\/div>\n<div align=\"justify\">\n<p>Partendo da Berna-Belp, ti dirigerai verso l&#8217;Oberland Bernese. Sorvola la citt\u00e0 di Thun e il suo lago. Prosegui poi il volo verso la parete nord dell&#8217;Eiger. Il volo sul ghiacciaio dell&#8217;Aletsch \u00e8 mozzafiato. Atterrerai sul ghiacciaio Petersgrat ad un&#8217;altitudine di 3000m. Dopo una pausa di qualche minuto, continuerai il tuo volo attraverso la valle del Gastern fino a Kandersteg. Il tour in elicottero si conclude con una sosta ad Adelboden e Lenk prima di tornare a Berna-Belp.<\/p>\n<h3>Su questo sito troverai sicuramente il tour che fa per te. Chiamaci se hai bisogno di ulteriori consigli o informazioni <\/h3>\n<p id=\"textarea\" style=\"display: none;\">Abbiamo voli per il Vallese dagli eliporti di Gampel e Collombey e dall&#8217;aeroporto di Sion. Offriamo anche voli dall&#8217;eliporto di Interlaken-Gsteigwiler nell&#8217;Oberland Bernese. Inoltre, offriamo anche tour dall&#8217;eliporto di Gstaad-Grund e dall&#8217;aerodromo di Saanen nella regione del Saanenland. Operiamo anche voli per l&#8217;Oberland Bernese dagli eliporti di Lauterbrunnen, Lenk-Simmental e Schattenhalb-Meiringen. Decolliamo anche dall&#8217;aeroporto internazionale di Zurigo-Kloten per i tour in elicottero. Allo stesso tempo, voliamo in Argovia da Buttwil e nel cantone di Soletta da Grenchen. Offriamo anche voli dall&#8217;eliporto di Pfaffnau, nel cantone di Lucerna. Ci sono anche voli da Erstfeld nel Canton Uri e da K\u00fcssnacht nel Canton Svitto. Da un lato, decolliamo dall&#8217;aerodromo di \u00c9pagny en Gruy\u00e8re, nel cantone di Friburgo. Decolliamo anche dagli aeroporti di Locarno-Magadino e Lodrino in Ticino. Offriamo anche voli dagli eliporti di Flims, Tavanasa e Untervaz nei Grigioni. Anche in Engadina offriamo tour dall&#8217;aerodromo di Samedan. Inoltre, in Liechtenstein decolliamo dall&#8217;eliporto di Balzers e in Turgovia dall&#8217;aerodromo di Sitterdorf.\n<\/p>\n<p><a id=\"seeMore\" onclick=\"toggleSeeMore()\" href=\"javascript:void(0);\">Leggi tutto<\/a><\/p>\n","protected":false},"featured_media":87377,"comment_status":"open","ping_status":"closed","template":"","meta":{"inline_featured_image":false,"_mi_skip_tracking":false},"product_cat":[392,460],"product_tag":[],"class_list":["post-92255","product","type-product","status-publish","has-post-thumbnail","hentry","product_cat-volo-in-elicottero","product_cat-volo-elicottero-berna-belp"],"yoast_head":"<!-- This site is optimized with the Yoast SEO plugin v23.6 - https:\/\/yoast.com\/wordpress\/plugins\/seo\/ -->\n<title>Volo in elicottero sulle Alpi da Berna-Belp<\/title>\n<meta name=\"description\" content=\"Volo in elicottero sulle Alpi da Berna-Belp per un volo di 60 minuti con atterraggio intermedio sul ghiacciaio Petersgrat\" \/>\n<meta name=\"robots\" content=\"index, follow, max-snippet:-1, max-image-preview:large, max-video-preview:-1\" \/>\n<link rel=\"canonical\" href=\"https:\/\/www.swissraft.ch\/it\/prodotto\/volo-elicottero-berna-belp-grande-volo-alpi\/\" \/>\n<meta property=\"og:locale\" content=\"it_IT\" \/>\n<meta property=\"og:type\" content=\"article\" \/>\n<meta property=\"og:title\" content=\"Volo in elicottero sulle Alpi da Berna-Belp\" \/>\n<meta property=\"og:description\" content=\"Volo in elicottero sulle Alpi da Berna-Belp per un volo di 60 minuti con atterraggio intermedio sul ghiacciaio Petersgrat\" \/>\n<meta property=\"og:url\" content=\"https:\/\/www.swissraft.ch\/it\/prodotto\/volo-elicottero-berna-belp-grande-volo-alpi\/\" \/>\n<meta property=\"og:site_name\" content=\"Swissraft\" \/>\n<meta property=\"article:modified_time\" content=\"2025-09-29T21:54:47+00:00\" \/>\n<meta property=\"og:image\" content=\"https:\/\/www.swissraft.ch\/wp-content\/uploads\/2023\/10\/15-BERN-BELP-Gletscherlandung-776x776-1.jpg\" \/>\n\t<meta property=\"og:image:width\" content=\"776\" \/>\n\t<meta property=\"og:image:height\" content=\"776\" \/>\n\t<meta property=\"og:image:type\" content=\"image\/jpeg\" \/>\n<meta name=\"twitter:card\" content=\"summary_large_image\" \/>\n<meta name=\"twitter:label1\" content=\"Tempo di lettura stimato\" \/>\n\t<meta name=\"twitter:data1\" content=\"1 minuto\" \/>\n<script type=\"application\/ld+json\" class=\"yoast-schema-graph\">{\"@context\":\"https:\/\/schema.org\",\"@graph\":[{\"@type\":\"WebPage\",\"@id\":\"https:\/\/www.swissraft.ch\/it\/prodotto\/volo-elicottero-berna-belp-grande-volo-alpi\/\",\"url\":\"https:\/\/www.swissraft.ch\/it\/prodotto\/volo-elicottero-berna-belp-grande-volo-alpi\/\",\"name\":\"Volo in elicottero sulle Alpi da Berna-Belp\",\"isPartOf\":{\"@id\":\"https:\/\/www.swissraft.ch\/it\/#website\"},\"primaryImageOfPage\":{\"@id\":\"https:\/\/www.swissraft.ch\/it\/prodotto\/volo-elicottero-berna-belp-grande-volo-alpi\/#primaryimage\"},\"image\":{\"@id\":\"https:\/\/www.swissraft.ch\/it\/prodotto\/volo-elicottero-berna-belp-grande-volo-alpi\/#primaryimage\"},\"thumbnailUrl\":\"https:\/\/www.swissraft.ch\/wp-content\/uploads\/2023\/10\/15-BERN-BELP-Gletscherlandung-776x776-1.jpg\",\"datePublished\":\"2023-10-24T23:46:12+00:00\",\"dateModified\":\"2025-09-29T21:54:47+00:00\",\"description\":\"Volo in elicottero sulle Alpi da Berna-Belp per un volo di 60 minuti con atterraggio intermedio sul ghiacciaio Petersgrat\",\"breadcrumb\":{\"@id\":\"https:\/\/www.swissraft.ch\/it\/prodotto\/volo-elicottero-berna-belp-grande-volo-alpi\/#breadcrumb\"},\"inLanguage\":\"it-IT\",\"potentialAction\":[{\"@type\":\"ReadAction\",\"target\":[\"https:\/\/www.swissraft.ch\/it\/prodotto\/volo-elicottero-berna-belp-grande-volo-alpi\/\"]}]},{\"@type\":\"ImageObject\",\"inLanguage\":\"it-IT\",\"@id\":\"https:\/\/www.swissraft.ch\/it\/prodotto\/volo-elicottero-berna-belp-grande-volo-alpi\/#primaryimage\",\"url\":\"https:\/\/www.swissraft.ch\/wp-content\/uploads\/2023\/10\/15-BERN-BELP-Gletscherlandung-776x776-1.jpg\",\"contentUrl\":\"https:\/\/www.swissraft.ch\/wp-content\/uploads\/2023\/10\/15-BERN-BELP-Gletscherlandung-776x776-1.jpg\",\"width\":776,\"height\":776,\"caption\":\"Da Berna-Belp per un fantastico volo sulle Alpi e un atterraggio su un ghiacciaio\"},{\"@type\":\"BreadcrumbList\",\"@id\":\"https:\/\/www.swissraft.ch\/it\/prodotto\/volo-elicottero-berna-belp-grande-volo-alpi\/#breadcrumb\",\"itemListElement\":[{\"@type\":\"ListItem\",\"position\":1,\"name\":\"Accueil\",\"item\":\"https:\/\/www.swissraft.ch\/it\/\"},{\"@type\":\"ListItem\",\"position\":2,\"name\":\"Negozio\",\"item\":\"https:\/\/www.swissraft.ch\/it\/negozio\/\"},{\"@type\":\"ListItem\",\"position\":3,\"name\":\"Volo in elicottero da BERNA-BELP &#8211; GRANDE VOLO SULLE ALPI &#8211; 60 min. &#8211; CHF 540.00\"}]},{\"@type\":\"WebSite\",\"@id\":\"https:\/\/www.swissraft.ch\/it\/#website\",\"url\":\"https:\/\/www.swissraft.ch\/it\/\",\"name\":\"Swissraft\",\"description\":\"To enjoy nature as it is\",\"publisher\":{\"@id\":\"https:\/\/www.swissraft.ch\/it\/#organization\"},\"potentialAction\":[{\"@type\":\"SearchAction\",\"target\":{\"@type\":\"EntryPoint\",\"urlTemplate\":\"https:\/\/www.swissraft.ch\/it\/?s={search_term_string}\"},\"query-input\":{\"@type\":\"PropertyValueSpecification\",\"valueRequired\":true,\"valueName\":\"search_term_string\"}}],\"inLanguage\":\"it-IT\"},{\"@type\":\"Organization\",\"@id\":\"https:\/\/www.swissraft.ch\/it\/#organization\",\"name\":\"Swissraft\",\"url\":\"https:\/\/www.swissraft.ch\/it\/\",\"logo\":{\"@type\":\"ImageObject\",\"inLanguage\":\"it-IT\",\"@id\":\"https:\/\/www.swissraft.ch\/it\/#\/schema\/logo\/image\/\",\"url\":\"https:\/\/www.swissraft.ch\/wp-content\/uploads\/2025\/09\/Capture.jpg\",\"contentUrl\":\"https:\/\/www.swissraft.ch\/wp-content\/uploads\/2025\/09\/Capture.jpg\",\"width\":293,\"height\":108,\"caption\":\"Swissraft\"},\"image\":{\"@id\":\"https:\/\/www.swissraft.ch\/it\/#\/schema\/logo\/image\/\"}}]}<\/script>\n<!-- \/ Yoast SEO plugin. -->","yoast_head_json":{"title":"Volo in elicottero sulle Alpi da Berna-Belp","description":"Volo in elicottero sulle Alpi da Berna-Belp per un volo di 60 minuti con atterraggio intermedio sul ghiacciaio Petersgrat","robots":{"index":"index","follow":"follow","max-snippet":"max-snippet:-1","max-image-preview":"max-image-preview:large","max-video-preview":"max-video-preview:-1"},"canonical":"https:\/\/www.swissraft.ch\/it\/prodotto\/volo-elicottero-berna-belp-grande-volo-alpi\/","og_locale":"it_IT","og_type":"article","og_title":"Volo in elicottero sulle Alpi da Berna-Belp","og_description":"Volo in elicottero sulle Alpi da Berna-Belp per un volo di 60 minuti con atterraggio intermedio sul ghiacciaio Petersgrat","og_url":"https:\/\/www.swissraft.ch\/it\/prodotto\/volo-elicottero-berna-belp-grande-volo-alpi\/","og_site_name":"Swissraft","article_modified_time":"2025-09-29T21:54:47+00:00","og_image":[{"width":776,"height":776,"url":"https:\/\/www.swissraft.ch\/wp-content\/uploads\/2023\/10\/15-BERN-BELP-Gletscherlandung-776x776-1.jpg","type":"image\/jpeg"}],"twitter_card":"summary_large_image","twitter_misc":{"Tempo di lettura stimato":"1 minuto"},"schema":{"@context":"https:\/\/schema.org","@graph":[{"@type":"WebPage","@id":"https:\/\/www.swissraft.ch\/it\/prodotto\/volo-elicottero-berna-belp-grande-volo-alpi\/","url":"https:\/\/www.swissraft.ch\/it\/prodotto\/volo-elicottero-berna-belp-grande-volo-alpi\/","name":"Volo in elicottero sulle Alpi da Berna-Belp","isPartOf":{"@id":"https:\/\/www.swissraft.ch\/it\/#website"},"primaryImageOfPage":{"@id":"https:\/\/www.swissraft.ch\/it\/prodotto\/volo-elicottero-berna-belp-grande-volo-alpi\/#primaryimage"},"image":{"@id":"https:\/\/www.swissraft.ch\/it\/prodotto\/volo-elicottero-berna-belp-grande-volo-alpi\/#primaryimage"},"thumbnailUrl":"https:\/\/www.swissraft.ch\/wp-content\/uploads\/2023\/10\/15-BERN-BELP-Gletscherlandung-776x776-1.jpg","datePublished":"2023-10-24T23:46:12+00:00","dateModified":"2025-09-29T21:54:47+00:00","description":"Volo in elicottero sulle Alpi da Berna-Belp per un volo di 60 minuti con atterraggio intermedio sul ghiacciaio Petersgrat","breadcrumb":{"@id":"https:\/\/www.swissraft.ch\/it\/prodotto\/volo-elicottero-berna-belp-grande-volo-alpi\/#breadcrumb"},"inLanguage":"it-IT","potentialAction":[{"@type":"ReadAction","target":["https:\/\/www.swissraft.ch\/it\/prodotto\/volo-elicottero-berna-belp-grande-volo-alpi\/"]}]},{"@type":"ImageObject","inLanguage":"it-IT","@id":"https:\/\/www.swissraft.ch\/it\/prodotto\/volo-elicottero-berna-belp-grande-volo-alpi\/#primaryimage","url":"https:\/\/www.swissraft.ch\/wp-content\/uploads\/2023\/10\/15-BERN-BELP-Gletscherlandung-776x776-1.jpg","contentUrl":"https:\/\/www.swissraft.ch\/wp-content\/uploads\/2023\/10\/15-BERN-BELP-Gletscherlandung-776x776-1.jpg","width":776,"height":776,"caption":"Da Berna-Belp per un fantastico volo sulle Alpi e un atterraggio su un ghiacciaio"},{"@type":"BreadcrumbList","@id":"https:\/\/www.swissraft.ch\/it\/prodotto\/volo-elicottero-berna-belp-grande-volo-alpi\/#breadcrumb","itemListElement":[{"@type":"ListItem","position":1,"name":"Accueil","item":"https:\/\/www.swissraft.ch\/it\/"},{"@type":"ListItem","position":2,"name":"Negozio","item":"https:\/\/www.swissraft.ch\/it\/negozio\/"},{"@type":"ListItem","position":3,"name":"Volo in elicottero da BERNA-BELP &#8211; GRANDE VOLO SULLE ALPI &#8211; 60 min. &#8211; CHF 540.00"}]},{"@type":"WebSite","@id":"https:\/\/www.swissraft.ch\/it\/#website","url":"https:\/\/www.swissraft.ch\/it\/","name":"Swissraft","description":"To enjoy nature as it is","publisher":{"@id":"https:\/\/www.swissraft.ch\/it\/#organization"},"potentialAction":[{"@type":"SearchAction","target":{"@type":"EntryPoint","urlTemplate":"https:\/\/www.swissraft.ch\/it\/?s={search_term_string}"},"query-input":{"@type":"PropertyValueSpecification","valueRequired":true,"valueName":"search_term_string"}}],"inLanguage":"it-IT"},{"@type":"Organization","@id":"https:\/\/www.swissraft.ch\/it\/#organization","name":"Swissraft","url":"https:\/\/www.swissraft.ch\/it\/","logo":{"@type":"ImageObject","inLanguage":"it-IT","@id":"https:\/\/www.swissraft.ch\/it\/#\/schema\/logo\/image\/","url":"https:\/\/www.swissraft.ch\/wp-content\/uploads\/2025\/09\/Capture.jpg","contentUrl":"https:\/\/www.swissraft.ch\/wp-content\/uploads\/2025\/09\/Capture.jpg","width":293,"height":108,"caption":"Swissraft"},"image":{"@id":"https:\/\/www.swissraft.ch\/it\/#\/schema\/logo\/image\/"}}]}},"_links":{"self":[{"href":"https:\/\/www.swissraft.ch\/it\/wp-json\/wp\/v2\/product\/92255","targetHints":{"allow":["GET"]}}],"collection":[{"href":"https:\/\/www.swissraft.ch\/it\/wp-json\/wp\/v2\/product"}],"about":[{"href":"https:\/\/www.swissraft.ch\/it\/wp-json\/wp\/v2\/types\/product"}],"replies":[{"embeddable":true,"href":"https:\/\/www.swissraft.ch\/it\/wp-json\/wp\/v2\/comments?post=92255"}],"version-history":[{"count":27,"href":"https:\/\/www.swissraft.ch\/it\/wp-json\/wp\/v2\/product\/92255\/revisions"}],"predecessor-version":[{"id":122280,"href":"https:\/\/www.swissraft.ch\/it\/wp-json\/wp\/v2\/product\/92255\/revisions\/122280"}],"wp:featuredmedia":[{"embeddable":true,"href":"https:\/\/www.swissraft.ch\/it\/wp-json\/wp\/v2\/media\/87377"}],"wp:attachment":[{"href":"https:\/\/www.swissraft.ch\/it\/wp-json\/wp\/v2\/media?parent=92255"}],"wp:term":[{"taxonomy":"product_cat","embeddable":true,"href":"https:\/\/www.swissraft.ch\/it\/wp-json\/wp\/v2\/product_cat?post=92255"},{"taxonomy":"product_tag","embeddable":true,"href":"https:\/\/www.swissraft.ch\/it\/wp-json\/wp\/v2\/product_tag?post=92255"}],"curies":[{"name":"wp","href":"https:\/\/api.w.org\/{rel}","templated":true}]}}