{"id":92247,"date":"2024-01-02T19:12:39","date_gmt":"2024-01-02T18:12:39","guid":{"rendered":"https:\/\/swissraft.xyanzkdne.eu\/product\/iniziazione-in-elicottero-da-speck-fehraltorf-robinson-r44-a-partire-da-chf-1220-00\/"},"modified":"2024-11-20T09:41:39","modified_gmt":"2024-11-20T08:41:39","slug":"iniziazione-in-elicottero-da-speck-fehraltorf-robinson-r44-a-partire-da-chf-1220-00","status":"publish","type":"product","link":"https:\/\/www.swissraft.ch\/it\/prodotto\/iniziazione-in-elicottero-da-speck-fehraltorf-robinson-r44-a-partire-da-chf-1220-00\/","title":{"rendered":"Iniziazione in elicottero da SPECK-FEHRALTORF &#8211; ROBINSON R44 &#8211; A partire da CHF 1&#8217;220.00"},"content":{"rendered":"\t\t<div data-elementor-type=\"wp-post\" data-elementor-id=\"92247\" class=\"elementor elementor-92247 elementor-55924\">\n\t\t\t\t\t\t\t\t\t<section class=\"elementor-section elementor-top-section elementor-element elementor-element-3303a7e3 elementor-section-boxed elementor-section-height-default elementor-section-height-default\" data-id=\"3303a7e3\" data-element_type=\"section\">\n\t\t\t\t\t\t<div class=\"elementor-container elementor-column-gap-default\">\n\t\t\t\t\t<div class=\"elementor-column elementor-col-100 elementor-top-column elementor-element elementor-element-16d72dbf\" data-id=\"16d72dbf\" data-element_type=\"column\">\n\t\t\t<div class=\"elementor-widget-wrap elementor-element-populated\">\n\t\t\t\t\t\t\t\t<div class=\"elementor-element elementor-element-d743c03 elementor-widget elementor-widget-text-editor\" data-id=\"d743c03\" data-element_type=\"widget\" data-widget_type=\"text-editor.default\">\n\t\t\t\t<div class=\"elementor-widget-container\">\n\t\t\t\t\t\t\t<h2>SCEGLI LA TUA ATTIVIT\u00c0 QUI SOTTO PER OFFRIRE BUONI REGALO\/BIGLIETTI O EFFETTUARE UNA PRENOTAZIONE<\/h2>\n<table border=\"0\" width=\"580\" cellspacing=\"10\" cellpadding=\"10\">\n<tbody>\n<tr>\n<td width=\"50%\"><strong>1) INIZIAZIONE CON UN ROBINSON R44 &#8211; 1 STUDENTE &#8211; Da 60 min.<\/strong><\/td>\n<td><strong>A partire da CHF 1&#8217;220.00 per volo<span class=\"productPrice\"><br \/><\/span><\/strong><\/td>\n<\/tr>\n<tr>\n<td>Informazioni aggiuntive<\/td>\n<td>\n<p>&#8211; Utilizzi l&#8217;elicottero esclusivamente per te &#8211; Decidi tu la data e l&#8217;ora di partenza &#8211; Massimo 1 persona.<\/td>\n<\/tr>\n<tr>\n<td>Campo d&#8217;aviazione<\/td>\n<td><a href=\"https:\/\/www.google.com\/maps\/place\/47%C2%B022'31.8%22N+8%C2%B045'44.7%22E\/@47.3755603,8.757891,764m\/data=!3m1!1e3!4m4!3m3!8m2!3d47.3755!4d8.7624167?entry=ttu\">Speck-Fehraltorf<\/a><\/td>\n<\/tr>\n<tr>\n<td>Scelta dei tempi di volo<\/td>\n<td>60 \/ 90 minuti.<\/td>\n<\/tr>\n<tr>\n<td>Durata totale<\/td>\n<td>da 1h45 a 2h15 circa, a seconda del numero di minuti.<\/td>\n<\/tr>\n<tr>\n<td>Appuntamento<\/td>\n<td>Per telefono<\/td>\n<\/tr>\n<tr>\n<td><button class=\"elementor-button\" type=\"button\"><a href=\"https:\/\/swissraft.outdoorbooking.ch\/fo\/products\/817?base_id=170&amp;category_id=4&amp;order_type=gift_voucher&amp;lang=it\" target=\"_blank\" rel=\"noopener\">BUONO REGALO<\/a><\/button><\/td>\n<td><strong>CHF 1&#8217;220.00 &#8211; 60 minuti di volo <\/strong><\/td>\n<\/tr>\n<tr>\n<td><button class=\"elementor-button\" type=\"button\"><a href=\"https:\/\/swissraft.outdoorbooking.ch\/fo\/products\/819?base_id=170&amp;category_id=4&amp;order_type=gift_voucher&amp;lang=it\" target=\"_blank\" rel=\"noopener\">BUONO REGALO<\/a><\/button><\/td>\n<td><strong>CHF 1&#8217;790.00 &#8211; volo di 90 minuti <\/strong><\/td>\n<\/tr>\n<tr>\n<td> <\/td>\n<td>Per effettuare una prenotazione <span class=\"patt\" style=\"font-family: inherit; font-size: inherit;\"><span class=\"plbl\"><span class=\"patt\"><a href=\"https:\/\/www.swissraft.ch\/it\/contattaci\/\">contattaci<\/a><\/span><\/span><\/span><\/td>\n<\/tr>\n<\/tbody>\n<\/table>\n<table border=\"0\" width=\"580\" cellspacing=\"10\" cellpadding=\"10\">\n<tbody>\n<tr>\n<td width=\"50%\"><strong>2) INIZIAZIONE CON UN ROBINSON R44 &#8211; 1 STUDENTE + 2 PERSONE. &#8211; Da 60 min. <\/strong><\/td>\n<td><strong>A partire da CHF 1.370,00 per volo<span class=\"productPrice\"><br \/><\/span><\/strong><\/td>\n<\/tr>\n<tr>\n<td>Informazioni aggiuntive<\/td>\n<td>\n<p>&#8211; Utilizzi l&#8217;elicottero esclusivamente per te &#8211; Scegli la data e l&#8217;ora di partenza &#8211; Massimo 3 persone.<\/td>\n<\/tr>\n<tr>\n<td>Campo d&#8217;aviazione<\/td>\n<td><a href=\"https:\/\/www.google.com\/maps\/place\/47%C2%B022'31.8%22N+8%C2%B045'44.7%22E\/@47.3755603,8.757891,764m\/data=!3m1!1e3!4m4!3m3!8m2!3d47.3755!4d8.7624167?entry=ttu\">Speck-Fehraltorf<\/a><\/td>\n<\/tr>\n<tr>\n<td>Scelta dei tempi di volo<\/td>\n<td>60 \/ 90 minuti.<\/td>\n<\/tr>\n<tr>\n<td>Durata totale<\/td>\n<td>da 1h45 a 2h15 circa, a seconda del numero di minuti.<\/td>\n<\/tr>\n<tr>\n<td>Appuntamento<\/td>\n<td>Per telefono<\/td>\n<\/tr>\n<tr>\n<td><button class=\"elementor-button\" type=\"button\"><a href=\"https:\/\/swissraft.outdoorbooking.ch\/fo\/products\/816?base_id=174&amp;category_id=4&amp;order_type=gift_voucher&amp;lang=it\" target=\"_blank\" rel=\"noopener\">BUONO REGALO<\/a><\/button><\/td>\n<td><strong>CHF 1&#8217;370.00 &#8211; 60 minuti di volo <\/strong><\/td>\n<\/tr>\n<tr>\n<td><button class=\"elementor-button\" type=\"button\"><a href=\"https:\/\/swissraft.outdoorbooking.ch\/fo\/products\/820?base_id=170&amp;category_id=4&amp;order_type=gift_voucher&amp;lang=it\" target=\"_blank\" rel=\"noopener\">BUONO REGALO<\/a><\/button><\/td>\n<td><strong>CHF 1&#8217;940.00 &#8211; volo di 90 minuti <\/strong><\/td>\n<\/tr>\n<tr>\n<td> <\/td>\n<td>Per effettuare una prenotazione <span class=\"patt\" style=\"font-family: inherit; font-size: inherit;\"><span class=\"plbl\"><span class=\"patt\"><a href=\"https:\/\/www.swissraft.ch\/it\/contattaci\/\">contattaci<\/a><\/span><\/span><\/span><\/td>\n<\/tr>\n<\/tbody>\n<\/table>\n\t\t\t\t\t\t<\/div>\n\t\t\t\t<\/div>\n\t\t\t\t\t<\/div>\n\t\t<\/div>\n\t\t\t\t\t\t\t<\/div>\n\t\t<\/section>\n\t\t\t\t\t\t\t<\/div>\n\t\t","protected":false},"excerpt":{"rendered":"<div align=\"justify\">\n<h2 align=\"justify\">Da Speck-Fehraltdorf hai scelto di volare con un elicottero per un&#8217;introduzione al ROBINSON R44.<\/h2>\n<h3>Il ROBINSON R44 \u00e8 un elicottero con 3 posti passeggeri. \u00c8 uno degli elicotteri pi\u00f9 venduti, soprattutto negli Stati Uniti. <\/h3>\n<\/div>\n<div align=\"justify\">\n<p>Non vedi l&#8217;ora di salire a bordo dell&#8217;elicottero. Il tuo istruttore ti indicher\u00e0 il posto di destra, che in genere \u00e8 il posto del pilota negli elicotteri. Spiega il quadro strumenti in modo che tu possa familiarizzare con i diversi quadranti. Poi il controllore della torre ti d\u00e0 l&#8217;autorizzazione al decollo. Attiva delicatamente il lancio generale verso l&#8217;alto alla tua sinistra per decollare. Il rotore aumenta di velocit\u00e0 fino a raggiungere i 395 giri al minuto. Il tuo volo inizia con un volo in sospensione. Segui attentamente i consigli del tuo istruttore, che \u00e8 al tuo fianco. Pu\u00f2 essere utilizzato in qualsiasi momento per ordini doppi.<\/p>\n<h3>Al campo di volo di Speck-Fehraltorf puoi scegliere tra un Robinson R44 e un Robinson RH22.<\/h3>\n<p id=\"textarea\" style=\"display: none;\">\nOffriamo voli introduttivi in elicottero dall&#8217;aeroporto di Berna-Belp. Offriamo anche voli introduttivi in elicottero da \u00c9pagny en Gruy\u00e8re. Offriamo anche voli introduttivi in elicottero da Buttwil in Argovia e da Grenchen nel cantone di Soletta. Offriamo anche voli introduttivi in elicottero dall&#8217;eliporto di Pfaffnau, vicino a Lucerna. In Liechtenstein, offriamo voli introduttivi in elicottero da Balzers. Offriamo anche voli introduttivi in elicottero da Sitterdorf, nella Svizzera orientale. Offriamo anche voli introduttivi in elicottero da Samedan, St. Moritz e Untervaz nei Grigioni. Anche in Ticino offriamo voli introduttivi in elicottero da Lodrino e Locarno.\n<\/p>\n<p><a id=\"seeMore\" onclick=\"toggleSeeMore()\" href=\"javascript:void(0);\">Leggi tutto<\/a><\/p>\n","protected":false},"featured_media":89225,"comment_status":"open","ping_status":"closed","template":"","meta":{"inline_featured_image":false,"_mi_skip_tracking":false},"product_cat":[458,386,406],"product_tag":[],"class_list":["post-92247","product","type-product","status-publish","has-post-thumbnail","hentry","product_cat-iniziazione-dellelicottero-speck-fehraltorf","product_cat-pilotare-se-stessi","product_cat-pilotare-un-elicottero"],"yoast_head":"<!-- This site is optimized with the Yoast SEO plugin v23.6 - https:\/\/yoast.com\/wordpress\/plugins\/seo\/ -->\n<title>Iniziazione con un Robinson R44 all&#039;aeroporto di Speck-Fehraltorf<\/title>\n<meta name=\"description\" content=\"Iniziazione con un Robinson R44 a Speck-Fehraltorf. Prendi il controllo del tuo elicottero Robinson R44 con la supervisione del tuo istruttore.\" \/>\n<meta name=\"robots\" content=\"index, follow, max-snippet:-1, max-image-preview:large, max-video-preview:-1\" \/>\n<link rel=\"canonical\" href=\"https:\/\/www.swissraft.ch\/it\/prodotto\/iniziazione-in-elicottero-da-speck-fehraltorf-robinson-r44-a-partire-da-chf-1220-00\/\" \/>\n<meta property=\"og:locale\" content=\"it_IT\" \/>\n<meta property=\"og:type\" content=\"article\" \/>\n<meta property=\"og:title\" content=\"Iniziazione con un Robinson R44 all&#039;aeroporto di Speck-Fehraltorf\" \/>\n<meta property=\"og:description\" content=\"Iniziazione con un Robinson R44 a Speck-Fehraltorf. Prendi il controllo del tuo elicottero Robinson R44 con la supervisione del tuo istruttore.\" \/>\n<meta property=\"og:url\" content=\"https:\/\/www.swissraft.ch\/it\/prodotto\/iniziazione-in-elicottero-da-speck-fehraltorf-robinson-r44-a-partire-da-chf-1220-00\/\" \/>\n<meta property=\"og:site_name\" content=\"Swissraft\" \/>\n<meta property=\"article:modified_time\" content=\"2024-11-20T08:41:39+00:00\" \/>\n<meta property=\"og:image\" content=\"https:\/\/www.swissraft.ch\/wp-content\/uploads\/2024\/01\/2-ROBINSON-R44-776x776-1.jpg\" \/>\n\t<meta property=\"og:image:width\" content=\"776\" \/>\n\t<meta property=\"og:image:height\" content=\"776\" \/>\n\t<meta property=\"og:image:type\" content=\"image\/jpeg\" \/>\n<meta name=\"twitter:card\" content=\"summary_large_image\" \/>\n<meta name=\"twitter:label1\" content=\"Tempo di lettura stimato\" \/>\n\t<meta name=\"twitter:data1\" content=\"1 minuto\" \/>\n<script type=\"application\/ld+json\" class=\"yoast-schema-graph\">{\"@context\":\"https:\/\/schema.org\",\"@graph\":[{\"@type\":\"WebPage\",\"@id\":\"https:\/\/www.swissraft.ch\/it\/prodotto\/iniziazione-in-elicottero-da-speck-fehraltorf-robinson-r44-a-partire-da-chf-1220-00\/\",\"url\":\"https:\/\/www.swissraft.ch\/it\/prodotto\/iniziazione-in-elicottero-da-speck-fehraltorf-robinson-r44-a-partire-da-chf-1220-00\/\",\"name\":\"Iniziazione con un Robinson R44 all'aeroporto di Speck-Fehraltorf\",\"isPartOf\":{\"@id\":\"https:\/\/www.swissraft.ch\/it\/#website\"},\"primaryImageOfPage\":{\"@id\":\"https:\/\/www.swissraft.ch\/it\/prodotto\/iniziazione-in-elicottero-da-speck-fehraltorf-robinson-r44-a-partire-da-chf-1220-00\/#primaryimage\"},\"image\":{\"@id\":\"https:\/\/www.swissraft.ch\/it\/prodotto\/iniziazione-in-elicottero-da-speck-fehraltorf-robinson-r44-a-partire-da-chf-1220-00\/#primaryimage\"},\"thumbnailUrl\":\"https:\/\/www.swissraft.ch\/wp-content\/uploads\/2024\/01\/2-ROBINSON-R44-776x776-1.jpg\",\"datePublished\":\"2024-01-02T18:12:39+00:00\",\"dateModified\":\"2024-11-20T08:41:39+00:00\",\"description\":\"Iniziazione con un Robinson R44 a Speck-Fehraltorf. Prendi il controllo del tuo elicottero Robinson R44 con la supervisione del tuo istruttore.\",\"breadcrumb\":{\"@id\":\"https:\/\/www.swissraft.ch\/it\/prodotto\/iniziazione-in-elicottero-da-speck-fehraltorf-robinson-r44-a-partire-da-chf-1220-00\/#breadcrumb\"},\"inLanguage\":\"it-IT\",\"potentialAction\":[{\"@type\":\"ReadAction\",\"target\":[\"https:\/\/www.swissraft.ch\/it\/prodotto\/iniziazione-in-elicottero-da-speck-fehraltorf-robinson-r44-a-partire-da-chf-1220-00\/\"]}]},{\"@type\":\"ImageObject\",\"inLanguage\":\"it-IT\",\"@id\":\"https:\/\/www.swissraft.ch\/it\/prodotto\/iniziazione-in-elicottero-da-speck-fehraltorf-robinson-r44-a-partire-da-chf-1220-00\/#primaryimage\",\"url\":\"https:\/\/www.swissraft.ch\/wp-content\/uploads\/2024\/01\/2-ROBINSON-R44-776x776-1.jpg\",\"contentUrl\":\"https:\/\/www.swissraft.ch\/wp-content\/uploads\/2024\/01\/2-ROBINSON-R44-776x776-1.jpg\",\"width\":776,\"height\":776,\"caption\":\"Volo di iniziazione del Robinson R44 da Speck-Fehraltorf\"},{\"@type\":\"BreadcrumbList\",\"@id\":\"https:\/\/www.swissraft.ch\/it\/prodotto\/iniziazione-in-elicottero-da-speck-fehraltorf-robinson-r44-a-partire-da-chf-1220-00\/#breadcrumb\",\"itemListElement\":[{\"@type\":\"ListItem\",\"position\":1,\"name\":\"Accueil\",\"item\":\"https:\/\/www.swissraft.ch\/it\/\"},{\"@type\":\"ListItem\",\"position\":2,\"name\":\"Negozio\",\"item\":\"https:\/\/www.swissraft.ch\/it\/negozio\/\"},{\"@type\":\"ListItem\",\"position\":3,\"name\":\"Iniziazione in elicottero da SPECK-FEHRALTORF &#8211; ROBINSON R44 &#8211; A partire da CHF 1&rsquo;220.00\"}]},{\"@type\":\"WebSite\",\"@id\":\"https:\/\/www.swissraft.ch\/it\/#website\",\"url\":\"https:\/\/www.swissraft.ch\/it\/\",\"name\":\"Swissraft\",\"description\":\"To enjoy nature as it is\",\"publisher\":{\"@id\":\"https:\/\/www.swissraft.ch\/it\/#organization\"},\"potentialAction\":[{\"@type\":\"SearchAction\",\"target\":{\"@type\":\"EntryPoint\",\"urlTemplate\":\"https:\/\/www.swissraft.ch\/it\/?s={search_term_string}\"},\"query-input\":{\"@type\":\"PropertyValueSpecification\",\"valueRequired\":true,\"valueName\":\"search_term_string\"}}],\"inLanguage\":\"it-IT\"},{\"@type\":\"Organization\",\"@id\":\"https:\/\/www.swissraft.ch\/it\/#organization\",\"name\":\"Swissraft\",\"url\":\"https:\/\/www.swissraft.ch\/it\/\",\"logo\":{\"@type\":\"ImageObject\",\"inLanguage\":\"it-IT\",\"@id\":\"https:\/\/www.swissraft.ch\/it\/#\/schema\/logo\/image\/\",\"url\":\"https:\/\/www.swissraft.ch\/wp-content\/uploads\/2025\/09\/Capture.jpg\",\"contentUrl\":\"https:\/\/www.swissraft.ch\/wp-content\/uploads\/2025\/09\/Capture.jpg\",\"width\":293,\"height\":108,\"caption\":\"Swissraft\"},\"image\":{\"@id\":\"https:\/\/www.swissraft.ch\/it\/#\/schema\/logo\/image\/\"}}]}<\/script>\n<!-- \/ Yoast SEO plugin. -->","yoast_head_json":{"title":"Iniziazione con un Robinson R44 all'aeroporto di Speck-Fehraltorf","description":"Iniziazione con un Robinson R44 a Speck-Fehraltorf. Prendi il controllo del tuo elicottero Robinson R44 con la supervisione del tuo istruttore.","robots":{"index":"index","follow":"follow","max-snippet":"max-snippet:-1","max-image-preview":"max-image-preview:large","max-video-preview":"max-video-preview:-1"},"canonical":"https:\/\/www.swissraft.ch\/it\/prodotto\/iniziazione-in-elicottero-da-speck-fehraltorf-robinson-r44-a-partire-da-chf-1220-00\/","og_locale":"it_IT","og_type":"article","og_title":"Iniziazione con un Robinson R44 all'aeroporto di Speck-Fehraltorf","og_description":"Iniziazione con un Robinson R44 a Speck-Fehraltorf. Prendi il controllo del tuo elicottero Robinson R44 con la supervisione del tuo istruttore.","og_url":"https:\/\/www.swissraft.ch\/it\/prodotto\/iniziazione-in-elicottero-da-speck-fehraltorf-robinson-r44-a-partire-da-chf-1220-00\/","og_site_name":"Swissraft","article_modified_time":"2024-11-20T08:41:39+00:00","og_image":[{"width":776,"height":776,"url":"https:\/\/www.swissraft.ch\/wp-content\/uploads\/2024\/01\/2-ROBINSON-R44-776x776-1.jpg","type":"image\/jpeg"}],"twitter_card":"summary_large_image","twitter_misc":{"Tempo di lettura stimato":"1 minuto"},"schema":{"@context":"https:\/\/schema.org","@graph":[{"@type":"WebPage","@id":"https:\/\/www.swissraft.ch\/it\/prodotto\/iniziazione-in-elicottero-da-speck-fehraltorf-robinson-r44-a-partire-da-chf-1220-00\/","url":"https:\/\/www.swissraft.ch\/it\/prodotto\/iniziazione-in-elicottero-da-speck-fehraltorf-robinson-r44-a-partire-da-chf-1220-00\/","name":"Iniziazione con un Robinson R44 all'aeroporto di Speck-Fehraltorf","isPartOf":{"@id":"https:\/\/www.swissraft.ch\/it\/#website"},"primaryImageOfPage":{"@id":"https:\/\/www.swissraft.ch\/it\/prodotto\/iniziazione-in-elicottero-da-speck-fehraltorf-robinson-r44-a-partire-da-chf-1220-00\/#primaryimage"},"image":{"@id":"https:\/\/www.swissraft.ch\/it\/prodotto\/iniziazione-in-elicottero-da-speck-fehraltorf-robinson-r44-a-partire-da-chf-1220-00\/#primaryimage"},"thumbnailUrl":"https:\/\/www.swissraft.ch\/wp-content\/uploads\/2024\/01\/2-ROBINSON-R44-776x776-1.jpg","datePublished":"2024-01-02T18:12:39+00:00","dateModified":"2024-11-20T08:41:39+00:00","description":"Iniziazione con un Robinson R44 a Speck-Fehraltorf. Prendi il controllo del tuo elicottero Robinson R44 con la supervisione del tuo istruttore.","breadcrumb":{"@id":"https:\/\/www.swissraft.ch\/it\/prodotto\/iniziazione-in-elicottero-da-speck-fehraltorf-robinson-r44-a-partire-da-chf-1220-00\/#breadcrumb"},"inLanguage":"it-IT","potentialAction":[{"@type":"ReadAction","target":["https:\/\/www.swissraft.ch\/it\/prodotto\/iniziazione-in-elicottero-da-speck-fehraltorf-robinson-r44-a-partire-da-chf-1220-00\/"]}]},{"@type":"ImageObject","inLanguage":"it-IT","@id":"https:\/\/www.swissraft.ch\/it\/prodotto\/iniziazione-in-elicottero-da-speck-fehraltorf-robinson-r44-a-partire-da-chf-1220-00\/#primaryimage","url":"https:\/\/www.swissraft.ch\/wp-content\/uploads\/2024\/01\/2-ROBINSON-R44-776x776-1.jpg","contentUrl":"https:\/\/www.swissraft.ch\/wp-content\/uploads\/2024\/01\/2-ROBINSON-R44-776x776-1.jpg","width":776,"height":776,"caption":"Volo di iniziazione del Robinson R44 da Speck-Fehraltorf"},{"@type":"BreadcrumbList","@id":"https:\/\/www.swissraft.ch\/it\/prodotto\/iniziazione-in-elicottero-da-speck-fehraltorf-robinson-r44-a-partire-da-chf-1220-00\/#breadcrumb","itemListElement":[{"@type":"ListItem","position":1,"name":"Accueil","item":"https:\/\/www.swissraft.ch\/it\/"},{"@type":"ListItem","position":2,"name":"Negozio","item":"https:\/\/www.swissraft.ch\/it\/negozio\/"},{"@type":"ListItem","position":3,"name":"Iniziazione in elicottero da SPECK-FEHRALTORF &#8211; ROBINSON R44 &#8211; A partire da CHF 1&rsquo;220.00"}]},{"@type":"WebSite","@id":"https:\/\/www.swissraft.ch\/it\/#website","url":"https:\/\/www.swissraft.ch\/it\/","name":"Swissraft","description":"To enjoy nature as it is","publisher":{"@id":"https:\/\/www.swissraft.ch\/it\/#organization"},"potentialAction":[{"@type":"SearchAction","target":{"@type":"EntryPoint","urlTemplate":"https:\/\/www.swissraft.ch\/it\/?s={search_term_string}"},"query-input":{"@type":"PropertyValueSpecification","valueRequired":true,"valueName":"search_term_string"}}],"inLanguage":"it-IT"},{"@type":"Organization","@id":"https:\/\/www.swissraft.ch\/it\/#organization","name":"Swissraft","url":"https:\/\/www.swissraft.ch\/it\/","logo":{"@type":"ImageObject","inLanguage":"it-IT","@id":"https:\/\/www.swissraft.ch\/it\/#\/schema\/logo\/image\/","url":"https:\/\/www.swissraft.ch\/wp-content\/uploads\/2025\/09\/Capture.jpg","contentUrl":"https:\/\/www.swissraft.ch\/wp-content\/uploads\/2025\/09\/Capture.jpg","width":293,"height":108,"caption":"Swissraft"},"image":{"@id":"https:\/\/www.swissraft.ch\/it\/#\/schema\/logo\/image\/"}}]}},"_links":{"self":[{"href":"https:\/\/www.swissraft.ch\/it\/wp-json\/wp\/v2\/product\/92247","targetHints":{"allow":["GET"]}}],"collection":[{"href":"https:\/\/www.swissraft.ch\/it\/wp-json\/wp\/v2\/product"}],"about":[{"href":"https:\/\/www.swissraft.ch\/it\/wp-json\/wp\/v2\/types\/product"}],"replies":[{"embeddable":true,"href":"https:\/\/www.swissraft.ch\/it\/wp-json\/wp\/v2\/comments?post=92247"}],"version-history":[{"count":0,"href":"https:\/\/www.swissraft.ch\/it\/wp-json\/wp\/v2\/product\/92247\/revisions"}],"wp:featuredmedia":[{"embeddable":true,"href":"https:\/\/www.swissraft.ch\/it\/wp-json\/wp\/v2\/media\/89225"}],"wp:attachment":[{"href":"https:\/\/www.swissraft.ch\/it\/wp-json\/wp\/v2\/media?parent=92247"}],"wp:term":[{"taxonomy":"product_cat","embeddable":true,"href":"https:\/\/www.swissraft.ch\/it\/wp-json\/wp\/v2\/product_cat?post=92247"},{"taxonomy":"product_tag","embeddable":true,"href":"https:\/\/www.swissraft.ch\/it\/wp-json\/wp\/v2\/product_tag?post=92247"}],"curies":[{"name":"wp","href":"https:\/\/api.w.org\/{rel}","templated":true}]}}