{"id":92243,"date":"2024-01-01T21:55:29","date_gmt":"2024-01-01T20:55:29","guid":{"rendered":"https:\/\/swissraft.xyanzkdne.eu\/product\/volo-in-elicottero-da-speck-fehraltorf-robinson-r22-da-chf-820-00\/"},"modified":"2024-11-20T09:41:26","modified_gmt":"2024-11-20T08:41:26","slug":"volo-in-elicottero-da-speck-fehraltorf-robinson-r22-da-chf-820-00","status":"publish","type":"product","link":"https:\/\/www.swissraft.ch\/it\/prodotto\/volo-in-elicottero-da-speck-fehraltorf-robinson-r22-da-chf-820-00\/","title":{"rendered":"Volo in elicottero da SPECK-FEHRALTORF &#8211; ROBINSON R22 &#8211; Da CHF 820.00"},"content":{"rendered":"\t\t<div data-elementor-type=\"wp-post\" data-elementor-id=\"92243\" class=\"elementor elementor-92243 elementor-55898\">\n\t\t\t\t\t\t\t\t\t<section class=\"elementor-section elementor-top-section elementor-element elementor-element-3303a7e3 elementor-section-boxed elementor-section-height-default elementor-section-height-default\" data-id=\"3303a7e3\" data-element_type=\"section\">\n\t\t\t\t\t\t<div class=\"elementor-container elementor-column-gap-default\">\n\t\t\t\t\t<div class=\"elementor-column elementor-col-100 elementor-top-column elementor-element elementor-element-16d72dbf\" data-id=\"16d72dbf\" data-element_type=\"column\">\n\t\t\t<div class=\"elementor-widget-wrap elementor-element-populated\">\n\t\t\t\t\t\t\t\t<div class=\"elementor-element elementor-element-d743c03 elementor-widget elementor-widget-text-editor\" data-id=\"d743c03\" data-element_type=\"widget\" data-widget_type=\"text-editor.default\">\n\t\t\t\t<div class=\"elementor-widget-container\">\n\t\t\t\t\t\t\t<h2>SCEGLI LA TUA ATTIVIT\u00c0 QUI SOTTO PER OFFRIRE BUONI REGALO\/BIGLIETTI O EFFETTUARE UNA PRENOTAZIONE<\/h2>\n<table border=\"0\" width=\"580\" cellspacing=\"10\" cellpadding=\"10\">\n<tbody>\n<tr>\n<td width=\"50%\"><strong>INIZIAZIONE CON UN ROBINSON R22 &#8211; 1 ALUNNO &#8211; Da 60 minuti.<\/strong><\/td>\n<td><strong>A partire da CHF 820,00 per volo<span class=\"productPrice\"><br \/><\/span><\/strong><\/td>\n<\/tr>\n<tr>\n<td>Informazioni aggiuntive<\/td>\n<td>\n<p>&#8211; Utilizzi l&#8217;elicottero esclusivamente per te &#8211; Decidi tu la data e l&#8217;ora di partenza &#8211; Peso massimo: 95 kg &#8211; Massimo 1 persona.<\/td>\n<\/tr>\n<tr>\n<td>Campo d&#8217;aviazione<\/td>\n<td><a href=\"https:\/\/www.google.com\/maps\/place\/47%C2%B022'31.8%22N+8%C2%B045'44.7%22E\/@47.3755603,8.757891,764m\/data=!3m1!1e3!4m4!3m3!8m2!3d47.3755!4d8.7624167?entry=ttu\" target=\"_blank\" rel=\"noopener\">Speck-Fehraltorf<\/a><\/td>\n<\/tr>\n<tr>\n<td>Scelta dei tempi di volo<\/td>\n<td>60 \/ 90 minuti.<\/td>\n<\/tr>\n<tr>\n<td>Durata totale<\/td>\n<td>da 1h45 a 2h15 circa, a seconda del numero di minuti.<\/td>\n<\/tr>\n<tr>\n<td>Appuntamento<\/td>\n<td>Per telefono<\/td>\n<\/tr>\n<tr>\n<td><button class=\"elementor-button\" type=\"button\"><a href=\"https:\/\/swissraft.outdoorbooking.ch\/fo\/products\/808?base_id=170&amp;category_id=4&amp;order_type=gift_voucher&amp;lang=it\" target=\"_blank\" rel=\"noopener\">BUONO REGALO<\/a><\/button><\/td>\n<td><strong>CHF 820,00 &#8211; 60 minuti di volo <\/strong><\/td>\n<\/tr>\n<tr>\n<td><button class=\"elementor-button\" type=\"button\"><a href=\"https:\/\/swissraft.outdoorbooking.ch\/fo\/products\/809?base_id=170&amp;category_id=4&amp;order_type=gift_voucher&amp;lang=it\" target=\"_blank\" rel=\"noopener\">BUONO REGALO<\/a><\/button><\/td>\n<td><strong>CHF 1&#8217;170.00 &#8211; 90 minuti di volo <\/strong><\/td>\n<\/tr>\n<tr>\n<td> <\/td>\n<td>Per effettuare una prenotazione <span class=\"patt\" style=\"font-family: inherit; font-size: inherit;\"><span class=\"plbl\"><span class=\"patt\"><a href=\"https:\/\/www.swissraft.ch\/it\/contattaci\/\">contattaci<\/a><\/span><\/span><\/span><\/td>\n<\/tr>\n<\/tbody>\n<\/table>\n\t\t\t\t\t\t<\/div>\n\t\t\t\t<\/div>\n\t\t\t\t\t<\/div>\n\t\t<\/div>\n\t\t\t\t\t\t\t<\/div>\n\t\t<\/section>\n\t\t\t\t\t\t\t<\/div>\n\t\t","protected":false},"excerpt":{"rendered":"<div align=\"justify\">\n<h2 align=\"justify\">Dall&#8217;aerodromo di Speck-Fehraltorf, vorresti fare un&#8217;iniziazione con un ROBINSON R22<\/h2>\n<h3>L&#8217;elicottero ROBINSON R22 \u00e8 il pi\u00f9 piccolo della serie Robinson R e pu\u00f2 trasportare due persone. Grazie al suo motore a pistoni, \u00e8 estremamente affidabile. <\/h3>\n<\/div>\n<div align=\"justify\">\n<p>All&#8217;aeroporto di Speck-Fehraltorf sarai accolto dal nostro istruttore. Per prima cosa, ti fornisce una rapida introduzione al volo in elicottero.<br \/>\nPoi andrete insieme al vostro elicottero sulla pista. Effettuerai un&#8217;ispezione tecnica dell&#8217;aereo e controllerai alcune parti meccaniche. Poi sali a bordo e prendi il posto di destra come pilota. La torre di controllo ti d\u00e0 l&#8217;autorizzazione al decollo e il rotore raggiunge i 520 giri al minuto necessari per librarsi. Usa la mano sinistra per spostare il gradino generale verso l&#8217;alto per decollare. Poi spingi delicatamente lo stick in avanti per prendere velocit\u00e0 in orizzontale e avanzare.<\/p>\n<h3>All&#8217;aeroporto di Speck-Fehraltorf abbiamo due tipi di elicotteri Robinson tra cui scegliere. Chiamaci e saremo felici di consigliarti. <\/h3>\n<p id=\"textarea\" style=\"display: none;\">\nOffriamo voli introduttivi in elicottero dall&#8217;aeroporto di Berna-Belp. Offriamo anche voli introduttivi dall&#8217;aerodromo di \u00c9pagny en Gruy\u00e8re. Offriamo anche voli introduttivi in elicottero da Buttwil e Grenchen. Da un lato, offriamo voli introduttivi in elicottero dall&#8217;eliporto di Pfaffnau, nel cantone di Lucerna. Abbiamo anche voli introduttivi dall&#8217;eliporto di Balzers in Liechtenstein. Inoltre, nella Svizzera orientale offriamo corsi di formazione dall&#8217;aerodromo di Sitterdorf. Offriamo anche voli introduttivi in elicottero dall&#8217;aeroporto di Samedan e dall&#8217;eliporto di St. Moritz e Untervaz. Ci sono anche voli introduttivi in elicottero in Ticino da Locarno e Lodrino.\n<\/p>\n<p><a id=\"seeMore\" onclick=\"toggleSeeMore()\" href=\"javascript:void(0);\">Leggi tutto<\/a><\/p>\n","protected":false},"featured_media":89210,"comment_status":"open","ping_status":"closed","template":"","meta":{"inline_featured_image":false,"_mi_skip_tracking":false},"product_cat":[458,386,406],"product_tag":[],"class_list":["post-92243","product","type-product","status-publish","has-post-thumbnail","hentry","product_cat-iniziazione-dellelicottero-speck-fehraltorf","product_cat-pilotare-se-stessi","product_cat-pilotare-un-elicottero"],"yoast_head":"<!-- This site is optimized with the Yoast SEO plugin v23.6 - https:\/\/yoast.com\/wordpress\/plugins\/seo\/ -->\n<title>Iniziazione con un Robinson R22 al campo di volo di Speck-Fehraltorf<\/title>\n<meta name=\"description\" content=\"Iniziazione con un Robinson R22 a Speck-Fehraltorf. Prendi il controllo del tuo elicottero Robinson R22 con la supervisione del tuo istruttore.\" \/>\n<meta name=\"robots\" content=\"index, follow, max-snippet:-1, max-image-preview:large, max-video-preview:-1\" \/>\n<link rel=\"canonical\" href=\"https:\/\/www.swissraft.ch\/it\/prodotto\/volo-in-elicottero-da-speck-fehraltorf-robinson-r22-da-chf-820-00\/\" \/>\n<meta property=\"og:locale\" content=\"it_IT\" \/>\n<meta property=\"og:type\" content=\"article\" \/>\n<meta property=\"og:title\" content=\"Iniziazione con un Robinson R22 al campo di volo di Speck-Fehraltorf\" \/>\n<meta property=\"og:description\" content=\"Iniziazione con un Robinson R22 a Speck-Fehraltorf. Prendi il controllo del tuo elicottero Robinson R22 con la supervisione del tuo istruttore.\" \/>\n<meta property=\"og:url\" content=\"https:\/\/www.swissraft.ch\/it\/prodotto\/volo-in-elicottero-da-speck-fehraltorf-robinson-r22-da-chf-820-00\/\" \/>\n<meta property=\"og:site_name\" content=\"Swissraft\" \/>\n<meta property=\"article:modified_time\" content=\"2024-11-20T08:41:26+00:00\" \/>\n<meta property=\"og:image\" content=\"https:\/\/www.swissraft.ch\/wp-content\/uploads\/2024\/01\/1-Robinson-RH22-776x776-1.jpg\" \/>\n\t<meta property=\"og:image:width\" content=\"776\" \/>\n\t<meta property=\"og:image:height\" content=\"776\" \/>\n\t<meta property=\"og:image:type\" content=\"image\/jpeg\" \/>\n<meta name=\"twitter:card\" content=\"summary_large_image\" \/>\n<meta name=\"twitter:label1\" content=\"Tempo di lettura stimato\" \/>\n\t<meta name=\"twitter:data1\" content=\"1 minuto\" \/>\n<script type=\"application\/ld+json\" class=\"yoast-schema-graph\">{\"@context\":\"https:\/\/schema.org\",\"@graph\":[{\"@type\":\"WebPage\",\"@id\":\"https:\/\/www.swissraft.ch\/it\/prodotto\/volo-in-elicottero-da-speck-fehraltorf-robinson-r22-da-chf-820-00\/\",\"url\":\"https:\/\/www.swissraft.ch\/it\/prodotto\/volo-in-elicottero-da-speck-fehraltorf-robinson-r22-da-chf-820-00\/\",\"name\":\"Iniziazione con un Robinson R22 al campo di volo di Speck-Fehraltorf\",\"isPartOf\":{\"@id\":\"https:\/\/www.swissraft.ch\/it\/#website\"},\"primaryImageOfPage\":{\"@id\":\"https:\/\/www.swissraft.ch\/it\/prodotto\/volo-in-elicottero-da-speck-fehraltorf-robinson-r22-da-chf-820-00\/#primaryimage\"},\"image\":{\"@id\":\"https:\/\/www.swissraft.ch\/it\/prodotto\/volo-in-elicottero-da-speck-fehraltorf-robinson-r22-da-chf-820-00\/#primaryimage\"},\"thumbnailUrl\":\"https:\/\/www.swissraft.ch\/wp-content\/uploads\/2024\/01\/1-Robinson-RH22-776x776-1.jpg\",\"datePublished\":\"2024-01-01T20:55:29+00:00\",\"dateModified\":\"2024-11-20T08:41:26+00:00\",\"description\":\"Iniziazione con un Robinson R22 a Speck-Fehraltorf. Prendi il controllo del tuo elicottero Robinson R22 con la supervisione del tuo istruttore.\",\"breadcrumb\":{\"@id\":\"https:\/\/www.swissraft.ch\/it\/prodotto\/volo-in-elicottero-da-speck-fehraltorf-robinson-r22-da-chf-820-00\/#breadcrumb\"},\"inLanguage\":\"it-IT\",\"potentialAction\":[{\"@type\":\"ReadAction\",\"target\":[\"https:\/\/www.swissraft.ch\/it\/prodotto\/volo-in-elicottero-da-speck-fehraltorf-robinson-r22-da-chf-820-00\/\"]}]},{\"@type\":\"ImageObject\",\"inLanguage\":\"it-IT\",\"@id\":\"https:\/\/www.swissraft.ch\/it\/prodotto\/volo-in-elicottero-da-speck-fehraltorf-robinson-r22-da-chf-820-00\/#primaryimage\",\"url\":\"https:\/\/www.swissraft.ch\/wp-content\/uploads\/2024\/01\/1-Robinson-RH22-776x776-1.jpg\",\"contentUrl\":\"https:\/\/www.swissraft.ch\/wp-content\/uploads\/2024\/01\/1-Robinson-RH22-776x776-1.jpg\",\"width\":776,\"height\":776,\"caption\":\"Introduzione al volo di un Robinson R22 da Speck-Fehraltorf\"},{\"@type\":\"BreadcrumbList\",\"@id\":\"https:\/\/www.swissraft.ch\/it\/prodotto\/volo-in-elicottero-da-speck-fehraltorf-robinson-r22-da-chf-820-00\/#breadcrumb\",\"itemListElement\":[{\"@type\":\"ListItem\",\"position\":1,\"name\":\"Accueil\",\"item\":\"https:\/\/www.swissraft.ch\/it\/\"},{\"@type\":\"ListItem\",\"position\":2,\"name\":\"Negozio\",\"item\":\"https:\/\/www.swissraft.ch\/it\/negozio\/\"},{\"@type\":\"ListItem\",\"position\":3,\"name\":\"Volo in elicottero da SPECK-FEHRALTORF &#8211; ROBINSON R22 &#8211; Da CHF 820.00\"}]},{\"@type\":\"WebSite\",\"@id\":\"https:\/\/www.swissraft.ch\/it\/#website\",\"url\":\"https:\/\/www.swissraft.ch\/it\/\",\"name\":\"Swissraft\",\"description\":\"To enjoy nature as it is\",\"publisher\":{\"@id\":\"https:\/\/www.swissraft.ch\/it\/#organization\"},\"potentialAction\":[{\"@type\":\"SearchAction\",\"target\":{\"@type\":\"EntryPoint\",\"urlTemplate\":\"https:\/\/www.swissraft.ch\/it\/?s={search_term_string}\"},\"query-input\":{\"@type\":\"PropertyValueSpecification\",\"valueRequired\":true,\"valueName\":\"search_term_string\"}}],\"inLanguage\":\"it-IT\"},{\"@type\":\"Organization\",\"@id\":\"https:\/\/www.swissraft.ch\/it\/#organization\",\"name\":\"Swissraft\",\"url\":\"https:\/\/www.swissraft.ch\/it\/\",\"logo\":{\"@type\":\"ImageObject\",\"inLanguage\":\"it-IT\",\"@id\":\"https:\/\/www.swissraft.ch\/it\/#\/schema\/logo\/image\/\",\"url\":\"https:\/\/www.swissraft.ch\/wp-content\/uploads\/2025\/09\/Capture.jpg\",\"contentUrl\":\"https:\/\/www.swissraft.ch\/wp-content\/uploads\/2025\/09\/Capture.jpg\",\"width\":293,\"height\":108,\"caption\":\"Swissraft\"},\"image\":{\"@id\":\"https:\/\/www.swissraft.ch\/it\/#\/schema\/logo\/image\/\"}}]}<\/script>\n<!-- \/ Yoast SEO plugin. -->","yoast_head_json":{"title":"Iniziazione con un Robinson R22 al campo di volo di Speck-Fehraltorf","description":"Iniziazione con un Robinson R22 a Speck-Fehraltorf. Prendi il controllo del tuo elicottero Robinson R22 con la supervisione del tuo istruttore.","robots":{"index":"index","follow":"follow","max-snippet":"max-snippet:-1","max-image-preview":"max-image-preview:large","max-video-preview":"max-video-preview:-1"},"canonical":"https:\/\/www.swissraft.ch\/it\/prodotto\/volo-in-elicottero-da-speck-fehraltorf-robinson-r22-da-chf-820-00\/","og_locale":"it_IT","og_type":"article","og_title":"Iniziazione con un Robinson R22 al campo di volo di Speck-Fehraltorf","og_description":"Iniziazione con un Robinson R22 a Speck-Fehraltorf. Prendi il controllo del tuo elicottero Robinson R22 con la supervisione del tuo istruttore.","og_url":"https:\/\/www.swissraft.ch\/it\/prodotto\/volo-in-elicottero-da-speck-fehraltorf-robinson-r22-da-chf-820-00\/","og_site_name":"Swissraft","article_modified_time":"2024-11-20T08:41:26+00:00","og_image":[{"width":776,"height":776,"url":"https:\/\/www.swissraft.ch\/wp-content\/uploads\/2024\/01\/1-Robinson-RH22-776x776-1.jpg","type":"image\/jpeg"}],"twitter_card":"summary_large_image","twitter_misc":{"Tempo di lettura stimato":"1 minuto"},"schema":{"@context":"https:\/\/schema.org","@graph":[{"@type":"WebPage","@id":"https:\/\/www.swissraft.ch\/it\/prodotto\/volo-in-elicottero-da-speck-fehraltorf-robinson-r22-da-chf-820-00\/","url":"https:\/\/www.swissraft.ch\/it\/prodotto\/volo-in-elicottero-da-speck-fehraltorf-robinson-r22-da-chf-820-00\/","name":"Iniziazione con un Robinson R22 al campo di volo di Speck-Fehraltorf","isPartOf":{"@id":"https:\/\/www.swissraft.ch\/it\/#website"},"primaryImageOfPage":{"@id":"https:\/\/www.swissraft.ch\/it\/prodotto\/volo-in-elicottero-da-speck-fehraltorf-robinson-r22-da-chf-820-00\/#primaryimage"},"image":{"@id":"https:\/\/www.swissraft.ch\/it\/prodotto\/volo-in-elicottero-da-speck-fehraltorf-robinson-r22-da-chf-820-00\/#primaryimage"},"thumbnailUrl":"https:\/\/www.swissraft.ch\/wp-content\/uploads\/2024\/01\/1-Robinson-RH22-776x776-1.jpg","datePublished":"2024-01-01T20:55:29+00:00","dateModified":"2024-11-20T08:41:26+00:00","description":"Iniziazione con un Robinson R22 a Speck-Fehraltorf. Prendi il controllo del tuo elicottero Robinson R22 con la supervisione del tuo istruttore.","breadcrumb":{"@id":"https:\/\/www.swissraft.ch\/it\/prodotto\/volo-in-elicottero-da-speck-fehraltorf-robinson-r22-da-chf-820-00\/#breadcrumb"},"inLanguage":"it-IT","potentialAction":[{"@type":"ReadAction","target":["https:\/\/www.swissraft.ch\/it\/prodotto\/volo-in-elicottero-da-speck-fehraltorf-robinson-r22-da-chf-820-00\/"]}]},{"@type":"ImageObject","inLanguage":"it-IT","@id":"https:\/\/www.swissraft.ch\/it\/prodotto\/volo-in-elicottero-da-speck-fehraltorf-robinson-r22-da-chf-820-00\/#primaryimage","url":"https:\/\/www.swissraft.ch\/wp-content\/uploads\/2024\/01\/1-Robinson-RH22-776x776-1.jpg","contentUrl":"https:\/\/www.swissraft.ch\/wp-content\/uploads\/2024\/01\/1-Robinson-RH22-776x776-1.jpg","width":776,"height":776,"caption":"Introduzione al volo di un Robinson R22 da Speck-Fehraltorf"},{"@type":"BreadcrumbList","@id":"https:\/\/www.swissraft.ch\/it\/prodotto\/volo-in-elicottero-da-speck-fehraltorf-robinson-r22-da-chf-820-00\/#breadcrumb","itemListElement":[{"@type":"ListItem","position":1,"name":"Accueil","item":"https:\/\/www.swissraft.ch\/it\/"},{"@type":"ListItem","position":2,"name":"Negozio","item":"https:\/\/www.swissraft.ch\/it\/negozio\/"},{"@type":"ListItem","position":3,"name":"Volo in elicottero da SPECK-FEHRALTORF &#8211; ROBINSON R22 &#8211; Da CHF 820.00"}]},{"@type":"WebSite","@id":"https:\/\/www.swissraft.ch\/it\/#website","url":"https:\/\/www.swissraft.ch\/it\/","name":"Swissraft","description":"To enjoy nature as it is","publisher":{"@id":"https:\/\/www.swissraft.ch\/it\/#organization"},"potentialAction":[{"@type":"SearchAction","target":{"@type":"EntryPoint","urlTemplate":"https:\/\/www.swissraft.ch\/it\/?s={search_term_string}"},"query-input":{"@type":"PropertyValueSpecification","valueRequired":true,"valueName":"search_term_string"}}],"inLanguage":"it-IT"},{"@type":"Organization","@id":"https:\/\/www.swissraft.ch\/it\/#organization","name":"Swissraft","url":"https:\/\/www.swissraft.ch\/it\/","logo":{"@type":"ImageObject","inLanguage":"it-IT","@id":"https:\/\/www.swissraft.ch\/it\/#\/schema\/logo\/image\/","url":"https:\/\/www.swissraft.ch\/wp-content\/uploads\/2025\/09\/Capture.jpg","contentUrl":"https:\/\/www.swissraft.ch\/wp-content\/uploads\/2025\/09\/Capture.jpg","width":293,"height":108,"caption":"Swissraft"},"image":{"@id":"https:\/\/www.swissraft.ch\/it\/#\/schema\/logo\/image\/"}}]}},"_links":{"self":[{"href":"https:\/\/www.swissraft.ch\/it\/wp-json\/wp\/v2\/product\/92243","targetHints":{"allow":["GET"]}}],"collection":[{"href":"https:\/\/www.swissraft.ch\/it\/wp-json\/wp\/v2\/product"}],"about":[{"href":"https:\/\/www.swissraft.ch\/it\/wp-json\/wp\/v2\/types\/product"}],"replies":[{"embeddable":true,"href":"https:\/\/www.swissraft.ch\/it\/wp-json\/wp\/v2\/comments?post=92243"}],"version-history":[{"count":0,"href":"https:\/\/www.swissraft.ch\/it\/wp-json\/wp\/v2\/product\/92243\/revisions"}],"wp:featuredmedia":[{"embeddable":true,"href":"https:\/\/www.swissraft.ch\/it\/wp-json\/wp\/v2\/media\/89210"}],"wp:attachment":[{"href":"https:\/\/www.swissraft.ch\/it\/wp-json\/wp\/v2\/media?parent=92243"}],"wp:term":[{"taxonomy":"product_cat","embeddable":true,"href":"https:\/\/www.swissraft.ch\/it\/wp-json\/wp\/v2\/product_cat?post=92243"},{"taxonomy":"product_tag","embeddable":true,"href":"https:\/\/www.swissraft.ch\/it\/wp-json\/wp\/v2\/product_tag?post=92243"}],"curies":[{"name":"wp","href":"https:\/\/api.w.org\/{rel}","templated":true}]}}